{"id":994,"date":"2025-03-01T11:16:06","date_gmt":"2025-03-01T11:16:06","guid":{"rendered":"https:\/\/enviteka.lt\/?post_type=product&#038;p=994"},"modified":"2025-03-01T11:20:27","modified_gmt":"2025-03-01T11:20:27","slug":"standartiniai-cilindrai-dnc-serijos","status":"publish","type":"product","link":"https:\/\/enviteka.lt\/en\/product\/standartiniai-cilindrai-dnc-serijos\/","title":{"rendered":"Standartiniai cilindrai DNC serijos"},"content":{"rendered":"<p><strong>FESTO DNC<\/strong> serijos cilindrai \u2013 tai standartiniai pagal ISO 15552 pneumatiniai cilindrai, pasi\u017eymintys universalumu ir patikimumu. Jie tinkami \u012fvairiems pramon\u0117s sektoriams ir yra lengvai pritaikomi pagal poreikius.<\/p>\n<p><strong>Pagrindin\u0117s savyb\u0117s:<\/strong><br \/>\nSkersmenys: 32, 40, 50, 63, 80, 100, 125 mm<br \/>\nEigos ilgis: nuo 1 mm iki 2800 mm \u2013 tinka \u012fvairiems procesams.<br \/>\nJ\u0117ga: nuo 483 N iki 7363 N, priklausomai nuo cilindro dyd\u017eio.<br \/>\nDvigubo veikimo \u2013 u\u017etikrina efektyv\u0173 jud\u0117jim\u0105 abiem kryptimis.<br \/>\nPad\u0117ties jutimas \u2013 tikslus jud\u0117jimo steb\u0117jimas ir valdymas.<br \/>\nAmortizacija: fiksuota, reguliuojama.<br \/>\nSavaime besireguliuojanti \u2013 optimalus darbo efektyvumas.<\/p>\n<p><strong>Norite su\u017einoti daugiau? Susisiekite<\/strong> \u2013 pad\u0117sime i\u0161sirinkti tinkamiausi\u0105 DNC cilindro variant\u0105 u\u017e patraukli\u0105 kain\u0105 j\u016bs\u0173 projektui!<\/p>","protected":false},"excerpt":{"rendered":"<p>FESTO DNC serijos cilindrai \u2013 tai standartiniai pagal ISO 15552 pneumatiniai cilindrai, pasi\u017eymintys universalumu ir patikimumu. Jie tinkami \u012fvairiems pramon\u0117s [&hellip;]<\/p>","protected":false},"featured_media":986,"template":"","meta":{"site-sidebar-layout":"default","site-content-layout":"","ast-site-content-layout":"default","site-content-style":"default","site-sidebar-style":"default","ast-global-header-display":"","ast-banner-title-visibility":"","ast-main-header-display":"","ast-hfb-above-header-display":"","ast-hfb-below-header-display":"","ast-hfb-mobile-header-display":"","site-post-title":"","ast-breadcrumbs-content":"","ast-featured-img":"","footer-sml-layout":"","ast-disable-related-posts":"","theme-transparent-header-meta":"default","adv-header-id-meta":"","stick-header-meta":"","header-above-stick-meta":"","header-main-stick-meta":"","header-below-stick-meta":"","astra-migrate-meta-layouts":"set","ast-page-background-enabled":"default","ast-page-background-meta":{"desktop":{"background-color":"var(--ast-global-color-4)","background-image":"","background-repeat":"repeat","background-position":"center center","background-size":"auto","background-attachment":"scroll","background-type":"","background-media":"","overlay-type":"","overlay-color":"","overlay-opacity":"","overlay-gradient":""},"tablet":{"background-color":"","background-image":"","background-repeat":"repeat","background-position":"center center","background-size":"auto","background-attachment":"scroll","background-type":"","background-media":"","overlay-type":"","overlay-color":"","overlay-opacity":"","overlay-gradient":""},"mobile":{"background-color":"","background-image":"","background-repeat":"repeat","background-position":"center center","background-size":"auto","background-attachment":"scroll","background-type":"","background-media":"","overlay-type":"","overlay-color":"","overlay-opacity":"","overlay-gradient":""}},"ast-content-background-meta":{"desktop":{"background-color":"var(--ast-global-color-5)","background-image":"","background-repeat":"repeat","background-position":"center center","background-size":"auto","background-attachment":"scroll","background-type":"","background-media":"","overlay-type":"","overlay-color":"","overlay-opacity":"","overlay-gradient":""},"tablet":{"background-color":"var(--ast-global-color-5)","background-image":"","background-repeat":"repeat","background-position":"center center","background-size":"auto","background-attachment":"scroll","background-type":"","background-media":"","overlay-type":"","overlay-color":"","overlay-opacity":"","overlay-gradient":""},"mobile":{"background-color":"var(--ast-global-color-5)","background-image":"","background-repeat":"repeat","background-position":"center center","background-size":"auto","background-attachment":"scroll","background-type":"","background-media":"","overlay-type":"","overlay-color":"","overlay-opacity":"","overlay-gradient":""}}},"product_brand":[],"product_cat":[99],"product_tag":[],"class_list":{"0":"post-994","1":"product","2":"type-product","3":"status-publish","4":"has-post-thumbnail","6":"product_cat-pneumatikos-cilindrai","7":"desktop-align-left","8":"tablet-align-left","9":"mobile-align-left","11":"first","12":"instock","13":"shipping-taxable","14":"purchasable","15":"product-type-simple"},"yoast_head":"<!-- This site is optimized with the Yoast SEO plugin v27.3 - https:\/\/yoast.com\/product\/yoast-seo-wordpress\/ -->\n<title>Standartiniai cilindrai DNC serijos - ENVITEKA<\/title>\n<meta name=\"description\" content=\"FESTO DNC serijos cilindrai \u2013 tai standartiniai pagal ISO 15552 pneumatiniai cilindrai, pasi\u017eymintys universalumu ir patikimumu.\" \/>\n<meta name=\"robots\" content=\"index, follow, max-snippet:-1, max-image-preview:large, max-video-preview:-1\" \/>\n<link rel=\"canonical\" href=\"https:\/\/enviteka.lt\/en\/product\/standartiniai-cilindrai-dnc-serijos\/\" \/>\n<meta property=\"og:locale\" content=\"en_US\" \/>\n<meta property=\"og:type\" content=\"article\" \/>\n<meta property=\"og:title\" content=\"Standartiniai cilindrai DNC serijos - ENVITEKA\" \/>\n<meta property=\"og:description\" content=\"FESTO DNC serijos cilindrai \u2013 tai standartiniai pagal ISO 15552 pneumatiniai cilindrai, pasi\u017eymintys universalumu ir patikimumu.\" \/>\n<meta property=\"og:url\" content=\"https:\/\/enviteka.lt\/en\/product\/standartiniai-cilindrai-dnc-serijos\/\" \/>\n<meta property=\"og:site_name\" content=\"ENVITEKA\" \/>\n<meta property=\"article:modified_time\" content=\"2025-03-01T11:20:27+00:00\" \/>\n<meta property=\"og:image\" content=\"https:\/\/enviteka.lt\/wp-content\/uploads\/2025\/02\/FESTO_standratinis_cilindras.png\" \/>\n\t<meta property=\"og:image:width\" content=\"900\" \/>\n\t<meta property=\"og:image:height\" content=\"900\" \/>\n\t<meta property=\"og:image:type\" content=\"image\/png\" \/>\n<meta name=\"twitter:card\" content=\"summary_large_image\" \/>\n<meta name=\"twitter:label1\" content=\"Est. reading time\" \/>\n\t<meta name=\"twitter:data1\" content=\"1 minute\" \/>\n<script type=\"application\/ld+json\" class=\"yoast-schema-graph\">{\"@context\":\"https:\\\/\\\/schema.org\",\"@graph\":[{\"@type\":\"WebPage\",\"@id\":\"https:\\\/\\\/enviteka.lt\\\/produktas\\\/standartiniai-cilindrai-dnc-serijos\\\/\",\"url\":\"https:\\\/\\\/enviteka.lt\\\/produktas\\\/standartiniai-cilindrai-dnc-serijos\\\/\",\"name\":\"Standartiniai cilindrai DNC serijos - ENVITEKA\",\"isPartOf\":{\"@id\":\"https:\\\/\\\/enviteka.lt\\\/#website\"},\"primaryImageOfPage\":{\"@id\":\"https:\\\/\\\/enviteka.lt\\\/produktas\\\/standartiniai-cilindrai-dnc-serijos\\\/#primaryimage\"},\"image\":{\"@id\":\"https:\\\/\\\/enviteka.lt\\\/produktas\\\/standartiniai-cilindrai-dnc-serijos\\\/#primaryimage\"},\"thumbnailUrl\":\"https:\\\/\\\/enviteka.lt\\\/wp-content\\\/uploads\\\/2025\\\/02\\\/FESTO_standratinis_cilindras.png\",\"datePublished\":\"2025-03-01T11:16:06+00:00\",\"dateModified\":\"2025-03-01T11:20:27+00:00\",\"description\":\"FESTO DNC serijos cilindrai \u2013 tai standartiniai pagal ISO 15552 pneumatiniai cilindrai, pasi\u017eymintys universalumu ir patikimumu.\",\"breadcrumb\":{\"@id\":\"https:\\\/\\\/enviteka.lt\\\/produktas\\\/standartiniai-cilindrai-dnc-serijos\\\/#breadcrumb\"},\"inLanguage\":\"en-US\",\"potentialAction\":[{\"@type\":\"ReadAction\",\"target\":[\"https:\\\/\\\/enviteka.lt\\\/produktas\\\/standartiniai-cilindrai-dnc-serijos\\\/\"]}]},{\"@type\":\"ImageObject\",\"inLanguage\":\"en-US\",\"@id\":\"https:\\\/\\\/enviteka.lt\\\/produktas\\\/standartiniai-cilindrai-dnc-serijos\\\/#primaryimage\",\"url\":\"https:\\\/\\\/enviteka.lt\\\/wp-content\\\/uploads\\\/2025\\\/02\\\/FESTO_standratinis_cilindras.png\",\"contentUrl\":\"https:\\\/\\\/enviteka.lt\\\/wp-content\\\/uploads\\\/2025\\\/02\\\/FESTO_standratinis_cilindras.png\",\"width\":900,\"height\":900},{\"@type\":\"BreadcrumbList\",\"@id\":\"https:\\\/\\\/enviteka.lt\\\/produktas\\\/standartiniai-cilindrai-dnc-serijos\\\/#breadcrumb\",\"itemListElement\":[{\"@type\":\"ListItem\",\"position\":1,\"name\":\"Home\",\"item\":\"https:\\\/\\\/enviteka.lt\\\/\"},{\"@type\":\"ListItem\",\"position\":2,\"name\":\"Produktai\",\"item\":\"https:\\\/\\\/enviteka.lt\\\/produktai\\\/\"},{\"@type\":\"ListItem\",\"position\":3,\"name\":\"Standartiniai cilindrai DNC serijos\"}]},{\"@type\":\"WebSite\",\"@id\":\"https:\\\/\\\/enviteka.lt\\\/#website\",\"url\":\"https:\\\/\\\/enviteka.lt\\\/\",\"name\":\"ENVITEKA\",\"description\":\"pramonin\u0117s \u012frangos tiek\u0117jas\",\"publisher\":{\"@id\":\"https:\\\/\\\/enviteka.lt\\\/#organization\"},\"potentialAction\":[{\"@type\":\"SearchAction\",\"target\":{\"@type\":\"EntryPoint\",\"urlTemplate\":\"https:\\\/\\\/enviteka.lt\\\/?s={search_term_string}\"},\"query-input\":{\"@type\":\"PropertyValueSpecification\",\"valueRequired\":true,\"valueName\":\"search_term_string\"}}],\"inLanguage\":\"en-US\"},{\"@type\":\"Organization\",\"@id\":\"https:\\\/\\\/enviteka.lt\\\/#organization\",\"name\":\"ENVITEKA\",\"url\":\"https:\\\/\\\/enviteka.lt\\\/\",\"logo\":{\"@type\":\"ImageObject\",\"inLanguage\":\"en-US\",\"@id\":\"https:\\\/\\\/enviteka.lt\\\/#\\\/schema\\\/logo\\\/image\\\/\",\"url\":\"https:\\\/\\\/enviteka.lt\\\/wp-content\\\/uploads\\\/2024\\\/10\\\/enviteka-high-resolution-logo-transparent-e1742852093377.png\",\"contentUrl\":\"https:\\\/\\\/enviteka.lt\\\/wp-content\\\/uploads\\\/2024\\\/10\\\/enviteka-high-resolution-logo-transparent-e1742852093377.png\",\"width\":424,\"height\":150,\"caption\":\"ENVITEKA\"},\"image\":{\"@id\":\"https:\\\/\\\/enviteka.lt\\\/#\\\/schema\\\/logo\\\/image\\\/\"}}]}<\/script>\n<!-- \/ Yoast SEO plugin. -->","yoast_head_json":{"title":"Standartiniai cilindrai DNC serijos - ENVITEKA","description":"FESTO DNC serijos cilindrai \u2013 tai standartiniai pagal ISO 15552 pneumatiniai cilindrai, pasi\u017eymintys universalumu ir patikimumu.","robots":{"index":"index","follow":"follow","max-snippet":"max-snippet:-1","max-image-preview":"max-image-preview:large","max-video-preview":"max-video-preview:-1"},"canonical":"https:\/\/enviteka.lt\/en\/product\/standartiniai-cilindrai-dnc-serijos\/","og_locale":"en_US","og_type":"article","og_title":"Standartiniai cilindrai DNC serijos - ENVITEKA","og_description":"FESTO DNC serijos cilindrai \u2013 tai standartiniai pagal ISO 15552 pneumatiniai cilindrai, pasi\u017eymintys universalumu ir patikimumu.","og_url":"https:\/\/enviteka.lt\/en\/product\/standartiniai-cilindrai-dnc-serijos\/","og_site_name":"ENVITEKA","article_modified_time":"2025-03-01T11:20:27+00:00","og_image":[{"width":900,"height":900,"url":"https:\/\/enviteka.lt\/wp-content\/uploads\/2025\/02\/FESTO_standratinis_cilindras.png","type":"image\/png"}],"twitter_card":"summary_large_image","twitter_misc":{"Est. reading time":"1 minute"},"schema":{"@context":"https:\/\/schema.org","@graph":[{"@type":"WebPage","@id":"https:\/\/enviteka.lt\/produktas\/standartiniai-cilindrai-dnc-serijos\/","url":"https:\/\/enviteka.lt\/produktas\/standartiniai-cilindrai-dnc-serijos\/","name":"Standartiniai cilindrai DNC serijos - ENVITEKA","isPartOf":{"@id":"https:\/\/enviteka.lt\/#website"},"primaryImageOfPage":{"@id":"https:\/\/enviteka.lt\/produktas\/standartiniai-cilindrai-dnc-serijos\/#primaryimage"},"image":{"@id":"https:\/\/enviteka.lt\/produktas\/standartiniai-cilindrai-dnc-serijos\/#primaryimage"},"thumbnailUrl":"https:\/\/enviteka.lt\/wp-content\/uploads\/2025\/02\/FESTO_standratinis_cilindras.png","datePublished":"2025-03-01T11:16:06+00:00","dateModified":"2025-03-01T11:20:27+00:00","description":"FESTO DNC serijos cilindrai \u2013 tai standartiniai pagal ISO 15552 pneumatiniai cilindrai, pasi\u017eymintys universalumu ir patikimumu.","breadcrumb":{"@id":"https:\/\/enviteka.lt\/produktas\/standartiniai-cilindrai-dnc-serijos\/#breadcrumb"},"inLanguage":"en-US","potentialAction":[{"@type":"ReadAction","target":["https:\/\/enviteka.lt\/produktas\/standartiniai-cilindrai-dnc-serijos\/"]}]},{"@type":"ImageObject","inLanguage":"en-US","@id":"https:\/\/enviteka.lt\/produktas\/standartiniai-cilindrai-dnc-serijos\/#primaryimage","url":"https:\/\/enviteka.lt\/wp-content\/uploads\/2025\/02\/FESTO_standratinis_cilindras.png","contentUrl":"https:\/\/enviteka.lt\/wp-content\/uploads\/2025\/02\/FESTO_standratinis_cilindras.png","width":900,"height":900},{"@type":"BreadcrumbList","@id":"https:\/\/enviteka.lt\/produktas\/standartiniai-cilindrai-dnc-serijos\/#breadcrumb","itemListElement":[{"@type":"ListItem","position":1,"name":"Home","item":"https:\/\/enviteka.lt\/"},{"@type":"ListItem","position":2,"name":"Produktai","item":"https:\/\/enviteka.lt\/produktai\/"},{"@type":"ListItem","position":3,"name":"Standartiniai cilindrai DNC serijos"}]},{"@type":"WebSite","@id":"https:\/\/enviteka.lt\/#website","url":"https:\/\/enviteka.lt\/","name":"ENVITEKA","description":"pramonin\u0117s \u012frangos tiek\u0117jas","publisher":{"@id":"https:\/\/enviteka.lt\/#organization"},"potentialAction":[{"@type":"SearchAction","target":{"@type":"EntryPoint","urlTemplate":"https:\/\/enviteka.lt\/?s={search_term_string}"},"query-input":{"@type":"PropertyValueSpecification","valueRequired":true,"valueName":"search_term_string"}}],"inLanguage":"en-US"},{"@type":"Organization","@id":"https:\/\/enviteka.lt\/#organization","name":"ENVITEKA","url":"https:\/\/enviteka.lt\/","logo":{"@type":"ImageObject","inLanguage":"en-US","@id":"https:\/\/enviteka.lt\/#\/schema\/logo\/image\/","url":"https:\/\/enviteka.lt\/wp-content\/uploads\/2024\/10\/enviteka-high-resolution-logo-transparent-e1742852093377.png","contentUrl":"https:\/\/enviteka.lt\/wp-content\/uploads\/2024\/10\/enviteka-high-resolution-logo-transparent-e1742852093377.png","width":424,"height":150,"caption":"ENVITEKA"},"image":{"@id":"https:\/\/enviteka.lt\/#\/schema\/logo\/image\/"}}]}},"_links":{"self":[{"href":"https:\/\/enviteka.lt\/en\/wp-json\/wp\/v2\/product\/994","targetHints":{"allow":["GET"]}}],"collection":[{"href":"https:\/\/enviteka.lt\/en\/wp-json\/wp\/v2\/product"}],"about":[{"href":"https:\/\/enviteka.lt\/en\/wp-json\/wp\/v2\/types\/product"}],"wp:featuredmedia":[{"embeddable":true,"href":"https:\/\/enviteka.lt\/en\/wp-json\/wp\/v2\/media\/986"}],"wp:attachment":[{"href":"https:\/\/enviteka.lt\/en\/wp-json\/wp\/v2\/media?parent=994"}],"wp:term":[{"taxonomy":"product_brand","embeddable":true,"href":"https:\/\/enviteka.lt\/en\/wp-json\/wp\/v2\/product_brand?post=994"},{"taxonomy":"product_cat","embeddable":true,"href":"https:\/\/enviteka.lt\/en\/wp-json\/wp\/v2\/product_cat?post=994"},{"taxonomy":"product_tag","embeddable":true,"href":"https:\/\/enviteka.lt\/en\/wp-json\/wp\/v2\/product_tag?post=994"}],"curies":[{"name":"wp","href":"https:\/\/api.w.org\/{rel}","templated":true}]}}