{"id":887,"date":"2025-02-14T11:31:40","date_gmt":"2025-02-14T11:31:40","guid":{"rendered":"https:\/\/enviteka.lt\/?post_type=product&#038;p=887"},"modified":"2025-07-25T18:53:32","modified_gmt":"2025-07-25T18:53:32","slug":"dirziniai-sepeciai","status":"publish","type":"product","link":"https:\/\/enviteka.lt\/en\/product\/dirziniai-sepeciai\/","title":{"rendered":"Dir\u017einiai brushes"},"content":{"rendered":"<p>Dir\u017einiai \u0161epe\u010diai \u2013 tai universalus ir efektyvus sprendimas \u012fvairioms pramon\u0117s \u0161akoms. Jie gali b\u016bti naudojami kaip alternatyva ritininiams \u0161epe\u010diams, apvaliems \u0161epe\u010diams.<\/p>\n<p><strong>Pritaikymo sritys:<\/strong><\/p>\n<p>Med\u017eiag\u0173 transportavimas \u2013 stabilus ir sklandus gamini\u0173 jud\u0117jimas<br \/>\nValymas ir plovimas \u2013 efektyvus pavir\u0161i\u0173 prie\u017ei\u016bros sprendimas<br \/>\nDulki\u0173 ir \u0161iuk\u0161li\u0173 \u0161alinimas \u2013 u\u017etikrina \u0161vari\u0105 darbo aplink\u0105<\/p>\n<p><strong>Privalumai:<\/strong><\/p>\n<p>Alternatyva \u012fvairi\u0173 tip\u0173 \u0161epe\u010diams<br \/>\nLengvas montavimas ir greitas keitimas<br \/>\nPrisitaiko prie skirting\u0173 gamybos proces\u0173<br \/>\nPlatus \u0161eri\u0173 ir dir\u017e\u0173 pasirinkimas pagal poreikius<\/p>\n<p><strong>Susisiekite su mumis<\/strong> \u2013 pad\u0117sime i\u0161sirinkti optimal\u0173 dir\u017einio \u0161epe\u010dio sprendim\u0105!<\/p>\n<p>&nbsp;<\/p>","protected":false},"excerpt":{"rendered":"<p>Dir\u017einiai \u0161epe\u010diai \u2013 tai universalus ir efektyvus sprendimas \u012fvairioms pramon\u0117s \u0161akoms. Jie gali b\u016bti naudojami kaip alternatyva ritininiams \u0161epe\u010diams, apvaliems [&hellip;]<\/p>","protected":false},"featured_media":890,"template":"","meta":{"site-sidebar-layout":"default","site-content-layout":"","ast-site-content-layout":"default","site-content-style":"default","site-sidebar-style":"default","ast-global-header-display":"","ast-banner-title-visibility":"","ast-main-header-display":"","ast-hfb-above-header-display":"","ast-hfb-below-header-display":"","ast-hfb-mobile-header-display":"","site-post-title":"","ast-breadcrumbs-content":"","ast-featured-img":"","footer-sml-layout":"","ast-disable-related-posts":"","theme-transparent-header-meta":"default","adv-header-id-meta":"","stick-header-meta":"","header-above-stick-meta":"","header-main-stick-meta":"","header-below-stick-meta":"","astra-migrate-meta-layouts":"set","ast-page-background-enabled":"default","ast-page-background-meta":{"desktop":{"background-color":"var(--ast-global-color-4)","background-image":"","background-repeat":"repeat","background-position":"center center","background-size":"auto","background-attachment":"scroll","background-type":"","background-media":"","overlay-type":"","overlay-color":"","overlay-opacity":"","overlay-gradient":""},"tablet":{"background-color":"","background-image":"","background-repeat":"repeat","background-position":"center center","background-size":"auto","background-attachment":"scroll","background-type":"","background-media":"","overlay-type":"","overlay-color":"","overlay-opacity":"","overlay-gradient":""},"mobile":{"background-color":"","background-image":"","background-repeat":"repeat","background-position":"center center","background-size":"auto","background-attachment":"scroll","background-type":"","background-media":"","overlay-type":"","overlay-color":"","overlay-opacity":"","overlay-gradient":""}},"ast-content-background-meta":{"desktop":{"background-color":"var(--ast-global-color-5)","background-image":"","background-repeat":"repeat","background-position":"center center","background-size":"auto","background-attachment":"scroll","background-type":"","background-media":"","overlay-type":"","overlay-color":"","overlay-opacity":"","overlay-gradient":""},"tablet":{"background-color":"var(--ast-global-color-5)","background-image":"","background-repeat":"repeat","background-position":"center center","background-size":"auto","background-attachment":"scroll","background-type":"","background-media":"","overlay-type":"","overlay-color":"","overlay-opacity":"","overlay-gradient":""},"mobile":{"background-color":"var(--ast-global-color-5)","background-image":"","background-repeat":"repeat","background-position":"center center","background-size":"auto","background-attachment":"scroll","background-type":"","background-media":"","overlay-type":"","overlay-color":"","overlay-opacity":"","overlay-gradient":""}}},"product_brand":[],"product_cat":[82,31],"product_tag":[],"class_list":{"0":"post-887","1":"product","2":"type-product","3":"status-publish","4":"has-post-thumbnail","6":"product_cat-dirziniai-sepeciai","7":"product_cat-pramoniniai-sepeciai","8":"desktop-align-left","9":"tablet-align-left","10":"mobile-align-left","12":"first","13":"instock","14":"shipping-taxable","15":"purchasable","16":"product-type-simple"},"yoast_head":"<!-- This site is optimized with the Yoast SEO plugin v27.3 - https:\/\/yoast.com\/product\/yoast-seo-wordpress\/ -->\n<title>Dir\u017einiai \u0161epe\u010diai - ENVITEKA<\/title>\n<meta name=\"description\" content=\"Dir\u017einiai \u0161epe\u010diai \u2013 efektyvus sprendimas pavir\u0161i\u0173 valymui, \u0161lifavimui ir apdorojimui pramon\u0117je. Tinka metalui, medienai, plastiko ar pakavimo linijoms.\" \/>\n<meta name=\"robots\" content=\"index, follow, max-snippet:-1, max-image-preview:large, max-video-preview:-1\" \/>\n<link rel=\"canonical\" href=\"https:\/\/enviteka.lt\/en\/product\/dirziniai-sepeciai\/\" \/>\n<meta property=\"og:locale\" content=\"en_US\" \/>\n<meta property=\"og:type\" content=\"article\" \/>\n<meta property=\"og:title\" content=\"Dir\u017einiai \u0161epe\u010diai - ENVITEKA\" \/>\n<meta property=\"og:description\" content=\"Dir\u017einiai \u0161epe\u010diai \u2013 efektyvus sprendimas pavir\u0161i\u0173 valymui, \u0161lifavimui ir apdorojimui pramon\u0117je. Tinka metalui, medienai, plastiko ar pakavimo linijoms.\" \/>\n<meta property=\"og:url\" content=\"https:\/\/enviteka.lt\/en\/product\/dirziniai-sepeciai\/\" \/>\n<meta property=\"og:site_name\" content=\"ENVITEKA\" \/>\n<meta property=\"article:modified_time\" content=\"2025-07-25T18:53:32+00:00\" \/>\n<meta property=\"og:image\" content=\"https:\/\/enviteka.lt\/wp-content\/uploads\/2025\/02\/dirziniai-sepeciai-enviteka.jpg\" \/>\n\t<meta property=\"og:image:width\" content=\"400\" \/>\n\t<meta property=\"og:image:height\" content=\"350\" \/>\n\t<meta property=\"og:image:type\" content=\"image\/jpeg\" \/>\n<meta name=\"twitter:card\" content=\"summary_large_image\" \/>\n<meta name=\"twitter:label1\" content=\"Est. reading time\" \/>\n\t<meta name=\"twitter:data1\" content=\"1 minute\" \/>\n<script type=\"application\/ld+json\" class=\"yoast-schema-graph\">{\"@context\":\"https:\\\/\\\/schema.org\",\"@graph\":[{\"@type\":\"WebPage\",\"@id\":\"https:\\\/\\\/enviteka.lt\\\/produktas\\\/dirziniai-sepeciai\\\/\",\"url\":\"https:\\\/\\\/enviteka.lt\\\/produktas\\\/dirziniai-sepeciai\\\/\",\"name\":\"Dir\u017einiai \u0161epe\u010diai - ENVITEKA\",\"isPartOf\":{\"@id\":\"https:\\\/\\\/enviteka.lt\\\/#website\"},\"primaryImageOfPage\":{\"@id\":\"https:\\\/\\\/enviteka.lt\\\/produktas\\\/dirziniai-sepeciai\\\/#primaryimage\"},\"image\":{\"@id\":\"https:\\\/\\\/enviteka.lt\\\/produktas\\\/dirziniai-sepeciai\\\/#primaryimage\"},\"thumbnailUrl\":\"https:\\\/\\\/enviteka.lt\\\/wp-content\\\/uploads\\\/2025\\\/02\\\/dirziniai-sepeciai-enviteka.jpg\",\"datePublished\":\"2025-02-14T11:31:40+00:00\",\"dateModified\":\"2025-07-25T18:53:32+00:00\",\"description\":\"Dir\u017einiai \u0161epe\u010diai \u2013 efektyvus sprendimas pavir\u0161i\u0173 valymui, \u0161lifavimui ir apdorojimui pramon\u0117je. Tinka metalui, medienai, plastiko ar pakavimo linijoms.\",\"breadcrumb\":{\"@id\":\"https:\\\/\\\/enviteka.lt\\\/produktas\\\/dirziniai-sepeciai\\\/#breadcrumb\"},\"inLanguage\":\"en-US\",\"potentialAction\":[{\"@type\":\"ReadAction\",\"target\":[\"https:\\\/\\\/enviteka.lt\\\/produktas\\\/dirziniai-sepeciai\\\/\"]}]},{\"@type\":\"ImageObject\",\"inLanguage\":\"en-US\",\"@id\":\"https:\\\/\\\/enviteka.lt\\\/produktas\\\/dirziniai-sepeciai\\\/#primaryimage\",\"url\":\"https:\\\/\\\/enviteka.lt\\\/wp-content\\\/uploads\\\/2025\\\/02\\\/dirziniai-sepeciai-enviteka.jpg\",\"contentUrl\":\"https:\\\/\\\/enviteka.lt\\\/wp-content\\\/uploads\\\/2025\\\/02\\\/dirziniai-sepeciai-enviteka.jpg\",\"width\":400,\"height\":350},{\"@type\":\"BreadcrumbList\",\"@id\":\"https:\\\/\\\/enviteka.lt\\\/produktas\\\/dirziniai-sepeciai\\\/#breadcrumb\",\"itemListElement\":[{\"@type\":\"ListItem\",\"position\":1,\"name\":\"Home\",\"item\":\"https:\\\/\\\/enviteka.lt\\\/\"},{\"@type\":\"ListItem\",\"position\":2,\"name\":\"Produktai\",\"item\":\"https:\\\/\\\/enviteka.lt\\\/produktai\\\/\"},{\"@type\":\"ListItem\",\"position\":3,\"name\":\"Dir\u017einiai \u0161epe\u010diai\"}]},{\"@type\":\"WebSite\",\"@id\":\"https:\\\/\\\/enviteka.lt\\\/#website\",\"url\":\"https:\\\/\\\/enviteka.lt\\\/\",\"name\":\"ENVITEKA\",\"description\":\"pramonin\u0117s \u012frangos tiek\u0117jas\",\"publisher\":{\"@id\":\"https:\\\/\\\/enviteka.lt\\\/#organization\"},\"potentialAction\":[{\"@type\":\"SearchAction\",\"target\":{\"@type\":\"EntryPoint\",\"urlTemplate\":\"https:\\\/\\\/enviteka.lt\\\/?s={search_term_string}\"},\"query-input\":{\"@type\":\"PropertyValueSpecification\",\"valueRequired\":true,\"valueName\":\"search_term_string\"}}],\"inLanguage\":\"en-US\"},{\"@type\":\"Organization\",\"@id\":\"https:\\\/\\\/enviteka.lt\\\/#organization\",\"name\":\"ENVITEKA\",\"url\":\"https:\\\/\\\/enviteka.lt\\\/\",\"logo\":{\"@type\":\"ImageObject\",\"inLanguage\":\"en-US\",\"@id\":\"https:\\\/\\\/enviteka.lt\\\/#\\\/schema\\\/logo\\\/image\\\/\",\"url\":\"https:\\\/\\\/enviteka.lt\\\/wp-content\\\/uploads\\\/2024\\\/10\\\/enviteka-high-resolution-logo-transparent-e1742852093377.png\",\"contentUrl\":\"https:\\\/\\\/enviteka.lt\\\/wp-content\\\/uploads\\\/2024\\\/10\\\/enviteka-high-resolution-logo-transparent-e1742852093377.png\",\"width\":424,\"height\":150,\"caption\":\"ENVITEKA\"},\"image\":{\"@id\":\"https:\\\/\\\/enviteka.lt\\\/#\\\/schema\\\/logo\\\/image\\\/\"}}]}<\/script>\n<!-- \/ Yoast SEO plugin. -->","yoast_head_json":{"title":"Dir\u017einiai \u0161epe\u010diai - ENVITEKA","description":"Dir\u017einiai \u0161epe\u010diai \u2013 efektyvus sprendimas pavir\u0161i\u0173 valymui, \u0161lifavimui ir apdorojimui pramon\u0117je. Tinka metalui, medienai, plastiko ar pakavimo linijoms.","robots":{"index":"index","follow":"follow","max-snippet":"max-snippet:-1","max-image-preview":"max-image-preview:large","max-video-preview":"max-video-preview:-1"},"canonical":"https:\/\/enviteka.lt\/en\/product\/dirziniai-sepeciai\/","og_locale":"en_US","og_type":"article","og_title":"Dir\u017einiai \u0161epe\u010diai - ENVITEKA","og_description":"Dir\u017einiai \u0161epe\u010diai \u2013 efektyvus sprendimas pavir\u0161i\u0173 valymui, \u0161lifavimui ir apdorojimui pramon\u0117je. Tinka metalui, medienai, plastiko ar pakavimo linijoms.","og_url":"https:\/\/enviteka.lt\/en\/product\/dirziniai-sepeciai\/","og_site_name":"ENVITEKA","article_modified_time":"2025-07-25T18:53:32+00:00","og_image":[{"width":400,"height":350,"url":"https:\/\/enviteka.lt\/wp-content\/uploads\/2025\/02\/dirziniai-sepeciai-enviteka.jpg","type":"image\/jpeg"}],"twitter_card":"summary_large_image","twitter_misc":{"Est. reading time":"1 minute"},"schema":{"@context":"https:\/\/schema.org","@graph":[{"@type":"WebPage","@id":"https:\/\/enviteka.lt\/produktas\/dirziniai-sepeciai\/","url":"https:\/\/enviteka.lt\/produktas\/dirziniai-sepeciai\/","name":"Dir\u017einiai \u0161epe\u010diai - ENVITEKA","isPartOf":{"@id":"https:\/\/enviteka.lt\/#website"},"primaryImageOfPage":{"@id":"https:\/\/enviteka.lt\/produktas\/dirziniai-sepeciai\/#primaryimage"},"image":{"@id":"https:\/\/enviteka.lt\/produktas\/dirziniai-sepeciai\/#primaryimage"},"thumbnailUrl":"https:\/\/enviteka.lt\/wp-content\/uploads\/2025\/02\/dirziniai-sepeciai-enviteka.jpg","datePublished":"2025-02-14T11:31:40+00:00","dateModified":"2025-07-25T18:53:32+00:00","description":"Dir\u017einiai \u0161epe\u010diai \u2013 efektyvus sprendimas pavir\u0161i\u0173 valymui, \u0161lifavimui ir apdorojimui pramon\u0117je. Tinka metalui, medienai, plastiko ar pakavimo linijoms.","breadcrumb":{"@id":"https:\/\/enviteka.lt\/produktas\/dirziniai-sepeciai\/#breadcrumb"},"inLanguage":"en-US","potentialAction":[{"@type":"ReadAction","target":["https:\/\/enviteka.lt\/produktas\/dirziniai-sepeciai\/"]}]},{"@type":"ImageObject","inLanguage":"en-US","@id":"https:\/\/enviteka.lt\/produktas\/dirziniai-sepeciai\/#primaryimage","url":"https:\/\/enviteka.lt\/wp-content\/uploads\/2025\/02\/dirziniai-sepeciai-enviteka.jpg","contentUrl":"https:\/\/enviteka.lt\/wp-content\/uploads\/2025\/02\/dirziniai-sepeciai-enviteka.jpg","width":400,"height":350},{"@type":"BreadcrumbList","@id":"https:\/\/enviteka.lt\/produktas\/dirziniai-sepeciai\/#breadcrumb","itemListElement":[{"@type":"ListItem","position":1,"name":"Home","item":"https:\/\/enviteka.lt\/"},{"@type":"ListItem","position":2,"name":"Produktai","item":"https:\/\/enviteka.lt\/produktai\/"},{"@type":"ListItem","position":3,"name":"Dir\u017einiai \u0161epe\u010diai"}]},{"@type":"WebSite","@id":"https:\/\/enviteka.lt\/#website","url":"https:\/\/enviteka.lt\/","name":"ENVITEKA","description":"pramonin\u0117s \u012frangos tiek\u0117jas","publisher":{"@id":"https:\/\/enviteka.lt\/#organization"},"potentialAction":[{"@type":"SearchAction","target":{"@type":"EntryPoint","urlTemplate":"https:\/\/enviteka.lt\/?s={search_term_string}"},"query-input":{"@type":"PropertyValueSpecification","valueRequired":true,"valueName":"search_term_string"}}],"inLanguage":"en-US"},{"@type":"Organization","@id":"https:\/\/enviteka.lt\/#organization","name":"ENVITEKA","url":"https:\/\/enviteka.lt\/","logo":{"@type":"ImageObject","inLanguage":"en-US","@id":"https:\/\/enviteka.lt\/#\/schema\/logo\/image\/","url":"https:\/\/enviteka.lt\/wp-content\/uploads\/2024\/10\/enviteka-high-resolution-logo-transparent-e1742852093377.png","contentUrl":"https:\/\/enviteka.lt\/wp-content\/uploads\/2024\/10\/enviteka-high-resolution-logo-transparent-e1742852093377.png","width":424,"height":150,"caption":"ENVITEKA"},"image":{"@id":"https:\/\/enviteka.lt\/#\/schema\/logo\/image\/"}}]}},"_links":{"self":[{"href":"https:\/\/enviteka.lt\/en\/wp-json\/wp\/v2\/product\/887","targetHints":{"allow":["GET"]}}],"collection":[{"href":"https:\/\/enviteka.lt\/en\/wp-json\/wp\/v2\/product"}],"about":[{"href":"https:\/\/enviteka.lt\/en\/wp-json\/wp\/v2\/types\/product"}],"wp:featuredmedia":[{"embeddable":true,"href":"https:\/\/enviteka.lt\/en\/wp-json\/wp\/v2\/media\/890"}],"wp:attachment":[{"href":"https:\/\/enviteka.lt\/en\/wp-json\/wp\/v2\/media?parent=887"}],"wp:term":[{"taxonomy":"product_brand","embeddable":true,"href":"https:\/\/enviteka.lt\/en\/wp-json\/wp\/v2\/product_brand?post=887"},{"taxonomy":"product_cat","embeddable":true,"href":"https:\/\/enviteka.lt\/en\/wp-json\/wp\/v2\/product_cat?post=887"},{"taxonomy":"product_tag","embeddable":true,"href":"https:\/\/enviteka.lt\/en\/wp-json\/wp\/v2\/product_tag?post=887"}],"curies":[{"name":"wp","href":"https:\/\/api.w.org\/{rel}","templated":true}]}}