{"id":875,"date":"2025-02-14T09:30:51","date_gmt":"2025-02-14T09:30:51","guid":{"rendered":"https:\/\/enviteka.lt\/?post_type=product&#038;p=875"},"modified":"2025-02-14T09:38:54","modified_gmt":"2025-02-14T09:38:54","slug":"standartiniai-juostiniai-sepeciai","status":"publish","type":"product","link":"https:\/\/enviteka.lt\/en\/product\/standartiniai-juostiniai-sepeciai\/","title":{"rendered":"Lankst\u016bs juostiniai \u0161epe\u010diai"},"content":{"rendered":"<p>M\u016bs\u0173 si\u016blomi lanks\u010dios konstrukcijos \u0161epe\u010diai idealiai prisitaiko prie bet koki\u0173 a\u0161ini\u0173 ar radialini\u0173 kont\u016br\u0173, u\u017etikrindami efektyv\u0173 sandarinim\u0105, valym\u0105 ir nukreipim\u0105.<\/p>\n<p><strong>Joki\u0173 atliek\u0173<\/strong> \u2013 tiesiog i\u0161pjaukite tiksliai tiek, kiek jums reikia<br \/>\n<strong>Universalumas<\/strong> \u2013 rinkit\u0117s i\u0161 \u012fvairi\u0173 profili\u0173 bei \u0161eri\u0173 tip\u0173<br \/>\n<strong>Patogus sand\u0117liavimas<\/strong> \u2013 tiekiami d\u0117\u017e\u0117se arba ritiniuose<\/p>\n<p><strong>Pritaikymo sritys:<\/strong><\/p>\n<p>Sandarinimas<br \/>\nPavir\u0161i\u0173 valymas<br \/>\nGamybos proces\u0173 optimizavimas<br \/>\nNukreipimas ir transportavimas<br \/>\nIndividual\u016bs sprendimai<\/p>\n<p>Galite pasirinkti ilg\u012f iki keli\u0173 \u0161imt\u0173 metr\u0173 ir tinkamiausi\u0105 \u0161eri\u0173 med\u017eiag\u0105: plastikiniai ar nat\u016bral\u016bs \u0161eriai.<\/p>\n<p><strong>Susisiekite su mumis<\/strong> ir raskime geriausi\u0105 sprendim\u0105 j\u016bs\u0173 verslui!<\/p>\n<p>&nbsp;<\/p>","protected":false},"excerpt":{"rendered":"<p>M\u016bs\u0173 si\u016blomi lanks\u010dios konstrukcijos \u0161epe\u010diai idealiai prisitaiko prie bet koki\u0173 a\u0161ini\u0173 ar radialini\u0173 kont\u016br\u0173, u\u017etikrindami efektyv\u0173 sandarinim\u0105, valym\u0105 ir nukreipim\u0105. [&hellip;]<\/p>","protected":false},"featured_media":876,"template":"","meta":{"site-sidebar-layout":"default","site-content-layout":"","ast-site-content-layout":"default","site-content-style":"default","site-sidebar-style":"default","ast-global-header-display":"","ast-banner-title-visibility":"","ast-main-header-display":"","ast-hfb-above-header-display":"","ast-hfb-below-header-display":"","ast-hfb-mobile-header-display":"","site-post-title":"","ast-breadcrumbs-content":"","ast-featured-img":"","footer-sml-layout":"","ast-disable-related-posts":"","theme-transparent-header-meta":"default","adv-header-id-meta":"","stick-header-meta":"","header-above-stick-meta":"","header-main-stick-meta":"","header-below-stick-meta":"","astra-migrate-meta-layouts":"set","ast-page-background-enabled":"default","ast-page-background-meta":{"desktop":{"background-color":"var(--ast-global-color-4)","background-image":"","background-repeat":"repeat","background-position":"center center","background-size":"auto","background-attachment":"scroll","background-type":"","background-media":"","overlay-type":"","overlay-color":"","overlay-opacity":"","overlay-gradient":""},"tablet":{"background-color":"","background-image":"","background-repeat":"repeat","background-position":"center center","background-size":"auto","background-attachment":"scroll","background-type":"","background-media":"","overlay-type":"","overlay-color":"","overlay-opacity":"","overlay-gradient":""},"mobile":{"background-color":"","background-image":"","background-repeat":"repeat","background-position":"center center","background-size":"auto","background-attachment":"scroll","background-type":"","background-media":"","overlay-type":"","overlay-color":"","overlay-opacity":"","overlay-gradient":""}},"ast-content-background-meta":{"desktop":{"background-color":"var(--ast-global-color-5)","background-image":"","background-repeat":"repeat","background-position":"center center","background-size":"auto","background-attachment":"scroll","background-type":"","background-media":"","overlay-type":"","overlay-color":"","overlay-opacity":"","overlay-gradient":""},"tablet":{"background-color":"var(--ast-global-color-5)","background-image":"","background-repeat":"repeat","background-position":"center center","background-size":"auto","background-attachment":"scroll","background-type":"","background-media":"","overlay-type":"","overlay-color":"","overlay-opacity":"","overlay-gradient":""},"mobile":{"background-color":"var(--ast-global-color-5)","background-image":"","background-repeat":"repeat","background-position":"center center","background-size":"auto","background-attachment":"scroll","background-type":"","background-media":"","overlay-type":"","overlay-color":"","overlay-opacity":"","overlay-gradient":""}}},"product_brand":[],"product_cat":[79,31],"product_tag":[],"class_list":{"0":"post-875","1":"product","2":"type-product","3":"status-publish","4":"has-post-thumbnail","6":"product_cat-juostiniai-sepeciai","7":"product_cat-pramoniniai-sepeciai","8":"desktop-align-left","9":"tablet-align-left","10":"mobile-align-left","12":"first","13":"instock","14":"shipping-taxable","15":"purchasable","16":"product-type-simple"},"yoast_head":"<!-- This site is optimized with the Yoast SEO plugin v27.3 - https:\/\/yoast.com\/product\/yoast-seo-wordpress\/ -->\n<title>Lankst\u016bs juostiniai \u0161epe\u010diai - ENVITEKA<\/title>\n<meta name=\"description\" content=\"Lanks\u010dios konstrukcijos \u0161epe\u010diai idealiai prisitaiko prie bet koki\u0173 a\u0161ini\u0173 ar radialini\u0173 kont\u016br\u0173, u\u017etikrindami efektyv\u0173 sandarinim\u0105, valym\u0105 ir nukreipim\u0105.\" \/>\n<meta name=\"robots\" content=\"index, follow, max-snippet:-1, max-image-preview:large, max-video-preview:-1\" \/>\n<link rel=\"canonical\" href=\"https:\/\/enviteka.lt\/en\/product\/standartiniai-juostiniai-sepeciai\/\" \/>\n<meta property=\"og:locale\" content=\"en_US\" \/>\n<meta property=\"og:type\" content=\"article\" \/>\n<meta property=\"og:title\" content=\"Lankst\u016bs juostiniai \u0161epe\u010diai - ENVITEKA\" \/>\n<meta property=\"og:description\" content=\"Lanks\u010dios konstrukcijos \u0161epe\u010diai idealiai prisitaiko prie bet koki\u0173 a\u0161ini\u0173 ar radialini\u0173 kont\u016br\u0173, u\u017etikrindami efektyv\u0173 sandarinim\u0105, valym\u0105 ir nukreipim\u0105.\" \/>\n<meta property=\"og:url\" content=\"https:\/\/enviteka.lt\/en\/product\/standartiniai-juostiniai-sepeciai\/\" \/>\n<meta property=\"og:site_name\" content=\"ENVITEKA\" \/>\n<meta property=\"article:modified_time\" content=\"2025-02-14T09:38:54+00:00\" \/>\n<meta property=\"og:image\" content=\"https:\/\/enviteka.lt\/wp-content\/uploads\/2025\/02\/lankstus-juostiniai-sepeciai-enviteka.jpg\" \/>\n\t<meta property=\"og:image:width\" content=\"1153\" \/>\n\t<meta property=\"og:image:height\" content=\"746\" \/>\n\t<meta property=\"og:image:type\" content=\"image\/jpeg\" \/>\n<meta name=\"twitter:card\" content=\"summary_large_image\" \/>\n<meta name=\"twitter:label1\" content=\"Est. reading time\" \/>\n\t<meta name=\"twitter:data1\" content=\"1 minute\" \/>\n<script type=\"application\/ld+json\" class=\"yoast-schema-graph\">{\"@context\":\"https:\\\/\\\/schema.org\",\"@graph\":[{\"@type\":\"WebPage\",\"@id\":\"https:\\\/\\\/enviteka.lt\\\/produktas\\\/standartiniai-juostiniai-sepeciai\\\/\",\"url\":\"https:\\\/\\\/enviteka.lt\\\/produktas\\\/standartiniai-juostiniai-sepeciai\\\/\",\"name\":\"Lankst\u016bs juostiniai \u0161epe\u010diai - ENVITEKA\",\"isPartOf\":{\"@id\":\"https:\\\/\\\/enviteka.lt\\\/#website\"},\"primaryImageOfPage\":{\"@id\":\"https:\\\/\\\/enviteka.lt\\\/produktas\\\/standartiniai-juostiniai-sepeciai\\\/#primaryimage\"},\"image\":{\"@id\":\"https:\\\/\\\/enviteka.lt\\\/produktas\\\/standartiniai-juostiniai-sepeciai\\\/#primaryimage\"},\"thumbnailUrl\":\"https:\\\/\\\/enviteka.lt\\\/wp-content\\\/uploads\\\/2025\\\/02\\\/lankstus-juostiniai-sepeciai-enviteka.jpg\",\"datePublished\":\"2025-02-14T09:30:51+00:00\",\"dateModified\":\"2025-02-14T09:38:54+00:00\",\"description\":\"Lanks\u010dios konstrukcijos \u0161epe\u010diai idealiai prisitaiko prie bet koki\u0173 a\u0161ini\u0173 ar radialini\u0173 kont\u016br\u0173, u\u017etikrindami efektyv\u0173 sandarinim\u0105, valym\u0105 ir nukreipim\u0105.\",\"breadcrumb\":{\"@id\":\"https:\\\/\\\/enviteka.lt\\\/produktas\\\/standartiniai-juostiniai-sepeciai\\\/#breadcrumb\"},\"inLanguage\":\"en-US\",\"potentialAction\":[{\"@type\":\"ReadAction\",\"target\":[\"https:\\\/\\\/enviteka.lt\\\/produktas\\\/standartiniai-juostiniai-sepeciai\\\/\"]}]},{\"@type\":\"ImageObject\",\"inLanguage\":\"en-US\",\"@id\":\"https:\\\/\\\/enviteka.lt\\\/produktas\\\/standartiniai-juostiniai-sepeciai\\\/#primaryimage\",\"url\":\"https:\\\/\\\/enviteka.lt\\\/wp-content\\\/uploads\\\/2025\\\/02\\\/lankstus-juostiniai-sepeciai-enviteka.jpg\",\"contentUrl\":\"https:\\\/\\\/enviteka.lt\\\/wp-content\\\/uploads\\\/2025\\\/02\\\/lankstus-juostiniai-sepeciai-enviteka.jpg\",\"width\":1153,\"height\":746},{\"@type\":\"BreadcrumbList\",\"@id\":\"https:\\\/\\\/enviteka.lt\\\/produktas\\\/standartiniai-juostiniai-sepeciai\\\/#breadcrumb\",\"itemListElement\":[{\"@type\":\"ListItem\",\"position\":1,\"name\":\"Home\",\"item\":\"https:\\\/\\\/enviteka.lt\\\/\"},{\"@type\":\"ListItem\",\"position\":2,\"name\":\"Produktai\",\"item\":\"https:\\\/\\\/enviteka.lt\\\/produktai\\\/\"},{\"@type\":\"ListItem\",\"position\":3,\"name\":\"Lankst\u016bs juostiniai \u0161epe\u010diai\"}]},{\"@type\":\"WebSite\",\"@id\":\"https:\\\/\\\/enviteka.lt\\\/#website\",\"url\":\"https:\\\/\\\/enviteka.lt\\\/\",\"name\":\"ENVITEKA\",\"description\":\"pramonin\u0117s \u012frangos tiek\u0117jas\",\"publisher\":{\"@id\":\"https:\\\/\\\/enviteka.lt\\\/#organization\"},\"potentialAction\":[{\"@type\":\"SearchAction\",\"target\":{\"@type\":\"EntryPoint\",\"urlTemplate\":\"https:\\\/\\\/enviteka.lt\\\/?s={search_term_string}\"},\"query-input\":{\"@type\":\"PropertyValueSpecification\",\"valueRequired\":true,\"valueName\":\"search_term_string\"}}],\"inLanguage\":\"en-US\"},{\"@type\":\"Organization\",\"@id\":\"https:\\\/\\\/enviteka.lt\\\/#organization\",\"name\":\"ENVITEKA\",\"url\":\"https:\\\/\\\/enviteka.lt\\\/\",\"logo\":{\"@type\":\"ImageObject\",\"inLanguage\":\"en-US\",\"@id\":\"https:\\\/\\\/enviteka.lt\\\/#\\\/schema\\\/logo\\\/image\\\/\",\"url\":\"https:\\\/\\\/enviteka.lt\\\/wp-content\\\/uploads\\\/2024\\\/10\\\/enviteka-high-resolution-logo-transparent-e1742852093377.png\",\"contentUrl\":\"https:\\\/\\\/enviteka.lt\\\/wp-content\\\/uploads\\\/2024\\\/10\\\/enviteka-high-resolution-logo-transparent-e1742852093377.png\",\"width\":424,\"height\":150,\"caption\":\"ENVITEKA\"},\"image\":{\"@id\":\"https:\\\/\\\/enviteka.lt\\\/#\\\/schema\\\/logo\\\/image\\\/\"}}]}<\/script>\n<!-- \/ Yoast SEO plugin. -->","yoast_head_json":{"title":"Lankst\u016bs juostiniai \u0161epe\u010diai - ENVITEKA","description":"Lanks\u010dios konstrukcijos \u0161epe\u010diai idealiai prisitaiko prie bet koki\u0173 a\u0161ini\u0173 ar radialini\u0173 kont\u016br\u0173, u\u017etikrindami efektyv\u0173 sandarinim\u0105, valym\u0105 ir nukreipim\u0105.","robots":{"index":"index","follow":"follow","max-snippet":"max-snippet:-1","max-image-preview":"max-image-preview:large","max-video-preview":"max-video-preview:-1"},"canonical":"https:\/\/enviteka.lt\/en\/product\/standartiniai-juostiniai-sepeciai\/","og_locale":"en_US","og_type":"article","og_title":"Lankst\u016bs juostiniai \u0161epe\u010diai - ENVITEKA","og_description":"Lanks\u010dios konstrukcijos \u0161epe\u010diai idealiai prisitaiko prie bet koki\u0173 a\u0161ini\u0173 ar radialini\u0173 kont\u016br\u0173, u\u017etikrindami efektyv\u0173 sandarinim\u0105, valym\u0105 ir nukreipim\u0105.","og_url":"https:\/\/enviteka.lt\/en\/product\/standartiniai-juostiniai-sepeciai\/","og_site_name":"ENVITEKA","article_modified_time":"2025-02-14T09:38:54+00:00","og_image":[{"width":1153,"height":746,"url":"https:\/\/enviteka.lt\/wp-content\/uploads\/2025\/02\/lankstus-juostiniai-sepeciai-enviteka.jpg","type":"image\/jpeg"}],"twitter_card":"summary_large_image","twitter_misc":{"Est. reading time":"1 minute"},"schema":{"@context":"https:\/\/schema.org","@graph":[{"@type":"WebPage","@id":"https:\/\/enviteka.lt\/produktas\/standartiniai-juostiniai-sepeciai\/","url":"https:\/\/enviteka.lt\/produktas\/standartiniai-juostiniai-sepeciai\/","name":"Lankst\u016bs juostiniai \u0161epe\u010diai - ENVITEKA","isPartOf":{"@id":"https:\/\/enviteka.lt\/#website"},"primaryImageOfPage":{"@id":"https:\/\/enviteka.lt\/produktas\/standartiniai-juostiniai-sepeciai\/#primaryimage"},"image":{"@id":"https:\/\/enviteka.lt\/produktas\/standartiniai-juostiniai-sepeciai\/#primaryimage"},"thumbnailUrl":"https:\/\/enviteka.lt\/wp-content\/uploads\/2025\/02\/lankstus-juostiniai-sepeciai-enviteka.jpg","datePublished":"2025-02-14T09:30:51+00:00","dateModified":"2025-02-14T09:38:54+00:00","description":"Lanks\u010dios konstrukcijos \u0161epe\u010diai idealiai prisitaiko prie bet koki\u0173 a\u0161ini\u0173 ar radialini\u0173 kont\u016br\u0173, u\u017etikrindami efektyv\u0173 sandarinim\u0105, valym\u0105 ir nukreipim\u0105.","breadcrumb":{"@id":"https:\/\/enviteka.lt\/produktas\/standartiniai-juostiniai-sepeciai\/#breadcrumb"},"inLanguage":"en-US","potentialAction":[{"@type":"ReadAction","target":["https:\/\/enviteka.lt\/produktas\/standartiniai-juostiniai-sepeciai\/"]}]},{"@type":"ImageObject","inLanguage":"en-US","@id":"https:\/\/enviteka.lt\/produktas\/standartiniai-juostiniai-sepeciai\/#primaryimage","url":"https:\/\/enviteka.lt\/wp-content\/uploads\/2025\/02\/lankstus-juostiniai-sepeciai-enviteka.jpg","contentUrl":"https:\/\/enviteka.lt\/wp-content\/uploads\/2025\/02\/lankstus-juostiniai-sepeciai-enviteka.jpg","width":1153,"height":746},{"@type":"BreadcrumbList","@id":"https:\/\/enviteka.lt\/produktas\/standartiniai-juostiniai-sepeciai\/#breadcrumb","itemListElement":[{"@type":"ListItem","position":1,"name":"Home","item":"https:\/\/enviteka.lt\/"},{"@type":"ListItem","position":2,"name":"Produktai","item":"https:\/\/enviteka.lt\/produktai\/"},{"@type":"ListItem","position":3,"name":"Lankst\u016bs juostiniai \u0161epe\u010diai"}]},{"@type":"WebSite","@id":"https:\/\/enviteka.lt\/#website","url":"https:\/\/enviteka.lt\/","name":"ENVITEKA","description":"pramonin\u0117s \u012frangos tiek\u0117jas","publisher":{"@id":"https:\/\/enviteka.lt\/#organization"},"potentialAction":[{"@type":"SearchAction","target":{"@type":"EntryPoint","urlTemplate":"https:\/\/enviteka.lt\/?s={search_term_string}"},"query-input":{"@type":"PropertyValueSpecification","valueRequired":true,"valueName":"search_term_string"}}],"inLanguage":"en-US"},{"@type":"Organization","@id":"https:\/\/enviteka.lt\/#organization","name":"ENVITEKA","url":"https:\/\/enviteka.lt\/","logo":{"@type":"ImageObject","inLanguage":"en-US","@id":"https:\/\/enviteka.lt\/#\/schema\/logo\/image\/","url":"https:\/\/enviteka.lt\/wp-content\/uploads\/2024\/10\/enviteka-high-resolution-logo-transparent-e1742852093377.png","contentUrl":"https:\/\/enviteka.lt\/wp-content\/uploads\/2024\/10\/enviteka-high-resolution-logo-transparent-e1742852093377.png","width":424,"height":150,"caption":"ENVITEKA"},"image":{"@id":"https:\/\/enviteka.lt\/#\/schema\/logo\/image\/"}}]}},"_links":{"self":[{"href":"https:\/\/enviteka.lt\/en\/wp-json\/wp\/v2\/product\/875","targetHints":{"allow":["GET"]}}],"collection":[{"href":"https:\/\/enviteka.lt\/en\/wp-json\/wp\/v2\/product"}],"about":[{"href":"https:\/\/enviteka.lt\/en\/wp-json\/wp\/v2\/types\/product"}],"wp:featuredmedia":[{"embeddable":true,"href":"https:\/\/enviteka.lt\/en\/wp-json\/wp\/v2\/media\/876"}],"wp:attachment":[{"href":"https:\/\/enviteka.lt\/en\/wp-json\/wp\/v2\/media?parent=875"}],"wp:term":[{"taxonomy":"product_brand","embeddable":true,"href":"https:\/\/enviteka.lt\/en\/wp-json\/wp\/v2\/product_brand?post=875"},{"taxonomy":"product_cat","embeddable":true,"href":"https:\/\/enviteka.lt\/en\/wp-json\/wp\/v2\/product_cat?post=875"},{"taxonomy":"product_tag","embeddable":true,"href":"https:\/\/enviteka.lt\/en\/wp-json\/wp\/v2\/product_tag?post=875"}],"curies":[{"name":"wp","href":"https:\/\/api.w.org\/{rel}","templated":true}]}}