{"id":870,"date":"2025-02-13T16:33:50","date_gmt":"2025-02-13T16:33:50","guid":{"rendered":"https:\/\/enviteka.lt\/?post_type=product&#038;p=870"},"modified":"2025-02-14T09:28:41","modified_gmt":"2025-02-14T09:28:41","slug":"juostiniai-sepeciai","status":"publish","type":"product","link":"https:\/\/enviteka.lt\/en\/product\/juostiniai-sepeciai\/","title":{"rendered":"Standartiniai juostiniai \u0161epe\u010diai"},"content":{"rendered":"<p>Juostiniai \u0161epe\u010diai ne tik u\u017etikrina \u0161veln\u0173 ir efektyv\u0173 gamini\u0173 transportavim\u0105, bet ir apsaugo juos nuo mechanini\u0173 pa\u017eeidim\u0173, purvo bei triuk\u0161mo. D\u0117l novatori\u0161kos konstrukcijos \u0161ie \u0161epe\u010diai taip pat leid\u017eia efektyviai valyti skersin\u012f, pa\u0161alindami net ma\u017eiausias daleles ir apsaugodami pavir\u0161ius.<\/p>\n<p><strong>Pagrindiniai privalumai:<\/strong><\/p>\n<p>Mink\u0161tas ir tolygus transportavimas \u2013 ma\u017eesn\u0117 \u017ealos rizika<br \/>\nEfektyvus pavir\u0161i\u0173 valymas \u2013 pa\u0161alina net smulkias dulkes ir ne\u0161varumus<br \/>\nSkirtingos \u0161eri\u0173 med\u017eiagos ir ra\u0161tai pagal individualius poreikius<\/p>\n<p>&nbsp;<\/p>\n<p><strong>Susisiekite su mumis<\/strong> \u2013 pad\u0117sime rasti tinkamiausi\u0105 sprendim\u0105 pagal j\u016bs\u0173 gamybos procesus!<\/p>","protected":false},"excerpt":{"rendered":"<p>Juostiniai \u0161epe\u010diai ne tik u\u017etikrina \u0161veln\u0173 ir efektyv\u0173 gamini\u0173 transportavim\u0105, bet ir apsaugo juos nuo mechanini\u0173 pa\u017eeidim\u0173, purvo bei triuk\u0161mo. [&hellip;]<\/p>","protected":false},"featured_media":873,"template":"","meta":{"site-sidebar-layout":"default","site-content-layout":"","ast-site-content-layout":"default","site-content-style":"default","site-sidebar-style":"default","ast-global-header-display":"","ast-banner-title-visibility":"","ast-main-header-display":"","ast-hfb-above-header-display":"","ast-hfb-below-header-display":"","ast-hfb-mobile-header-display":"","site-post-title":"","ast-breadcrumbs-content":"","ast-featured-img":"","footer-sml-layout":"","ast-disable-related-posts":"","theme-transparent-header-meta":"default","adv-header-id-meta":"","stick-header-meta":"","header-above-stick-meta":"","header-main-stick-meta":"","header-below-stick-meta":"","astra-migrate-meta-layouts":"set","ast-page-background-enabled":"default","ast-page-background-meta":{"desktop":{"background-color":"var(--ast-global-color-4)","background-image":"","background-repeat":"repeat","background-position":"center center","background-size":"auto","background-attachment":"scroll","background-type":"","background-media":"","overlay-type":"","overlay-color":"","overlay-opacity":"","overlay-gradient":""},"tablet":{"background-color":"","background-image":"","background-repeat":"repeat","background-position":"center center","background-size":"auto","background-attachment":"scroll","background-type":"","background-media":"","overlay-type":"","overlay-color":"","overlay-opacity":"","overlay-gradient":""},"mobile":{"background-color":"","background-image":"","background-repeat":"repeat","background-position":"center center","background-size":"auto","background-attachment":"scroll","background-type":"","background-media":"","overlay-type":"","overlay-color":"","overlay-opacity":"","overlay-gradient":""}},"ast-content-background-meta":{"desktop":{"background-color":"var(--ast-global-color-5)","background-image":"","background-repeat":"repeat","background-position":"center center","background-size":"auto","background-attachment":"scroll","background-type":"","background-media":"","overlay-type":"","overlay-color":"","overlay-opacity":"","overlay-gradient":""},"tablet":{"background-color":"var(--ast-global-color-5)","background-image":"","background-repeat":"repeat","background-position":"center center","background-size":"auto","background-attachment":"scroll","background-type":"","background-media":"","overlay-type":"","overlay-color":"","overlay-opacity":"","overlay-gradient":""},"mobile":{"background-color":"var(--ast-global-color-5)","background-image":"","background-repeat":"repeat","background-position":"center center","background-size":"auto","background-attachment":"scroll","background-type":"","background-media":"","overlay-type":"","overlay-color":"","overlay-opacity":"","overlay-gradient":""}}},"product_brand":[],"product_cat":[79,31],"product_tag":[],"class_list":{"0":"post-870","1":"product","2":"type-product","3":"status-publish","4":"has-post-thumbnail","6":"product_cat-juostiniai-sepeciai","7":"product_cat-pramoniniai-sepeciai","8":"desktop-align-left","9":"tablet-align-left","10":"mobile-align-left","12":"first","13":"instock","14":"shipping-taxable","15":"purchasable","16":"product-type-simple"},"yoast_head":"<!-- This site is optimized with the Yoast SEO plugin v27.3 - https:\/\/yoast.com\/product\/yoast-seo-wordpress\/ -->\n<title>Standartiniai juostiniai \u0161epe\u010diai - ENVITEKA<\/title>\n<meta name=\"description\" content=\"D\u0117l novatori\u0161kos konstrukcijos \u0161ie \u0161epe\u010diai taip pat leid\u017eia efektyviai valyti skersin\u012f, pa\u0161alindami net ma\u017eiausias daleles ir apsaugodami pavir\u0161ius.\" \/>\n<meta name=\"robots\" content=\"index, follow, max-snippet:-1, max-image-preview:large, max-video-preview:-1\" \/>\n<link rel=\"canonical\" href=\"https:\/\/enviteka.lt\/en\/product\/juostiniai-sepeciai\/\" \/>\n<meta property=\"og:locale\" content=\"en_US\" \/>\n<meta property=\"og:type\" content=\"article\" \/>\n<meta property=\"og:title\" content=\"Standartiniai juostiniai \u0161epe\u010diai - ENVITEKA\" \/>\n<meta property=\"og:description\" content=\"D\u0117l novatori\u0161kos konstrukcijos \u0161ie \u0161epe\u010diai taip pat leid\u017eia efektyviai valyti skersin\u012f, pa\u0161alindami net ma\u017eiausias daleles ir apsaugodami pavir\u0161ius.\" \/>\n<meta property=\"og:url\" content=\"https:\/\/enviteka.lt\/en\/product\/juostiniai-sepeciai\/\" \/>\n<meta property=\"og:site_name\" content=\"ENVITEKA\" \/>\n<meta property=\"article:modified_time\" content=\"2025-02-14T09:28:41+00:00\" \/>\n<meta property=\"og:image\" content=\"https:\/\/enviteka.lt\/wp-content\/uploads\/2025\/02\/juostiniai-sepeciai-enviteka.webp\" \/>\n\t<meta property=\"og:image:width\" content=\"1200\" \/>\n\t<meta property=\"og:image:height\" content=\"800\" \/>\n\t<meta property=\"og:image:type\" content=\"image\/webp\" \/>\n<meta name=\"twitter:card\" content=\"summary_large_image\" \/>\n<meta name=\"twitter:label1\" content=\"Est. reading time\" \/>\n\t<meta name=\"twitter:data1\" content=\"1 minute\" \/>\n<script type=\"application\/ld+json\" class=\"yoast-schema-graph\">{\"@context\":\"https:\\\/\\\/schema.org\",\"@graph\":[{\"@type\":\"WebPage\",\"@id\":\"https:\\\/\\\/enviteka.lt\\\/produktas\\\/juostiniai-sepeciai\\\/\",\"url\":\"https:\\\/\\\/enviteka.lt\\\/produktas\\\/juostiniai-sepeciai\\\/\",\"name\":\"Standartiniai juostiniai \u0161epe\u010diai - ENVITEKA\",\"isPartOf\":{\"@id\":\"https:\\\/\\\/enviteka.lt\\\/#website\"},\"primaryImageOfPage\":{\"@id\":\"https:\\\/\\\/enviteka.lt\\\/produktas\\\/juostiniai-sepeciai\\\/#primaryimage\"},\"image\":{\"@id\":\"https:\\\/\\\/enviteka.lt\\\/produktas\\\/juostiniai-sepeciai\\\/#primaryimage\"},\"thumbnailUrl\":\"https:\\\/\\\/enviteka.lt\\\/wp-content\\\/uploads\\\/2025\\\/02\\\/juostiniai-sepeciai-enviteka.webp\",\"datePublished\":\"2025-02-13T16:33:50+00:00\",\"dateModified\":\"2025-02-14T09:28:41+00:00\",\"description\":\"D\u0117l novatori\u0161kos konstrukcijos \u0161ie \u0161epe\u010diai taip pat leid\u017eia efektyviai valyti skersin\u012f, pa\u0161alindami net ma\u017eiausias daleles ir apsaugodami pavir\u0161ius.\",\"breadcrumb\":{\"@id\":\"https:\\\/\\\/enviteka.lt\\\/produktas\\\/juostiniai-sepeciai\\\/#breadcrumb\"},\"inLanguage\":\"en-US\",\"potentialAction\":[{\"@type\":\"ReadAction\",\"target\":[\"https:\\\/\\\/enviteka.lt\\\/produktas\\\/juostiniai-sepeciai\\\/\"]}]},{\"@type\":\"ImageObject\",\"inLanguage\":\"en-US\",\"@id\":\"https:\\\/\\\/enviteka.lt\\\/produktas\\\/juostiniai-sepeciai\\\/#primaryimage\",\"url\":\"https:\\\/\\\/enviteka.lt\\\/wp-content\\\/uploads\\\/2025\\\/02\\\/juostiniai-sepeciai-enviteka.webp\",\"contentUrl\":\"https:\\\/\\\/enviteka.lt\\\/wp-content\\\/uploads\\\/2025\\\/02\\\/juostiniai-sepeciai-enviteka.webp\",\"width\":1200,\"height\":800},{\"@type\":\"BreadcrumbList\",\"@id\":\"https:\\\/\\\/enviteka.lt\\\/produktas\\\/juostiniai-sepeciai\\\/#breadcrumb\",\"itemListElement\":[{\"@type\":\"ListItem\",\"position\":1,\"name\":\"Home\",\"item\":\"https:\\\/\\\/enviteka.lt\\\/\"},{\"@type\":\"ListItem\",\"position\":2,\"name\":\"Produktai\",\"item\":\"https:\\\/\\\/enviteka.lt\\\/produktai\\\/\"},{\"@type\":\"ListItem\",\"position\":3,\"name\":\"Standartiniai juostiniai \u0161epe\u010diai\"}]},{\"@type\":\"WebSite\",\"@id\":\"https:\\\/\\\/enviteka.lt\\\/#website\",\"url\":\"https:\\\/\\\/enviteka.lt\\\/\",\"name\":\"ENVITEKA\",\"description\":\"pramonin\u0117s \u012frangos tiek\u0117jas\",\"publisher\":{\"@id\":\"https:\\\/\\\/enviteka.lt\\\/#organization\"},\"potentialAction\":[{\"@type\":\"SearchAction\",\"target\":{\"@type\":\"EntryPoint\",\"urlTemplate\":\"https:\\\/\\\/enviteka.lt\\\/?s={search_term_string}\"},\"query-input\":{\"@type\":\"PropertyValueSpecification\",\"valueRequired\":true,\"valueName\":\"search_term_string\"}}],\"inLanguage\":\"en-US\"},{\"@type\":\"Organization\",\"@id\":\"https:\\\/\\\/enviteka.lt\\\/#organization\",\"name\":\"ENVITEKA\",\"url\":\"https:\\\/\\\/enviteka.lt\\\/\",\"logo\":{\"@type\":\"ImageObject\",\"inLanguage\":\"en-US\",\"@id\":\"https:\\\/\\\/enviteka.lt\\\/#\\\/schema\\\/logo\\\/image\\\/\",\"url\":\"https:\\\/\\\/enviteka.lt\\\/wp-content\\\/uploads\\\/2024\\\/10\\\/enviteka-high-resolution-logo-transparent-e1742852093377.png\",\"contentUrl\":\"https:\\\/\\\/enviteka.lt\\\/wp-content\\\/uploads\\\/2024\\\/10\\\/enviteka-high-resolution-logo-transparent-e1742852093377.png\",\"width\":424,\"height\":150,\"caption\":\"ENVITEKA\"},\"image\":{\"@id\":\"https:\\\/\\\/enviteka.lt\\\/#\\\/schema\\\/logo\\\/image\\\/\"}}]}<\/script>\n<!-- \/ Yoast SEO plugin. -->","yoast_head_json":{"title":"Standartiniai juostiniai \u0161epe\u010diai - ENVITEKA","description":"D\u0117l novatori\u0161kos konstrukcijos \u0161ie \u0161epe\u010diai taip pat leid\u017eia efektyviai valyti skersin\u012f, pa\u0161alindami net ma\u017eiausias daleles ir apsaugodami pavir\u0161ius.","robots":{"index":"index","follow":"follow","max-snippet":"max-snippet:-1","max-image-preview":"max-image-preview:large","max-video-preview":"max-video-preview:-1"},"canonical":"https:\/\/enviteka.lt\/en\/product\/juostiniai-sepeciai\/","og_locale":"en_US","og_type":"article","og_title":"Standartiniai juostiniai \u0161epe\u010diai - ENVITEKA","og_description":"D\u0117l novatori\u0161kos konstrukcijos \u0161ie \u0161epe\u010diai taip pat leid\u017eia efektyviai valyti skersin\u012f, pa\u0161alindami net ma\u017eiausias daleles ir apsaugodami pavir\u0161ius.","og_url":"https:\/\/enviteka.lt\/en\/product\/juostiniai-sepeciai\/","og_site_name":"ENVITEKA","article_modified_time":"2025-02-14T09:28:41+00:00","og_image":[{"width":1200,"height":800,"url":"https:\/\/enviteka.lt\/wp-content\/uploads\/2025\/02\/juostiniai-sepeciai-enviteka.webp","type":"image\/webp"}],"twitter_card":"summary_large_image","twitter_misc":{"Est. reading time":"1 minute"},"schema":{"@context":"https:\/\/schema.org","@graph":[{"@type":"WebPage","@id":"https:\/\/enviteka.lt\/produktas\/juostiniai-sepeciai\/","url":"https:\/\/enviteka.lt\/produktas\/juostiniai-sepeciai\/","name":"Standartiniai juostiniai \u0161epe\u010diai - ENVITEKA","isPartOf":{"@id":"https:\/\/enviteka.lt\/#website"},"primaryImageOfPage":{"@id":"https:\/\/enviteka.lt\/produktas\/juostiniai-sepeciai\/#primaryimage"},"image":{"@id":"https:\/\/enviteka.lt\/produktas\/juostiniai-sepeciai\/#primaryimage"},"thumbnailUrl":"https:\/\/enviteka.lt\/wp-content\/uploads\/2025\/02\/juostiniai-sepeciai-enviteka.webp","datePublished":"2025-02-13T16:33:50+00:00","dateModified":"2025-02-14T09:28:41+00:00","description":"D\u0117l novatori\u0161kos konstrukcijos \u0161ie \u0161epe\u010diai taip pat leid\u017eia efektyviai valyti skersin\u012f, pa\u0161alindami net ma\u017eiausias daleles ir apsaugodami pavir\u0161ius.","breadcrumb":{"@id":"https:\/\/enviteka.lt\/produktas\/juostiniai-sepeciai\/#breadcrumb"},"inLanguage":"en-US","potentialAction":[{"@type":"ReadAction","target":["https:\/\/enviteka.lt\/produktas\/juostiniai-sepeciai\/"]}]},{"@type":"ImageObject","inLanguage":"en-US","@id":"https:\/\/enviteka.lt\/produktas\/juostiniai-sepeciai\/#primaryimage","url":"https:\/\/enviteka.lt\/wp-content\/uploads\/2025\/02\/juostiniai-sepeciai-enviteka.webp","contentUrl":"https:\/\/enviteka.lt\/wp-content\/uploads\/2025\/02\/juostiniai-sepeciai-enviteka.webp","width":1200,"height":800},{"@type":"BreadcrumbList","@id":"https:\/\/enviteka.lt\/produktas\/juostiniai-sepeciai\/#breadcrumb","itemListElement":[{"@type":"ListItem","position":1,"name":"Home","item":"https:\/\/enviteka.lt\/"},{"@type":"ListItem","position":2,"name":"Produktai","item":"https:\/\/enviteka.lt\/produktai\/"},{"@type":"ListItem","position":3,"name":"Standartiniai juostiniai \u0161epe\u010diai"}]},{"@type":"WebSite","@id":"https:\/\/enviteka.lt\/#website","url":"https:\/\/enviteka.lt\/","name":"ENVITEKA","description":"pramonin\u0117s \u012frangos tiek\u0117jas","publisher":{"@id":"https:\/\/enviteka.lt\/#organization"},"potentialAction":[{"@type":"SearchAction","target":{"@type":"EntryPoint","urlTemplate":"https:\/\/enviteka.lt\/?s={search_term_string}"},"query-input":{"@type":"PropertyValueSpecification","valueRequired":true,"valueName":"search_term_string"}}],"inLanguage":"en-US"},{"@type":"Organization","@id":"https:\/\/enviteka.lt\/#organization","name":"ENVITEKA","url":"https:\/\/enviteka.lt\/","logo":{"@type":"ImageObject","inLanguage":"en-US","@id":"https:\/\/enviteka.lt\/#\/schema\/logo\/image\/","url":"https:\/\/enviteka.lt\/wp-content\/uploads\/2024\/10\/enviteka-high-resolution-logo-transparent-e1742852093377.png","contentUrl":"https:\/\/enviteka.lt\/wp-content\/uploads\/2024\/10\/enviteka-high-resolution-logo-transparent-e1742852093377.png","width":424,"height":150,"caption":"ENVITEKA"},"image":{"@id":"https:\/\/enviteka.lt\/#\/schema\/logo\/image\/"}}]}},"_links":{"self":[{"href":"https:\/\/enviteka.lt\/en\/wp-json\/wp\/v2\/product\/870","targetHints":{"allow":["GET"]}}],"collection":[{"href":"https:\/\/enviteka.lt\/en\/wp-json\/wp\/v2\/product"}],"about":[{"href":"https:\/\/enviteka.lt\/en\/wp-json\/wp\/v2\/types\/product"}],"wp:featuredmedia":[{"embeddable":true,"href":"https:\/\/enviteka.lt\/en\/wp-json\/wp\/v2\/media\/873"}],"wp:attachment":[{"href":"https:\/\/enviteka.lt\/en\/wp-json\/wp\/v2\/media?parent=870"}],"wp:term":[{"taxonomy":"product_brand","embeddable":true,"href":"https:\/\/enviteka.lt\/en\/wp-json\/wp\/v2\/product_brand?post=870"},{"taxonomy":"product_cat","embeddable":true,"href":"https:\/\/enviteka.lt\/en\/wp-json\/wp\/v2\/product_cat?post=870"},{"taxonomy":"product_tag","embeddable":true,"href":"https:\/\/enviteka.lt\/en\/wp-json\/wp\/v2\/product_tag?post=870"}],"curies":[{"name":"wp","href":"https:\/\/api.w.org\/{rel}","templated":true}]}}