{"id":667,"date":"2024-10-16T11:23:43","date_gmt":"2024-10-16T11:23:43","guid":{"rendered":"https:\/\/enviteka.lt\/?post_type=product&#038;p=667"},"modified":"2025-03-05T19:41:52","modified_gmt":"2025-03-05T19:41:52","slug":"daugiakrypciai-begimo-ratai-o-50-pagaminti-is-plastiko-anga-82-mm","status":"publish","type":"product","link":"https:\/\/enviteka.lt\/en\/product\/daugiakrypciai-begimo-ratai-o-50-pagaminti-is-plastiko-anga-82-mm\/","title":{"rendered":"Daugiakryp\u010diai b\u0117gimo ratai \u00d8 50 pagaminti i\u0161 plastiko anga 8,2 mm"},"content":{"rendered":"<p>Pagaminti i\u0161 auk\u0161tos kokyb\u0117s plastiko su anga 8,2 mm, paprastu guoliu.<\/p>\n<p><strong>Produkto apra\u0161ymas:<\/strong><\/p>\n<p>Med\u017eiaga: Plastikas<br \/>\nSkersmuo: \u00d8 50 mm<br \/>\nAnga: 8,2 mm<br \/>\nGuolis: Paprastas guolis<\/p>\n<p><strong>Montavimo rekomendacijos:<\/strong><br \/>\nRekomenduojama volus montuoti pagrindine transportavimo kryptimi, nes ried\u0117jimo pasiprie\u0161inimas yra didesnis antrin\u0117je transportavimo kryptimi. Tai pad\u0117s u\u017etikrinti optimal\u0173 veikim\u0105 ir suma\u017einti pasiprie\u0161inim\u0105.<\/p>\n<p>\u0160ie daugiakryp\u010diai ratai yra ideal\u016bs sprendimai \u012fvairioms transportavimo sistemoms, pasi\u017eymintys ilgaam\u017ei\u0161kumu ir efektyvumu.<\/p>","protected":false},"excerpt":{"rendered":"<p>Pagaminti i\u0161 auk\u0161tos kokyb\u0117s plastiko su anga 8,2 mm, paprastu guoliu. Produkto apra\u0161ymas: Med\u017eiaga: Plastikas Skersmuo: \u00d8 50 mm Anga: [&hellip;]<\/p>","protected":false},"featured_media":668,"template":"","meta":{"site-sidebar-layout":"default","site-content-layout":"","ast-site-content-layout":"default","site-content-style":"default","site-sidebar-style":"default","ast-global-header-display":"","ast-banner-title-visibility":"","ast-main-header-display":"","ast-hfb-above-header-display":"","ast-hfb-below-header-display":"","ast-hfb-mobile-header-display":"","site-post-title":"","ast-breadcrumbs-content":"","ast-featured-img":"","footer-sml-layout":"","ast-disable-related-posts":"","theme-transparent-header-meta":"default","adv-header-id-meta":"","stick-header-meta":"","header-above-stick-meta":"","header-main-stick-meta":"","header-below-stick-meta":"","astra-migrate-meta-layouts":"set","ast-page-background-enabled":"default","ast-page-background-meta":{"desktop":{"background-color":"var(--ast-global-color-4)","background-image":"","background-repeat":"repeat","background-position":"center center","background-size":"auto","background-attachment":"scroll","background-type":"","background-media":"","overlay-type":"","overlay-color":"","overlay-opacity":"","overlay-gradient":""},"tablet":{"background-color":"","background-image":"","background-repeat":"repeat","background-position":"center center","background-size":"auto","background-attachment":"scroll","background-type":"","background-media":"","overlay-type":"","overlay-color":"","overlay-opacity":"","overlay-gradient":""},"mobile":{"background-color":"","background-image":"","background-repeat":"repeat","background-position":"center center","background-size":"auto","background-attachment":"scroll","background-type":"","background-media":"","overlay-type":"","overlay-color":"","overlay-opacity":"","overlay-gradient":""}},"ast-content-background-meta":{"desktop":{"background-color":"var(--ast-global-color-5)","background-image":"","background-repeat":"repeat","background-position":"center center","background-size":"auto","background-attachment":"scroll","background-type":"","background-media":"","overlay-type":"","overlay-color":"","overlay-opacity":"","overlay-gradient":""},"tablet":{"background-color":"var(--ast-global-color-5)","background-image":"","background-repeat":"repeat","background-position":"center center","background-size":"auto","background-attachment":"scroll","background-type":"","background-media":"","overlay-type":"","overlay-color":"","overlay-opacity":"","overlay-gradient":""},"mobile":{"background-color":"var(--ast-global-color-5)","background-image":"","background-repeat":"repeat","background-position":"center center","background-size":"auto","background-attachment":"scroll","background-type":"","background-media":"","overlay-type":"","overlay-color":"","overlay-opacity":"","overlay-gradient":""}}},"product_brand":[],"product_cat":[94],"product_tag":[],"class_list":{"0":"post-667","1":"product","2":"type-product","3":"status-publish","4":"has-post-thumbnail","6":"product_cat-daugiakrypciai-ratukai","7":"desktop-align-left","8":"tablet-align-left","9":"mobile-align-left","11":"first","12":"instock","13":"shipping-taxable","14":"purchasable","15":"product-type-simple"},"yoast_head":"<!-- This site is optimized with the Yoast SEO plugin v27.3 - https:\/\/yoast.com\/product\/yoast-seo-wordpress\/ -->\n<title>Daugiakryp\u010diai b\u0117gimo ratai \u00d8 50 pagaminti i\u0161 plastiko anga 8,2 mm - ENVITEKA<\/title>\n<meta name=\"description\" content=\"\u0160ie daugiakryp\u010diai ratai yra ideal\u016bs sprendimai \u012fvairioms transportavimo sistemoms, pasi\u017eymintys ilgaam\u017ei\u0161kumu ir efektyvumu.\" \/>\n<meta name=\"robots\" content=\"index, follow, max-snippet:-1, max-image-preview:large, max-video-preview:-1\" \/>\n<link rel=\"canonical\" href=\"https:\/\/enviteka.lt\/en\/product\/daugiakrypciai-begimo-ratai-o-50-pagaminti-is-plastiko-anga-82-mm\/\" \/>\n<meta property=\"og:locale\" content=\"en_US\" \/>\n<meta property=\"og:type\" content=\"article\" \/>\n<meta property=\"og:title\" content=\"Daugiakryp\u010diai b\u0117gimo ratai \u00d8 50 pagaminti i\u0161 plastiko anga 8,2 mm - ENVITEKA\" \/>\n<meta property=\"og:description\" content=\"\u0160ie daugiakryp\u010diai ratai yra ideal\u016bs sprendimai \u012fvairioms transportavimo sistemoms, pasi\u017eymintys ilgaam\u017ei\u0161kumu ir efektyvumu.\" \/>\n<meta property=\"og:url\" content=\"https:\/\/enviteka.lt\/en\/product\/daugiakrypciai-begimo-ratai-o-50-pagaminti-is-plastiko-anga-82-mm\/\" \/>\n<meta property=\"og:site_name\" content=\"ENVITEKA\" \/>\n<meta property=\"article:modified_time\" content=\"2025-03-05T19:41:52+00:00\" \/>\n<meta property=\"og:image\" content=\"https:\/\/enviteka.lt\/wp-content\/uploads\/2024\/10\/multidirectionnal-runner-wheels-50-made-of-plastic-white-black-bore-8-2-mm-plain-bearing.jpg\" \/>\n\t<meta property=\"og:image:width\" content=\"540\" \/>\n\t<meta property=\"og:image:height\" content=\"540\" \/>\n\t<meta property=\"og:image:type\" content=\"image\/jpeg\" \/>\n<meta name=\"twitter:card\" content=\"summary_large_image\" \/>\n<meta name=\"twitter:label1\" content=\"Est. reading time\" \/>\n\t<meta name=\"twitter:data1\" content=\"1 minute\" \/>\n<script type=\"application\/ld+json\" class=\"yoast-schema-graph\">{\"@context\":\"https:\\\/\\\/schema.org\",\"@graph\":[{\"@type\":\"WebPage\",\"@id\":\"https:\\\/\\\/enviteka.lt\\\/produktas\\\/daugiakrypciai-begimo-ratai-o-50-pagaminti-is-plastiko-anga-82-mm\\\/\",\"url\":\"https:\\\/\\\/enviteka.lt\\\/produktas\\\/daugiakrypciai-begimo-ratai-o-50-pagaminti-is-plastiko-anga-82-mm\\\/\",\"name\":\"Daugiakryp\u010diai b\u0117gimo ratai \u00d8 50 pagaminti i\u0161 plastiko anga 8,2 mm - ENVITEKA\",\"isPartOf\":{\"@id\":\"https:\\\/\\\/enviteka.lt\\\/#website\"},\"primaryImageOfPage\":{\"@id\":\"https:\\\/\\\/enviteka.lt\\\/produktas\\\/daugiakrypciai-begimo-ratai-o-50-pagaminti-is-plastiko-anga-82-mm\\\/#primaryimage\"},\"image\":{\"@id\":\"https:\\\/\\\/enviteka.lt\\\/produktas\\\/daugiakrypciai-begimo-ratai-o-50-pagaminti-is-plastiko-anga-82-mm\\\/#primaryimage\"},\"thumbnailUrl\":\"https:\\\/\\\/enviteka.lt\\\/wp-content\\\/uploads\\\/2024\\\/10\\\/multidirectionnal-runner-wheels-50-made-of-plastic-white-black-bore-8-2-mm-plain-bearing.jpg\",\"datePublished\":\"2024-10-16T11:23:43+00:00\",\"dateModified\":\"2025-03-05T19:41:52+00:00\",\"description\":\"\u0160ie daugiakryp\u010diai ratai yra ideal\u016bs sprendimai \u012fvairioms transportavimo sistemoms, pasi\u017eymintys ilgaam\u017ei\u0161kumu ir efektyvumu.\",\"breadcrumb\":{\"@id\":\"https:\\\/\\\/enviteka.lt\\\/produktas\\\/daugiakrypciai-begimo-ratai-o-50-pagaminti-is-plastiko-anga-82-mm\\\/#breadcrumb\"},\"inLanguage\":\"en-US\",\"potentialAction\":[{\"@type\":\"ReadAction\",\"target\":[\"https:\\\/\\\/enviteka.lt\\\/produktas\\\/daugiakrypciai-begimo-ratai-o-50-pagaminti-is-plastiko-anga-82-mm\\\/\"]}]},{\"@type\":\"ImageObject\",\"inLanguage\":\"en-US\",\"@id\":\"https:\\\/\\\/enviteka.lt\\\/produktas\\\/daugiakrypciai-begimo-ratai-o-50-pagaminti-is-plastiko-anga-82-mm\\\/#primaryimage\",\"url\":\"https:\\\/\\\/enviteka.lt\\\/wp-content\\\/uploads\\\/2024\\\/10\\\/multidirectionnal-runner-wheels-50-made-of-plastic-white-black-bore-8-2-mm-plain-bearing.jpg\",\"contentUrl\":\"https:\\\/\\\/enviteka.lt\\\/wp-content\\\/uploads\\\/2024\\\/10\\\/multidirectionnal-runner-wheels-50-made-of-plastic-white-black-bore-8-2-mm-plain-bearing.jpg\",\"width\":540,\"height\":540},{\"@type\":\"BreadcrumbList\",\"@id\":\"https:\\\/\\\/enviteka.lt\\\/produktas\\\/daugiakrypciai-begimo-ratai-o-50-pagaminti-is-plastiko-anga-82-mm\\\/#breadcrumb\",\"itemListElement\":[{\"@type\":\"ListItem\",\"position\":1,\"name\":\"Home\",\"item\":\"https:\\\/\\\/enviteka.lt\\\/\"},{\"@type\":\"ListItem\",\"position\":2,\"name\":\"Produktai\",\"item\":\"https:\\\/\\\/enviteka.lt\\\/produktai\\\/\"},{\"@type\":\"ListItem\",\"position\":3,\"name\":\"Daugiakryp\u010diai b\u0117gimo ratai \u00d8 50 pagaminti i\u0161 plastiko anga 8,2 mm\"}]},{\"@type\":\"WebSite\",\"@id\":\"https:\\\/\\\/enviteka.lt\\\/#website\",\"url\":\"https:\\\/\\\/enviteka.lt\\\/\",\"name\":\"ENVITEKA\",\"description\":\"pramonin\u0117s \u012frangos tiek\u0117jas\",\"publisher\":{\"@id\":\"https:\\\/\\\/enviteka.lt\\\/#organization\"},\"potentialAction\":[{\"@type\":\"SearchAction\",\"target\":{\"@type\":\"EntryPoint\",\"urlTemplate\":\"https:\\\/\\\/enviteka.lt\\\/?s={search_term_string}\"},\"query-input\":{\"@type\":\"PropertyValueSpecification\",\"valueRequired\":true,\"valueName\":\"search_term_string\"}}],\"inLanguage\":\"en-US\"},{\"@type\":\"Organization\",\"@id\":\"https:\\\/\\\/enviteka.lt\\\/#organization\",\"name\":\"ENVITEKA\",\"url\":\"https:\\\/\\\/enviteka.lt\\\/\",\"logo\":{\"@type\":\"ImageObject\",\"inLanguage\":\"en-US\",\"@id\":\"https:\\\/\\\/enviteka.lt\\\/#\\\/schema\\\/logo\\\/image\\\/\",\"url\":\"https:\\\/\\\/enviteka.lt\\\/wp-content\\\/uploads\\\/2024\\\/10\\\/enviteka-high-resolution-logo-transparent-e1742852093377.png\",\"contentUrl\":\"https:\\\/\\\/enviteka.lt\\\/wp-content\\\/uploads\\\/2024\\\/10\\\/enviteka-high-resolution-logo-transparent-e1742852093377.png\",\"width\":424,\"height\":150,\"caption\":\"ENVITEKA\"},\"image\":{\"@id\":\"https:\\\/\\\/enviteka.lt\\\/#\\\/schema\\\/logo\\\/image\\\/\"}}]}<\/script>\n<!-- \/ Yoast SEO plugin. -->","yoast_head_json":{"title":"Daugiakryp\u010diai b\u0117gimo ratai \u00d8 50 pagaminti i\u0161 plastiko anga 8,2 mm - ENVITEKA","description":"\u0160ie daugiakryp\u010diai ratai yra ideal\u016bs sprendimai \u012fvairioms transportavimo sistemoms, pasi\u017eymintys ilgaam\u017ei\u0161kumu ir efektyvumu.","robots":{"index":"index","follow":"follow","max-snippet":"max-snippet:-1","max-image-preview":"max-image-preview:large","max-video-preview":"max-video-preview:-1"},"canonical":"https:\/\/enviteka.lt\/en\/product\/daugiakrypciai-begimo-ratai-o-50-pagaminti-is-plastiko-anga-82-mm\/","og_locale":"en_US","og_type":"article","og_title":"Daugiakryp\u010diai b\u0117gimo ratai \u00d8 50 pagaminti i\u0161 plastiko anga 8,2 mm - ENVITEKA","og_description":"\u0160ie daugiakryp\u010diai ratai yra ideal\u016bs sprendimai \u012fvairioms transportavimo sistemoms, pasi\u017eymintys ilgaam\u017ei\u0161kumu ir efektyvumu.","og_url":"https:\/\/enviteka.lt\/en\/product\/daugiakrypciai-begimo-ratai-o-50-pagaminti-is-plastiko-anga-82-mm\/","og_site_name":"ENVITEKA","article_modified_time":"2025-03-05T19:41:52+00:00","og_image":[{"width":540,"height":540,"url":"https:\/\/enviteka.lt\/wp-content\/uploads\/2024\/10\/multidirectionnal-runner-wheels-50-made-of-plastic-white-black-bore-8-2-mm-plain-bearing.jpg","type":"image\/jpeg"}],"twitter_card":"summary_large_image","twitter_misc":{"Est. reading time":"1 minute"},"schema":{"@context":"https:\/\/schema.org","@graph":[{"@type":"WebPage","@id":"https:\/\/enviteka.lt\/produktas\/daugiakrypciai-begimo-ratai-o-50-pagaminti-is-plastiko-anga-82-mm\/","url":"https:\/\/enviteka.lt\/produktas\/daugiakrypciai-begimo-ratai-o-50-pagaminti-is-plastiko-anga-82-mm\/","name":"Daugiakryp\u010diai b\u0117gimo ratai \u00d8 50 pagaminti i\u0161 plastiko anga 8,2 mm - ENVITEKA","isPartOf":{"@id":"https:\/\/enviteka.lt\/#website"},"primaryImageOfPage":{"@id":"https:\/\/enviteka.lt\/produktas\/daugiakrypciai-begimo-ratai-o-50-pagaminti-is-plastiko-anga-82-mm\/#primaryimage"},"image":{"@id":"https:\/\/enviteka.lt\/produktas\/daugiakrypciai-begimo-ratai-o-50-pagaminti-is-plastiko-anga-82-mm\/#primaryimage"},"thumbnailUrl":"https:\/\/enviteka.lt\/wp-content\/uploads\/2024\/10\/multidirectionnal-runner-wheels-50-made-of-plastic-white-black-bore-8-2-mm-plain-bearing.jpg","datePublished":"2024-10-16T11:23:43+00:00","dateModified":"2025-03-05T19:41:52+00:00","description":"\u0160ie daugiakryp\u010diai ratai yra ideal\u016bs sprendimai \u012fvairioms transportavimo sistemoms, pasi\u017eymintys ilgaam\u017ei\u0161kumu ir efektyvumu.","breadcrumb":{"@id":"https:\/\/enviteka.lt\/produktas\/daugiakrypciai-begimo-ratai-o-50-pagaminti-is-plastiko-anga-82-mm\/#breadcrumb"},"inLanguage":"en-US","potentialAction":[{"@type":"ReadAction","target":["https:\/\/enviteka.lt\/produktas\/daugiakrypciai-begimo-ratai-o-50-pagaminti-is-plastiko-anga-82-mm\/"]}]},{"@type":"ImageObject","inLanguage":"en-US","@id":"https:\/\/enviteka.lt\/produktas\/daugiakrypciai-begimo-ratai-o-50-pagaminti-is-plastiko-anga-82-mm\/#primaryimage","url":"https:\/\/enviteka.lt\/wp-content\/uploads\/2024\/10\/multidirectionnal-runner-wheels-50-made-of-plastic-white-black-bore-8-2-mm-plain-bearing.jpg","contentUrl":"https:\/\/enviteka.lt\/wp-content\/uploads\/2024\/10\/multidirectionnal-runner-wheels-50-made-of-plastic-white-black-bore-8-2-mm-plain-bearing.jpg","width":540,"height":540},{"@type":"BreadcrumbList","@id":"https:\/\/enviteka.lt\/produktas\/daugiakrypciai-begimo-ratai-o-50-pagaminti-is-plastiko-anga-82-mm\/#breadcrumb","itemListElement":[{"@type":"ListItem","position":1,"name":"Home","item":"https:\/\/enviteka.lt\/"},{"@type":"ListItem","position":2,"name":"Produktai","item":"https:\/\/enviteka.lt\/produktai\/"},{"@type":"ListItem","position":3,"name":"Daugiakryp\u010diai b\u0117gimo ratai \u00d8 50 pagaminti i\u0161 plastiko anga 8,2 mm"}]},{"@type":"WebSite","@id":"https:\/\/enviteka.lt\/#website","url":"https:\/\/enviteka.lt\/","name":"ENVITEKA","description":"pramonin\u0117s \u012frangos tiek\u0117jas","publisher":{"@id":"https:\/\/enviteka.lt\/#organization"},"potentialAction":[{"@type":"SearchAction","target":{"@type":"EntryPoint","urlTemplate":"https:\/\/enviteka.lt\/?s={search_term_string}"},"query-input":{"@type":"PropertyValueSpecification","valueRequired":true,"valueName":"search_term_string"}}],"inLanguage":"en-US"},{"@type":"Organization","@id":"https:\/\/enviteka.lt\/#organization","name":"ENVITEKA","url":"https:\/\/enviteka.lt\/","logo":{"@type":"ImageObject","inLanguage":"en-US","@id":"https:\/\/enviteka.lt\/#\/schema\/logo\/image\/","url":"https:\/\/enviteka.lt\/wp-content\/uploads\/2024\/10\/enviteka-high-resolution-logo-transparent-e1742852093377.png","contentUrl":"https:\/\/enviteka.lt\/wp-content\/uploads\/2024\/10\/enviteka-high-resolution-logo-transparent-e1742852093377.png","width":424,"height":150,"caption":"ENVITEKA"},"image":{"@id":"https:\/\/enviteka.lt\/#\/schema\/logo\/image\/"}}]}},"_links":{"self":[{"href":"https:\/\/enviteka.lt\/en\/wp-json\/wp\/v2\/product\/667","targetHints":{"allow":["GET"]}}],"collection":[{"href":"https:\/\/enviteka.lt\/en\/wp-json\/wp\/v2\/product"}],"about":[{"href":"https:\/\/enviteka.lt\/en\/wp-json\/wp\/v2\/types\/product"}],"wp:featuredmedia":[{"embeddable":true,"href":"https:\/\/enviteka.lt\/en\/wp-json\/wp\/v2\/media\/668"}],"wp:attachment":[{"href":"https:\/\/enviteka.lt\/en\/wp-json\/wp\/v2\/media?parent=667"}],"wp:term":[{"taxonomy":"product_brand","embeddable":true,"href":"https:\/\/enviteka.lt\/en\/wp-json\/wp\/v2\/product_brand?post=667"},{"taxonomy":"product_cat","embeddable":true,"href":"https:\/\/enviteka.lt\/en\/wp-json\/wp\/v2\/product_cat?post=667"},{"taxonomy":"product_tag","embeddable":true,"href":"https:\/\/enviteka.lt\/en\/wp-json\/wp\/v2\/product_tag?post=667"}],"curies":[{"name":"wp","href":"https:\/\/api.w.org\/{rel}","templated":true}]}}