{"id":608,"date":"2024-10-16T10:58:23","date_gmt":"2024-10-16T10:58:23","guid":{"rendered":"https:\/\/enviteka.lt\/?post_type=product&#038;p=608"},"modified":"2025-02-13T16:24:33","modified_gmt":"2025-02-13T16:24:33","slug":"cilindriniai-sepeciai-dalinta-serdimi","status":"publish","type":"product","link":"https:\/\/enviteka.lt\/en\/product\/cilindriniai-sepeciai-dalinta-serdimi\/","title":{"rendered":"Cilindriniai \u0161epe\u010diai dalyta \u0161erdimi"},"content":{"rendered":"<p>Cilindriniai \u0161epe\u010diai dalyta \u0161erdimi \u2013 tai \u0161epe\u010diai, kuri\u0173 \u0161erdis yra padalinta, kad b\u016bt\u0173 lengviau montuojami, kei\u010diamas \u0161eri\u0173 tankis ar konfig\u016bracija. Jie pla\u010diai naudojami pramon\u0117je, ypa\u010d valymo, transportavimo ir pavir\u0161i\u0173 apdorojimo procesuose.<\/p>\n<p><strong>Paskirtis:<\/strong><\/p>\n<p>Efektyvus pavir\u0161i\u0173 valymas ir poliravimas<br \/>\nDulki\u0173, \u0161iuk\u0161li\u0173 ir ne\u0161varum\u0173 \u0161alinimas<br \/>\nTransportavimo sistem\u0173 optimizavimas<br \/>\nIndividual\u016bs sprendimai specifin\u0117ms reikm\u0117ms<\/p>\n<p><strong>Technin\u0117s savyb\u0117s:<\/strong><\/p>\n<p>Dalytos \u0161erdies konstrukcija leid\u017eia lengv\u0105 montavim\u0105 ir keitim\u0105<br \/>\nGalimi \u012fvair\u016bs \u0161ereli\u0173 tipai \u2013 plastikiniai, metaliniai, nat\u016bral\u016bs pluo\u0161tai<br \/>\nSkirtingi \u0161epe\u010di\u0173 skersmenys, ilgiai ir tankiai<br \/>\nAtsparumas dr\u0117gmei, chemikalams ir temperat\u016brai<\/p>\n<p><strong>Susisiekite<\/strong> \u2013 pad\u0117sime rasti tinkamiausi\u0105 sprendim\u0105 pagal j\u016bs\u0173 poreikius!<\/p>","protected":false},"excerpt":{"rendered":"<p>Cilindriniai \u0161epe\u010diai dalyta \u0161erdimi \u2013 tai \u0161epe\u010diai, kuri\u0173 \u0161erdis yra padalinta, kad b\u016bt\u0173 lengviau montuojami, kei\u010diamas \u0161eri\u0173 tankis ar konfig\u016bracija. [&hellip;]<\/p>","protected":false},"featured_media":609,"template":"","meta":{"site-sidebar-layout":"default","site-content-layout":"","ast-site-content-layout":"default","site-content-style":"default","site-sidebar-style":"default","ast-global-header-display":"","ast-banner-title-visibility":"","ast-main-header-display":"","ast-hfb-above-header-display":"","ast-hfb-below-header-display":"","ast-hfb-mobile-header-display":"","site-post-title":"","ast-breadcrumbs-content":"","ast-featured-img":"","footer-sml-layout":"","ast-disable-related-posts":"","theme-transparent-header-meta":"default","adv-header-id-meta":"","stick-header-meta":"","header-above-stick-meta":"","header-main-stick-meta":"","header-below-stick-meta":"","astra-migrate-meta-layouts":"set","ast-page-background-enabled":"default","ast-page-background-meta":{"desktop":{"background-color":"var(--ast-global-color-4)","background-image":"","background-repeat":"repeat","background-position":"center center","background-size":"auto","background-attachment":"scroll","background-type":"","background-media":"","overlay-type":"","overlay-color":"","overlay-opacity":"","overlay-gradient":""},"tablet":{"background-color":"","background-image":"","background-repeat":"repeat","background-position":"center center","background-size":"auto","background-attachment":"scroll","background-type":"","background-media":"","overlay-type":"","overlay-color":"","overlay-opacity":"","overlay-gradient":""},"mobile":{"background-color":"","background-image":"","background-repeat":"repeat","background-position":"center center","background-size":"auto","background-attachment":"scroll","background-type":"","background-media":"","overlay-type":"","overlay-color":"","overlay-opacity":"","overlay-gradient":""}},"ast-content-background-meta":{"desktop":{"background-color":"var(--ast-global-color-5)","background-image":"","background-repeat":"repeat","background-position":"center center","background-size":"auto","background-attachment":"scroll","background-type":"","background-media":"","overlay-type":"","overlay-color":"","overlay-opacity":"","overlay-gradient":""},"tablet":{"background-color":"var(--ast-global-color-5)","background-image":"","background-repeat":"repeat","background-position":"center center","background-size":"auto","background-attachment":"scroll","background-type":"","background-media":"","overlay-type":"","overlay-color":"","overlay-opacity":"","overlay-gradient":""},"mobile":{"background-color":"var(--ast-global-color-5)","background-image":"","background-repeat":"repeat","background-position":"center center","background-size":"auto","background-attachment":"scroll","background-type":"","background-media":"","overlay-type":"","overlay-color":"","overlay-opacity":"","overlay-gradient":""}}},"product_brand":[],"product_cat":[78,31],"product_tag":[],"class_list":{"0":"post-608","1":"product","2":"type-product","3":"status-publish","4":"has-post-thumbnail","6":"product_cat-cilindriniai-sepeciai","7":"product_cat-pramoniniai-sepeciai","8":"desktop-align-left","9":"tablet-align-left","10":"mobile-align-left","12":"first","13":"instock","14":"shipping-taxable","15":"purchasable","16":"product-type-simple"},"yoast_head":"<!-- This site is optimized with the Yoast SEO plugin v27.3 - https:\/\/yoast.com\/product\/yoast-seo-wordpress\/ -->\n<title>Cilindriniai \u0161epe\u010diai dalyta \u0161erdimi - ENVITEKA<\/title>\n<meta name=\"description\" content=\"Cilindriniai \u0161epe\u010diai dalyta \u0161erdimi \u2013 tai \u0161epe\u010diai, kuri\u0173 \u0161erdis yra padalinta, kad b\u016bt\u0173 lengviau montuojami, kei\u010diamas \u0161eri\u0173 tankis ar konfig\u016bracija.\" \/>\n<meta name=\"robots\" content=\"index, follow, max-snippet:-1, max-image-preview:large, max-video-preview:-1\" \/>\n<link rel=\"canonical\" href=\"https:\/\/enviteka.lt\/en\/product\/cilindriniai-sepeciai-dalinta-serdimi\/\" \/>\n<meta property=\"og:locale\" content=\"en_US\" \/>\n<meta property=\"og:type\" content=\"article\" \/>\n<meta property=\"og:title\" content=\"Cilindriniai \u0161epe\u010diai dalyta \u0161erdimi - ENVITEKA\" \/>\n<meta property=\"og:description\" content=\"Cilindriniai \u0161epe\u010diai dalyta \u0161erdimi \u2013 tai \u0161epe\u010diai, kuri\u0173 \u0161erdis yra padalinta, kad b\u016bt\u0173 lengviau montuojami, kei\u010diamas \u0161eri\u0173 tankis ar konfig\u016bracija.\" \/>\n<meta property=\"og:url\" content=\"https:\/\/enviteka.lt\/en\/product\/cilindriniai-sepeciai-dalinta-serdimi\/\" \/>\n<meta property=\"og:site_name\" content=\"ENVITEKA\" \/>\n<meta property=\"article:modified_time\" content=\"2025-02-13T16:24:33+00:00\" \/>\n<meta property=\"og:image\" content=\"https:\/\/enviteka.lt\/wp-content\/uploads\/2024\/10\/ESCOVAS-CILINDRICAS-NUCLEO-DIVIDIDO-ROLOS-Modelo-T.43-EDR-2-1.jpg.webp\" \/>\n\t<meta property=\"og:image:width\" content=\"370\" \/>\n\t<meta property=\"og:image:height\" content=\"370\" \/>\n\t<meta property=\"og:image:type\" content=\"image\/webp\" \/>\n<meta name=\"twitter:card\" content=\"summary_large_image\" \/>\n<meta name=\"twitter:label1\" content=\"Est. reading time\" \/>\n\t<meta name=\"twitter:data1\" content=\"1 minute\" \/>\n<script type=\"application\/ld+json\" class=\"yoast-schema-graph\">{\"@context\":\"https:\\\/\\\/schema.org\",\"@graph\":[{\"@type\":\"WebPage\",\"@id\":\"https:\\\/\\\/enviteka.lt\\\/produktas\\\/cilindriniai-sepeciai-dalinta-serdimi\\\/\",\"url\":\"https:\\\/\\\/enviteka.lt\\\/produktas\\\/cilindriniai-sepeciai-dalinta-serdimi\\\/\",\"name\":\"Cilindriniai \u0161epe\u010diai dalyta \u0161erdimi - ENVITEKA\",\"isPartOf\":{\"@id\":\"https:\\\/\\\/enviteka.lt\\\/#website\"},\"primaryImageOfPage\":{\"@id\":\"https:\\\/\\\/enviteka.lt\\\/produktas\\\/cilindriniai-sepeciai-dalinta-serdimi\\\/#primaryimage\"},\"image\":{\"@id\":\"https:\\\/\\\/enviteka.lt\\\/produktas\\\/cilindriniai-sepeciai-dalinta-serdimi\\\/#primaryimage\"},\"thumbnailUrl\":\"https:\\\/\\\/enviteka.lt\\\/wp-content\\\/uploads\\\/2024\\\/10\\\/ESCOVAS-CILINDRICAS-NUCLEO-DIVIDIDO-ROLOS-Modelo-T.43-EDR-2-1.jpg.webp\",\"datePublished\":\"2024-10-16T10:58:23+00:00\",\"dateModified\":\"2025-02-13T16:24:33+00:00\",\"description\":\"Cilindriniai \u0161epe\u010diai dalyta \u0161erdimi \u2013 tai \u0161epe\u010diai, kuri\u0173 \u0161erdis yra padalinta, kad b\u016bt\u0173 lengviau montuojami, kei\u010diamas \u0161eri\u0173 tankis ar konfig\u016bracija.\",\"breadcrumb\":{\"@id\":\"https:\\\/\\\/enviteka.lt\\\/produktas\\\/cilindriniai-sepeciai-dalinta-serdimi\\\/#breadcrumb\"},\"inLanguage\":\"en-US\",\"potentialAction\":[{\"@type\":\"ReadAction\",\"target\":[\"https:\\\/\\\/enviteka.lt\\\/produktas\\\/cilindriniai-sepeciai-dalinta-serdimi\\\/\"]}]},{\"@type\":\"ImageObject\",\"inLanguage\":\"en-US\",\"@id\":\"https:\\\/\\\/enviteka.lt\\\/produktas\\\/cilindriniai-sepeciai-dalinta-serdimi\\\/#primaryimage\",\"url\":\"https:\\\/\\\/enviteka.lt\\\/wp-content\\\/uploads\\\/2024\\\/10\\\/ESCOVAS-CILINDRICAS-NUCLEO-DIVIDIDO-ROLOS-Modelo-T.43-EDR-2-1.jpg.webp\",\"contentUrl\":\"https:\\\/\\\/enviteka.lt\\\/wp-content\\\/uploads\\\/2024\\\/10\\\/ESCOVAS-CILINDRICAS-NUCLEO-DIVIDIDO-ROLOS-Modelo-T.43-EDR-2-1.jpg.webp\",\"width\":370,\"height\":370},{\"@type\":\"BreadcrumbList\",\"@id\":\"https:\\\/\\\/enviteka.lt\\\/produktas\\\/cilindriniai-sepeciai-dalinta-serdimi\\\/#breadcrumb\",\"itemListElement\":[{\"@type\":\"ListItem\",\"position\":1,\"name\":\"Home\",\"item\":\"https:\\\/\\\/enviteka.lt\\\/\"},{\"@type\":\"ListItem\",\"position\":2,\"name\":\"Produktai\",\"item\":\"https:\\\/\\\/enviteka.lt\\\/produktai\\\/\"},{\"@type\":\"ListItem\",\"position\":3,\"name\":\"Cilindriniai \u0161epe\u010diai dalyta \u0161erdimi\"}]},{\"@type\":\"WebSite\",\"@id\":\"https:\\\/\\\/enviteka.lt\\\/#website\",\"url\":\"https:\\\/\\\/enviteka.lt\\\/\",\"name\":\"ENVITEKA\",\"description\":\"pramonin\u0117s \u012frangos tiek\u0117jas\",\"publisher\":{\"@id\":\"https:\\\/\\\/enviteka.lt\\\/#organization\"},\"potentialAction\":[{\"@type\":\"SearchAction\",\"target\":{\"@type\":\"EntryPoint\",\"urlTemplate\":\"https:\\\/\\\/enviteka.lt\\\/?s={search_term_string}\"},\"query-input\":{\"@type\":\"PropertyValueSpecification\",\"valueRequired\":true,\"valueName\":\"search_term_string\"}}],\"inLanguage\":\"en-US\"},{\"@type\":\"Organization\",\"@id\":\"https:\\\/\\\/enviteka.lt\\\/#organization\",\"name\":\"ENVITEKA\",\"url\":\"https:\\\/\\\/enviteka.lt\\\/\",\"logo\":{\"@type\":\"ImageObject\",\"inLanguage\":\"en-US\",\"@id\":\"https:\\\/\\\/enviteka.lt\\\/#\\\/schema\\\/logo\\\/image\\\/\",\"url\":\"https:\\\/\\\/enviteka.lt\\\/wp-content\\\/uploads\\\/2024\\\/10\\\/enviteka-high-resolution-logo-transparent-e1742852093377.png\",\"contentUrl\":\"https:\\\/\\\/enviteka.lt\\\/wp-content\\\/uploads\\\/2024\\\/10\\\/enviteka-high-resolution-logo-transparent-e1742852093377.png\",\"width\":424,\"height\":150,\"caption\":\"ENVITEKA\"},\"image\":{\"@id\":\"https:\\\/\\\/enviteka.lt\\\/#\\\/schema\\\/logo\\\/image\\\/\"}}]}<\/script>\n<!-- \/ Yoast SEO plugin. -->","yoast_head_json":{"title":"Cilindriniai \u0161epe\u010diai dalyta \u0161erdimi - ENVITEKA","description":"Cilindriniai \u0161epe\u010diai dalyta \u0161erdimi \u2013 tai \u0161epe\u010diai, kuri\u0173 \u0161erdis yra padalinta, kad b\u016bt\u0173 lengviau montuojami, kei\u010diamas \u0161eri\u0173 tankis ar konfig\u016bracija.","robots":{"index":"index","follow":"follow","max-snippet":"max-snippet:-1","max-image-preview":"max-image-preview:large","max-video-preview":"max-video-preview:-1"},"canonical":"https:\/\/enviteka.lt\/en\/product\/cilindriniai-sepeciai-dalinta-serdimi\/","og_locale":"en_US","og_type":"article","og_title":"Cilindriniai \u0161epe\u010diai dalyta \u0161erdimi - ENVITEKA","og_description":"Cilindriniai \u0161epe\u010diai dalyta \u0161erdimi \u2013 tai \u0161epe\u010diai, kuri\u0173 \u0161erdis yra padalinta, kad b\u016bt\u0173 lengviau montuojami, kei\u010diamas \u0161eri\u0173 tankis ar konfig\u016bracija.","og_url":"https:\/\/enviteka.lt\/en\/product\/cilindriniai-sepeciai-dalinta-serdimi\/","og_site_name":"ENVITEKA","article_modified_time":"2025-02-13T16:24:33+00:00","og_image":[{"width":370,"height":370,"url":"https:\/\/enviteka.lt\/wp-content\/uploads\/2024\/10\/ESCOVAS-CILINDRICAS-NUCLEO-DIVIDIDO-ROLOS-Modelo-T.43-EDR-2-1.jpg.webp","type":"image\/webp"}],"twitter_card":"summary_large_image","twitter_misc":{"Est. reading time":"1 minute"},"schema":{"@context":"https:\/\/schema.org","@graph":[{"@type":"WebPage","@id":"https:\/\/enviteka.lt\/produktas\/cilindriniai-sepeciai-dalinta-serdimi\/","url":"https:\/\/enviteka.lt\/produktas\/cilindriniai-sepeciai-dalinta-serdimi\/","name":"Cilindriniai \u0161epe\u010diai dalyta \u0161erdimi - ENVITEKA","isPartOf":{"@id":"https:\/\/enviteka.lt\/#website"},"primaryImageOfPage":{"@id":"https:\/\/enviteka.lt\/produktas\/cilindriniai-sepeciai-dalinta-serdimi\/#primaryimage"},"image":{"@id":"https:\/\/enviteka.lt\/produktas\/cilindriniai-sepeciai-dalinta-serdimi\/#primaryimage"},"thumbnailUrl":"https:\/\/enviteka.lt\/wp-content\/uploads\/2024\/10\/ESCOVAS-CILINDRICAS-NUCLEO-DIVIDIDO-ROLOS-Modelo-T.43-EDR-2-1.jpg.webp","datePublished":"2024-10-16T10:58:23+00:00","dateModified":"2025-02-13T16:24:33+00:00","description":"Cilindriniai \u0161epe\u010diai dalyta \u0161erdimi \u2013 tai \u0161epe\u010diai, kuri\u0173 \u0161erdis yra padalinta, kad b\u016bt\u0173 lengviau montuojami, kei\u010diamas \u0161eri\u0173 tankis ar konfig\u016bracija.","breadcrumb":{"@id":"https:\/\/enviteka.lt\/produktas\/cilindriniai-sepeciai-dalinta-serdimi\/#breadcrumb"},"inLanguage":"en-US","potentialAction":[{"@type":"ReadAction","target":["https:\/\/enviteka.lt\/produktas\/cilindriniai-sepeciai-dalinta-serdimi\/"]}]},{"@type":"ImageObject","inLanguage":"en-US","@id":"https:\/\/enviteka.lt\/produktas\/cilindriniai-sepeciai-dalinta-serdimi\/#primaryimage","url":"https:\/\/enviteka.lt\/wp-content\/uploads\/2024\/10\/ESCOVAS-CILINDRICAS-NUCLEO-DIVIDIDO-ROLOS-Modelo-T.43-EDR-2-1.jpg.webp","contentUrl":"https:\/\/enviteka.lt\/wp-content\/uploads\/2024\/10\/ESCOVAS-CILINDRICAS-NUCLEO-DIVIDIDO-ROLOS-Modelo-T.43-EDR-2-1.jpg.webp","width":370,"height":370},{"@type":"BreadcrumbList","@id":"https:\/\/enviteka.lt\/produktas\/cilindriniai-sepeciai-dalinta-serdimi\/#breadcrumb","itemListElement":[{"@type":"ListItem","position":1,"name":"Home","item":"https:\/\/enviteka.lt\/"},{"@type":"ListItem","position":2,"name":"Produktai","item":"https:\/\/enviteka.lt\/produktai\/"},{"@type":"ListItem","position":3,"name":"Cilindriniai \u0161epe\u010diai dalyta \u0161erdimi"}]},{"@type":"WebSite","@id":"https:\/\/enviteka.lt\/#website","url":"https:\/\/enviteka.lt\/","name":"ENVITEKA","description":"pramonin\u0117s \u012frangos tiek\u0117jas","publisher":{"@id":"https:\/\/enviteka.lt\/#organization"},"potentialAction":[{"@type":"SearchAction","target":{"@type":"EntryPoint","urlTemplate":"https:\/\/enviteka.lt\/?s={search_term_string}"},"query-input":{"@type":"PropertyValueSpecification","valueRequired":true,"valueName":"search_term_string"}}],"inLanguage":"en-US"},{"@type":"Organization","@id":"https:\/\/enviteka.lt\/#organization","name":"ENVITEKA","url":"https:\/\/enviteka.lt\/","logo":{"@type":"ImageObject","inLanguage":"en-US","@id":"https:\/\/enviteka.lt\/#\/schema\/logo\/image\/","url":"https:\/\/enviteka.lt\/wp-content\/uploads\/2024\/10\/enviteka-high-resolution-logo-transparent-e1742852093377.png","contentUrl":"https:\/\/enviteka.lt\/wp-content\/uploads\/2024\/10\/enviteka-high-resolution-logo-transparent-e1742852093377.png","width":424,"height":150,"caption":"ENVITEKA"},"image":{"@id":"https:\/\/enviteka.lt\/#\/schema\/logo\/image\/"}}]}},"_links":{"self":[{"href":"https:\/\/enviteka.lt\/en\/wp-json\/wp\/v2\/product\/608","targetHints":{"allow":["GET"]}}],"collection":[{"href":"https:\/\/enviteka.lt\/en\/wp-json\/wp\/v2\/product"}],"about":[{"href":"https:\/\/enviteka.lt\/en\/wp-json\/wp\/v2\/types\/product"}],"wp:featuredmedia":[{"embeddable":true,"href":"https:\/\/enviteka.lt\/en\/wp-json\/wp\/v2\/media\/609"}],"wp:attachment":[{"href":"https:\/\/enviteka.lt\/en\/wp-json\/wp\/v2\/media?parent=608"}],"wp:term":[{"taxonomy":"product_brand","embeddable":true,"href":"https:\/\/enviteka.lt\/en\/wp-json\/wp\/v2\/product_brand?post=608"},{"taxonomy":"product_cat","embeddable":true,"href":"https:\/\/enviteka.lt\/en\/wp-json\/wp\/v2\/product_cat?post=608"},{"taxonomy":"product_tag","embeddable":true,"href":"https:\/\/enviteka.lt\/en\/wp-json\/wp\/v2\/product_tag?post=608"}],"curies":[{"name":"wp","href":"https:\/\/api.w.org\/{rel}","templated":true}]}}