{"id":573,"date":"2024-10-16T10:40:15","date_gmt":"2024-10-16T10:40:15","guid":{"rendered":"https:\/\/enviteka.lt\/?post_type=product&#038;p=573"},"modified":"2025-03-05T18:26:26","modified_gmt":"2025-03-05T18:26:26","slug":"maisto-klases-konvejerio-ritineliai","status":"publish","type":"product","link":"https:\/\/enviteka.lt\/en\/product\/maisto-klases-konvejerio-ritineliai\/","title":{"rendered":"Maisto klas\u0117s konvejerio ritin\u0117liai"},"content":{"rendered":"<p>MRT Australia si\u016blo plat\u0173 maistui skirt\u0173 konvejeri\u0173 ritin\u0117li\u0173 asortiment\u0105, kuris idealiai tinka \u012fvairioms pramon\u0117s \u0161akoms, ypa\u010d maisto perdirbimo, pakavimo ir \u0161aldymo sand\u0117liavimo sektoriuose. Konvejeri\u0173 ritin\u0117liai atitinka auk\u0161\u010diausius higienos ir saugos standartus, kad u\u017etikrint\u0173 optimal\u0173 efektyvum\u0105 ir patikimum\u0105 j\u016bs\u0173 darbo aplinkoje.<\/p>\n<p><strong>Pagrindin\u0117s savyb\u0117s:<\/strong><\/p>\n<p>Higieni\u0161ki ir plaunami volai \u2013 specialiai sukurti, kad b\u016bt\u0173 lengvai valomi ir tinkami maisto ir farmacijos pramon\u0117ms.<br \/>\nSkirtingos med\u017eiagos \u2013 galimyb\u0117 pasirinkti poliamid\u0105 (nailon\u0105), polipropilen\u0105, PVC ar ner\u016bdijan\u010dio plieno vamzd\u017eius, priklausomai nuo j\u016bs\u0173 darbo aplinkos.<br \/>\nPatikimumas \u017eemoje temperat\u016broje \u2013 m\u016bs\u0173 konvejeri\u0173 ritin\u0117liai puikiai veikia ir \u017eemos temperat\u016bros s\u0105lygomis, idealiai tinka \u0161aldymo sand\u0117liavimui.<br \/>\nDaugiakryp\u010diai volai \u2013 \u0161ie volai leid\u017eia pasiekti geresn\u012f manevringum\u0105 ir efektyvum\u0105, ypa\u010d dirbant su mink\u0161tomis med\u017eiagomis ir dr\u0117gnomis aplinkomis.<br \/>\nTylus veikimas ir ma\u017eas \u017eym\u0117jimas \u2013 idealiai tinka aplinkoms, kur reikia ma\u017eo triuk\u0161mo ir minimalios \u017eym\u0117s.<\/p>\n<p><strong>Susisiekite su mumis<\/strong>, kad su\u017einotum\u0117te daugiau apie maistui skirtus konvejeri\u0173 ritin\u0117lius ir su\u017einokite, kaip mes galime pritaikyti sistem\u0105, kuri geriausiai atitinka j\u016bs\u0173 specifinius poreikius.<\/p>","protected":false},"excerpt":{"rendered":"<p>MRT Australia si\u016blo plat\u0173 maistui skirt\u0173 konvejeri\u0173 ritin\u0117li\u0173 asortiment\u0105, kuris idealiai tinka \u012fvairioms pramon\u0117s \u0161akoms, ypa\u010d maisto perdirbimo, pakavimo ir [&hellip;]<\/p>","protected":false},"featured_media":574,"template":"","meta":{"site-sidebar-layout":"default","site-content-layout":"","ast-site-content-layout":"default","site-content-style":"default","site-sidebar-style":"default","ast-global-header-display":"","ast-banner-title-visibility":"","ast-main-header-display":"","ast-hfb-above-header-display":"","ast-hfb-below-header-display":"","ast-hfb-mobile-header-display":"","site-post-title":"","ast-breadcrumbs-content":"","ast-featured-img":"","footer-sml-layout":"","ast-disable-related-posts":"","theme-transparent-header-meta":"default","adv-header-id-meta":"","stick-header-meta":"","header-above-stick-meta":"","header-main-stick-meta":"","header-below-stick-meta":"","astra-migrate-meta-layouts":"set","ast-page-background-enabled":"default","ast-page-background-meta":{"desktop":{"background-color":"var(--ast-global-color-4)","background-image":"","background-repeat":"repeat","background-position":"center center","background-size":"auto","background-attachment":"scroll","background-type":"","background-media":"","overlay-type":"","overlay-color":"","overlay-opacity":"","overlay-gradient":""},"tablet":{"background-color":"","background-image":"","background-repeat":"repeat","background-position":"center center","background-size":"auto","background-attachment":"scroll","background-type":"","background-media":"","overlay-type":"","overlay-color":"","overlay-opacity":"","overlay-gradient":""},"mobile":{"background-color":"","background-image":"","background-repeat":"repeat","background-position":"center center","background-size":"auto","background-attachment":"scroll","background-type":"","background-media":"","overlay-type":"","overlay-color":"","overlay-opacity":"","overlay-gradient":""}},"ast-content-background-meta":{"desktop":{"background-color":"var(--ast-global-color-5)","background-image":"","background-repeat":"repeat","background-position":"center center","background-size":"auto","background-attachment":"scroll","background-type":"","background-media":"","overlay-type":"","overlay-color":"","overlay-opacity":"","overlay-gradient":""},"tablet":{"background-color":"var(--ast-global-color-5)","background-image":"","background-repeat":"repeat","background-position":"center center","background-size":"auto","background-attachment":"scroll","background-type":"","background-media":"","overlay-type":"","overlay-color":"","overlay-opacity":"","overlay-gradient":""},"mobile":{"background-color":"var(--ast-global-color-5)","background-image":"","background-repeat":"repeat","background-position":"center center","background-size":"auto","background-attachment":"scroll","background-type":"","background-media":"","overlay-type":"","overlay-color":"","overlay-opacity":"","overlay-gradient":""}}},"product_brand":[],"product_cat":[84],"product_tag":[],"class_list":{"0":"post-573","1":"product","2":"type-product","3":"status-publish","4":"has-post-thumbnail","6":"product_cat-konvejeriu-ritineliai","7":"desktop-align-left","8":"tablet-align-left","9":"mobile-align-left","11":"first","12":"instock","13":"shipping-taxable","14":"purchasable","15":"product-type-simple"},"yoast_head":"<!-- This site is optimized with the Yoast SEO plugin v27.3 - https:\/\/yoast.com\/product\/yoast-seo-wordpress\/ -->\n<title>Maisto klas\u0117s konvejerio ritin\u0117liai - ENVITEKA<\/title>\n<meta name=\"description\" content=\"Konvejeri\u0173 ritin\u0117liai atitinka auk\u0161\u010diausius higienos ir saugos standartus, kad u\u017etikrint\u0173 optimal\u0173 efektyvum\u0105 ir patikimum\u0105 j\u016bs\u0173 darbo aplinkoje.\" \/>\n<meta name=\"robots\" content=\"index, follow, max-snippet:-1, max-image-preview:large, max-video-preview:-1\" \/>\n<link rel=\"canonical\" href=\"https:\/\/enviteka.lt\/en\/product\/maisto-klases-konvejerio-ritineliai\/\" \/>\n<meta property=\"og:locale\" content=\"en_US\" \/>\n<meta property=\"og:type\" content=\"article\" \/>\n<meta property=\"og:title\" content=\"Maisto klas\u0117s konvejerio ritin\u0117liai - ENVITEKA\" \/>\n<meta property=\"og:description\" content=\"Konvejeri\u0173 ritin\u0117liai atitinka auk\u0161\u010diausius higienos ir saugos standartus, kad u\u017etikrint\u0173 optimal\u0173 efektyvum\u0105 ir patikimum\u0105 j\u016bs\u0173 darbo aplinkoje.\" \/>\n<meta property=\"og:url\" content=\"https:\/\/enviteka.lt\/en\/product\/maisto-klases-konvejerio-ritineliai\/\" \/>\n<meta property=\"og:site_name\" content=\"ENVITEKA\" \/>\n<meta property=\"article:modified_time\" content=\"2025-03-05T18:26:26+00:00\" \/>\n<meta property=\"og:image\" content=\"https:\/\/enviteka.lt\/wp-content\/uploads\/2024\/10\/roller.png\" \/>\n\t<meta property=\"og:image:width\" content=\"461\" \/>\n\t<meta property=\"og:image:height\" content=\"353\" \/>\n\t<meta property=\"og:image:type\" content=\"image\/png\" \/>\n<meta name=\"twitter:card\" content=\"summary_large_image\" \/>\n<meta name=\"twitter:label1\" content=\"Est. reading time\" \/>\n\t<meta name=\"twitter:data1\" content=\"2 minutes\" \/>\n<script type=\"application\/ld+json\" class=\"yoast-schema-graph\">{\"@context\":\"https:\\\/\\\/schema.org\",\"@graph\":[{\"@type\":\"WebPage\",\"@id\":\"https:\\\/\\\/enviteka.lt\\\/produktas\\\/maisto-klases-konvejerio-ritineliai\\\/\",\"url\":\"https:\\\/\\\/enviteka.lt\\\/produktas\\\/maisto-klases-konvejerio-ritineliai\\\/\",\"name\":\"Maisto klas\u0117s konvejerio ritin\u0117liai - ENVITEKA\",\"isPartOf\":{\"@id\":\"https:\\\/\\\/enviteka.lt\\\/#website\"},\"primaryImageOfPage\":{\"@id\":\"https:\\\/\\\/enviteka.lt\\\/produktas\\\/maisto-klases-konvejerio-ritineliai\\\/#primaryimage\"},\"image\":{\"@id\":\"https:\\\/\\\/enviteka.lt\\\/produktas\\\/maisto-klases-konvejerio-ritineliai\\\/#primaryimage\"},\"thumbnailUrl\":\"https:\\\/\\\/enviteka.lt\\\/wp-content\\\/uploads\\\/2024\\\/10\\\/roller.png\",\"datePublished\":\"2024-10-16T10:40:15+00:00\",\"dateModified\":\"2025-03-05T18:26:26+00:00\",\"description\":\"Konvejeri\u0173 ritin\u0117liai atitinka auk\u0161\u010diausius higienos ir saugos standartus, kad u\u017etikrint\u0173 optimal\u0173 efektyvum\u0105 ir patikimum\u0105 j\u016bs\u0173 darbo aplinkoje.\",\"breadcrumb\":{\"@id\":\"https:\\\/\\\/enviteka.lt\\\/produktas\\\/maisto-klases-konvejerio-ritineliai\\\/#breadcrumb\"},\"inLanguage\":\"en-US\",\"potentialAction\":[{\"@type\":\"ReadAction\",\"target\":[\"https:\\\/\\\/enviteka.lt\\\/produktas\\\/maisto-klases-konvejerio-ritineliai\\\/\"]}]},{\"@type\":\"ImageObject\",\"inLanguage\":\"en-US\",\"@id\":\"https:\\\/\\\/enviteka.lt\\\/produktas\\\/maisto-klases-konvejerio-ritineliai\\\/#primaryimage\",\"url\":\"https:\\\/\\\/enviteka.lt\\\/wp-content\\\/uploads\\\/2024\\\/10\\\/roller.png\",\"contentUrl\":\"https:\\\/\\\/enviteka.lt\\\/wp-content\\\/uploads\\\/2024\\\/10\\\/roller.png\",\"width\":461,\"height\":353},{\"@type\":\"BreadcrumbList\",\"@id\":\"https:\\\/\\\/enviteka.lt\\\/produktas\\\/maisto-klases-konvejerio-ritineliai\\\/#breadcrumb\",\"itemListElement\":[{\"@type\":\"ListItem\",\"position\":1,\"name\":\"Home\",\"item\":\"https:\\\/\\\/enviteka.lt\\\/\"},{\"@type\":\"ListItem\",\"position\":2,\"name\":\"Produktai\",\"item\":\"https:\\\/\\\/enviteka.lt\\\/produktai\\\/\"},{\"@type\":\"ListItem\",\"position\":3,\"name\":\"Maisto klas\u0117s konvejerio ritin\u0117liai\"}]},{\"@type\":\"WebSite\",\"@id\":\"https:\\\/\\\/enviteka.lt\\\/#website\",\"url\":\"https:\\\/\\\/enviteka.lt\\\/\",\"name\":\"ENVITEKA\",\"description\":\"pramonin\u0117s \u012frangos tiek\u0117jas\",\"publisher\":{\"@id\":\"https:\\\/\\\/enviteka.lt\\\/#organization\"},\"potentialAction\":[{\"@type\":\"SearchAction\",\"target\":{\"@type\":\"EntryPoint\",\"urlTemplate\":\"https:\\\/\\\/enviteka.lt\\\/?s={search_term_string}\"},\"query-input\":{\"@type\":\"PropertyValueSpecification\",\"valueRequired\":true,\"valueName\":\"search_term_string\"}}],\"inLanguage\":\"en-US\"},{\"@type\":\"Organization\",\"@id\":\"https:\\\/\\\/enviteka.lt\\\/#organization\",\"name\":\"ENVITEKA\",\"url\":\"https:\\\/\\\/enviteka.lt\\\/\",\"logo\":{\"@type\":\"ImageObject\",\"inLanguage\":\"en-US\",\"@id\":\"https:\\\/\\\/enviteka.lt\\\/#\\\/schema\\\/logo\\\/image\\\/\",\"url\":\"https:\\\/\\\/enviteka.lt\\\/wp-content\\\/uploads\\\/2024\\\/10\\\/enviteka-high-resolution-logo-transparent-e1742852093377.png\",\"contentUrl\":\"https:\\\/\\\/enviteka.lt\\\/wp-content\\\/uploads\\\/2024\\\/10\\\/enviteka-high-resolution-logo-transparent-e1742852093377.png\",\"width\":424,\"height\":150,\"caption\":\"ENVITEKA\"},\"image\":{\"@id\":\"https:\\\/\\\/enviteka.lt\\\/#\\\/schema\\\/logo\\\/image\\\/\"}}]}<\/script>\n<!-- \/ Yoast SEO plugin. -->","yoast_head_json":{"title":"Maisto klas\u0117s konvejerio ritin\u0117liai - ENVITEKA","description":"Konvejeri\u0173 ritin\u0117liai atitinka auk\u0161\u010diausius higienos ir saugos standartus, kad u\u017etikrint\u0173 optimal\u0173 efektyvum\u0105 ir patikimum\u0105 j\u016bs\u0173 darbo aplinkoje.","robots":{"index":"index","follow":"follow","max-snippet":"max-snippet:-1","max-image-preview":"max-image-preview:large","max-video-preview":"max-video-preview:-1"},"canonical":"https:\/\/enviteka.lt\/en\/product\/maisto-klases-konvejerio-ritineliai\/","og_locale":"en_US","og_type":"article","og_title":"Maisto klas\u0117s konvejerio ritin\u0117liai - ENVITEKA","og_description":"Konvejeri\u0173 ritin\u0117liai atitinka auk\u0161\u010diausius higienos ir saugos standartus, kad u\u017etikrint\u0173 optimal\u0173 efektyvum\u0105 ir patikimum\u0105 j\u016bs\u0173 darbo aplinkoje.","og_url":"https:\/\/enviteka.lt\/en\/product\/maisto-klases-konvejerio-ritineliai\/","og_site_name":"ENVITEKA","article_modified_time":"2025-03-05T18:26:26+00:00","og_image":[{"width":461,"height":353,"url":"https:\/\/enviteka.lt\/wp-content\/uploads\/2024\/10\/roller.png","type":"image\/png"}],"twitter_card":"summary_large_image","twitter_misc":{"Est. reading time":"2 minutes"},"schema":{"@context":"https:\/\/schema.org","@graph":[{"@type":"WebPage","@id":"https:\/\/enviteka.lt\/produktas\/maisto-klases-konvejerio-ritineliai\/","url":"https:\/\/enviteka.lt\/produktas\/maisto-klases-konvejerio-ritineliai\/","name":"Maisto klas\u0117s konvejerio ritin\u0117liai - ENVITEKA","isPartOf":{"@id":"https:\/\/enviteka.lt\/#website"},"primaryImageOfPage":{"@id":"https:\/\/enviteka.lt\/produktas\/maisto-klases-konvejerio-ritineliai\/#primaryimage"},"image":{"@id":"https:\/\/enviteka.lt\/produktas\/maisto-klases-konvejerio-ritineliai\/#primaryimage"},"thumbnailUrl":"https:\/\/enviteka.lt\/wp-content\/uploads\/2024\/10\/roller.png","datePublished":"2024-10-16T10:40:15+00:00","dateModified":"2025-03-05T18:26:26+00:00","description":"Konvejeri\u0173 ritin\u0117liai atitinka auk\u0161\u010diausius higienos ir saugos standartus, kad u\u017etikrint\u0173 optimal\u0173 efektyvum\u0105 ir patikimum\u0105 j\u016bs\u0173 darbo aplinkoje.","breadcrumb":{"@id":"https:\/\/enviteka.lt\/produktas\/maisto-klases-konvejerio-ritineliai\/#breadcrumb"},"inLanguage":"en-US","potentialAction":[{"@type":"ReadAction","target":["https:\/\/enviteka.lt\/produktas\/maisto-klases-konvejerio-ritineliai\/"]}]},{"@type":"ImageObject","inLanguage":"en-US","@id":"https:\/\/enviteka.lt\/produktas\/maisto-klases-konvejerio-ritineliai\/#primaryimage","url":"https:\/\/enviteka.lt\/wp-content\/uploads\/2024\/10\/roller.png","contentUrl":"https:\/\/enviteka.lt\/wp-content\/uploads\/2024\/10\/roller.png","width":461,"height":353},{"@type":"BreadcrumbList","@id":"https:\/\/enviteka.lt\/produktas\/maisto-klases-konvejerio-ritineliai\/#breadcrumb","itemListElement":[{"@type":"ListItem","position":1,"name":"Home","item":"https:\/\/enviteka.lt\/"},{"@type":"ListItem","position":2,"name":"Produktai","item":"https:\/\/enviteka.lt\/produktai\/"},{"@type":"ListItem","position":3,"name":"Maisto klas\u0117s konvejerio ritin\u0117liai"}]},{"@type":"WebSite","@id":"https:\/\/enviteka.lt\/#website","url":"https:\/\/enviteka.lt\/","name":"ENVITEKA","description":"pramonin\u0117s \u012frangos tiek\u0117jas","publisher":{"@id":"https:\/\/enviteka.lt\/#organization"},"potentialAction":[{"@type":"SearchAction","target":{"@type":"EntryPoint","urlTemplate":"https:\/\/enviteka.lt\/?s={search_term_string}"},"query-input":{"@type":"PropertyValueSpecification","valueRequired":true,"valueName":"search_term_string"}}],"inLanguage":"en-US"},{"@type":"Organization","@id":"https:\/\/enviteka.lt\/#organization","name":"ENVITEKA","url":"https:\/\/enviteka.lt\/","logo":{"@type":"ImageObject","inLanguage":"en-US","@id":"https:\/\/enviteka.lt\/#\/schema\/logo\/image\/","url":"https:\/\/enviteka.lt\/wp-content\/uploads\/2024\/10\/enviteka-high-resolution-logo-transparent-e1742852093377.png","contentUrl":"https:\/\/enviteka.lt\/wp-content\/uploads\/2024\/10\/enviteka-high-resolution-logo-transparent-e1742852093377.png","width":424,"height":150,"caption":"ENVITEKA"},"image":{"@id":"https:\/\/enviteka.lt\/#\/schema\/logo\/image\/"}}]}},"_links":{"self":[{"href":"https:\/\/enviteka.lt\/en\/wp-json\/wp\/v2\/product\/573","targetHints":{"allow":["GET"]}}],"collection":[{"href":"https:\/\/enviteka.lt\/en\/wp-json\/wp\/v2\/product"}],"about":[{"href":"https:\/\/enviteka.lt\/en\/wp-json\/wp\/v2\/types\/product"}],"wp:featuredmedia":[{"embeddable":true,"href":"https:\/\/enviteka.lt\/en\/wp-json\/wp\/v2\/media\/574"}],"wp:attachment":[{"href":"https:\/\/enviteka.lt\/en\/wp-json\/wp\/v2\/media?parent=573"}],"wp:term":[{"taxonomy":"product_brand","embeddable":true,"href":"https:\/\/enviteka.lt\/en\/wp-json\/wp\/v2\/product_brand?post=573"},{"taxonomy":"product_cat","embeddable":true,"href":"https:\/\/enviteka.lt\/en\/wp-json\/wp\/v2\/product_cat?post=573"},{"taxonomy":"product_tag","embeddable":true,"href":"https:\/\/enviteka.lt\/en\/wp-json\/wp\/v2\/product_tag?post=573"}],"curies":[{"name":"wp","href":"https:\/\/api.w.org\/{rel}","templated":true}]}}