{"id":568,"date":"2024-10-16T10:38:57","date_gmt":"2024-10-16T10:38:57","guid":{"rendered":"https:\/\/enviteka.lt\/?post_type=product&#038;p=568"},"modified":"2025-03-05T18:10:29","modified_gmt":"2025-03-05T18:10:29","slug":"dideles-apkrovos-konvejeriu-volai","status":"publish","type":"product","link":"https:\/\/enviteka.lt\/en\/product\/dideles-apkrovos-konvejeriu-volai\/","title":{"rendered":"Didel\u0117s apkrovos konvejeri\u0173 volai"},"content":{"rendered":"<p>Tiekiame plat\u0173 sunki\u0173j\u0173 konvejeri\u0173 vol\u0173 asortiment\u0105, pritaikyt\u0105 gamybos, sand\u0117liavimo ir surinkimo procesams. Bendradarbiavimas su MRT Australia leid\u017eia mums pasi\u016blyti novatori\u0161kus sprendimus, kurie u\u017etikrina efektyv\u0173 darb\u0105 ir ilgalaik\u012f patikimum\u0105.<\/p>\n<p><strong>Kod\u0117l verta rinktis m\u016bs\u0173 konvejeri\u0173 volus?<\/strong><br \/>\n\u012eperkami ir patikimi \u2013 auk\u0161tas na\u0161umas u\u017e konkurencing\u0105 kain\u0105<br \/>\nStandartiniai ir k\u016bginiai volai \u2013 \u012fvairiems transportavimo poreikiams<br \/>\nPrisitaikymas prie poreiki\u0173 \u2013 galimyb\u0117 integruoti \u012f esamas sistemas<\/p>\n<p><strong>Susisiekite su mumis<\/strong> \u2013 pad\u0117sime sukurti efektyvi\u0105 ir patikim\u0105 konvejerio sistem\u0105!<\/p>","protected":false},"excerpt":{"rendered":"<p>Tiekiame plat\u0173 sunki\u0173j\u0173 konvejeri\u0173 vol\u0173 asortiment\u0105, pritaikyt\u0105 gamybos, sand\u0117liavimo ir surinkimo procesams. Bendradarbiavimas su MRT Australia leid\u017eia mums pasi\u016blyti novatori\u0161kus [&hellip;]<\/p>","protected":false},"featured_media":569,"template":"","meta":{"site-sidebar-layout":"default","site-content-layout":"","ast-site-content-layout":"default","site-content-style":"default","site-sidebar-style":"default","ast-global-header-display":"","ast-banner-title-visibility":"","ast-main-header-display":"","ast-hfb-above-header-display":"","ast-hfb-below-header-display":"","ast-hfb-mobile-header-display":"","site-post-title":"","ast-breadcrumbs-content":"","ast-featured-img":"","footer-sml-layout":"","ast-disable-related-posts":"","theme-transparent-header-meta":"default","adv-header-id-meta":"","stick-header-meta":"","header-above-stick-meta":"","header-main-stick-meta":"","header-below-stick-meta":"","astra-migrate-meta-layouts":"set","ast-page-background-enabled":"default","ast-page-background-meta":{"desktop":{"background-color":"var(--ast-global-color-4)","background-image":"","background-repeat":"repeat","background-position":"center center","background-size":"auto","background-attachment":"scroll","background-type":"","background-media":"","overlay-type":"","overlay-color":"","overlay-opacity":"","overlay-gradient":""},"tablet":{"background-color":"","background-image":"","background-repeat":"repeat","background-position":"center center","background-size":"auto","background-attachment":"scroll","background-type":"","background-media":"","overlay-type":"","overlay-color":"","overlay-opacity":"","overlay-gradient":""},"mobile":{"background-color":"","background-image":"","background-repeat":"repeat","background-position":"center center","background-size":"auto","background-attachment":"scroll","background-type":"","background-media":"","overlay-type":"","overlay-color":"","overlay-opacity":"","overlay-gradient":""}},"ast-content-background-meta":{"desktop":{"background-color":"var(--ast-global-color-5)","background-image":"","background-repeat":"repeat","background-position":"center center","background-size":"auto","background-attachment":"scroll","background-type":"","background-media":"","overlay-type":"","overlay-color":"","overlay-opacity":"","overlay-gradient":""},"tablet":{"background-color":"var(--ast-global-color-5)","background-image":"","background-repeat":"repeat","background-position":"center center","background-size":"auto","background-attachment":"scroll","background-type":"","background-media":"","overlay-type":"","overlay-color":"","overlay-opacity":"","overlay-gradient":""},"mobile":{"background-color":"var(--ast-global-color-5)","background-image":"","background-repeat":"repeat","background-position":"center center","background-size":"auto","background-attachment":"scroll","background-type":"","background-media":"","overlay-type":"","overlay-color":"","overlay-opacity":"","overlay-gradient":""}}},"product_brand":[],"product_cat":[84],"product_tag":[],"class_list":{"0":"post-568","1":"product","2":"type-product","3":"status-publish","4":"has-post-thumbnail","6":"product_cat-konvejeriu-ritineliai","7":"desktop-align-left","8":"tablet-align-left","9":"mobile-align-left","11":"first","12":"instock","13":"shipping-taxable","14":"purchasable","15":"product-type-simple"},"yoast_head":"<!-- This site is optimized with the Yoast SEO plugin v27.3 - https:\/\/yoast.com\/product\/yoast-seo-wordpress\/ -->\n<title>Didel\u0117s apkrovos konvejeri\u0173 volai - ENVITEKA<\/title>\n<meta name=\"description\" content=\"Tiekiame plat\u0173 sunki\u0173j\u0173 konvejeri\u0173 ritin\u0117li\u0173 asortiment\u0105, pritaikyt\u0105 gamybos, sand\u0117liavimo ir surinkimo procesams.\" \/>\n<meta name=\"robots\" content=\"index, follow, max-snippet:-1, max-image-preview:large, max-video-preview:-1\" \/>\n<link rel=\"canonical\" href=\"https:\/\/enviteka.lt\/en\/product\/dideles-apkrovos-konvejeriu-volai\/\" \/>\n<meta property=\"og:locale\" content=\"en_US\" \/>\n<meta property=\"og:type\" content=\"article\" \/>\n<meta property=\"og:title\" content=\"Didel\u0117s apkrovos konvejeri\u0173 volai - ENVITEKA\" \/>\n<meta property=\"og:description\" content=\"Tiekiame plat\u0173 sunki\u0173j\u0173 konvejeri\u0173 ritin\u0117li\u0173 asortiment\u0105, pritaikyt\u0105 gamybos, sand\u0117liavimo ir surinkimo procesams.\" \/>\n<meta property=\"og:url\" content=\"https:\/\/enviteka.lt\/en\/product\/dideles-apkrovos-konvejeriu-volai\/\" \/>\n<meta property=\"og:site_name\" content=\"ENVITEKA\" \/>\n<meta property=\"article:modified_time\" content=\"2025-03-05T18:10:29+00:00\" \/>\n<meta property=\"og:image\" content=\"https:\/\/enviteka.lt\/wp-content\/uploads\/2024\/10\/Heavy-duty-conveyor-rollers.jpg\" \/>\n\t<meta property=\"og:image:width\" content=\"460\" \/>\n\t<meta property=\"og:image:height\" content=\"353\" \/>\n\t<meta property=\"og:image:type\" content=\"image\/jpeg\" \/>\n<meta name=\"twitter:card\" content=\"summary_large_image\" \/>\n<meta name=\"twitter:label1\" content=\"Est. reading time\" \/>\n\t<meta name=\"twitter:data1\" content=\"1 minute\" \/>\n<script type=\"application\/ld+json\" class=\"yoast-schema-graph\">{\"@context\":\"https:\\\/\\\/schema.org\",\"@graph\":[{\"@type\":\"WebPage\",\"@id\":\"https:\\\/\\\/enviteka.lt\\\/produktas\\\/dideles-apkrovos-konvejeriu-volai\\\/\",\"url\":\"https:\\\/\\\/enviteka.lt\\\/produktas\\\/dideles-apkrovos-konvejeriu-volai\\\/\",\"name\":\"Didel\u0117s apkrovos konvejeri\u0173 volai - ENVITEKA\",\"isPartOf\":{\"@id\":\"https:\\\/\\\/enviteka.lt\\\/#website\"},\"primaryImageOfPage\":{\"@id\":\"https:\\\/\\\/enviteka.lt\\\/produktas\\\/dideles-apkrovos-konvejeriu-volai\\\/#primaryimage\"},\"image\":{\"@id\":\"https:\\\/\\\/enviteka.lt\\\/produktas\\\/dideles-apkrovos-konvejeriu-volai\\\/#primaryimage\"},\"thumbnailUrl\":\"https:\\\/\\\/enviteka.lt\\\/wp-content\\\/uploads\\\/2024\\\/10\\\/Heavy-duty-conveyor-rollers.jpg\",\"datePublished\":\"2024-10-16T10:38:57+00:00\",\"dateModified\":\"2025-03-05T18:10:29+00:00\",\"description\":\"Tiekiame plat\u0173 sunki\u0173j\u0173 konvejeri\u0173 ritin\u0117li\u0173 asortiment\u0105, pritaikyt\u0105 gamybos, sand\u0117liavimo ir surinkimo procesams.\",\"breadcrumb\":{\"@id\":\"https:\\\/\\\/enviteka.lt\\\/produktas\\\/dideles-apkrovos-konvejeriu-volai\\\/#breadcrumb\"},\"inLanguage\":\"en-US\",\"potentialAction\":[{\"@type\":\"ReadAction\",\"target\":[\"https:\\\/\\\/enviteka.lt\\\/produktas\\\/dideles-apkrovos-konvejeriu-volai\\\/\"]}]},{\"@type\":\"ImageObject\",\"inLanguage\":\"en-US\",\"@id\":\"https:\\\/\\\/enviteka.lt\\\/produktas\\\/dideles-apkrovos-konvejeriu-volai\\\/#primaryimage\",\"url\":\"https:\\\/\\\/enviteka.lt\\\/wp-content\\\/uploads\\\/2024\\\/10\\\/Heavy-duty-conveyor-rollers.jpg\",\"contentUrl\":\"https:\\\/\\\/enviteka.lt\\\/wp-content\\\/uploads\\\/2024\\\/10\\\/Heavy-duty-conveyor-rollers.jpg\",\"width\":460,\"height\":353},{\"@type\":\"BreadcrumbList\",\"@id\":\"https:\\\/\\\/enviteka.lt\\\/produktas\\\/dideles-apkrovos-konvejeriu-volai\\\/#breadcrumb\",\"itemListElement\":[{\"@type\":\"ListItem\",\"position\":1,\"name\":\"Home\",\"item\":\"https:\\\/\\\/enviteka.lt\\\/\"},{\"@type\":\"ListItem\",\"position\":2,\"name\":\"Produktai\",\"item\":\"https:\\\/\\\/enviteka.lt\\\/produktai\\\/\"},{\"@type\":\"ListItem\",\"position\":3,\"name\":\"Didel\u0117s apkrovos konvejeri\u0173 volai\"}]},{\"@type\":\"WebSite\",\"@id\":\"https:\\\/\\\/enviteka.lt\\\/#website\",\"url\":\"https:\\\/\\\/enviteka.lt\\\/\",\"name\":\"ENVITEKA\",\"description\":\"pramonin\u0117s \u012frangos tiek\u0117jas\",\"publisher\":{\"@id\":\"https:\\\/\\\/enviteka.lt\\\/#organization\"},\"potentialAction\":[{\"@type\":\"SearchAction\",\"target\":{\"@type\":\"EntryPoint\",\"urlTemplate\":\"https:\\\/\\\/enviteka.lt\\\/?s={search_term_string}\"},\"query-input\":{\"@type\":\"PropertyValueSpecification\",\"valueRequired\":true,\"valueName\":\"search_term_string\"}}],\"inLanguage\":\"en-US\"},{\"@type\":\"Organization\",\"@id\":\"https:\\\/\\\/enviteka.lt\\\/#organization\",\"name\":\"ENVITEKA\",\"url\":\"https:\\\/\\\/enviteka.lt\\\/\",\"logo\":{\"@type\":\"ImageObject\",\"inLanguage\":\"en-US\",\"@id\":\"https:\\\/\\\/enviteka.lt\\\/#\\\/schema\\\/logo\\\/image\\\/\",\"url\":\"https:\\\/\\\/enviteka.lt\\\/wp-content\\\/uploads\\\/2024\\\/10\\\/enviteka-high-resolution-logo-transparent-e1742852093377.png\",\"contentUrl\":\"https:\\\/\\\/enviteka.lt\\\/wp-content\\\/uploads\\\/2024\\\/10\\\/enviteka-high-resolution-logo-transparent-e1742852093377.png\",\"width\":424,\"height\":150,\"caption\":\"ENVITEKA\"},\"image\":{\"@id\":\"https:\\\/\\\/enviteka.lt\\\/#\\\/schema\\\/logo\\\/image\\\/\"}}]}<\/script>\n<!-- \/ Yoast SEO plugin. -->","yoast_head_json":{"title":"Didel\u0117s apkrovos konvejeri\u0173 volai - ENVITEKA","description":"Tiekiame plat\u0173 sunki\u0173j\u0173 konvejeri\u0173 ritin\u0117li\u0173 asortiment\u0105, pritaikyt\u0105 gamybos, sand\u0117liavimo ir surinkimo procesams.","robots":{"index":"index","follow":"follow","max-snippet":"max-snippet:-1","max-image-preview":"max-image-preview:large","max-video-preview":"max-video-preview:-1"},"canonical":"https:\/\/enviteka.lt\/en\/product\/dideles-apkrovos-konvejeriu-volai\/","og_locale":"en_US","og_type":"article","og_title":"Didel\u0117s apkrovos konvejeri\u0173 volai - ENVITEKA","og_description":"Tiekiame plat\u0173 sunki\u0173j\u0173 konvejeri\u0173 ritin\u0117li\u0173 asortiment\u0105, pritaikyt\u0105 gamybos, sand\u0117liavimo ir surinkimo procesams.","og_url":"https:\/\/enviteka.lt\/en\/product\/dideles-apkrovos-konvejeriu-volai\/","og_site_name":"ENVITEKA","article_modified_time":"2025-03-05T18:10:29+00:00","og_image":[{"width":460,"height":353,"url":"https:\/\/enviteka.lt\/wp-content\/uploads\/2024\/10\/Heavy-duty-conveyor-rollers.jpg","type":"image\/jpeg"}],"twitter_card":"summary_large_image","twitter_misc":{"Est. reading time":"1 minute"},"schema":{"@context":"https:\/\/schema.org","@graph":[{"@type":"WebPage","@id":"https:\/\/enviteka.lt\/produktas\/dideles-apkrovos-konvejeriu-volai\/","url":"https:\/\/enviteka.lt\/produktas\/dideles-apkrovos-konvejeriu-volai\/","name":"Didel\u0117s apkrovos konvejeri\u0173 volai - ENVITEKA","isPartOf":{"@id":"https:\/\/enviteka.lt\/#website"},"primaryImageOfPage":{"@id":"https:\/\/enviteka.lt\/produktas\/dideles-apkrovos-konvejeriu-volai\/#primaryimage"},"image":{"@id":"https:\/\/enviteka.lt\/produktas\/dideles-apkrovos-konvejeriu-volai\/#primaryimage"},"thumbnailUrl":"https:\/\/enviteka.lt\/wp-content\/uploads\/2024\/10\/Heavy-duty-conveyor-rollers.jpg","datePublished":"2024-10-16T10:38:57+00:00","dateModified":"2025-03-05T18:10:29+00:00","description":"Tiekiame plat\u0173 sunki\u0173j\u0173 konvejeri\u0173 ritin\u0117li\u0173 asortiment\u0105, pritaikyt\u0105 gamybos, sand\u0117liavimo ir surinkimo procesams.","breadcrumb":{"@id":"https:\/\/enviteka.lt\/produktas\/dideles-apkrovos-konvejeriu-volai\/#breadcrumb"},"inLanguage":"en-US","potentialAction":[{"@type":"ReadAction","target":["https:\/\/enviteka.lt\/produktas\/dideles-apkrovos-konvejeriu-volai\/"]}]},{"@type":"ImageObject","inLanguage":"en-US","@id":"https:\/\/enviteka.lt\/produktas\/dideles-apkrovos-konvejeriu-volai\/#primaryimage","url":"https:\/\/enviteka.lt\/wp-content\/uploads\/2024\/10\/Heavy-duty-conveyor-rollers.jpg","contentUrl":"https:\/\/enviteka.lt\/wp-content\/uploads\/2024\/10\/Heavy-duty-conveyor-rollers.jpg","width":460,"height":353},{"@type":"BreadcrumbList","@id":"https:\/\/enviteka.lt\/produktas\/dideles-apkrovos-konvejeriu-volai\/#breadcrumb","itemListElement":[{"@type":"ListItem","position":1,"name":"Home","item":"https:\/\/enviteka.lt\/"},{"@type":"ListItem","position":2,"name":"Produktai","item":"https:\/\/enviteka.lt\/produktai\/"},{"@type":"ListItem","position":3,"name":"Didel\u0117s apkrovos konvejeri\u0173 volai"}]},{"@type":"WebSite","@id":"https:\/\/enviteka.lt\/#website","url":"https:\/\/enviteka.lt\/","name":"ENVITEKA","description":"pramonin\u0117s \u012frangos tiek\u0117jas","publisher":{"@id":"https:\/\/enviteka.lt\/#organization"},"potentialAction":[{"@type":"SearchAction","target":{"@type":"EntryPoint","urlTemplate":"https:\/\/enviteka.lt\/?s={search_term_string}"},"query-input":{"@type":"PropertyValueSpecification","valueRequired":true,"valueName":"search_term_string"}}],"inLanguage":"en-US"},{"@type":"Organization","@id":"https:\/\/enviteka.lt\/#organization","name":"ENVITEKA","url":"https:\/\/enviteka.lt\/","logo":{"@type":"ImageObject","inLanguage":"en-US","@id":"https:\/\/enviteka.lt\/#\/schema\/logo\/image\/","url":"https:\/\/enviteka.lt\/wp-content\/uploads\/2024\/10\/enviteka-high-resolution-logo-transparent-e1742852093377.png","contentUrl":"https:\/\/enviteka.lt\/wp-content\/uploads\/2024\/10\/enviteka-high-resolution-logo-transparent-e1742852093377.png","width":424,"height":150,"caption":"ENVITEKA"},"image":{"@id":"https:\/\/enviteka.lt\/#\/schema\/logo\/image\/"}}]}},"_links":{"self":[{"href":"https:\/\/enviteka.lt\/en\/wp-json\/wp\/v2\/product\/568","targetHints":{"allow":["GET"]}}],"collection":[{"href":"https:\/\/enviteka.lt\/en\/wp-json\/wp\/v2\/product"}],"about":[{"href":"https:\/\/enviteka.lt\/en\/wp-json\/wp\/v2\/types\/product"}],"wp:featuredmedia":[{"embeddable":true,"href":"https:\/\/enviteka.lt\/en\/wp-json\/wp\/v2\/media\/569"}],"wp:attachment":[{"href":"https:\/\/enviteka.lt\/en\/wp-json\/wp\/v2\/media?parent=568"}],"wp:term":[{"taxonomy":"product_brand","embeddable":true,"href":"https:\/\/enviteka.lt\/en\/wp-json\/wp\/v2\/product_brand?post=568"},{"taxonomy":"product_cat","embeddable":true,"href":"https:\/\/enviteka.lt\/en\/wp-json\/wp\/v2\/product_cat?post=568"},{"taxonomy":"product_tag","embeddable":true,"href":"https:\/\/enviteka.lt\/en\/wp-json\/wp\/v2\/product_tag?post=568"}],"curies":[{"name":"wp","href":"https:\/\/api.w.org\/{rel}","templated":true}]}}