{"id":562,"date":"2024-10-16T10:28:21","date_gmt":"2024-10-16T10:28:21","guid":{"rendered":"https:\/\/enviteka.lt\/?post_type=product&#038;p=562"},"modified":"2025-03-08T13:12:01","modified_gmt":"2025-03-08T13:12:01","slug":"ploksti-siurbtukai-o-8-iki-75-mm-vp-serija","status":"publish","type":"product","link":"https:\/\/enviteka.lt\/en\/product\/ploksti-siurbtukai-o-8-iki-75-mm-vp-serija\/","title":{"rendered":"Plok\u0161ti siurbtukai \u00d8 8 iki 75 mm, VP serija"},"content":{"rendered":"<p>VP serijos siurbtukai specialiai sukurti plok\u0161tiems, standiems ir lygiems gaminiams, u\u017etikrinant maksimal\u0173 sukibim\u0105 ir tikslum\u0105.<\/p>\n<p>Didel\u0117 tempimo j\u0117ga \u2013 patikimas ir stabilus su\u0117mimas.<br \/>\nAtsparumas \u0161onin\u0117ms j\u0117goms \u2013 leid\u017eia saugiai valdyti gaminius vertikalioje pad\u0117tyje.<br \/>\nAuk\u0161tas tikslumas \u2013 u\u017etikrina efektyv\u0173 darb\u0105 \u012fvairiose pramon\u0117s srityse.<\/p>\n<p><strong>Platus pasirinkimas pagal poreikius:<\/strong><br \/>\nMatmenys: \u00d8 8 \u2013 75 mm<\/p>\n<p><strong>Med\u017eiagos:<\/strong><\/p>\n<p>NBR (nitrilas) \u2013 atsparumas alyvai ir dilimui<br \/>\nSIT5 (permatomas silikonas) \u2013 atsparus auk\u0161tai temperat\u016brai<br \/>\nNR (nat\u016brali guma) \u2013 lankstumas ir elastingumas<br \/>\nSTN (Siton) \u2013 ypatingas patvarumas<\/p>\n<p><strong>Susisiekite<\/strong> \u2013 pad\u0117sime i\u0161sirinkti optimal\u0173 variant\u0105!<\/p>","protected":false},"excerpt":{"rendered":"<p>VP serijos siurbtukai specialiai sukurti plok\u0161tiems, standiems ir lygiems gaminiams, u\u017etikrinant maksimal\u0173 sukibim\u0105 ir tikslum\u0105. Didel\u0117 tempimo j\u0117ga \u2013 patikimas [&hellip;]<\/p>","protected":false},"featured_media":563,"template":"","meta":{"site-sidebar-layout":"default","site-content-layout":"","ast-site-content-layout":"default","site-content-style":"default","site-sidebar-style":"default","ast-global-header-display":"","ast-banner-title-visibility":"","ast-main-header-display":"","ast-hfb-above-header-display":"","ast-hfb-below-header-display":"","ast-hfb-mobile-header-display":"","site-post-title":"","ast-breadcrumbs-content":"","ast-featured-img":"","footer-sml-layout":"","ast-disable-related-posts":"","theme-transparent-header-meta":"default","adv-header-id-meta":"","stick-header-meta":"","header-above-stick-meta":"","header-main-stick-meta":"","header-below-stick-meta":"","astra-migrate-meta-layouts":"set","ast-page-background-enabled":"default","ast-page-background-meta":{"desktop":{"background-color":"var(--ast-global-color-4)","background-image":"","background-repeat":"repeat","background-position":"center center","background-size":"auto","background-attachment":"scroll","background-type":"","background-media":"","overlay-type":"","overlay-color":"","overlay-opacity":"","overlay-gradient":""},"tablet":{"background-color":"","background-image":"","background-repeat":"repeat","background-position":"center center","background-size":"auto","background-attachment":"scroll","background-type":"","background-media":"","overlay-type":"","overlay-color":"","overlay-opacity":"","overlay-gradient":""},"mobile":{"background-color":"","background-image":"","background-repeat":"repeat","background-position":"center center","background-size":"auto","background-attachment":"scroll","background-type":"","background-media":"","overlay-type":"","overlay-color":"","overlay-opacity":"","overlay-gradient":""}},"ast-content-background-meta":{"desktop":{"background-color":"var(--ast-global-color-5)","background-image":"","background-repeat":"repeat","background-position":"center center","background-size":"auto","background-attachment":"scroll","background-type":"","background-media":"","overlay-type":"","overlay-color":"","overlay-opacity":"","overlay-gradient":""},"tablet":{"background-color":"var(--ast-global-color-5)","background-image":"","background-repeat":"repeat","background-position":"center center","background-size":"auto","background-attachment":"scroll","background-type":"","background-media":"","overlay-type":"","overlay-color":"","overlay-opacity":"","overlay-gradient":""},"mobile":{"background-color":"var(--ast-global-color-5)","background-image":"","background-repeat":"repeat","background-position":"center center","background-size":"auto","background-attachment":"scroll","background-type":"","background-media":"","overlay-type":"","overlay-color":"","overlay-opacity":"","overlay-gradient":""}}},"product_brand":[],"product_cat":[29,98],"product_tag":[],"class_list":{"0":"post-562","1":"product","2":"type-product","3":"status-publish","4":"has-post-thumbnail","6":"product_cat-vakuumo-sistemos","7":"product_cat-vakuumo-siurbtukai","8":"desktop-align-left","9":"tablet-align-left","10":"mobile-align-left","12":"first","13":"instock","14":"shipping-taxable","15":"purchasable","16":"product-type-simple"},"yoast_head":"<!-- This site is optimized with the Yoast SEO plugin v27.3 - https:\/\/yoast.com\/product\/yoast-seo-wordpress\/ -->\n<title>Plok\u0161ti siurbtukai \u00d8 8 iki 75 mm, VP serija - ENVITEKA<\/title>\n<meta name=\"description\" content=\"VP serijos siurbtukai specialiai sukurti plok\u0161tiems, standiems ir lygiems gaminiams, u\u017etikrinant maksimal\u0173 sukibim\u0105 ir tikslum\u0105.\" \/>\n<meta name=\"robots\" content=\"index, follow, max-snippet:-1, max-image-preview:large, max-video-preview:-1\" \/>\n<link rel=\"canonical\" href=\"https:\/\/enviteka.lt\/en\/product\/ploksti-siurbtukai-o-8-iki-75-mm-vp-serija\/\" \/>\n<meta property=\"og:locale\" content=\"en_US\" \/>\n<meta property=\"og:type\" content=\"article\" \/>\n<meta property=\"og:title\" content=\"Plok\u0161ti siurbtukai \u00d8 8 iki 75 mm, VP serija - ENVITEKA\" \/>\n<meta property=\"og:description\" content=\"VP serijos siurbtukai specialiai sukurti plok\u0161tiems, standiems ir lygiems gaminiams, u\u017etikrinant maksimal\u0173 sukibim\u0105 ir tikslum\u0105.\" \/>\n<meta property=\"og:url\" content=\"https:\/\/enviteka.lt\/en\/product\/ploksti-siurbtukai-o-8-iki-75-mm-vp-serija\/\" \/>\n<meta property=\"og:site_name\" content=\"ENVITEKA\" \/>\n<meta property=\"article:modified_time\" content=\"2025-03-08T13:12:01+00:00\" \/>\n<meta property=\"og:image\" content=\"https:\/\/enviteka.lt\/wp-content\/uploads\/2024\/10\/img_52_2.jpg\" \/>\n\t<meta property=\"og:image:width\" content=\"139\" \/>\n\t<meta property=\"og:image:height\" content=\"139\" \/>\n\t<meta property=\"og:image:type\" content=\"image\/jpeg\" \/>\n<meta name=\"twitter:card\" content=\"summary_large_image\" \/>\n<meta name=\"twitter:label1\" content=\"Est. reading time\" \/>\n\t<meta name=\"twitter:data1\" content=\"1 minute\" \/>\n<script type=\"application\/ld+json\" class=\"yoast-schema-graph\">{\"@context\":\"https:\\\/\\\/schema.org\",\"@graph\":[{\"@type\":\"WebPage\",\"@id\":\"https:\\\/\\\/enviteka.lt\\\/produktas\\\/ploksti-siurbtukai-o-8-iki-75-mm-vp-serija\\\/\",\"url\":\"https:\\\/\\\/enviteka.lt\\\/produktas\\\/ploksti-siurbtukai-o-8-iki-75-mm-vp-serija\\\/\",\"name\":\"Plok\u0161ti siurbtukai \u00d8 8 iki 75 mm, VP serija - ENVITEKA\",\"isPartOf\":{\"@id\":\"https:\\\/\\\/enviteka.lt\\\/#website\"},\"primaryImageOfPage\":{\"@id\":\"https:\\\/\\\/enviteka.lt\\\/produktas\\\/ploksti-siurbtukai-o-8-iki-75-mm-vp-serija\\\/#primaryimage\"},\"image\":{\"@id\":\"https:\\\/\\\/enviteka.lt\\\/produktas\\\/ploksti-siurbtukai-o-8-iki-75-mm-vp-serija\\\/#primaryimage\"},\"thumbnailUrl\":\"https:\\\/\\\/enviteka.lt\\\/wp-content\\\/uploads\\\/2024\\\/10\\\/img_52_2.jpg\",\"datePublished\":\"2024-10-16T10:28:21+00:00\",\"dateModified\":\"2025-03-08T13:12:01+00:00\",\"description\":\"VP serijos siurbtukai specialiai sukurti plok\u0161tiems, standiems ir lygiems gaminiams, u\u017etikrinant maksimal\u0173 sukibim\u0105 ir tikslum\u0105.\",\"breadcrumb\":{\"@id\":\"https:\\\/\\\/enviteka.lt\\\/produktas\\\/ploksti-siurbtukai-o-8-iki-75-mm-vp-serija\\\/#breadcrumb\"},\"inLanguage\":\"en-US\",\"potentialAction\":[{\"@type\":\"ReadAction\",\"target\":[\"https:\\\/\\\/enviteka.lt\\\/produktas\\\/ploksti-siurbtukai-o-8-iki-75-mm-vp-serija\\\/\"]}]},{\"@type\":\"ImageObject\",\"inLanguage\":\"en-US\",\"@id\":\"https:\\\/\\\/enviteka.lt\\\/produktas\\\/ploksti-siurbtukai-o-8-iki-75-mm-vp-serija\\\/#primaryimage\",\"url\":\"https:\\\/\\\/enviteka.lt\\\/wp-content\\\/uploads\\\/2024\\\/10\\\/img_52_2.jpg\",\"contentUrl\":\"https:\\\/\\\/enviteka.lt\\\/wp-content\\\/uploads\\\/2024\\\/10\\\/img_52_2.jpg\",\"width\":139,\"height\":139,\"caption\":\"NX part: scene rendu VENTOUSES 2011_2_spot\"},{\"@type\":\"BreadcrumbList\",\"@id\":\"https:\\\/\\\/enviteka.lt\\\/produktas\\\/ploksti-siurbtukai-o-8-iki-75-mm-vp-serija\\\/#breadcrumb\",\"itemListElement\":[{\"@type\":\"ListItem\",\"position\":1,\"name\":\"Home\",\"item\":\"https:\\\/\\\/enviteka.lt\\\/\"},{\"@type\":\"ListItem\",\"position\":2,\"name\":\"Produktai\",\"item\":\"https:\\\/\\\/enviteka.lt\\\/produktai\\\/\"},{\"@type\":\"ListItem\",\"position\":3,\"name\":\"Plok\u0161ti siurbtukai \u00d8 8 iki 75 mm, VP serija\"}]},{\"@type\":\"WebSite\",\"@id\":\"https:\\\/\\\/enviteka.lt\\\/#website\",\"url\":\"https:\\\/\\\/enviteka.lt\\\/\",\"name\":\"ENVITEKA\",\"description\":\"pramonin\u0117s \u012frangos tiek\u0117jas\",\"publisher\":{\"@id\":\"https:\\\/\\\/enviteka.lt\\\/#organization\"},\"potentialAction\":[{\"@type\":\"SearchAction\",\"target\":{\"@type\":\"EntryPoint\",\"urlTemplate\":\"https:\\\/\\\/enviteka.lt\\\/?s={search_term_string}\"},\"query-input\":{\"@type\":\"PropertyValueSpecification\",\"valueRequired\":true,\"valueName\":\"search_term_string\"}}],\"inLanguage\":\"en-US\"},{\"@type\":\"Organization\",\"@id\":\"https:\\\/\\\/enviteka.lt\\\/#organization\",\"name\":\"ENVITEKA\",\"url\":\"https:\\\/\\\/enviteka.lt\\\/\",\"logo\":{\"@type\":\"ImageObject\",\"inLanguage\":\"en-US\",\"@id\":\"https:\\\/\\\/enviteka.lt\\\/#\\\/schema\\\/logo\\\/image\\\/\",\"url\":\"https:\\\/\\\/enviteka.lt\\\/wp-content\\\/uploads\\\/2024\\\/10\\\/enviteka-high-resolution-logo-transparent-e1742852093377.png\",\"contentUrl\":\"https:\\\/\\\/enviteka.lt\\\/wp-content\\\/uploads\\\/2024\\\/10\\\/enviteka-high-resolution-logo-transparent-e1742852093377.png\",\"width\":424,\"height\":150,\"caption\":\"ENVITEKA\"},\"image\":{\"@id\":\"https:\\\/\\\/enviteka.lt\\\/#\\\/schema\\\/logo\\\/image\\\/\"}}]}<\/script>\n<!-- \/ Yoast SEO plugin. -->","yoast_head_json":{"title":"Plok\u0161ti siurbtukai \u00d8 8 iki 75 mm, VP serija - ENVITEKA","description":"VP serijos siurbtukai specialiai sukurti plok\u0161tiems, standiems ir lygiems gaminiams, u\u017etikrinant maksimal\u0173 sukibim\u0105 ir tikslum\u0105.","robots":{"index":"index","follow":"follow","max-snippet":"max-snippet:-1","max-image-preview":"max-image-preview:large","max-video-preview":"max-video-preview:-1"},"canonical":"https:\/\/enviteka.lt\/en\/product\/ploksti-siurbtukai-o-8-iki-75-mm-vp-serija\/","og_locale":"en_US","og_type":"article","og_title":"Plok\u0161ti siurbtukai \u00d8 8 iki 75 mm, VP serija - ENVITEKA","og_description":"VP serijos siurbtukai specialiai sukurti plok\u0161tiems, standiems ir lygiems gaminiams, u\u017etikrinant maksimal\u0173 sukibim\u0105 ir tikslum\u0105.","og_url":"https:\/\/enviteka.lt\/en\/product\/ploksti-siurbtukai-o-8-iki-75-mm-vp-serija\/","og_site_name":"ENVITEKA","article_modified_time":"2025-03-08T13:12:01+00:00","og_image":[{"width":139,"height":139,"url":"https:\/\/enviteka.lt\/wp-content\/uploads\/2024\/10\/img_52_2.jpg","type":"image\/jpeg"}],"twitter_card":"summary_large_image","twitter_misc":{"Est. reading time":"1 minute"},"schema":{"@context":"https:\/\/schema.org","@graph":[{"@type":"WebPage","@id":"https:\/\/enviteka.lt\/produktas\/ploksti-siurbtukai-o-8-iki-75-mm-vp-serija\/","url":"https:\/\/enviteka.lt\/produktas\/ploksti-siurbtukai-o-8-iki-75-mm-vp-serija\/","name":"Plok\u0161ti siurbtukai \u00d8 8 iki 75 mm, VP serija - ENVITEKA","isPartOf":{"@id":"https:\/\/enviteka.lt\/#website"},"primaryImageOfPage":{"@id":"https:\/\/enviteka.lt\/produktas\/ploksti-siurbtukai-o-8-iki-75-mm-vp-serija\/#primaryimage"},"image":{"@id":"https:\/\/enviteka.lt\/produktas\/ploksti-siurbtukai-o-8-iki-75-mm-vp-serija\/#primaryimage"},"thumbnailUrl":"https:\/\/enviteka.lt\/wp-content\/uploads\/2024\/10\/img_52_2.jpg","datePublished":"2024-10-16T10:28:21+00:00","dateModified":"2025-03-08T13:12:01+00:00","description":"VP serijos siurbtukai specialiai sukurti plok\u0161tiems, standiems ir lygiems gaminiams, u\u017etikrinant maksimal\u0173 sukibim\u0105 ir tikslum\u0105.","breadcrumb":{"@id":"https:\/\/enviteka.lt\/produktas\/ploksti-siurbtukai-o-8-iki-75-mm-vp-serija\/#breadcrumb"},"inLanguage":"en-US","potentialAction":[{"@type":"ReadAction","target":["https:\/\/enviteka.lt\/produktas\/ploksti-siurbtukai-o-8-iki-75-mm-vp-serija\/"]}]},{"@type":"ImageObject","inLanguage":"en-US","@id":"https:\/\/enviteka.lt\/produktas\/ploksti-siurbtukai-o-8-iki-75-mm-vp-serija\/#primaryimage","url":"https:\/\/enviteka.lt\/wp-content\/uploads\/2024\/10\/img_52_2.jpg","contentUrl":"https:\/\/enviteka.lt\/wp-content\/uploads\/2024\/10\/img_52_2.jpg","width":139,"height":139,"caption":"NX part: scene rendu VENTOUSES 2011_2_spot"},{"@type":"BreadcrumbList","@id":"https:\/\/enviteka.lt\/produktas\/ploksti-siurbtukai-o-8-iki-75-mm-vp-serija\/#breadcrumb","itemListElement":[{"@type":"ListItem","position":1,"name":"Home","item":"https:\/\/enviteka.lt\/"},{"@type":"ListItem","position":2,"name":"Produktai","item":"https:\/\/enviteka.lt\/produktai\/"},{"@type":"ListItem","position":3,"name":"Plok\u0161ti siurbtukai \u00d8 8 iki 75 mm, VP serija"}]},{"@type":"WebSite","@id":"https:\/\/enviteka.lt\/#website","url":"https:\/\/enviteka.lt\/","name":"ENVITEKA","description":"pramonin\u0117s \u012frangos tiek\u0117jas","publisher":{"@id":"https:\/\/enviteka.lt\/#organization"},"potentialAction":[{"@type":"SearchAction","target":{"@type":"EntryPoint","urlTemplate":"https:\/\/enviteka.lt\/?s={search_term_string}"},"query-input":{"@type":"PropertyValueSpecification","valueRequired":true,"valueName":"search_term_string"}}],"inLanguage":"en-US"},{"@type":"Organization","@id":"https:\/\/enviteka.lt\/#organization","name":"ENVITEKA","url":"https:\/\/enviteka.lt\/","logo":{"@type":"ImageObject","inLanguage":"en-US","@id":"https:\/\/enviteka.lt\/#\/schema\/logo\/image\/","url":"https:\/\/enviteka.lt\/wp-content\/uploads\/2024\/10\/enviteka-high-resolution-logo-transparent-e1742852093377.png","contentUrl":"https:\/\/enviteka.lt\/wp-content\/uploads\/2024\/10\/enviteka-high-resolution-logo-transparent-e1742852093377.png","width":424,"height":150,"caption":"ENVITEKA"},"image":{"@id":"https:\/\/enviteka.lt\/#\/schema\/logo\/image\/"}}]}},"_links":{"self":[{"href":"https:\/\/enviteka.lt\/en\/wp-json\/wp\/v2\/product\/562","targetHints":{"allow":["GET"]}}],"collection":[{"href":"https:\/\/enviteka.lt\/en\/wp-json\/wp\/v2\/product"}],"about":[{"href":"https:\/\/enviteka.lt\/en\/wp-json\/wp\/v2\/types\/product"}],"wp:featuredmedia":[{"embeddable":true,"href":"https:\/\/enviteka.lt\/en\/wp-json\/wp\/v2\/media\/563"}],"wp:attachment":[{"href":"https:\/\/enviteka.lt\/en\/wp-json\/wp\/v2\/media?parent=562"}],"wp:term":[{"taxonomy":"product_brand","embeddable":true,"href":"https:\/\/enviteka.lt\/en\/wp-json\/wp\/v2\/product_brand?post=562"},{"taxonomy":"product_cat","embeddable":true,"href":"https:\/\/enviteka.lt\/en\/wp-json\/wp\/v2\/product_cat?post=562"},{"taxonomy":"product_tag","embeddable":true,"href":"https:\/\/enviteka.lt\/en\/wp-json\/wp\/v2\/product_tag?post=562"}],"curies":[{"name":"wp","href":"https:\/\/api.w.org\/{rel}","templated":true}]}}