{"id":552,"date":"2024-10-16T10:23:27","date_gmt":"2024-10-16T10:23:27","guid":{"rendered":"https:\/\/enviteka.lt\/?post_type=product&#038;p=552"},"modified":"2025-03-08T13:24:09","modified_gmt":"2025-03-08T13:24:09","slug":"siurbtukai-su-15-silfono-o-5-iki-78-mm-vsa-serija","status":"publish","type":"product","link":"https:\/\/enviteka.lt\/en\/product\/siurbtukai-su-15-silfono-o-5-iki-78-mm-vsa-serija\/","title":{"rendered":"Siurbtukai su 1,5 silfono \u00d8 5 iki 78 mm, VSA serija"},"content":{"rendered":"<p>VSA serijos siurbtukai su padidinta deformacija, lankstumu ir tikslumu. \u0160ie siurbtukai idealiai tinka sugriebti \u012fgaubtus arba i\u0161gaubtus objektus, u\u017etikrinant subtil\u0173 ir tiksl\u0173 su\u0117mim\u0105, kad ir kokie b\u016bt\u0173 gaminio pavir\u0161iaus ypatumai.<\/p>\n<p><strong>Matmenys:<\/strong> \u00d8 nuo 5 iki 78 mm<\/p>\n<p><strong>Med\u017eiagos:<\/strong><\/p>\n<p>NBR (nitrilas) \u2013 atsparus alyvai ir dilimui<br \/>\nSIT5 (permatomas silikonas) \u2013 atsparus auk\u0161tai temperat\u016brai<br \/>\nSIB (35 Shore A baltas silikonas) \u2013 labai lanksti med\u017eiaga, puikiai tinkanti subtiliam sugriebimui<br \/>\nNR (nat\u016brali guma) \u2013 auk\u0161tas atsparumas trin\u010diai ir d\u0117v\u0117jimuisi<br \/>\nSTN (Siton) \u2013 labai atspari med\u017eiaga ekstremalioms s\u0105lygoms<\/p>\n<p><strong>Susisiekite<\/strong> \u2013 pad\u0117sime i\u0161sirinkti optimal\u0173 variant\u0105!<\/p>","protected":false},"excerpt":{"rendered":"<p>VSA serijos siurbtukai su padidinta deformacija, lankstumu ir tikslumu. \u0160ie siurbtukai idealiai tinka sugriebti \u012fgaubtus arba i\u0161gaubtus objektus, u\u017etikrinant subtil\u0173 [&hellip;]<\/p>","protected":false},"featured_media":553,"template":"","meta":{"site-sidebar-layout":"default","site-content-layout":"","ast-site-content-layout":"default","site-content-style":"default","site-sidebar-style":"default","ast-global-header-display":"","ast-banner-title-visibility":"","ast-main-header-display":"","ast-hfb-above-header-display":"","ast-hfb-below-header-display":"","ast-hfb-mobile-header-display":"","site-post-title":"","ast-breadcrumbs-content":"","ast-featured-img":"","footer-sml-layout":"","ast-disable-related-posts":"","theme-transparent-header-meta":"default","adv-header-id-meta":"","stick-header-meta":"","header-above-stick-meta":"","header-main-stick-meta":"","header-below-stick-meta":"","astra-migrate-meta-layouts":"set","ast-page-background-enabled":"default","ast-page-background-meta":{"desktop":{"background-color":"var(--ast-global-color-4)","background-image":"","background-repeat":"repeat","background-position":"center center","background-size":"auto","background-attachment":"scroll","background-type":"","background-media":"","overlay-type":"","overlay-color":"","overlay-opacity":"","overlay-gradient":""},"tablet":{"background-color":"","background-image":"","background-repeat":"repeat","background-position":"center center","background-size":"auto","background-attachment":"scroll","background-type":"","background-media":"","overlay-type":"","overlay-color":"","overlay-opacity":"","overlay-gradient":""},"mobile":{"background-color":"","background-image":"","background-repeat":"repeat","background-position":"center center","background-size":"auto","background-attachment":"scroll","background-type":"","background-media":"","overlay-type":"","overlay-color":"","overlay-opacity":"","overlay-gradient":""}},"ast-content-background-meta":{"desktop":{"background-color":"var(--ast-global-color-5)","background-image":"","background-repeat":"repeat","background-position":"center center","background-size":"auto","background-attachment":"scroll","background-type":"","background-media":"","overlay-type":"","overlay-color":"","overlay-opacity":"","overlay-gradient":""},"tablet":{"background-color":"var(--ast-global-color-5)","background-image":"","background-repeat":"repeat","background-position":"center center","background-size":"auto","background-attachment":"scroll","background-type":"","background-media":"","overlay-type":"","overlay-color":"","overlay-opacity":"","overlay-gradient":""},"mobile":{"background-color":"var(--ast-global-color-5)","background-image":"","background-repeat":"repeat","background-position":"center center","background-size":"auto","background-attachment":"scroll","background-type":"","background-media":"","overlay-type":"","overlay-color":"","overlay-opacity":"","overlay-gradient":""}}},"product_brand":[],"product_cat":[29,98],"product_tag":[],"class_list":{"0":"post-552","1":"product","2":"type-product","3":"status-publish","4":"has-post-thumbnail","6":"product_cat-vakuumo-sistemos","7":"product_cat-vakuumo-siurbtukai","8":"desktop-align-left","9":"tablet-align-left","10":"mobile-align-left","12":"first","13":"instock","14":"shipping-taxable","15":"purchasable","16":"product-type-simple"},"yoast_head":"<!-- This site is optimized with the Yoast SEO plugin v27.3 - https:\/\/yoast.com\/product\/yoast-seo-wordpress\/ -->\n<title>Siurbtukai su 1,5 silfono \u00d8 5 iki 78 mm, VSA serija - ENVITEKA<\/title>\n<meta name=\"description\" content=\"Siurbtukai idealiai tinka sugriebti \u012fgaubtus arba i\u0161gaubtus objektus, u\u017etikrinant subtil\u0173 ir tiksl\u0173 su\u0117mim\u0105, kad ir kokie b\u016bt\u0173 gaminio pavir\u0161iaus ypatumai.\" \/>\n<meta name=\"robots\" content=\"index, follow, max-snippet:-1, max-image-preview:large, max-video-preview:-1\" \/>\n<link rel=\"canonical\" href=\"https:\/\/enviteka.lt\/en\/product\/siurbtukai-su-15-silfono-o-5-iki-78-mm-vsa-serija\/\" \/>\n<meta property=\"og:locale\" content=\"en_US\" \/>\n<meta property=\"og:type\" content=\"article\" \/>\n<meta property=\"og:title\" content=\"Siurbtukai su 1,5 silfono \u00d8 5 iki 78 mm, VSA serija - ENVITEKA\" \/>\n<meta property=\"og:description\" content=\"Siurbtukai idealiai tinka sugriebti \u012fgaubtus arba i\u0161gaubtus objektus, u\u017etikrinant subtil\u0173 ir tiksl\u0173 su\u0117mim\u0105, kad ir kokie b\u016bt\u0173 gaminio pavir\u0161iaus ypatumai.\" \/>\n<meta property=\"og:url\" content=\"https:\/\/enviteka.lt\/en\/product\/siurbtukai-su-15-silfono-o-5-iki-78-mm-vsa-serija\/\" \/>\n<meta property=\"og:site_name\" content=\"ENVITEKA\" \/>\n<meta property=\"article:modified_time\" content=\"2025-03-08T13:24:09+00:00\" \/>\n<meta property=\"og:image\" content=\"https:\/\/enviteka.lt\/wp-content\/uploads\/2024\/10\/img_103_2.jpg\" \/>\n\t<meta property=\"og:image:width\" content=\"139\" \/>\n\t<meta property=\"og:image:height\" content=\"139\" \/>\n\t<meta property=\"og:image:type\" content=\"image\/jpeg\" \/>\n<meta name=\"twitter:card\" content=\"summary_large_image\" \/>\n<meta name=\"twitter:label1\" content=\"Est. reading time\" \/>\n\t<meta name=\"twitter:data1\" content=\"1 minute\" \/>\n<script type=\"application\/ld+json\" class=\"yoast-schema-graph\">{\"@context\":\"https:\\\/\\\/schema.org\",\"@graph\":[{\"@type\":\"WebPage\",\"@id\":\"https:\\\/\\\/enviteka.lt\\\/produktas\\\/siurbtukai-su-15-silfono-o-5-iki-78-mm-vsa-serija\\\/\",\"url\":\"https:\\\/\\\/enviteka.lt\\\/produktas\\\/siurbtukai-su-15-silfono-o-5-iki-78-mm-vsa-serija\\\/\",\"name\":\"Siurbtukai su 1,5 silfono \u00d8 5 iki 78 mm, VSA serija - ENVITEKA\",\"isPartOf\":{\"@id\":\"https:\\\/\\\/enviteka.lt\\\/#website\"},\"primaryImageOfPage\":{\"@id\":\"https:\\\/\\\/enviteka.lt\\\/produktas\\\/siurbtukai-su-15-silfono-o-5-iki-78-mm-vsa-serija\\\/#primaryimage\"},\"image\":{\"@id\":\"https:\\\/\\\/enviteka.lt\\\/produktas\\\/siurbtukai-su-15-silfono-o-5-iki-78-mm-vsa-serija\\\/#primaryimage\"},\"thumbnailUrl\":\"https:\\\/\\\/enviteka.lt\\\/wp-content\\\/uploads\\\/2024\\\/10\\\/img_103_2.jpg\",\"datePublished\":\"2024-10-16T10:23:27+00:00\",\"dateModified\":\"2025-03-08T13:24:09+00:00\",\"description\":\"Siurbtukai idealiai tinka sugriebti \u012fgaubtus arba i\u0161gaubtus objektus, u\u017etikrinant subtil\u0173 ir tiksl\u0173 su\u0117mim\u0105, kad ir kokie b\u016bt\u0173 gaminio pavir\u0161iaus ypatumai.\",\"breadcrumb\":{\"@id\":\"https:\\\/\\\/enviteka.lt\\\/produktas\\\/siurbtukai-su-15-silfono-o-5-iki-78-mm-vsa-serija\\\/#breadcrumb\"},\"inLanguage\":\"en-US\",\"potentialAction\":[{\"@type\":\"ReadAction\",\"target\":[\"https:\\\/\\\/enviteka.lt\\\/produktas\\\/siurbtukai-su-15-silfono-o-5-iki-78-mm-vsa-serija\\\/\"]}]},{\"@type\":\"ImageObject\",\"inLanguage\":\"en-US\",\"@id\":\"https:\\\/\\\/enviteka.lt\\\/produktas\\\/siurbtukai-su-15-silfono-o-5-iki-78-mm-vsa-serija\\\/#primaryimage\",\"url\":\"https:\\\/\\\/enviteka.lt\\\/wp-content\\\/uploads\\\/2024\\\/10\\\/img_103_2.jpg\",\"contentUrl\":\"https:\\\/\\\/enviteka.lt\\\/wp-content\\\/uploads\\\/2024\\\/10\\\/img_103_2.jpg\",\"width\":139,\"height\":139,\"caption\":\"NX part: scene rendu VENTOUSES 2011_2_spot\"},{\"@type\":\"BreadcrumbList\",\"@id\":\"https:\\\/\\\/enviteka.lt\\\/produktas\\\/siurbtukai-su-15-silfono-o-5-iki-78-mm-vsa-serija\\\/#breadcrumb\",\"itemListElement\":[{\"@type\":\"ListItem\",\"position\":1,\"name\":\"Home\",\"item\":\"https:\\\/\\\/enviteka.lt\\\/\"},{\"@type\":\"ListItem\",\"position\":2,\"name\":\"Produktai\",\"item\":\"https:\\\/\\\/enviteka.lt\\\/produktai\\\/\"},{\"@type\":\"ListItem\",\"position\":3,\"name\":\"Siurbtukai su 1,5 silfono \u00d8 5 iki 78 mm, VSA serija\"}]},{\"@type\":\"WebSite\",\"@id\":\"https:\\\/\\\/enviteka.lt\\\/#website\",\"url\":\"https:\\\/\\\/enviteka.lt\\\/\",\"name\":\"ENVITEKA\",\"description\":\"pramonin\u0117s \u012frangos tiek\u0117jas\",\"publisher\":{\"@id\":\"https:\\\/\\\/enviteka.lt\\\/#organization\"},\"potentialAction\":[{\"@type\":\"SearchAction\",\"target\":{\"@type\":\"EntryPoint\",\"urlTemplate\":\"https:\\\/\\\/enviteka.lt\\\/?s={search_term_string}\"},\"query-input\":{\"@type\":\"PropertyValueSpecification\",\"valueRequired\":true,\"valueName\":\"search_term_string\"}}],\"inLanguage\":\"en-US\"},{\"@type\":\"Organization\",\"@id\":\"https:\\\/\\\/enviteka.lt\\\/#organization\",\"name\":\"ENVITEKA\",\"url\":\"https:\\\/\\\/enviteka.lt\\\/\",\"logo\":{\"@type\":\"ImageObject\",\"inLanguage\":\"en-US\",\"@id\":\"https:\\\/\\\/enviteka.lt\\\/#\\\/schema\\\/logo\\\/image\\\/\",\"url\":\"https:\\\/\\\/enviteka.lt\\\/wp-content\\\/uploads\\\/2024\\\/10\\\/enviteka-high-resolution-logo-transparent-e1742852093377.png\",\"contentUrl\":\"https:\\\/\\\/enviteka.lt\\\/wp-content\\\/uploads\\\/2024\\\/10\\\/enviteka-high-resolution-logo-transparent-e1742852093377.png\",\"width\":424,\"height\":150,\"caption\":\"ENVITEKA\"},\"image\":{\"@id\":\"https:\\\/\\\/enviteka.lt\\\/#\\\/schema\\\/logo\\\/image\\\/\"}}]}<\/script>\n<!-- \/ Yoast SEO plugin. -->","yoast_head_json":{"title":"Siurbtukai su 1,5 silfono \u00d8 5 iki 78 mm, VSA serija - ENVITEKA","description":"Siurbtukai idealiai tinka sugriebti \u012fgaubtus arba i\u0161gaubtus objektus, u\u017etikrinant subtil\u0173 ir tiksl\u0173 su\u0117mim\u0105, kad ir kokie b\u016bt\u0173 gaminio pavir\u0161iaus ypatumai.","robots":{"index":"index","follow":"follow","max-snippet":"max-snippet:-1","max-image-preview":"max-image-preview:large","max-video-preview":"max-video-preview:-1"},"canonical":"https:\/\/enviteka.lt\/en\/product\/siurbtukai-su-15-silfono-o-5-iki-78-mm-vsa-serija\/","og_locale":"en_US","og_type":"article","og_title":"Siurbtukai su 1,5 silfono \u00d8 5 iki 78 mm, VSA serija - ENVITEKA","og_description":"Siurbtukai idealiai tinka sugriebti \u012fgaubtus arba i\u0161gaubtus objektus, u\u017etikrinant subtil\u0173 ir tiksl\u0173 su\u0117mim\u0105, kad ir kokie b\u016bt\u0173 gaminio pavir\u0161iaus ypatumai.","og_url":"https:\/\/enviteka.lt\/en\/product\/siurbtukai-su-15-silfono-o-5-iki-78-mm-vsa-serija\/","og_site_name":"ENVITEKA","article_modified_time":"2025-03-08T13:24:09+00:00","og_image":[{"width":139,"height":139,"url":"https:\/\/enviteka.lt\/wp-content\/uploads\/2024\/10\/img_103_2.jpg","type":"image\/jpeg"}],"twitter_card":"summary_large_image","twitter_misc":{"Est. reading time":"1 minute"},"schema":{"@context":"https:\/\/schema.org","@graph":[{"@type":"WebPage","@id":"https:\/\/enviteka.lt\/produktas\/siurbtukai-su-15-silfono-o-5-iki-78-mm-vsa-serija\/","url":"https:\/\/enviteka.lt\/produktas\/siurbtukai-su-15-silfono-o-5-iki-78-mm-vsa-serija\/","name":"Siurbtukai su 1,5 silfono \u00d8 5 iki 78 mm, VSA serija - ENVITEKA","isPartOf":{"@id":"https:\/\/enviteka.lt\/#website"},"primaryImageOfPage":{"@id":"https:\/\/enviteka.lt\/produktas\/siurbtukai-su-15-silfono-o-5-iki-78-mm-vsa-serija\/#primaryimage"},"image":{"@id":"https:\/\/enviteka.lt\/produktas\/siurbtukai-su-15-silfono-o-5-iki-78-mm-vsa-serija\/#primaryimage"},"thumbnailUrl":"https:\/\/enviteka.lt\/wp-content\/uploads\/2024\/10\/img_103_2.jpg","datePublished":"2024-10-16T10:23:27+00:00","dateModified":"2025-03-08T13:24:09+00:00","description":"Siurbtukai idealiai tinka sugriebti \u012fgaubtus arba i\u0161gaubtus objektus, u\u017etikrinant subtil\u0173 ir tiksl\u0173 su\u0117mim\u0105, kad ir kokie b\u016bt\u0173 gaminio pavir\u0161iaus ypatumai.","breadcrumb":{"@id":"https:\/\/enviteka.lt\/produktas\/siurbtukai-su-15-silfono-o-5-iki-78-mm-vsa-serija\/#breadcrumb"},"inLanguage":"en-US","potentialAction":[{"@type":"ReadAction","target":["https:\/\/enviteka.lt\/produktas\/siurbtukai-su-15-silfono-o-5-iki-78-mm-vsa-serija\/"]}]},{"@type":"ImageObject","inLanguage":"en-US","@id":"https:\/\/enviteka.lt\/produktas\/siurbtukai-su-15-silfono-o-5-iki-78-mm-vsa-serija\/#primaryimage","url":"https:\/\/enviteka.lt\/wp-content\/uploads\/2024\/10\/img_103_2.jpg","contentUrl":"https:\/\/enviteka.lt\/wp-content\/uploads\/2024\/10\/img_103_2.jpg","width":139,"height":139,"caption":"NX part: scene rendu VENTOUSES 2011_2_spot"},{"@type":"BreadcrumbList","@id":"https:\/\/enviteka.lt\/produktas\/siurbtukai-su-15-silfono-o-5-iki-78-mm-vsa-serija\/#breadcrumb","itemListElement":[{"@type":"ListItem","position":1,"name":"Home","item":"https:\/\/enviteka.lt\/"},{"@type":"ListItem","position":2,"name":"Produktai","item":"https:\/\/enviteka.lt\/produktai\/"},{"@type":"ListItem","position":3,"name":"Siurbtukai su 1,5 silfono \u00d8 5 iki 78 mm, VSA serija"}]},{"@type":"WebSite","@id":"https:\/\/enviteka.lt\/#website","url":"https:\/\/enviteka.lt\/","name":"ENVITEKA","description":"pramonin\u0117s \u012frangos tiek\u0117jas","publisher":{"@id":"https:\/\/enviteka.lt\/#organization"},"potentialAction":[{"@type":"SearchAction","target":{"@type":"EntryPoint","urlTemplate":"https:\/\/enviteka.lt\/?s={search_term_string}"},"query-input":{"@type":"PropertyValueSpecification","valueRequired":true,"valueName":"search_term_string"}}],"inLanguage":"en-US"},{"@type":"Organization","@id":"https:\/\/enviteka.lt\/#organization","name":"ENVITEKA","url":"https:\/\/enviteka.lt\/","logo":{"@type":"ImageObject","inLanguage":"en-US","@id":"https:\/\/enviteka.lt\/#\/schema\/logo\/image\/","url":"https:\/\/enviteka.lt\/wp-content\/uploads\/2024\/10\/enviteka-high-resolution-logo-transparent-e1742852093377.png","contentUrl":"https:\/\/enviteka.lt\/wp-content\/uploads\/2024\/10\/enviteka-high-resolution-logo-transparent-e1742852093377.png","width":424,"height":150,"caption":"ENVITEKA"},"image":{"@id":"https:\/\/enviteka.lt\/#\/schema\/logo\/image\/"}}]}},"_links":{"self":[{"href":"https:\/\/enviteka.lt\/en\/wp-json\/wp\/v2\/product\/552","targetHints":{"allow":["GET"]}}],"collection":[{"href":"https:\/\/enviteka.lt\/en\/wp-json\/wp\/v2\/product"}],"about":[{"href":"https:\/\/enviteka.lt\/en\/wp-json\/wp\/v2\/types\/product"}],"wp:featuredmedia":[{"embeddable":true,"href":"https:\/\/enviteka.lt\/en\/wp-json\/wp\/v2\/media\/553"}],"wp:attachment":[{"href":"https:\/\/enviteka.lt\/en\/wp-json\/wp\/v2\/media?parent=552"}],"wp:term":[{"taxonomy":"product_brand","embeddable":true,"href":"https:\/\/enviteka.lt\/en\/wp-json\/wp\/v2\/product_brand?post=552"},{"taxonomy":"product_cat","embeddable":true,"href":"https:\/\/enviteka.lt\/en\/wp-json\/wp\/v2\/product_cat?post=552"},{"taxonomy":"product_tag","embeddable":true,"href":"https:\/\/enviteka.lt\/en\/wp-json\/wp\/v2\/product_tag?post=552"}],"curies":[{"name":"wp","href":"https:\/\/api.w.org\/{rel}","templated":true}]}}