{"id":546,"date":"2024-10-16T10:20:39","date_gmt":"2024-10-16T10:20:39","guid":{"rendered":"https:\/\/enviteka.lt\/?post_type=product&#038;p=546"},"modified":"2025-03-08T13:34:10","modified_gmt":"2025-03-08T13:34:10","slug":"siurbtukai-su-15-silfono-o-15-30-mm-vsaj-serija","status":"publish","type":"product","link":"https:\/\/enviteka.lt\/en\/product\/siurbtukai-su-15-silfono-o-15-30-mm-vsaj-serija\/","title":{"rendered":"Siurbtukai su 1,5 silfono \u00d8 15\u201330 mm, VSAJ serija"},"content":{"rendered":"<p>VSAJ serijos 1.5 silfoniniai siurbtukai idealiai tinka sugriebti \u0161iek tiek i\u0161gaubtus arba \u012fgaubtus gaminius. D\u0117l savo lankstumo, \u0161ie siurbtukai taip pat kompensuoja sugriebt\u0173 gamini\u0173 auk\u0161\u010dio svyravimus, u\u017etikrindami stabil\u0173 ir \u0161veln\u0173 sugriebim\u0105.<br \/>\nPagrindin\u0117s savyb\u0117s:<\/p>\n<p>Lankstumas ir tikslumas \u2013 puikiai prisitaiko prie \u012fvairi\u0173 gamini\u0173 pavir\u0161i\u0173.<br \/>\nAuk\u0161\u010dio kompensacija \u2013 u\u017etikrina tiksl\u0173 sugriebim\u0105 nepaisant gaminio auk\u0161\u010dio svyravim\u0173.<br \/>\nPritaikymas \u012fgaubtiems ir i\u0161gaubtiems gaminiams \u2013 idealiu atveju naudojamas \u012fvairioms gamini\u0173 formoms.<\/p>\n<p><strong>Matmenys:<\/strong><\/p>\n<p>\u00d8 15\u201330 mm<\/p>\n<p><strong>Med\u017eiagos:<\/strong><\/p>\n<p>NBR: nitrilas<br \/>\nSI: permatomas silikonas<\/p>\n<p><strong>Susisiekite<\/strong>, kad su\u017einotum\u0117te daugiau arba u\u017esisakytum\u0117te!<\/p>","protected":false},"excerpt":{"rendered":"<p>VSAJ serijos 1.5 silfoniniai siurbtukai idealiai tinka sugriebti \u0161iek tiek i\u0161gaubtus arba \u012fgaubtus gaminius. D\u0117l savo lankstumo, \u0161ie siurbtukai taip [&hellip;]<\/p>","protected":false},"featured_media":547,"template":"","meta":{"site-sidebar-layout":"default","site-content-layout":"","ast-site-content-layout":"default","site-content-style":"default","site-sidebar-style":"default","ast-global-header-display":"","ast-banner-title-visibility":"","ast-main-header-display":"","ast-hfb-above-header-display":"","ast-hfb-below-header-display":"","ast-hfb-mobile-header-display":"","site-post-title":"","ast-breadcrumbs-content":"","ast-featured-img":"","footer-sml-layout":"","ast-disable-related-posts":"","theme-transparent-header-meta":"default","adv-header-id-meta":"","stick-header-meta":"","header-above-stick-meta":"","header-main-stick-meta":"","header-below-stick-meta":"","astra-migrate-meta-layouts":"set","ast-page-background-enabled":"default","ast-page-background-meta":{"desktop":{"background-color":"var(--ast-global-color-4)","background-image":"","background-repeat":"repeat","background-position":"center center","background-size":"auto","background-attachment":"scroll","background-type":"","background-media":"","overlay-type":"","overlay-color":"","overlay-opacity":"","overlay-gradient":""},"tablet":{"background-color":"","background-image":"","background-repeat":"repeat","background-position":"center center","background-size":"auto","background-attachment":"scroll","background-type":"","background-media":"","overlay-type":"","overlay-color":"","overlay-opacity":"","overlay-gradient":""},"mobile":{"background-color":"","background-image":"","background-repeat":"repeat","background-position":"center center","background-size":"auto","background-attachment":"scroll","background-type":"","background-media":"","overlay-type":"","overlay-color":"","overlay-opacity":"","overlay-gradient":""}},"ast-content-background-meta":{"desktop":{"background-color":"var(--ast-global-color-5)","background-image":"","background-repeat":"repeat","background-position":"center center","background-size":"auto","background-attachment":"scroll","background-type":"","background-media":"","overlay-type":"","overlay-color":"","overlay-opacity":"","overlay-gradient":""},"tablet":{"background-color":"var(--ast-global-color-5)","background-image":"","background-repeat":"repeat","background-position":"center center","background-size":"auto","background-attachment":"scroll","background-type":"","background-media":"","overlay-type":"","overlay-color":"","overlay-opacity":"","overlay-gradient":""},"mobile":{"background-color":"var(--ast-global-color-5)","background-image":"","background-repeat":"repeat","background-position":"center center","background-size":"auto","background-attachment":"scroll","background-type":"","background-media":"","overlay-type":"","overlay-color":"","overlay-opacity":"","overlay-gradient":""}}},"product_brand":[],"product_cat":[29,98],"product_tag":[],"class_list":{"0":"post-546","1":"product","2":"type-product","3":"status-publish","4":"has-post-thumbnail","6":"product_cat-vakuumo-sistemos","7":"product_cat-vakuumo-siurbtukai","8":"desktop-align-left","9":"tablet-align-left","10":"mobile-align-left","12":"first","13":"instock","14":"shipping-taxable","15":"purchasable","16":"product-type-simple"},"yoast_head":"<!-- This site is optimized with the Yoast SEO plugin v27.3 - https:\/\/yoast.com\/product\/yoast-seo-wordpress\/ -->\n<title>Siurbtukai su 1,5 silfono \u00d8 15\u201330 mm, VSAJ serija - ENVITEKA<\/title>\n<meta name=\"description\" content=\"Siurbtukai idealiai tinka sugriebti \u0161iek tiek i\u0161gaubtus arba \u012fgaubtus gaminius.\" \/>\n<meta name=\"robots\" content=\"index, follow, max-snippet:-1, max-image-preview:large, max-video-preview:-1\" \/>\n<link rel=\"canonical\" href=\"https:\/\/enviteka.lt\/en\/product\/siurbtukai-su-15-silfono-o-15-30-mm-vsaj-serija\/\" \/>\n<meta property=\"og:locale\" content=\"en_US\" \/>\n<meta property=\"og:type\" content=\"article\" \/>\n<meta property=\"og:title\" content=\"Siurbtukai su 1,5 silfono \u00d8 15\u201330 mm, VSAJ serija - ENVITEKA\" \/>\n<meta property=\"og:description\" content=\"Siurbtukai idealiai tinka sugriebti \u0161iek tiek i\u0161gaubtus arba \u012fgaubtus gaminius.\" \/>\n<meta property=\"og:url\" content=\"https:\/\/enviteka.lt\/en\/product\/siurbtukai-su-15-silfono-o-15-30-mm-vsaj-serija\/\" \/>\n<meta property=\"og:site_name\" content=\"ENVITEKA\" \/>\n<meta property=\"article:modified_time\" content=\"2025-03-08T13:34:10+00:00\" \/>\n<meta property=\"og:image\" content=\"https:\/\/enviteka.lt\/wp-content\/uploads\/2024\/10\/img_1195_1.jpg\" \/>\n\t<meta property=\"og:image:width\" content=\"139\" \/>\n\t<meta property=\"og:image:height\" content=\"139\" \/>\n\t<meta property=\"og:image:type\" content=\"image\/jpeg\" \/>\n<meta name=\"twitter:card\" content=\"summary_large_image\" \/>\n<meta name=\"twitter:label1\" content=\"Est. reading time\" \/>\n\t<meta name=\"twitter:data1\" content=\"1 minute\" \/>\n<script type=\"application\/ld+json\" class=\"yoast-schema-graph\">{\"@context\":\"https:\\\/\\\/schema.org\",\"@graph\":[{\"@type\":\"WebPage\",\"@id\":\"https:\\\/\\\/enviteka.lt\\\/produktas\\\/siurbtukai-su-15-silfono-o-15-30-mm-vsaj-serija\\\/\",\"url\":\"https:\\\/\\\/enviteka.lt\\\/produktas\\\/siurbtukai-su-15-silfono-o-15-30-mm-vsaj-serija\\\/\",\"name\":\"Siurbtukai su 1,5 silfono \u00d8 15\u201330 mm, VSAJ serija - ENVITEKA\",\"isPartOf\":{\"@id\":\"https:\\\/\\\/enviteka.lt\\\/#website\"},\"primaryImageOfPage\":{\"@id\":\"https:\\\/\\\/enviteka.lt\\\/produktas\\\/siurbtukai-su-15-silfono-o-15-30-mm-vsaj-serija\\\/#primaryimage\"},\"image\":{\"@id\":\"https:\\\/\\\/enviteka.lt\\\/produktas\\\/siurbtukai-su-15-silfono-o-15-30-mm-vsaj-serija\\\/#primaryimage\"},\"thumbnailUrl\":\"https:\\\/\\\/enviteka.lt\\\/wp-content\\\/uploads\\\/2024\\\/10\\\/img_1195_1.jpg\",\"datePublished\":\"2024-10-16T10:20:39+00:00\",\"dateModified\":\"2025-03-08T13:34:10+00:00\",\"description\":\"Siurbtukai idealiai tinka sugriebti \u0161iek tiek i\u0161gaubtus arba \u012fgaubtus gaminius.\",\"breadcrumb\":{\"@id\":\"https:\\\/\\\/enviteka.lt\\\/produktas\\\/siurbtukai-su-15-silfono-o-15-30-mm-vsaj-serija\\\/#breadcrumb\"},\"inLanguage\":\"en-US\",\"potentialAction\":[{\"@type\":\"ReadAction\",\"target\":[\"https:\\\/\\\/enviteka.lt\\\/produktas\\\/siurbtukai-su-15-silfono-o-15-30-mm-vsaj-serija\\\/\"]}]},{\"@type\":\"ImageObject\",\"inLanguage\":\"en-US\",\"@id\":\"https:\\\/\\\/enviteka.lt\\\/produktas\\\/siurbtukai-su-15-silfono-o-15-30-mm-vsaj-serija\\\/#primaryimage\",\"url\":\"https:\\\/\\\/enviteka.lt\\\/wp-content\\\/uploads\\\/2024\\\/10\\\/img_1195_1.jpg\",\"contentUrl\":\"https:\\\/\\\/enviteka.lt\\\/wp-content\\\/uploads\\\/2024\\\/10\\\/img_1195_1.jpg\",\"width\":139,\"height\":139},{\"@type\":\"BreadcrumbList\",\"@id\":\"https:\\\/\\\/enviteka.lt\\\/produktas\\\/siurbtukai-su-15-silfono-o-15-30-mm-vsaj-serija\\\/#breadcrumb\",\"itemListElement\":[{\"@type\":\"ListItem\",\"position\":1,\"name\":\"Home\",\"item\":\"https:\\\/\\\/enviteka.lt\\\/\"},{\"@type\":\"ListItem\",\"position\":2,\"name\":\"Produktai\",\"item\":\"https:\\\/\\\/enviteka.lt\\\/produktai\\\/\"},{\"@type\":\"ListItem\",\"position\":3,\"name\":\"Siurbtukai su 1,5 silfono \u00d8 15\u201330 mm, VSAJ serija\"}]},{\"@type\":\"WebSite\",\"@id\":\"https:\\\/\\\/enviteka.lt\\\/#website\",\"url\":\"https:\\\/\\\/enviteka.lt\\\/\",\"name\":\"ENVITEKA\",\"description\":\"pramonin\u0117s \u012frangos tiek\u0117jas\",\"publisher\":{\"@id\":\"https:\\\/\\\/enviteka.lt\\\/#organization\"},\"potentialAction\":[{\"@type\":\"SearchAction\",\"target\":{\"@type\":\"EntryPoint\",\"urlTemplate\":\"https:\\\/\\\/enviteka.lt\\\/?s={search_term_string}\"},\"query-input\":{\"@type\":\"PropertyValueSpecification\",\"valueRequired\":true,\"valueName\":\"search_term_string\"}}],\"inLanguage\":\"en-US\"},{\"@type\":\"Organization\",\"@id\":\"https:\\\/\\\/enviteka.lt\\\/#organization\",\"name\":\"ENVITEKA\",\"url\":\"https:\\\/\\\/enviteka.lt\\\/\",\"logo\":{\"@type\":\"ImageObject\",\"inLanguage\":\"en-US\",\"@id\":\"https:\\\/\\\/enviteka.lt\\\/#\\\/schema\\\/logo\\\/image\\\/\",\"url\":\"https:\\\/\\\/enviteka.lt\\\/wp-content\\\/uploads\\\/2024\\\/10\\\/enviteka-high-resolution-logo-transparent-e1742852093377.png\",\"contentUrl\":\"https:\\\/\\\/enviteka.lt\\\/wp-content\\\/uploads\\\/2024\\\/10\\\/enviteka-high-resolution-logo-transparent-e1742852093377.png\",\"width\":424,\"height\":150,\"caption\":\"ENVITEKA\"},\"image\":{\"@id\":\"https:\\\/\\\/enviteka.lt\\\/#\\\/schema\\\/logo\\\/image\\\/\"}}]}<\/script>\n<!-- \/ Yoast SEO plugin. -->","yoast_head_json":{"title":"Siurbtukai su 1,5 silfono \u00d8 15\u201330 mm, VSAJ serija - ENVITEKA","description":"Siurbtukai idealiai tinka sugriebti \u0161iek tiek i\u0161gaubtus arba \u012fgaubtus gaminius.","robots":{"index":"index","follow":"follow","max-snippet":"max-snippet:-1","max-image-preview":"max-image-preview:large","max-video-preview":"max-video-preview:-1"},"canonical":"https:\/\/enviteka.lt\/en\/product\/siurbtukai-su-15-silfono-o-15-30-mm-vsaj-serija\/","og_locale":"en_US","og_type":"article","og_title":"Siurbtukai su 1,5 silfono \u00d8 15\u201330 mm, VSAJ serija - ENVITEKA","og_description":"Siurbtukai idealiai tinka sugriebti \u0161iek tiek i\u0161gaubtus arba \u012fgaubtus gaminius.","og_url":"https:\/\/enviteka.lt\/en\/product\/siurbtukai-su-15-silfono-o-15-30-mm-vsaj-serija\/","og_site_name":"ENVITEKA","article_modified_time":"2025-03-08T13:34:10+00:00","og_image":[{"width":139,"height":139,"url":"https:\/\/enviteka.lt\/wp-content\/uploads\/2024\/10\/img_1195_1.jpg","type":"image\/jpeg"}],"twitter_card":"summary_large_image","twitter_misc":{"Est. reading time":"1 minute"},"schema":{"@context":"https:\/\/schema.org","@graph":[{"@type":"WebPage","@id":"https:\/\/enviteka.lt\/produktas\/siurbtukai-su-15-silfono-o-15-30-mm-vsaj-serija\/","url":"https:\/\/enviteka.lt\/produktas\/siurbtukai-su-15-silfono-o-15-30-mm-vsaj-serija\/","name":"Siurbtukai su 1,5 silfono \u00d8 15\u201330 mm, VSAJ serija - ENVITEKA","isPartOf":{"@id":"https:\/\/enviteka.lt\/#website"},"primaryImageOfPage":{"@id":"https:\/\/enviteka.lt\/produktas\/siurbtukai-su-15-silfono-o-15-30-mm-vsaj-serija\/#primaryimage"},"image":{"@id":"https:\/\/enviteka.lt\/produktas\/siurbtukai-su-15-silfono-o-15-30-mm-vsaj-serija\/#primaryimage"},"thumbnailUrl":"https:\/\/enviteka.lt\/wp-content\/uploads\/2024\/10\/img_1195_1.jpg","datePublished":"2024-10-16T10:20:39+00:00","dateModified":"2025-03-08T13:34:10+00:00","description":"Siurbtukai idealiai tinka sugriebti \u0161iek tiek i\u0161gaubtus arba \u012fgaubtus gaminius.","breadcrumb":{"@id":"https:\/\/enviteka.lt\/produktas\/siurbtukai-su-15-silfono-o-15-30-mm-vsaj-serija\/#breadcrumb"},"inLanguage":"en-US","potentialAction":[{"@type":"ReadAction","target":["https:\/\/enviteka.lt\/produktas\/siurbtukai-su-15-silfono-o-15-30-mm-vsaj-serija\/"]}]},{"@type":"ImageObject","inLanguage":"en-US","@id":"https:\/\/enviteka.lt\/produktas\/siurbtukai-su-15-silfono-o-15-30-mm-vsaj-serija\/#primaryimage","url":"https:\/\/enviteka.lt\/wp-content\/uploads\/2024\/10\/img_1195_1.jpg","contentUrl":"https:\/\/enviteka.lt\/wp-content\/uploads\/2024\/10\/img_1195_1.jpg","width":139,"height":139},{"@type":"BreadcrumbList","@id":"https:\/\/enviteka.lt\/produktas\/siurbtukai-su-15-silfono-o-15-30-mm-vsaj-serija\/#breadcrumb","itemListElement":[{"@type":"ListItem","position":1,"name":"Home","item":"https:\/\/enviteka.lt\/"},{"@type":"ListItem","position":2,"name":"Produktai","item":"https:\/\/enviteka.lt\/produktai\/"},{"@type":"ListItem","position":3,"name":"Siurbtukai su 1,5 silfono \u00d8 15\u201330 mm, VSAJ serija"}]},{"@type":"WebSite","@id":"https:\/\/enviteka.lt\/#website","url":"https:\/\/enviteka.lt\/","name":"ENVITEKA","description":"pramonin\u0117s \u012frangos tiek\u0117jas","publisher":{"@id":"https:\/\/enviteka.lt\/#organization"},"potentialAction":[{"@type":"SearchAction","target":{"@type":"EntryPoint","urlTemplate":"https:\/\/enviteka.lt\/?s={search_term_string}"},"query-input":{"@type":"PropertyValueSpecification","valueRequired":true,"valueName":"search_term_string"}}],"inLanguage":"en-US"},{"@type":"Organization","@id":"https:\/\/enviteka.lt\/#organization","name":"ENVITEKA","url":"https:\/\/enviteka.lt\/","logo":{"@type":"ImageObject","inLanguage":"en-US","@id":"https:\/\/enviteka.lt\/#\/schema\/logo\/image\/","url":"https:\/\/enviteka.lt\/wp-content\/uploads\/2024\/10\/enviteka-high-resolution-logo-transparent-e1742852093377.png","contentUrl":"https:\/\/enviteka.lt\/wp-content\/uploads\/2024\/10\/enviteka-high-resolution-logo-transparent-e1742852093377.png","width":424,"height":150,"caption":"ENVITEKA"},"image":{"@id":"https:\/\/enviteka.lt\/#\/schema\/logo\/image\/"}}]}},"_links":{"self":[{"href":"https:\/\/enviteka.lt\/en\/wp-json\/wp\/v2\/product\/546","targetHints":{"allow":["GET"]}}],"collection":[{"href":"https:\/\/enviteka.lt\/en\/wp-json\/wp\/v2\/product"}],"about":[{"href":"https:\/\/enviteka.lt\/en\/wp-json\/wp\/v2\/types\/product"}],"wp:featuredmedia":[{"embeddable":true,"href":"https:\/\/enviteka.lt\/en\/wp-json\/wp\/v2\/media\/547"}],"wp:attachment":[{"href":"https:\/\/enviteka.lt\/en\/wp-json\/wp\/v2\/media?parent=546"}],"wp:term":[{"taxonomy":"product_brand","embeddable":true,"href":"https:\/\/enviteka.lt\/en\/wp-json\/wp\/v2\/product_brand?post=546"},{"taxonomy":"product_cat","embeddable":true,"href":"https:\/\/enviteka.lt\/en\/wp-json\/wp\/v2\/product_cat?post=546"},{"taxonomy":"product_tag","embeddable":true,"href":"https:\/\/enviteka.lt\/en\/wp-json\/wp\/v2\/product_tag?post=546"}],"curies":[{"name":"wp","href":"https:\/\/api.w.org\/{rel}","templated":true}]}}