{"id":536,"date":"2024-10-16T10:14:47","date_gmt":"2024-10-16T10:14:47","guid":{"rendered":"https:\/\/enviteka.lt\/?post_type=product&#038;p=536"},"modified":"2025-03-08T13:47:23","modified_gmt":"2025-03-08T13:47:23","slug":"didelio-nasumo-siurbtukai-c-serija","status":"publish","type":"product","link":"https:\/\/enviteka.lt\/en\/product\/didelio-nasumo-siurbtukai-c-serija\/","title":{"rendered":"Didelio na\u0161umo siurbtukai, C serija"},"content":{"rendered":"<p>C serijos didelio na\u0161umo siurbtukai buvo sukurti atsi\u017evelgiant \u012f auk\u0161tus automobili\u0173 pramon\u0117s reikalavimus, kad u\u017etikrint\u0173 maksimal\u0173 veikimo efektyvum\u0105.<\/p>\n<p><strong>Pagrindin\u0117s savyb\u0117s:<\/strong><\/p>\n<p>Visas form\u0173 ir skersmen\u0173 asortimentas \u2013 siurbtukai atitinka \u012fvairius pramon\u0117s poreikius ir u\u017etikrina universalum\u0105.<br \/>\nNeslystan\u010dios apkabos \u2013 u\u017etikrina stabilum\u0105 ir optimali\u0105 pad\u0117t\u012f net ant riebios skardos pavir\u0161i\u0173.<br \/>\nStrukt\u016briniai siurbtukai \u2013 sukurti suimti plon\u0105 lak\u0161tin\u012f metal\u0105 be deformacij\u0173, tai leid\u017eia i\u0161laikyti produkto kokyb\u0119.<br \/>\nAutomatizavimas \u2013 idealiai tinka automatizuotoms gamybos linijoms, u\u017etikrinant efektyvum\u0105 ir tikslum\u0105.<br \/>\nPritaikymas \u0161tampavimo ir suvirinimo sektoriuose \u2013 specialiai sukurti \u0161iems intensyviems ir sud\u0117tingiems procesams.<\/p>\n<p><strong>Susiekite<\/strong> jeigu norite u\u017esisakyti!<\/p>","protected":false},"excerpt":{"rendered":"<p>C serijos didelio na\u0161umo siurbtukai buvo sukurti atsi\u017evelgiant \u012f auk\u0161tus automobili\u0173 pramon\u0117s reikalavimus, kad u\u017etikrint\u0173 maksimal\u0173 veikimo efektyvum\u0105. Pagrindin\u0117s savyb\u0117s: [&hellip;]<\/p>","protected":false},"featured_media":537,"template":"","meta":{"site-sidebar-layout":"default","site-content-layout":"","ast-site-content-layout":"default","site-content-style":"default","site-sidebar-style":"default","ast-global-header-display":"","ast-banner-title-visibility":"","ast-main-header-display":"","ast-hfb-above-header-display":"","ast-hfb-below-header-display":"","ast-hfb-mobile-header-display":"","site-post-title":"","ast-breadcrumbs-content":"","ast-featured-img":"","footer-sml-layout":"","ast-disable-related-posts":"","theme-transparent-header-meta":"default","adv-header-id-meta":"","stick-header-meta":"","header-above-stick-meta":"","header-main-stick-meta":"","header-below-stick-meta":"","astra-migrate-meta-layouts":"set","ast-page-background-enabled":"default","ast-page-background-meta":{"desktop":{"background-color":"var(--ast-global-color-4)","background-image":"","background-repeat":"repeat","background-position":"center center","background-size":"auto","background-attachment":"scroll","background-type":"","background-media":"","overlay-type":"","overlay-color":"","overlay-opacity":"","overlay-gradient":""},"tablet":{"background-color":"","background-image":"","background-repeat":"repeat","background-position":"center center","background-size":"auto","background-attachment":"scroll","background-type":"","background-media":"","overlay-type":"","overlay-color":"","overlay-opacity":"","overlay-gradient":""},"mobile":{"background-color":"","background-image":"","background-repeat":"repeat","background-position":"center center","background-size":"auto","background-attachment":"scroll","background-type":"","background-media":"","overlay-type":"","overlay-color":"","overlay-opacity":"","overlay-gradient":""}},"ast-content-background-meta":{"desktop":{"background-color":"var(--ast-global-color-5)","background-image":"","background-repeat":"repeat","background-position":"center center","background-size":"auto","background-attachment":"scroll","background-type":"","background-media":"","overlay-type":"","overlay-color":"","overlay-opacity":"","overlay-gradient":""},"tablet":{"background-color":"var(--ast-global-color-5)","background-image":"","background-repeat":"repeat","background-position":"center center","background-size":"auto","background-attachment":"scroll","background-type":"","background-media":"","overlay-type":"","overlay-color":"","overlay-opacity":"","overlay-gradient":""},"mobile":{"background-color":"var(--ast-global-color-5)","background-image":"","background-repeat":"repeat","background-position":"center center","background-size":"auto","background-attachment":"scroll","background-type":"","background-media":"","overlay-type":"","overlay-color":"","overlay-opacity":"","overlay-gradient":""}}},"product_brand":[],"product_cat":[29,98],"product_tag":[],"class_list":{"0":"post-536","1":"product","2":"type-product","3":"status-publish","4":"has-post-thumbnail","6":"product_cat-vakuumo-sistemos","7":"product_cat-vakuumo-siurbtukai","8":"desktop-align-left","9":"tablet-align-left","10":"mobile-align-left","12":"first","13":"instock","14":"shipping-taxable","15":"purchasable","16":"product-type-simple"},"yoast_head":"<!-- This site is optimized with the Yoast SEO plugin v27.3 - https:\/\/yoast.com\/product\/yoast-seo-wordpress\/ -->\n<title>Didelio na\u0161umo siurbtukai, C serija - ENVITEKA<\/title>\n<meta name=\"description\" content=\"Siurbtukai buvo sukurti atsi\u017evelgiant \u012f auk\u0161tus automobili\u0173 pramon\u0117s reikalavimus\" \/>\n<meta name=\"robots\" content=\"index, follow, max-snippet:-1, max-image-preview:large, max-video-preview:-1\" \/>\n<link rel=\"canonical\" href=\"https:\/\/enviteka.lt\/en\/product\/didelio-nasumo-siurbtukai-c-serija\/\" \/>\n<meta property=\"og:locale\" content=\"en_US\" \/>\n<meta property=\"og:type\" content=\"article\" \/>\n<meta property=\"og:title\" content=\"Didelio na\u0161umo siurbtukai, C serija - ENVITEKA\" \/>\n<meta property=\"og:description\" content=\"Siurbtukai buvo sukurti atsi\u017evelgiant \u012f auk\u0161tus automobili\u0173 pramon\u0117s reikalavimus\" \/>\n<meta property=\"og:url\" content=\"https:\/\/enviteka.lt\/en\/product\/didelio-nasumo-siurbtukai-c-serija\/\" \/>\n<meta property=\"og:site_name\" content=\"ENVITEKA\" \/>\n<meta property=\"article:modified_time\" content=\"2025-03-08T13:47:23+00:00\" \/>\n<meta property=\"og:image\" content=\"https:\/\/enviteka.lt\/wp-content\/uploads\/2024\/10\/img_896_1.png\" \/>\n\t<meta property=\"og:image:width\" content=\"139\" \/>\n\t<meta property=\"og:image:height\" content=\"139\" \/>\n\t<meta property=\"og:image:type\" content=\"image\/png\" \/>\n<meta name=\"twitter:card\" content=\"summary_large_image\" \/>\n<meta name=\"twitter:label1\" content=\"Est. reading time\" \/>\n\t<meta name=\"twitter:data1\" content=\"1 minute\" \/>\n<script type=\"application\/ld+json\" class=\"yoast-schema-graph\">{\"@context\":\"https:\\\/\\\/schema.org\",\"@graph\":[{\"@type\":\"WebPage\",\"@id\":\"https:\\\/\\\/enviteka.lt\\\/produktas\\\/didelio-nasumo-siurbtukai-c-serija\\\/\",\"url\":\"https:\\\/\\\/enviteka.lt\\\/produktas\\\/didelio-nasumo-siurbtukai-c-serija\\\/\",\"name\":\"Didelio na\u0161umo siurbtukai, C serija - ENVITEKA\",\"isPartOf\":{\"@id\":\"https:\\\/\\\/enviteka.lt\\\/#website\"},\"primaryImageOfPage\":{\"@id\":\"https:\\\/\\\/enviteka.lt\\\/produktas\\\/didelio-nasumo-siurbtukai-c-serija\\\/#primaryimage\"},\"image\":{\"@id\":\"https:\\\/\\\/enviteka.lt\\\/produktas\\\/didelio-nasumo-siurbtukai-c-serija\\\/#primaryimage\"},\"thumbnailUrl\":\"https:\\\/\\\/enviteka.lt\\\/wp-content\\\/uploads\\\/2024\\\/10\\\/img_896_1.png\",\"datePublished\":\"2024-10-16T10:14:47+00:00\",\"dateModified\":\"2025-03-08T13:47:23+00:00\",\"description\":\"Siurbtukai buvo sukurti atsi\u017evelgiant \u012f auk\u0161tus automobili\u0173 pramon\u0117s reikalavimus\",\"breadcrumb\":{\"@id\":\"https:\\\/\\\/enviteka.lt\\\/produktas\\\/didelio-nasumo-siurbtukai-c-serija\\\/#breadcrumb\"},\"inLanguage\":\"en-US\",\"potentialAction\":[{\"@type\":\"ReadAction\",\"target\":[\"https:\\\/\\\/enviteka.lt\\\/produktas\\\/didelio-nasumo-siurbtukai-c-serija\\\/\"]}]},{\"@type\":\"ImageObject\",\"inLanguage\":\"en-US\",\"@id\":\"https:\\\/\\\/enviteka.lt\\\/produktas\\\/didelio-nasumo-siurbtukai-c-serija\\\/#primaryimage\",\"url\":\"https:\\\/\\\/enviteka.lt\\\/wp-content\\\/uploads\\\/2024\\\/10\\\/img_896_1.png\",\"contentUrl\":\"https:\\\/\\\/enviteka.lt\\\/wp-content\\\/uploads\\\/2024\\\/10\\\/img_896_1.png\",\"width\":139,\"height\":139},{\"@type\":\"BreadcrumbList\",\"@id\":\"https:\\\/\\\/enviteka.lt\\\/produktas\\\/didelio-nasumo-siurbtukai-c-serija\\\/#breadcrumb\",\"itemListElement\":[{\"@type\":\"ListItem\",\"position\":1,\"name\":\"Home\",\"item\":\"https:\\\/\\\/enviteka.lt\\\/\"},{\"@type\":\"ListItem\",\"position\":2,\"name\":\"Produktai\",\"item\":\"https:\\\/\\\/enviteka.lt\\\/produktai\\\/\"},{\"@type\":\"ListItem\",\"position\":3,\"name\":\"Didelio na\u0161umo siurbtukai, C serija\"}]},{\"@type\":\"WebSite\",\"@id\":\"https:\\\/\\\/enviteka.lt\\\/#website\",\"url\":\"https:\\\/\\\/enviteka.lt\\\/\",\"name\":\"ENVITEKA\",\"description\":\"pramonin\u0117s \u012frangos tiek\u0117jas\",\"publisher\":{\"@id\":\"https:\\\/\\\/enviteka.lt\\\/#organization\"},\"potentialAction\":[{\"@type\":\"SearchAction\",\"target\":{\"@type\":\"EntryPoint\",\"urlTemplate\":\"https:\\\/\\\/enviteka.lt\\\/?s={search_term_string}\"},\"query-input\":{\"@type\":\"PropertyValueSpecification\",\"valueRequired\":true,\"valueName\":\"search_term_string\"}}],\"inLanguage\":\"en-US\"},{\"@type\":\"Organization\",\"@id\":\"https:\\\/\\\/enviteka.lt\\\/#organization\",\"name\":\"ENVITEKA\",\"url\":\"https:\\\/\\\/enviteka.lt\\\/\",\"logo\":{\"@type\":\"ImageObject\",\"inLanguage\":\"en-US\",\"@id\":\"https:\\\/\\\/enviteka.lt\\\/#\\\/schema\\\/logo\\\/image\\\/\",\"url\":\"https:\\\/\\\/enviteka.lt\\\/wp-content\\\/uploads\\\/2024\\\/10\\\/enviteka-high-resolution-logo-transparent-e1742852093377.png\",\"contentUrl\":\"https:\\\/\\\/enviteka.lt\\\/wp-content\\\/uploads\\\/2024\\\/10\\\/enviteka-high-resolution-logo-transparent-e1742852093377.png\",\"width\":424,\"height\":150,\"caption\":\"ENVITEKA\"},\"image\":{\"@id\":\"https:\\\/\\\/enviteka.lt\\\/#\\\/schema\\\/logo\\\/image\\\/\"}}]}<\/script>\n<!-- \/ Yoast SEO plugin. -->","yoast_head_json":{"title":"Didelio na\u0161umo siurbtukai, C serija - ENVITEKA","description":"Siurbtukai buvo sukurti atsi\u017evelgiant \u012f auk\u0161tus automobili\u0173 pramon\u0117s reikalavimus","robots":{"index":"index","follow":"follow","max-snippet":"max-snippet:-1","max-image-preview":"max-image-preview:large","max-video-preview":"max-video-preview:-1"},"canonical":"https:\/\/enviteka.lt\/en\/product\/didelio-nasumo-siurbtukai-c-serija\/","og_locale":"en_US","og_type":"article","og_title":"Didelio na\u0161umo siurbtukai, C serija - ENVITEKA","og_description":"Siurbtukai buvo sukurti atsi\u017evelgiant \u012f auk\u0161tus automobili\u0173 pramon\u0117s reikalavimus","og_url":"https:\/\/enviteka.lt\/en\/product\/didelio-nasumo-siurbtukai-c-serija\/","og_site_name":"ENVITEKA","article_modified_time":"2025-03-08T13:47:23+00:00","og_image":[{"width":139,"height":139,"url":"https:\/\/enviteka.lt\/wp-content\/uploads\/2024\/10\/img_896_1.png","type":"image\/png"}],"twitter_card":"summary_large_image","twitter_misc":{"Est. reading time":"1 minute"},"schema":{"@context":"https:\/\/schema.org","@graph":[{"@type":"WebPage","@id":"https:\/\/enviteka.lt\/produktas\/didelio-nasumo-siurbtukai-c-serija\/","url":"https:\/\/enviteka.lt\/produktas\/didelio-nasumo-siurbtukai-c-serija\/","name":"Didelio na\u0161umo siurbtukai, C serija - ENVITEKA","isPartOf":{"@id":"https:\/\/enviteka.lt\/#website"},"primaryImageOfPage":{"@id":"https:\/\/enviteka.lt\/produktas\/didelio-nasumo-siurbtukai-c-serija\/#primaryimage"},"image":{"@id":"https:\/\/enviteka.lt\/produktas\/didelio-nasumo-siurbtukai-c-serija\/#primaryimage"},"thumbnailUrl":"https:\/\/enviteka.lt\/wp-content\/uploads\/2024\/10\/img_896_1.png","datePublished":"2024-10-16T10:14:47+00:00","dateModified":"2025-03-08T13:47:23+00:00","description":"Siurbtukai buvo sukurti atsi\u017evelgiant \u012f auk\u0161tus automobili\u0173 pramon\u0117s reikalavimus","breadcrumb":{"@id":"https:\/\/enviteka.lt\/produktas\/didelio-nasumo-siurbtukai-c-serija\/#breadcrumb"},"inLanguage":"en-US","potentialAction":[{"@type":"ReadAction","target":["https:\/\/enviteka.lt\/produktas\/didelio-nasumo-siurbtukai-c-serija\/"]}]},{"@type":"ImageObject","inLanguage":"en-US","@id":"https:\/\/enviteka.lt\/produktas\/didelio-nasumo-siurbtukai-c-serija\/#primaryimage","url":"https:\/\/enviteka.lt\/wp-content\/uploads\/2024\/10\/img_896_1.png","contentUrl":"https:\/\/enviteka.lt\/wp-content\/uploads\/2024\/10\/img_896_1.png","width":139,"height":139},{"@type":"BreadcrumbList","@id":"https:\/\/enviteka.lt\/produktas\/didelio-nasumo-siurbtukai-c-serija\/#breadcrumb","itemListElement":[{"@type":"ListItem","position":1,"name":"Home","item":"https:\/\/enviteka.lt\/"},{"@type":"ListItem","position":2,"name":"Produktai","item":"https:\/\/enviteka.lt\/produktai\/"},{"@type":"ListItem","position":3,"name":"Didelio na\u0161umo siurbtukai, C serija"}]},{"@type":"WebSite","@id":"https:\/\/enviteka.lt\/#website","url":"https:\/\/enviteka.lt\/","name":"ENVITEKA","description":"pramonin\u0117s \u012frangos tiek\u0117jas","publisher":{"@id":"https:\/\/enviteka.lt\/#organization"},"potentialAction":[{"@type":"SearchAction","target":{"@type":"EntryPoint","urlTemplate":"https:\/\/enviteka.lt\/?s={search_term_string}"},"query-input":{"@type":"PropertyValueSpecification","valueRequired":true,"valueName":"search_term_string"}}],"inLanguage":"en-US"},{"@type":"Organization","@id":"https:\/\/enviteka.lt\/#organization","name":"ENVITEKA","url":"https:\/\/enviteka.lt\/","logo":{"@type":"ImageObject","inLanguage":"en-US","@id":"https:\/\/enviteka.lt\/#\/schema\/logo\/image\/","url":"https:\/\/enviteka.lt\/wp-content\/uploads\/2024\/10\/enviteka-high-resolution-logo-transparent-e1742852093377.png","contentUrl":"https:\/\/enviteka.lt\/wp-content\/uploads\/2024\/10\/enviteka-high-resolution-logo-transparent-e1742852093377.png","width":424,"height":150,"caption":"ENVITEKA"},"image":{"@id":"https:\/\/enviteka.lt\/#\/schema\/logo\/image\/"}}]}},"_links":{"self":[{"href":"https:\/\/enviteka.lt\/en\/wp-json\/wp\/v2\/product\/536","targetHints":{"allow":["GET"]}}],"collection":[{"href":"https:\/\/enviteka.lt\/en\/wp-json\/wp\/v2\/product"}],"about":[{"href":"https:\/\/enviteka.lt\/en\/wp-json\/wp\/v2\/types\/product"}],"wp:featuredmedia":[{"embeddable":true,"href":"https:\/\/enviteka.lt\/en\/wp-json\/wp\/v2\/media\/537"}],"wp:attachment":[{"href":"https:\/\/enviteka.lt\/en\/wp-json\/wp\/v2\/media?parent=536"}],"wp:term":[{"taxonomy":"product_brand","embeddable":true,"href":"https:\/\/enviteka.lt\/en\/wp-json\/wp\/v2\/product_brand?post=536"},{"taxonomy":"product_cat","embeddable":true,"href":"https:\/\/enviteka.lt\/en\/wp-json\/wp\/v2\/product_cat?post=536"},{"taxonomy":"product_tag","embeddable":true,"href":"https:\/\/enviteka.lt\/en\/wp-json\/wp\/v2\/product_tag?post=536"}],"curies":[{"name":"wp","href":"https:\/\/api.w.org\/{rel}","templated":true}]}}