{"id":480,"date":"2024-10-11T15:52:57","date_gmt":"2024-10-11T15:52:57","guid":{"rendered":"https:\/\/enviteka.lt\/?post_type=product&#038;p=480"},"modified":"2025-02-13T08:26:16","modified_gmt":"2025-02-13T08:26:16","slug":"filtrai-skysciams-rankoviniai-filtrai","status":"publish","type":"product","link":"https:\/\/enviteka.lt\/en\/product\/filtrai-skysciams-rankoviniai-filtrai\/","title":{"rendered":"Filters for liquids"},"content":{"rendered":"<p>Si\u016blome auk\u0161tos kokyb\u0117s rankovinius filtrus, skirtus skys\u010di\u0173 filtravimui. Filtrai gaminami i\u0161 kruop\u0161\u010diai parinkt\u0173 filtruojan\u010di\u0173 med\u017eiag\u0173, atsi\u017evelgiant \u012f reikiamas filtracines savybes.<\/p>\n<p><strong>Platus med\u017eiag\u0173 pasirinkimas<\/strong> \u2013 filtruojanti med\u017eiaga gali b\u016bti i\u0161 monofilamentinio pluo\u0161to (neilono, polipropileno, poliesterio) arba neaustin\u0117s filtruojan\u010dios med\u017eiagos (polipropileno, poliesterio).<br \/>\n<strong>\u012evair\u016bs i\u0161matavimai ir pralaidumai<\/strong> \u2013 si\u016blome skirting\u0173 dyd\u017ei\u0173 ir filtravimo efektyvumo filtrus pagal j\u016bs\u0173 poreikius.<br \/>\n<strong>Tvirti tvirtinimo \u017eiedai<\/strong> \u2013 filtrai gali b\u016bti su \u012fsi\u016btais cinkuoto metalo, ner\u016bdijan\u010dio plieno ar plastiko \u017eiedais.<br \/>\n<strong>Patikimas ir efektyvus filtravimas<\/strong> \u2013 u\u017etikriname auk\u0161t\u0105 filtravimo kokyb\u0119 \u012fvairioms pramon\u0117s sritims.<\/p>\n<p>Susisiekite su mumis ir pad\u0117sime i\u0161sirinkti tinkamiausi\u0105 skys\u010di\u0173 filtr\u0105!<\/p>","protected":false},"excerpt":{"rendered":"<p>Si\u016blome auk\u0161tos kokyb\u0117s rankovinius filtrus, skirtus skys\u010di\u0173 filtravimui. Filtrai gaminami i\u0161 kruop\u0161\u010diai parinkt\u0173 filtruojan\u010di\u0173 med\u017eiag\u0173, atsi\u017evelgiant \u012f reikiamas filtracines savybes. [&hellip;]<\/p>","protected":false},"featured_media":481,"template":"","meta":{"site-sidebar-layout":"default","site-content-layout":"","ast-site-content-layout":"default","site-content-style":"default","site-sidebar-style":"default","ast-global-header-display":"","ast-banner-title-visibility":"","ast-main-header-display":"","ast-hfb-above-header-display":"","ast-hfb-below-header-display":"","ast-hfb-mobile-header-display":"","site-post-title":"","ast-breadcrumbs-content":"","ast-featured-img":"","footer-sml-layout":"","ast-disable-related-posts":"","theme-transparent-header-meta":"default","adv-header-id-meta":"","stick-header-meta":"","header-above-stick-meta":"","header-main-stick-meta":"","header-below-stick-meta":"","astra-migrate-meta-layouts":"set","ast-page-background-enabled":"default","ast-page-background-meta":{"desktop":{"background-color":"var(--ast-global-color-4)","background-image":"","background-repeat":"repeat","background-position":"center center","background-size":"auto","background-attachment":"scroll","background-type":"","background-media":"","overlay-type":"","overlay-color":"","overlay-opacity":"","overlay-gradient":""},"tablet":{"background-color":"","background-image":"","background-repeat":"repeat","background-position":"center center","background-size":"auto","background-attachment":"scroll","background-type":"","background-media":"","overlay-type":"","overlay-color":"","overlay-opacity":"","overlay-gradient":""},"mobile":{"background-color":"","background-image":"","background-repeat":"repeat","background-position":"center center","background-size":"auto","background-attachment":"scroll","background-type":"","background-media":"","overlay-type":"","overlay-color":"","overlay-opacity":"","overlay-gradient":""}},"ast-content-background-meta":{"desktop":{"background-color":"var(--ast-global-color-5)","background-image":"","background-repeat":"repeat","background-position":"center center","background-size":"auto","background-attachment":"scroll","background-type":"","background-media":"","overlay-type":"","overlay-color":"","overlay-opacity":"","overlay-gradient":""},"tablet":{"background-color":"var(--ast-global-color-5)","background-image":"","background-repeat":"repeat","background-position":"center center","background-size":"auto","background-attachment":"scroll","background-type":"","background-media":"","overlay-type":"","overlay-color":"","overlay-opacity":"","overlay-gradient":""},"mobile":{"background-color":"var(--ast-global-color-5)","background-image":"","background-repeat":"repeat","background-position":"center center","background-size":"auto","background-attachment":"scroll","background-type":"","background-media":"","overlay-type":"","overlay-color":"","overlay-opacity":"","overlay-gradient":""}}},"product_brand":[],"product_cat":[33,60],"product_tag":[],"class_list":{"0":"post-480","1":"product","2":"type-product","3":"status-publish","4":"has-post-thumbnail","6":"product_cat-filtrai","7":"product_cat-filtrai-skysciams","8":"desktop-align-left","9":"tablet-align-left","10":"mobile-align-left","12":"first","13":"instock","14":"shipping-taxable","15":"purchasable","16":"product-type-simple"},"yoast_head":"<!-- This site is optimized with the Yoast SEO plugin v27.3 - https:\/\/yoast.com\/product\/yoast-seo-wordpress\/ -->\n<title>Filtrai skys\u010diams - ENVITEKA<\/title>\n<meta name=\"robots\" content=\"index, follow, max-snippet:-1, max-image-preview:large, max-video-preview:-1\" \/>\n<link rel=\"canonical\" href=\"https:\/\/enviteka.lt\/en\/product\/filtrai-skysciams-rankoviniai-filtrai\/\" \/>\n<meta property=\"og:locale\" content=\"en_US\" \/>\n<meta property=\"og:type\" content=\"article\" \/>\n<meta property=\"og:title\" content=\"Filtrai skys\u010diams - ENVITEKA\" \/>\n<meta property=\"og:description\" content=\"Si\u016blome auk\u0161tos kokyb\u0117s rankovinius filtrus, skirtus skys\u010di\u0173 filtravimui. Filtrai gaminami i\u0161 kruop\u0161\u010diai parinkt\u0173 filtruojan\u010di\u0173 med\u017eiag\u0173, atsi\u017evelgiant \u012f reikiamas filtracines savybes. [&hellip;]\" \/>\n<meta property=\"og:url\" content=\"https:\/\/enviteka.lt\/en\/product\/filtrai-skysciams-rankoviniai-filtrai\/\" \/>\n<meta property=\"og:site_name\" content=\"ENVITEKA\" \/>\n<meta property=\"article:modified_time\" content=\"2025-02-13T08:26:16+00:00\" \/>\n<meta property=\"og:image\" content=\"https:\/\/enviteka.lt\/wp-content\/uploads\/2024\/10\/JA4C3044-copy-240x160-1.jpg\" \/>\n\t<meta property=\"og:image:width\" content=\"240\" \/>\n\t<meta property=\"og:image:height\" content=\"160\" \/>\n\t<meta property=\"og:image:type\" content=\"image\/jpeg\" \/>\n<meta name=\"twitter:card\" content=\"summary_large_image\" \/>\n<meta name=\"twitter:label1\" content=\"Est. reading time\" \/>\n\t<meta name=\"twitter:data1\" content=\"1 minute\" \/>\n<script type=\"application\/ld+json\" class=\"yoast-schema-graph\">{\"@context\":\"https:\\\/\\\/schema.org\",\"@graph\":[{\"@type\":\"WebPage\",\"@id\":\"https:\\\/\\\/enviteka.lt\\\/produktas\\\/filtrai-skysciams-rankoviniai-filtrai\\\/\",\"url\":\"https:\\\/\\\/enviteka.lt\\\/produktas\\\/filtrai-skysciams-rankoviniai-filtrai\\\/\",\"name\":\"Filtrai skys\u010diams - ENVITEKA\",\"isPartOf\":{\"@id\":\"https:\\\/\\\/enviteka.lt\\\/#website\"},\"primaryImageOfPage\":{\"@id\":\"https:\\\/\\\/enviteka.lt\\\/produktas\\\/filtrai-skysciams-rankoviniai-filtrai\\\/#primaryimage\"},\"image\":{\"@id\":\"https:\\\/\\\/enviteka.lt\\\/produktas\\\/filtrai-skysciams-rankoviniai-filtrai\\\/#primaryimage\"},\"thumbnailUrl\":\"https:\\\/\\\/enviteka.lt\\\/wp-content\\\/uploads\\\/2024\\\/10\\\/JA4C3044-copy-240x160-1.jpg\",\"datePublished\":\"2024-10-11T15:52:57+00:00\",\"dateModified\":\"2025-02-13T08:26:16+00:00\",\"breadcrumb\":{\"@id\":\"https:\\\/\\\/enviteka.lt\\\/produktas\\\/filtrai-skysciams-rankoviniai-filtrai\\\/#breadcrumb\"},\"inLanguage\":\"en-US\",\"potentialAction\":[{\"@type\":\"ReadAction\",\"target\":[\"https:\\\/\\\/enviteka.lt\\\/produktas\\\/filtrai-skysciams-rankoviniai-filtrai\\\/\"]}]},{\"@type\":\"ImageObject\",\"inLanguage\":\"en-US\",\"@id\":\"https:\\\/\\\/enviteka.lt\\\/produktas\\\/filtrai-skysciams-rankoviniai-filtrai\\\/#primaryimage\",\"url\":\"https:\\\/\\\/enviteka.lt\\\/wp-content\\\/uploads\\\/2024\\\/10\\\/JA4C3044-copy-240x160-1.jpg\",\"contentUrl\":\"https:\\\/\\\/enviteka.lt\\\/wp-content\\\/uploads\\\/2024\\\/10\\\/JA4C3044-copy-240x160-1.jpg\",\"width\":240,\"height\":160},{\"@type\":\"BreadcrumbList\",\"@id\":\"https:\\\/\\\/enviteka.lt\\\/produktas\\\/filtrai-skysciams-rankoviniai-filtrai\\\/#breadcrumb\",\"itemListElement\":[{\"@type\":\"ListItem\",\"position\":1,\"name\":\"Home\",\"item\":\"https:\\\/\\\/enviteka.lt\\\/\"},{\"@type\":\"ListItem\",\"position\":2,\"name\":\"Produktai\",\"item\":\"https:\\\/\\\/enviteka.lt\\\/produktai\\\/\"},{\"@type\":\"ListItem\",\"position\":3,\"name\":\"Filtrai skys\u010diams\"}]},{\"@type\":\"WebSite\",\"@id\":\"https:\\\/\\\/enviteka.lt\\\/#website\",\"url\":\"https:\\\/\\\/enviteka.lt\\\/\",\"name\":\"ENVITEKA\",\"description\":\"pramonin\u0117s \u012frangos tiek\u0117jas\",\"publisher\":{\"@id\":\"https:\\\/\\\/enviteka.lt\\\/#organization\"},\"potentialAction\":[{\"@type\":\"SearchAction\",\"target\":{\"@type\":\"EntryPoint\",\"urlTemplate\":\"https:\\\/\\\/enviteka.lt\\\/?s={search_term_string}\"},\"query-input\":{\"@type\":\"PropertyValueSpecification\",\"valueRequired\":true,\"valueName\":\"search_term_string\"}}],\"inLanguage\":\"en-US\"},{\"@type\":\"Organization\",\"@id\":\"https:\\\/\\\/enviteka.lt\\\/#organization\",\"name\":\"ENVITEKA\",\"url\":\"https:\\\/\\\/enviteka.lt\\\/\",\"logo\":{\"@type\":\"ImageObject\",\"inLanguage\":\"en-US\",\"@id\":\"https:\\\/\\\/enviteka.lt\\\/#\\\/schema\\\/logo\\\/image\\\/\",\"url\":\"https:\\\/\\\/enviteka.lt\\\/wp-content\\\/uploads\\\/2024\\\/10\\\/enviteka-high-resolution-logo-transparent-e1742852093377.png\",\"contentUrl\":\"https:\\\/\\\/enviteka.lt\\\/wp-content\\\/uploads\\\/2024\\\/10\\\/enviteka-high-resolution-logo-transparent-e1742852093377.png\",\"width\":424,\"height\":150,\"caption\":\"ENVITEKA\"},\"image\":{\"@id\":\"https:\\\/\\\/enviteka.lt\\\/#\\\/schema\\\/logo\\\/image\\\/\"}}]}<\/script>\n<!-- \/ Yoast SEO plugin. -->","yoast_head_json":{"title":"Filtrai skys\u010diams - ENVITEKA","robots":{"index":"index","follow":"follow","max-snippet":"max-snippet:-1","max-image-preview":"max-image-preview:large","max-video-preview":"max-video-preview:-1"},"canonical":"https:\/\/enviteka.lt\/en\/product\/filtrai-skysciams-rankoviniai-filtrai\/","og_locale":"en_US","og_type":"article","og_title":"Filtrai skys\u010diams - ENVITEKA","og_description":"Si\u016blome auk\u0161tos kokyb\u0117s rankovinius filtrus, skirtus skys\u010di\u0173 filtravimui. Filtrai gaminami i\u0161 kruop\u0161\u010diai parinkt\u0173 filtruojan\u010di\u0173 med\u017eiag\u0173, atsi\u017evelgiant \u012f reikiamas filtracines savybes. [&hellip;]","og_url":"https:\/\/enviteka.lt\/en\/product\/filtrai-skysciams-rankoviniai-filtrai\/","og_site_name":"ENVITEKA","article_modified_time":"2025-02-13T08:26:16+00:00","og_image":[{"width":240,"height":160,"url":"https:\/\/enviteka.lt\/wp-content\/uploads\/2024\/10\/JA4C3044-copy-240x160-1.jpg","type":"image\/jpeg"}],"twitter_card":"summary_large_image","twitter_misc":{"Est. reading time":"1 minute"},"schema":{"@context":"https:\/\/schema.org","@graph":[{"@type":"WebPage","@id":"https:\/\/enviteka.lt\/produktas\/filtrai-skysciams-rankoviniai-filtrai\/","url":"https:\/\/enviteka.lt\/produktas\/filtrai-skysciams-rankoviniai-filtrai\/","name":"Filtrai skys\u010diams - ENVITEKA","isPartOf":{"@id":"https:\/\/enviteka.lt\/#website"},"primaryImageOfPage":{"@id":"https:\/\/enviteka.lt\/produktas\/filtrai-skysciams-rankoviniai-filtrai\/#primaryimage"},"image":{"@id":"https:\/\/enviteka.lt\/produktas\/filtrai-skysciams-rankoviniai-filtrai\/#primaryimage"},"thumbnailUrl":"https:\/\/enviteka.lt\/wp-content\/uploads\/2024\/10\/JA4C3044-copy-240x160-1.jpg","datePublished":"2024-10-11T15:52:57+00:00","dateModified":"2025-02-13T08:26:16+00:00","breadcrumb":{"@id":"https:\/\/enviteka.lt\/produktas\/filtrai-skysciams-rankoviniai-filtrai\/#breadcrumb"},"inLanguage":"en-US","potentialAction":[{"@type":"ReadAction","target":["https:\/\/enviteka.lt\/produktas\/filtrai-skysciams-rankoviniai-filtrai\/"]}]},{"@type":"ImageObject","inLanguage":"en-US","@id":"https:\/\/enviteka.lt\/produktas\/filtrai-skysciams-rankoviniai-filtrai\/#primaryimage","url":"https:\/\/enviteka.lt\/wp-content\/uploads\/2024\/10\/JA4C3044-copy-240x160-1.jpg","contentUrl":"https:\/\/enviteka.lt\/wp-content\/uploads\/2024\/10\/JA4C3044-copy-240x160-1.jpg","width":240,"height":160},{"@type":"BreadcrumbList","@id":"https:\/\/enviteka.lt\/produktas\/filtrai-skysciams-rankoviniai-filtrai\/#breadcrumb","itemListElement":[{"@type":"ListItem","position":1,"name":"Home","item":"https:\/\/enviteka.lt\/"},{"@type":"ListItem","position":2,"name":"Produktai","item":"https:\/\/enviteka.lt\/produktai\/"},{"@type":"ListItem","position":3,"name":"Filtrai skys\u010diams"}]},{"@type":"WebSite","@id":"https:\/\/enviteka.lt\/#website","url":"https:\/\/enviteka.lt\/","name":"ENVITEKA","description":"pramonin\u0117s \u012frangos tiek\u0117jas","publisher":{"@id":"https:\/\/enviteka.lt\/#organization"},"potentialAction":[{"@type":"SearchAction","target":{"@type":"EntryPoint","urlTemplate":"https:\/\/enviteka.lt\/?s={search_term_string}"},"query-input":{"@type":"PropertyValueSpecification","valueRequired":true,"valueName":"search_term_string"}}],"inLanguage":"en-US"},{"@type":"Organization","@id":"https:\/\/enviteka.lt\/#organization","name":"ENVITEKA","url":"https:\/\/enviteka.lt\/","logo":{"@type":"ImageObject","inLanguage":"en-US","@id":"https:\/\/enviteka.lt\/#\/schema\/logo\/image\/","url":"https:\/\/enviteka.lt\/wp-content\/uploads\/2024\/10\/enviteka-high-resolution-logo-transparent-e1742852093377.png","contentUrl":"https:\/\/enviteka.lt\/wp-content\/uploads\/2024\/10\/enviteka-high-resolution-logo-transparent-e1742852093377.png","width":424,"height":150,"caption":"ENVITEKA"},"image":{"@id":"https:\/\/enviteka.lt\/#\/schema\/logo\/image\/"}}]}},"_links":{"self":[{"href":"https:\/\/enviteka.lt\/en\/wp-json\/wp\/v2\/product\/480","targetHints":{"allow":["GET"]}}],"collection":[{"href":"https:\/\/enviteka.lt\/en\/wp-json\/wp\/v2\/product"}],"about":[{"href":"https:\/\/enviteka.lt\/en\/wp-json\/wp\/v2\/types\/product"}],"wp:featuredmedia":[{"embeddable":true,"href":"https:\/\/enviteka.lt\/en\/wp-json\/wp\/v2\/media\/481"}],"wp:attachment":[{"href":"https:\/\/enviteka.lt\/en\/wp-json\/wp\/v2\/media?parent=480"}],"wp:term":[{"taxonomy":"product_brand","embeddable":true,"href":"https:\/\/enviteka.lt\/en\/wp-json\/wp\/v2\/product_brand?post=480"},{"taxonomy":"product_cat","embeddable":true,"href":"https:\/\/enviteka.lt\/en\/wp-json\/wp\/v2\/product_cat?post=480"},{"taxonomy":"product_tag","embeddable":true,"href":"https:\/\/enviteka.lt\/en\/wp-json\/wp\/v2\/product_tag?post=480"}],"curies":[{"name":"wp","href":"https:\/\/api.w.org\/{rel}","templated":true}]}}