{"id":475,"date":"2024-10-11T15:51:53","date_gmt":"2024-10-11T15:51:53","guid":{"rendered":"https:\/\/enviteka.lt\/?post_type=product&#038;p=475"},"modified":"2026-02-24T17:17:29","modified_gmt":"2026-02-24T17:17:29","slug":"tekstiliniai-ortakiai","status":"publish","type":"product","link":"https:\/\/enviteka.lt\/en\/product\/tekstiliniai-ortakiai\/","title":{"rendered":"Textile ducts"},"content":{"rendered":"<p data-start=\"188\" data-end=\"348\">Tekstiliniai oro paskirstymo ortakiai gaminami i\u0161 speciali\u0173 audini\u0173 ir u\u017etikrina lyg\u0173, nuolatin\u012f oro sraut\u0105 be skersv\u0117jo, tinkam\u0105 v\u0117sinimui arba \u0161ildymui.<\/p>\n<p data-start=\"350\" data-end=\"531\">Oro srautas i\u0161eina per med\u017eiagos pralaidum\u0105 ir\/ar perforacij\u0105. Lyginant su tradiciniais metaliniais kanalais, tekstilini\u0173 ortaki\u0173 sistemos \u012frengimo kaina sudaro tik nedidel\u0119 dal\u012f.<\/p>\n<p><strong>Pagrindiniai privalumai:<\/strong><\/p>\n<p data-start=\"566\" data-end=\"600\">Kondensato susidarymo i\u0161vengimas<\/p>\n<p data-start=\"603\" data-end=\"641\">Galima naudoti agresyviose aplinkose<\/p>\n<p data-start=\"644\" data-end=\"724\">Lengva montuoti karabinais ant lyn\u0173 (vienpus\u0117 arba dvipus\u0117 tvirtinimo sistema)<\/p>\n<p data-start=\"727\" data-end=\"806\">\u012emanoma montuoti ir ant \u012fvairi\u0173 b\u0117geli\u0173 sistem\u0173 (tik pagal special\u0173 u\u017esakym\u0105)<\/p>\n<p><strong>Montavimo palengvinimas:<\/strong><\/p>\n<p data-start=\"841\" data-end=\"1010\">Ortakio prad\u017eia gali b\u016bti apr\u016bpinta u\u017etrauktuku, kad trump\u0105 prad\u017eios dal\u012f b\u016bt\u0173 galima lengvai u\u017ed\u0117ti ant antgalio, o ilg\u0105 ir sunkesn\u0119 dal\u012f \u2013 patogiai pritvirtinti.<\/p>\n<p data-start=\"1013\" data-end=\"1259\">Jei ortakis turi b\u016bti laikomas be sl\u0117gio formos stabilus, i\u0161or\u0117je galima montuoti \u017eiedus (metalinius, ner\u016bdijan\u010dio plieno ar plastiko). \u017diedus galima pritaikyti taip, kad juos b\u016bt\u0173 galima nuimti valymui naudojant lipdukines juostas.<\/p>\n<p><strong>Naudojamos med\u017eiagos:<\/strong><\/p>\n<p data-start=\"1291\" data-end=\"1352\">poliesterio audiniai arba adatiniai filcai<\/p>\n<p data-start=\"1355\" data-end=\"1427\">Da\u017eniausiai balta spalva, antistatin\u0117se kokyb\u0117se \u2013 pilka arba languota<\/p>\n<p data-start=\"1430\" data-end=\"1487\">Galimos ir kitos med\u017eiagos bei spalvos (pagal u\u017eklaus\u0105)<\/p>\n<p data-start=\"1430\" data-end=\"1487\"><strong data-start=\"752\" data-end=\"776\">Susisiekite su mumis<\/strong> ir mes pad\u0117sime rasti geriausi\u0105 sprendim\u0105 j\u016bs\u0173 poreikiams!<\/p>","protected":false},"excerpt":{"rendered":"<p>Tekstiliniai oro paskirstymo ortakiai gaminami i\u0161 speciali\u0173 audini\u0173 ir u\u017etikrina lyg\u0173, nuolatin\u012f oro sraut\u0105 be skersv\u0117jo, tinkam\u0105 v\u0117sinimui arba \u0161ildymui. [&hellip;]<\/p>","protected":false},"featured_media":2498,"template":"","meta":{"site-sidebar-layout":"default","site-content-layout":"","ast-site-content-layout":"default","site-content-style":"default","site-sidebar-style":"default","ast-global-header-display":"","ast-banner-title-visibility":"","ast-main-header-display":"","ast-hfb-above-header-display":"","ast-hfb-below-header-display":"","ast-hfb-mobile-header-display":"","site-post-title":"","ast-breadcrumbs-content":"","ast-featured-img":"","footer-sml-layout":"","ast-disable-related-posts":"","theme-transparent-header-meta":"default","adv-header-id-meta":"","stick-header-meta":"","header-above-stick-meta":"","header-main-stick-meta":"","header-below-stick-meta":"","astra-migrate-meta-layouts":"set","ast-page-background-enabled":"default","ast-page-background-meta":{"desktop":{"background-color":"var(--ast-global-color-4)","background-image":"","background-repeat":"repeat","background-position":"center center","background-size":"auto","background-attachment":"scroll","background-type":"","background-media":"","overlay-type":"","overlay-color":"","overlay-opacity":"","overlay-gradient":""},"tablet":{"background-color":"","background-image":"","background-repeat":"repeat","background-position":"center center","background-size":"auto","background-attachment":"scroll","background-type":"","background-media":"","overlay-type":"","overlay-color":"","overlay-opacity":"","overlay-gradient":""},"mobile":{"background-color":"","background-image":"","background-repeat":"repeat","background-position":"center center","background-size":"auto","background-attachment":"scroll","background-type":"","background-media":"","overlay-type":"","overlay-color":"","overlay-opacity":"","overlay-gradient":""}},"ast-content-background-meta":{"desktop":{"background-color":"var(--ast-global-color-5)","background-image":"","background-repeat":"repeat","background-position":"center center","background-size":"auto","background-attachment":"scroll","background-type":"","background-media":"","overlay-type":"","overlay-color":"","overlay-opacity":"","overlay-gradient":""},"tablet":{"background-color":"var(--ast-global-color-5)","background-image":"","background-repeat":"repeat","background-position":"center center","background-size":"auto","background-attachment":"scroll","background-type":"","background-media":"","overlay-type":"","overlay-color":"","overlay-opacity":"","overlay-gradient":""},"mobile":{"background-color":"var(--ast-global-color-5)","background-image":"","background-repeat":"repeat","background-position":"center center","background-size":"auto","background-attachment":"scroll","background-type":"","background-media":"","overlay-type":"","overlay-color":"","overlay-opacity":"","overlay-gradient":""}}},"product_brand":[],"product_cat":[33,66],"product_tag":[],"class_list":{"0":"post-475","1":"product","2":"type-product","3":"status-publish","4":"has-post-thumbnail","6":"product_cat-filtrai","7":"product_cat-tekstiliniai-ortakiai","8":"desktop-align-left","9":"tablet-align-left","10":"mobile-align-left","12":"first","13":"instock","14":"shipping-taxable","15":"purchasable","16":"product-type-simple"},"yoast_head":"<!-- This site is optimized with the Yoast SEO plugin v27.3 - https:\/\/yoast.com\/product\/yoast-seo-wordpress\/ -->\n<title>Tekstiliniai ortakiai - ENVITEKA<\/title>\n<meta name=\"description\" content=\"Form\u0105 i\u0161laikanti tekstilini\u0173 ortaki\u0173 sistema u\u017etikrina esteti\u0161k\u0105 i\u0161vaizd\u0105 net ir i\u0161jungus v\u0117dinim\u0105. Patikimas ir vizualiai patrauklus sprendimas.\" \/>\n<meta name=\"robots\" content=\"index, follow, max-snippet:-1, max-image-preview:large, max-video-preview:-1\" \/>\n<link rel=\"canonical\" href=\"https:\/\/enviteka.lt\/en\/product\/tekstiliniai-ortakiai\/\" \/>\n<meta property=\"og:locale\" content=\"en_US\" \/>\n<meta property=\"og:type\" content=\"article\" \/>\n<meta property=\"og:title\" content=\"Tekstiliniai ortakiai - ENVITEKA\" \/>\n<meta property=\"og:description\" content=\"Form\u0105 i\u0161laikanti tekstilini\u0173 ortaki\u0173 sistema u\u017etikrina esteti\u0161k\u0105 i\u0161vaizd\u0105 net ir i\u0161jungus v\u0117dinim\u0105. Patikimas ir vizualiai patrauklus sprendimas.\" \/>\n<meta property=\"og:url\" content=\"https:\/\/enviteka.lt\/en\/product\/tekstiliniai-ortakiai\/\" \/>\n<meta property=\"og:site_name\" content=\"ENVITEKA\" \/>\n<meta property=\"article:modified_time\" content=\"2026-02-24T17:17:29+00:00\" \/>\n<meta property=\"og:image\" content=\"https:\/\/enviteka.lt\/wp-content\/uploads\/2024\/10\/ortakiai_enviteka.jpg\" \/>\n\t<meta property=\"og:image:width\" content=\"364\" \/>\n\t<meta property=\"og:image:height\" content=\"313\" \/>\n\t<meta property=\"og:image:type\" content=\"image\/jpeg\" \/>\n<meta name=\"twitter:card\" content=\"summary_large_image\" \/>\n<meta name=\"twitter:label1\" content=\"Est. reading time\" \/>\n\t<meta name=\"twitter:data1\" content=\"2 minutes\" \/>\n<script type=\"application\/ld+json\" class=\"yoast-schema-graph\">{\"@context\":\"https:\\\/\\\/schema.org\",\"@graph\":[{\"@type\":\"WebPage\",\"@id\":\"https:\\\/\\\/enviteka.lt\\\/produktas\\\/tekstiliniai-ortakiai\\\/\",\"url\":\"https:\\\/\\\/enviteka.lt\\\/produktas\\\/tekstiliniai-ortakiai\\\/\",\"name\":\"Tekstiliniai ortakiai - ENVITEKA\",\"isPartOf\":{\"@id\":\"https:\\\/\\\/enviteka.lt\\\/#website\"},\"primaryImageOfPage\":{\"@id\":\"https:\\\/\\\/enviteka.lt\\\/produktas\\\/tekstiliniai-ortakiai\\\/#primaryimage\"},\"image\":{\"@id\":\"https:\\\/\\\/enviteka.lt\\\/produktas\\\/tekstiliniai-ortakiai\\\/#primaryimage\"},\"thumbnailUrl\":\"https:\\\/\\\/enviteka.lt\\\/wp-content\\\/uploads\\\/2024\\\/10\\\/ortakiai_enviteka.jpg\",\"datePublished\":\"2024-10-11T15:51:53+00:00\",\"dateModified\":\"2026-02-24T17:17:29+00:00\",\"description\":\"Form\u0105 i\u0161laikanti tekstilini\u0173 ortaki\u0173 sistema u\u017etikrina esteti\u0161k\u0105 i\u0161vaizd\u0105 net ir i\u0161jungus v\u0117dinim\u0105. Patikimas ir vizualiai patrauklus sprendimas.\",\"breadcrumb\":{\"@id\":\"https:\\\/\\\/enviteka.lt\\\/produktas\\\/tekstiliniai-ortakiai\\\/#breadcrumb\"},\"inLanguage\":\"en-US\",\"potentialAction\":[{\"@type\":\"ReadAction\",\"target\":[\"https:\\\/\\\/enviteka.lt\\\/produktas\\\/tekstiliniai-ortakiai\\\/\"]}]},{\"@type\":\"ImageObject\",\"inLanguage\":\"en-US\",\"@id\":\"https:\\\/\\\/enviteka.lt\\\/produktas\\\/tekstiliniai-ortakiai\\\/#primaryimage\",\"url\":\"https:\\\/\\\/enviteka.lt\\\/wp-content\\\/uploads\\\/2024\\\/10\\\/ortakiai_enviteka.jpg\",\"contentUrl\":\"https:\\\/\\\/enviteka.lt\\\/wp-content\\\/uploads\\\/2024\\\/10\\\/ortakiai_enviteka.jpg\",\"width\":364,\"height\":313},{\"@type\":\"BreadcrumbList\",\"@id\":\"https:\\\/\\\/enviteka.lt\\\/produktas\\\/tekstiliniai-ortakiai\\\/#breadcrumb\",\"itemListElement\":[{\"@type\":\"ListItem\",\"position\":1,\"name\":\"Home\",\"item\":\"https:\\\/\\\/enviteka.lt\\\/\"},{\"@type\":\"ListItem\",\"position\":2,\"name\":\"Produktai\",\"item\":\"https:\\\/\\\/enviteka.lt\\\/produktai\\\/\"},{\"@type\":\"ListItem\",\"position\":3,\"name\":\"Tekstiliniai ortakiai\"}]},{\"@type\":\"WebSite\",\"@id\":\"https:\\\/\\\/enviteka.lt\\\/#website\",\"url\":\"https:\\\/\\\/enviteka.lt\\\/\",\"name\":\"ENVITEKA\",\"description\":\"pramonin\u0117s \u012frangos tiek\u0117jas\",\"publisher\":{\"@id\":\"https:\\\/\\\/enviteka.lt\\\/#organization\"},\"potentialAction\":[{\"@type\":\"SearchAction\",\"target\":{\"@type\":\"EntryPoint\",\"urlTemplate\":\"https:\\\/\\\/enviteka.lt\\\/?s={search_term_string}\"},\"query-input\":{\"@type\":\"PropertyValueSpecification\",\"valueRequired\":true,\"valueName\":\"search_term_string\"}}],\"inLanguage\":\"en-US\"},{\"@type\":\"Organization\",\"@id\":\"https:\\\/\\\/enviteka.lt\\\/#organization\",\"name\":\"ENVITEKA\",\"url\":\"https:\\\/\\\/enviteka.lt\\\/\",\"logo\":{\"@type\":\"ImageObject\",\"inLanguage\":\"en-US\",\"@id\":\"https:\\\/\\\/enviteka.lt\\\/#\\\/schema\\\/logo\\\/image\\\/\",\"url\":\"https:\\\/\\\/enviteka.lt\\\/wp-content\\\/uploads\\\/2024\\\/10\\\/enviteka-high-resolution-logo-transparent-e1742852093377.png\",\"contentUrl\":\"https:\\\/\\\/enviteka.lt\\\/wp-content\\\/uploads\\\/2024\\\/10\\\/enviteka-high-resolution-logo-transparent-e1742852093377.png\",\"width\":424,\"height\":150,\"caption\":\"ENVITEKA\"},\"image\":{\"@id\":\"https:\\\/\\\/enviteka.lt\\\/#\\\/schema\\\/logo\\\/image\\\/\"}}]}<\/script>\n<!-- \/ Yoast SEO plugin. -->","yoast_head_json":{"title":"Tekstiliniai ortakiai - ENVITEKA","description":"Form\u0105 i\u0161laikanti tekstilini\u0173 ortaki\u0173 sistema u\u017etikrina esteti\u0161k\u0105 i\u0161vaizd\u0105 net ir i\u0161jungus v\u0117dinim\u0105. Patikimas ir vizualiai patrauklus sprendimas.","robots":{"index":"index","follow":"follow","max-snippet":"max-snippet:-1","max-image-preview":"max-image-preview:large","max-video-preview":"max-video-preview:-1"},"canonical":"https:\/\/enviteka.lt\/en\/product\/tekstiliniai-ortakiai\/","og_locale":"en_US","og_type":"article","og_title":"Tekstiliniai ortakiai - ENVITEKA","og_description":"Form\u0105 i\u0161laikanti tekstilini\u0173 ortaki\u0173 sistema u\u017etikrina esteti\u0161k\u0105 i\u0161vaizd\u0105 net ir i\u0161jungus v\u0117dinim\u0105. Patikimas ir vizualiai patrauklus sprendimas.","og_url":"https:\/\/enviteka.lt\/en\/product\/tekstiliniai-ortakiai\/","og_site_name":"ENVITEKA","article_modified_time":"2026-02-24T17:17:29+00:00","og_image":[{"width":364,"height":313,"url":"https:\/\/enviteka.lt\/wp-content\/uploads\/2024\/10\/ortakiai_enviteka.jpg","type":"image\/jpeg"}],"twitter_card":"summary_large_image","twitter_misc":{"Est. reading time":"2 minutes"},"schema":{"@context":"https:\/\/schema.org","@graph":[{"@type":"WebPage","@id":"https:\/\/enviteka.lt\/produktas\/tekstiliniai-ortakiai\/","url":"https:\/\/enviteka.lt\/produktas\/tekstiliniai-ortakiai\/","name":"Tekstiliniai ortakiai - ENVITEKA","isPartOf":{"@id":"https:\/\/enviteka.lt\/#website"},"primaryImageOfPage":{"@id":"https:\/\/enviteka.lt\/produktas\/tekstiliniai-ortakiai\/#primaryimage"},"image":{"@id":"https:\/\/enviteka.lt\/produktas\/tekstiliniai-ortakiai\/#primaryimage"},"thumbnailUrl":"https:\/\/enviteka.lt\/wp-content\/uploads\/2024\/10\/ortakiai_enviteka.jpg","datePublished":"2024-10-11T15:51:53+00:00","dateModified":"2026-02-24T17:17:29+00:00","description":"Form\u0105 i\u0161laikanti tekstilini\u0173 ortaki\u0173 sistema u\u017etikrina esteti\u0161k\u0105 i\u0161vaizd\u0105 net ir i\u0161jungus v\u0117dinim\u0105. Patikimas ir vizualiai patrauklus sprendimas.","breadcrumb":{"@id":"https:\/\/enviteka.lt\/produktas\/tekstiliniai-ortakiai\/#breadcrumb"},"inLanguage":"en-US","potentialAction":[{"@type":"ReadAction","target":["https:\/\/enviteka.lt\/produktas\/tekstiliniai-ortakiai\/"]}]},{"@type":"ImageObject","inLanguage":"en-US","@id":"https:\/\/enviteka.lt\/produktas\/tekstiliniai-ortakiai\/#primaryimage","url":"https:\/\/enviteka.lt\/wp-content\/uploads\/2024\/10\/ortakiai_enviteka.jpg","contentUrl":"https:\/\/enviteka.lt\/wp-content\/uploads\/2024\/10\/ortakiai_enviteka.jpg","width":364,"height":313},{"@type":"BreadcrumbList","@id":"https:\/\/enviteka.lt\/produktas\/tekstiliniai-ortakiai\/#breadcrumb","itemListElement":[{"@type":"ListItem","position":1,"name":"Home","item":"https:\/\/enviteka.lt\/"},{"@type":"ListItem","position":2,"name":"Produktai","item":"https:\/\/enviteka.lt\/produktai\/"},{"@type":"ListItem","position":3,"name":"Tekstiliniai ortakiai"}]},{"@type":"WebSite","@id":"https:\/\/enviteka.lt\/#website","url":"https:\/\/enviteka.lt\/","name":"ENVITEKA","description":"pramonin\u0117s \u012frangos tiek\u0117jas","publisher":{"@id":"https:\/\/enviteka.lt\/#organization"},"potentialAction":[{"@type":"SearchAction","target":{"@type":"EntryPoint","urlTemplate":"https:\/\/enviteka.lt\/?s={search_term_string}"},"query-input":{"@type":"PropertyValueSpecification","valueRequired":true,"valueName":"search_term_string"}}],"inLanguage":"en-US"},{"@type":"Organization","@id":"https:\/\/enviteka.lt\/#organization","name":"ENVITEKA","url":"https:\/\/enviteka.lt\/","logo":{"@type":"ImageObject","inLanguage":"en-US","@id":"https:\/\/enviteka.lt\/#\/schema\/logo\/image\/","url":"https:\/\/enviteka.lt\/wp-content\/uploads\/2024\/10\/enviteka-high-resolution-logo-transparent-e1742852093377.png","contentUrl":"https:\/\/enviteka.lt\/wp-content\/uploads\/2024\/10\/enviteka-high-resolution-logo-transparent-e1742852093377.png","width":424,"height":150,"caption":"ENVITEKA"},"image":{"@id":"https:\/\/enviteka.lt\/#\/schema\/logo\/image\/"}}]}},"_links":{"self":[{"href":"https:\/\/enviteka.lt\/en\/wp-json\/wp\/v2\/product\/475","targetHints":{"allow":["GET"]}}],"collection":[{"href":"https:\/\/enviteka.lt\/en\/wp-json\/wp\/v2\/product"}],"about":[{"href":"https:\/\/enviteka.lt\/en\/wp-json\/wp\/v2\/types\/product"}],"wp:featuredmedia":[{"embeddable":true,"href":"https:\/\/enviteka.lt\/en\/wp-json\/wp\/v2\/media\/2498"}],"wp:attachment":[{"href":"https:\/\/enviteka.lt\/en\/wp-json\/wp\/v2\/media?parent=475"}],"wp:term":[{"taxonomy":"product_brand","embeddable":true,"href":"https:\/\/enviteka.lt\/en\/wp-json\/wp\/v2\/product_brand?post=475"},{"taxonomy":"product_cat","embeddable":true,"href":"https:\/\/enviteka.lt\/en\/wp-json\/wp\/v2\/product_cat?post=475"},{"taxonomy":"product_tag","embeddable":true,"href":"https:\/\/enviteka.lt\/en\/wp-json\/wp\/v2\/product_tag?post=475"}],"curies":[{"name":"wp","href":"https:\/\/api.w.org\/{rel}","templated":true}]}}