{"id":465,"date":"2024-10-11T15:48:26","date_gmt":"2024-10-11T15:48:26","guid":{"rendered":"https:\/\/enviteka.lt\/?post_type=product&#038;p=465"},"modified":"2025-02-13T11:40:29","modified_gmt":"2025-02-13T11:40:29","slug":"epdm-guma","status":"publish","type":"product","link":"https:\/\/enviteka.lt\/en\/product\/epdm-guma\/","title":{"rendered":"EPDM guma"},"content":{"rendered":"<p>Prekiaujame EPDM technine guma, kuri pasi\u017eymi i\u0161skirtiniu atsparumu \u012fvairiems cheminiams ir atmosferos veiksniams. \u0160i guma pla\u010diai naudojama tiek statyb\u0173 pramon\u0117je, tiek \u012fvairi\u0173 detali\u0173, tarpini\u0173 gamyboje ir sandarinimui. EPDM guma puikiai tinka nejudam\u0173 sujungim\u0173 sandarinimui, trinties ma\u017einimui tarp metalini\u0173 pavir\u0161i\u0173 bei hidroizoliacijai.<\/p>\n<p><strong>Paskirtis:<\/strong><\/p>\n<p>Tarpin\u0117s \u2013 sandarinimui ir apsaugai \u012fvairiuose \u012frenginiuose ir sistemose<br \/>\nTrinties ma\u017einimas \u2013 metalini\u0173 pavir\u0161i\u0173 apsaugai nuo nusid\u0117v\u0117jimo<br \/>\nHidroizoliacija \u2013 puikiai tinka apsaugai nuo vandens<br \/>\nSandarinimas \u2013 nejudam\u0173 sujungim\u0173 sandarinimui \u012fvairiose pramon\u0117s \u0161akose<\/p>\n<p><strong>Technin\u0117s savyb\u0117s:<\/strong><\/p>\n<p><strong>ES gamintojo EPDM guma:<\/strong><br \/>\nDarbin\u0117 temperat\u016bra: -40\u00b0C iki +120\u00b0C<br \/>\nKietumas: 60 \u00b0Sh A (\u00b15)<br \/>\nTankis: 1,25 \u2013 1,40 g\/cm\u00b3<br \/>\nPailg\u0117jimas iki tr\u016bkimo: 200 \u2013 300 %<br \/>\nAtsparumas tempimui: 4 \u2013 5 MPa<\/p>\n<p><strong>Kinijos gamintojo EPDM guma:<\/strong><br \/>\nDarbin\u0117 temperat\u016bra: -30\u00b0C iki +95\u00b0C<br \/>\nKietumas: 60 \u00b0Sh A (\u00b15)<br \/>\nTankis: 1,5 g\/cm\u00b3<br \/>\nPailg\u0117jimas iki tr\u016bkimo: 250 %<br \/>\nAtsparumas tempimui: 5 MPa<\/p>\n<p><strong>Galimi matmenys:<\/strong><br \/>\nStoris: 1-50 mm (kai storis &gt;15 mm, guma tiekiama tik lapais 1 x 1 m)<br \/>\nRulonai\/Lapai: 1,2 x 5 m arba 1,2 x 10 m<\/p>\n<p><strong>Susisiekite su mumis<\/strong> \u2013 pad\u0117sime i\u0161sirinkti tinkamiausi\u0105 variant\u0105 pagal j\u016bs\u0173 poreikius!<\/p>","protected":false},"excerpt":{"rendered":"<p>Prekiaujame EPDM technine guma, kuri pasi\u017eymi i\u0161skirtiniu atsparumu \u012fvairiems cheminiams ir atmosferos veiksniams. \u0160i guma pla\u010diai naudojama tiek statyb\u0173 pramon\u0117je, [&hellip;]<\/p>","protected":false},"featured_media":466,"template":"","meta":{"site-sidebar-layout":"default","site-content-layout":"","ast-site-content-layout":"default","site-content-style":"default","site-sidebar-style":"default","ast-global-header-display":"","ast-banner-title-visibility":"","ast-main-header-display":"","ast-hfb-above-header-display":"","ast-hfb-below-header-display":"","ast-hfb-mobile-header-display":"","site-post-title":"","ast-breadcrumbs-content":"","ast-featured-img":"","footer-sml-layout":"","ast-disable-related-posts":"","theme-transparent-header-meta":"default","adv-header-id-meta":"","stick-header-meta":"","header-above-stick-meta":"","header-main-stick-meta":"","header-below-stick-meta":"","astra-migrate-meta-layouts":"set","ast-page-background-enabled":"default","ast-page-background-meta":{"desktop":{"background-color":"var(--ast-global-color-4)","background-image":"","background-repeat":"repeat","background-position":"center center","background-size":"auto","background-attachment":"scroll","background-type":"","background-media":"","overlay-type":"","overlay-color":"","overlay-opacity":"","overlay-gradient":""},"tablet":{"background-color":"","background-image":"","background-repeat":"repeat","background-position":"center center","background-size":"auto","background-attachment":"scroll","background-type":"","background-media":"","overlay-type":"","overlay-color":"","overlay-opacity":"","overlay-gradient":""},"mobile":{"background-color":"","background-image":"","background-repeat":"repeat","background-position":"center center","background-size":"auto","background-attachment":"scroll","background-type":"","background-media":"","overlay-type":"","overlay-color":"","overlay-opacity":"","overlay-gradient":""}},"ast-content-background-meta":{"desktop":{"background-color":"var(--ast-global-color-5)","background-image":"","background-repeat":"repeat","background-position":"center center","background-size":"auto","background-attachment":"scroll","background-type":"","background-media":"","overlay-type":"","overlay-color":"","overlay-opacity":"","overlay-gradient":""},"tablet":{"background-color":"var(--ast-global-color-5)","background-image":"","background-repeat":"repeat","background-position":"center center","background-size":"auto","background-attachment":"scroll","background-type":"","background-media":"","overlay-type":"","overlay-color":"","overlay-opacity":"","overlay-gradient":""},"mobile":{"background-color":"var(--ast-global-color-5)","background-image":"","background-repeat":"repeat","background-position":"center center","background-size":"auto","background-attachment":"scroll","background-type":"","background-media":"","overlay-type":"","overlay-color":"","overlay-opacity":"","overlay-gradient":""}}},"product_brand":[],"product_cat":[70,32],"product_tag":[],"class_list":{"0":"post-465","1":"product","2":"type-product","3":"status-publish","4":"has-post-thumbnail","6":"product_cat-epdm-guma","7":"product_cat-pramonine-guma","8":"desktop-align-left","9":"tablet-align-left","10":"mobile-align-left","12":"first","13":"instock","14":"shipping-taxable","15":"purchasable","16":"product-type-simple"},"yoast_head":"<!-- This site is optimized with the Yoast SEO plugin v27.3 - https:\/\/yoast.com\/product\/yoast-seo-wordpress\/ -->\n<title>EPDM guma - ENVITEKA<\/title>\n<meta name=\"description\" content=\"Prekiaujame EPDM technine guma, kuri pasi\u017eymi i\u0161skirtiniu atsparumu \u012fvairiems cheminiams ir atmosferos veiksniams.\" \/>\n<meta name=\"robots\" content=\"index, follow, max-snippet:-1, max-image-preview:large, max-video-preview:-1\" \/>\n<link rel=\"canonical\" href=\"https:\/\/enviteka.lt\/en\/product\/epdm-guma\/\" \/>\n<meta property=\"og:locale\" content=\"en_US\" \/>\n<meta property=\"og:type\" content=\"article\" \/>\n<meta property=\"og:title\" content=\"EPDM guma - ENVITEKA\" \/>\n<meta property=\"og:description\" content=\"Prekiaujame EPDM technine guma, kuri pasi\u017eymi i\u0161skirtiniu atsparumu \u012fvairiems cheminiams ir atmosferos veiksniams.\" \/>\n<meta property=\"og:url\" content=\"https:\/\/enviteka.lt\/en\/product\/epdm-guma\/\" \/>\n<meta property=\"og:site_name\" content=\"ENVITEKA\" \/>\n<meta property=\"article:modified_time\" content=\"2025-02-13T11:40:29+00:00\" \/>\n<meta property=\"og:image\" content=\"https:\/\/enviteka.lt\/wp-content\/uploads\/2024\/10\/epdm_lakstine_technine_guma_rubber_sheet.jpg\" \/>\n\t<meta property=\"og:image:width\" content=\"540\" \/>\n\t<meta property=\"og:image:height\" content=\"420\" \/>\n\t<meta property=\"og:image:type\" content=\"image\/jpeg\" \/>\n<meta name=\"twitter:card\" content=\"summary_large_image\" \/>\n<meta name=\"twitter:label1\" content=\"Est. reading time\" \/>\n\t<meta name=\"twitter:data1\" content=\"2 minutes\" \/>\n<script type=\"application\/ld+json\" class=\"yoast-schema-graph\">{\"@context\":\"https:\\\/\\\/schema.org\",\"@graph\":[{\"@type\":\"WebPage\",\"@id\":\"https:\\\/\\\/enviteka.lt\\\/produktas\\\/epdm-guma\\\/\",\"url\":\"https:\\\/\\\/enviteka.lt\\\/produktas\\\/epdm-guma\\\/\",\"name\":\"EPDM guma - ENVITEKA\",\"isPartOf\":{\"@id\":\"https:\\\/\\\/enviteka.lt\\\/#website\"},\"primaryImageOfPage\":{\"@id\":\"https:\\\/\\\/enviteka.lt\\\/produktas\\\/epdm-guma\\\/#primaryimage\"},\"image\":{\"@id\":\"https:\\\/\\\/enviteka.lt\\\/produktas\\\/epdm-guma\\\/#primaryimage\"},\"thumbnailUrl\":\"https:\\\/\\\/enviteka.lt\\\/wp-content\\\/uploads\\\/2024\\\/10\\\/epdm_lakstine_technine_guma_rubber_sheet.jpg\",\"datePublished\":\"2024-10-11T15:48:26+00:00\",\"dateModified\":\"2025-02-13T11:40:29+00:00\",\"description\":\"Prekiaujame EPDM technine guma, kuri pasi\u017eymi i\u0161skirtiniu atsparumu \u012fvairiems cheminiams ir atmosferos veiksniams.\",\"breadcrumb\":{\"@id\":\"https:\\\/\\\/enviteka.lt\\\/produktas\\\/epdm-guma\\\/#breadcrumb\"},\"inLanguage\":\"en-US\",\"potentialAction\":[{\"@type\":\"ReadAction\",\"target\":[\"https:\\\/\\\/enviteka.lt\\\/produktas\\\/epdm-guma\\\/\"]}]},{\"@type\":\"ImageObject\",\"inLanguage\":\"en-US\",\"@id\":\"https:\\\/\\\/enviteka.lt\\\/produktas\\\/epdm-guma\\\/#primaryimage\",\"url\":\"https:\\\/\\\/enviteka.lt\\\/wp-content\\\/uploads\\\/2024\\\/10\\\/epdm_lakstine_technine_guma_rubber_sheet.jpg\",\"contentUrl\":\"https:\\\/\\\/enviteka.lt\\\/wp-content\\\/uploads\\\/2024\\\/10\\\/epdm_lakstine_technine_guma_rubber_sheet.jpg\",\"width\":540,\"height\":420},{\"@type\":\"BreadcrumbList\",\"@id\":\"https:\\\/\\\/enviteka.lt\\\/produktas\\\/epdm-guma\\\/#breadcrumb\",\"itemListElement\":[{\"@type\":\"ListItem\",\"position\":1,\"name\":\"Home\",\"item\":\"https:\\\/\\\/enviteka.lt\\\/\"},{\"@type\":\"ListItem\",\"position\":2,\"name\":\"Produktai\",\"item\":\"https:\\\/\\\/enviteka.lt\\\/produktai\\\/\"},{\"@type\":\"ListItem\",\"position\":3,\"name\":\"EPDM guma\"}]},{\"@type\":\"WebSite\",\"@id\":\"https:\\\/\\\/enviteka.lt\\\/#website\",\"url\":\"https:\\\/\\\/enviteka.lt\\\/\",\"name\":\"ENVITEKA\",\"description\":\"pramonin\u0117s \u012frangos tiek\u0117jas\",\"publisher\":{\"@id\":\"https:\\\/\\\/enviteka.lt\\\/#organization\"},\"potentialAction\":[{\"@type\":\"SearchAction\",\"target\":{\"@type\":\"EntryPoint\",\"urlTemplate\":\"https:\\\/\\\/enviteka.lt\\\/?s={search_term_string}\"},\"query-input\":{\"@type\":\"PropertyValueSpecification\",\"valueRequired\":true,\"valueName\":\"search_term_string\"}}],\"inLanguage\":\"en-US\"},{\"@type\":\"Organization\",\"@id\":\"https:\\\/\\\/enviteka.lt\\\/#organization\",\"name\":\"ENVITEKA\",\"url\":\"https:\\\/\\\/enviteka.lt\\\/\",\"logo\":{\"@type\":\"ImageObject\",\"inLanguage\":\"en-US\",\"@id\":\"https:\\\/\\\/enviteka.lt\\\/#\\\/schema\\\/logo\\\/image\\\/\",\"url\":\"https:\\\/\\\/enviteka.lt\\\/wp-content\\\/uploads\\\/2024\\\/10\\\/enviteka-high-resolution-logo-transparent-e1742852093377.png\",\"contentUrl\":\"https:\\\/\\\/enviteka.lt\\\/wp-content\\\/uploads\\\/2024\\\/10\\\/enviteka-high-resolution-logo-transparent-e1742852093377.png\",\"width\":424,\"height\":150,\"caption\":\"ENVITEKA\"},\"image\":{\"@id\":\"https:\\\/\\\/enviteka.lt\\\/#\\\/schema\\\/logo\\\/image\\\/\"}}]}<\/script>\n<!-- \/ Yoast SEO plugin. -->","yoast_head_json":{"title":"EPDM guma - ENVITEKA","description":"Prekiaujame EPDM technine guma, kuri pasi\u017eymi i\u0161skirtiniu atsparumu \u012fvairiems cheminiams ir atmosferos veiksniams.","robots":{"index":"index","follow":"follow","max-snippet":"max-snippet:-1","max-image-preview":"max-image-preview:large","max-video-preview":"max-video-preview:-1"},"canonical":"https:\/\/enviteka.lt\/en\/product\/epdm-guma\/","og_locale":"en_US","og_type":"article","og_title":"EPDM guma - ENVITEKA","og_description":"Prekiaujame EPDM technine guma, kuri pasi\u017eymi i\u0161skirtiniu atsparumu \u012fvairiems cheminiams ir atmosferos veiksniams.","og_url":"https:\/\/enviteka.lt\/en\/product\/epdm-guma\/","og_site_name":"ENVITEKA","article_modified_time":"2025-02-13T11:40:29+00:00","og_image":[{"width":540,"height":420,"url":"https:\/\/enviteka.lt\/wp-content\/uploads\/2024\/10\/epdm_lakstine_technine_guma_rubber_sheet.jpg","type":"image\/jpeg"}],"twitter_card":"summary_large_image","twitter_misc":{"Est. reading time":"2 minutes"},"schema":{"@context":"https:\/\/schema.org","@graph":[{"@type":"WebPage","@id":"https:\/\/enviteka.lt\/produktas\/epdm-guma\/","url":"https:\/\/enviteka.lt\/produktas\/epdm-guma\/","name":"EPDM guma - ENVITEKA","isPartOf":{"@id":"https:\/\/enviteka.lt\/#website"},"primaryImageOfPage":{"@id":"https:\/\/enviteka.lt\/produktas\/epdm-guma\/#primaryimage"},"image":{"@id":"https:\/\/enviteka.lt\/produktas\/epdm-guma\/#primaryimage"},"thumbnailUrl":"https:\/\/enviteka.lt\/wp-content\/uploads\/2024\/10\/epdm_lakstine_technine_guma_rubber_sheet.jpg","datePublished":"2024-10-11T15:48:26+00:00","dateModified":"2025-02-13T11:40:29+00:00","description":"Prekiaujame EPDM technine guma, kuri pasi\u017eymi i\u0161skirtiniu atsparumu \u012fvairiems cheminiams ir atmosferos veiksniams.","breadcrumb":{"@id":"https:\/\/enviteka.lt\/produktas\/epdm-guma\/#breadcrumb"},"inLanguage":"en-US","potentialAction":[{"@type":"ReadAction","target":["https:\/\/enviteka.lt\/produktas\/epdm-guma\/"]}]},{"@type":"ImageObject","inLanguage":"en-US","@id":"https:\/\/enviteka.lt\/produktas\/epdm-guma\/#primaryimage","url":"https:\/\/enviteka.lt\/wp-content\/uploads\/2024\/10\/epdm_lakstine_technine_guma_rubber_sheet.jpg","contentUrl":"https:\/\/enviteka.lt\/wp-content\/uploads\/2024\/10\/epdm_lakstine_technine_guma_rubber_sheet.jpg","width":540,"height":420},{"@type":"BreadcrumbList","@id":"https:\/\/enviteka.lt\/produktas\/epdm-guma\/#breadcrumb","itemListElement":[{"@type":"ListItem","position":1,"name":"Home","item":"https:\/\/enviteka.lt\/"},{"@type":"ListItem","position":2,"name":"Produktai","item":"https:\/\/enviteka.lt\/produktai\/"},{"@type":"ListItem","position":3,"name":"EPDM guma"}]},{"@type":"WebSite","@id":"https:\/\/enviteka.lt\/#website","url":"https:\/\/enviteka.lt\/","name":"ENVITEKA","description":"pramonin\u0117s \u012frangos tiek\u0117jas","publisher":{"@id":"https:\/\/enviteka.lt\/#organization"},"potentialAction":[{"@type":"SearchAction","target":{"@type":"EntryPoint","urlTemplate":"https:\/\/enviteka.lt\/?s={search_term_string}"},"query-input":{"@type":"PropertyValueSpecification","valueRequired":true,"valueName":"search_term_string"}}],"inLanguage":"en-US"},{"@type":"Organization","@id":"https:\/\/enviteka.lt\/#organization","name":"ENVITEKA","url":"https:\/\/enviteka.lt\/","logo":{"@type":"ImageObject","inLanguage":"en-US","@id":"https:\/\/enviteka.lt\/#\/schema\/logo\/image\/","url":"https:\/\/enviteka.lt\/wp-content\/uploads\/2024\/10\/enviteka-high-resolution-logo-transparent-e1742852093377.png","contentUrl":"https:\/\/enviteka.lt\/wp-content\/uploads\/2024\/10\/enviteka-high-resolution-logo-transparent-e1742852093377.png","width":424,"height":150,"caption":"ENVITEKA"},"image":{"@id":"https:\/\/enviteka.lt\/#\/schema\/logo\/image\/"}}]}},"_links":{"self":[{"href":"https:\/\/enviteka.lt\/en\/wp-json\/wp\/v2\/product\/465","targetHints":{"allow":["GET"]}}],"collection":[{"href":"https:\/\/enviteka.lt\/en\/wp-json\/wp\/v2\/product"}],"about":[{"href":"https:\/\/enviteka.lt\/en\/wp-json\/wp\/v2\/types\/product"}],"wp:featuredmedia":[{"embeddable":true,"href":"https:\/\/enviteka.lt\/en\/wp-json\/wp\/v2\/media\/466"}],"wp:attachment":[{"href":"https:\/\/enviteka.lt\/en\/wp-json\/wp\/v2\/media?parent=465"}],"wp:term":[{"taxonomy":"product_brand","embeddable":true,"href":"https:\/\/enviteka.lt\/en\/wp-json\/wp\/v2\/product_brand?post=465"},{"taxonomy":"product_cat","embeddable":true,"href":"https:\/\/enviteka.lt\/en\/wp-json\/wp\/v2\/product_cat?post=465"},{"taxonomy":"product_tag","embeddable":true,"href":"https:\/\/enviteka.lt\/en\/wp-json\/wp\/v2\/product_tag?post=465"}],"curies":[{"name":"wp","href":"https:\/\/api.w.org\/{rel}","templated":true}]}}