{"id":461,"date":"2024-10-11T15:47:24","date_gmt":"2024-10-11T15:47:24","guid":{"rendered":"https:\/\/enviteka.lt\/?post_type=product&#038;p=461"},"modified":"2025-02-13T12:05:26","modified_gmt":"2025-02-13T12:05:26","slug":"nr-maistine-guma","status":"publish","type":"product","link":"https:\/\/enviteka.lt\/en\/product\/nr-maistine-guma\/","title":{"rendered":"NO nutritional rubber"},"content":{"rendered":"<p>Prekiaujame NR (nat\u016bralia guma), pasi\u017eymin\u010dia dideliu elastingumu ir atsparumu ply\u0161imui. \u0160i guma puikiai tinka naudoti gumin\u0117ms detal\u0117ms (tarpin\u0117ms) gaminti, nejudam\u0173 sujungim\u0173 sandarinimui, trinties ma\u017einimui tarp metalini\u0173 pavir\u0161i\u0173 ir yra tinkama s\u0105ly\u010diui su maisto produktais. Nat\u016brali guma atitinka grie\u017etus maisto pramon\u0117s standartus, tod\u0117l j\u0105 galima naudoti pieno, alaus, m\u0117sos, pauk\u0161tienos ir \u017euvies pramon\u0117se, atitinka BfR reikalavimus.<\/p>\n<p><strong>Paskirtis:<\/strong><\/p>\n<p>Tarpin\u0117s \u2013 sandarinimui maisto pramon\u0117je ir kitose pramon\u0117s \u0161akose<br \/>\nTrinties ma\u017einimas \u2013 apsaugo metalinius pavir\u0161ius nuo nusid\u0117v\u0117jimo<br \/>\nNejudam\u0173 sujungim\u0173 sandarinimas \u2013 u\u017etikrina efektyv\u0173 sandarum\u0105<br \/>\nNaudojama maisto pramon\u0117je \u2013 pieno, alaus, m\u0117sos, pauk\u0161tienos, \u017euvies pramon\u0117se<\/p>\n<p><strong>Technin\u0117s savyb\u0117s:<\/strong><\/p>\n<p><strong>ES gamintojo NR guma:<\/strong><br \/>\nDarbin\u0117 temperat\u016bra: -40\u00b0C iki +70\u00b0C<br \/>\nKietumas: 60 \u00b0Sh A (\u00b15)<br \/>\nTankis: 1,50 g\/cm\u00b3<br \/>\nPailg\u0117jimas iki tr\u016bkimo: 300 \u2013 400 %<br \/>\nAtsparumas tempimui: 5 \u2013 8 MPa<\/p>\n<p><strong>Galimi matmenys:<\/strong><br \/>\nStoris: 1 \u2013 50 mm (kai storis &gt;15 mm, guma tiekiama tik lapais 1 x 1 m)<br \/>\nRulonai\/Lapai: 1,2 x 5 m arba 1,2 x 10 m<\/p>\n<p><strong>Susisiekite su mumis<\/strong> \u2013 pad\u0117sime i\u0161sirinkti tinkamiausi\u0105 variant\u0105 pagal j\u016bs\u0173 poreikius!<\/p>","protected":false},"excerpt":{"rendered":"<p>Prekiaujame NR (nat\u016bralia guma), pasi\u017eymin\u010dia dideliu elastingumu ir atsparumu ply\u0161imui. \u0160i guma puikiai tinka naudoti gumin\u0117ms detal\u0117ms (tarpin\u0117ms) gaminti, nejudam\u0173 [&hellip;]<\/p>","protected":false},"featured_media":462,"template":"","meta":{"site-sidebar-layout":"default","site-content-layout":"","ast-site-content-layout":"default","site-content-style":"default","site-sidebar-style":"default","ast-global-header-display":"","ast-banner-title-visibility":"","ast-main-header-display":"","ast-hfb-above-header-display":"","ast-hfb-below-header-display":"","ast-hfb-mobile-header-display":"","site-post-title":"","ast-breadcrumbs-content":"","ast-featured-img":"","footer-sml-layout":"","ast-disable-related-posts":"","theme-transparent-header-meta":"default","adv-header-id-meta":"","stick-header-meta":"","header-above-stick-meta":"","header-main-stick-meta":"","header-below-stick-meta":"","astra-migrate-meta-layouts":"set","ast-page-background-enabled":"default","ast-page-background-meta":{"desktop":{"background-color":"var(--ast-global-color-4)","background-image":"","background-repeat":"repeat","background-position":"center center","background-size":"auto","background-attachment":"scroll","background-type":"","background-media":"","overlay-type":"","overlay-color":"","overlay-opacity":"","overlay-gradient":""},"tablet":{"background-color":"","background-image":"","background-repeat":"repeat","background-position":"center center","background-size":"auto","background-attachment":"scroll","background-type":"","background-media":"","overlay-type":"","overlay-color":"","overlay-opacity":"","overlay-gradient":""},"mobile":{"background-color":"","background-image":"","background-repeat":"repeat","background-position":"center center","background-size":"auto","background-attachment":"scroll","background-type":"","background-media":"","overlay-type":"","overlay-color":"","overlay-opacity":"","overlay-gradient":""}},"ast-content-background-meta":{"desktop":{"background-color":"var(--ast-global-color-5)","background-image":"","background-repeat":"repeat","background-position":"center center","background-size":"auto","background-attachment":"scroll","background-type":"","background-media":"","overlay-type":"","overlay-color":"","overlay-opacity":"","overlay-gradient":""},"tablet":{"background-color":"var(--ast-global-color-5)","background-image":"","background-repeat":"repeat","background-position":"center center","background-size":"auto","background-attachment":"scroll","background-type":"","background-media":"","overlay-type":"","overlay-color":"","overlay-opacity":"","overlay-gradient":""},"mobile":{"background-color":"var(--ast-global-color-5)","background-image":"","background-repeat":"repeat","background-position":"center center","background-size":"auto","background-attachment":"scroll","background-type":"","background-media":"","overlay-type":"","overlay-color":"","overlay-opacity":"","overlay-gradient":""}}},"product_brand":[],"product_cat":[74,32],"product_tag":[],"class_list":{"0":"post-461","1":"product","2":"type-product","3":"status-publish","4":"has-post-thumbnail","6":"product_cat-nr-guma","7":"product_cat-pramonine-guma","8":"desktop-align-left","9":"tablet-align-left","10":"mobile-align-left","12":"first","13":"instock","14":"shipping-taxable","15":"purchasable","16":"product-type-simple"},"yoast_head":"<!-- This site is optimized with the Yoast SEO plugin v27.3 - https:\/\/yoast.com\/product\/yoast-seo-wordpress\/ -->\n<title>NR maistin\u0117 guma - ENVITEKA<\/title>\n<meta name=\"description\" content=\"Nat\u016bralia guma pasi\u017eymi dideliu elastingumu ir atsparumu ply\u0161imui.\" \/>\n<meta name=\"robots\" content=\"index, follow, max-snippet:-1, max-image-preview:large, max-video-preview:-1\" \/>\n<link rel=\"canonical\" href=\"https:\/\/enviteka.lt\/en\/product\/nr-maistine-guma\/\" \/>\n<meta property=\"og:locale\" content=\"en_US\" \/>\n<meta property=\"og:type\" content=\"article\" \/>\n<meta property=\"og:title\" content=\"NR maistin\u0117 guma - ENVITEKA\" \/>\n<meta property=\"og:description\" content=\"Nat\u016bralia guma pasi\u017eymi dideliu elastingumu ir atsparumu ply\u0161imui.\" \/>\n<meta property=\"og:url\" content=\"https:\/\/enviteka.lt\/en\/product\/nr-maistine-guma\/\" \/>\n<meta property=\"og:site_name\" content=\"ENVITEKA\" \/>\n<meta property=\"article:modified_time\" content=\"2025-02-13T12:05:26+00:00\" \/>\n<meta property=\"og:image\" content=\"https:\/\/enviteka.lt\/wp-content\/uploads\/2024\/10\/naturali_lakstine_guma_natural_rubber.jpg\" \/>\n\t<meta property=\"og:image:width\" content=\"540\" \/>\n\t<meta property=\"og:image:height\" content=\"420\" \/>\n\t<meta property=\"og:image:type\" content=\"image\/jpeg\" \/>\n<meta name=\"twitter:card\" content=\"summary_large_image\" \/>\n<meta name=\"twitter:label1\" content=\"Est. reading time\" \/>\n\t<meta name=\"twitter:data1\" content=\"2 minutes\" \/>\n<script type=\"application\/ld+json\" class=\"yoast-schema-graph\">{\"@context\":\"https:\\\/\\\/schema.org\",\"@graph\":[{\"@type\":\"WebPage\",\"@id\":\"https:\\\/\\\/enviteka.lt\\\/produktas\\\/nr-maistine-guma\\\/\",\"url\":\"https:\\\/\\\/enviteka.lt\\\/produktas\\\/nr-maistine-guma\\\/\",\"name\":\"NR maistin\u0117 guma - ENVITEKA\",\"isPartOf\":{\"@id\":\"https:\\\/\\\/enviteka.lt\\\/#website\"},\"primaryImageOfPage\":{\"@id\":\"https:\\\/\\\/enviteka.lt\\\/produktas\\\/nr-maistine-guma\\\/#primaryimage\"},\"image\":{\"@id\":\"https:\\\/\\\/enviteka.lt\\\/produktas\\\/nr-maistine-guma\\\/#primaryimage\"},\"thumbnailUrl\":\"https:\\\/\\\/enviteka.lt\\\/wp-content\\\/uploads\\\/2024\\\/10\\\/naturali_lakstine_guma_natural_rubber.jpg\",\"datePublished\":\"2024-10-11T15:47:24+00:00\",\"dateModified\":\"2025-02-13T12:05:26+00:00\",\"description\":\"Nat\u016bralia guma pasi\u017eymi dideliu elastingumu ir atsparumu ply\u0161imui.\",\"breadcrumb\":{\"@id\":\"https:\\\/\\\/enviteka.lt\\\/produktas\\\/nr-maistine-guma\\\/#breadcrumb\"},\"inLanguage\":\"en-US\",\"potentialAction\":[{\"@type\":\"ReadAction\",\"target\":[\"https:\\\/\\\/enviteka.lt\\\/produktas\\\/nr-maistine-guma\\\/\"]}]},{\"@type\":\"ImageObject\",\"inLanguage\":\"en-US\",\"@id\":\"https:\\\/\\\/enviteka.lt\\\/produktas\\\/nr-maistine-guma\\\/#primaryimage\",\"url\":\"https:\\\/\\\/enviteka.lt\\\/wp-content\\\/uploads\\\/2024\\\/10\\\/naturali_lakstine_guma_natural_rubber.jpg\",\"contentUrl\":\"https:\\\/\\\/enviteka.lt\\\/wp-content\\\/uploads\\\/2024\\\/10\\\/naturali_lakstine_guma_natural_rubber.jpg\",\"width\":540,\"height\":420},{\"@type\":\"BreadcrumbList\",\"@id\":\"https:\\\/\\\/enviteka.lt\\\/produktas\\\/nr-maistine-guma\\\/#breadcrumb\",\"itemListElement\":[{\"@type\":\"ListItem\",\"position\":1,\"name\":\"Home\",\"item\":\"https:\\\/\\\/enviteka.lt\\\/\"},{\"@type\":\"ListItem\",\"position\":2,\"name\":\"Produktai\",\"item\":\"https:\\\/\\\/enviteka.lt\\\/produktai\\\/\"},{\"@type\":\"ListItem\",\"position\":3,\"name\":\"NR maistin\u0117 guma\"}]},{\"@type\":\"WebSite\",\"@id\":\"https:\\\/\\\/enviteka.lt\\\/#website\",\"url\":\"https:\\\/\\\/enviteka.lt\\\/\",\"name\":\"ENVITEKA\",\"description\":\"pramonin\u0117s \u012frangos tiek\u0117jas\",\"publisher\":{\"@id\":\"https:\\\/\\\/enviteka.lt\\\/#organization\"},\"potentialAction\":[{\"@type\":\"SearchAction\",\"target\":{\"@type\":\"EntryPoint\",\"urlTemplate\":\"https:\\\/\\\/enviteka.lt\\\/?s={search_term_string}\"},\"query-input\":{\"@type\":\"PropertyValueSpecification\",\"valueRequired\":true,\"valueName\":\"search_term_string\"}}],\"inLanguage\":\"en-US\"},{\"@type\":\"Organization\",\"@id\":\"https:\\\/\\\/enviteka.lt\\\/#organization\",\"name\":\"ENVITEKA\",\"url\":\"https:\\\/\\\/enviteka.lt\\\/\",\"logo\":{\"@type\":\"ImageObject\",\"inLanguage\":\"en-US\",\"@id\":\"https:\\\/\\\/enviteka.lt\\\/#\\\/schema\\\/logo\\\/image\\\/\",\"url\":\"https:\\\/\\\/enviteka.lt\\\/wp-content\\\/uploads\\\/2024\\\/10\\\/enviteka-high-resolution-logo-transparent-e1742852093377.png\",\"contentUrl\":\"https:\\\/\\\/enviteka.lt\\\/wp-content\\\/uploads\\\/2024\\\/10\\\/enviteka-high-resolution-logo-transparent-e1742852093377.png\",\"width\":424,\"height\":150,\"caption\":\"ENVITEKA\"},\"image\":{\"@id\":\"https:\\\/\\\/enviteka.lt\\\/#\\\/schema\\\/logo\\\/image\\\/\"}}]}<\/script>\n<!-- \/ Yoast SEO plugin. -->","yoast_head_json":{"title":"NR maistin\u0117 guma - ENVITEKA","description":"Nat\u016bralia guma pasi\u017eymi dideliu elastingumu ir atsparumu ply\u0161imui.","robots":{"index":"index","follow":"follow","max-snippet":"max-snippet:-1","max-image-preview":"max-image-preview:large","max-video-preview":"max-video-preview:-1"},"canonical":"https:\/\/enviteka.lt\/en\/product\/nr-maistine-guma\/","og_locale":"en_US","og_type":"article","og_title":"NR maistin\u0117 guma - ENVITEKA","og_description":"Nat\u016bralia guma pasi\u017eymi dideliu elastingumu ir atsparumu ply\u0161imui.","og_url":"https:\/\/enviteka.lt\/en\/product\/nr-maistine-guma\/","og_site_name":"ENVITEKA","article_modified_time":"2025-02-13T12:05:26+00:00","og_image":[{"width":540,"height":420,"url":"https:\/\/enviteka.lt\/wp-content\/uploads\/2024\/10\/naturali_lakstine_guma_natural_rubber.jpg","type":"image\/jpeg"}],"twitter_card":"summary_large_image","twitter_misc":{"Est. reading time":"2 minutes"},"schema":{"@context":"https:\/\/schema.org","@graph":[{"@type":"WebPage","@id":"https:\/\/enviteka.lt\/produktas\/nr-maistine-guma\/","url":"https:\/\/enviteka.lt\/produktas\/nr-maistine-guma\/","name":"NR maistin\u0117 guma - ENVITEKA","isPartOf":{"@id":"https:\/\/enviteka.lt\/#website"},"primaryImageOfPage":{"@id":"https:\/\/enviteka.lt\/produktas\/nr-maistine-guma\/#primaryimage"},"image":{"@id":"https:\/\/enviteka.lt\/produktas\/nr-maistine-guma\/#primaryimage"},"thumbnailUrl":"https:\/\/enviteka.lt\/wp-content\/uploads\/2024\/10\/naturali_lakstine_guma_natural_rubber.jpg","datePublished":"2024-10-11T15:47:24+00:00","dateModified":"2025-02-13T12:05:26+00:00","description":"Nat\u016bralia guma pasi\u017eymi dideliu elastingumu ir atsparumu ply\u0161imui.","breadcrumb":{"@id":"https:\/\/enviteka.lt\/produktas\/nr-maistine-guma\/#breadcrumb"},"inLanguage":"en-US","potentialAction":[{"@type":"ReadAction","target":["https:\/\/enviteka.lt\/produktas\/nr-maistine-guma\/"]}]},{"@type":"ImageObject","inLanguage":"en-US","@id":"https:\/\/enviteka.lt\/produktas\/nr-maistine-guma\/#primaryimage","url":"https:\/\/enviteka.lt\/wp-content\/uploads\/2024\/10\/naturali_lakstine_guma_natural_rubber.jpg","contentUrl":"https:\/\/enviteka.lt\/wp-content\/uploads\/2024\/10\/naturali_lakstine_guma_natural_rubber.jpg","width":540,"height":420},{"@type":"BreadcrumbList","@id":"https:\/\/enviteka.lt\/produktas\/nr-maistine-guma\/#breadcrumb","itemListElement":[{"@type":"ListItem","position":1,"name":"Home","item":"https:\/\/enviteka.lt\/"},{"@type":"ListItem","position":2,"name":"Produktai","item":"https:\/\/enviteka.lt\/produktai\/"},{"@type":"ListItem","position":3,"name":"NR maistin\u0117 guma"}]},{"@type":"WebSite","@id":"https:\/\/enviteka.lt\/#website","url":"https:\/\/enviteka.lt\/","name":"ENVITEKA","description":"pramonin\u0117s \u012frangos tiek\u0117jas","publisher":{"@id":"https:\/\/enviteka.lt\/#organization"},"potentialAction":[{"@type":"SearchAction","target":{"@type":"EntryPoint","urlTemplate":"https:\/\/enviteka.lt\/?s={search_term_string}"},"query-input":{"@type":"PropertyValueSpecification","valueRequired":true,"valueName":"search_term_string"}}],"inLanguage":"en-US"},{"@type":"Organization","@id":"https:\/\/enviteka.lt\/#organization","name":"ENVITEKA","url":"https:\/\/enviteka.lt\/","logo":{"@type":"ImageObject","inLanguage":"en-US","@id":"https:\/\/enviteka.lt\/#\/schema\/logo\/image\/","url":"https:\/\/enviteka.lt\/wp-content\/uploads\/2024\/10\/enviteka-high-resolution-logo-transparent-e1742852093377.png","contentUrl":"https:\/\/enviteka.lt\/wp-content\/uploads\/2024\/10\/enviteka-high-resolution-logo-transparent-e1742852093377.png","width":424,"height":150,"caption":"ENVITEKA"},"image":{"@id":"https:\/\/enviteka.lt\/#\/schema\/logo\/image\/"}}]}},"_links":{"self":[{"href":"https:\/\/enviteka.lt\/en\/wp-json\/wp\/v2\/product\/461","targetHints":{"allow":["GET"]}}],"collection":[{"href":"https:\/\/enviteka.lt\/en\/wp-json\/wp\/v2\/product"}],"about":[{"href":"https:\/\/enviteka.lt\/en\/wp-json\/wp\/v2\/types\/product"}],"wp:featuredmedia":[{"embeddable":true,"href":"https:\/\/enviteka.lt\/en\/wp-json\/wp\/v2\/media\/462"}],"wp:attachment":[{"href":"https:\/\/enviteka.lt\/en\/wp-json\/wp\/v2\/media?parent=461"}],"wp:term":[{"taxonomy":"product_brand","embeddable":true,"href":"https:\/\/enviteka.lt\/en\/wp-json\/wp\/v2\/product_brand?post=461"},{"taxonomy":"product_cat","embeddable":true,"href":"https:\/\/enviteka.lt\/en\/wp-json\/wp\/v2\/product_cat?post=461"},{"taxonomy":"product_tag","embeddable":true,"href":"https:\/\/enviteka.lt\/en\/wp-json\/wp\/v2\/product_tag?post=461"}],"curies":[{"name":"wp","href":"https:\/\/api.w.org\/{rel}","templated":true}]}}