{"id":449,"date":"2024-10-11T15:44:38","date_gmt":"2024-10-11T15:44:38","guid":{"rendered":"https:\/\/enviteka.lt\/?post_type=product&#038;p=449"},"modified":"2025-02-13T12:25:22","modified_gmt":"2025-02-13T12:25:22","slug":"nevulkanizuota-guma-epdm-nbr-nr-sbr","status":"publish","type":"product","link":"https:\/\/enviteka.lt\/en\/product\/nevulkanizuota-guma-epdm-nbr-nr-sbr\/","title":{"rendered":"Nevulkanizuota rubber"},"content":{"rendered":"<p>Nevulkanizuota (\u201e\u017ealia\u201c) guma \u2013 pusgaminiai pramon\u0117s reikm\u0117ms<\/p>\n<p><strong>Nevulkanizuota rubber<\/strong> \u2013 tai EPDM, NBR, NR ir SBR gumos mi\u0161ini\u0173 pusgaminiai, naudojami \u012fvairi\u0173 pramon\u0117s \u0161ak\u0173 gamybos procesuose. \u0160i guma yra skirta tolimesniam apdirbimui ir vulkanizacijai, ir yra pagrindas toki\u0173 produkt\u0173 kaip izoliaciniai sluoksniai, antikoroziniai padengimai, tarpin\u0117s, sandarintuvai bei kitos gumin\u0117s detal\u0117s gamybai.<\/p>\n<p><strong>Paskirtis:<\/strong><\/p>\n<p>Tolimesniam apdirbimui ir vulkanizacijai \u2013 gamyboje naudojama kaip pusgaminis<br \/>\nIzoliaciniai ir antikoroziniai sluoksniai \u2013 apsauga nuo aplinkos veiksni\u0173<br \/>\nTarpin\u0117s ir sandarikliai \u2013 u\u017etikrina sandarum\u0105 ir apsaug\u0105 pramoniniuose \u012frenginiuose<br \/>\nGumin\u0117s detal\u0117s \u2013 pla\u010diai naudojama \u012fvairiuose pramon\u0117s procesuose<\/p>\n<p><strong>Savyb\u0117s:<\/strong><\/p>\n<p>\u2013 Guma gaminama pagal kliento u\u017esakym\u0105, atsi\u017evelgiant \u012f \u012fvairius parametrus (kietumas, atsparumas aplinkos veiksniams, temperat\u016bra)<br \/>\n\u2013 Galimi \u012fvair\u016bs gumos mi\u0161iniai (EPDM, NBR, NR, SBR ir kt.)<\/p>\n<p>Nevulkanizuota guma suteikia galimyb\u0119 pritaikyti med\u017eiag\u0105 pagal konkre\u010dius pramon\u0117s poreikius ir suteikia didel\u012f pritaikymo lankstum\u0105.<\/p>\n<p><strong>Susisiekite su mumis<\/strong> \u2013 pad\u0117sime pasirinkti tinkamiausi\u0105 nevulkanizuot\u0105 gum\u0105 pagal j\u016bs\u0173 gamybos reikalavimus!<\/p>","protected":false},"excerpt":{"rendered":"<p>Nevulkanizuota (\u201e\u017ealia\u201c) guma \u2013 pusgaminiai pramon\u0117s reikm\u0117ms Nevulkanizuota guma \u2013 tai EPDM, NBR, NR ir SBR gumos mi\u0161ini\u0173 pusgaminiai, naudojami [&hellip;]<\/p>","protected":false},"featured_media":450,"template":"","meta":{"site-sidebar-layout":"default","site-content-layout":"","ast-site-content-layout":"default","site-content-style":"default","site-sidebar-style":"default","ast-global-header-display":"","ast-banner-title-visibility":"","ast-main-header-display":"","ast-hfb-above-header-display":"","ast-hfb-below-header-display":"","ast-hfb-mobile-header-display":"","site-post-title":"","ast-breadcrumbs-content":"","ast-featured-img":"","footer-sml-layout":"","ast-disable-related-posts":"","theme-transparent-header-meta":"default","adv-header-id-meta":"","stick-header-meta":"","header-above-stick-meta":"","header-main-stick-meta":"","header-below-stick-meta":"","astra-migrate-meta-layouts":"set","ast-page-background-enabled":"default","ast-page-background-meta":{"desktop":{"background-color":"var(--ast-global-color-4)","background-image":"","background-repeat":"repeat","background-position":"center center","background-size":"auto","background-attachment":"scroll","background-type":"","background-media":"","overlay-type":"","overlay-color":"","overlay-opacity":"","overlay-gradient":""},"tablet":{"background-color":"","background-image":"","background-repeat":"repeat","background-position":"center center","background-size":"auto","background-attachment":"scroll","background-type":"","background-media":"","overlay-type":"","overlay-color":"","overlay-opacity":"","overlay-gradient":""},"mobile":{"background-color":"","background-image":"","background-repeat":"repeat","background-position":"center center","background-size":"auto","background-attachment":"scroll","background-type":"","background-media":"","overlay-type":"","overlay-color":"","overlay-opacity":"","overlay-gradient":""}},"ast-content-background-meta":{"desktop":{"background-color":"var(--ast-global-color-5)","background-image":"","background-repeat":"repeat","background-position":"center center","background-size":"auto","background-attachment":"scroll","background-type":"","background-media":"","overlay-type":"","overlay-color":"","overlay-opacity":"","overlay-gradient":""},"tablet":{"background-color":"var(--ast-global-color-5)","background-image":"","background-repeat":"repeat","background-position":"center center","background-size":"auto","background-attachment":"scroll","background-type":"","background-media":"","overlay-type":"","overlay-color":"","overlay-opacity":"","overlay-gradient":""},"mobile":{"background-color":"var(--ast-global-color-5)","background-image":"","background-repeat":"repeat","background-position":"center center","background-size":"auto","background-attachment":"scroll","background-type":"","background-media":"","overlay-type":"","overlay-color":"","overlay-opacity":"","overlay-gradient":""}}},"product_brand":[],"product_cat":[73,32],"product_tag":[],"class_list":{"0":"post-449","1":"product","2":"type-product","3":"status-publish","4":"has-post-thumbnail","6":"product_cat-nevulkanizuota-guma","7":"product_cat-pramonine-guma","8":"desktop-align-left","9":"tablet-align-left","10":"mobile-align-left","12":"first","13":"instock","14":"shipping-taxable","15":"purchasable","16":"product-type-simple"},"yoast_head":"<!-- This site is optimized with the Yoast SEO plugin v27.3 - https:\/\/yoast.com\/product\/yoast-seo-wordpress\/ -->\n<title>Nevulkanizuota guma - ENVITEKA<\/title>\n<meta name=\"description\" content=\"Nevulkanizuota guma \u2013 tai EPDM, NBR, NR ir SBR gumos mi\u0161ini\u0173 pusgaminiai, naudojami \u012fvairi\u0173 pramon\u0117s \u0161ak\u0173 gamybos procesuose. \u0160i guma yra skirta tolimesniam apdirbimui ir vulkanizacijai\" \/>\n<meta name=\"robots\" content=\"index, follow, max-snippet:-1, max-image-preview:large, max-video-preview:-1\" \/>\n<link rel=\"canonical\" href=\"https:\/\/enviteka.lt\/en\/product\/nevulkanizuota-guma-epdm-nbr-nr-sbr\/\" \/>\n<meta property=\"og:locale\" content=\"en_US\" \/>\n<meta property=\"og:type\" content=\"article\" \/>\n<meta property=\"og:title\" content=\"Nevulkanizuota guma - ENVITEKA\" \/>\n<meta property=\"og:description\" content=\"Nevulkanizuota guma \u2013 tai EPDM, NBR, NR ir SBR gumos mi\u0161ini\u0173 pusgaminiai, naudojami \u012fvairi\u0173 pramon\u0117s \u0161ak\u0173 gamybos procesuose. \u0160i guma yra skirta tolimesniam apdirbimui ir vulkanizacijai\" \/>\n<meta property=\"og:url\" content=\"https:\/\/enviteka.lt\/en\/product\/nevulkanizuota-guma-epdm-nbr-nr-sbr\/\" \/>\n<meta property=\"og:site_name\" content=\"ENVITEKA\" \/>\n<meta property=\"article:modified_time\" content=\"2025-02-13T12:25:22+00:00\" \/>\n<meta property=\"og:image\" content=\"https:\/\/enviteka.lt\/wp-content\/uploads\/2024\/10\/nevulkanizuota_guma_non_vulcanized_rubber.jpg\" \/>\n\t<meta property=\"og:image:width\" content=\"540\" \/>\n\t<meta property=\"og:image:height\" content=\"420\" \/>\n\t<meta property=\"og:image:type\" content=\"image\/jpeg\" \/>\n<meta name=\"twitter:card\" content=\"summary_large_image\" \/>\n<meta name=\"twitter:label1\" content=\"Est. reading time\" \/>\n\t<meta name=\"twitter:data1\" content=\"1 minute\" \/>\n<script type=\"application\/ld+json\" class=\"yoast-schema-graph\">{\"@context\":\"https:\\\/\\\/schema.org\",\"@graph\":[{\"@type\":\"WebPage\",\"@id\":\"https:\\\/\\\/enviteka.lt\\\/produktas\\\/nevulkanizuota-guma-epdm-nbr-nr-sbr\\\/\",\"url\":\"https:\\\/\\\/enviteka.lt\\\/produktas\\\/nevulkanizuota-guma-epdm-nbr-nr-sbr\\\/\",\"name\":\"Nevulkanizuota guma - ENVITEKA\",\"isPartOf\":{\"@id\":\"https:\\\/\\\/enviteka.lt\\\/#website\"},\"primaryImageOfPage\":{\"@id\":\"https:\\\/\\\/enviteka.lt\\\/produktas\\\/nevulkanizuota-guma-epdm-nbr-nr-sbr\\\/#primaryimage\"},\"image\":{\"@id\":\"https:\\\/\\\/enviteka.lt\\\/produktas\\\/nevulkanizuota-guma-epdm-nbr-nr-sbr\\\/#primaryimage\"},\"thumbnailUrl\":\"https:\\\/\\\/enviteka.lt\\\/wp-content\\\/uploads\\\/2024\\\/10\\\/nevulkanizuota_guma_non_vulcanized_rubber.jpg\",\"datePublished\":\"2024-10-11T15:44:38+00:00\",\"dateModified\":\"2025-02-13T12:25:22+00:00\",\"description\":\"Nevulkanizuota guma \u2013 tai EPDM, NBR, NR ir SBR gumos mi\u0161ini\u0173 pusgaminiai, naudojami \u012fvairi\u0173 pramon\u0117s \u0161ak\u0173 gamybos procesuose. \u0160i guma yra skirta tolimesniam apdirbimui ir vulkanizacijai\",\"breadcrumb\":{\"@id\":\"https:\\\/\\\/enviteka.lt\\\/produktas\\\/nevulkanizuota-guma-epdm-nbr-nr-sbr\\\/#breadcrumb\"},\"inLanguage\":\"en-US\",\"potentialAction\":[{\"@type\":\"ReadAction\",\"target\":[\"https:\\\/\\\/enviteka.lt\\\/produktas\\\/nevulkanizuota-guma-epdm-nbr-nr-sbr\\\/\"]}]},{\"@type\":\"ImageObject\",\"inLanguage\":\"en-US\",\"@id\":\"https:\\\/\\\/enviteka.lt\\\/produktas\\\/nevulkanizuota-guma-epdm-nbr-nr-sbr\\\/#primaryimage\",\"url\":\"https:\\\/\\\/enviteka.lt\\\/wp-content\\\/uploads\\\/2024\\\/10\\\/nevulkanizuota_guma_non_vulcanized_rubber.jpg\",\"contentUrl\":\"https:\\\/\\\/enviteka.lt\\\/wp-content\\\/uploads\\\/2024\\\/10\\\/nevulkanizuota_guma_non_vulcanized_rubber.jpg\",\"width\":540,\"height\":420},{\"@type\":\"BreadcrumbList\",\"@id\":\"https:\\\/\\\/enviteka.lt\\\/produktas\\\/nevulkanizuota-guma-epdm-nbr-nr-sbr\\\/#breadcrumb\",\"itemListElement\":[{\"@type\":\"ListItem\",\"position\":1,\"name\":\"Home\",\"item\":\"https:\\\/\\\/enviteka.lt\\\/\"},{\"@type\":\"ListItem\",\"position\":2,\"name\":\"Produktai\",\"item\":\"https:\\\/\\\/enviteka.lt\\\/produktai\\\/\"},{\"@type\":\"ListItem\",\"position\":3,\"name\":\"Nevulkanizuota guma\"}]},{\"@type\":\"WebSite\",\"@id\":\"https:\\\/\\\/enviteka.lt\\\/#website\",\"url\":\"https:\\\/\\\/enviteka.lt\\\/\",\"name\":\"ENVITEKA\",\"description\":\"pramonin\u0117s \u012frangos tiek\u0117jas\",\"publisher\":{\"@id\":\"https:\\\/\\\/enviteka.lt\\\/#organization\"},\"potentialAction\":[{\"@type\":\"SearchAction\",\"target\":{\"@type\":\"EntryPoint\",\"urlTemplate\":\"https:\\\/\\\/enviteka.lt\\\/?s={search_term_string}\"},\"query-input\":{\"@type\":\"PropertyValueSpecification\",\"valueRequired\":true,\"valueName\":\"search_term_string\"}}],\"inLanguage\":\"en-US\"},{\"@type\":\"Organization\",\"@id\":\"https:\\\/\\\/enviteka.lt\\\/#organization\",\"name\":\"ENVITEKA\",\"url\":\"https:\\\/\\\/enviteka.lt\\\/\",\"logo\":{\"@type\":\"ImageObject\",\"inLanguage\":\"en-US\",\"@id\":\"https:\\\/\\\/enviteka.lt\\\/#\\\/schema\\\/logo\\\/image\\\/\",\"url\":\"https:\\\/\\\/enviteka.lt\\\/wp-content\\\/uploads\\\/2024\\\/10\\\/enviteka-high-resolution-logo-transparent-e1742852093377.png\",\"contentUrl\":\"https:\\\/\\\/enviteka.lt\\\/wp-content\\\/uploads\\\/2024\\\/10\\\/enviteka-high-resolution-logo-transparent-e1742852093377.png\",\"width\":424,\"height\":150,\"caption\":\"ENVITEKA\"},\"image\":{\"@id\":\"https:\\\/\\\/enviteka.lt\\\/#\\\/schema\\\/logo\\\/image\\\/\"}}]}<\/script>\n<!-- \/ Yoast SEO plugin. -->","yoast_head_json":{"title":"Nevulkanizuota guma - ENVITEKA","description":"Nevulkanizuota guma \u2013 tai EPDM, NBR, NR ir SBR gumos mi\u0161ini\u0173 pusgaminiai, naudojami \u012fvairi\u0173 pramon\u0117s \u0161ak\u0173 gamybos procesuose. \u0160i guma yra skirta tolimesniam apdirbimui ir vulkanizacijai","robots":{"index":"index","follow":"follow","max-snippet":"max-snippet:-1","max-image-preview":"max-image-preview:large","max-video-preview":"max-video-preview:-1"},"canonical":"https:\/\/enviteka.lt\/en\/product\/nevulkanizuota-guma-epdm-nbr-nr-sbr\/","og_locale":"en_US","og_type":"article","og_title":"Nevulkanizuota guma - ENVITEKA","og_description":"Nevulkanizuota guma \u2013 tai EPDM, NBR, NR ir SBR gumos mi\u0161ini\u0173 pusgaminiai, naudojami \u012fvairi\u0173 pramon\u0117s \u0161ak\u0173 gamybos procesuose. \u0160i guma yra skirta tolimesniam apdirbimui ir vulkanizacijai","og_url":"https:\/\/enviteka.lt\/en\/product\/nevulkanizuota-guma-epdm-nbr-nr-sbr\/","og_site_name":"ENVITEKA","article_modified_time":"2025-02-13T12:25:22+00:00","og_image":[{"width":540,"height":420,"url":"https:\/\/enviteka.lt\/wp-content\/uploads\/2024\/10\/nevulkanizuota_guma_non_vulcanized_rubber.jpg","type":"image\/jpeg"}],"twitter_card":"summary_large_image","twitter_misc":{"Est. reading time":"1 minute"},"schema":{"@context":"https:\/\/schema.org","@graph":[{"@type":"WebPage","@id":"https:\/\/enviteka.lt\/produktas\/nevulkanizuota-guma-epdm-nbr-nr-sbr\/","url":"https:\/\/enviteka.lt\/produktas\/nevulkanizuota-guma-epdm-nbr-nr-sbr\/","name":"Nevulkanizuota guma - ENVITEKA","isPartOf":{"@id":"https:\/\/enviteka.lt\/#website"},"primaryImageOfPage":{"@id":"https:\/\/enviteka.lt\/produktas\/nevulkanizuota-guma-epdm-nbr-nr-sbr\/#primaryimage"},"image":{"@id":"https:\/\/enviteka.lt\/produktas\/nevulkanizuota-guma-epdm-nbr-nr-sbr\/#primaryimage"},"thumbnailUrl":"https:\/\/enviteka.lt\/wp-content\/uploads\/2024\/10\/nevulkanizuota_guma_non_vulcanized_rubber.jpg","datePublished":"2024-10-11T15:44:38+00:00","dateModified":"2025-02-13T12:25:22+00:00","description":"Nevulkanizuota guma \u2013 tai EPDM, NBR, NR ir SBR gumos mi\u0161ini\u0173 pusgaminiai, naudojami \u012fvairi\u0173 pramon\u0117s \u0161ak\u0173 gamybos procesuose. \u0160i guma yra skirta tolimesniam apdirbimui ir vulkanizacijai","breadcrumb":{"@id":"https:\/\/enviteka.lt\/produktas\/nevulkanizuota-guma-epdm-nbr-nr-sbr\/#breadcrumb"},"inLanguage":"en-US","potentialAction":[{"@type":"ReadAction","target":["https:\/\/enviteka.lt\/produktas\/nevulkanizuota-guma-epdm-nbr-nr-sbr\/"]}]},{"@type":"ImageObject","inLanguage":"en-US","@id":"https:\/\/enviteka.lt\/produktas\/nevulkanizuota-guma-epdm-nbr-nr-sbr\/#primaryimage","url":"https:\/\/enviteka.lt\/wp-content\/uploads\/2024\/10\/nevulkanizuota_guma_non_vulcanized_rubber.jpg","contentUrl":"https:\/\/enviteka.lt\/wp-content\/uploads\/2024\/10\/nevulkanizuota_guma_non_vulcanized_rubber.jpg","width":540,"height":420},{"@type":"BreadcrumbList","@id":"https:\/\/enviteka.lt\/produktas\/nevulkanizuota-guma-epdm-nbr-nr-sbr\/#breadcrumb","itemListElement":[{"@type":"ListItem","position":1,"name":"Home","item":"https:\/\/enviteka.lt\/"},{"@type":"ListItem","position":2,"name":"Produktai","item":"https:\/\/enviteka.lt\/produktai\/"},{"@type":"ListItem","position":3,"name":"Nevulkanizuota guma"}]},{"@type":"WebSite","@id":"https:\/\/enviteka.lt\/#website","url":"https:\/\/enviteka.lt\/","name":"ENVITEKA","description":"pramonin\u0117s \u012frangos tiek\u0117jas","publisher":{"@id":"https:\/\/enviteka.lt\/#organization"},"potentialAction":[{"@type":"SearchAction","target":{"@type":"EntryPoint","urlTemplate":"https:\/\/enviteka.lt\/?s={search_term_string}"},"query-input":{"@type":"PropertyValueSpecification","valueRequired":true,"valueName":"search_term_string"}}],"inLanguage":"en-US"},{"@type":"Organization","@id":"https:\/\/enviteka.lt\/#organization","name":"ENVITEKA","url":"https:\/\/enviteka.lt\/","logo":{"@type":"ImageObject","inLanguage":"en-US","@id":"https:\/\/enviteka.lt\/#\/schema\/logo\/image\/","url":"https:\/\/enviteka.lt\/wp-content\/uploads\/2024\/10\/enviteka-high-resolution-logo-transparent-e1742852093377.png","contentUrl":"https:\/\/enviteka.lt\/wp-content\/uploads\/2024\/10\/enviteka-high-resolution-logo-transparent-e1742852093377.png","width":424,"height":150,"caption":"ENVITEKA"},"image":{"@id":"https:\/\/enviteka.lt\/#\/schema\/logo\/image\/"}}]}},"_links":{"self":[{"href":"https:\/\/enviteka.lt\/en\/wp-json\/wp\/v2\/product\/449","targetHints":{"allow":["GET"]}}],"collection":[{"href":"https:\/\/enviteka.lt\/en\/wp-json\/wp\/v2\/product"}],"about":[{"href":"https:\/\/enviteka.lt\/en\/wp-json\/wp\/v2\/types\/product"}],"wp:featuredmedia":[{"embeddable":true,"href":"https:\/\/enviteka.lt\/en\/wp-json\/wp\/v2\/media\/450"}],"wp:attachment":[{"href":"https:\/\/enviteka.lt\/en\/wp-json\/wp\/v2\/media?parent=449"}],"wp:term":[{"taxonomy":"product_brand","embeddable":true,"href":"https:\/\/enviteka.lt\/en\/wp-json\/wp\/v2\/product_brand?post=449"},{"taxonomy":"product_cat","embeddable":true,"href":"https:\/\/enviteka.lt\/en\/wp-json\/wp\/v2\/product_cat?post=449"},{"taxonomy":"product_tag","embeddable":true,"href":"https:\/\/enviteka.lt\/en\/wp-json\/wp\/v2\/product_tag?post=449"}],"curies":[{"name":"wp","href":"https:\/\/api.w.org\/{rel}","templated":true}]}}