{"id":443,"date":"2024-10-11T15:38:01","date_gmt":"2024-10-11T15:38:01","guid":{"rendered":"https:\/\/enviteka.lt\/?post_type=product&#038;p=443"},"modified":"2024-10-11T15:38:01","modified_gmt":"2024-10-11T15:38:01","slug":"gofruotos-metalines-zarnos","status":"publish","type":"product","link":"https:\/\/enviteka.lt\/en\/product\/gofruotos-metalines-zarnos\/","title":{"rendered":"Gofruotos metal hose"},"content":{"rendered":"<p>NER\u016aDIJANTOJO PLIENO \u017dARNOS (METALINIAI)<\/p>\n<p>Tokios \u017earnos tinka tiek labai auk\u0161tai (vir\u0161 500 laipsni\u0173), tiek labai \u017eemai temperat\u016brai, nes d\u0117l gofruoto pavir\u0161iaus i\u0161laiko lankstum\u0105. Renkantis metalines \u017earnas, atsi\u017evelkite \u012f j\u0173 specifikacijas, nes \u017earnos stiprum\u0105 lems silpniausia jos vieta. \u010cia taip pat svarbus jungiam\u0173j\u0173 vamzd\u017ei\u0173 tipas, kuris bus naudojamas darbo eigoje. Sulenktos versijos paprastai yra lengvos ir pla\u010diai suderinamos. Naudojamas plienas tinka tvarkyti agresyvias ir labai toksi\u0161kas chemines med\u017eiagas. Reik\u0117t\u0173 pa\u017eym\u0117ti, kad metalin\u0117s \u017earnos da\u017enai turi prast\u0105 atsparum\u0105 trin\u010diai.<\/p>\n<p>Darbin\u0117 temperat\u016bra: nuo -270 iki + 550 \u00b0 \u0421.<\/p>\n<p>Standartini\u0173 dyd\u017ei\u0173 diapazonas: DN6 &#8211; DN300<\/p>\n<p>Laikiklio ir i\u0161orinio apvalkalo tipai<\/p>\n<p>Ner\u016bdijan\u010dio plieno metalini\u0173 \u017earn\u0173 gamybai naudojamas dvisluoksnis gofruotas guoli\u0173 (silfon\u0173) korpusas, padidintas lankstumas, padengtas vienu arba dviem i\u0161orinio \/ apsauginio apvalkalo sluoksniais. Gofruotas apvalkalas gaminamas hidroformuojant arba mechaniniu b\u016bdu. Silfono med\u017eiaga &#8211; ner\u016bdijantis plienas 316L prek\u0117s \u017eenklas, ekranas 304L &#8211; ner\u016bdijantis plienas.<\/p>\n<p>Apsauginis apvalkalo sluoksnis turi didesn\u012f patikimum\u0105 ir didesn\u012f leistin\u0105 darbin\u012f sl\u0117g\u012f, bet ma\u017eiau lankstumo ir d\u0117l to didesn\u012f svor\u012f. Jis skirtas u\u017ekirsti keli\u0105 a\u0161iniam pailg\u0117jimui dirbant esant auk\u0161tam sl\u0117giui, padidinant laikiklio korpuso stabilum\u0105 ir bendr\u0105 dizain\u0105, apsaugant\u012f nuo mechanini\u0173 pa\u017eeidim\u0173.<\/p>\n<p>Pusiau anadrominio laikiklio korpuso skersmuo nuo 6 mm iki 300 mm.<\/p>\n<p>Metalini\u0173 \u017earn\u0173 privalumai:<\/p>\n<p>universalumas<br \/>\nma\u017ea kaina<br \/>\nPatvarumas (50 000 cikl\u0173)<br \/>\nDidel\u0117 darbin\u0117 temperat\u016bra Auk\u0161tas<br \/>\ndarbinis sl\u0117gis<br \/>\nMa\u017eas gaminio svoris<br \/>\nMinimalus lenkimo spindulys<br \/>\nGeb\u0117jimas sugerti vandens plaktuk\u0105<br \/>\nPlatus dreifo skersmens diapazonas<br \/>\nSuderinamas su bet kokiomis galutin\u0117mis detal\u0117mis<\/p>\n<p>Metalini\u0173 \u017earn\u0173 tr\u016bkumai:<\/p>\n<p>Gofruoto pagrindo silfonai<br \/>\nDideli nuostoliai ir \u0161ilumos perdavimas \u012f korpus\u0105<br \/>\nPa\u017eeid\u017eiamumas d\u0117l mechanini\u0173 pa\u017eeidim\u0173<br \/>\nLauke n\u0117ra galimyb\u0117s taisyti<br \/>\nMetalin\u0117s \u017earnos neb\u0117ra naujov\u0117, o \u0161iandien j\u0173 galima rasti beveik visose pramon\u0117s \u0161akose. \u012emon\u0117 tiek\u0117 toki\u0105 TMS mov\u0105, skirt\u0105 produktams, tokiems kaip naftos chemijos produktai, azotas, dujos, garai, kondensatai, bitumas, derva, skystas asfaltas ir kt.<\/p>\n<p>\u012emon\u0117 TMS sand\u0117liuoja \u017ealiavas metalini\u0173 \u012fvori\u0173 gamybai Rygoje (Latvija). M\u016bs\u0173 \u012franga leid\u017eia pagaminti tokio tipo mov\u0105 pagal u\u017esakym\u0105, atsi\u017evelgiant \u012f visus klient\u0173 pageidavimus. Taip pat si\u016blome panaudoti i\u0161 kliento gaut\u0105 galutin\u012f armat\u016br\u0105, nes galime u\u017etikrinti lengv\u0105 \u017earnos integravim\u0105 \u012f esam\u0105 sistem\u0105. Jei j\u016bs\u0173 gaminys nereaguoja su ner\u016bdijan\u010dio plieno 316 \u017eenklu, tai rei\u0161kia, kad \u0161is gaminys jums tinka, ir mes mielai j\u012f pristatysime j\u016bs\u0173 \u012fmonei kuo grei\u010diau!<\/p>","protected":false},"excerpt":{"rendered":"<p>NER\u016aDIJANTOJO PLIENO \u017dARNOS (METALINIAI) Tokios \u017earnos tinka tiek labai auk\u0161tai (vir\u0161 500 laipsni\u0173), tiek labai \u017eemai temperat\u016brai, nes d\u0117l gofruoto [&hellip;]<\/p>","protected":false},"featured_media":444,"template":"","meta":{"site-sidebar-layout":"default","site-content-layout":"","ast-site-content-layout":"default","site-content-style":"default","site-sidebar-style":"default","ast-global-header-display":"","ast-banner-title-visibility":"","ast-main-header-display":"","ast-hfb-above-header-display":"","ast-hfb-below-header-display":"","ast-hfb-mobile-header-display":"","site-post-title":"","ast-breadcrumbs-content":"","ast-featured-img":"","footer-sml-layout":"","ast-disable-related-posts":"","theme-transparent-header-meta":"default","adv-header-id-meta":"","stick-header-meta":"","header-above-stick-meta":"","header-main-stick-meta":"","header-below-stick-meta":"","astra-migrate-meta-layouts":"set","ast-page-background-enabled":"default","ast-page-background-meta":{"desktop":{"background-color":"var(--ast-global-color-4)","background-image":"","background-repeat":"repeat","background-position":"center center","background-size":"auto","background-attachment":"scroll","background-type":"","background-media":"","overlay-type":"","overlay-color":"","overlay-opacity":"","overlay-gradient":""},"tablet":{"background-color":"","background-image":"","background-repeat":"repeat","background-position":"center center","background-size":"auto","background-attachment":"scroll","background-type":"","background-media":"","overlay-type":"","overlay-color":"","overlay-opacity":"","overlay-gradient":""},"mobile":{"background-color":"","background-image":"","background-repeat":"repeat","background-position":"center center","background-size":"auto","background-attachment":"scroll","background-type":"","background-media":"","overlay-type":"","overlay-color":"","overlay-opacity":"","overlay-gradient":""}},"ast-content-background-meta":{"desktop":{"background-color":"var(--ast-global-color-5)","background-image":"","background-repeat":"repeat","background-position":"center center","background-size":"auto","background-attachment":"scroll","background-type":"","background-media":"","overlay-type":"","overlay-color":"","overlay-opacity":"","overlay-gradient":""},"tablet":{"background-color":"var(--ast-global-color-5)","background-image":"","background-repeat":"repeat","background-position":"center center","background-size":"auto","background-attachment":"scroll","background-type":"","background-media":"","overlay-type":"","overlay-color":"","overlay-opacity":"","overlay-gradient":""},"mobile":{"background-color":"var(--ast-global-color-5)","background-image":"","background-repeat":"repeat","background-position":"center center","background-size":"auto","background-attachment":"scroll","background-type":"","background-media":"","overlay-type":"","overlay-color":"","overlay-opacity":"","overlay-gradient":""}}},"product_brand":[],"product_cat":[22],"product_tag":[],"class_list":{"0":"post-443","1":"product","2":"type-product","3":"status-publish","4":"has-post-thumbnail","6":"product_cat-zarnos","7":"desktop-align-left","8":"tablet-align-left","9":"mobile-align-left","11":"first","12":"instock","13":"shipping-taxable","14":"purchasable","15":"product-type-simple"},"yoast_head":"<!-- This site is optimized with the Yoast SEO plugin v27.3 - https:\/\/yoast.com\/product\/yoast-seo-wordpress\/ -->\n<title>Gofruotos metalin\u0117s \u017earnos - ENVITEKA<\/title>\n<meta name=\"robots\" content=\"index, follow, max-snippet:-1, max-image-preview:large, max-video-preview:-1\" \/>\n<link rel=\"canonical\" href=\"https:\/\/enviteka.lt\/en\/product\/gofruotos-metalines-zarnos\/\" \/>\n<meta property=\"og:locale\" content=\"en_US\" \/>\n<meta property=\"og:type\" content=\"article\" \/>\n<meta property=\"og:title\" content=\"Gofruotos metalin\u0117s \u017earnos - ENVITEKA\" \/>\n<meta property=\"og:description\" content=\"NER\u016aDIJANTOJO PLIENO \u017dARNOS (METALINIAI) Tokios \u017earnos tinka tiek labai auk\u0161tai (vir\u0161 500 laipsni\u0173), tiek labai \u017eemai temperat\u016brai, nes d\u0117l gofruoto [&hellip;]\" \/>\n<meta property=\"og:url\" content=\"https:\/\/enviteka.lt\/en\/product\/gofruotos-metalines-zarnos\/\" \/>\n<meta property=\"og:site_name\" content=\"ENVITEKA\" \/>\n<meta property=\"og:image\" content=\"https:\/\/enviteka.lt\/wp-content\/uploads\/2024\/10\/big_1.jpg.1140x500_q85_crop-smart.jpg\" \/>\n\t<meta property=\"og:image:width\" content=\"1140\" \/>\n\t<meta property=\"og:image:height\" content=\"397\" \/>\n\t<meta property=\"og:image:type\" content=\"image\/jpeg\" \/>\n<meta name=\"twitter:card\" content=\"summary_large_image\" \/>\n<script type=\"application\/ld+json\" class=\"yoast-schema-graph\">{\"@context\":\"https:\\\/\\\/schema.org\",\"@graph\":[{\"@type\":\"WebPage\",\"@id\":\"https:\\\/\\\/enviteka.lt\\\/produktas\\\/gofruotos-metalines-zarnos\\\/\",\"url\":\"https:\\\/\\\/enviteka.lt\\\/produktas\\\/gofruotos-metalines-zarnos\\\/\",\"name\":\"Gofruotos metalin\u0117s \u017earnos - ENVITEKA\",\"isPartOf\":{\"@id\":\"https:\\\/\\\/enviteka.lt\\\/#website\"},\"primaryImageOfPage\":{\"@id\":\"https:\\\/\\\/enviteka.lt\\\/produktas\\\/gofruotos-metalines-zarnos\\\/#primaryimage\"},\"image\":{\"@id\":\"https:\\\/\\\/enviteka.lt\\\/produktas\\\/gofruotos-metalines-zarnos\\\/#primaryimage\"},\"thumbnailUrl\":\"https:\\\/\\\/enviteka.lt\\\/wp-content\\\/uploads\\\/2024\\\/10\\\/big_1.jpg.1140x500_q85_crop-smart.jpg\",\"datePublished\":\"2024-10-11T15:38:01+00:00\",\"breadcrumb\":{\"@id\":\"https:\\\/\\\/enviteka.lt\\\/produktas\\\/gofruotos-metalines-zarnos\\\/#breadcrumb\"},\"inLanguage\":\"en-US\",\"potentialAction\":[{\"@type\":\"ReadAction\",\"target\":[\"https:\\\/\\\/enviteka.lt\\\/produktas\\\/gofruotos-metalines-zarnos\\\/\"]}]},{\"@type\":\"ImageObject\",\"inLanguage\":\"en-US\",\"@id\":\"https:\\\/\\\/enviteka.lt\\\/produktas\\\/gofruotos-metalines-zarnos\\\/#primaryimage\",\"url\":\"https:\\\/\\\/enviteka.lt\\\/wp-content\\\/uploads\\\/2024\\\/10\\\/big_1.jpg.1140x500_q85_crop-smart.jpg\",\"contentUrl\":\"https:\\\/\\\/enviteka.lt\\\/wp-content\\\/uploads\\\/2024\\\/10\\\/big_1.jpg.1140x500_q85_crop-smart.jpg\",\"width\":1140,\"height\":397},{\"@type\":\"BreadcrumbList\",\"@id\":\"https:\\\/\\\/enviteka.lt\\\/produktas\\\/gofruotos-metalines-zarnos\\\/#breadcrumb\",\"itemListElement\":[{\"@type\":\"ListItem\",\"position\":1,\"name\":\"Home\",\"item\":\"https:\\\/\\\/enviteka.lt\\\/\"},{\"@type\":\"ListItem\",\"position\":2,\"name\":\"Produktai\",\"item\":\"https:\\\/\\\/enviteka.lt\\\/produktai\\\/\"},{\"@type\":\"ListItem\",\"position\":3,\"name\":\"Gofruotos metalin\u0117s \u017earnos\"}]},{\"@type\":\"WebSite\",\"@id\":\"https:\\\/\\\/enviteka.lt\\\/#website\",\"url\":\"https:\\\/\\\/enviteka.lt\\\/\",\"name\":\"ENVITEKA\",\"description\":\"pramonin\u0117s \u012frangos tiek\u0117jas\",\"publisher\":{\"@id\":\"https:\\\/\\\/enviteka.lt\\\/#organization\"},\"potentialAction\":[{\"@type\":\"SearchAction\",\"target\":{\"@type\":\"EntryPoint\",\"urlTemplate\":\"https:\\\/\\\/enviteka.lt\\\/?s={search_term_string}\"},\"query-input\":{\"@type\":\"PropertyValueSpecification\",\"valueRequired\":true,\"valueName\":\"search_term_string\"}}],\"inLanguage\":\"en-US\"},{\"@type\":\"Organization\",\"@id\":\"https:\\\/\\\/enviteka.lt\\\/#organization\",\"name\":\"ENVITEKA\",\"url\":\"https:\\\/\\\/enviteka.lt\\\/\",\"logo\":{\"@type\":\"ImageObject\",\"inLanguage\":\"en-US\",\"@id\":\"https:\\\/\\\/enviteka.lt\\\/#\\\/schema\\\/logo\\\/image\\\/\",\"url\":\"https:\\\/\\\/enviteka.lt\\\/wp-content\\\/uploads\\\/2024\\\/10\\\/enviteka-high-resolution-logo-transparent-e1742852093377.png\",\"contentUrl\":\"https:\\\/\\\/enviteka.lt\\\/wp-content\\\/uploads\\\/2024\\\/10\\\/enviteka-high-resolution-logo-transparent-e1742852093377.png\",\"width\":424,\"height\":150,\"caption\":\"ENVITEKA\"},\"image\":{\"@id\":\"https:\\\/\\\/enviteka.lt\\\/#\\\/schema\\\/logo\\\/image\\\/\"}}]}<\/script>\n<!-- \/ Yoast SEO plugin. -->","yoast_head_json":{"title":"Gofruotos metalin\u0117s \u017earnos - ENVITEKA","robots":{"index":"index","follow":"follow","max-snippet":"max-snippet:-1","max-image-preview":"max-image-preview:large","max-video-preview":"max-video-preview:-1"},"canonical":"https:\/\/enviteka.lt\/en\/product\/gofruotos-metalines-zarnos\/","og_locale":"en_US","og_type":"article","og_title":"Gofruotos metalin\u0117s \u017earnos - ENVITEKA","og_description":"NER\u016aDIJANTOJO PLIENO \u017dARNOS (METALINIAI) Tokios \u017earnos tinka tiek labai auk\u0161tai (vir\u0161 500 laipsni\u0173), tiek labai \u017eemai temperat\u016brai, nes d\u0117l gofruoto [&hellip;]","og_url":"https:\/\/enviteka.lt\/en\/product\/gofruotos-metalines-zarnos\/","og_site_name":"ENVITEKA","og_image":[{"width":1140,"height":397,"url":"https:\/\/enviteka.lt\/wp-content\/uploads\/2024\/10\/big_1.jpg.1140x500_q85_crop-smart.jpg","type":"image\/jpeg"}],"twitter_card":"summary_large_image","schema":{"@context":"https:\/\/schema.org","@graph":[{"@type":"WebPage","@id":"https:\/\/enviteka.lt\/produktas\/gofruotos-metalines-zarnos\/","url":"https:\/\/enviteka.lt\/produktas\/gofruotos-metalines-zarnos\/","name":"Gofruotos metalin\u0117s \u017earnos - ENVITEKA","isPartOf":{"@id":"https:\/\/enviteka.lt\/#website"},"primaryImageOfPage":{"@id":"https:\/\/enviteka.lt\/produktas\/gofruotos-metalines-zarnos\/#primaryimage"},"image":{"@id":"https:\/\/enviteka.lt\/produktas\/gofruotos-metalines-zarnos\/#primaryimage"},"thumbnailUrl":"https:\/\/enviteka.lt\/wp-content\/uploads\/2024\/10\/big_1.jpg.1140x500_q85_crop-smart.jpg","datePublished":"2024-10-11T15:38:01+00:00","breadcrumb":{"@id":"https:\/\/enviteka.lt\/produktas\/gofruotos-metalines-zarnos\/#breadcrumb"},"inLanguage":"en-US","potentialAction":[{"@type":"ReadAction","target":["https:\/\/enviteka.lt\/produktas\/gofruotos-metalines-zarnos\/"]}]},{"@type":"ImageObject","inLanguage":"en-US","@id":"https:\/\/enviteka.lt\/produktas\/gofruotos-metalines-zarnos\/#primaryimage","url":"https:\/\/enviteka.lt\/wp-content\/uploads\/2024\/10\/big_1.jpg.1140x500_q85_crop-smart.jpg","contentUrl":"https:\/\/enviteka.lt\/wp-content\/uploads\/2024\/10\/big_1.jpg.1140x500_q85_crop-smart.jpg","width":1140,"height":397},{"@type":"BreadcrumbList","@id":"https:\/\/enviteka.lt\/produktas\/gofruotos-metalines-zarnos\/#breadcrumb","itemListElement":[{"@type":"ListItem","position":1,"name":"Home","item":"https:\/\/enviteka.lt\/"},{"@type":"ListItem","position":2,"name":"Produktai","item":"https:\/\/enviteka.lt\/produktai\/"},{"@type":"ListItem","position":3,"name":"Gofruotos metalin\u0117s \u017earnos"}]},{"@type":"WebSite","@id":"https:\/\/enviteka.lt\/#website","url":"https:\/\/enviteka.lt\/","name":"ENVITEKA","description":"pramonin\u0117s \u012frangos tiek\u0117jas","publisher":{"@id":"https:\/\/enviteka.lt\/#organization"},"potentialAction":[{"@type":"SearchAction","target":{"@type":"EntryPoint","urlTemplate":"https:\/\/enviteka.lt\/?s={search_term_string}"},"query-input":{"@type":"PropertyValueSpecification","valueRequired":true,"valueName":"search_term_string"}}],"inLanguage":"en-US"},{"@type":"Organization","@id":"https:\/\/enviteka.lt\/#organization","name":"ENVITEKA","url":"https:\/\/enviteka.lt\/","logo":{"@type":"ImageObject","inLanguage":"en-US","@id":"https:\/\/enviteka.lt\/#\/schema\/logo\/image\/","url":"https:\/\/enviteka.lt\/wp-content\/uploads\/2024\/10\/enviteka-high-resolution-logo-transparent-e1742852093377.png","contentUrl":"https:\/\/enviteka.lt\/wp-content\/uploads\/2024\/10\/enviteka-high-resolution-logo-transparent-e1742852093377.png","width":424,"height":150,"caption":"ENVITEKA"},"image":{"@id":"https:\/\/enviteka.lt\/#\/schema\/logo\/image\/"}}]}},"_links":{"self":[{"href":"https:\/\/enviteka.lt\/en\/wp-json\/wp\/v2\/product\/443","targetHints":{"allow":["GET"]}}],"collection":[{"href":"https:\/\/enviteka.lt\/en\/wp-json\/wp\/v2\/product"}],"about":[{"href":"https:\/\/enviteka.lt\/en\/wp-json\/wp\/v2\/types\/product"}],"wp:featuredmedia":[{"embeddable":true,"href":"https:\/\/enviteka.lt\/en\/wp-json\/wp\/v2\/media\/444"}],"wp:attachment":[{"href":"https:\/\/enviteka.lt\/en\/wp-json\/wp\/v2\/media?parent=443"}],"wp:term":[{"taxonomy":"product_brand","embeddable":true,"href":"https:\/\/enviteka.lt\/en\/wp-json\/wp\/v2\/product_brand?post=443"},{"taxonomy":"product_cat","embeddable":true,"href":"https:\/\/enviteka.lt\/en\/wp-json\/wp\/v2\/product_cat?post=443"},{"taxonomy":"product_tag","embeddable":true,"href":"https:\/\/enviteka.lt\/en\/wp-json\/wp\/v2\/product_tag?post=443"}],"curies":[{"name":"wp","href":"https:\/\/api.w.org\/{rel}","templated":true}]}}