{"id":439,"date":"2024-10-11T15:36:34","date_gmt":"2024-10-11T15:36:34","guid":{"rendered":"https:\/\/enviteka.lt\/?post_type=product&#038;p=439"},"modified":"2024-10-11T15:36:35","modified_gmt":"2024-10-11T15:36:35","slug":"pvc-layflat-isleidimo-zarnos","status":"publish","type":"product","link":"https:\/\/enviteka.lt\/en\/product\/pvc-layflat-isleidimo-zarnos\/","title":{"rendered":"PVC Layflat discharge hose"},"content":{"rendered":"<p>PVC Layflat  sl\u0117gin\u0117s \u017earnos<\/p>\n<p>Visi\u0161kai unikalios \u017earnos , kurios gali  dirbti  esant palyginti auk\u0161tam sl\u0117giui ir palyginti ma\u017eo  svorio  . Svarbiausia, kad tu\u0161\u010dios didelio skersmens \u017earnos neu\u017eima daug vietos.  \u0160ios \u017earnos pla\u010diai naudojamos dr\u0117kinimui , \u017eem\u0117s \u016bkyje ir statyboje.<\/p>\n<p>LayFlat &#8211; tez\u0117s mobilios tiekimo linij\u0173 magistral\u0117s , skirtos \u017eemam ir vidutiniam sl\u0117giui iki 4 atmosfer\u0173. Layflat nesideformuoja veikiamas temperat\u016bros , nepa\u017eeid\u017eiamas UV spinduli\u0173, turi ilg\u0105 tarnavimo laik\u0105 , gali atlaikyti auk\u0161t\u0105 sl\u0117g\u012f ir leid\u017eia per jas prava\u017eiuoti ratin\u0117ms transporto priemon\u0117ms (kai \u017earnos tu\u0161\u010dios ) . LayFlat \u017earnos pla\u010diai naudojamos vandens tiekimui ir tr\u0105\u0161\u0173 tirpalams la\u0161elinio dr\u0117kinimo sistemose arba dideliems vandens kiekiams perskirstyti .  <\/p>\n<p>\u017darna turi didel\u012f atsparum\u0105 nuotekoms. Puikus TPU atsparumas dilimui leid\u017eia greitai i\u0161skleisti labai plonasien\u012f ir lengv\u0105 didesnio skersmens vamzd\u012f darbo vietose, nerizikuojant sugadinti \u017earn\u0105.<\/p>\n<p>Vamzd\u017ei\u0173 klojimo prana\u0161umai ir i\u0161skirtin\u0117s savyb\u0117s:<\/p>\n<p>Ilgi vamzd\u017eiai su greitosiomis movomis , jungian\u010diomis galus, gali siekti 100m<br \/>\nTemperat\u016bros diapazonas nuo -10 \u00b0 C iki + 60 \u00b0 C<br \/>\nAtsparus susid\u0117v\u0117jimui lenkimui , sukimuisi ir  sen\u0117jimui<br \/>\nNeatspari korozijai ir UV spinduliuotei<br \/>\nIdealiai tinka vandens tiekimui \u012f laistymo sistem\u0105<br \/>\nChemi\u0161kai neaktyvus ( nes\u0105veikauja su skys\u010diu )<br \/>\nPo operacijos ir laikymo nereikalauja d\u017eiovinimo ir ypatingos prie\u017ei\u016bros<br \/>\nLaikydami ir transportuodami u\u017eimkite ma\u017eai vietos<br \/>\nGalima suvynioti arba susukti, kol \u0161lapia<br \/>\nTur\u0117kite auk\u0161t\u0105 technin\u0117s prie\u017ei\u016bros laipsn\u012f , net ir lauke<br \/>\nDaug lengviau visiems vamzd\u017eiams ir \u017earnoms , klasikiniams, kuri\u0173 stiprumas yra pana\u0161us<br \/>\nNorint nutiesti dujotiek\u012f bet kurioje vietoje, nereikia i\u0161ankstinio pasiruo\u0161imo<br \/>\nRankov\u0117s yra pagamintos i\u0161 tradicini\u0173 spalv\u0173 ( \u017ealia, m\u0117lyna , oran\u017ein\u0117 ), ta\u010diau gali b\u016bti pagamintos ir spalvotos, pagal kliento reikalavimus .<br \/>\nTMS taip pat si\u016blo patobulintus layflat vamzd\u017eius, kurie  turi  apsaugin\u012f stiklo  pluo\u0161to sluoksn\u012f , tod\u0117l jie gali atlaikyti iki 13 bar\u0173 sl\u0117g\u012f . Dauguma \u0161i\u0173 rankovi\u0173 yra naudojamos gaisro gesinimo sistemose , o \u012fmon\u0117  jas gali apr\u016bpinti ir gamintojo patarimais. TMS si\u016blo \u0161iuos produktus  tiek  su antgaliais  , tiek  be j\u0173.<\/p>\n<p>\u0160ie  vamzd\u017eiai visada yra  TMS sand\u0117liuose. Si\u016blome palankiausias s\u0105lygas Jus dominan\u010diam kiekiui .<\/p>","protected":false},"excerpt":{"rendered":"<p>PVC Layflat sl\u0117gin\u0117s \u017earnos Visi\u0161kai unikalios \u017earnos , kurios gali dirbti esant palyginti auk\u0161tam sl\u0117giui ir palyginti ma\u017eo svorio . [&hellip;]<\/p>","protected":false},"featured_media":440,"template":"","meta":{"site-sidebar-layout":"default","site-content-layout":"","ast-site-content-layout":"default","site-content-style":"default","site-sidebar-style":"default","ast-global-header-display":"","ast-banner-title-visibility":"","ast-main-header-display":"","ast-hfb-above-header-display":"","ast-hfb-below-header-display":"","ast-hfb-mobile-header-display":"","site-post-title":"","ast-breadcrumbs-content":"","ast-featured-img":"","footer-sml-layout":"","ast-disable-related-posts":"","theme-transparent-header-meta":"default","adv-header-id-meta":"","stick-header-meta":"","header-above-stick-meta":"","header-main-stick-meta":"","header-below-stick-meta":"","astra-migrate-meta-layouts":"set","ast-page-background-enabled":"default","ast-page-background-meta":{"desktop":{"background-color":"var(--ast-global-color-4)","background-image":"","background-repeat":"repeat","background-position":"center center","background-size":"auto","background-attachment":"scroll","background-type":"","background-media":"","overlay-type":"","overlay-color":"","overlay-opacity":"","overlay-gradient":""},"tablet":{"background-color":"","background-image":"","background-repeat":"repeat","background-position":"center center","background-size":"auto","background-attachment":"scroll","background-type":"","background-media":"","overlay-type":"","overlay-color":"","overlay-opacity":"","overlay-gradient":""},"mobile":{"background-color":"","background-image":"","background-repeat":"repeat","background-position":"center center","background-size":"auto","background-attachment":"scroll","background-type":"","background-media":"","overlay-type":"","overlay-color":"","overlay-opacity":"","overlay-gradient":""}},"ast-content-background-meta":{"desktop":{"background-color":"var(--ast-global-color-5)","background-image":"","background-repeat":"repeat","background-position":"center center","background-size":"auto","background-attachment":"scroll","background-type":"","background-media":"","overlay-type":"","overlay-color":"","overlay-opacity":"","overlay-gradient":""},"tablet":{"background-color":"var(--ast-global-color-5)","background-image":"","background-repeat":"repeat","background-position":"center center","background-size":"auto","background-attachment":"scroll","background-type":"","background-media":"","overlay-type":"","overlay-color":"","overlay-opacity":"","overlay-gradient":""},"mobile":{"background-color":"var(--ast-global-color-5)","background-image":"","background-repeat":"repeat","background-position":"center center","background-size":"auto","background-attachment":"scroll","background-type":"","background-media":"","overlay-type":"","overlay-color":"","overlay-opacity":"","overlay-gradient":""}}},"product_brand":[],"product_cat":[22],"product_tag":[],"class_list":{"0":"post-439","1":"product","2":"type-product","3":"status-publish","4":"has-post-thumbnail","6":"product_cat-zarnos","7":"desktop-align-left","8":"tablet-align-left","9":"mobile-align-left","11":"first","12":"instock","13":"shipping-taxable","14":"purchasable","15":"product-type-simple"},"yoast_head":"<!-- This site is optimized with the Yoast SEO plugin v27.3 - https:\/\/yoast.com\/product\/yoast-seo-wordpress\/ -->\n<title>PVC Layflat i\u0161leidimo \u017earnos - ENVITEKA<\/title>\n<meta name=\"robots\" content=\"index, follow, max-snippet:-1, max-image-preview:large, max-video-preview:-1\" \/>\n<link rel=\"canonical\" href=\"https:\/\/enviteka.lt\/en\/product\/pvc-layflat-isleidimo-zarnos\/\" \/>\n<meta property=\"og:locale\" content=\"en_US\" \/>\n<meta property=\"og:type\" content=\"article\" \/>\n<meta property=\"og:title\" content=\"PVC Layflat i\u0161leidimo \u017earnos - ENVITEKA\" \/>\n<meta property=\"og:description\" content=\"PVC Layflat sl\u0117gin\u0117s \u017earnos Visi\u0161kai unikalios \u017earnos , kurios gali dirbti esant palyginti auk\u0161tam sl\u0117giui ir palyginti ma\u017eo svorio . [&hellip;]\" \/>\n<meta property=\"og:url\" content=\"https:\/\/enviteka.lt\/en\/product\/pvc-layflat-isleidimo-zarnos\/\" \/>\n<meta property=\"og:site_name\" content=\"ENVITEKA\" \/>\n<meta property=\"article:modified_time\" content=\"2024-10-11T15:36:35+00:00\" \/>\n<meta property=\"og:image\" content=\"https:\/\/enviteka.lt\/wp-content\/uploads\/2024\/10\/13_9B4Ejyc.jpg.1140x500_q85_crop-smart.jpg\" \/>\n\t<meta property=\"og:image:width\" content=\"1140\" \/>\n\t<meta property=\"og:image:height\" content=\"500\" \/>\n\t<meta property=\"og:image:type\" content=\"image\/jpeg\" \/>\n<meta name=\"twitter:card\" content=\"summary_large_image\" \/>\n<script type=\"application\/ld+json\" class=\"yoast-schema-graph\">{\"@context\":\"https:\\\/\\\/schema.org\",\"@graph\":[{\"@type\":\"WebPage\",\"@id\":\"https:\\\/\\\/enviteka.lt\\\/produktas\\\/pvc-layflat-isleidimo-zarnos\\\/\",\"url\":\"https:\\\/\\\/enviteka.lt\\\/produktas\\\/pvc-layflat-isleidimo-zarnos\\\/\",\"name\":\"PVC Layflat i\u0161leidimo \u017earnos - ENVITEKA\",\"isPartOf\":{\"@id\":\"https:\\\/\\\/enviteka.lt\\\/#website\"},\"primaryImageOfPage\":{\"@id\":\"https:\\\/\\\/enviteka.lt\\\/produktas\\\/pvc-layflat-isleidimo-zarnos\\\/#primaryimage\"},\"image\":{\"@id\":\"https:\\\/\\\/enviteka.lt\\\/produktas\\\/pvc-layflat-isleidimo-zarnos\\\/#primaryimage\"},\"thumbnailUrl\":\"https:\\\/\\\/enviteka.lt\\\/wp-content\\\/uploads\\\/2024\\\/10\\\/13_9B4Ejyc.jpg.1140x500_q85_crop-smart.jpg\",\"datePublished\":\"2024-10-11T15:36:34+00:00\",\"dateModified\":\"2024-10-11T15:36:35+00:00\",\"breadcrumb\":{\"@id\":\"https:\\\/\\\/enviteka.lt\\\/produktas\\\/pvc-layflat-isleidimo-zarnos\\\/#breadcrumb\"},\"inLanguage\":\"en-US\",\"potentialAction\":[{\"@type\":\"ReadAction\",\"target\":[\"https:\\\/\\\/enviteka.lt\\\/produktas\\\/pvc-layflat-isleidimo-zarnos\\\/\"]}]},{\"@type\":\"ImageObject\",\"inLanguage\":\"en-US\",\"@id\":\"https:\\\/\\\/enviteka.lt\\\/produktas\\\/pvc-layflat-isleidimo-zarnos\\\/#primaryimage\",\"url\":\"https:\\\/\\\/enviteka.lt\\\/wp-content\\\/uploads\\\/2024\\\/10\\\/13_9B4Ejyc.jpg.1140x500_q85_crop-smart.jpg\",\"contentUrl\":\"https:\\\/\\\/enviteka.lt\\\/wp-content\\\/uploads\\\/2024\\\/10\\\/13_9B4Ejyc.jpg.1140x500_q85_crop-smart.jpg\",\"width\":1140,\"height\":500},{\"@type\":\"BreadcrumbList\",\"@id\":\"https:\\\/\\\/enviteka.lt\\\/produktas\\\/pvc-layflat-isleidimo-zarnos\\\/#breadcrumb\",\"itemListElement\":[{\"@type\":\"ListItem\",\"position\":1,\"name\":\"Home\",\"item\":\"https:\\\/\\\/enviteka.lt\\\/\"},{\"@type\":\"ListItem\",\"position\":2,\"name\":\"Produktai\",\"item\":\"https:\\\/\\\/enviteka.lt\\\/produktai\\\/\"},{\"@type\":\"ListItem\",\"position\":3,\"name\":\"PVC Layflat i\u0161leidimo \u017earnos\"}]},{\"@type\":\"WebSite\",\"@id\":\"https:\\\/\\\/enviteka.lt\\\/#website\",\"url\":\"https:\\\/\\\/enviteka.lt\\\/\",\"name\":\"ENVITEKA\",\"description\":\"pramonin\u0117s \u012frangos tiek\u0117jas\",\"publisher\":{\"@id\":\"https:\\\/\\\/enviteka.lt\\\/#organization\"},\"potentialAction\":[{\"@type\":\"SearchAction\",\"target\":{\"@type\":\"EntryPoint\",\"urlTemplate\":\"https:\\\/\\\/enviteka.lt\\\/?s={search_term_string}\"},\"query-input\":{\"@type\":\"PropertyValueSpecification\",\"valueRequired\":true,\"valueName\":\"search_term_string\"}}],\"inLanguage\":\"en-US\"},{\"@type\":\"Organization\",\"@id\":\"https:\\\/\\\/enviteka.lt\\\/#organization\",\"name\":\"ENVITEKA\",\"url\":\"https:\\\/\\\/enviteka.lt\\\/\",\"logo\":{\"@type\":\"ImageObject\",\"inLanguage\":\"en-US\",\"@id\":\"https:\\\/\\\/enviteka.lt\\\/#\\\/schema\\\/logo\\\/image\\\/\",\"url\":\"https:\\\/\\\/enviteka.lt\\\/wp-content\\\/uploads\\\/2024\\\/10\\\/enviteka-high-resolution-logo-transparent-e1742852093377.png\",\"contentUrl\":\"https:\\\/\\\/enviteka.lt\\\/wp-content\\\/uploads\\\/2024\\\/10\\\/enviteka-high-resolution-logo-transparent-e1742852093377.png\",\"width\":424,\"height\":150,\"caption\":\"ENVITEKA\"},\"image\":{\"@id\":\"https:\\\/\\\/enviteka.lt\\\/#\\\/schema\\\/logo\\\/image\\\/\"}}]}<\/script>\n<!-- \/ Yoast SEO plugin. -->","yoast_head_json":{"title":"PVC Layflat i\u0161leidimo \u017earnos - ENVITEKA","robots":{"index":"index","follow":"follow","max-snippet":"max-snippet:-1","max-image-preview":"max-image-preview:large","max-video-preview":"max-video-preview:-1"},"canonical":"https:\/\/enviteka.lt\/en\/product\/pvc-layflat-isleidimo-zarnos\/","og_locale":"en_US","og_type":"article","og_title":"PVC Layflat i\u0161leidimo \u017earnos - ENVITEKA","og_description":"PVC Layflat sl\u0117gin\u0117s \u017earnos Visi\u0161kai unikalios \u017earnos , kurios gali dirbti esant palyginti auk\u0161tam sl\u0117giui ir palyginti ma\u017eo svorio . [&hellip;]","og_url":"https:\/\/enviteka.lt\/en\/product\/pvc-layflat-isleidimo-zarnos\/","og_site_name":"ENVITEKA","article_modified_time":"2024-10-11T15:36:35+00:00","og_image":[{"width":1140,"height":500,"url":"https:\/\/enviteka.lt\/wp-content\/uploads\/2024\/10\/13_9B4Ejyc.jpg.1140x500_q85_crop-smart.jpg","type":"image\/jpeg"}],"twitter_card":"summary_large_image","schema":{"@context":"https:\/\/schema.org","@graph":[{"@type":"WebPage","@id":"https:\/\/enviteka.lt\/produktas\/pvc-layflat-isleidimo-zarnos\/","url":"https:\/\/enviteka.lt\/produktas\/pvc-layflat-isleidimo-zarnos\/","name":"PVC Layflat i\u0161leidimo \u017earnos - ENVITEKA","isPartOf":{"@id":"https:\/\/enviteka.lt\/#website"},"primaryImageOfPage":{"@id":"https:\/\/enviteka.lt\/produktas\/pvc-layflat-isleidimo-zarnos\/#primaryimage"},"image":{"@id":"https:\/\/enviteka.lt\/produktas\/pvc-layflat-isleidimo-zarnos\/#primaryimage"},"thumbnailUrl":"https:\/\/enviteka.lt\/wp-content\/uploads\/2024\/10\/13_9B4Ejyc.jpg.1140x500_q85_crop-smart.jpg","datePublished":"2024-10-11T15:36:34+00:00","dateModified":"2024-10-11T15:36:35+00:00","breadcrumb":{"@id":"https:\/\/enviteka.lt\/produktas\/pvc-layflat-isleidimo-zarnos\/#breadcrumb"},"inLanguage":"en-US","potentialAction":[{"@type":"ReadAction","target":["https:\/\/enviteka.lt\/produktas\/pvc-layflat-isleidimo-zarnos\/"]}]},{"@type":"ImageObject","inLanguage":"en-US","@id":"https:\/\/enviteka.lt\/produktas\/pvc-layflat-isleidimo-zarnos\/#primaryimage","url":"https:\/\/enviteka.lt\/wp-content\/uploads\/2024\/10\/13_9B4Ejyc.jpg.1140x500_q85_crop-smart.jpg","contentUrl":"https:\/\/enviteka.lt\/wp-content\/uploads\/2024\/10\/13_9B4Ejyc.jpg.1140x500_q85_crop-smart.jpg","width":1140,"height":500},{"@type":"BreadcrumbList","@id":"https:\/\/enviteka.lt\/produktas\/pvc-layflat-isleidimo-zarnos\/#breadcrumb","itemListElement":[{"@type":"ListItem","position":1,"name":"Home","item":"https:\/\/enviteka.lt\/"},{"@type":"ListItem","position":2,"name":"Produktai","item":"https:\/\/enviteka.lt\/produktai\/"},{"@type":"ListItem","position":3,"name":"PVC Layflat i\u0161leidimo \u017earnos"}]},{"@type":"WebSite","@id":"https:\/\/enviteka.lt\/#website","url":"https:\/\/enviteka.lt\/","name":"ENVITEKA","description":"pramonin\u0117s \u012frangos tiek\u0117jas","publisher":{"@id":"https:\/\/enviteka.lt\/#organization"},"potentialAction":[{"@type":"SearchAction","target":{"@type":"EntryPoint","urlTemplate":"https:\/\/enviteka.lt\/?s={search_term_string}"},"query-input":{"@type":"PropertyValueSpecification","valueRequired":true,"valueName":"search_term_string"}}],"inLanguage":"en-US"},{"@type":"Organization","@id":"https:\/\/enviteka.lt\/#organization","name":"ENVITEKA","url":"https:\/\/enviteka.lt\/","logo":{"@type":"ImageObject","inLanguage":"en-US","@id":"https:\/\/enviteka.lt\/#\/schema\/logo\/image\/","url":"https:\/\/enviteka.lt\/wp-content\/uploads\/2024\/10\/enviteka-high-resolution-logo-transparent-e1742852093377.png","contentUrl":"https:\/\/enviteka.lt\/wp-content\/uploads\/2024\/10\/enviteka-high-resolution-logo-transparent-e1742852093377.png","width":424,"height":150,"caption":"ENVITEKA"},"image":{"@id":"https:\/\/enviteka.lt\/#\/schema\/logo\/image\/"}}]}},"_links":{"self":[{"href":"https:\/\/enviteka.lt\/en\/wp-json\/wp\/v2\/product\/439","targetHints":{"allow":["GET"]}}],"collection":[{"href":"https:\/\/enviteka.lt\/en\/wp-json\/wp\/v2\/product"}],"about":[{"href":"https:\/\/enviteka.lt\/en\/wp-json\/wp\/v2\/types\/product"}],"wp:featuredmedia":[{"embeddable":true,"href":"https:\/\/enviteka.lt\/en\/wp-json\/wp\/v2\/media\/440"}],"wp:attachment":[{"href":"https:\/\/enviteka.lt\/en\/wp-json\/wp\/v2\/media?parent=439"}],"wp:term":[{"taxonomy":"product_brand","embeddable":true,"href":"https:\/\/enviteka.lt\/en\/wp-json\/wp\/v2\/product_brand?post=439"},{"taxonomy":"product_cat","embeddable":true,"href":"https:\/\/enviteka.lt\/en\/wp-json\/wp\/v2\/product_cat?post=439"},{"taxonomy":"product_tag","embeddable":true,"href":"https:\/\/enviteka.lt\/en\/wp-json\/wp\/v2\/product_tag?post=439"}],"curies":[{"name":"wp","href":"https:\/\/api.w.org\/{rel}","templated":true}]}}