{"id":435,"date":"2024-10-11T15:33:23","date_gmt":"2024-10-11T15:33:23","guid":{"rendered":"https:\/\/enviteka.lt\/?post_type=product&#038;p=435"},"modified":"2024-10-11T15:33:23","modified_gmt":"2024-10-11T15:33:23","slug":"pvc-pe-eva-ir-pur-zarna","status":"publish","type":"product","link":"https:\/\/enviteka.lt\/en\/product\/pvc-pe-eva-ir-pur-zarna\/","title":{"rendered":"PVC, PE, EVA and PUR hose"},"content":{"rendered":"<p>M\u016bs\u0173 si\u016blomos technin\u0117s \u017earnos yra skirtos pramonei ir yra efektyvios, ilgaam\u017e\u0117s ir saugios.<br \/>\nDaugelis pramonini\u0173 \u017earn\u0173 tip\u0173 yra pagamintos i\u0161 Pre-PUR, PVC, PE ir EVA, specialios r\u016b\u0161ies esterio ir eterio poliuretano. \u0160i\u0173 med\u017eiag\u0173 prana\u0161umai yra ypa\u010d ilgas tarnavimo laikas ir itin didelis atsparumas dilimui. Abi \u0161ios savyb\u0117s u\u017etikrina nepaprastai ilg\u0105 tarnavimo laik\u0105, ma\u017eas konversijos i\u0161laidas ir d\u0117l to puik\u0173 ekonomi\u0161kum\u0105. Teikiame auk\u0161tos kokyb\u0117s technines \u017earnas ir \u017earn\u0173 sprendimus. Si\u016blome technini\u0173 tip\u0173 \u017earnas beveik visoms pramonin\u0117ms grup\u0117ms, kurios pasi\u017eymi ypatingomis savyb\u0117mis, tod\u0117l jos puikiai tinka \u012fvairioms reikm\u0117ms. M\u016bs\u0173 si\u016blomos \u017earnos u\u017etikrina ilg\u0105 tarnavimo laik\u0105 d\u0117l j\u0173 gamyboje naudojam\u0173 auk\u0161tos kokyb\u0117s \u017ealiav\u0173. Pramonin\u0117s kokyb\u0117s \u017earnos taip pat atitinka visus atitinkamos taikymo srities reikalavimus. Tai u\u017etikrina, kad C komponent\u0173 \u017earnos gali b\u016bti visapusi\u0161kai ir tvariai naudojamos \u012fvairiose pramon\u0117s srityse.<\/p>","protected":false},"excerpt":{"rendered":"<p>M\u016bs\u0173 si\u016blomos technin\u0117s \u017earnos yra skirtos pramonei ir yra efektyvios, ilgaam\u017e\u0117s ir saugios. Daugelis pramonini\u0173 \u017earn\u0173 tip\u0173 yra pagamintos i\u0161 [&hellip;]<\/p>","protected":false},"featured_media":436,"template":"","meta":{"site-sidebar-layout":"default","site-content-layout":"","ast-site-content-layout":"default","site-content-style":"default","site-sidebar-style":"default","ast-global-header-display":"","ast-banner-title-visibility":"","ast-main-header-display":"","ast-hfb-above-header-display":"","ast-hfb-below-header-display":"","ast-hfb-mobile-header-display":"","site-post-title":"","ast-breadcrumbs-content":"","ast-featured-img":"","footer-sml-layout":"","ast-disable-related-posts":"","theme-transparent-header-meta":"default","adv-header-id-meta":"","stick-header-meta":"","header-above-stick-meta":"","header-main-stick-meta":"","header-below-stick-meta":"","astra-migrate-meta-layouts":"set","ast-page-background-enabled":"default","ast-page-background-meta":{"desktop":{"background-color":"var(--ast-global-color-4)","background-image":"","background-repeat":"repeat","background-position":"center center","background-size":"auto","background-attachment":"scroll","background-type":"","background-media":"","overlay-type":"","overlay-color":"","overlay-opacity":"","overlay-gradient":""},"tablet":{"background-color":"","background-image":"","background-repeat":"repeat","background-position":"center center","background-size":"auto","background-attachment":"scroll","background-type":"","background-media":"","overlay-type":"","overlay-color":"","overlay-opacity":"","overlay-gradient":""},"mobile":{"background-color":"","background-image":"","background-repeat":"repeat","background-position":"center center","background-size":"auto","background-attachment":"scroll","background-type":"","background-media":"","overlay-type":"","overlay-color":"","overlay-opacity":"","overlay-gradient":""}},"ast-content-background-meta":{"desktop":{"background-color":"var(--ast-global-color-5)","background-image":"","background-repeat":"repeat","background-position":"center center","background-size":"auto","background-attachment":"scroll","background-type":"","background-media":"","overlay-type":"","overlay-color":"","overlay-opacity":"","overlay-gradient":""},"tablet":{"background-color":"var(--ast-global-color-5)","background-image":"","background-repeat":"repeat","background-position":"center center","background-size":"auto","background-attachment":"scroll","background-type":"","background-media":"","overlay-type":"","overlay-color":"","overlay-opacity":"","overlay-gradient":""},"mobile":{"background-color":"var(--ast-global-color-5)","background-image":"","background-repeat":"repeat","background-position":"center center","background-size":"auto","background-attachment":"scroll","background-type":"","background-media":"","overlay-type":"","overlay-color":"","overlay-opacity":"","overlay-gradient":""}}},"product_brand":[],"product_cat":[22],"product_tag":[],"class_list":{"0":"post-435","1":"product","2":"type-product","3":"status-publish","4":"has-post-thumbnail","6":"product_cat-zarnos","7":"desktop-align-left","8":"tablet-align-left","9":"mobile-align-left","11":"first","12":"instock","13":"shipping-taxable","14":"purchasable","15":"product-type-simple"},"yoast_head":"<!-- This site is optimized with the Yoast SEO plugin v27.3 - https:\/\/yoast.com\/product\/yoast-seo-wordpress\/ -->\n<title>PVC, PE, EVA ir PUR \u017earna - ENVITEKA<\/title>\n<meta name=\"robots\" content=\"index, follow, max-snippet:-1, max-image-preview:large, max-video-preview:-1\" \/>\n<link rel=\"canonical\" href=\"https:\/\/enviteka.lt\/en\/product\/pvc-pe-eva-ir-pur-zarna\/\" \/>\n<meta property=\"og:locale\" content=\"en_US\" \/>\n<meta property=\"og:type\" content=\"article\" \/>\n<meta property=\"og:title\" content=\"PVC, PE, EVA ir PUR \u017earna - ENVITEKA\" \/>\n<meta property=\"og:description\" content=\"M\u016bs\u0173 si\u016blomos technin\u0117s \u017earnos yra skirtos pramonei ir yra efektyvios, ilgaam\u017e\u0117s ir saugios. Daugelis pramonini\u0173 \u017earn\u0173 tip\u0173 yra pagamintos i\u0161 [&hellip;]\" \/>\n<meta property=\"og:url\" content=\"https:\/\/enviteka.lt\/en\/product\/pvc-pe-eva-ir-pur-zarna\/\" \/>\n<meta property=\"og:site_name\" content=\"ENVITEKA\" \/>\n<meta property=\"og:image\" content=\"https:\/\/enviteka.lt\/wp-content\/uploads\/2024\/10\/Hose_2075x644.jpg.1140x500_q85_crop-smart.jpg\" \/>\n\t<meta property=\"og:image:width\" content=\"1140\" \/>\n\t<meta property=\"og:image:height\" content=\"300\" \/>\n\t<meta property=\"og:image:type\" content=\"image\/jpeg\" \/>\n<meta name=\"twitter:card\" content=\"summary_large_image\" \/>\n<script type=\"application\/ld+json\" class=\"yoast-schema-graph\">{\"@context\":\"https:\\\/\\\/schema.org\",\"@graph\":[{\"@type\":\"WebPage\",\"@id\":\"https:\\\/\\\/enviteka.lt\\\/produktas\\\/pvc-pe-eva-ir-pur-zarna\\\/\",\"url\":\"https:\\\/\\\/enviteka.lt\\\/produktas\\\/pvc-pe-eva-ir-pur-zarna\\\/\",\"name\":\"PVC, PE, EVA ir PUR \u017earna - ENVITEKA\",\"isPartOf\":{\"@id\":\"https:\\\/\\\/enviteka.lt\\\/#website\"},\"primaryImageOfPage\":{\"@id\":\"https:\\\/\\\/enviteka.lt\\\/produktas\\\/pvc-pe-eva-ir-pur-zarna\\\/#primaryimage\"},\"image\":{\"@id\":\"https:\\\/\\\/enviteka.lt\\\/produktas\\\/pvc-pe-eva-ir-pur-zarna\\\/#primaryimage\"},\"thumbnailUrl\":\"https:\\\/\\\/enviteka.lt\\\/wp-content\\\/uploads\\\/2024\\\/10\\\/Hose_2075x644.jpg.1140x500_q85_crop-smart.jpg\",\"datePublished\":\"2024-10-11T15:33:23+00:00\",\"breadcrumb\":{\"@id\":\"https:\\\/\\\/enviteka.lt\\\/produktas\\\/pvc-pe-eva-ir-pur-zarna\\\/#breadcrumb\"},\"inLanguage\":\"en-US\",\"potentialAction\":[{\"@type\":\"ReadAction\",\"target\":[\"https:\\\/\\\/enviteka.lt\\\/produktas\\\/pvc-pe-eva-ir-pur-zarna\\\/\"]}]},{\"@type\":\"ImageObject\",\"inLanguage\":\"en-US\",\"@id\":\"https:\\\/\\\/enviteka.lt\\\/produktas\\\/pvc-pe-eva-ir-pur-zarna\\\/#primaryimage\",\"url\":\"https:\\\/\\\/enviteka.lt\\\/wp-content\\\/uploads\\\/2024\\\/10\\\/Hose_2075x644.jpg.1140x500_q85_crop-smart.jpg\",\"contentUrl\":\"https:\\\/\\\/enviteka.lt\\\/wp-content\\\/uploads\\\/2024\\\/10\\\/Hose_2075x644.jpg.1140x500_q85_crop-smart.jpg\",\"width\":1140,\"height\":300},{\"@type\":\"BreadcrumbList\",\"@id\":\"https:\\\/\\\/enviteka.lt\\\/produktas\\\/pvc-pe-eva-ir-pur-zarna\\\/#breadcrumb\",\"itemListElement\":[{\"@type\":\"ListItem\",\"position\":1,\"name\":\"Home\",\"item\":\"https:\\\/\\\/enviteka.lt\\\/\"},{\"@type\":\"ListItem\",\"position\":2,\"name\":\"Produktai\",\"item\":\"https:\\\/\\\/enviteka.lt\\\/produktai\\\/\"},{\"@type\":\"ListItem\",\"position\":3,\"name\":\"PVC, PE, EVA ir PUR \u017earna\"}]},{\"@type\":\"WebSite\",\"@id\":\"https:\\\/\\\/enviteka.lt\\\/#website\",\"url\":\"https:\\\/\\\/enviteka.lt\\\/\",\"name\":\"ENVITEKA\",\"description\":\"pramonin\u0117s \u012frangos tiek\u0117jas\",\"publisher\":{\"@id\":\"https:\\\/\\\/enviteka.lt\\\/#organization\"},\"potentialAction\":[{\"@type\":\"SearchAction\",\"target\":{\"@type\":\"EntryPoint\",\"urlTemplate\":\"https:\\\/\\\/enviteka.lt\\\/?s={search_term_string}\"},\"query-input\":{\"@type\":\"PropertyValueSpecification\",\"valueRequired\":true,\"valueName\":\"search_term_string\"}}],\"inLanguage\":\"en-US\"},{\"@type\":\"Organization\",\"@id\":\"https:\\\/\\\/enviteka.lt\\\/#organization\",\"name\":\"ENVITEKA\",\"url\":\"https:\\\/\\\/enviteka.lt\\\/\",\"logo\":{\"@type\":\"ImageObject\",\"inLanguage\":\"en-US\",\"@id\":\"https:\\\/\\\/enviteka.lt\\\/#\\\/schema\\\/logo\\\/image\\\/\",\"url\":\"https:\\\/\\\/enviteka.lt\\\/wp-content\\\/uploads\\\/2024\\\/10\\\/enviteka-high-resolution-logo-transparent-e1742852093377.png\",\"contentUrl\":\"https:\\\/\\\/enviteka.lt\\\/wp-content\\\/uploads\\\/2024\\\/10\\\/enviteka-high-resolution-logo-transparent-e1742852093377.png\",\"width\":424,\"height\":150,\"caption\":\"ENVITEKA\"},\"image\":{\"@id\":\"https:\\\/\\\/enviteka.lt\\\/#\\\/schema\\\/logo\\\/image\\\/\"}}]}<\/script>\n<!-- \/ Yoast SEO plugin. -->","yoast_head_json":{"title":"PVC, PE, EVA ir PUR \u017earna - ENVITEKA","robots":{"index":"index","follow":"follow","max-snippet":"max-snippet:-1","max-image-preview":"max-image-preview:large","max-video-preview":"max-video-preview:-1"},"canonical":"https:\/\/enviteka.lt\/en\/product\/pvc-pe-eva-ir-pur-zarna\/","og_locale":"en_US","og_type":"article","og_title":"PVC, PE, EVA ir PUR \u017earna - ENVITEKA","og_description":"M\u016bs\u0173 si\u016blomos technin\u0117s \u017earnos yra skirtos pramonei ir yra efektyvios, ilgaam\u017e\u0117s ir saugios. Daugelis pramonini\u0173 \u017earn\u0173 tip\u0173 yra pagamintos i\u0161 [&hellip;]","og_url":"https:\/\/enviteka.lt\/en\/product\/pvc-pe-eva-ir-pur-zarna\/","og_site_name":"ENVITEKA","og_image":[{"width":1140,"height":300,"url":"https:\/\/enviteka.lt\/wp-content\/uploads\/2024\/10\/Hose_2075x644.jpg.1140x500_q85_crop-smart.jpg","type":"image\/jpeg"}],"twitter_card":"summary_large_image","schema":{"@context":"https:\/\/schema.org","@graph":[{"@type":"WebPage","@id":"https:\/\/enviteka.lt\/produktas\/pvc-pe-eva-ir-pur-zarna\/","url":"https:\/\/enviteka.lt\/produktas\/pvc-pe-eva-ir-pur-zarna\/","name":"PVC, PE, EVA ir PUR \u017earna - ENVITEKA","isPartOf":{"@id":"https:\/\/enviteka.lt\/#website"},"primaryImageOfPage":{"@id":"https:\/\/enviteka.lt\/produktas\/pvc-pe-eva-ir-pur-zarna\/#primaryimage"},"image":{"@id":"https:\/\/enviteka.lt\/produktas\/pvc-pe-eva-ir-pur-zarna\/#primaryimage"},"thumbnailUrl":"https:\/\/enviteka.lt\/wp-content\/uploads\/2024\/10\/Hose_2075x644.jpg.1140x500_q85_crop-smart.jpg","datePublished":"2024-10-11T15:33:23+00:00","breadcrumb":{"@id":"https:\/\/enviteka.lt\/produktas\/pvc-pe-eva-ir-pur-zarna\/#breadcrumb"},"inLanguage":"en-US","potentialAction":[{"@type":"ReadAction","target":["https:\/\/enviteka.lt\/produktas\/pvc-pe-eva-ir-pur-zarna\/"]}]},{"@type":"ImageObject","inLanguage":"en-US","@id":"https:\/\/enviteka.lt\/produktas\/pvc-pe-eva-ir-pur-zarna\/#primaryimage","url":"https:\/\/enviteka.lt\/wp-content\/uploads\/2024\/10\/Hose_2075x644.jpg.1140x500_q85_crop-smart.jpg","contentUrl":"https:\/\/enviteka.lt\/wp-content\/uploads\/2024\/10\/Hose_2075x644.jpg.1140x500_q85_crop-smart.jpg","width":1140,"height":300},{"@type":"BreadcrumbList","@id":"https:\/\/enviteka.lt\/produktas\/pvc-pe-eva-ir-pur-zarna\/#breadcrumb","itemListElement":[{"@type":"ListItem","position":1,"name":"Home","item":"https:\/\/enviteka.lt\/"},{"@type":"ListItem","position":2,"name":"Produktai","item":"https:\/\/enviteka.lt\/produktai\/"},{"@type":"ListItem","position":3,"name":"PVC, PE, EVA ir PUR \u017earna"}]},{"@type":"WebSite","@id":"https:\/\/enviteka.lt\/#website","url":"https:\/\/enviteka.lt\/","name":"ENVITEKA","description":"pramonin\u0117s \u012frangos tiek\u0117jas","publisher":{"@id":"https:\/\/enviteka.lt\/#organization"},"potentialAction":[{"@type":"SearchAction","target":{"@type":"EntryPoint","urlTemplate":"https:\/\/enviteka.lt\/?s={search_term_string}"},"query-input":{"@type":"PropertyValueSpecification","valueRequired":true,"valueName":"search_term_string"}}],"inLanguage":"en-US"},{"@type":"Organization","@id":"https:\/\/enviteka.lt\/#organization","name":"ENVITEKA","url":"https:\/\/enviteka.lt\/","logo":{"@type":"ImageObject","inLanguage":"en-US","@id":"https:\/\/enviteka.lt\/#\/schema\/logo\/image\/","url":"https:\/\/enviteka.lt\/wp-content\/uploads\/2024\/10\/enviteka-high-resolution-logo-transparent-e1742852093377.png","contentUrl":"https:\/\/enviteka.lt\/wp-content\/uploads\/2024\/10\/enviteka-high-resolution-logo-transparent-e1742852093377.png","width":424,"height":150,"caption":"ENVITEKA"},"image":{"@id":"https:\/\/enviteka.lt\/#\/schema\/logo\/image\/"}}]}},"_links":{"self":[{"href":"https:\/\/enviteka.lt\/en\/wp-json\/wp\/v2\/product\/435","targetHints":{"allow":["GET"]}}],"collection":[{"href":"https:\/\/enviteka.lt\/en\/wp-json\/wp\/v2\/product"}],"about":[{"href":"https:\/\/enviteka.lt\/en\/wp-json\/wp\/v2\/types\/product"}],"wp:featuredmedia":[{"embeddable":true,"href":"https:\/\/enviteka.lt\/en\/wp-json\/wp\/v2\/media\/436"}],"wp:attachment":[{"href":"https:\/\/enviteka.lt\/en\/wp-json\/wp\/v2\/media?parent=435"}],"wp:term":[{"taxonomy":"product_brand","embeddable":true,"href":"https:\/\/enviteka.lt\/en\/wp-json\/wp\/v2\/product_brand?post=435"},{"taxonomy":"product_cat","embeddable":true,"href":"https:\/\/enviteka.lt\/en\/wp-json\/wp\/v2\/product_cat?post=435"},{"taxonomy":"product_tag","embeddable":true,"href":"https:\/\/enviteka.lt\/en\/wp-json\/wp\/v2\/product_tag?post=435"}],"curies":[{"name":"wp","href":"https:\/\/api.w.org\/{rel}","templated":true}]}}