{"id":392,"date":"2024-10-11T14:46:13","date_gmt":"2024-10-11T14:46:13","guid":{"rendered":"https:\/\/enviteka.lt\/?post_type=product&#038;p=392"},"modified":"2024-10-11T14:46:14","modified_gmt":"2024-10-11T14:46:14","slug":"kompozicine-zarna-chemijai","status":"publish","type":"product","link":"https:\/\/enviteka.lt\/en\/product\/kompozicine-zarna-chemijai\/","title":{"rendered":"Kompozicin\u0117 \u017earna chemijai"},"content":{"rendered":"<p>Paskirtis: Kompozicin\u0117s \u017earnos Compotec\u00aeChem yra tinkamos \u012fvairios paskirties chemijos produkt\u0173 siurbimui, transportavimui. Naudojamos \u012fvairiose pramon\u0117s srityse, taip pat uostuose atliekant krovos darbus. Kompozicin\u0117s \u017earnos yra ypatingai lanks\u010dios, lengvos, antistatin\u0117s, atsparios aromatiniams angliavandeniliams.<br \/>\nVidinis sluoksnis: Poliesteris ir polipropilenas, ypatingai pasi\u017eymintis geromis stiprumo savyb\u0117mis.<br \/>\nSutvirtinimas: Didelio tankio polietilenas, vidin\u0117 ir i\u0161orin\u0117s spiral\u0117s:<br \/>\nPZ: vid. \u2013 plienas, dengtas polipropilenu, i\u0161or. \u2013 galv. plienas;<br \/>\nPX: vid. \u2013 plienas, dengtas polipropilenu, i\u0161or. \u2013 ner\u016bd. plienas;<br \/>\nXZ: vid.\u2013 ner\u016bd. plienas, i\u0161or. \u2013 galv. plienas;<br \/>\nXX: vid. ir i\u0161or. \u2013 ner\u016bd. plienas.<br \/>\nI\u0161orinis sluoksnis: Poliesteris, dengtas PVC; atsparus abrazyvui, UV, ozono, oro s\u0105lyg\u0173 poveikiui.<br \/>\nStandartas: EN 13765:2015 TYPE 3; EN 13765:2015 TYPE 2; EN 13765:2015 TYPE 1; EN ISO 1402.<br \/>\nSaugumo faktorius: 5 : 1<\/p>","protected":false},"excerpt":{"rendered":"<p>Paskirtis: Kompozicin\u0117s \u017earnos Compotec\u00aeChem yra tinkamos \u012fvairios paskirties chemijos produkt\u0173 siurbimui, transportavimui. Naudojamos \u012fvairiose pramon\u0117s srityse, taip pat uostuose atliekant [&hellip;]<\/p>","protected":false},"featured_media":393,"template":"","meta":{"site-sidebar-layout":"default","site-content-layout":"","ast-site-content-layout":"default","site-content-style":"default","site-sidebar-style":"default","ast-global-header-display":"","ast-banner-title-visibility":"","ast-main-header-display":"","ast-hfb-above-header-display":"","ast-hfb-below-header-display":"","ast-hfb-mobile-header-display":"","site-post-title":"","ast-breadcrumbs-content":"","ast-featured-img":"","footer-sml-layout":"","ast-disable-related-posts":"","theme-transparent-header-meta":"default","adv-header-id-meta":"","stick-header-meta":"","header-above-stick-meta":"","header-main-stick-meta":"","header-below-stick-meta":"","astra-migrate-meta-layouts":"set","ast-page-background-enabled":"default","ast-page-background-meta":{"desktop":{"background-color":"var(--ast-global-color-4)","background-image":"","background-repeat":"repeat","background-position":"center center","background-size":"auto","background-attachment":"scroll","background-type":"","background-media":"","overlay-type":"","overlay-color":"","overlay-opacity":"","overlay-gradient":""},"tablet":{"background-color":"","background-image":"","background-repeat":"repeat","background-position":"center center","background-size":"auto","background-attachment":"scroll","background-type":"","background-media":"","overlay-type":"","overlay-color":"","overlay-opacity":"","overlay-gradient":""},"mobile":{"background-color":"","background-image":"","background-repeat":"repeat","background-position":"center center","background-size":"auto","background-attachment":"scroll","background-type":"","background-media":"","overlay-type":"","overlay-color":"","overlay-opacity":"","overlay-gradient":""}},"ast-content-background-meta":{"desktop":{"background-color":"var(--ast-global-color-5)","background-image":"","background-repeat":"repeat","background-position":"center center","background-size":"auto","background-attachment":"scroll","background-type":"","background-media":"","overlay-type":"","overlay-color":"","overlay-opacity":"","overlay-gradient":""},"tablet":{"background-color":"var(--ast-global-color-5)","background-image":"","background-repeat":"repeat","background-position":"center center","background-size":"auto","background-attachment":"scroll","background-type":"","background-media":"","overlay-type":"","overlay-color":"","overlay-opacity":"","overlay-gradient":""},"mobile":{"background-color":"var(--ast-global-color-5)","background-image":"","background-repeat":"repeat","background-position":"center center","background-size":"auto","background-attachment":"scroll","background-type":"","background-media":"","overlay-type":"","overlay-color":"","overlay-opacity":"","overlay-gradient":""}}},"product_brand":[],"product_cat":[25],"product_tag":[],"class_list":{"0":"post-392","1":"product","2":"type-product","3":"status-publish","4":"has-post-thumbnail","6":"product_cat-kompozicines-zarnos","7":"desktop-align-left","8":"tablet-align-left","9":"mobile-align-left","11":"first","12":"instock","13":"shipping-taxable","14":"purchasable","15":"product-type-simple"},"yoast_head":"<!-- This site is optimized with the Yoast SEO plugin v27.3 - https:\/\/yoast.com\/product\/yoast-seo-wordpress\/ -->\n<title>Kompozicin\u0117 \u017earna chemijai - ENVITEKA<\/title>\n<meta name=\"robots\" content=\"index, follow, max-snippet:-1, max-image-preview:large, max-video-preview:-1\" \/>\n<link rel=\"canonical\" href=\"https:\/\/enviteka.lt\/en\/product\/kompozicine-zarna-chemijai\/\" \/>\n<meta property=\"og:locale\" content=\"en_US\" \/>\n<meta property=\"og:type\" content=\"article\" \/>\n<meta property=\"og:title\" content=\"Kompozicin\u0117 \u017earna chemijai - ENVITEKA\" \/>\n<meta property=\"og:description\" content=\"Paskirtis: Kompozicin\u0117s \u017earnos Compotec\u00aeChem yra tinkamos \u012fvairios paskirties chemijos produkt\u0173 siurbimui, transportavimui. Naudojamos \u012fvairiose pramon\u0117s srityse, taip pat uostuose atliekant [&hellip;]\" \/>\n<meta property=\"og:url\" content=\"https:\/\/enviteka.lt\/en\/product\/kompozicine-zarna-chemijai\/\" \/>\n<meta property=\"og:site_name\" content=\"ENVITEKA\" \/>\n<meta property=\"article:modified_time\" content=\"2024-10-11T14:46:14+00:00\" \/>\n<meta property=\"og:image\" content=\"https:\/\/enviteka.lt\/wp-content\/uploads\/2024\/10\/kompozicine_zarna_chemijai_composite_hose_chemical.jpg\" \/>\n\t<meta property=\"og:image:width\" content=\"540\" \/>\n\t<meta property=\"og:image:height\" content=\"420\" \/>\n\t<meta property=\"og:image:type\" content=\"image\/jpeg\" \/>\n<meta name=\"twitter:card\" content=\"summary_large_image\" \/>\n<script type=\"application\/ld+json\" class=\"yoast-schema-graph\">{\"@context\":\"https:\\\/\\\/schema.org\",\"@graph\":[{\"@type\":\"WebPage\",\"@id\":\"https:\\\/\\\/enviteka.lt\\\/produktas\\\/kompozicine-zarna-chemijai\\\/\",\"url\":\"https:\\\/\\\/enviteka.lt\\\/produktas\\\/kompozicine-zarna-chemijai\\\/\",\"name\":\"Kompozicin\u0117 \u017earna chemijai - ENVITEKA\",\"isPartOf\":{\"@id\":\"https:\\\/\\\/enviteka.lt\\\/#website\"},\"primaryImageOfPage\":{\"@id\":\"https:\\\/\\\/enviteka.lt\\\/produktas\\\/kompozicine-zarna-chemijai\\\/#primaryimage\"},\"image\":{\"@id\":\"https:\\\/\\\/enviteka.lt\\\/produktas\\\/kompozicine-zarna-chemijai\\\/#primaryimage\"},\"thumbnailUrl\":\"https:\\\/\\\/enviteka.lt\\\/wp-content\\\/uploads\\\/2024\\\/10\\\/kompozicine_zarna_chemijai_composite_hose_chemical.jpg\",\"datePublished\":\"2024-10-11T14:46:13+00:00\",\"dateModified\":\"2024-10-11T14:46:14+00:00\",\"breadcrumb\":{\"@id\":\"https:\\\/\\\/enviteka.lt\\\/produktas\\\/kompozicine-zarna-chemijai\\\/#breadcrumb\"},\"inLanguage\":\"en-US\",\"potentialAction\":[{\"@type\":\"ReadAction\",\"target\":[\"https:\\\/\\\/enviteka.lt\\\/produktas\\\/kompozicine-zarna-chemijai\\\/\"]}]},{\"@type\":\"ImageObject\",\"inLanguage\":\"en-US\",\"@id\":\"https:\\\/\\\/enviteka.lt\\\/produktas\\\/kompozicine-zarna-chemijai\\\/#primaryimage\",\"url\":\"https:\\\/\\\/enviteka.lt\\\/wp-content\\\/uploads\\\/2024\\\/10\\\/kompozicine_zarna_chemijai_composite_hose_chemical.jpg\",\"contentUrl\":\"https:\\\/\\\/enviteka.lt\\\/wp-content\\\/uploads\\\/2024\\\/10\\\/kompozicine_zarna_chemijai_composite_hose_chemical.jpg\",\"width\":540,\"height\":420},{\"@type\":\"BreadcrumbList\",\"@id\":\"https:\\\/\\\/enviteka.lt\\\/produktas\\\/kompozicine-zarna-chemijai\\\/#breadcrumb\",\"itemListElement\":[{\"@type\":\"ListItem\",\"position\":1,\"name\":\"Home\",\"item\":\"https:\\\/\\\/enviteka.lt\\\/\"},{\"@type\":\"ListItem\",\"position\":2,\"name\":\"Produktai\",\"item\":\"https:\\\/\\\/enviteka.lt\\\/produktai\\\/\"},{\"@type\":\"ListItem\",\"position\":3,\"name\":\"Kompozicin\u0117 \u017earna chemijai\"}]},{\"@type\":\"WebSite\",\"@id\":\"https:\\\/\\\/enviteka.lt\\\/#website\",\"url\":\"https:\\\/\\\/enviteka.lt\\\/\",\"name\":\"ENVITEKA\",\"description\":\"pramonin\u0117s \u012frangos tiek\u0117jas\",\"publisher\":{\"@id\":\"https:\\\/\\\/enviteka.lt\\\/#organization\"},\"potentialAction\":[{\"@type\":\"SearchAction\",\"target\":{\"@type\":\"EntryPoint\",\"urlTemplate\":\"https:\\\/\\\/enviteka.lt\\\/?s={search_term_string}\"},\"query-input\":{\"@type\":\"PropertyValueSpecification\",\"valueRequired\":true,\"valueName\":\"search_term_string\"}}],\"inLanguage\":\"en-US\"},{\"@type\":\"Organization\",\"@id\":\"https:\\\/\\\/enviteka.lt\\\/#organization\",\"name\":\"ENVITEKA\",\"url\":\"https:\\\/\\\/enviteka.lt\\\/\",\"logo\":{\"@type\":\"ImageObject\",\"inLanguage\":\"en-US\",\"@id\":\"https:\\\/\\\/enviteka.lt\\\/#\\\/schema\\\/logo\\\/image\\\/\",\"url\":\"https:\\\/\\\/enviteka.lt\\\/wp-content\\\/uploads\\\/2024\\\/10\\\/enviteka-high-resolution-logo-transparent-e1742852093377.png\",\"contentUrl\":\"https:\\\/\\\/enviteka.lt\\\/wp-content\\\/uploads\\\/2024\\\/10\\\/enviteka-high-resolution-logo-transparent-e1742852093377.png\",\"width\":424,\"height\":150,\"caption\":\"ENVITEKA\"},\"image\":{\"@id\":\"https:\\\/\\\/enviteka.lt\\\/#\\\/schema\\\/logo\\\/image\\\/\"}}]}<\/script>\n<!-- \/ Yoast SEO plugin. -->","yoast_head_json":{"title":"Kompozicin\u0117 \u017earna chemijai - ENVITEKA","robots":{"index":"index","follow":"follow","max-snippet":"max-snippet:-1","max-image-preview":"max-image-preview:large","max-video-preview":"max-video-preview:-1"},"canonical":"https:\/\/enviteka.lt\/en\/product\/kompozicine-zarna-chemijai\/","og_locale":"en_US","og_type":"article","og_title":"Kompozicin\u0117 \u017earna chemijai - ENVITEKA","og_description":"Paskirtis: Kompozicin\u0117s \u017earnos Compotec\u00aeChem yra tinkamos \u012fvairios paskirties chemijos produkt\u0173 siurbimui, transportavimui. Naudojamos \u012fvairiose pramon\u0117s srityse, taip pat uostuose atliekant [&hellip;]","og_url":"https:\/\/enviteka.lt\/en\/product\/kompozicine-zarna-chemijai\/","og_site_name":"ENVITEKA","article_modified_time":"2024-10-11T14:46:14+00:00","og_image":[{"width":540,"height":420,"url":"https:\/\/enviteka.lt\/wp-content\/uploads\/2024\/10\/kompozicine_zarna_chemijai_composite_hose_chemical.jpg","type":"image\/jpeg"}],"twitter_card":"summary_large_image","schema":{"@context":"https:\/\/schema.org","@graph":[{"@type":"WebPage","@id":"https:\/\/enviteka.lt\/produktas\/kompozicine-zarna-chemijai\/","url":"https:\/\/enviteka.lt\/produktas\/kompozicine-zarna-chemijai\/","name":"Kompozicin\u0117 \u017earna chemijai - ENVITEKA","isPartOf":{"@id":"https:\/\/enviteka.lt\/#website"},"primaryImageOfPage":{"@id":"https:\/\/enviteka.lt\/produktas\/kompozicine-zarna-chemijai\/#primaryimage"},"image":{"@id":"https:\/\/enviteka.lt\/produktas\/kompozicine-zarna-chemijai\/#primaryimage"},"thumbnailUrl":"https:\/\/enviteka.lt\/wp-content\/uploads\/2024\/10\/kompozicine_zarna_chemijai_composite_hose_chemical.jpg","datePublished":"2024-10-11T14:46:13+00:00","dateModified":"2024-10-11T14:46:14+00:00","breadcrumb":{"@id":"https:\/\/enviteka.lt\/produktas\/kompozicine-zarna-chemijai\/#breadcrumb"},"inLanguage":"en-US","potentialAction":[{"@type":"ReadAction","target":["https:\/\/enviteka.lt\/produktas\/kompozicine-zarna-chemijai\/"]}]},{"@type":"ImageObject","inLanguage":"en-US","@id":"https:\/\/enviteka.lt\/produktas\/kompozicine-zarna-chemijai\/#primaryimage","url":"https:\/\/enviteka.lt\/wp-content\/uploads\/2024\/10\/kompozicine_zarna_chemijai_composite_hose_chemical.jpg","contentUrl":"https:\/\/enviteka.lt\/wp-content\/uploads\/2024\/10\/kompozicine_zarna_chemijai_composite_hose_chemical.jpg","width":540,"height":420},{"@type":"BreadcrumbList","@id":"https:\/\/enviteka.lt\/produktas\/kompozicine-zarna-chemijai\/#breadcrumb","itemListElement":[{"@type":"ListItem","position":1,"name":"Home","item":"https:\/\/enviteka.lt\/"},{"@type":"ListItem","position":2,"name":"Produktai","item":"https:\/\/enviteka.lt\/produktai\/"},{"@type":"ListItem","position":3,"name":"Kompozicin\u0117 \u017earna chemijai"}]},{"@type":"WebSite","@id":"https:\/\/enviteka.lt\/#website","url":"https:\/\/enviteka.lt\/","name":"ENVITEKA","description":"pramonin\u0117s \u012frangos tiek\u0117jas","publisher":{"@id":"https:\/\/enviteka.lt\/#organization"},"potentialAction":[{"@type":"SearchAction","target":{"@type":"EntryPoint","urlTemplate":"https:\/\/enviteka.lt\/?s={search_term_string}"},"query-input":{"@type":"PropertyValueSpecification","valueRequired":true,"valueName":"search_term_string"}}],"inLanguage":"en-US"},{"@type":"Organization","@id":"https:\/\/enviteka.lt\/#organization","name":"ENVITEKA","url":"https:\/\/enviteka.lt\/","logo":{"@type":"ImageObject","inLanguage":"en-US","@id":"https:\/\/enviteka.lt\/#\/schema\/logo\/image\/","url":"https:\/\/enviteka.lt\/wp-content\/uploads\/2024\/10\/enviteka-high-resolution-logo-transparent-e1742852093377.png","contentUrl":"https:\/\/enviteka.lt\/wp-content\/uploads\/2024\/10\/enviteka-high-resolution-logo-transparent-e1742852093377.png","width":424,"height":150,"caption":"ENVITEKA"},"image":{"@id":"https:\/\/enviteka.lt\/#\/schema\/logo\/image\/"}}]}},"_links":{"self":[{"href":"https:\/\/enviteka.lt\/en\/wp-json\/wp\/v2\/product\/392","targetHints":{"allow":["GET"]}}],"collection":[{"href":"https:\/\/enviteka.lt\/en\/wp-json\/wp\/v2\/product"}],"about":[{"href":"https:\/\/enviteka.lt\/en\/wp-json\/wp\/v2\/types\/product"}],"wp:featuredmedia":[{"embeddable":true,"href":"https:\/\/enviteka.lt\/en\/wp-json\/wp\/v2\/media\/393"}],"wp:attachment":[{"href":"https:\/\/enviteka.lt\/en\/wp-json\/wp\/v2\/media?parent=392"}],"wp:term":[{"taxonomy":"product_brand","embeddable":true,"href":"https:\/\/enviteka.lt\/en\/wp-json\/wp\/v2\/product_brand?post=392"},{"taxonomy":"product_cat","embeddable":true,"href":"https:\/\/enviteka.lt\/en\/wp-json\/wp\/v2\/product_cat?post=392"},{"taxonomy":"product_tag","embeddable":true,"href":"https:\/\/enviteka.lt\/en\/wp-json\/wp\/v2\/product_tag?post=392"}],"curies":[{"name":"wp","href":"https:\/\/api.w.org\/{rel}","templated":true}]}}