{"id":382,"date":"2024-10-11T14:43:41","date_gmt":"2024-10-11T14:43:41","guid":{"rendered":"https:\/\/enviteka.lt\/?post_type=product&#038;p=382"},"modified":"2024-10-11T14:43:41","modified_gmt":"2024-10-11T14:43:41","slug":"kompozicine-zarna-kriogeniniams-skysciams","status":"publish","type":"product","link":"https:\/\/enviteka.lt\/en\/product\/kompozicine-zarna-kriogeniniams-skysciams\/","title":{"rendered":"Kompozicin\u0117 \u017earna kriogeniniams skys\u010diams"},"content":{"rendered":"<p>Paskirtis: Kompozicin\u0117s \u017earnos Compotec\u00aeCryotec yra naudojamos su kriogeniniais produktais iki -200\u00b0C temperat\u016bros ir esant sl\u0117giui iki 25 bar.<br \/>\n\u017darna Cryotec 660 LG yra tinkama transportuoti u\u017e\u0161aldytus produktus, kaip LPG (suskystintos naftos dujos), propan\u0105 \u2013 butan\u0105 iki -105\u00b0C, etan\u0105 ir etilen\u0105 skystuose pavidaluose.<br \/>\n\u017darna Cryotec 661 N yra tinkama transportuoti u\u017e\u0161aldytas suskystintas gamtines dujas LNG, skyst\u0105 metan\u0105, skyst\u0105 azot\u0105 iki \u2013 200\u00b0C.<br \/>\nVidinis sluoksnis: Poliamidas, poliesteris, ir polipropilenas, pasi\u017eymintis geromis stiprumo savyb\u0117mis.<br \/>\nSutvirtinimas: Vidin\u0117 ir i\u0161orin\u0117s spiral\u0117s:<br \/>\nZZ: vid. ir i\u0161or. \u2013 galv. plienas;<br \/>\nZX: vid. \u2013 galv. plienas, i\u0161or. \u2013 ner\u016bd. plienas;<br \/>\nXX: vid. ir i\u0161or. \u2013 ner\u016bd. plienas.<br \/>\nI\u0161orinis sluoksnis: Poliesteris, dengtas PVC; atsparus abrazyvui, ozono ir oro s\u0105lyg\u0173 poveikiui.<br \/>\nStandartas: EN 13766:2015; EN ISO 1746; EN ISO 8031:2009 \u2013 4.7; EN ISO 1402; EN 13766:2010.<\/p>","protected":false},"excerpt":{"rendered":"<p>Paskirtis: Kompozicin\u0117s \u017earnos Compotec\u00aeCryotec yra naudojamos su kriogeniniais produktais iki -200\u00b0C temperat\u016bros ir esant sl\u0117giui iki 25 bar. \u017darna Cryotec [&hellip;]<\/p>","protected":false},"featured_media":383,"template":"","meta":{"site-sidebar-layout":"default","site-content-layout":"","ast-site-content-layout":"default","site-content-style":"default","site-sidebar-style":"default","ast-global-header-display":"","ast-banner-title-visibility":"","ast-main-header-display":"","ast-hfb-above-header-display":"","ast-hfb-below-header-display":"","ast-hfb-mobile-header-display":"","site-post-title":"","ast-breadcrumbs-content":"","ast-featured-img":"","footer-sml-layout":"","ast-disable-related-posts":"","theme-transparent-header-meta":"default","adv-header-id-meta":"","stick-header-meta":"","header-above-stick-meta":"","header-main-stick-meta":"","header-below-stick-meta":"","astra-migrate-meta-layouts":"set","ast-page-background-enabled":"default","ast-page-background-meta":{"desktop":{"background-color":"var(--ast-global-color-4)","background-image":"","background-repeat":"repeat","background-position":"center center","background-size":"auto","background-attachment":"scroll","background-type":"","background-media":"","overlay-type":"","overlay-color":"","overlay-opacity":"","overlay-gradient":""},"tablet":{"background-color":"","background-image":"","background-repeat":"repeat","background-position":"center center","background-size":"auto","background-attachment":"scroll","background-type":"","background-media":"","overlay-type":"","overlay-color":"","overlay-opacity":"","overlay-gradient":""},"mobile":{"background-color":"","background-image":"","background-repeat":"repeat","background-position":"center center","background-size":"auto","background-attachment":"scroll","background-type":"","background-media":"","overlay-type":"","overlay-color":"","overlay-opacity":"","overlay-gradient":""}},"ast-content-background-meta":{"desktop":{"background-color":"var(--ast-global-color-5)","background-image":"","background-repeat":"repeat","background-position":"center center","background-size":"auto","background-attachment":"scroll","background-type":"","background-media":"","overlay-type":"","overlay-color":"","overlay-opacity":"","overlay-gradient":""},"tablet":{"background-color":"var(--ast-global-color-5)","background-image":"","background-repeat":"repeat","background-position":"center center","background-size":"auto","background-attachment":"scroll","background-type":"","background-media":"","overlay-type":"","overlay-color":"","overlay-opacity":"","overlay-gradient":""},"mobile":{"background-color":"var(--ast-global-color-5)","background-image":"","background-repeat":"repeat","background-position":"center center","background-size":"auto","background-attachment":"scroll","background-type":"","background-media":"","overlay-type":"","overlay-color":"","overlay-opacity":"","overlay-gradient":""}}},"product_brand":[],"product_cat":[25],"product_tag":[],"class_list":{"0":"post-382","1":"product","2":"type-product","3":"status-publish","4":"has-post-thumbnail","6":"product_cat-kompozicines-zarnos","7":"desktop-align-left","8":"tablet-align-left","9":"mobile-align-left","11":"first","12":"instock","13":"shipping-taxable","14":"purchasable","15":"product-type-simple"},"yoast_head":"<!-- This site is optimized with the Yoast SEO plugin v27.3 - https:\/\/yoast.com\/product\/yoast-seo-wordpress\/ -->\n<title>Kompozicin\u0117 \u017earna kriogeniniams skys\u010diams - ENVITEKA<\/title>\n<meta name=\"robots\" content=\"index, follow, max-snippet:-1, max-image-preview:large, max-video-preview:-1\" \/>\n<link rel=\"canonical\" href=\"https:\/\/enviteka.lt\/en\/product\/kompozicine-zarna-kriogeniniams-skysciams\/\" \/>\n<meta property=\"og:locale\" content=\"en_US\" \/>\n<meta property=\"og:type\" content=\"article\" \/>\n<meta property=\"og:title\" content=\"Kompozicin\u0117 \u017earna kriogeniniams skys\u010diams - ENVITEKA\" \/>\n<meta property=\"og:description\" content=\"Paskirtis: Kompozicin\u0117s \u017earnos Compotec\u00aeCryotec yra naudojamos su kriogeniniais produktais iki -200\u00b0C temperat\u016bros ir esant sl\u0117giui iki 25 bar. \u017darna Cryotec [&hellip;]\" \/>\n<meta property=\"og:url\" content=\"https:\/\/enviteka.lt\/en\/product\/kompozicine-zarna-kriogeniniams-skysciams\/\" \/>\n<meta property=\"og:site_name\" content=\"ENVITEKA\" \/>\n<meta property=\"og:image\" content=\"https:\/\/enviteka.lt\/wp-content\/uploads\/2024\/10\/kompozicine_zarna_kriogeniniams_skysciams_compozite_hose_cryogenic_products.jpg\" \/>\n\t<meta property=\"og:image:width\" content=\"540\" \/>\n\t<meta property=\"og:image:height\" content=\"420\" \/>\n\t<meta property=\"og:image:type\" content=\"image\/jpeg\" \/>\n<meta name=\"twitter:card\" content=\"summary_large_image\" \/>\n<script type=\"application\/ld+json\" class=\"yoast-schema-graph\">{\"@context\":\"https:\\\/\\\/schema.org\",\"@graph\":[{\"@type\":\"WebPage\",\"@id\":\"https:\\\/\\\/enviteka.lt\\\/produktas\\\/kompozicine-zarna-kriogeniniams-skysciams\\\/\",\"url\":\"https:\\\/\\\/enviteka.lt\\\/produktas\\\/kompozicine-zarna-kriogeniniams-skysciams\\\/\",\"name\":\"Kompozicin\u0117 \u017earna kriogeniniams skys\u010diams - ENVITEKA\",\"isPartOf\":{\"@id\":\"https:\\\/\\\/enviteka.lt\\\/#website\"},\"primaryImageOfPage\":{\"@id\":\"https:\\\/\\\/enviteka.lt\\\/produktas\\\/kompozicine-zarna-kriogeniniams-skysciams\\\/#primaryimage\"},\"image\":{\"@id\":\"https:\\\/\\\/enviteka.lt\\\/produktas\\\/kompozicine-zarna-kriogeniniams-skysciams\\\/#primaryimage\"},\"thumbnailUrl\":\"https:\\\/\\\/enviteka.lt\\\/wp-content\\\/uploads\\\/2024\\\/10\\\/kompozicine_zarna_kriogeniniams_skysciams_compozite_hose_cryogenic_products.jpg\",\"datePublished\":\"2024-10-11T14:43:41+00:00\",\"breadcrumb\":{\"@id\":\"https:\\\/\\\/enviteka.lt\\\/produktas\\\/kompozicine-zarna-kriogeniniams-skysciams\\\/#breadcrumb\"},\"inLanguage\":\"en-US\",\"potentialAction\":[{\"@type\":\"ReadAction\",\"target\":[\"https:\\\/\\\/enviteka.lt\\\/produktas\\\/kompozicine-zarna-kriogeniniams-skysciams\\\/\"]}]},{\"@type\":\"ImageObject\",\"inLanguage\":\"en-US\",\"@id\":\"https:\\\/\\\/enviteka.lt\\\/produktas\\\/kompozicine-zarna-kriogeniniams-skysciams\\\/#primaryimage\",\"url\":\"https:\\\/\\\/enviteka.lt\\\/wp-content\\\/uploads\\\/2024\\\/10\\\/kompozicine_zarna_kriogeniniams_skysciams_compozite_hose_cryogenic_products.jpg\",\"contentUrl\":\"https:\\\/\\\/enviteka.lt\\\/wp-content\\\/uploads\\\/2024\\\/10\\\/kompozicine_zarna_kriogeniniams_skysciams_compozite_hose_cryogenic_products.jpg\",\"width\":540,\"height\":420},{\"@type\":\"BreadcrumbList\",\"@id\":\"https:\\\/\\\/enviteka.lt\\\/produktas\\\/kompozicine-zarna-kriogeniniams-skysciams\\\/#breadcrumb\",\"itemListElement\":[{\"@type\":\"ListItem\",\"position\":1,\"name\":\"Home\",\"item\":\"https:\\\/\\\/enviteka.lt\\\/\"},{\"@type\":\"ListItem\",\"position\":2,\"name\":\"Produktai\",\"item\":\"https:\\\/\\\/enviteka.lt\\\/produktai\\\/\"},{\"@type\":\"ListItem\",\"position\":3,\"name\":\"Kompozicin\u0117 \u017earna kriogeniniams skys\u010diams\"}]},{\"@type\":\"WebSite\",\"@id\":\"https:\\\/\\\/enviteka.lt\\\/#website\",\"url\":\"https:\\\/\\\/enviteka.lt\\\/\",\"name\":\"ENVITEKA\",\"description\":\"pramonin\u0117s \u012frangos tiek\u0117jas\",\"publisher\":{\"@id\":\"https:\\\/\\\/enviteka.lt\\\/#organization\"},\"potentialAction\":[{\"@type\":\"SearchAction\",\"target\":{\"@type\":\"EntryPoint\",\"urlTemplate\":\"https:\\\/\\\/enviteka.lt\\\/?s={search_term_string}\"},\"query-input\":{\"@type\":\"PropertyValueSpecification\",\"valueRequired\":true,\"valueName\":\"search_term_string\"}}],\"inLanguage\":\"en-US\"},{\"@type\":\"Organization\",\"@id\":\"https:\\\/\\\/enviteka.lt\\\/#organization\",\"name\":\"ENVITEKA\",\"url\":\"https:\\\/\\\/enviteka.lt\\\/\",\"logo\":{\"@type\":\"ImageObject\",\"inLanguage\":\"en-US\",\"@id\":\"https:\\\/\\\/enviteka.lt\\\/#\\\/schema\\\/logo\\\/image\\\/\",\"url\":\"https:\\\/\\\/enviteka.lt\\\/wp-content\\\/uploads\\\/2024\\\/10\\\/enviteka-high-resolution-logo-transparent-e1742852093377.png\",\"contentUrl\":\"https:\\\/\\\/enviteka.lt\\\/wp-content\\\/uploads\\\/2024\\\/10\\\/enviteka-high-resolution-logo-transparent-e1742852093377.png\",\"width\":424,\"height\":150,\"caption\":\"ENVITEKA\"},\"image\":{\"@id\":\"https:\\\/\\\/enviteka.lt\\\/#\\\/schema\\\/logo\\\/image\\\/\"}}]}<\/script>\n<!-- \/ Yoast SEO plugin. -->","yoast_head_json":{"title":"Kompozicin\u0117 \u017earna kriogeniniams skys\u010diams - ENVITEKA","robots":{"index":"index","follow":"follow","max-snippet":"max-snippet:-1","max-image-preview":"max-image-preview:large","max-video-preview":"max-video-preview:-1"},"canonical":"https:\/\/enviteka.lt\/en\/product\/kompozicine-zarna-kriogeniniams-skysciams\/","og_locale":"en_US","og_type":"article","og_title":"Kompozicin\u0117 \u017earna kriogeniniams skys\u010diams - ENVITEKA","og_description":"Paskirtis: Kompozicin\u0117s \u017earnos Compotec\u00aeCryotec yra naudojamos su kriogeniniais produktais iki -200\u00b0C temperat\u016bros ir esant sl\u0117giui iki 25 bar. \u017darna Cryotec [&hellip;]","og_url":"https:\/\/enviteka.lt\/en\/product\/kompozicine-zarna-kriogeniniams-skysciams\/","og_site_name":"ENVITEKA","og_image":[{"width":540,"height":420,"url":"https:\/\/enviteka.lt\/wp-content\/uploads\/2024\/10\/kompozicine_zarna_kriogeniniams_skysciams_compozite_hose_cryogenic_products.jpg","type":"image\/jpeg"}],"twitter_card":"summary_large_image","schema":{"@context":"https:\/\/schema.org","@graph":[{"@type":"WebPage","@id":"https:\/\/enviteka.lt\/produktas\/kompozicine-zarna-kriogeniniams-skysciams\/","url":"https:\/\/enviteka.lt\/produktas\/kompozicine-zarna-kriogeniniams-skysciams\/","name":"Kompozicin\u0117 \u017earna kriogeniniams skys\u010diams - ENVITEKA","isPartOf":{"@id":"https:\/\/enviteka.lt\/#website"},"primaryImageOfPage":{"@id":"https:\/\/enviteka.lt\/produktas\/kompozicine-zarna-kriogeniniams-skysciams\/#primaryimage"},"image":{"@id":"https:\/\/enviteka.lt\/produktas\/kompozicine-zarna-kriogeniniams-skysciams\/#primaryimage"},"thumbnailUrl":"https:\/\/enviteka.lt\/wp-content\/uploads\/2024\/10\/kompozicine_zarna_kriogeniniams_skysciams_compozite_hose_cryogenic_products.jpg","datePublished":"2024-10-11T14:43:41+00:00","breadcrumb":{"@id":"https:\/\/enviteka.lt\/produktas\/kompozicine-zarna-kriogeniniams-skysciams\/#breadcrumb"},"inLanguage":"en-US","potentialAction":[{"@type":"ReadAction","target":["https:\/\/enviteka.lt\/produktas\/kompozicine-zarna-kriogeniniams-skysciams\/"]}]},{"@type":"ImageObject","inLanguage":"en-US","@id":"https:\/\/enviteka.lt\/produktas\/kompozicine-zarna-kriogeniniams-skysciams\/#primaryimage","url":"https:\/\/enviteka.lt\/wp-content\/uploads\/2024\/10\/kompozicine_zarna_kriogeniniams_skysciams_compozite_hose_cryogenic_products.jpg","contentUrl":"https:\/\/enviteka.lt\/wp-content\/uploads\/2024\/10\/kompozicine_zarna_kriogeniniams_skysciams_compozite_hose_cryogenic_products.jpg","width":540,"height":420},{"@type":"BreadcrumbList","@id":"https:\/\/enviteka.lt\/produktas\/kompozicine-zarna-kriogeniniams-skysciams\/#breadcrumb","itemListElement":[{"@type":"ListItem","position":1,"name":"Home","item":"https:\/\/enviteka.lt\/"},{"@type":"ListItem","position":2,"name":"Produktai","item":"https:\/\/enviteka.lt\/produktai\/"},{"@type":"ListItem","position":3,"name":"Kompozicin\u0117 \u017earna kriogeniniams skys\u010diams"}]},{"@type":"WebSite","@id":"https:\/\/enviteka.lt\/#website","url":"https:\/\/enviteka.lt\/","name":"ENVITEKA","description":"pramonin\u0117s \u012frangos tiek\u0117jas","publisher":{"@id":"https:\/\/enviteka.lt\/#organization"},"potentialAction":[{"@type":"SearchAction","target":{"@type":"EntryPoint","urlTemplate":"https:\/\/enviteka.lt\/?s={search_term_string}"},"query-input":{"@type":"PropertyValueSpecification","valueRequired":true,"valueName":"search_term_string"}}],"inLanguage":"en-US"},{"@type":"Organization","@id":"https:\/\/enviteka.lt\/#organization","name":"ENVITEKA","url":"https:\/\/enviteka.lt\/","logo":{"@type":"ImageObject","inLanguage":"en-US","@id":"https:\/\/enviteka.lt\/#\/schema\/logo\/image\/","url":"https:\/\/enviteka.lt\/wp-content\/uploads\/2024\/10\/enviteka-high-resolution-logo-transparent-e1742852093377.png","contentUrl":"https:\/\/enviteka.lt\/wp-content\/uploads\/2024\/10\/enviteka-high-resolution-logo-transparent-e1742852093377.png","width":424,"height":150,"caption":"ENVITEKA"},"image":{"@id":"https:\/\/enviteka.lt\/#\/schema\/logo\/image\/"}}]}},"_links":{"self":[{"href":"https:\/\/enviteka.lt\/en\/wp-json\/wp\/v2\/product\/382","targetHints":{"allow":["GET"]}}],"collection":[{"href":"https:\/\/enviteka.lt\/en\/wp-json\/wp\/v2\/product"}],"about":[{"href":"https:\/\/enviteka.lt\/en\/wp-json\/wp\/v2\/types\/product"}],"wp:featuredmedia":[{"embeddable":true,"href":"https:\/\/enviteka.lt\/en\/wp-json\/wp\/v2\/media\/383"}],"wp:attachment":[{"href":"https:\/\/enviteka.lt\/en\/wp-json\/wp\/v2\/media?parent=382"}],"wp:term":[{"taxonomy":"product_brand","embeddable":true,"href":"https:\/\/enviteka.lt\/en\/wp-json\/wp\/v2\/product_brand?post=382"},{"taxonomy":"product_cat","embeddable":true,"href":"https:\/\/enviteka.lt\/en\/wp-json\/wp\/v2\/product_cat?post=382"},{"taxonomy":"product_tag","embeddable":true,"href":"https:\/\/enviteka.lt\/en\/wp-json\/wp\/v2\/product_tag?post=382"}],"curies":[{"name":"wp","href":"https:\/\/api.w.org\/{rel}","templated":true}]}}