{"id":380,"date":"2024-10-11T14:43:04","date_gmt":"2024-10-11T14:43:04","guid":{"rendered":"https:\/\/enviteka.lt\/?post_type=product&#038;p=380"},"modified":"2024-10-11T14:43:04","modified_gmt":"2024-10-11T14:43:04","slug":"kompozicine-zarna-ekstremalioms-temperaturoms","status":"publish","type":"product","link":"https:\/\/enviteka.lt\/en\/product\/kompozicine-zarna-ekstremalioms-temperaturoms\/","title":{"rendered":"Kompozicin\u0117 \u017earna ekstremalioms temperat\u016broms"},"content":{"rendered":"<p>Paskirtis: Kompozicin\u0117s \u017earnos Compotec\u00aeHitemp yra skirtos naudoti esant ekstremaliai auk\u0161tai temperat\u016brai, tinkamos naftos produkt\u0173 iki+ 200\u00b0C, bitumo ir kit\u0173 angliavandenili\u0173 transportavimui\/ padavimui. Taip pat naudojamos<br \/>\ngele\u017einkeli\u0173 cistern\u0173, autocistern\u0173, talp\u0173 pripildymui\/i\u0161siurbimui; plieno pramon\u0117je naudojamos au\u0161inimo procese. Pagal u\u017eklausim\u0105 \u017earnos gali b\u016bti tiekiamos ir nelaid\u017eios elektrai. Papildomos ugniai atsparios pl\u0117vel\u0117s ir audiniai u\u017etikrina ger\u0105 \u017earnos \u0161ilumos izoliacij\u0105. Specialios serijos \u017earnos su Firetec danga turi papildomus i\u0161orinius kar\u0161\u010diui atsparius sluoksnius \u017earnos apsaugai nuo metal\u0173 pursl\u0173 virinimo metu.<br \/>\nKompozicin\u0117s \u017earnos yra ypatingai lanks\u010dios, lengvos, antistatin\u0117s, atsparios aromatiniams angliavandeniliams.<br \/>\nVidinis sluoksnis: NANOTEC\u00ae PTFE.<br \/>\nSutvirtinimas: Vidin\u0117 ir i\u0161orin\u0117 spiral\u0117s:<br \/>\nZZ: vid. ir i\u0161or. \u2013 galv. plienas;<br \/>\nXZ: vid. \u2013 ner\u016bd. plienas, i\u0161or. \u2013 galv. plienas;<br \/>\nXX: vid. ir i\u0161or. \u2013 ner\u016bd. plienas.<br \/>\nI\u0161orinis sluoksnis: Spec. med\u017eiaga, dengta PU; stiklo audinys arba silicio dioksido audinys, atsparus abrazyvui, UV, ozono, oro s\u0105lyg\u0173 poveikiui.<br \/>\nTemperat\u016bra: -40\u00b0C\/+200\u00b0C<br \/>\nStandartas: EN 13765:2015 TYPE 4; EN ISO 1746; EN 13765:2010; EN ISO 1402.<br \/>\nSaugumo faktorius: 5 : 1<\/p>","protected":false},"excerpt":{"rendered":"<p>Paskirtis: Kompozicin\u0117s \u017earnos Compotec\u00aeHitemp yra skirtos naudoti esant ekstremaliai auk\u0161tai temperat\u016brai, tinkamos naftos produkt\u0173 iki+ 200\u00b0C, bitumo ir kit\u0173 angliavandenili\u0173 [&hellip;]<\/p>","protected":false},"featured_media":381,"template":"","meta":{"site-sidebar-layout":"default","site-content-layout":"","ast-site-content-layout":"default","site-content-style":"default","site-sidebar-style":"default","ast-global-header-display":"","ast-banner-title-visibility":"","ast-main-header-display":"","ast-hfb-above-header-display":"","ast-hfb-below-header-display":"","ast-hfb-mobile-header-display":"","site-post-title":"","ast-breadcrumbs-content":"","ast-featured-img":"","footer-sml-layout":"","ast-disable-related-posts":"","theme-transparent-header-meta":"default","adv-header-id-meta":"","stick-header-meta":"","header-above-stick-meta":"","header-main-stick-meta":"","header-below-stick-meta":"","astra-migrate-meta-layouts":"set","ast-page-background-enabled":"default","ast-page-background-meta":{"desktop":{"background-color":"var(--ast-global-color-4)","background-image":"","background-repeat":"repeat","background-position":"center center","background-size":"auto","background-attachment":"scroll","background-type":"","background-media":"","overlay-type":"","overlay-color":"","overlay-opacity":"","overlay-gradient":""},"tablet":{"background-color":"","background-image":"","background-repeat":"repeat","background-position":"center center","background-size":"auto","background-attachment":"scroll","background-type":"","background-media":"","overlay-type":"","overlay-color":"","overlay-opacity":"","overlay-gradient":""},"mobile":{"background-color":"","background-image":"","background-repeat":"repeat","background-position":"center center","background-size":"auto","background-attachment":"scroll","background-type":"","background-media":"","overlay-type":"","overlay-color":"","overlay-opacity":"","overlay-gradient":""}},"ast-content-background-meta":{"desktop":{"background-color":"var(--ast-global-color-5)","background-image":"","background-repeat":"repeat","background-position":"center center","background-size":"auto","background-attachment":"scroll","background-type":"","background-media":"","overlay-type":"","overlay-color":"","overlay-opacity":"","overlay-gradient":""},"tablet":{"background-color":"var(--ast-global-color-5)","background-image":"","background-repeat":"repeat","background-position":"center center","background-size":"auto","background-attachment":"scroll","background-type":"","background-media":"","overlay-type":"","overlay-color":"","overlay-opacity":"","overlay-gradient":""},"mobile":{"background-color":"var(--ast-global-color-5)","background-image":"","background-repeat":"repeat","background-position":"center center","background-size":"auto","background-attachment":"scroll","background-type":"","background-media":"","overlay-type":"","overlay-color":"","overlay-opacity":"","overlay-gradient":""}}},"product_brand":[],"product_cat":[25],"product_tag":[],"class_list":{"0":"post-380","1":"product","2":"type-product","3":"status-publish","4":"has-post-thumbnail","6":"product_cat-kompozicines-zarnos","7":"desktop-align-left","8":"tablet-align-left","9":"mobile-align-left","11":"first","12":"instock","13":"shipping-taxable","14":"purchasable","15":"product-type-simple"},"yoast_head":"<!-- This site is optimized with the Yoast SEO plugin v27.3 - https:\/\/yoast.com\/product\/yoast-seo-wordpress\/ -->\n<title>Kompozicin\u0117 \u017earna ekstremalioms temperat\u016broms - ENVITEKA<\/title>\n<meta name=\"robots\" content=\"index, follow, max-snippet:-1, max-image-preview:large, max-video-preview:-1\" \/>\n<link rel=\"canonical\" href=\"https:\/\/enviteka.lt\/en\/product\/kompozicine-zarna-ekstremalioms-temperaturoms\/\" \/>\n<meta property=\"og:locale\" content=\"en_US\" \/>\n<meta property=\"og:type\" content=\"article\" \/>\n<meta property=\"og:title\" content=\"Kompozicin\u0117 \u017earna ekstremalioms temperat\u016broms - ENVITEKA\" \/>\n<meta property=\"og:description\" content=\"Paskirtis: Kompozicin\u0117s \u017earnos Compotec\u00aeHitemp yra skirtos naudoti esant ekstremaliai auk\u0161tai temperat\u016brai, tinkamos naftos produkt\u0173 iki+ 200\u00b0C, bitumo ir kit\u0173 angliavandenili\u0173 [&hellip;]\" \/>\n<meta property=\"og:url\" content=\"https:\/\/enviteka.lt\/en\/product\/kompozicine-zarna-ekstremalioms-temperaturoms\/\" \/>\n<meta property=\"og:site_name\" content=\"ENVITEKA\" \/>\n<meta property=\"og:image\" content=\"https:\/\/enviteka.lt\/wp-content\/uploads\/2024\/10\/kompozicine_zarna_ekstremaliai_temperaturai_composite_hose_for_extreme_temperatures.jpg\" \/>\n\t<meta property=\"og:image:width\" content=\"540\" \/>\n\t<meta property=\"og:image:height\" content=\"420\" \/>\n\t<meta property=\"og:image:type\" content=\"image\/jpeg\" \/>\n<meta name=\"twitter:card\" content=\"summary_large_image\" \/>\n<script type=\"application\/ld+json\" class=\"yoast-schema-graph\">{\"@context\":\"https:\\\/\\\/schema.org\",\"@graph\":[{\"@type\":\"WebPage\",\"@id\":\"https:\\\/\\\/enviteka.lt\\\/produktas\\\/kompozicine-zarna-ekstremalioms-temperaturoms\\\/\",\"url\":\"https:\\\/\\\/enviteka.lt\\\/produktas\\\/kompozicine-zarna-ekstremalioms-temperaturoms\\\/\",\"name\":\"Kompozicin\u0117 \u017earna ekstremalioms temperat\u016broms - ENVITEKA\",\"isPartOf\":{\"@id\":\"https:\\\/\\\/enviteka.lt\\\/#website\"},\"primaryImageOfPage\":{\"@id\":\"https:\\\/\\\/enviteka.lt\\\/produktas\\\/kompozicine-zarna-ekstremalioms-temperaturoms\\\/#primaryimage\"},\"image\":{\"@id\":\"https:\\\/\\\/enviteka.lt\\\/produktas\\\/kompozicine-zarna-ekstremalioms-temperaturoms\\\/#primaryimage\"},\"thumbnailUrl\":\"https:\\\/\\\/enviteka.lt\\\/wp-content\\\/uploads\\\/2024\\\/10\\\/kompozicine_zarna_ekstremaliai_temperaturai_composite_hose_for_extreme_temperatures.jpg\",\"datePublished\":\"2024-10-11T14:43:04+00:00\",\"breadcrumb\":{\"@id\":\"https:\\\/\\\/enviteka.lt\\\/produktas\\\/kompozicine-zarna-ekstremalioms-temperaturoms\\\/#breadcrumb\"},\"inLanguage\":\"en-US\",\"potentialAction\":[{\"@type\":\"ReadAction\",\"target\":[\"https:\\\/\\\/enviteka.lt\\\/produktas\\\/kompozicine-zarna-ekstremalioms-temperaturoms\\\/\"]}]},{\"@type\":\"ImageObject\",\"inLanguage\":\"en-US\",\"@id\":\"https:\\\/\\\/enviteka.lt\\\/produktas\\\/kompozicine-zarna-ekstremalioms-temperaturoms\\\/#primaryimage\",\"url\":\"https:\\\/\\\/enviteka.lt\\\/wp-content\\\/uploads\\\/2024\\\/10\\\/kompozicine_zarna_ekstremaliai_temperaturai_composite_hose_for_extreme_temperatures.jpg\",\"contentUrl\":\"https:\\\/\\\/enviteka.lt\\\/wp-content\\\/uploads\\\/2024\\\/10\\\/kompozicine_zarna_ekstremaliai_temperaturai_composite_hose_for_extreme_temperatures.jpg\",\"width\":540,\"height\":420},{\"@type\":\"BreadcrumbList\",\"@id\":\"https:\\\/\\\/enviteka.lt\\\/produktas\\\/kompozicine-zarna-ekstremalioms-temperaturoms\\\/#breadcrumb\",\"itemListElement\":[{\"@type\":\"ListItem\",\"position\":1,\"name\":\"Home\",\"item\":\"https:\\\/\\\/enviteka.lt\\\/\"},{\"@type\":\"ListItem\",\"position\":2,\"name\":\"Produktai\",\"item\":\"https:\\\/\\\/enviteka.lt\\\/produktai\\\/\"},{\"@type\":\"ListItem\",\"position\":3,\"name\":\"Kompozicin\u0117 \u017earna ekstremalioms temperat\u016broms\"}]},{\"@type\":\"WebSite\",\"@id\":\"https:\\\/\\\/enviteka.lt\\\/#website\",\"url\":\"https:\\\/\\\/enviteka.lt\\\/\",\"name\":\"ENVITEKA\",\"description\":\"pramonin\u0117s \u012frangos tiek\u0117jas\",\"publisher\":{\"@id\":\"https:\\\/\\\/enviteka.lt\\\/#organization\"},\"potentialAction\":[{\"@type\":\"SearchAction\",\"target\":{\"@type\":\"EntryPoint\",\"urlTemplate\":\"https:\\\/\\\/enviteka.lt\\\/?s={search_term_string}\"},\"query-input\":{\"@type\":\"PropertyValueSpecification\",\"valueRequired\":true,\"valueName\":\"search_term_string\"}}],\"inLanguage\":\"en-US\"},{\"@type\":\"Organization\",\"@id\":\"https:\\\/\\\/enviteka.lt\\\/#organization\",\"name\":\"ENVITEKA\",\"url\":\"https:\\\/\\\/enviteka.lt\\\/\",\"logo\":{\"@type\":\"ImageObject\",\"inLanguage\":\"en-US\",\"@id\":\"https:\\\/\\\/enviteka.lt\\\/#\\\/schema\\\/logo\\\/image\\\/\",\"url\":\"https:\\\/\\\/enviteka.lt\\\/wp-content\\\/uploads\\\/2024\\\/10\\\/enviteka-high-resolution-logo-transparent-e1742852093377.png\",\"contentUrl\":\"https:\\\/\\\/enviteka.lt\\\/wp-content\\\/uploads\\\/2024\\\/10\\\/enviteka-high-resolution-logo-transparent-e1742852093377.png\",\"width\":424,\"height\":150,\"caption\":\"ENVITEKA\"},\"image\":{\"@id\":\"https:\\\/\\\/enviteka.lt\\\/#\\\/schema\\\/logo\\\/image\\\/\"}}]}<\/script>\n<!-- \/ Yoast SEO plugin. -->","yoast_head_json":{"title":"Kompozicin\u0117 \u017earna ekstremalioms temperat\u016broms - ENVITEKA","robots":{"index":"index","follow":"follow","max-snippet":"max-snippet:-1","max-image-preview":"max-image-preview:large","max-video-preview":"max-video-preview:-1"},"canonical":"https:\/\/enviteka.lt\/en\/product\/kompozicine-zarna-ekstremalioms-temperaturoms\/","og_locale":"en_US","og_type":"article","og_title":"Kompozicin\u0117 \u017earna ekstremalioms temperat\u016broms - ENVITEKA","og_description":"Paskirtis: Kompozicin\u0117s \u017earnos Compotec\u00aeHitemp yra skirtos naudoti esant ekstremaliai auk\u0161tai temperat\u016brai, tinkamos naftos produkt\u0173 iki+ 200\u00b0C, bitumo ir kit\u0173 angliavandenili\u0173 [&hellip;]","og_url":"https:\/\/enviteka.lt\/en\/product\/kompozicine-zarna-ekstremalioms-temperaturoms\/","og_site_name":"ENVITEKA","og_image":[{"width":540,"height":420,"url":"https:\/\/enviteka.lt\/wp-content\/uploads\/2024\/10\/kompozicine_zarna_ekstremaliai_temperaturai_composite_hose_for_extreme_temperatures.jpg","type":"image\/jpeg"}],"twitter_card":"summary_large_image","schema":{"@context":"https:\/\/schema.org","@graph":[{"@type":"WebPage","@id":"https:\/\/enviteka.lt\/produktas\/kompozicine-zarna-ekstremalioms-temperaturoms\/","url":"https:\/\/enviteka.lt\/produktas\/kompozicine-zarna-ekstremalioms-temperaturoms\/","name":"Kompozicin\u0117 \u017earna ekstremalioms temperat\u016broms - ENVITEKA","isPartOf":{"@id":"https:\/\/enviteka.lt\/#website"},"primaryImageOfPage":{"@id":"https:\/\/enviteka.lt\/produktas\/kompozicine-zarna-ekstremalioms-temperaturoms\/#primaryimage"},"image":{"@id":"https:\/\/enviteka.lt\/produktas\/kompozicine-zarna-ekstremalioms-temperaturoms\/#primaryimage"},"thumbnailUrl":"https:\/\/enviteka.lt\/wp-content\/uploads\/2024\/10\/kompozicine_zarna_ekstremaliai_temperaturai_composite_hose_for_extreme_temperatures.jpg","datePublished":"2024-10-11T14:43:04+00:00","breadcrumb":{"@id":"https:\/\/enviteka.lt\/produktas\/kompozicine-zarna-ekstremalioms-temperaturoms\/#breadcrumb"},"inLanguage":"en-US","potentialAction":[{"@type":"ReadAction","target":["https:\/\/enviteka.lt\/produktas\/kompozicine-zarna-ekstremalioms-temperaturoms\/"]}]},{"@type":"ImageObject","inLanguage":"en-US","@id":"https:\/\/enviteka.lt\/produktas\/kompozicine-zarna-ekstremalioms-temperaturoms\/#primaryimage","url":"https:\/\/enviteka.lt\/wp-content\/uploads\/2024\/10\/kompozicine_zarna_ekstremaliai_temperaturai_composite_hose_for_extreme_temperatures.jpg","contentUrl":"https:\/\/enviteka.lt\/wp-content\/uploads\/2024\/10\/kompozicine_zarna_ekstremaliai_temperaturai_composite_hose_for_extreme_temperatures.jpg","width":540,"height":420},{"@type":"BreadcrumbList","@id":"https:\/\/enviteka.lt\/produktas\/kompozicine-zarna-ekstremalioms-temperaturoms\/#breadcrumb","itemListElement":[{"@type":"ListItem","position":1,"name":"Home","item":"https:\/\/enviteka.lt\/"},{"@type":"ListItem","position":2,"name":"Produktai","item":"https:\/\/enviteka.lt\/produktai\/"},{"@type":"ListItem","position":3,"name":"Kompozicin\u0117 \u017earna ekstremalioms temperat\u016broms"}]},{"@type":"WebSite","@id":"https:\/\/enviteka.lt\/#website","url":"https:\/\/enviteka.lt\/","name":"ENVITEKA","description":"pramonin\u0117s \u012frangos tiek\u0117jas","publisher":{"@id":"https:\/\/enviteka.lt\/#organization"},"potentialAction":[{"@type":"SearchAction","target":{"@type":"EntryPoint","urlTemplate":"https:\/\/enviteka.lt\/?s={search_term_string}"},"query-input":{"@type":"PropertyValueSpecification","valueRequired":true,"valueName":"search_term_string"}}],"inLanguage":"en-US"},{"@type":"Organization","@id":"https:\/\/enviteka.lt\/#organization","name":"ENVITEKA","url":"https:\/\/enviteka.lt\/","logo":{"@type":"ImageObject","inLanguage":"en-US","@id":"https:\/\/enviteka.lt\/#\/schema\/logo\/image\/","url":"https:\/\/enviteka.lt\/wp-content\/uploads\/2024\/10\/enviteka-high-resolution-logo-transparent-e1742852093377.png","contentUrl":"https:\/\/enviteka.lt\/wp-content\/uploads\/2024\/10\/enviteka-high-resolution-logo-transparent-e1742852093377.png","width":424,"height":150,"caption":"ENVITEKA"},"image":{"@id":"https:\/\/enviteka.lt\/#\/schema\/logo\/image\/"}}]}},"_links":{"self":[{"href":"https:\/\/enviteka.lt\/en\/wp-json\/wp\/v2\/product\/380","targetHints":{"allow":["GET"]}}],"collection":[{"href":"https:\/\/enviteka.lt\/en\/wp-json\/wp\/v2\/product"}],"about":[{"href":"https:\/\/enviteka.lt\/en\/wp-json\/wp\/v2\/types\/product"}],"wp:featuredmedia":[{"embeddable":true,"href":"https:\/\/enviteka.lt\/en\/wp-json\/wp\/v2\/media\/381"}],"wp:attachment":[{"href":"https:\/\/enviteka.lt\/en\/wp-json\/wp\/v2\/media?parent=380"}],"wp:term":[{"taxonomy":"product_brand","embeddable":true,"href":"https:\/\/enviteka.lt\/en\/wp-json\/wp\/v2\/product_brand?post=380"},{"taxonomy":"product_cat","embeddable":true,"href":"https:\/\/enviteka.lt\/en\/wp-json\/wp\/v2\/product_cat?post=380"},{"taxonomy":"product_tag","embeddable":true,"href":"https:\/\/enviteka.lt\/en\/wp-json\/wp\/v2\/product_tag?post=380"}],"curies":[{"name":"wp","href":"https:\/\/api.w.org\/{rel}","templated":true}]}}