{"id":358,"date":"2024-10-11T14:37:14","date_gmt":"2024-10-11T14:37:14","guid":{"rendered":"https:\/\/enviteka.lt\/?post_type=product&#038;p=358"},"modified":"2025-09-24T17:51:50","modified_gmt":"2025-09-24T17:51:50","slug":"pu-zarna-abrazyvui-alfavac","status":"publish","type":"product","link":"https:\/\/enviteka.lt\/en\/product\/pu-zarna-abrazyvui-alfavac\/","title":{"rendered":"PU \u017earna abrazyvui ALFAVAC PU"},"content":{"rendered":"<p><strong>Paskirtis:<\/strong><\/p>\n<p>Rekomenduojama naudoti abrazyvini\u0173 med\u017eiag\u0173 (pjuven\u0173, gr\u016bd\u0173 ir pan.) padavimui mi\u0161ko, maisto pramon\u0117se ir \u017eem\u0117s \u016bkyje. Tinka \u012fvairioms pramon\u0117s \u0161akoms, kur reikalingas patikimas ir ilgalaikis \u017earn\u0173 naudojimas.<\/p>\n<p><strong>Savyb\u0117s:<\/strong><\/p>\n<p>Vidinis sluoksnis: Abrazyvui ir bakteriniam poveikiui atsparus poliuretanas (PU), u\u017etikrinantis ilgaam\u017ei\u0161kum\u0105 ir atsparum\u0105 mechaniniam d\u0117v\u0117jimui bei bakterijoms.<br \/>\nI\u0161orinis sluoksnis: Polietilenas (PU), atsparus abrazyviniams ir bakteriniams poveikiams, u\u017etikrina didesn\u012f atsparum\u0105 i\u0161or\u0117s veiksniams ir ilgalaik\u012f naudojim\u0105.<br \/>\nSutvirtinimas: Plienin\u0117 viela su baltu antsluoksniu, suteikianti \u017earnai papildom\u0105 tvirtum\u0105 ir atsparum\u0105 lenkimams bei spaudimams.<br \/>\nTemperat\u016brinis diapazonas: Tinka naudoti esant temperat\u016brai nuo -30\u00b0C iki +100\u00b0C, tod\u0117l \u017earna gali b\u016bti naudojama tiek \u0161altomis, tiek auk\u0161tos temperat\u016bros s\u0105lygomis.<\/p>\n<p><strong>Naudojimo privalumai:<\/strong><\/p>\n<p>Patvari ir lanksti \u017earna, tinkanti tiek vidiniam, tiek i\u0161oriniam naudojimui.<br \/>\nAtspari abrazyviniam poveikiui, u\u017etikrina ilgalaik\u012f ir saug\u0173 darb\u0105 su med\u017eiagomis, tokiomis kaip pjuvenos, gr\u016bdai ir kitos pana\u0161ios med\u017eiagos.<br \/>\nPuikiai tinka maisto pramon\u0117je, nes yra saugi s\u0105ly\u010diui su maisto produktais.<\/p>\n<p>\u017darna yra atspari mechaniniam d\u0117v\u0117jimui ir bakteriniam poveikiui, tod\u0117l u\u017etikrina ilgaam\u017ei\u0161kum\u0105 net sud\u0117tingomis darbo s\u0105lygomis.<br \/>\nTinka naudojimui \u012fvairiose pramon\u0117s \u0161akose, kur b\u016btina transportuoti abrazyvines med\u017eiagas.<\/p>\n<p><strong>Susisiekite su mumis:<\/strong><\/p>\n<p>Nor\u0117dami gauti daugiau informacijos arba u\u017esisakyti, pra\u0161ome susisiekti su m\u016bs\u0173 komanda. Pad\u0117sime pasirinkti geriausi\u0105 sprendim\u0105 pagal j\u016bs\u0173 poreikius ir u\u017etikrinsime greit\u0105 pristatym\u0105.<\/p>","protected":false},"excerpt":{"rendered":"<p>Paskirtis: Rekomenduojama naudoti abrazyvini\u0173 med\u017eiag\u0173 (pjuven\u0173, gr\u016bd\u0173 ir pan.) padavimui mi\u0161ko, maisto pramon\u0117se ir \u017eem\u0117s \u016bkyje. Tinka \u012fvairioms pramon\u0117s \u0161akoms, [&hellip;]<\/p>","protected":false},"featured_media":156,"template":"","meta":{"site-sidebar-layout":"default","site-content-layout":"","ast-site-content-layout":"default","site-content-style":"default","site-sidebar-style":"default","ast-global-header-display":"","ast-banner-title-visibility":"","ast-main-header-display":"","ast-hfb-above-header-display":"","ast-hfb-below-header-display":"","ast-hfb-mobile-header-display":"","site-post-title":"","ast-breadcrumbs-content":"","ast-featured-img":"","footer-sml-layout":"","ast-disable-related-posts":"","theme-transparent-header-meta":"default","adv-header-id-meta":"","stick-header-meta":"","header-above-stick-meta":"","header-main-stick-meta":"","header-below-stick-meta":"","astra-migrate-meta-layouts":"set","ast-page-background-enabled":"default","ast-page-background-meta":{"desktop":{"background-color":"var(--ast-global-color-4)","background-image":"","background-repeat":"repeat","background-position":"center center","background-size":"auto","background-attachment":"scroll","background-type":"","background-media":"","overlay-type":"","overlay-color":"","overlay-opacity":"","overlay-gradient":""},"tablet":{"background-color":"","background-image":"","background-repeat":"repeat","background-position":"center center","background-size":"auto","background-attachment":"scroll","background-type":"","background-media":"","overlay-type":"","overlay-color":"","overlay-opacity":"","overlay-gradient":""},"mobile":{"background-color":"","background-image":"","background-repeat":"repeat","background-position":"center center","background-size":"auto","background-attachment":"scroll","background-type":"","background-media":"","overlay-type":"","overlay-color":"","overlay-opacity":"","overlay-gradient":""}},"ast-content-background-meta":{"desktop":{"background-color":"var(--ast-global-color-5)","background-image":"","background-repeat":"repeat","background-position":"center center","background-size":"auto","background-attachment":"scroll","background-type":"","background-media":"","overlay-type":"","overlay-color":"","overlay-opacity":"","overlay-gradient":""},"tablet":{"background-color":"var(--ast-global-color-5)","background-image":"","background-repeat":"repeat","background-position":"center center","background-size":"auto","background-attachment":"scroll","background-type":"","background-media":"","overlay-type":"","overlay-color":"","overlay-opacity":"","overlay-gradient":""},"mobile":{"background-color":"var(--ast-global-color-5)","background-image":"","background-repeat":"repeat","background-position":"center center","background-size":"auto","background-attachment":"scroll","background-type":"","background-media":"","overlay-type":"","overlay-color":"","overlay-opacity":"","overlay-gradient":""}}},"product_brand":[],"product_cat":[121],"product_tag":[],"class_list":{"0":"post-358","1":"product","2":"type-product","3":"status-publish","4":"has-post-thumbnail","6":"product_cat-poliuretano-zarnos-pu-zarnos","7":"desktop-align-left","8":"tablet-align-left","9":"mobile-align-left","11":"first","12":"instock","13":"shipping-taxable","14":"purchasable","15":"product-type-simple"},"yoast_head":"<!-- This site is optimized with the Yoast SEO plugin v27.3 - https:\/\/yoast.com\/product\/yoast-seo-wordpress\/ -->\n<title>PU \u017earna abrazyvui ALFAVAC PU - ENVITEKA<\/title>\n<meta name=\"description\" content=\"PU \u017earna ALFAVAC \u2013 atspari abrazyvui, lanksti ir patvari. Skirta granuli\u0173, dulki\u0173, pjuven\u0173 ir kit\u0173 abrazyvini\u0173 med\u017eiag\u0173 transportavimui pramon\u0117je.\" \/>\n<meta name=\"robots\" content=\"index, follow, max-snippet:-1, max-image-preview:large, max-video-preview:-1\" \/>\n<link rel=\"canonical\" href=\"https:\/\/enviteka.lt\/en\/product\/pu-zarna-abrazyvui-alfavac\/\" \/>\n<meta property=\"og:locale\" content=\"en_US\" \/>\n<meta property=\"og:type\" content=\"article\" \/>\n<meta property=\"og:title\" content=\"PU \u017earna abrazyvui ALFAVAC PU - ENVITEKA\" \/>\n<meta property=\"og:description\" content=\"PU \u017earna ALFAVAC \u2013 atspari abrazyvui, lanksti ir patvari. Skirta granuli\u0173, dulki\u0173, pjuven\u0173 ir kit\u0173 abrazyvini\u0173 med\u017eiag\u0173 transportavimui pramon\u0117je.\" \/>\n<meta property=\"og:url\" content=\"https:\/\/enviteka.lt\/en\/product\/pu-zarna-abrazyvui-alfavac\/\" \/>\n<meta property=\"og:site_name\" content=\"ENVITEKA\" \/>\n<meta property=\"article:modified_time\" content=\"2025-09-24T17:51:50+00:00\" \/>\n<meta property=\"og:image\" content=\"https:\/\/enviteka.lt\/wp-content\/uploads\/2024\/10\/zarna_abrazyvui_alfavac_hose_for_abrasive_materials-e1740841389726.jpg\" \/>\n\t<meta property=\"og:image:width\" content=\"540\" \/>\n\t<meta property=\"og:image:height\" content=\"420\" \/>\n\t<meta property=\"og:image:type\" content=\"image\/jpeg\" \/>\n<meta name=\"twitter:card\" content=\"summary_large_image\" \/>\n<meta name=\"twitter:label1\" content=\"Est. reading time\" \/>\n\t<meta name=\"twitter:data1\" content=\"2 minutes\" \/>\n<script type=\"application\/ld+json\" class=\"yoast-schema-graph\">{\"@context\":\"https:\\\/\\\/schema.org\",\"@graph\":[{\"@type\":\"WebPage\",\"@id\":\"https:\\\/\\\/enviteka.lt\\\/produktas\\\/pu-zarna-abrazyvui-alfavac\\\/\",\"url\":\"https:\\\/\\\/enviteka.lt\\\/produktas\\\/pu-zarna-abrazyvui-alfavac\\\/\",\"name\":\"PU \u017earna abrazyvui ALFAVAC PU - ENVITEKA\",\"isPartOf\":{\"@id\":\"https:\\\/\\\/enviteka.lt\\\/#website\"},\"primaryImageOfPage\":{\"@id\":\"https:\\\/\\\/enviteka.lt\\\/produktas\\\/pu-zarna-abrazyvui-alfavac\\\/#primaryimage\"},\"image\":{\"@id\":\"https:\\\/\\\/enviteka.lt\\\/produktas\\\/pu-zarna-abrazyvui-alfavac\\\/#primaryimage\"},\"thumbnailUrl\":\"https:\\\/\\\/enviteka.lt\\\/wp-content\\\/uploads\\\/2024\\\/10\\\/zarna_abrazyvui_alfavac_hose_for_abrasive_materials-e1740841389726.jpg\",\"datePublished\":\"2024-10-11T14:37:14+00:00\",\"dateModified\":\"2025-09-24T17:51:50+00:00\",\"description\":\"PU \u017earna ALFAVAC \u2013 atspari abrazyvui, lanksti ir patvari. Skirta granuli\u0173, dulki\u0173, pjuven\u0173 ir kit\u0173 abrazyvini\u0173 med\u017eiag\u0173 transportavimui pramon\u0117je.\",\"breadcrumb\":{\"@id\":\"https:\\\/\\\/enviteka.lt\\\/produktas\\\/pu-zarna-abrazyvui-alfavac\\\/#breadcrumb\"},\"inLanguage\":\"en-US\",\"potentialAction\":[{\"@type\":\"ReadAction\",\"target\":[\"https:\\\/\\\/enviteka.lt\\\/produktas\\\/pu-zarna-abrazyvui-alfavac\\\/\"]}]},{\"@type\":\"ImageObject\",\"inLanguage\":\"en-US\",\"@id\":\"https:\\\/\\\/enviteka.lt\\\/produktas\\\/pu-zarna-abrazyvui-alfavac\\\/#primaryimage\",\"url\":\"https:\\\/\\\/enviteka.lt\\\/wp-content\\\/uploads\\\/2024\\\/10\\\/zarna_abrazyvui_alfavac_hose_for_abrasive_materials-e1740841389726.jpg\",\"contentUrl\":\"https:\\\/\\\/enviteka.lt\\\/wp-content\\\/uploads\\\/2024\\\/10\\\/zarna_abrazyvui_alfavac_hose_for_abrasive_materials-e1740841389726.jpg\",\"width\":540,\"height\":420},{\"@type\":\"BreadcrumbList\",\"@id\":\"https:\\\/\\\/enviteka.lt\\\/produktas\\\/pu-zarna-abrazyvui-alfavac\\\/#breadcrumb\",\"itemListElement\":[{\"@type\":\"ListItem\",\"position\":1,\"name\":\"Home\",\"item\":\"https:\\\/\\\/enviteka.lt\\\/\"},{\"@type\":\"ListItem\",\"position\":2,\"name\":\"Produktai\",\"item\":\"https:\\\/\\\/enviteka.lt\\\/produktai\\\/\"},{\"@type\":\"ListItem\",\"position\":3,\"name\":\"PU \u017earna abrazyvui ALFAVAC PU\"}]},{\"@type\":\"WebSite\",\"@id\":\"https:\\\/\\\/enviteka.lt\\\/#website\",\"url\":\"https:\\\/\\\/enviteka.lt\\\/\",\"name\":\"ENVITEKA\",\"description\":\"pramonin\u0117s \u012frangos tiek\u0117jas\",\"publisher\":{\"@id\":\"https:\\\/\\\/enviteka.lt\\\/#organization\"},\"potentialAction\":[{\"@type\":\"SearchAction\",\"target\":{\"@type\":\"EntryPoint\",\"urlTemplate\":\"https:\\\/\\\/enviteka.lt\\\/?s={search_term_string}\"},\"query-input\":{\"@type\":\"PropertyValueSpecification\",\"valueRequired\":true,\"valueName\":\"search_term_string\"}}],\"inLanguage\":\"en-US\"},{\"@type\":\"Organization\",\"@id\":\"https:\\\/\\\/enviteka.lt\\\/#organization\",\"name\":\"ENVITEKA\",\"url\":\"https:\\\/\\\/enviteka.lt\\\/\",\"logo\":{\"@type\":\"ImageObject\",\"inLanguage\":\"en-US\",\"@id\":\"https:\\\/\\\/enviteka.lt\\\/#\\\/schema\\\/logo\\\/image\\\/\",\"url\":\"https:\\\/\\\/enviteka.lt\\\/wp-content\\\/uploads\\\/2024\\\/10\\\/enviteka-high-resolution-logo-transparent-e1742852093377.png\",\"contentUrl\":\"https:\\\/\\\/enviteka.lt\\\/wp-content\\\/uploads\\\/2024\\\/10\\\/enviteka-high-resolution-logo-transparent-e1742852093377.png\",\"width\":424,\"height\":150,\"caption\":\"ENVITEKA\"},\"image\":{\"@id\":\"https:\\\/\\\/enviteka.lt\\\/#\\\/schema\\\/logo\\\/image\\\/\"}}]}<\/script>\n<!-- \/ Yoast SEO plugin. -->","yoast_head_json":{"title":"PU \u017earna abrazyvui ALFAVAC PU - ENVITEKA","description":"PU \u017earna ALFAVAC \u2013 atspari abrazyvui, lanksti ir patvari. Skirta granuli\u0173, dulki\u0173, pjuven\u0173 ir kit\u0173 abrazyvini\u0173 med\u017eiag\u0173 transportavimui pramon\u0117je.","robots":{"index":"index","follow":"follow","max-snippet":"max-snippet:-1","max-image-preview":"max-image-preview:large","max-video-preview":"max-video-preview:-1"},"canonical":"https:\/\/enviteka.lt\/en\/product\/pu-zarna-abrazyvui-alfavac\/","og_locale":"en_US","og_type":"article","og_title":"PU \u017earna abrazyvui ALFAVAC PU - ENVITEKA","og_description":"PU \u017earna ALFAVAC \u2013 atspari abrazyvui, lanksti ir patvari. Skirta granuli\u0173, dulki\u0173, pjuven\u0173 ir kit\u0173 abrazyvini\u0173 med\u017eiag\u0173 transportavimui pramon\u0117je.","og_url":"https:\/\/enviteka.lt\/en\/product\/pu-zarna-abrazyvui-alfavac\/","og_site_name":"ENVITEKA","article_modified_time":"2025-09-24T17:51:50+00:00","og_image":[{"width":540,"height":420,"url":"https:\/\/enviteka.lt\/wp-content\/uploads\/2024\/10\/zarna_abrazyvui_alfavac_hose_for_abrasive_materials-e1740841389726.jpg","type":"image\/jpeg"}],"twitter_card":"summary_large_image","twitter_misc":{"Est. reading time":"2 minutes"},"schema":{"@context":"https:\/\/schema.org","@graph":[{"@type":"WebPage","@id":"https:\/\/enviteka.lt\/produktas\/pu-zarna-abrazyvui-alfavac\/","url":"https:\/\/enviteka.lt\/produktas\/pu-zarna-abrazyvui-alfavac\/","name":"PU \u017earna abrazyvui ALFAVAC PU - ENVITEKA","isPartOf":{"@id":"https:\/\/enviteka.lt\/#website"},"primaryImageOfPage":{"@id":"https:\/\/enviteka.lt\/produktas\/pu-zarna-abrazyvui-alfavac\/#primaryimage"},"image":{"@id":"https:\/\/enviteka.lt\/produktas\/pu-zarna-abrazyvui-alfavac\/#primaryimage"},"thumbnailUrl":"https:\/\/enviteka.lt\/wp-content\/uploads\/2024\/10\/zarna_abrazyvui_alfavac_hose_for_abrasive_materials-e1740841389726.jpg","datePublished":"2024-10-11T14:37:14+00:00","dateModified":"2025-09-24T17:51:50+00:00","description":"PU \u017earna ALFAVAC \u2013 atspari abrazyvui, lanksti ir patvari. Skirta granuli\u0173, dulki\u0173, pjuven\u0173 ir kit\u0173 abrazyvini\u0173 med\u017eiag\u0173 transportavimui pramon\u0117je.","breadcrumb":{"@id":"https:\/\/enviteka.lt\/produktas\/pu-zarna-abrazyvui-alfavac\/#breadcrumb"},"inLanguage":"en-US","potentialAction":[{"@type":"ReadAction","target":["https:\/\/enviteka.lt\/produktas\/pu-zarna-abrazyvui-alfavac\/"]}]},{"@type":"ImageObject","inLanguage":"en-US","@id":"https:\/\/enviteka.lt\/produktas\/pu-zarna-abrazyvui-alfavac\/#primaryimage","url":"https:\/\/enviteka.lt\/wp-content\/uploads\/2024\/10\/zarna_abrazyvui_alfavac_hose_for_abrasive_materials-e1740841389726.jpg","contentUrl":"https:\/\/enviteka.lt\/wp-content\/uploads\/2024\/10\/zarna_abrazyvui_alfavac_hose_for_abrasive_materials-e1740841389726.jpg","width":540,"height":420},{"@type":"BreadcrumbList","@id":"https:\/\/enviteka.lt\/produktas\/pu-zarna-abrazyvui-alfavac\/#breadcrumb","itemListElement":[{"@type":"ListItem","position":1,"name":"Home","item":"https:\/\/enviteka.lt\/"},{"@type":"ListItem","position":2,"name":"Produktai","item":"https:\/\/enviteka.lt\/produktai\/"},{"@type":"ListItem","position":3,"name":"PU \u017earna abrazyvui ALFAVAC PU"}]},{"@type":"WebSite","@id":"https:\/\/enviteka.lt\/#website","url":"https:\/\/enviteka.lt\/","name":"ENVITEKA","description":"pramonin\u0117s \u012frangos tiek\u0117jas","publisher":{"@id":"https:\/\/enviteka.lt\/#organization"},"potentialAction":[{"@type":"SearchAction","target":{"@type":"EntryPoint","urlTemplate":"https:\/\/enviteka.lt\/?s={search_term_string}"},"query-input":{"@type":"PropertyValueSpecification","valueRequired":true,"valueName":"search_term_string"}}],"inLanguage":"en-US"},{"@type":"Organization","@id":"https:\/\/enviteka.lt\/#organization","name":"ENVITEKA","url":"https:\/\/enviteka.lt\/","logo":{"@type":"ImageObject","inLanguage":"en-US","@id":"https:\/\/enviteka.lt\/#\/schema\/logo\/image\/","url":"https:\/\/enviteka.lt\/wp-content\/uploads\/2024\/10\/enviteka-high-resolution-logo-transparent-e1742852093377.png","contentUrl":"https:\/\/enviteka.lt\/wp-content\/uploads\/2024\/10\/enviteka-high-resolution-logo-transparent-e1742852093377.png","width":424,"height":150,"caption":"ENVITEKA"},"image":{"@id":"https:\/\/enviteka.lt\/#\/schema\/logo\/image\/"}}]}},"_links":{"self":[{"href":"https:\/\/enviteka.lt\/en\/wp-json\/wp\/v2\/product\/358","targetHints":{"allow":["GET"]}}],"collection":[{"href":"https:\/\/enviteka.lt\/en\/wp-json\/wp\/v2\/product"}],"about":[{"href":"https:\/\/enviteka.lt\/en\/wp-json\/wp\/v2\/types\/product"}],"wp:featuredmedia":[{"embeddable":true,"href":"https:\/\/enviteka.lt\/en\/wp-json\/wp\/v2\/media\/156"}],"wp:attachment":[{"href":"https:\/\/enviteka.lt\/en\/wp-json\/wp\/v2\/media?parent=358"}],"wp:term":[{"taxonomy":"product_brand","embeddable":true,"href":"https:\/\/enviteka.lt\/en\/wp-json\/wp\/v2\/product_brand?post=358"},{"taxonomy":"product_cat","embeddable":true,"href":"https:\/\/enviteka.lt\/en\/wp-json\/wp\/v2\/product_cat?post=358"},{"taxonomy":"product_tag","embeddable":true,"href":"https:\/\/enviteka.lt\/en\/wp-json\/wp\/v2\/product_tag?post=358"}],"curies":[{"name":"wp","href":"https:\/\/api.w.org\/{rel}","templated":true}]}}