{"id":356,"date":"2024-10-11T14:36:37","date_gmt":"2024-10-11T14:36:37","guid":{"rendered":"https:\/\/enviteka.lt\/?post_type=product&#038;p=356"},"modified":"2025-09-24T17:53:37","modified_gmt":"2025-09-24T17:53:37","slug":"pu-zarna-abrazyvui-alsavac-pul","status":"publish","type":"product","link":"https:\/\/enviteka.lt\/en\/product\/pu-zarna-abrazyvui-alsavac-pul\/","title":{"rendered":"PU \u017earna abrazyvui ALSAVAC PUL"},"content":{"rendered":"<p>Paskirtis: \u017darna lengv\u0173 kiet\u0173 med\u017eiag\u0173, oro, duj\u0173 transportavimui. Naudojama medienos apdirbimo, plastiko, chemijos pramon\u0117se. Labai lanksti ir lengva. Sienel\u0117s storis \u2013 0,4 mm.<br \/>\nVidinis ir i\u0161orinis sluoksniai: PU (poliuretanas), permatomas, be kenksming\u0173 pried\u0173, antistatinis.<br \/>\nSutvirtinimas: Plienin\u0117 spiral\u0117.<br \/>\nTemperat\u016bra: -40\u00b0C\/+90\u00b0C (trumpalaik\u0117 iki +125\u00b0C).<br \/>\nStandartas: UL94-V2 &amp; DIN 4102-B1, ISO 8031, TRGS 727, NFPA 652, ATEX 2014\/34\/EU, DIN 26057 Type 3, RoHS, REACH.<\/p>","protected":false},"excerpt":{"rendered":"<p>Paskirtis: \u017darna lengv\u0173 kiet\u0173 med\u017eiag\u0173, oro, duj\u0173 transportavimui. Naudojama medienos apdirbimo, plastiko, chemijos pramon\u0117se. Labai lanksti ir lengva. Sienel\u0117s storis [&hellip;]<\/p>","protected":false},"featured_media":357,"template":"","meta":{"site-sidebar-layout":"default","site-content-layout":"","ast-site-content-layout":"default","site-content-style":"default","site-sidebar-style":"default","ast-global-header-display":"","ast-banner-title-visibility":"","ast-main-header-display":"","ast-hfb-above-header-display":"","ast-hfb-below-header-display":"","ast-hfb-mobile-header-display":"","site-post-title":"","ast-breadcrumbs-content":"","ast-featured-img":"","footer-sml-layout":"","ast-disable-related-posts":"","theme-transparent-header-meta":"default","adv-header-id-meta":"","stick-header-meta":"","header-above-stick-meta":"","header-main-stick-meta":"","header-below-stick-meta":"","astra-migrate-meta-layouts":"set","ast-page-background-enabled":"default","ast-page-background-meta":{"desktop":{"background-color":"var(--ast-global-color-4)","background-image":"","background-repeat":"repeat","background-position":"center center","background-size":"auto","background-attachment":"scroll","background-type":"","background-media":"","overlay-type":"","overlay-color":"","overlay-opacity":"","overlay-gradient":""},"tablet":{"background-color":"","background-image":"","background-repeat":"repeat","background-position":"center center","background-size":"auto","background-attachment":"scroll","background-type":"","background-media":"","overlay-type":"","overlay-color":"","overlay-opacity":"","overlay-gradient":""},"mobile":{"background-color":"","background-image":"","background-repeat":"repeat","background-position":"center center","background-size":"auto","background-attachment":"scroll","background-type":"","background-media":"","overlay-type":"","overlay-color":"","overlay-opacity":"","overlay-gradient":""}},"ast-content-background-meta":{"desktop":{"background-color":"var(--ast-global-color-5)","background-image":"","background-repeat":"repeat","background-position":"center center","background-size":"auto","background-attachment":"scroll","background-type":"","background-media":"","overlay-type":"","overlay-color":"","overlay-opacity":"","overlay-gradient":""},"tablet":{"background-color":"var(--ast-global-color-5)","background-image":"","background-repeat":"repeat","background-position":"center center","background-size":"auto","background-attachment":"scroll","background-type":"","background-media":"","overlay-type":"","overlay-color":"","overlay-opacity":"","overlay-gradient":""},"mobile":{"background-color":"var(--ast-global-color-5)","background-image":"","background-repeat":"repeat","background-position":"center center","background-size":"auto","background-attachment":"scroll","background-type":"","background-media":"","overlay-type":"","overlay-color":"","overlay-opacity":"","overlay-gradient":""}}},"product_brand":[],"product_cat":[121],"product_tag":[],"class_list":{"0":"post-356","1":"product","2":"type-product","3":"status-publish","4":"has-post-thumbnail","6":"product_cat-poliuretano-zarnos-pu-zarnos","7":"desktop-align-left","8":"tablet-align-left","9":"mobile-align-left","11":"first","12":"instock","13":"shipping-taxable","14":"purchasable","15":"product-type-simple"},"yoast_head":"<!-- This site is optimized with the Yoast SEO plugin v27.3 - https:\/\/yoast.com\/product\/yoast-seo-wordpress\/ -->\n<title>PU \u017earna abrazyvui ALSAVAC PUL - ENVITEKA<\/title>\n<meta name=\"description\" content=\"ALSAVAC PUL PU \u017earna \u2013 atspari abrazyvui, patvari ir lanksti. Skirta granuli\u0173, dulki\u0173, pjuven\u0173 ir kit\u0173 abrazyvini\u0173 med\u017eiag\u0173 transportavimui pramon\u0117je.\" \/>\n<meta name=\"robots\" content=\"index, follow, max-snippet:-1, max-image-preview:large, max-video-preview:-1\" \/>\n<link rel=\"canonical\" href=\"https:\/\/enviteka.lt\/en\/product\/pu-zarna-abrazyvui-alsavac-pul\/\" \/>\n<meta property=\"og:locale\" content=\"en_US\" \/>\n<meta property=\"og:type\" content=\"article\" \/>\n<meta property=\"og:title\" content=\"PU \u017earna abrazyvui ALSAVAC PUL - ENVITEKA\" \/>\n<meta property=\"og:description\" content=\"ALSAVAC PUL PU \u017earna \u2013 atspari abrazyvui, patvari ir lanksti. Skirta granuli\u0173, dulki\u0173, pjuven\u0173 ir kit\u0173 abrazyvini\u0173 med\u017eiag\u0173 transportavimui pramon\u0117je.\" \/>\n<meta property=\"og:url\" content=\"https:\/\/enviteka.lt\/en\/product\/pu-zarna-abrazyvui-alsavac-pul\/\" \/>\n<meta property=\"og:site_name\" content=\"ENVITEKA\" \/>\n<meta property=\"article:modified_time\" content=\"2025-09-24T17:53:37+00:00\" \/>\n<meta property=\"og:image\" content=\"https:\/\/enviteka.lt\/wp-content\/uploads\/2024\/10\/zarna_medzio_drozlems_abrazyvui_alsavac_pul_abrasion_resistant_hose.jpg\" \/>\n\t<meta property=\"og:image:width\" content=\"540\" \/>\n\t<meta property=\"og:image:height\" content=\"420\" \/>\n\t<meta property=\"og:image:type\" content=\"image\/jpeg\" \/>\n<meta name=\"twitter:card\" content=\"summary_large_image\" \/>\n<meta name=\"twitter:label1\" content=\"Est. reading time\" \/>\n\t<meta name=\"twitter:data1\" content=\"1 minute\" \/>\n<script type=\"application\/ld+json\" class=\"yoast-schema-graph\">{\"@context\":\"https:\\\/\\\/schema.org\",\"@graph\":[{\"@type\":\"WebPage\",\"@id\":\"https:\\\/\\\/enviteka.lt\\\/produktas\\\/pu-zarna-abrazyvui-alsavac-pul\\\/\",\"url\":\"https:\\\/\\\/enviteka.lt\\\/produktas\\\/pu-zarna-abrazyvui-alsavac-pul\\\/\",\"name\":\"PU \u017earna abrazyvui ALSAVAC PUL - ENVITEKA\",\"isPartOf\":{\"@id\":\"https:\\\/\\\/enviteka.lt\\\/#website\"},\"primaryImageOfPage\":{\"@id\":\"https:\\\/\\\/enviteka.lt\\\/produktas\\\/pu-zarna-abrazyvui-alsavac-pul\\\/#primaryimage\"},\"image\":{\"@id\":\"https:\\\/\\\/enviteka.lt\\\/produktas\\\/pu-zarna-abrazyvui-alsavac-pul\\\/#primaryimage\"},\"thumbnailUrl\":\"https:\\\/\\\/enviteka.lt\\\/wp-content\\\/uploads\\\/2024\\\/10\\\/zarna_medzio_drozlems_abrazyvui_alsavac_pul_abrasion_resistant_hose.jpg\",\"datePublished\":\"2024-10-11T14:36:37+00:00\",\"dateModified\":\"2025-09-24T17:53:37+00:00\",\"description\":\"ALSAVAC PUL PU \u017earna \u2013 atspari abrazyvui, patvari ir lanksti. Skirta granuli\u0173, dulki\u0173, pjuven\u0173 ir kit\u0173 abrazyvini\u0173 med\u017eiag\u0173 transportavimui pramon\u0117je.\",\"breadcrumb\":{\"@id\":\"https:\\\/\\\/enviteka.lt\\\/produktas\\\/pu-zarna-abrazyvui-alsavac-pul\\\/#breadcrumb\"},\"inLanguage\":\"en-US\",\"potentialAction\":[{\"@type\":\"ReadAction\",\"target\":[\"https:\\\/\\\/enviteka.lt\\\/produktas\\\/pu-zarna-abrazyvui-alsavac-pul\\\/\"]}]},{\"@type\":\"ImageObject\",\"inLanguage\":\"en-US\",\"@id\":\"https:\\\/\\\/enviteka.lt\\\/produktas\\\/pu-zarna-abrazyvui-alsavac-pul\\\/#primaryimage\",\"url\":\"https:\\\/\\\/enviteka.lt\\\/wp-content\\\/uploads\\\/2024\\\/10\\\/zarna_medzio_drozlems_abrazyvui_alsavac_pul_abrasion_resistant_hose.jpg\",\"contentUrl\":\"https:\\\/\\\/enviteka.lt\\\/wp-content\\\/uploads\\\/2024\\\/10\\\/zarna_medzio_drozlems_abrazyvui_alsavac_pul_abrasion_resistant_hose.jpg\",\"width\":540,\"height\":420},{\"@type\":\"BreadcrumbList\",\"@id\":\"https:\\\/\\\/enviteka.lt\\\/produktas\\\/pu-zarna-abrazyvui-alsavac-pul\\\/#breadcrumb\",\"itemListElement\":[{\"@type\":\"ListItem\",\"position\":1,\"name\":\"Home\",\"item\":\"https:\\\/\\\/enviteka.lt\\\/\"},{\"@type\":\"ListItem\",\"position\":2,\"name\":\"Produktai\",\"item\":\"https:\\\/\\\/enviteka.lt\\\/produktai\\\/\"},{\"@type\":\"ListItem\",\"position\":3,\"name\":\"PU \u017earna abrazyvui ALSAVAC PUL\"}]},{\"@type\":\"WebSite\",\"@id\":\"https:\\\/\\\/enviteka.lt\\\/#website\",\"url\":\"https:\\\/\\\/enviteka.lt\\\/\",\"name\":\"ENVITEKA\",\"description\":\"pramonin\u0117s \u012frangos tiek\u0117jas\",\"publisher\":{\"@id\":\"https:\\\/\\\/enviteka.lt\\\/#organization\"},\"potentialAction\":[{\"@type\":\"SearchAction\",\"target\":{\"@type\":\"EntryPoint\",\"urlTemplate\":\"https:\\\/\\\/enviteka.lt\\\/?s={search_term_string}\"},\"query-input\":{\"@type\":\"PropertyValueSpecification\",\"valueRequired\":true,\"valueName\":\"search_term_string\"}}],\"inLanguage\":\"en-US\"},{\"@type\":\"Organization\",\"@id\":\"https:\\\/\\\/enviteka.lt\\\/#organization\",\"name\":\"ENVITEKA\",\"url\":\"https:\\\/\\\/enviteka.lt\\\/\",\"logo\":{\"@type\":\"ImageObject\",\"inLanguage\":\"en-US\",\"@id\":\"https:\\\/\\\/enviteka.lt\\\/#\\\/schema\\\/logo\\\/image\\\/\",\"url\":\"https:\\\/\\\/enviteka.lt\\\/wp-content\\\/uploads\\\/2024\\\/10\\\/enviteka-high-resolution-logo-transparent-e1742852093377.png\",\"contentUrl\":\"https:\\\/\\\/enviteka.lt\\\/wp-content\\\/uploads\\\/2024\\\/10\\\/enviteka-high-resolution-logo-transparent-e1742852093377.png\",\"width\":424,\"height\":150,\"caption\":\"ENVITEKA\"},\"image\":{\"@id\":\"https:\\\/\\\/enviteka.lt\\\/#\\\/schema\\\/logo\\\/image\\\/\"}}]}<\/script>\n<!-- \/ Yoast SEO plugin. -->","yoast_head_json":{"title":"PU \u017earna abrazyvui ALSAVAC PUL - ENVITEKA","description":"ALSAVAC PUL PU \u017earna \u2013 atspari abrazyvui, patvari ir lanksti. Skirta granuli\u0173, dulki\u0173, pjuven\u0173 ir kit\u0173 abrazyvini\u0173 med\u017eiag\u0173 transportavimui pramon\u0117je.","robots":{"index":"index","follow":"follow","max-snippet":"max-snippet:-1","max-image-preview":"max-image-preview:large","max-video-preview":"max-video-preview:-1"},"canonical":"https:\/\/enviteka.lt\/en\/product\/pu-zarna-abrazyvui-alsavac-pul\/","og_locale":"en_US","og_type":"article","og_title":"PU \u017earna abrazyvui ALSAVAC PUL - ENVITEKA","og_description":"ALSAVAC PUL PU \u017earna \u2013 atspari abrazyvui, patvari ir lanksti. Skirta granuli\u0173, dulki\u0173, pjuven\u0173 ir kit\u0173 abrazyvini\u0173 med\u017eiag\u0173 transportavimui pramon\u0117je.","og_url":"https:\/\/enviteka.lt\/en\/product\/pu-zarna-abrazyvui-alsavac-pul\/","og_site_name":"ENVITEKA","article_modified_time":"2025-09-24T17:53:37+00:00","og_image":[{"width":540,"height":420,"url":"https:\/\/enviteka.lt\/wp-content\/uploads\/2024\/10\/zarna_medzio_drozlems_abrazyvui_alsavac_pul_abrasion_resistant_hose.jpg","type":"image\/jpeg"}],"twitter_card":"summary_large_image","twitter_misc":{"Est. reading time":"1 minute"},"schema":{"@context":"https:\/\/schema.org","@graph":[{"@type":"WebPage","@id":"https:\/\/enviteka.lt\/produktas\/pu-zarna-abrazyvui-alsavac-pul\/","url":"https:\/\/enviteka.lt\/produktas\/pu-zarna-abrazyvui-alsavac-pul\/","name":"PU \u017earna abrazyvui ALSAVAC PUL - ENVITEKA","isPartOf":{"@id":"https:\/\/enviteka.lt\/#website"},"primaryImageOfPage":{"@id":"https:\/\/enviteka.lt\/produktas\/pu-zarna-abrazyvui-alsavac-pul\/#primaryimage"},"image":{"@id":"https:\/\/enviteka.lt\/produktas\/pu-zarna-abrazyvui-alsavac-pul\/#primaryimage"},"thumbnailUrl":"https:\/\/enviteka.lt\/wp-content\/uploads\/2024\/10\/zarna_medzio_drozlems_abrazyvui_alsavac_pul_abrasion_resistant_hose.jpg","datePublished":"2024-10-11T14:36:37+00:00","dateModified":"2025-09-24T17:53:37+00:00","description":"ALSAVAC PUL PU \u017earna \u2013 atspari abrazyvui, patvari ir lanksti. Skirta granuli\u0173, dulki\u0173, pjuven\u0173 ir kit\u0173 abrazyvini\u0173 med\u017eiag\u0173 transportavimui pramon\u0117je.","breadcrumb":{"@id":"https:\/\/enviteka.lt\/produktas\/pu-zarna-abrazyvui-alsavac-pul\/#breadcrumb"},"inLanguage":"en-US","potentialAction":[{"@type":"ReadAction","target":["https:\/\/enviteka.lt\/produktas\/pu-zarna-abrazyvui-alsavac-pul\/"]}]},{"@type":"ImageObject","inLanguage":"en-US","@id":"https:\/\/enviteka.lt\/produktas\/pu-zarna-abrazyvui-alsavac-pul\/#primaryimage","url":"https:\/\/enviteka.lt\/wp-content\/uploads\/2024\/10\/zarna_medzio_drozlems_abrazyvui_alsavac_pul_abrasion_resistant_hose.jpg","contentUrl":"https:\/\/enviteka.lt\/wp-content\/uploads\/2024\/10\/zarna_medzio_drozlems_abrazyvui_alsavac_pul_abrasion_resistant_hose.jpg","width":540,"height":420},{"@type":"BreadcrumbList","@id":"https:\/\/enviteka.lt\/produktas\/pu-zarna-abrazyvui-alsavac-pul\/#breadcrumb","itemListElement":[{"@type":"ListItem","position":1,"name":"Home","item":"https:\/\/enviteka.lt\/"},{"@type":"ListItem","position":2,"name":"Produktai","item":"https:\/\/enviteka.lt\/produktai\/"},{"@type":"ListItem","position":3,"name":"PU \u017earna abrazyvui ALSAVAC PUL"}]},{"@type":"WebSite","@id":"https:\/\/enviteka.lt\/#website","url":"https:\/\/enviteka.lt\/","name":"ENVITEKA","description":"pramonin\u0117s \u012frangos tiek\u0117jas","publisher":{"@id":"https:\/\/enviteka.lt\/#organization"},"potentialAction":[{"@type":"SearchAction","target":{"@type":"EntryPoint","urlTemplate":"https:\/\/enviteka.lt\/?s={search_term_string}"},"query-input":{"@type":"PropertyValueSpecification","valueRequired":true,"valueName":"search_term_string"}}],"inLanguage":"en-US"},{"@type":"Organization","@id":"https:\/\/enviteka.lt\/#organization","name":"ENVITEKA","url":"https:\/\/enviteka.lt\/","logo":{"@type":"ImageObject","inLanguage":"en-US","@id":"https:\/\/enviteka.lt\/#\/schema\/logo\/image\/","url":"https:\/\/enviteka.lt\/wp-content\/uploads\/2024\/10\/enviteka-high-resolution-logo-transparent-e1742852093377.png","contentUrl":"https:\/\/enviteka.lt\/wp-content\/uploads\/2024\/10\/enviteka-high-resolution-logo-transparent-e1742852093377.png","width":424,"height":150,"caption":"ENVITEKA"},"image":{"@id":"https:\/\/enviteka.lt\/#\/schema\/logo\/image\/"}}]}},"_links":{"self":[{"href":"https:\/\/enviteka.lt\/en\/wp-json\/wp\/v2\/product\/356","targetHints":{"allow":["GET"]}}],"collection":[{"href":"https:\/\/enviteka.lt\/en\/wp-json\/wp\/v2\/product"}],"about":[{"href":"https:\/\/enviteka.lt\/en\/wp-json\/wp\/v2\/types\/product"}],"wp:featuredmedia":[{"embeddable":true,"href":"https:\/\/enviteka.lt\/en\/wp-json\/wp\/v2\/media\/357"}],"wp:attachment":[{"href":"https:\/\/enviteka.lt\/en\/wp-json\/wp\/v2\/media?parent=356"}],"wp:term":[{"taxonomy":"product_brand","embeddable":true,"href":"https:\/\/enviteka.lt\/en\/wp-json\/wp\/v2\/product_brand?post=356"},{"taxonomy":"product_cat","embeddable":true,"href":"https:\/\/enviteka.lt\/en\/wp-json\/wp\/v2\/product_cat?post=356"},{"taxonomy":"product_tag","embeddable":true,"href":"https:\/\/enviteka.lt\/en\/wp-json\/wp\/v2\/product_tag?post=356"}],"curies":[{"name":"wp","href":"https:\/\/api.w.org\/{rel}","templated":true}]}}