{"id":338,"date":"2024-10-11T14:31:35","date_gmt":"2024-10-11T14:31:35","guid":{"rendered":"https:\/\/enviteka.lt\/?post_type=product&#038;p=338"},"modified":"2025-09-24T17:57:30","modified_gmt":"2025-09-24T17:57:30","slug":"pu-zarna-sejamosioms","status":"publish","type":"product","link":"https:\/\/enviteka.lt\/en\/product\/pu-zarna-sejamosioms\/","title":{"rendered":"PU \u017earna s\u0117jamosioms"},"content":{"rendered":"<p>Paskirtis: Lanksti \u017earna skirta naudoti \u017eem\u0117s \u016bkyje, montavimui pneumatin\u0117se s\u0117jamosiose.<br \/>\nPastabos: Itin tvirta, atspari i\u0161or\u0117s poveikiui, suspaudimams, abrazyvui ir lengviems chemikalams.<br \/>\nVidinis sluoksnis: PU, lygus.<br \/>\nSutvirtinimas: PVC spiral\u0117.<br \/>\nI\u0161orinis sluoksnis: PU, lengvai banguotas.<br \/>\nSpalva: Permatoma, su pilka spirale.<br \/>\nTemperat\u016bra: -20\u00b0C\/+80\u00b0C<\/p>","protected":false},"excerpt":{"rendered":"<p>Paskirtis: Lanksti \u017earna skirta naudoti \u017eem\u0117s \u016bkyje, montavimui pneumatin\u0117se s\u0117jamosiose. Pastabos: Itin tvirta, atspari i\u0161or\u0117s poveikiui, suspaudimams, abrazyvui ir lengviems [&hellip;]<\/p>","protected":false},"featured_media":339,"template":"","meta":{"site-sidebar-layout":"default","site-content-layout":"","ast-site-content-layout":"default","site-content-style":"default","site-sidebar-style":"default","ast-global-header-display":"","ast-banner-title-visibility":"","ast-main-header-display":"","ast-hfb-above-header-display":"","ast-hfb-below-header-display":"","ast-hfb-mobile-header-display":"","site-post-title":"","ast-breadcrumbs-content":"","ast-featured-img":"","footer-sml-layout":"","ast-disable-related-posts":"","theme-transparent-header-meta":"default","adv-header-id-meta":"","stick-header-meta":"","header-above-stick-meta":"","header-main-stick-meta":"","header-below-stick-meta":"","astra-migrate-meta-layouts":"set","ast-page-background-enabled":"default","ast-page-background-meta":{"desktop":{"background-color":"var(--ast-global-color-4)","background-image":"","background-repeat":"repeat","background-position":"center center","background-size":"auto","background-attachment":"scroll","background-type":"","background-media":"","overlay-type":"","overlay-color":"","overlay-opacity":"","overlay-gradient":""},"tablet":{"background-color":"","background-image":"","background-repeat":"repeat","background-position":"center center","background-size":"auto","background-attachment":"scroll","background-type":"","background-media":"","overlay-type":"","overlay-color":"","overlay-opacity":"","overlay-gradient":""},"mobile":{"background-color":"","background-image":"","background-repeat":"repeat","background-position":"center center","background-size":"auto","background-attachment":"scroll","background-type":"","background-media":"","overlay-type":"","overlay-color":"","overlay-opacity":"","overlay-gradient":""}},"ast-content-background-meta":{"desktop":{"background-color":"var(--ast-global-color-5)","background-image":"","background-repeat":"repeat","background-position":"center center","background-size":"auto","background-attachment":"scroll","background-type":"","background-media":"","overlay-type":"","overlay-color":"","overlay-opacity":"","overlay-gradient":""},"tablet":{"background-color":"var(--ast-global-color-5)","background-image":"","background-repeat":"repeat","background-position":"center center","background-size":"auto","background-attachment":"scroll","background-type":"","background-media":"","overlay-type":"","overlay-color":"","overlay-opacity":"","overlay-gradient":""},"mobile":{"background-color":"var(--ast-global-color-5)","background-image":"","background-repeat":"repeat","background-position":"center center","background-size":"auto","background-attachment":"scroll","background-type":"","background-media":"","overlay-type":"","overlay-color":"","overlay-opacity":"","overlay-gradient":""}}},"product_brand":[],"product_cat":[121],"product_tag":[],"class_list":{"0":"post-338","1":"product","2":"type-product","3":"status-publish","4":"has-post-thumbnail","6":"product_cat-poliuretano-zarnos-pu-zarnos","7":"desktop-align-left","8":"tablet-align-left","9":"mobile-align-left","11":"first","12":"instock","13":"shipping-taxable","14":"purchasable","15":"product-type-simple"},"yoast_head":"<!-- This site is optimized with the Yoast SEO plugin v27.3 - https:\/\/yoast.com\/product\/yoast-seo-wordpress\/ -->\n<title>PU \u017earna s\u0117jamosioms - ENVITEKA<\/title>\n<meta name=\"description\" content=\"Auk\u0161tos kokyb\u0117s PU \u017earna s\u0117jamosioms. Patvari, atspari dilimui ir abrazyvui, ideali s\u0117kl\u0173 bei tr\u0105\u0161\u0173 tiekimui \u017eem\u0117s \u016bkio s\u0117jamosiose\" \/>\n<meta name=\"robots\" content=\"index, follow, max-snippet:-1, max-image-preview:large, max-video-preview:-1\" \/>\n<link rel=\"canonical\" href=\"https:\/\/enviteka.lt\/en\/product\/pu-zarna-sejamosioms\/\" \/>\n<meta property=\"og:locale\" content=\"en_US\" \/>\n<meta property=\"og:type\" content=\"article\" \/>\n<meta property=\"og:title\" content=\"PU \u017earna s\u0117jamosioms - ENVITEKA\" \/>\n<meta property=\"og:description\" content=\"Auk\u0161tos kokyb\u0117s PU \u017earna s\u0117jamosioms. Patvari, atspari dilimui ir abrazyvui, ideali s\u0117kl\u0173 bei tr\u0105\u0161\u0173 tiekimui \u017eem\u0117s \u016bkio s\u0117jamosiose\" \/>\n<meta property=\"og:url\" content=\"https:\/\/enviteka.lt\/en\/product\/pu-zarna-sejamosioms\/\" \/>\n<meta property=\"og:site_name\" content=\"ENVITEKA\" \/>\n<meta property=\"article:modified_time\" content=\"2025-09-24T17:57:30+00:00\" \/>\n<meta property=\"og:image\" content=\"https:\/\/enviteka.lt\/wp-content\/uploads\/2024\/10\/sejamosioms_zarna_seeder_hose.jpg\" \/>\n\t<meta property=\"og:image:width\" content=\"540\" \/>\n\t<meta property=\"og:image:height\" content=\"420\" \/>\n\t<meta property=\"og:image:type\" content=\"image\/jpeg\" \/>\n<meta name=\"twitter:card\" content=\"summary_large_image\" \/>\n<meta name=\"twitter:label1\" content=\"Est. reading time\" \/>\n\t<meta name=\"twitter:data1\" content=\"1 minute\" \/>\n<script type=\"application\/ld+json\" class=\"yoast-schema-graph\">{\"@context\":\"https:\\\/\\\/schema.org\",\"@graph\":[{\"@type\":\"WebPage\",\"@id\":\"https:\\\/\\\/enviteka.lt\\\/produktas\\\/pu-zarna-sejamosioms\\\/\",\"url\":\"https:\\\/\\\/enviteka.lt\\\/produktas\\\/pu-zarna-sejamosioms\\\/\",\"name\":\"PU \u017earna s\u0117jamosioms - ENVITEKA\",\"isPartOf\":{\"@id\":\"https:\\\/\\\/enviteka.lt\\\/#website\"},\"primaryImageOfPage\":{\"@id\":\"https:\\\/\\\/enviteka.lt\\\/produktas\\\/pu-zarna-sejamosioms\\\/#primaryimage\"},\"image\":{\"@id\":\"https:\\\/\\\/enviteka.lt\\\/produktas\\\/pu-zarna-sejamosioms\\\/#primaryimage\"},\"thumbnailUrl\":\"https:\\\/\\\/enviteka.lt\\\/wp-content\\\/uploads\\\/2024\\\/10\\\/sejamosioms_zarna_seeder_hose.jpg\",\"datePublished\":\"2024-10-11T14:31:35+00:00\",\"dateModified\":\"2025-09-24T17:57:30+00:00\",\"description\":\"Auk\u0161tos kokyb\u0117s PU \u017earna s\u0117jamosioms. Patvari, atspari dilimui ir abrazyvui, ideali s\u0117kl\u0173 bei tr\u0105\u0161\u0173 tiekimui \u017eem\u0117s \u016bkio s\u0117jamosiose\",\"breadcrumb\":{\"@id\":\"https:\\\/\\\/enviteka.lt\\\/produktas\\\/pu-zarna-sejamosioms\\\/#breadcrumb\"},\"inLanguage\":\"en-US\",\"potentialAction\":[{\"@type\":\"ReadAction\",\"target\":[\"https:\\\/\\\/enviteka.lt\\\/produktas\\\/pu-zarna-sejamosioms\\\/\"]}]},{\"@type\":\"ImageObject\",\"inLanguage\":\"en-US\",\"@id\":\"https:\\\/\\\/enviteka.lt\\\/produktas\\\/pu-zarna-sejamosioms\\\/#primaryimage\",\"url\":\"https:\\\/\\\/enviteka.lt\\\/wp-content\\\/uploads\\\/2024\\\/10\\\/sejamosioms_zarna_seeder_hose.jpg\",\"contentUrl\":\"https:\\\/\\\/enviteka.lt\\\/wp-content\\\/uploads\\\/2024\\\/10\\\/sejamosioms_zarna_seeder_hose.jpg\",\"width\":540,\"height\":420},{\"@type\":\"BreadcrumbList\",\"@id\":\"https:\\\/\\\/enviteka.lt\\\/produktas\\\/pu-zarna-sejamosioms\\\/#breadcrumb\",\"itemListElement\":[{\"@type\":\"ListItem\",\"position\":1,\"name\":\"Home\",\"item\":\"https:\\\/\\\/enviteka.lt\\\/\"},{\"@type\":\"ListItem\",\"position\":2,\"name\":\"Produktai\",\"item\":\"https:\\\/\\\/enviteka.lt\\\/produktai\\\/\"},{\"@type\":\"ListItem\",\"position\":3,\"name\":\"PU \u017earna s\u0117jamosioms\"}]},{\"@type\":\"WebSite\",\"@id\":\"https:\\\/\\\/enviteka.lt\\\/#website\",\"url\":\"https:\\\/\\\/enviteka.lt\\\/\",\"name\":\"ENVITEKA\",\"description\":\"pramonin\u0117s \u012frangos tiek\u0117jas\",\"publisher\":{\"@id\":\"https:\\\/\\\/enviteka.lt\\\/#organization\"},\"potentialAction\":[{\"@type\":\"SearchAction\",\"target\":{\"@type\":\"EntryPoint\",\"urlTemplate\":\"https:\\\/\\\/enviteka.lt\\\/?s={search_term_string}\"},\"query-input\":{\"@type\":\"PropertyValueSpecification\",\"valueRequired\":true,\"valueName\":\"search_term_string\"}}],\"inLanguage\":\"en-US\"},{\"@type\":\"Organization\",\"@id\":\"https:\\\/\\\/enviteka.lt\\\/#organization\",\"name\":\"ENVITEKA\",\"url\":\"https:\\\/\\\/enviteka.lt\\\/\",\"logo\":{\"@type\":\"ImageObject\",\"inLanguage\":\"en-US\",\"@id\":\"https:\\\/\\\/enviteka.lt\\\/#\\\/schema\\\/logo\\\/image\\\/\",\"url\":\"https:\\\/\\\/enviteka.lt\\\/wp-content\\\/uploads\\\/2024\\\/10\\\/enviteka-high-resolution-logo-transparent-e1742852093377.png\",\"contentUrl\":\"https:\\\/\\\/enviteka.lt\\\/wp-content\\\/uploads\\\/2024\\\/10\\\/enviteka-high-resolution-logo-transparent-e1742852093377.png\",\"width\":424,\"height\":150,\"caption\":\"ENVITEKA\"},\"image\":{\"@id\":\"https:\\\/\\\/enviteka.lt\\\/#\\\/schema\\\/logo\\\/image\\\/\"}}]}<\/script>\n<!-- \/ Yoast SEO plugin. -->","yoast_head_json":{"title":"PU \u017earna s\u0117jamosioms - ENVITEKA","description":"Auk\u0161tos kokyb\u0117s PU \u017earna s\u0117jamosioms. Patvari, atspari dilimui ir abrazyvui, ideali s\u0117kl\u0173 bei tr\u0105\u0161\u0173 tiekimui \u017eem\u0117s \u016bkio s\u0117jamosiose","robots":{"index":"index","follow":"follow","max-snippet":"max-snippet:-1","max-image-preview":"max-image-preview:large","max-video-preview":"max-video-preview:-1"},"canonical":"https:\/\/enviteka.lt\/en\/product\/pu-zarna-sejamosioms\/","og_locale":"en_US","og_type":"article","og_title":"PU \u017earna s\u0117jamosioms - ENVITEKA","og_description":"Auk\u0161tos kokyb\u0117s PU \u017earna s\u0117jamosioms. Patvari, atspari dilimui ir abrazyvui, ideali s\u0117kl\u0173 bei tr\u0105\u0161\u0173 tiekimui \u017eem\u0117s \u016bkio s\u0117jamosiose","og_url":"https:\/\/enviteka.lt\/en\/product\/pu-zarna-sejamosioms\/","og_site_name":"ENVITEKA","article_modified_time":"2025-09-24T17:57:30+00:00","og_image":[{"width":540,"height":420,"url":"https:\/\/enviteka.lt\/wp-content\/uploads\/2024\/10\/sejamosioms_zarna_seeder_hose.jpg","type":"image\/jpeg"}],"twitter_card":"summary_large_image","twitter_misc":{"Est. reading time":"1 minute"},"schema":{"@context":"https:\/\/schema.org","@graph":[{"@type":"WebPage","@id":"https:\/\/enviteka.lt\/produktas\/pu-zarna-sejamosioms\/","url":"https:\/\/enviteka.lt\/produktas\/pu-zarna-sejamosioms\/","name":"PU \u017earna s\u0117jamosioms - ENVITEKA","isPartOf":{"@id":"https:\/\/enviteka.lt\/#website"},"primaryImageOfPage":{"@id":"https:\/\/enviteka.lt\/produktas\/pu-zarna-sejamosioms\/#primaryimage"},"image":{"@id":"https:\/\/enviteka.lt\/produktas\/pu-zarna-sejamosioms\/#primaryimage"},"thumbnailUrl":"https:\/\/enviteka.lt\/wp-content\/uploads\/2024\/10\/sejamosioms_zarna_seeder_hose.jpg","datePublished":"2024-10-11T14:31:35+00:00","dateModified":"2025-09-24T17:57:30+00:00","description":"Auk\u0161tos kokyb\u0117s PU \u017earna s\u0117jamosioms. Patvari, atspari dilimui ir abrazyvui, ideali s\u0117kl\u0173 bei tr\u0105\u0161\u0173 tiekimui \u017eem\u0117s \u016bkio s\u0117jamosiose","breadcrumb":{"@id":"https:\/\/enviteka.lt\/produktas\/pu-zarna-sejamosioms\/#breadcrumb"},"inLanguage":"en-US","potentialAction":[{"@type":"ReadAction","target":["https:\/\/enviteka.lt\/produktas\/pu-zarna-sejamosioms\/"]}]},{"@type":"ImageObject","inLanguage":"en-US","@id":"https:\/\/enviteka.lt\/produktas\/pu-zarna-sejamosioms\/#primaryimage","url":"https:\/\/enviteka.lt\/wp-content\/uploads\/2024\/10\/sejamosioms_zarna_seeder_hose.jpg","contentUrl":"https:\/\/enviteka.lt\/wp-content\/uploads\/2024\/10\/sejamosioms_zarna_seeder_hose.jpg","width":540,"height":420},{"@type":"BreadcrumbList","@id":"https:\/\/enviteka.lt\/produktas\/pu-zarna-sejamosioms\/#breadcrumb","itemListElement":[{"@type":"ListItem","position":1,"name":"Home","item":"https:\/\/enviteka.lt\/"},{"@type":"ListItem","position":2,"name":"Produktai","item":"https:\/\/enviteka.lt\/produktai\/"},{"@type":"ListItem","position":3,"name":"PU \u017earna s\u0117jamosioms"}]},{"@type":"WebSite","@id":"https:\/\/enviteka.lt\/#website","url":"https:\/\/enviteka.lt\/","name":"ENVITEKA","description":"pramonin\u0117s \u012frangos tiek\u0117jas","publisher":{"@id":"https:\/\/enviteka.lt\/#organization"},"potentialAction":[{"@type":"SearchAction","target":{"@type":"EntryPoint","urlTemplate":"https:\/\/enviteka.lt\/?s={search_term_string}"},"query-input":{"@type":"PropertyValueSpecification","valueRequired":true,"valueName":"search_term_string"}}],"inLanguage":"en-US"},{"@type":"Organization","@id":"https:\/\/enviteka.lt\/#organization","name":"ENVITEKA","url":"https:\/\/enviteka.lt\/","logo":{"@type":"ImageObject","inLanguage":"en-US","@id":"https:\/\/enviteka.lt\/#\/schema\/logo\/image\/","url":"https:\/\/enviteka.lt\/wp-content\/uploads\/2024\/10\/enviteka-high-resolution-logo-transparent-e1742852093377.png","contentUrl":"https:\/\/enviteka.lt\/wp-content\/uploads\/2024\/10\/enviteka-high-resolution-logo-transparent-e1742852093377.png","width":424,"height":150,"caption":"ENVITEKA"},"image":{"@id":"https:\/\/enviteka.lt\/#\/schema\/logo\/image\/"}}]}},"_links":{"self":[{"href":"https:\/\/enviteka.lt\/en\/wp-json\/wp\/v2\/product\/338","targetHints":{"allow":["GET"]}}],"collection":[{"href":"https:\/\/enviteka.lt\/en\/wp-json\/wp\/v2\/product"}],"about":[{"href":"https:\/\/enviteka.lt\/en\/wp-json\/wp\/v2\/types\/product"}],"wp:featuredmedia":[{"embeddable":true,"href":"https:\/\/enviteka.lt\/en\/wp-json\/wp\/v2\/media\/339"}],"wp:attachment":[{"href":"https:\/\/enviteka.lt\/en\/wp-json\/wp\/v2\/media?parent=338"}],"wp:term":[{"taxonomy":"product_brand","embeddable":true,"href":"https:\/\/enviteka.lt\/en\/wp-json\/wp\/v2\/product_brand?post=338"},{"taxonomy":"product_cat","embeddable":true,"href":"https:\/\/enviteka.lt\/en\/wp-json\/wp\/v2\/product_cat?post=338"},{"taxonomy":"product_tag","embeddable":true,"href":"https:\/\/enviteka.lt\/en\/wp-json\/wp\/v2\/product_tag?post=338"}],"curies":[{"name":"wp","href":"https:\/\/api.w.org\/{rel}","templated":true}]}}