{"id":326,"date":"2024-10-11T14:26:26","date_gmt":"2024-10-11T14:26:26","guid":{"rendered":"https:\/\/enviteka.lt\/?post_type=product&#038;p=326"},"modified":"2024-10-28T20:53:44","modified_gmt":"2024-10-28T20:53:44","slug":"pvc-zarna-laistymui-nts","status":"publish","type":"product","link":"https:\/\/enviteka.lt\/en\/product\/pvc-zarna-laistymui-nts\/","title":{"rendered":"PVC \u017earna laistymui NTS Nepersisukanti"},"content":{"rendered":"<p><strong>Paskirtis:<\/strong> Naujos kartos \u0161e\u0161i\u0173 sluoksni\u0173 \u017earna laistymo, dr\u0117kinimo darbams. \u017darna papildyta apsauga nuo UV spinduli\u0173 poveikio ir sluoksniu, apsaugan\u010diu nuo \u012fbr\u0117\u017eim\u0173, \u012fpjovim\u0173. Naudojimo metu \u017earna nepersisuka, tod\u0117l tai dar labiau palengvina sodo darbus. Specialus vidinis sluoksnis apsaugo nuo dumbli\u0173 susidarymo ir u\u017etikrina tinkam\u0105 vandens pratek\u0117jim\u0105. Be ftalat\u0173. Patentuotos technologijos.<br \/>\n<strong>Vidinis sluoksnis:<\/strong> PVC, lankstus, atsparus dumbli\u0173 susidarymui.<br \/>\n<strong>I\u0161orinis sluoksnis:<\/strong> PVC, lankstus, atsparus UV spinduliams, \u017ealias arba geltonas.<br \/>\n<strong>Sutvirtinimas:<\/strong> NTS tekstilinis tinklas.<\/p>\n<p>&nbsp;<\/p>\n<p><img fetchpriority=\"high\" decoding=\"async\" class=\"alignnone wp-image-829\" src=\"https:\/\/enviteka.lt\/wp-content\/uploads\/2024\/10\/laistymo_zarna_nepersisukanti-300x112.jpg\" alt=\"\" width=\"587\" height=\"219\" srcset=\"https:\/\/enviteka.lt\/wp-content\/uploads\/2024\/10\/laistymo_zarna_nepersisukanti-300x112.jpg 300w, https:\/\/enviteka.lt\/wp-content\/uploads\/2024\/10\/laistymo_zarna_nepersisukanti-18x7.jpg 18w, https:\/\/enviteka.lt\/wp-content\/uploads\/2024\/10\/laistymo_zarna_nepersisukanti-600x224.jpg 600w, https:\/\/enviteka.lt\/wp-content\/uploads\/2024\/10\/laistymo_zarna_nepersisukanti.jpg 706w\" sizes=\"(max-width: 587px) 100vw, 587px\" \/><\/p>","protected":false},"excerpt":{"rendered":"<p>Paskirtis: Naujos kartos \u0161e\u0161i\u0173 sluoksni\u0173 \u017earna laistymo, dr\u0117kinimo darbams. \u017darna papildyta apsauga nuo UV spinduli\u0173 poveikio ir sluoksniu, apsaugan\u010diu nuo [&hellip;]<\/p>","protected":false},"featured_media":327,"template":"","meta":{"site-sidebar-layout":"default","site-content-layout":"","ast-site-content-layout":"default","site-content-style":"default","site-sidebar-style":"default","ast-global-header-display":"","ast-banner-title-visibility":"","ast-main-header-display":"","ast-hfb-above-header-display":"","ast-hfb-below-header-display":"","ast-hfb-mobile-header-display":"","site-post-title":"","ast-breadcrumbs-content":"","ast-featured-img":"","footer-sml-layout":"","ast-disable-related-posts":"","theme-transparent-header-meta":"default","adv-header-id-meta":"","stick-header-meta":"","header-above-stick-meta":"","header-main-stick-meta":"","header-below-stick-meta":"","astra-migrate-meta-layouts":"set","ast-page-background-enabled":"default","ast-page-background-meta":{"desktop":{"background-color":"var(--ast-global-color-4)","background-image":"","background-repeat":"repeat","background-position":"center center","background-size":"auto","background-attachment":"scroll","background-type":"","background-media":"","overlay-type":"","overlay-color":"","overlay-opacity":"","overlay-gradient":""},"tablet":{"background-color":"","background-image":"","background-repeat":"repeat","background-position":"center center","background-size":"auto","background-attachment":"scroll","background-type":"","background-media":"","overlay-type":"","overlay-color":"","overlay-opacity":"","overlay-gradient":""},"mobile":{"background-color":"","background-image":"","background-repeat":"repeat","background-position":"center center","background-size":"auto","background-attachment":"scroll","background-type":"","background-media":"","overlay-type":"","overlay-color":"","overlay-opacity":"","overlay-gradient":""}},"ast-content-background-meta":{"desktop":{"background-color":"var(--ast-global-color-5)","background-image":"","background-repeat":"repeat","background-position":"center center","background-size":"auto","background-attachment":"scroll","background-type":"","background-media":"","overlay-type":"","overlay-color":"","overlay-opacity":"","overlay-gradient":""},"tablet":{"background-color":"var(--ast-global-color-5)","background-image":"","background-repeat":"repeat","background-position":"center center","background-size":"auto","background-attachment":"scroll","background-type":"","background-media":"","overlay-type":"","overlay-color":"","overlay-opacity":"","overlay-gradient":""},"mobile":{"background-color":"var(--ast-global-color-5)","background-image":"","background-repeat":"repeat","background-position":"center center","background-size":"auto","background-attachment":"scroll","background-type":"","background-media":"","overlay-type":"","overlay-color":"","overlay-opacity":"","overlay-gradient":""}}},"product_brand":[],"product_cat":[24],"product_tag":[],"class_list":{"0":"post-326","1":"product","2":"type-product","3":"status-publish","4":"has-post-thumbnail","6":"product_cat-pvc-pu-zarnos","7":"desktop-align-left","8":"tablet-align-left","9":"mobile-align-left","11":"first","12":"instock","13":"shipping-taxable","14":"purchasable","15":"product-type-simple"},"yoast_head":"<!-- This site is optimized with the Yoast SEO plugin v27.3 - https:\/\/yoast.com\/product\/yoast-seo-wordpress\/ -->\n<title>PVC \u017earna laistymui NTS Nepersisukanti<\/title>\n<meta name=\"description\" content=\"Naujos kartos \u0161e\u0161i\u0173 sluoksni\u0173 \u017earna laistymo, dr\u0117kinimo darbams. \u017darna papildyta apsauga nuo UV spinduli\u0173 poveikio ir sluoksniu, apsaugan\u010diu nuo \u012fbr\u0117\u017eim\u0173, \u012fpjovim\u0173. Naudojimo metu \u017earna nepersisuka,tod\u0117l tai dar labiau palengvina sodo darbus. Patentuotos technologijos.\" \/>\n<meta name=\"robots\" content=\"index, follow, max-snippet:-1, max-image-preview:large, max-video-preview:-1\" \/>\n<link rel=\"canonical\" href=\"https:\/\/enviteka.lt\/en\/product\/pvc-zarna-laistymui-nts\/\" \/>\n<meta property=\"og:locale\" content=\"en_US\" \/>\n<meta property=\"og:type\" content=\"article\" \/>\n<meta property=\"og:title\" content=\"PVC \u017earna laistymui NTS Nepersisukanti\" \/>\n<meta property=\"og:description\" content=\"Naujos kartos \u0161e\u0161i\u0173 sluoksni\u0173 \u017earna laistymo, dr\u0117kinimo darbams. \u017darna papildyta apsauga nuo UV spinduli\u0173 poveikio ir sluoksniu, apsaugan\u010diu nuo \u012fbr\u0117\u017eim\u0173, \u012fpjovim\u0173. Naudojimo metu \u017earna nepersisuka,tod\u0117l tai dar labiau palengvina sodo darbus. Patentuotos technologijos.\" \/>\n<meta property=\"og:url\" content=\"https:\/\/enviteka.lt\/en\/product\/pvc-zarna-laistymui-nts\/\" \/>\n<meta property=\"og:site_name\" content=\"ENVITEKA\" \/>\n<meta property=\"article:modified_time\" content=\"2024-10-28T20:53:44+00:00\" \/>\n<meta property=\"og:image\" content=\"https:\/\/enviteka.lt\/wp-content\/uploads\/2024\/10\/zarnos_laistymui_garden_hose_NTS.jpg\" \/>\n\t<meta property=\"og:image:width\" content=\"540\" \/>\n\t<meta property=\"og:image:height\" content=\"420\" \/>\n\t<meta property=\"og:image:type\" content=\"image\/jpeg\" \/>\n<meta name=\"twitter:card\" content=\"summary_large_image\" \/>\n<meta name=\"twitter:label1\" content=\"Est. reading time\" \/>\n\t<meta name=\"twitter:data1\" content=\"1 minute\" \/>\n<script type=\"application\/ld+json\" class=\"yoast-schema-graph\">{\"@context\":\"https:\\\/\\\/schema.org\",\"@graph\":[{\"@type\":\"WebPage\",\"@id\":\"https:\\\/\\\/enviteka.lt\\\/produktas\\\/pvc-zarna-laistymui-nts\\\/\",\"url\":\"https:\\\/\\\/enviteka.lt\\\/produktas\\\/pvc-zarna-laistymui-nts\\\/\",\"name\":\"PVC \u017earna laistymui NTS Nepersisukanti\",\"isPartOf\":{\"@id\":\"https:\\\/\\\/enviteka.lt\\\/#website\"},\"primaryImageOfPage\":{\"@id\":\"https:\\\/\\\/enviteka.lt\\\/produktas\\\/pvc-zarna-laistymui-nts\\\/#primaryimage\"},\"image\":{\"@id\":\"https:\\\/\\\/enviteka.lt\\\/produktas\\\/pvc-zarna-laistymui-nts\\\/#primaryimage\"},\"thumbnailUrl\":\"https:\\\/\\\/enviteka.lt\\\/wp-content\\\/uploads\\\/2024\\\/10\\\/zarnos_laistymui_garden_hose_NTS.jpg\",\"datePublished\":\"2024-10-11T14:26:26+00:00\",\"dateModified\":\"2024-10-28T20:53:44+00:00\",\"description\":\"Naujos kartos \u0161e\u0161i\u0173 sluoksni\u0173 \u017earna laistymo, dr\u0117kinimo darbams. \u017darna papildyta apsauga nuo UV spinduli\u0173 poveikio ir sluoksniu, apsaugan\u010diu nuo \u012fbr\u0117\u017eim\u0173, \u012fpjovim\u0173. Naudojimo metu \u017earna nepersisuka,tod\u0117l tai dar labiau palengvina sodo darbus. Patentuotos technologijos.\",\"breadcrumb\":{\"@id\":\"https:\\\/\\\/enviteka.lt\\\/produktas\\\/pvc-zarna-laistymui-nts\\\/#breadcrumb\"},\"inLanguage\":\"en-US\",\"potentialAction\":[{\"@type\":\"ReadAction\",\"target\":[\"https:\\\/\\\/enviteka.lt\\\/produktas\\\/pvc-zarna-laistymui-nts\\\/\"]}]},{\"@type\":\"ImageObject\",\"inLanguage\":\"en-US\",\"@id\":\"https:\\\/\\\/enviteka.lt\\\/produktas\\\/pvc-zarna-laistymui-nts\\\/#primaryimage\",\"url\":\"https:\\\/\\\/enviteka.lt\\\/wp-content\\\/uploads\\\/2024\\\/10\\\/zarnos_laistymui_garden_hose_NTS.jpg\",\"contentUrl\":\"https:\\\/\\\/enviteka.lt\\\/wp-content\\\/uploads\\\/2024\\\/10\\\/zarnos_laistymui_garden_hose_NTS.jpg\",\"width\":540,\"height\":420},{\"@type\":\"BreadcrumbList\",\"@id\":\"https:\\\/\\\/enviteka.lt\\\/produktas\\\/pvc-zarna-laistymui-nts\\\/#breadcrumb\",\"itemListElement\":[{\"@type\":\"ListItem\",\"position\":1,\"name\":\"Home\",\"item\":\"https:\\\/\\\/enviteka.lt\\\/\"},{\"@type\":\"ListItem\",\"position\":2,\"name\":\"Produktai\",\"item\":\"https:\\\/\\\/enviteka.lt\\\/produktai\\\/\"},{\"@type\":\"ListItem\",\"position\":3,\"name\":\"PVC \u017earna laistymui NTS Nepersisukanti\"}]},{\"@type\":\"WebSite\",\"@id\":\"https:\\\/\\\/enviteka.lt\\\/#website\",\"url\":\"https:\\\/\\\/enviteka.lt\\\/\",\"name\":\"ENVITEKA\",\"description\":\"pramonin\u0117s \u012frangos tiek\u0117jas\",\"publisher\":{\"@id\":\"https:\\\/\\\/enviteka.lt\\\/#organization\"},\"potentialAction\":[{\"@type\":\"SearchAction\",\"target\":{\"@type\":\"EntryPoint\",\"urlTemplate\":\"https:\\\/\\\/enviteka.lt\\\/?s={search_term_string}\"},\"query-input\":{\"@type\":\"PropertyValueSpecification\",\"valueRequired\":true,\"valueName\":\"search_term_string\"}}],\"inLanguage\":\"en-US\"},{\"@type\":\"Organization\",\"@id\":\"https:\\\/\\\/enviteka.lt\\\/#organization\",\"name\":\"ENVITEKA\",\"url\":\"https:\\\/\\\/enviteka.lt\\\/\",\"logo\":{\"@type\":\"ImageObject\",\"inLanguage\":\"en-US\",\"@id\":\"https:\\\/\\\/enviteka.lt\\\/#\\\/schema\\\/logo\\\/image\\\/\",\"url\":\"https:\\\/\\\/enviteka.lt\\\/wp-content\\\/uploads\\\/2024\\\/10\\\/enviteka-high-resolution-logo-transparent-e1742852093377.png\",\"contentUrl\":\"https:\\\/\\\/enviteka.lt\\\/wp-content\\\/uploads\\\/2024\\\/10\\\/enviteka-high-resolution-logo-transparent-e1742852093377.png\",\"width\":424,\"height\":150,\"caption\":\"ENVITEKA\"},\"image\":{\"@id\":\"https:\\\/\\\/enviteka.lt\\\/#\\\/schema\\\/logo\\\/image\\\/\"}}]}<\/script>\n<!-- \/ Yoast SEO plugin. -->","yoast_head_json":{"title":"PVC \u017earna laistymui NTS Nepersisukanti","description":"Naujos kartos \u0161e\u0161i\u0173 sluoksni\u0173 \u017earna laistymo, dr\u0117kinimo darbams. \u017darna papildyta apsauga nuo UV spinduli\u0173 poveikio ir sluoksniu, apsaugan\u010diu nuo \u012fbr\u0117\u017eim\u0173, \u012fpjovim\u0173. Naudojimo metu \u017earna nepersisuka,tod\u0117l tai dar labiau palengvina sodo darbus. Patentuotos technologijos.","robots":{"index":"index","follow":"follow","max-snippet":"max-snippet:-1","max-image-preview":"max-image-preview:large","max-video-preview":"max-video-preview:-1"},"canonical":"https:\/\/enviteka.lt\/en\/product\/pvc-zarna-laistymui-nts\/","og_locale":"en_US","og_type":"article","og_title":"PVC \u017earna laistymui NTS Nepersisukanti","og_description":"Naujos kartos \u0161e\u0161i\u0173 sluoksni\u0173 \u017earna laistymo, dr\u0117kinimo darbams. \u017darna papildyta apsauga nuo UV spinduli\u0173 poveikio ir sluoksniu, apsaugan\u010diu nuo \u012fbr\u0117\u017eim\u0173, \u012fpjovim\u0173. Naudojimo metu \u017earna nepersisuka,tod\u0117l tai dar labiau palengvina sodo darbus. Patentuotos technologijos.","og_url":"https:\/\/enviteka.lt\/en\/product\/pvc-zarna-laistymui-nts\/","og_site_name":"ENVITEKA","article_modified_time":"2024-10-28T20:53:44+00:00","og_image":[{"width":540,"height":420,"url":"https:\/\/enviteka.lt\/wp-content\/uploads\/2024\/10\/zarnos_laistymui_garden_hose_NTS.jpg","type":"image\/jpeg"}],"twitter_card":"summary_large_image","twitter_misc":{"Est. reading time":"1 minute"},"schema":{"@context":"https:\/\/schema.org","@graph":[{"@type":"WebPage","@id":"https:\/\/enviteka.lt\/produktas\/pvc-zarna-laistymui-nts\/","url":"https:\/\/enviteka.lt\/produktas\/pvc-zarna-laistymui-nts\/","name":"PVC \u017earna laistymui NTS Nepersisukanti","isPartOf":{"@id":"https:\/\/enviteka.lt\/#website"},"primaryImageOfPage":{"@id":"https:\/\/enviteka.lt\/produktas\/pvc-zarna-laistymui-nts\/#primaryimage"},"image":{"@id":"https:\/\/enviteka.lt\/produktas\/pvc-zarna-laistymui-nts\/#primaryimage"},"thumbnailUrl":"https:\/\/enviteka.lt\/wp-content\/uploads\/2024\/10\/zarnos_laistymui_garden_hose_NTS.jpg","datePublished":"2024-10-11T14:26:26+00:00","dateModified":"2024-10-28T20:53:44+00:00","description":"Naujos kartos \u0161e\u0161i\u0173 sluoksni\u0173 \u017earna laistymo, dr\u0117kinimo darbams. \u017darna papildyta apsauga nuo UV spinduli\u0173 poveikio ir sluoksniu, apsaugan\u010diu nuo \u012fbr\u0117\u017eim\u0173, \u012fpjovim\u0173. Naudojimo metu \u017earna nepersisuka,tod\u0117l tai dar labiau palengvina sodo darbus. Patentuotos technologijos.","breadcrumb":{"@id":"https:\/\/enviteka.lt\/produktas\/pvc-zarna-laistymui-nts\/#breadcrumb"},"inLanguage":"en-US","potentialAction":[{"@type":"ReadAction","target":["https:\/\/enviteka.lt\/produktas\/pvc-zarna-laistymui-nts\/"]}]},{"@type":"ImageObject","inLanguage":"en-US","@id":"https:\/\/enviteka.lt\/produktas\/pvc-zarna-laistymui-nts\/#primaryimage","url":"https:\/\/enviteka.lt\/wp-content\/uploads\/2024\/10\/zarnos_laistymui_garden_hose_NTS.jpg","contentUrl":"https:\/\/enviteka.lt\/wp-content\/uploads\/2024\/10\/zarnos_laistymui_garden_hose_NTS.jpg","width":540,"height":420},{"@type":"BreadcrumbList","@id":"https:\/\/enviteka.lt\/produktas\/pvc-zarna-laistymui-nts\/#breadcrumb","itemListElement":[{"@type":"ListItem","position":1,"name":"Home","item":"https:\/\/enviteka.lt\/"},{"@type":"ListItem","position":2,"name":"Produktai","item":"https:\/\/enviteka.lt\/produktai\/"},{"@type":"ListItem","position":3,"name":"PVC \u017earna laistymui NTS Nepersisukanti"}]},{"@type":"WebSite","@id":"https:\/\/enviteka.lt\/#website","url":"https:\/\/enviteka.lt\/","name":"ENVITEKA","description":"pramonin\u0117s \u012frangos tiek\u0117jas","publisher":{"@id":"https:\/\/enviteka.lt\/#organization"},"potentialAction":[{"@type":"SearchAction","target":{"@type":"EntryPoint","urlTemplate":"https:\/\/enviteka.lt\/?s={search_term_string}"},"query-input":{"@type":"PropertyValueSpecification","valueRequired":true,"valueName":"search_term_string"}}],"inLanguage":"en-US"},{"@type":"Organization","@id":"https:\/\/enviteka.lt\/#organization","name":"ENVITEKA","url":"https:\/\/enviteka.lt\/","logo":{"@type":"ImageObject","inLanguage":"en-US","@id":"https:\/\/enviteka.lt\/#\/schema\/logo\/image\/","url":"https:\/\/enviteka.lt\/wp-content\/uploads\/2024\/10\/enviteka-high-resolution-logo-transparent-e1742852093377.png","contentUrl":"https:\/\/enviteka.lt\/wp-content\/uploads\/2024\/10\/enviteka-high-resolution-logo-transparent-e1742852093377.png","width":424,"height":150,"caption":"ENVITEKA"},"image":{"@id":"https:\/\/enviteka.lt\/#\/schema\/logo\/image\/"}}]}},"_links":{"self":[{"href":"https:\/\/enviteka.lt\/en\/wp-json\/wp\/v2\/product\/326","targetHints":{"allow":["GET"]}}],"collection":[{"href":"https:\/\/enviteka.lt\/en\/wp-json\/wp\/v2\/product"}],"about":[{"href":"https:\/\/enviteka.lt\/en\/wp-json\/wp\/v2\/types\/product"}],"wp:featuredmedia":[{"embeddable":true,"href":"https:\/\/enviteka.lt\/en\/wp-json\/wp\/v2\/media\/327"}],"wp:attachment":[{"href":"https:\/\/enviteka.lt\/en\/wp-json\/wp\/v2\/media?parent=326"}],"wp:term":[{"taxonomy":"product_brand","embeddable":true,"href":"https:\/\/enviteka.lt\/en\/wp-json\/wp\/v2\/product_brand?post=326"},{"taxonomy":"product_cat","embeddable":true,"href":"https:\/\/enviteka.lt\/en\/wp-json\/wp\/v2\/product_cat?post=326"},{"taxonomy":"product_tag","embeddable":true,"href":"https:\/\/enviteka.lt\/en\/wp-json\/wp\/v2\/product_tag?post=326"}],"curies":[{"name":"wp","href":"https:\/\/api.w.org\/{rel}","templated":true}]}}