{"id":311,"date":"2024-10-10T14:52:02","date_gmt":"2024-10-10T14:52:02","guid":{"rendered":"https:\/\/enviteka.lt\/?post_type=product&#038;p=311"},"modified":"2024-10-27T19:40:44","modified_gmt":"2024-10-27T19:40:44","slug":"gumine-zarna-naftos-produktu-siurbimui","status":"publish","type":"product","link":"https:\/\/enviteka.lt\/en\/product\/gumine-zarna-naftos-produktu-siurbimui\/","title":{"rendered":"Gumin\u0117 \u017earna naftos produkt\u0173 siurbimui"},"content":{"rendered":"<p><strong>Paskirtis:<\/strong> Gumin\u0117 siurbimo-i\u0161leidimo \u017earna naftos produktams, skirta u\u017epildyti talpyklas, laivus, naudoti naftos pramon\u0117je. \u017darna tinka naftos produktams iki 50% aromatini\u0173 med\u017eiag\u0173.<br \/>\n<strong>Vidinis sluoksnis:<\/strong> Sintetinis kau\u010diukas, juodas, lygus, atsparus naftos produkt\u0173 poveikiui.<br \/>\n<strong>Sutvirtinimas:<\/strong> Sintetinis kordas, plienin\u0117 viela, antistatin\u0117 viela.<br \/>\n<strong>I\u0161orinis sluoksnis:<\/strong> Sintetinis kau\u010diukas, juodas, lygus, atsparus naftos produktams, trin\u010diai, su audinio atspaudu.<br \/>\n<strong>Temperat\u016bra:<\/strong> -20\u00b0C\/+80\u00b0C<\/p>\n<p>&nbsp;<\/p>\n<p><img fetchpriority=\"high\" decoding=\"async\" class=\"alignnone wp-image-793\" src=\"https:\/\/enviteka.lt\/wp-content\/uploads\/2024\/10\/siurbimine_naftai_dimensions-300x105.jpg\" alt=\"\" width=\"583\" height=\"204\" srcset=\"https:\/\/enviteka.lt\/wp-content\/uploads\/2024\/10\/siurbimine_naftai_dimensions-300x105.jpg 300w, https:\/\/enviteka.lt\/wp-content\/uploads\/2024\/10\/siurbimine_naftai_dimensions-600x211.jpg 600w, https:\/\/enviteka.lt\/wp-content\/uploads\/2024\/10\/siurbimine_naftai_dimensions.jpg 706w\" sizes=\"(max-width: 583px) 100vw, 583px\" \/><\/p>","protected":false},"excerpt":{"rendered":"<p>Paskirtis: Gumin\u0117 siurbimo-i\u0161leidimo \u017earna naftos produktams, skirta u\u017epildyti talpyklas, laivus, naudoti naftos pramon\u0117je. \u017darna tinka naftos produktams iki 50% aromatini\u0173 [&hellip;]<\/p>","protected":false},"featured_media":791,"template":"","meta":{"site-sidebar-layout":"default","site-content-layout":"","ast-site-content-layout":"default","site-content-style":"default","site-sidebar-style":"default","ast-global-header-display":"","ast-banner-title-visibility":"","ast-main-header-display":"","ast-hfb-above-header-display":"","ast-hfb-below-header-display":"","ast-hfb-mobile-header-display":"","site-post-title":"","ast-breadcrumbs-content":"","ast-featured-img":"","footer-sml-layout":"","ast-disable-related-posts":"","theme-transparent-header-meta":"default","adv-header-id-meta":"","stick-header-meta":"","header-above-stick-meta":"","header-main-stick-meta":"","header-below-stick-meta":"","astra-migrate-meta-layouts":"set","ast-page-background-enabled":"default","ast-page-background-meta":{"desktop":{"background-color":"var(--ast-global-color-4)","background-image":"","background-repeat":"repeat","background-position":"center center","background-size":"auto","background-attachment":"scroll","background-type":"","background-media":"","overlay-type":"","overlay-color":"","overlay-opacity":"","overlay-gradient":""},"tablet":{"background-color":"","background-image":"","background-repeat":"repeat","background-position":"center center","background-size":"auto","background-attachment":"scroll","background-type":"","background-media":"","overlay-type":"","overlay-color":"","overlay-opacity":"","overlay-gradient":""},"mobile":{"background-color":"","background-image":"","background-repeat":"repeat","background-position":"center center","background-size":"auto","background-attachment":"scroll","background-type":"","background-media":"","overlay-type":"","overlay-color":"","overlay-opacity":"","overlay-gradient":""}},"ast-content-background-meta":{"desktop":{"background-color":"var(--ast-global-color-5)","background-image":"","background-repeat":"repeat","background-position":"center center","background-size":"auto","background-attachment":"scroll","background-type":"","background-media":"","overlay-type":"","overlay-color":"","overlay-opacity":"","overlay-gradient":""},"tablet":{"background-color":"var(--ast-global-color-5)","background-image":"","background-repeat":"repeat","background-position":"center center","background-size":"auto","background-attachment":"scroll","background-type":"","background-media":"","overlay-type":"","overlay-color":"","overlay-opacity":"","overlay-gradient":""},"mobile":{"background-color":"var(--ast-global-color-5)","background-image":"","background-repeat":"repeat","background-position":"center center","background-size":"auto","background-attachment":"scroll","background-type":"","background-media":"","overlay-type":"","overlay-color":"","overlay-opacity":"","overlay-gradient":""}}},"product_brand":[],"product_cat":[23],"product_tag":[],"class_list":{"0":"post-311","1":"product","2":"type-product","3":"status-publish","4":"has-post-thumbnail","6":"product_cat-gumines-zarnos","7":"desktop-align-left","8":"tablet-align-left","9":"mobile-align-left","11":"first","12":"instock","13":"shipping-taxable","14":"purchasable","15":"product-type-simple"},"yoast_head":"<!-- This site is optimized with the Yoast SEO plugin v27.3 - https:\/\/yoast.com\/product\/yoast-seo-wordpress\/ -->\n<title>Gumin\u0117 \u017earna naftos produkt\u0173 siurbimui - ENVITEKA<\/title>\n<meta name=\"description\" content=\"Gumin\u0117 siurbimo i\u0161leidimo \u017earna naftos produktams, skirta u\u017epildyti talpyklas, naudoti naftos pramon\u0117je. \u017darna tinka naftos produktams iki 50% aromatini\u0173 med\u017eiag\u0173.\" \/>\n<meta name=\"robots\" content=\"index, follow, max-snippet:-1, max-image-preview:large, max-video-preview:-1\" \/>\n<link rel=\"canonical\" href=\"https:\/\/enviteka.lt\/en\/product\/gumine-zarna-naftos-produktu-siurbimui\/\" \/>\n<meta property=\"og:locale\" content=\"en_US\" \/>\n<meta property=\"og:type\" content=\"article\" \/>\n<meta property=\"og:title\" content=\"Gumin\u0117 \u017earna naftos produkt\u0173 siurbimui - ENVITEKA\" \/>\n<meta property=\"og:description\" content=\"Gumin\u0117 siurbimo i\u0161leidimo \u017earna naftos produktams, skirta u\u017epildyti talpyklas, naudoti naftos pramon\u0117je. \u017darna tinka naftos produktams iki 50% aromatini\u0173 med\u017eiag\u0173.\" \/>\n<meta property=\"og:url\" content=\"https:\/\/enviteka.lt\/en\/product\/gumine-zarna-naftos-produktu-siurbimui\/\" \/>\n<meta property=\"og:site_name\" content=\"ENVITEKA\" \/>\n<meta property=\"article:modified_time\" content=\"2024-10-27T19:40:44+00:00\" \/>\n<meta property=\"og:image\" content=\"https:\/\/enviteka.lt\/wp-content\/uploads\/2024\/10\/siurbimine_naftai_oil_suction_and_delivery__-1.jpg\" \/>\n\t<meta property=\"og:image:width\" content=\"540\" \/>\n\t<meta property=\"og:image:height\" content=\"420\" \/>\n\t<meta property=\"og:image:type\" content=\"image\/jpeg\" \/>\n<meta name=\"twitter:card\" content=\"summary_large_image\" \/>\n<meta name=\"twitter:label1\" content=\"Est. reading time\" \/>\n\t<meta name=\"twitter:data1\" content=\"1 minute\" \/>\n<script type=\"application\/ld+json\" class=\"yoast-schema-graph\">{\"@context\":\"https:\\\/\\\/schema.org\",\"@graph\":[{\"@type\":\"WebPage\",\"@id\":\"https:\\\/\\\/enviteka.lt\\\/produktas\\\/gumine-zarna-naftos-produktu-siurbimui\\\/\",\"url\":\"https:\\\/\\\/enviteka.lt\\\/produktas\\\/gumine-zarna-naftos-produktu-siurbimui\\\/\",\"name\":\"Gumin\u0117 \u017earna naftos produkt\u0173 siurbimui - ENVITEKA\",\"isPartOf\":{\"@id\":\"https:\\\/\\\/enviteka.lt\\\/#website\"},\"primaryImageOfPage\":{\"@id\":\"https:\\\/\\\/enviteka.lt\\\/produktas\\\/gumine-zarna-naftos-produktu-siurbimui\\\/#primaryimage\"},\"image\":{\"@id\":\"https:\\\/\\\/enviteka.lt\\\/produktas\\\/gumine-zarna-naftos-produktu-siurbimui\\\/#primaryimage\"},\"thumbnailUrl\":\"https:\\\/\\\/enviteka.lt\\\/wp-content\\\/uploads\\\/2024\\\/10\\\/siurbimine_naftai_oil_suction_and_delivery__-1.jpg\",\"datePublished\":\"2024-10-10T14:52:02+00:00\",\"dateModified\":\"2024-10-27T19:40:44+00:00\",\"description\":\"Gumin\u0117 siurbimo i\u0161leidimo \u017earna naftos produktams, skirta u\u017epildyti talpyklas, naudoti naftos pramon\u0117je. \u017darna tinka naftos produktams iki 50% aromatini\u0173 med\u017eiag\u0173.\",\"breadcrumb\":{\"@id\":\"https:\\\/\\\/enviteka.lt\\\/produktas\\\/gumine-zarna-naftos-produktu-siurbimui\\\/#breadcrumb\"},\"inLanguage\":\"en-US\",\"potentialAction\":[{\"@type\":\"ReadAction\",\"target\":[\"https:\\\/\\\/enviteka.lt\\\/produktas\\\/gumine-zarna-naftos-produktu-siurbimui\\\/\"]}]},{\"@type\":\"ImageObject\",\"inLanguage\":\"en-US\",\"@id\":\"https:\\\/\\\/enviteka.lt\\\/produktas\\\/gumine-zarna-naftos-produktu-siurbimui\\\/#primaryimage\",\"url\":\"https:\\\/\\\/enviteka.lt\\\/wp-content\\\/uploads\\\/2024\\\/10\\\/siurbimine_naftai_oil_suction_and_delivery__-1.jpg\",\"contentUrl\":\"https:\\\/\\\/enviteka.lt\\\/wp-content\\\/uploads\\\/2024\\\/10\\\/siurbimine_naftai_oil_suction_and_delivery__-1.jpg\",\"width\":540,\"height\":420},{\"@type\":\"BreadcrumbList\",\"@id\":\"https:\\\/\\\/enviteka.lt\\\/produktas\\\/gumine-zarna-naftos-produktu-siurbimui\\\/#breadcrumb\",\"itemListElement\":[{\"@type\":\"ListItem\",\"position\":1,\"name\":\"Home\",\"item\":\"https:\\\/\\\/enviteka.lt\\\/\"},{\"@type\":\"ListItem\",\"position\":2,\"name\":\"Produktai\",\"item\":\"https:\\\/\\\/enviteka.lt\\\/produktai\\\/\"},{\"@type\":\"ListItem\",\"position\":3,\"name\":\"Gumin\u0117 \u017earna naftos produkt\u0173 siurbimui\"}]},{\"@type\":\"WebSite\",\"@id\":\"https:\\\/\\\/enviteka.lt\\\/#website\",\"url\":\"https:\\\/\\\/enviteka.lt\\\/\",\"name\":\"ENVITEKA\",\"description\":\"pramonin\u0117s \u012frangos tiek\u0117jas\",\"publisher\":{\"@id\":\"https:\\\/\\\/enviteka.lt\\\/#organization\"},\"potentialAction\":[{\"@type\":\"SearchAction\",\"target\":{\"@type\":\"EntryPoint\",\"urlTemplate\":\"https:\\\/\\\/enviteka.lt\\\/?s={search_term_string}\"},\"query-input\":{\"@type\":\"PropertyValueSpecification\",\"valueRequired\":true,\"valueName\":\"search_term_string\"}}],\"inLanguage\":\"en-US\"},{\"@type\":\"Organization\",\"@id\":\"https:\\\/\\\/enviteka.lt\\\/#organization\",\"name\":\"ENVITEKA\",\"url\":\"https:\\\/\\\/enviteka.lt\\\/\",\"logo\":{\"@type\":\"ImageObject\",\"inLanguage\":\"en-US\",\"@id\":\"https:\\\/\\\/enviteka.lt\\\/#\\\/schema\\\/logo\\\/image\\\/\",\"url\":\"https:\\\/\\\/enviteka.lt\\\/wp-content\\\/uploads\\\/2024\\\/10\\\/enviteka-high-resolution-logo-transparent-e1742852093377.png\",\"contentUrl\":\"https:\\\/\\\/enviteka.lt\\\/wp-content\\\/uploads\\\/2024\\\/10\\\/enviteka-high-resolution-logo-transparent-e1742852093377.png\",\"width\":424,\"height\":150,\"caption\":\"ENVITEKA\"},\"image\":{\"@id\":\"https:\\\/\\\/enviteka.lt\\\/#\\\/schema\\\/logo\\\/image\\\/\"}}]}<\/script>\n<!-- \/ Yoast SEO plugin. -->","yoast_head_json":{"title":"Gumin\u0117 \u017earna naftos produkt\u0173 siurbimui - ENVITEKA","description":"Gumin\u0117 siurbimo i\u0161leidimo \u017earna naftos produktams, skirta u\u017epildyti talpyklas, naudoti naftos pramon\u0117je. \u017darna tinka naftos produktams iki 50% aromatini\u0173 med\u017eiag\u0173.","robots":{"index":"index","follow":"follow","max-snippet":"max-snippet:-1","max-image-preview":"max-image-preview:large","max-video-preview":"max-video-preview:-1"},"canonical":"https:\/\/enviteka.lt\/en\/product\/gumine-zarna-naftos-produktu-siurbimui\/","og_locale":"en_US","og_type":"article","og_title":"Gumin\u0117 \u017earna naftos produkt\u0173 siurbimui - ENVITEKA","og_description":"Gumin\u0117 siurbimo i\u0161leidimo \u017earna naftos produktams, skirta u\u017epildyti talpyklas, naudoti naftos pramon\u0117je. \u017darna tinka naftos produktams iki 50% aromatini\u0173 med\u017eiag\u0173.","og_url":"https:\/\/enviteka.lt\/en\/product\/gumine-zarna-naftos-produktu-siurbimui\/","og_site_name":"ENVITEKA","article_modified_time":"2024-10-27T19:40:44+00:00","og_image":[{"width":540,"height":420,"url":"https:\/\/enviteka.lt\/wp-content\/uploads\/2024\/10\/siurbimine_naftai_oil_suction_and_delivery__-1.jpg","type":"image\/jpeg"}],"twitter_card":"summary_large_image","twitter_misc":{"Est. reading time":"1 minute"},"schema":{"@context":"https:\/\/schema.org","@graph":[{"@type":"WebPage","@id":"https:\/\/enviteka.lt\/produktas\/gumine-zarna-naftos-produktu-siurbimui\/","url":"https:\/\/enviteka.lt\/produktas\/gumine-zarna-naftos-produktu-siurbimui\/","name":"Gumin\u0117 \u017earna naftos produkt\u0173 siurbimui - ENVITEKA","isPartOf":{"@id":"https:\/\/enviteka.lt\/#website"},"primaryImageOfPage":{"@id":"https:\/\/enviteka.lt\/produktas\/gumine-zarna-naftos-produktu-siurbimui\/#primaryimage"},"image":{"@id":"https:\/\/enviteka.lt\/produktas\/gumine-zarna-naftos-produktu-siurbimui\/#primaryimage"},"thumbnailUrl":"https:\/\/enviteka.lt\/wp-content\/uploads\/2024\/10\/siurbimine_naftai_oil_suction_and_delivery__-1.jpg","datePublished":"2024-10-10T14:52:02+00:00","dateModified":"2024-10-27T19:40:44+00:00","description":"Gumin\u0117 siurbimo i\u0161leidimo \u017earna naftos produktams, skirta u\u017epildyti talpyklas, naudoti naftos pramon\u0117je. \u017darna tinka naftos produktams iki 50% aromatini\u0173 med\u017eiag\u0173.","breadcrumb":{"@id":"https:\/\/enviteka.lt\/produktas\/gumine-zarna-naftos-produktu-siurbimui\/#breadcrumb"},"inLanguage":"en-US","potentialAction":[{"@type":"ReadAction","target":["https:\/\/enviteka.lt\/produktas\/gumine-zarna-naftos-produktu-siurbimui\/"]}]},{"@type":"ImageObject","inLanguage":"en-US","@id":"https:\/\/enviteka.lt\/produktas\/gumine-zarna-naftos-produktu-siurbimui\/#primaryimage","url":"https:\/\/enviteka.lt\/wp-content\/uploads\/2024\/10\/siurbimine_naftai_oil_suction_and_delivery__-1.jpg","contentUrl":"https:\/\/enviteka.lt\/wp-content\/uploads\/2024\/10\/siurbimine_naftai_oil_suction_and_delivery__-1.jpg","width":540,"height":420},{"@type":"BreadcrumbList","@id":"https:\/\/enviteka.lt\/produktas\/gumine-zarna-naftos-produktu-siurbimui\/#breadcrumb","itemListElement":[{"@type":"ListItem","position":1,"name":"Home","item":"https:\/\/enviteka.lt\/"},{"@type":"ListItem","position":2,"name":"Produktai","item":"https:\/\/enviteka.lt\/produktai\/"},{"@type":"ListItem","position":3,"name":"Gumin\u0117 \u017earna naftos produkt\u0173 siurbimui"}]},{"@type":"WebSite","@id":"https:\/\/enviteka.lt\/#website","url":"https:\/\/enviteka.lt\/","name":"ENVITEKA","description":"pramonin\u0117s \u012frangos tiek\u0117jas","publisher":{"@id":"https:\/\/enviteka.lt\/#organization"},"potentialAction":[{"@type":"SearchAction","target":{"@type":"EntryPoint","urlTemplate":"https:\/\/enviteka.lt\/?s={search_term_string}"},"query-input":{"@type":"PropertyValueSpecification","valueRequired":true,"valueName":"search_term_string"}}],"inLanguage":"en-US"},{"@type":"Organization","@id":"https:\/\/enviteka.lt\/#organization","name":"ENVITEKA","url":"https:\/\/enviteka.lt\/","logo":{"@type":"ImageObject","inLanguage":"en-US","@id":"https:\/\/enviteka.lt\/#\/schema\/logo\/image\/","url":"https:\/\/enviteka.lt\/wp-content\/uploads\/2024\/10\/enviteka-high-resolution-logo-transparent-e1742852093377.png","contentUrl":"https:\/\/enviteka.lt\/wp-content\/uploads\/2024\/10\/enviteka-high-resolution-logo-transparent-e1742852093377.png","width":424,"height":150,"caption":"ENVITEKA"},"image":{"@id":"https:\/\/enviteka.lt\/#\/schema\/logo\/image\/"}}]}},"_links":{"self":[{"href":"https:\/\/enviteka.lt\/en\/wp-json\/wp\/v2\/product\/311","targetHints":{"allow":["GET"]}}],"collection":[{"href":"https:\/\/enviteka.lt\/en\/wp-json\/wp\/v2\/product"}],"about":[{"href":"https:\/\/enviteka.lt\/en\/wp-json\/wp\/v2\/types\/product"}],"wp:featuredmedia":[{"embeddable":true,"href":"https:\/\/enviteka.lt\/en\/wp-json\/wp\/v2\/media\/791"}],"wp:attachment":[{"href":"https:\/\/enviteka.lt\/en\/wp-json\/wp\/v2\/media?parent=311"}],"wp:term":[{"taxonomy":"product_brand","embeddable":true,"href":"https:\/\/enviteka.lt\/en\/wp-json\/wp\/v2\/product_brand?post=311"},{"taxonomy":"product_cat","embeddable":true,"href":"https:\/\/enviteka.lt\/en\/wp-json\/wp\/v2\/product_cat?post=311"},{"taxonomy":"product_tag","embeddable":true,"href":"https:\/\/enviteka.lt\/en\/wp-json\/wp\/v2\/product_tag?post=311"}],"curies":[{"name":"wp","href":"https:\/\/api.w.org\/{rel}","templated":true}]}}