{"id":305,"date":"2024-10-10T14:50:40","date_gmt":"2024-10-10T14:50:40","guid":{"rendered":"https:\/\/enviteka.lt\/?post_type=product&#038;p=305"},"modified":"2024-10-27T20:27:54","modified_gmt":"2024-10-27T20:27:54","slug":"gumine-zarna-pramoninio-vandens-siurbimui-10-bar","status":"publish","type":"product","link":"https:\/\/enviteka.lt\/en\/product\/gumine-zarna-pramoninio-vandens-siurbimui-10-bar\/","title":{"rendered":"Gumin\u0117 \u017earna pramoninio vandens siurbimui 10 bar"},"content":{"rendered":"<p><strong>Paskirtis:<\/strong> Gumin\u0117 \u017earna vandens, neagresyvi\u0173 skys\u010di\u0173 siurbimui ir i\u0161leidimui pramon\u0117je, statybose, \u017eem\u0117s \u016bkyje.<br \/>\n<strong>Vidinis sluoksnis:<\/strong> Sintetinis kau\u010diukas, juodas, lygus.<br \/>\n<strong>Sutvirtinimas:<\/strong> Sintetinis kordas, plienin\u0117 viela.<br \/>\n<strong>I\u0161orinis sluoksnis:<\/strong> Sintetinis kau\u010diukas, juodas, lygus, atsparus atmosferos poveikiui, su audinio atspaudu.<br \/>\n<strong>Temperat\u016bra:<\/strong> -20\u00b0C\/+80\u00b0C<\/p>\n<p>&nbsp;<\/p>\n<p><img fetchpriority=\"high\" decoding=\"async\" class=\"alignnone  wp-image-805\" src=\"https:\/\/enviteka.lt\/wp-content\/uploads\/2024\/10\/Gumine_zarna_vandens_su_plienine_viela-300x108.jpg\" alt=\"\" width=\"586\" height=\"211\" srcset=\"https:\/\/enviteka.lt\/wp-content\/uploads\/2024\/10\/Gumine_zarna_vandens_su_plienine_viela-300x108.jpg 300w, https:\/\/enviteka.lt\/wp-content\/uploads\/2024\/10\/Gumine_zarna_vandens_su_plienine_viela-600x216.jpg 600w, https:\/\/enviteka.lt\/wp-content\/uploads\/2024\/10\/Gumine_zarna_vandens_su_plienine_viela.jpg 705w\" sizes=\"(max-width: 586px) 100vw, 586px\" \/><\/p>","protected":false},"excerpt":{"rendered":"<p>Paskirtis: Gumin\u0117 \u017earna vandens, neagresyvi\u0173 skys\u010di\u0173 siurbimui ir i\u0161leidimui pramon\u0117je, statybose, \u017eem\u0117s \u016bkyje. Vidinis sluoksnis: Sintetinis kau\u010diukas, juodas, lygus. Sutvirtinimas: [&hellip;]<\/p>","protected":false},"featured_media":800,"template":"","meta":{"site-sidebar-layout":"default","site-content-layout":"","ast-site-content-layout":"default","site-content-style":"default","site-sidebar-style":"default","ast-global-header-display":"","ast-banner-title-visibility":"","ast-main-header-display":"","ast-hfb-above-header-display":"","ast-hfb-below-header-display":"","ast-hfb-mobile-header-display":"","site-post-title":"","ast-breadcrumbs-content":"","ast-featured-img":"","footer-sml-layout":"","ast-disable-related-posts":"","theme-transparent-header-meta":"default","adv-header-id-meta":"","stick-header-meta":"","header-above-stick-meta":"","header-main-stick-meta":"","header-below-stick-meta":"","astra-migrate-meta-layouts":"set","ast-page-background-enabled":"default","ast-page-background-meta":{"desktop":{"background-color":"var(--ast-global-color-4)","background-image":"","background-repeat":"repeat","background-position":"center center","background-size":"auto","background-attachment":"scroll","background-type":"","background-media":"","overlay-type":"","overlay-color":"","overlay-opacity":"","overlay-gradient":""},"tablet":{"background-color":"","background-image":"","background-repeat":"repeat","background-position":"center center","background-size":"auto","background-attachment":"scroll","background-type":"","background-media":"","overlay-type":"","overlay-color":"","overlay-opacity":"","overlay-gradient":""},"mobile":{"background-color":"","background-image":"","background-repeat":"repeat","background-position":"center center","background-size":"auto","background-attachment":"scroll","background-type":"","background-media":"","overlay-type":"","overlay-color":"","overlay-opacity":"","overlay-gradient":""}},"ast-content-background-meta":{"desktop":{"background-color":"var(--ast-global-color-5)","background-image":"","background-repeat":"repeat","background-position":"center center","background-size":"auto","background-attachment":"scroll","background-type":"","background-media":"","overlay-type":"","overlay-color":"","overlay-opacity":"","overlay-gradient":""},"tablet":{"background-color":"var(--ast-global-color-5)","background-image":"","background-repeat":"repeat","background-position":"center center","background-size":"auto","background-attachment":"scroll","background-type":"","background-media":"","overlay-type":"","overlay-color":"","overlay-opacity":"","overlay-gradient":""},"mobile":{"background-color":"var(--ast-global-color-5)","background-image":"","background-repeat":"repeat","background-position":"center center","background-size":"auto","background-attachment":"scroll","background-type":"","background-media":"","overlay-type":"","overlay-color":"","overlay-opacity":"","overlay-gradient":""}}},"product_brand":[],"product_cat":[23],"product_tag":[],"class_list":{"0":"post-305","1":"product","2":"type-product","3":"status-publish","4":"has-post-thumbnail","6":"product_cat-gumines-zarnos","7":"desktop-align-left","8":"tablet-align-left","9":"mobile-align-left","11":"first","12":"instock","13":"shipping-taxable","14":"purchasable","15":"product-type-simple"},"yoast_head":"<!-- This site is optimized with the Yoast SEO plugin v27.3 - https:\/\/yoast.com\/product\/yoast-seo-wordpress\/ -->\n<title>Gumin\u0117 \u017earna pramoninio vandens siurbimui 10 bar - ENVITEKA<\/title>\n<meta name=\"description\" content=\"Gumin\u0117 \u017earna vandens, neagresyvi\u0173 skys\u010di\u0173 siurbimui ir i\u0161leidimui pramon\u0117je, statybose, \u017eem\u0117s \u016bkyje. Sutvirtinta sintetiniu kordu ir plienine viela.\" \/>\n<meta name=\"robots\" content=\"index, follow, max-snippet:-1, max-image-preview:large, max-video-preview:-1\" \/>\n<link rel=\"canonical\" href=\"https:\/\/enviteka.lt\/en\/product\/gumine-zarna-pramoninio-vandens-siurbimui-10-bar\/\" \/>\n<meta property=\"og:locale\" content=\"en_US\" \/>\n<meta property=\"og:type\" content=\"article\" \/>\n<meta property=\"og:title\" content=\"Gumin\u0117 \u017earna pramoninio vandens siurbimui 10 bar - ENVITEKA\" \/>\n<meta property=\"og:description\" content=\"Gumin\u0117 \u017earna vandens, neagresyvi\u0173 skys\u010di\u0173 siurbimui ir i\u0161leidimui pramon\u0117je, statybose, \u017eem\u0117s \u016bkyje. Sutvirtinta sintetiniu kordu ir plienine viela.\" \/>\n<meta property=\"og:url\" content=\"https:\/\/enviteka.lt\/en\/product\/gumine-zarna-pramoninio-vandens-siurbimui-10-bar\/\" \/>\n<meta property=\"og:site_name\" content=\"ENVITEKA\" \/>\n<meta property=\"article:modified_time\" content=\"2024-10-27T20:27:54+00:00\" \/>\n<meta property=\"og:image\" content=\"https:\/\/enviteka.lt\/wp-content\/uploads\/2024\/10\/vandens_siurbimui_water_suction_hose.jpg\" \/>\n\t<meta property=\"og:image:width\" content=\"540\" \/>\n\t<meta property=\"og:image:height\" content=\"420\" \/>\n\t<meta property=\"og:image:type\" content=\"image\/jpeg\" \/>\n<meta name=\"twitter:card\" content=\"summary_large_image\" \/>\n<meta name=\"twitter:label1\" content=\"Est. reading time\" \/>\n\t<meta name=\"twitter:data1\" content=\"1 minute\" \/>\n<script type=\"application\/ld+json\" class=\"yoast-schema-graph\">{\"@context\":\"https:\\\/\\\/schema.org\",\"@graph\":[{\"@type\":\"WebPage\",\"@id\":\"https:\\\/\\\/enviteka.lt\\\/produktas\\\/gumine-zarna-pramoninio-vandens-siurbimui-10-bar\\\/\",\"url\":\"https:\\\/\\\/enviteka.lt\\\/produktas\\\/gumine-zarna-pramoninio-vandens-siurbimui-10-bar\\\/\",\"name\":\"Gumin\u0117 \u017earna pramoninio vandens siurbimui 10 bar - ENVITEKA\",\"isPartOf\":{\"@id\":\"https:\\\/\\\/enviteka.lt\\\/#website\"},\"primaryImageOfPage\":{\"@id\":\"https:\\\/\\\/enviteka.lt\\\/produktas\\\/gumine-zarna-pramoninio-vandens-siurbimui-10-bar\\\/#primaryimage\"},\"image\":{\"@id\":\"https:\\\/\\\/enviteka.lt\\\/produktas\\\/gumine-zarna-pramoninio-vandens-siurbimui-10-bar\\\/#primaryimage\"},\"thumbnailUrl\":\"https:\\\/\\\/enviteka.lt\\\/wp-content\\\/uploads\\\/2024\\\/10\\\/vandens_siurbimui_water_suction_hose.jpg\",\"datePublished\":\"2024-10-10T14:50:40+00:00\",\"dateModified\":\"2024-10-27T20:27:54+00:00\",\"description\":\"Gumin\u0117 \u017earna vandens, neagresyvi\u0173 skys\u010di\u0173 siurbimui ir i\u0161leidimui pramon\u0117je, statybose, \u017eem\u0117s \u016bkyje. Sutvirtinta sintetiniu kordu ir plienine viela.\",\"breadcrumb\":{\"@id\":\"https:\\\/\\\/enviteka.lt\\\/produktas\\\/gumine-zarna-pramoninio-vandens-siurbimui-10-bar\\\/#breadcrumb\"},\"inLanguage\":\"en-US\",\"potentialAction\":[{\"@type\":\"ReadAction\",\"target\":[\"https:\\\/\\\/enviteka.lt\\\/produktas\\\/gumine-zarna-pramoninio-vandens-siurbimui-10-bar\\\/\"]}]},{\"@type\":\"ImageObject\",\"inLanguage\":\"en-US\",\"@id\":\"https:\\\/\\\/enviteka.lt\\\/produktas\\\/gumine-zarna-pramoninio-vandens-siurbimui-10-bar\\\/#primaryimage\",\"url\":\"https:\\\/\\\/enviteka.lt\\\/wp-content\\\/uploads\\\/2024\\\/10\\\/vandens_siurbimui_water_suction_hose.jpg\",\"contentUrl\":\"https:\\\/\\\/enviteka.lt\\\/wp-content\\\/uploads\\\/2024\\\/10\\\/vandens_siurbimui_water_suction_hose.jpg\",\"width\":540,\"height\":420},{\"@type\":\"BreadcrumbList\",\"@id\":\"https:\\\/\\\/enviteka.lt\\\/produktas\\\/gumine-zarna-pramoninio-vandens-siurbimui-10-bar\\\/#breadcrumb\",\"itemListElement\":[{\"@type\":\"ListItem\",\"position\":1,\"name\":\"Home\",\"item\":\"https:\\\/\\\/enviteka.lt\\\/\"},{\"@type\":\"ListItem\",\"position\":2,\"name\":\"Produktai\",\"item\":\"https:\\\/\\\/enviteka.lt\\\/produktai\\\/\"},{\"@type\":\"ListItem\",\"position\":3,\"name\":\"Gumin\u0117 \u017earna pramoninio vandens siurbimui 10 bar\"}]},{\"@type\":\"WebSite\",\"@id\":\"https:\\\/\\\/enviteka.lt\\\/#website\",\"url\":\"https:\\\/\\\/enviteka.lt\\\/\",\"name\":\"ENVITEKA\",\"description\":\"pramonin\u0117s \u012frangos tiek\u0117jas\",\"publisher\":{\"@id\":\"https:\\\/\\\/enviteka.lt\\\/#organization\"},\"potentialAction\":[{\"@type\":\"SearchAction\",\"target\":{\"@type\":\"EntryPoint\",\"urlTemplate\":\"https:\\\/\\\/enviteka.lt\\\/?s={search_term_string}\"},\"query-input\":{\"@type\":\"PropertyValueSpecification\",\"valueRequired\":true,\"valueName\":\"search_term_string\"}}],\"inLanguage\":\"en-US\"},{\"@type\":\"Organization\",\"@id\":\"https:\\\/\\\/enviteka.lt\\\/#organization\",\"name\":\"ENVITEKA\",\"url\":\"https:\\\/\\\/enviteka.lt\\\/\",\"logo\":{\"@type\":\"ImageObject\",\"inLanguage\":\"en-US\",\"@id\":\"https:\\\/\\\/enviteka.lt\\\/#\\\/schema\\\/logo\\\/image\\\/\",\"url\":\"https:\\\/\\\/enviteka.lt\\\/wp-content\\\/uploads\\\/2024\\\/10\\\/enviteka-high-resolution-logo-transparent-e1742852093377.png\",\"contentUrl\":\"https:\\\/\\\/enviteka.lt\\\/wp-content\\\/uploads\\\/2024\\\/10\\\/enviteka-high-resolution-logo-transparent-e1742852093377.png\",\"width\":424,\"height\":150,\"caption\":\"ENVITEKA\"},\"image\":{\"@id\":\"https:\\\/\\\/enviteka.lt\\\/#\\\/schema\\\/logo\\\/image\\\/\"}}]}<\/script>\n<!-- \/ Yoast SEO plugin. -->","yoast_head_json":{"title":"Gumin\u0117 \u017earna pramoninio vandens siurbimui 10 bar - ENVITEKA","description":"Gumin\u0117 \u017earna vandens, neagresyvi\u0173 skys\u010di\u0173 siurbimui ir i\u0161leidimui pramon\u0117je, statybose, \u017eem\u0117s \u016bkyje. Sutvirtinta sintetiniu kordu ir plienine viela.","robots":{"index":"index","follow":"follow","max-snippet":"max-snippet:-1","max-image-preview":"max-image-preview:large","max-video-preview":"max-video-preview:-1"},"canonical":"https:\/\/enviteka.lt\/en\/product\/gumine-zarna-pramoninio-vandens-siurbimui-10-bar\/","og_locale":"en_US","og_type":"article","og_title":"Gumin\u0117 \u017earna pramoninio vandens siurbimui 10 bar - ENVITEKA","og_description":"Gumin\u0117 \u017earna vandens, neagresyvi\u0173 skys\u010di\u0173 siurbimui ir i\u0161leidimui pramon\u0117je, statybose, \u017eem\u0117s \u016bkyje. Sutvirtinta sintetiniu kordu ir plienine viela.","og_url":"https:\/\/enviteka.lt\/en\/product\/gumine-zarna-pramoninio-vandens-siurbimui-10-bar\/","og_site_name":"ENVITEKA","article_modified_time":"2024-10-27T20:27:54+00:00","og_image":[{"width":540,"height":420,"url":"https:\/\/enviteka.lt\/wp-content\/uploads\/2024\/10\/vandens_siurbimui_water_suction_hose.jpg","type":"image\/jpeg"}],"twitter_card":"summary_large_image","twitter_misc":{"Est. reading time":"1 minute"},"schema":{"@context":"https:\/\/schema.org","@graph":[{"@type":"WebPage","@id":"https:\/\/enviteka.lt\/produktas\/gumine-zarna-pramoninio-vandens-siurbimui-10-bar\/","url":"https:\/\/enviteka.lt\/produktas\/gumine-zarna-pramoninio-vandens-siurbimui-10-bar\/","name":"Gumin\u0117 \u017earna pramoninio vandens siurbimui 10 bar - ENVITEKA","isPartOf":{"@id":"https:\/\/enviteka.lt\/#website"},"primaryImageOfPage":{"@id":"https:\/\/enviteka.lt\/produktas\/gumine-zarna-pramoninio-vandens-siurbimui-10-bar\/#primaryimage"},"image":{"@id":"https:\/\/enviteka.lt\/produktas\/gumine-zarna-pramoninio-vandens-siurbimui-10-bar\/#primaryimage"},"thumbnailUrl":"https:\/\/enviteka.lt\/wp-content\/uploads\/2024\/10\/vandens_siurbimui_water_suction_hose.jpg","datePublished":"2024-10-10T14:50:40+00:00","dateModified":"2024-10-27T20:27:54+00:00","description":"Gumin\u0117 \u017earna vandens, neagresyvi\u0173 skys\u010di\u0173 siurbimui ir i\u0161leidimui pramon\u0117je, statybose, \u017eem\u0117s \u016bkyje. Sutvirtinta sintetiniu kordu ir plienine viela.","breadcrumb":{"@id":"https:\/\/enviteka.lt\/produktas\/gumine-zarna-pramoninio-vandens-siurbimui-10-bar\/#breadcrumb"},"inLanguage":"en-US","potentialAction":[{"@type":"ReadAction","target":["https:\/\/enviteka.lt\/produktas\/gumine-zarna-pramoninio-vandens-siurbimui-10-bar\/"]}]},{"@type":"ImageObject","inLanguage":"en-US","@id":"https:\/\/enviteka.lt\/produktas\/gumine-zarna-pramoninio-vandens-siurbimui-10-bar\/#primaryimage","url":"https:\/\/enviteka.lt\/wp-content\/uploads\/2024\/10\/vandens_siurbimui_water_suction_hose.jpg","contentUrl":"https:\/\/enviteka.lt\/wp-content\/uploads\/2024\/10\/vandens_siurbimui_water_suction_hose.jpg","width":540,"height":420},{"@type":"BreadcrumbList","@id":"https:\/\/enviteka.lt\/produktas\/gumine-zarna-pramoninio-vandens-siurbimui-10-bar\/#breadcrumb","itemListElement":[{"@type":"ListItem","position":1,"name":"Home","item":"https:\/\/enviteka.lt\/"},{"@type":"ListItem","position":2,"name":"Produktai","item":"https:\/\/enviteka.lt\/produktai\/"},{"@type":"ListItem","position":3,"name":"Gumin\u0117 \u017earna pramoninio vandens siurbimui 10 bar"}]},{"@type":"WebSite","@id":"https:\/\/enviteka.lt\/#website","url":"https:\/\/enviteka.lt\/","name":"ENVITEKA","description":"pramonin\u0117s \u012frangos tiek\u0117jas","publisher":{"@id":"https:\/\/enviteka.lt\/#organization"},"potentialAction":[{"@type":"SearchAction","target":{"@type":"EntryPoint","urlTemplate":"https:\/\/enviteka.lt\/?s={search_term_string}"},"query-input":{"@type":"PropertyValueSpecification","valueRequired":true,"valueName":"search_term_string"}}],"inLanguage":"en-US"},{"@type":"Organization","@id":"https:\/\/enviteka.lt\/#organization","name":"ENVITEKA","url":"https:\/\/enviteka.lt\/","logo":{"@type":"ImageObject","inLanguage":"en-US","@id":"https:\/\/enviteka.lt\/#\/schema\/logo\/image\/","url":"https:\/\/enviteka.lt\/wp-content\/uploads\/2024\/10\/enviteka-high-resolution-logo-transparent-e1742852093377.png","contentUrl":"https:\/\/enviteka.lt\/wp-content\/uploads\/2024\/10\/enviteka-high-resolution-logo-transparent-e1742852093377.png","width":424,"height":150,"caption":"ENVITEKA"},"image":{"@id":"https:\/\/enviteka.lt\/#\/schema\/logo\/image\/"}}]}},"_links":{"self":[{"href":"https:\/\/enviteka.lt\/en\/wp-json\/wp\/v2\/product\/305","targetHints":{"allow":["GET"]}}],"collection":[{"href":"https:\/\/enviteka.lt\/en\/wp-json\/wp\/v2\/product"}],"about":[{"href":"https:\/\/enviteka.lt\/en\/wp-json\/wp\/v2\/types\/product"}],"wp:featuredmedia":[{"embeddable":true,"href":"https:\/\/enviteka.lt\/en\/wp-json\/wp\/v2\/media\/800"}],"wp:attachment":[{"href":"https:\/\/enviteka.lt\/en\/wp-json\/wp\/v2\/media?parent=305"}],"wp:term":[{"taxonomy":"product_brand","embeddable":true,"href":"https:\/\/enviteka.lt\/en\/wp-json\/wp\/v2\/product_brand?post=305"},{"taxonomy":"product_cat","embeddable":true,"href":"https:\/\/enviteka.lt\/en\/wp-json\/wp\/v2\/product_cat?post=305"},{"taxonomy":"product_tag","embeddable":true,"href":"https:\/\/enviteka.lt\/en\/wp-json\/wp\/v2\/product_tag?post=305"}],"curies":[{"name":"wp","href":"https:\/\/api.w.org\/{rel}","templated":true}]}}