{"id":289,"date":"2024-10-10T14:46:05","date_gmt":"2024-10-10T14:46:05","guid":{"rendered":"https:\/\/enviteka.lt\/?post_type=product&#038;p=289"},"modified":"2024-10-28T19:52:38","modified_gmt":"2024-10-28T19:52:38","slug":"gumine-zarna-maistiniu-skysciu-siurbimui","status":"publish","type":"product","link":"https:\/\/enviteka.lt\/en\/product\/gumine-zarna-maistiniu-skysciu-siurbimui\/","title":{"rendered":"Gumin\u0117 \u017earna maistini\u0173 skys\u010di\u0173 siurbimui"},"content":{"rendered":"<p><strong>Paskirtis:<\/strong> Specialaus gumos mi\u0161inio \u017earna, skirta siurbti maistinius skys\u010dius (tinka geriamam vandeniui, pienui ir kitiems skystiems maisto produktams). Atitinka FDA reikalavimus \u017earnoms, skirtoms s\u0105ly\u010diui su maistu, alkoholiniais g\u0117rimais, spiritu, etilo alkoholiu iki 97% prie 20\u00b0C temperat\u016bros.<br \/>\n<strong>Pastaba:<\/strong> Netinka aliejui, riebalams.<br \/>\n<strong>Vidinis sluoksnis:<\/strong> Baltas, lygus, atitinka maisto pramon\u0117s standartus.<br \/>\n<strong>Sutvirtinimas:<\/strong> Sintetinis kordas, plienin\u0117 viela.<br \/>\n<strong>I\u0161orinis sluoksnis:<\/strong> M\u0117lynas, atitinka maisto pramon\u0117s standartus, su audinio atspaudu.<br \/>\n<strong>Temperat\u016bra:<\/strong> -30\u00b0C\/+70\u00b0C (iki +130\u00b0C\/30 min. valymui garais).<\/p>\n<p>&nbsp;<\/p>\n<p><img fetchpriority=\"high\" decoding=\"async\" class=\"alignnone  wp-image-826\" src=\"https:\/\/enviteka.lt\/wp-content\/uploads\/2024\/10\/zarna_maistinio_skyscio_siurbimui-300x100.jpg\" alt=\"\" width=\"594\" height=\"198\" srcset=\"https:\/\/enviteka.lt\/wp-content\/uploads\/2024\/10\/zarna_maistinio_skyscio_siurbimui-300x100.jpg 300w, https:\/\/enviteka.lt\/wp-content\/uploads\/2024\/10\/zarna_maistinio_skyscio_siurbimui-18x6.jpg 18w, https:\/\/enviteka.lt\/wp-content\/uploads\/2024\/10\/zarna_maistinio_skyscio_siurbimui-600x201.jpg 600w, https:\/\/enviteka.lt\/wp-content\/uploads\/2024\/10\/zarna_maistinio_skyscio_siurbimui.jpg 709w\" sizes=\"(max-width: 594px) 100vw, 594px\" \/><\/p>","protected":false},"excerpt":{"rendered":"<p>Paskirtis: Specialaus gumos mi\u0161inio \u017earna, skirta siurbti maistinius skys\u010dius (tinka geriamam vandeniui, pienui ir kitiems skystiems maisto produktams). Atitinka FDA [&hellip;]<\/p>","protected":false},"featured_media":827,"template":"","meta":{"site-sidebar-layout":"default","site-content-layout":"","ast-site-content-layout":"default","site-content-style":"default","site-sidebar-style":"default","ast-global-header-display":"","ast-banner-title-visibility":"","ast-main-header-display":"","ast-hfb-above-header-display":"","ast-hfb-below-header-display":"","ast-hfb-mobile-header-display":"","site-post-title":"","ast-breadcrumbs-content":"","ast-featured-img":"","footer-sml-layout":"","ast-disable-related-posts":"","theme-transparent-header-meta":"default","adv-header-id-meta":"","stick-header-meta":"","header-above-stick-meta":"","header-main-stick-meta":"","header-below-stick-meta":"","astra-migrate-meta-layouts":"set","ast-page-background-enabled":"default","ast-page-background-meta":{"desktop":{"background-color":"var(--ast-global-color-4)","background-image":"","background-repeat":"repeat","background-position":"center center","background-size":"auto","background-attachment":"scroll","background-type":"","background-media":"","overlay-type":"","overlay-color":"","overlay-opacity":"","overlay-gradient":""},"tablet":{"background-color":"","background-image":"","background-repeat":"repeat","background-position":"center center","background-size":"auto","background-attachment":"scroll","background-type":"","background-media":"","overlay-type":"","overlay-color":"","overlay-opacity":"","overlay-gradient":""},"mobile":{"background-color":"","background-image":"","background-repeat":"repeat","background-position":"center center","background-size":"auto","background-attachment":"scroll","background-type":"","background-media":"","overlay-type":"","overlay-color":"","overlay-opacity":"","overlay-gradient":""}},"ast-content-background-meta":{"desktop":{"background-color":"var(--ast-global-color-5)","background-image":"","background-repeat":"repeat","background-position":"center center","background-size":"auto","background-attachment":"scroll","background-type":"","background-media":"","overlay-type":"","overlay-color":"","overlay-opacity":"","overlay-gradient":""},"tablet":{"background-color":"var(--ast-global-color-5)","background-image":"","background-repeat":"repeat","background-position":"center center","background-size":"auto","background-attachment":"scroll","background-type":"","background-media":"","overlay-type":"","overlay-color":"","overlay-opacity":"","overlay-gradient":""},"mobile":{"background-color":"var(--ast-global-color-5)","background-image":"","background-repeat":"repeat","background-position":"center center","background-size":"auto","background-attachment":"scroll","background-type":"","background-media":"","overlay-type":"","overlay-color":"","overlay-opacity":"","overlay-gradient":""}}},"product_brand":[],"product_cat":[23],"product_tag":[],"class_list":{"0":"post-289","1":"product","2":"type-product","3":"status-publish","4":"has-post-thumbnail","6":"product_cat-gumines-zarnos","7":"desktop-align-left","8":"tablet-align-left","9":"mobile-align-left","11":"first","12":"instock","13":"shipping-taxable","14":"purchasable","15":"product-type-simple"},"yoast_head":"<!-- This site is optimized with the Yoast SEO plugin v27.3 - https:\/\/yoast.com\/product\/yoast-seo-wordpress\/ -->\n<title>Gumin\u0117 \u017earna maistini\u0173 skys\u010di\u0173 siurbimui - ENVITEKA<\/title>\n<meta name=\"description\" content=\"Paskirtis: Specialaus gumos mi\u0161inio \u017earna, skirta siurbti maistinius skys\u010dius (tinka geriamam vandeniui, pienui ir kitiems skystiems maisto produktams). Atitinka FDA reikalavimus \u017earnoms, skirtoms s\u0105ly\u010diui su maistu, alkoholiniais g\u0117rimais, spiritu, etilo alkoholiu iki 97% prie 20\u00b0C temperat\u016bros.\" \/>\n<meta name=\"robots\" content=\"index, follow, max-snippet:-1, max-image-preview:large, max-video-preview:-1\" \/>\n<link rel=\"canonical\" href=\"https:\/\/enviteka.lt\/en\/product\/gumine-zarna-maistiniu-skysciu-siurbimui\/\" \/>\n<meta property=\"og:locale\" content=\"en_US\" \/>\n<meta property=\"og:type\" content=\"article\" \/>\n<meta property=\"og:title\" content=\"Gumin\u0117 \u017earna maistini\u0173 skys\u010di\u0173 siurbimui - ENVITEKA\" \/>\n<meta property=\"og:description\" content=\"Paskirtis: Specialaus gumos mi\u0161inio \u017earna, skirta siurbti maistinius skys\u010dius (tinka geriamam vandeniui, pienui ir kitiems skystiems maisto produktams). Atitinka FDA reikalavimus \u017earnoms, skirtoms s\u0105ly\u010diui su maistu, alkoholiniais g\u0117rimais, spiritu, etilo alkoholiu iki 97% prie 20\u00b0C temperat\u016bros.\" \/>\n<meta property=\"og:url\" content=\"https:\/\/enviteka.lt\/en\/product\/gumine-zarna-maistiniu-skysciu-siurbimui\/\" \/>\n<meta property=\"og:site_name\" content=\"ENVITEKA\" \/>\n<meta property=\"article:modified_time\" content=\"2024-10-28T19:52:38+00:00\" \/>\n<meta property=\"og:image\" content=\"https:\/\/enviteka.lt\/wp-content\/uploads\/2024\/10\/maisto_siurbimui_food_suction_delivery.jpg\" \/>\n\t<meta property=\"og:image:width\" content=\"540\" \/>\n\t<meta property=\"og:image:height\" content=\"420\" \/>\n\t<meta property=\"og:image:type\" content=\"image\/jpeg\" \/>\n<meta name=\"twitter:card\" content=\"summary_large_image\" \/>\n<meta name=\"twitter:label1\" content=\"Est. reading time\" \/>\n\t<meta name=\"twitter:data1\" content=\"1 minute\" \/>\n<script type=\"application\/ld+json\" class=\"yoast-schema-graph\">{\"@context\":\"https:\\\/\\\/schema.org\",\"@graph\":[{\"@type\":\"WebPage\",\"@id\":\"https:\\\/\\\/enviteka.lt\\\/produktas\\\/gumine-zarna-maistiniu-skysciu-siurbimui\\\/\",\"url\":\"https:\\\/\\\/enviteka.lt\\\/produktas\\\/gumine-zarna-maistiniu-skysciu-siurbimui\\\/\",\"name\":\"Gumin\u0117 \u017earna maistini\u0173 skys\u010di\u0173 siurbimui - ENVITEKA\",\"isPartOf\":{\"@id\":\"https:\\\/\\\/enviteka.lt\\\/#website\"},\"primaryImageOfPage\":{\"@id\":\"https:\\\/\\\/enviteka.lt\\\/produktas\\\/gumine-zarna-maistiniu-skysciu-siurbimui\\\/#primaryimage\"},\"image\":{\"@id\":\"https:\\\/\\\/enviteka.lt\\\/produktas\\\/gumine-zarna-maistiniu-skysciu-siurbimui\\\/#primaryimage\"},\"thumbnailUrl\":\"https:\\\/\\\/enviteka.lt\\\/wp-content\\\/uploads\\\/2024\\\/10\\\/maisto_siurbimui_food_suction_delivery.jpg\",\"datePublished\":\"2024-10-10T14:46:05+00:00\",\"dateModified\":\"2024-10-28T19:52:38+00:00\",\"description\":\"Paskirtis: Specialaus gumos mi\u0161inio \u017earna, skirta siurbti maistinius skys\u010dius (tinka geriamam vandeniui, pienui ir kitiems skystiems maisto produktams). Atitinka FDA reikalavimus \u017earnoms, skirtoms s\u0105ly\u010diui su maistu, alkoholiniais g\u0117rimais, spiritu, etilo alkoholiu iki 97% prie 20\u00b0C temperat\u016bros.\",\"breadcrumb\":{\"@id\":\"https:\\\/\\\/enviteka.lt\\\/produktas\\\/gumine-zarna-maistiniu-skysciu-siurbimui\\\/#breadcrumb\"},\"inLanguage\":\"en-US\",\"potentialAction\":[{\"@type\":\"ReadAction\",\"target\":[\"https:\\\/\\\/enviteka.lt\\\/produktas\\\/gumine-zarna-maistiniu-skysciu-siurbimui\\\/\"]}]},{\"@type\":\"ImageObject\",\"inLanguage\":\"en-US\",\"@id\":\"https:\\\/\\\/enviteka.lt\\\/produktas\\\/gumine-zarna-maistiniu-skysciu-siurbimui\\\/#primaryimage\",\"url\":\"https:\\\/\\\/enviteka.lt\\\/wp-content\\\/uploads\\\/2024\\\/10\\\/maisto_siurbimui_food_suction_delivery.jpg\",\"contentUrl\":\"https:\\\/\\\/enviteka.lt\\\/wp-content\\\/uploads\\\/2024\\\/10\\\/maisto_siurbimui_food_suction_delivery.jpg\",\"width\":540,\"height\":420},{\"@type\":\"BreadcrumbList\",\"@id\":\"https:\\\/\\\/enviteka.lt\\\/produktas\\\/gumine-zarna-maistiniu-skysciu-siurbimui\\\/#breadcrumb\",\"itemListElement\":[{\"@type\":\"ListItem\",\"position\":1,\"name\":\"Home\",\"item\":\"https:\\\/\\\/enviteka.lt\\\/\"},{\"@type\":\"ListItem\",\"position\":2,\"name\":\"Produktai\",\"item\":\"https:\\\/\\\/enviteka.lt\\\/produktai\\\/\"},{\"@type\":\"ListItem\",\"position\":3,\"name\":\"Gumin\u0117 \u017earna maistini\u0173 skys\u010di\u0173 siurbimui\"}]},{\"@type\":\"WebSite\",\"@id\":\"https:\\\/\\\/enviteka.lt\\\/#website\",\"url\":\"https:\\\/\\\/enviteka.lt\\\/\",\"name\":\"ENVITEKA\",\"description\":\"pramonin\u0117s \u012frangos tiek\u0117jas\",\"publisher\":{\"@id\":\"https:\\\/\\\/enviteka.lt\\\/#organization\"},\"potentialAction\":[{\"@type\":\"SearchAction\",\"target\":{\"@type\":\"EntryPoint\",\"urlTemplate\":\"https:\\\/\\\/enviteka.lt\\\/?s={search_term_string}\"},\"query-input\":{\"@type\":\"PropertyValueSpecification\",\"valueRequired\":true,\"valueName\":\"search_term_string\"}}],\"inLanguage\":\"en-US\"},{\"@type\":\"Organization\",\"@id\":\"https:\\\/\\\/enviteka.lt\\\/#organization\",\"name\":\"ENVITEKA\",\"url\":\"https:\\\/\\\/enviteka.lt\\\/\",\"logo\":{\"@type\":\"ImageObject\",\"inLanguage\":\"en-US\",\"@id\":\"https:\\\/\\\/enviteka.lt\\\/#\\\/schema\\\/logo\\\/image\\\/\",\"url\":\"https:\\\/\\\/enviteka.lt\\\/wp-content\\\/uploads\\\/2024\\\/10\\\/enviteka-high-resolution-logo-transparent-e1742852093377.png\",\"contentUrl\":\"https:\\\/\\\/enviteka.lt\\\/wp-content\\\/uploads\\\/2024\\\/10\\\/enviteka-high-resolution-logo-transparent-e1742852093377.png\",\"width\":424,\"height\":150,\"caption\":\"ENVITEKA\"},\"image\":{\"@id\":\"https:\\\/\\\/enviteka.lt\\\/#\\\/schema\\\/logo\\\/image\\\/\"}}]}<\/script>\n<!-- \/ Yoast SEO plugin. -->","yoast_head_json":{"title":"Gumin\u0117 \u017earna maistini\u0173 skys\u010di\u0173 siurbimui - ENVITEKA","description":"Paskirtis: Specialaus gumos mi\u0161inio \u017earna, skirta siurbti maistinius skys\u010dius (tinka geriamam vandeniui, pienui ir kitiems skystiems maisto produktams). Atitinka FDA reikalavimus \u017earnoms, skirtoms s\u0105ly\u010diui su maistu, alkoholiniais g\u0117rimais, spiritu, etilo alkoholiu iki 97% prie 20\u00b0C temperat\u016bros.","robots":{"index":"index","follow":"follow","max-snippet":"max-snippet:-1","max-image-preview":"max-image-preview:large","max-video-preview":"max-video-preview:-1"},"canonical":"https:\/\/enviteka.lt\/en\/product\/gumine-zarna-maistiniu-skysciu-siurbimui\/","og_locale":"en_US","og_type":"article","og_title":"Gumin\u0117 \u017earna maistini\u0173 skys\u010di\u0173 siurbimui - ENVITEKA","og_description":"Paskirtis: Specialaus gumos mi\u0161inio \u017earna, skirta siurbti maistinius skys\u010dius (tinka geriamam vandeniui, pienui ir kitiems skystiems maisto produktams). Atitinka FDA reikalavimus \u017earnoms, skirtoms s\u0105ly\u010diui su maistu, alkoholiniais g\u0117rimais, spiritu, etilo alkoholiu iki 97% prie 20\u00b0C temperat\u016bros.","og_url":"https:\/\/enviteka.lt\/en\/product\/gumine-zarna-maistiniu-skysciu-siurbimui\/","og_site_name":"ENVITEKA","article_modified_time":"2024-10-28T19:52:38+00:00","og_image":[{"width":540,"height":420,"url":"https:\/\/enviteka.lt\/wp-content\/uploads\/2024\/10\/maisto_siurbimui_food_suction_delivery.jpg","type":"image\/jpeg"}],"twitter_card":"summary_large_image","twitter_misc":{"Est. reading time":"1 minute"},"schema":{"@context":"https:\/\/schema.org","@graph":[{"@type":"WebPage","@id":"https:\/\/enviteka.lt\/produktas\/gumine-zarna-maistiniu-skysciu-siurbimui\/","url":"https:\/\/enviteka.lt\/produktas\/gumine-zarna-maistiniu-skysciu-siurbimui\/","name":"Gumin\u0117 \u017earna maistini\u0173 skys\u010di\u0173 siurbimui - ENVITEKA","isPartOf":{"@id":"https:\/\/enviteka.lt\/#website"},"primaryImageOfPage":{"@id":"https:\/\/enviteka.lt\/produktas\/gumine-zarna-maistiniu-skysciu-siurbimui\/#primaryimage"},"image":{"@id":"https:\/\/enviteka.lt\/produktas\/gumine-zarna-maistiniu-skysciu-siurbimui\/#primaryimage"},"thumbnailUrl":"https:\/\/enviteka.lt\/wp-content\/uploads\/2024\/10\/maisto_siurbimui_food_suction_delivery.jpg","datePublished":"2024-10-10T14:46:05+00:00","dateModified":"2024-10-28T19:52:38+00:00","description":"Paskirtis: Specialaus gumos mi\u0161inio \u017earna, skirta siurbti maistinius skys\u010dius (tinka geriamam vandeniui, pienui ir kitiems skystiems maisto produktams). Atitinka FDA reikalavimus \u017earnoms, skirtoms s\u0105ly\u010diui su maistu, alkoholiniais g\u0117rimais, spiritu, etilo alkoholiu iki 97% prie 20\u00b0C temperat\u016bros.","breadcrumb":{"@id":"https:\/\/enviteka.lt\/produktas\/gumine-zarna-maistiniu-skysciu-siurbimui\/#breadcrumb"},"inLanguage":"en-US","potentialAction":[{"@type":"ReadAction","target":["https:\/\/enviteka.lt\/produktas\/gumine-zarna-maistiniu-skysciu-siurbimui\/"]}]},{"@type":"ImageObject","inLanguage":"en-US","@id":"https:\/\/enviteka.lt\/produktas\/gumine-zarna-maistiniu-skysciu-siurbimui\/#primaryimage","url":"https:\/\/enviteka.lt\/wp-content\/uploads\/2024\/10\/maisto_siurbimui_food_suction_delivery.jpg","contentUrl":"https:\/\/enviteka.lt\/wp-content\/uploads\/2024\/10\/maisto_siurbimui_food_suction_delivery.jpg","width":540,"height":420},{"@type":"BreadcrumbList","@id":"https:\/\/enviteka.lt\/produktas\/gumine-zarna-maistiniu-skysciu-siurbimui\/#breadcrumb","itemListElement":[{"@type":"ListItem","position":1,"name":"Home","item":"https:\/\/enviteka.lt\/"},{"@type":"ListItem","position":2,"name":"Produktai","item":"https:\/\/enviteka.lt\/produktai\/"},{"@type":"ListItem","position":3,"name":"Gumin\u0117 \u017earna maistini\u0173 skys\u010di\u0173 siurbimui"}]},{"@type":"WebSite","@id":"https:\/\/enviteka.lt\/#website","url":"https:\/\/enviteka.lt\/","name":"ENVITEKA","description":"pramonin\u0117s \u012frangos tiek\u0117jas","publisher":{"@id":"https:\/\/enviteka.lt\/#organization"},"potentialAction":[{"@type":"SearchAction","target":{"@type":"EntryPoint","urlTemplate":"https:\/\/enviteka.lt\/?s={search_term_string}"},"query-input":{"@type":"PropertyValueSpecification","valueRequired":true,"valueName":"search_term_string"}}],"inLanguage":"en-US"},{"@type":"Organization","@id":"https:\/\/enviteka.lt\/#organization","name":"ENVITEKA","url":"https:\/\/enviteka.lt\/","logo":{"@type":"ImageObject","inLanguage":"en-US","@id":"https:\/\/enviteka.lt\/#\/schema\/logo\/image\/","url":"https:\/\/enviteka.lt\/wp-content\/uploads\/2024\/10\/enviteka-high-resolution-logo-transparent-e1742852093377.png","contentUrl":"https:\/\/enviteka.lt\/wp-content\/uploads\/2024\/10\/enviteka-high-resolution-logo-transparent-e1742852093377.png","width":424,"height":150,"caption":"ENVITEKA"},"image":{"@id":"https:\/\/enviteka.lt\/#\/schema\/logo\/image\/"}}]}},"_links":{"self":[{"href":"https:\/\/enviteka.lt\/en\/wp-json\/wp\/v2\/product\/289","targetHints":{"allow":["GET"]}}],"collection":[{"href":"https:\/\/enviteka.lt\/en\/wp-json\/wp\/v2\/product"}],"about":[{"href":"https:\/\/enviteka.lt\/en\/wp-json\/wp\/v2\/types\/product"}],"wp:featuredmedia":[{"embeddable":true,"href":"https:\/\/enviteka.lt\/en\/wp-json\/wp\/v2\/media\/827"}],"wp:attachment":[{"href":"https:\/\/enviteka.lt\/en\/wp-json\/wp\/v2\/media?parent=289"}],"wp:term":[{"taxonomy":"product_brand","embeddable":true,"href":"https:\/\/enviteka.lt\/en\/wp-json\/wp\/v2\/product_brand?post=289"},{"taxonomy":"product_cat","embeddable":true,"href":"https:\/\/enviteka.lt\/en\/wp-json\/wp\/v2\/product_cat?post=289"},{"taxonomy":"product_tag","embeddable":true,"href":"https:\/\/enviteka.lt\/en\/wp-json\/wp\/v2\/product_tag?post=289"}],"curies":[{"name":"wp","href":"https:\/\/api.w.org\/{rel}","templated":true}]}}