{"id":2748,"date":"2026-05-01T15:34:28","date_gmt":"2026-05-01T15:34:28","guid":{"rendered":"https:\/\/enviteka.lt\/?post_type=product&#038;p=2748"},"modified":"2026-05-01T16:40:37","modified_gmt":"2026-05-01T16:40:37","slug":"gumine-terasos-plytele-25-mm","status":"publish","type":"product","link":"https:\/\/enviteka.lt\/en\/product\/gumine-terasos-plytele-25-mm\/","title":{"rendered":"Gumin\u0117 terasos plytel\u0117 25 mm"},"content":{"rendered":"<p data-start=\"57\" data-end=\"319\">Gumin\u0117 terasos plytel\u0117 \u2013 tai grind\u0173 elementas, pagamintas i\u0161 SBR gumos granuli\u0173, suri\u0161t\u0173 poliuretano ri\u0161ikliu. 25 mm storio danga pasi\u017eymi elastingumu, atsparumu d\u0117v\u0117jimuisi ir stabilumu \u012fvairiomis oro s\u0105lygomis (nuo \u221220 \u00b0C iki +70 \u00b0C).<\/p>\n<p data-start=\"321\" data-end=\"598\">Pavir\u0161ius yra lygus ir neslidus, tod\u0117l u\u017etikrina saug\u0173 jud\u0117jim\u0105 net ir dr\u0117gnomis s\u0105lygomis. Nuo\u017euln\u016bs kra\u0161tai padeda efektyviai nutek\u0117ti vandeniui, o apatin\u0117 \u201e\u0161okolado plytel\u0117s\u201c strukt\u016bra stabilizuoja dang\u0105, ma\u017eina deformacijas ir leid\u017eia jai geriau prisitaikyti prie pagrindo.<\/p>\n<p data-section-id=\"bt7w0a\" data-start=\"1664\" data-end=\"1690\"><strong>Technin\u0117 specifikacija<\/strong><\/p>\n<section class=\"text-token-text-primary w-full focus:outline-none [--shadow-height:45px] has-data-writing-block:pointer-events-none has-data-writing-block:-mt-(--shadow-height) has-data-writing-block:pt-(--shadow-height) [&amp;:has([data-writing-block])&gt;*]:pointer-events-auto [content-visibility:auto] supports-[content-visibility:auto]:[contain-intrinsic-size:auto_100lvh] R6Vx5W_threadScrollVars scroll-mb-[calc(var(--scroll-root-safe-area-inset-bottom,0px)+var(--thread-response-height))] scroll-mt-[calc(var(--header-height)+min(200px,max(70px,20svh)))]\" dir=\"auto\" data-turn-id=\"request-WEB:857002ce-b864-45fc-8479-49a2c5af58f9-15\" data-testid=\"conversation-turn-32\" data-scroll-anchor=\"false\" data-turn=\"assistant\">\n<div class=\"text-base my-auto mx-auto pb-10 [--thread-content-margin:var(--thread-content-margin-xs,calc(var(--spacing)*4))] @w-sm\/main:[--thread-content-margin:var(--thread-content-margin-sm,calc(var(--spacing)*6))] @w-lg\/main:[--thread-content-margin:var(--thread-content-margin-lg,calc(var(--spacing)*16))] px-(--thread-content-margin)\">\n<div class=\"[--thread-content-max-width:40rem] @w-lg\/main:[--thread-content-max-width:48rem] mx-auto max-w-(--thread-content-max-width) flex-1 group\/turn-messages focus-visible:outline-hidden relative flex w-full min-w-0 flex-col agent-turn\">\n<div class=\"flex max-w-full flex-col gap-4 grow\">\n<div class=\"min-h-8 text-message relative flex w-full flex-col items-end gap-2 text-start break-words whitespace-normal outline-none keyboard-focused:focus-ring [.text-message+&amp;]:mt-1\" dir=\"auto\" tabindex=\"0\" data-message-author-role=\"assistant\" data-message-id=\"f50dc4e0-a259-468a-83b8-cf0c09340efa\" data-message-model-slug=\"gpt-5-3-mini\" data-turn-start-message=\"true\">\n<div class=\"flex w-full flex-col gap-1 empty:hidden\">\n<div class=\"markdown prose dark:prose-invert w-full wrap-break-word dark markdown-new-styling\">\n<p data-start=\"0\" data-end=\"118\" data-is-last-node=\"\" data-is-only-node=\"\"><strong>Pagrindas:<\/strong> Gumos granuliatas<br data-start=\"90\" data-end=\"93\" \/><strong>Storis<\/strong>: 25mm<br data-start=\"103\" data-end=\"106\" \/><strong>Plotis:<\/strong> 0.5m<\/p>\n<\/div>\n<\/div>\n<\/div>\n<\/div>\n<\/div>\n<\/div>\n<\/section>\n<p><strong>Susisiekite su mumis<\/strong> \u2013 info@enviteka.lt ir pad\u0117sime pasirinkti pagal j\u016bs\u0173 poreikius!<\/p>","protected":false},"excerpt":{"rendered":"<p>Gumin\u0117 terasos plytel\u0117 \u2013 tai grind\u0173 elementas, pagamintas i\u0161 SBR gumos granuli\u0173, suri\u0161t\u0173 poliuretano ri\u0161ikliu. 25 mm storio danga pasi\u017eymi [&hellip;]<\/p>","protected":false},"featured_media":2754,"template":"","meta":{"site-sidebar-layout":"default","site-content-layout":"","ast-site-content-layout":"default","site-content-style":"default","site-sidebar-style":"default","ast-global-header-display":"","ast-banner-title-visibility":"","ast-main-header-display":"","ast-hfb-above-header-display":"","ast-hfb-below-header-display":"","ast-hfb-mobile-header-display":"","site-post-title":"","ast-breadcrumbs-content":"","ast-featured-img":"","footer-sml-layout":"","ast-disable-related-posts":"","theme-transparent-header-meta":"default","adv-header-id-meta":"","stick-header-meta":"","header-above-stick-meta":"","header-main-stick-meta":"","header-below-stick-meta":"","astra-migrate-meta-layouts":"set","ast-page-background-enabled":"default","ast-page-background-meta":{"desktop":{"background-color":"var(--ast-global-color-4)","background-image":"","background-repeat":"repeat","background-position":"center center","background-size":"auto","background-attachment":"scroll","background-type":"","background-media":"","overlay-type":"","overlay-color":"","overlay-opacity":"","overlay-gradient":""},"tablet":{"background-color":"","background-image":"","background-repeat":"repeat","background-position":"center center","background-size":"auto","background-attachment":"scroll","background-type":"","background-media":"","overlay-type":"","overlay-color":"","overlay-opacity":"","overlay-gradient":""},"mobile":{"background-color":"","background-image":"","background-repeat":"repeat","background-position":"center center","background-size":"auto","background-attachment":"scroll","background-type":"","background-media":"","overlay-type":"","overlay-color":"","overlay-opacity":"","overlay-gradient":""}},"ast-content-background-meta":{"desktop":{"background-color":"var(--ast-global-color-5)","background-image":"","background-repeat":"repeat","background-position":"center center","background-size":"auto","background-attachment":"scroll","background-type":"","background-media":"","overlay-type":"","overlay-color":"","overlay-opacity":"","overlay-gradient":""},"tablet":{"background-color":"var(--ast-global-color-5)","background-image":"","background-repeat":"repeat","background-position":"center center","background-size":"auto","background-attachment":"scroll","background-type":"","background-media":"","overlay-type":"","overlay-color":"","overlay-opacity":"","overlay-gradient":""},"mobile":{"background-color":"var(--ast-global-color-5)","background-image":"","background-repeat":"repeat","background-position":"center center","background-size":"auto","background-attachment":"scroll","background-type":"","background-media":"","overlay-type":"","overlay-color":"","overlay-opacity":"","overlay-gradient":""}}},"product_brand":[],"product_cat":[154,32],"product_tag":[],"class_list":{"0":"post-2748","1":"product","2":"type-product","3":"status-publish","4":"has-post-thumbnail","6":"product_cat-gumos-granuliu-danga","7":"product_cat-pramonine-guma","8":"desktop-align-left","9":"tablet-align-left","10":"mobile-align-left","12":"first","13":"instock","14":"shipping-taxable","15":"purchasable","16":"product-type-simple"},"yoast_head":"<!-- This site is optimized with the Yoast SEO plugin v27.5 - https:\/\/yoast.com\/product\/yoast-seo-wordpress\/ -->\n<title>Gumin\u0117 terasos plytel\u0117 25 mm - ENVITEKA<\/title>\n<meta name=\"description\" content=\"Gumin\u0117 terasos plytel\u0117, 25 mm gumin\u0117s plytel\u0117s, SBR gumos danga, SCP Select, terasos danga, neslid\u017eios plytel\u0117s, kiemo grindinys\" \/>\n<meta name=\"robots\" content=\"index, follow, max-snippet:-1, max-image-preview:large, max-video-preview:-1\" \/>\n<link rel=\"canonical\" href=\"https:\/\/enviteka.lt\/en\/product\/gumine-terasos-plytele-25-mm\/\" \/>\n<meta property=\"og:locale\" content=\"en_US\" \/>\n<meta property=\"og:type\" content=\"article\" \/>\n<meta property=\"og:title\" content=\"Gumin\u0117 terasos plytel\u0117 25 mm - ENVITEKA\" \/>\n<meta property=\"og:description\" content=\"Gumin\u0117 terasos plytel\u0117, 25 mm gumin\u0117s plytel\u0117s, SBR gumos danga, SCP Select, terasos danga, neslid\u017eios plytel\u0117s, kiemo grindinys\" \/>\n<meta property=\"og:url\" content=\"https:\/\/enviteka.lt\/en\/product\/gumine-terasos-plytele-25-mm\/\" \/>\n<meta property=\"og:site_name\" content=\"ENVITEKA\" \/>\n<meta property=\"article:modified_time\" content=\"2026-05-01T16:40:37+00:00\" \/>\n<meta property=\"og:image\" content=\"https:\/\/enviteka.lt\/wp-content\/uploads\/2026\/05\/gumine-trinkele-enviteka.png\" \/>\n\t<meta property=\"og:image:width\" content=\"840\" \/>\n\t<meta property=\"og:image:height\" content=\"666\" \/>\n\t<meta property=\"og:image:type\" content=\"image\/png\" \/>\n<meta name=\"twitter:card\" content=\"summary_large_image\" \/>\n<meta name=\"twitter:label1\" content=\"Est. reading time\" \/>\n\t<meta name=\"twitter:data1\" content=\"1 minute\" \/>\n<script type=\"application\/ld+json\" class=\"yoast-schema-graph\">{\"@context\":\"https:\\\/\\\/schema.org\",\"@graph\":[{\"@type\":\"WebPage\",\"@id\":\"https:\\\/\\\/enviteka.lt\\\/produktas\\\/gumine-terasos-plytele-25-mm\\\/\",\"url\":\"https:\\\/\\\/enviteka.lt\\\/produktas\\\/gumine-terasos-plytele-25-mm\\\/\",\"name\":\"Gumin\u0117 terasos plytel\u0117 25 mm - ENVITEKA\",\"isPartOf\":{\"@id\":\"https:\\\/\\\/enviteka.lt\\\/#website\"},\"primaryImageOfPage\":{\"@id\":\"https:\\\/\\\/enviteka.lt\\\/produktas\\\/gumine-terasos-plytele-25-mm\\\/#primaryimage\"},\"image\":{\"@id\":\"https:\\\/\\\/enviteka.lt\\\/produktas\\\/gumine-terasos-plytele-25-mm\\\/#primaryimage\"},\"thumbnailUrl\":\"https:\\\/\\\/enviteka.lt\\\/wp-content\\\/uploads\\\/2026\\\/05\\\/gumine-trinkele-enviteka.png\",\"datePublished\":\"2026-05-01T15:34:28+00:00\",\"dateModified\":\"2026-05-01T16:40:37+00:00\",\"description\":\"Gumin\u0117 terasos plytel\u0117, 25 mm gumin\u0117s plytel\u0117s, SBR gumos danga, SCP Select, terasos danga, neslid\u017eios plytel\u0117s, kiemo grindinys\",\"breadcrumb\":{\"@id\":\"https:\\\/\\\/enviteka.lt\\\/produktas\\\/gumine-terasos-plytele-25-mm\\\/#breadcrumb\"},\"inLanguage\":\"en-US\",\"potentialAction\":[{\"@type\":\"ReadAction\",\"target\":[\"https:\\\/\\\/enviteka.lt\\\/produktas\\\/gumine-terasos-plytele-25-mm\\\/\"]}]},{\"@type\":\"ImageObject\",\"inLanguage\":\"en-US\",\"@id\":\"https:\\\/\\\/enviteka.lt\\\/produktas\\\/gumine-terasos-plytele-25-mm\\\/#primaryimage\",\"url\":\"https:\\\/\\\/enviteka.lt\\\/wp-content\\\/uploads\\\/2026\\\/05\\\/gumine-trinkele-enviteka.png\",\"contentUrl\":\"https:\\\/\\\/enviteka.lt\\\/wp-content\\\/uploads\\\/2026\\\/05\\\/gumine-trinkele-enviteka.png\",\"width\":840,\"height\":666},{\"@type\":\"BreadcrumbList\",\"@id\":\"https:\\\/\\\/enviteka.lt\\\/produktas\\\/gumine-terasos-plytele-25-mm\\\/#breadcrumb\",\"itemListElement\":[{\"@type\":\"ListItem\",\"position\":1,\"name\":\"Home\",\"item\":\"https:\\\/\\\/enviteka.lt\\\/\"},{\"@type\":\"ListItem\",\"position\":2,\"name\":\"Produktai\",\"item\":\"https:\\\/\\\/enviteka.lt\\\/produktai\\\/\"},{\"@type\":\"ListItem\",\"position\":3,\"name\":\"Gumin\u0117 terasos plytel\u0117 25 mm\"}]},{\"@type\":\"WebSite\",\"@id\":\"https:\\\/\\\/enviteka.lt\\\/#website\",\"url\":\"https:\\\/\\\/enviteka.lt\\\/\",\"name\":\"ENVITEKA\",\"description\":\"pramonin\u0117s \u012frangos tiek\u0117jas\",\"publisher\":{\"@id\":\"https:\\\/\\\/enviteka.lt\\\/#organization\"},\"potentialAction\":[{\"@type\":\"SearchAction\",\"target\":{\"@type\":\"EntryPoint\",\"urlTemplate\":\"https:\\\/\\\/enviteka.lt\\\/?s={search_term_string}\"},\"query-input\":{\"@type\":\"PropertyValueSpecification\",\"valueRequired\":true,\"valueName\":\"search_term_string\"}}],\"inLanguage\":\"en-US\"},{\"@type\":\"Organization\",\"@id\":\"https:\\\/\\\/enviteka.lt\\\/#organization\",\"name\":\"ENVITEKA\",\"url\":\"https:\\\/\\\/enviteka.lt\\\/\",\"logo\":{\"@type\":\"ImageObject\",\"inLanguage\":\"en-US\",\"@id\":\"https:\\\/\\\/enviteka.lt\\\/#\\\/schema\\\/logo\\\/image\\\/\",\"url\":\"https:\\\/\\\/enviteka.lt\\\/wp-content\\\/uploads\\\/2024\\\/10\\\/enviteka-high-resolution-logo-transparent-e1742852093377.png\",\"contentUrl\":\"https:\\\/\\\/enviteka.lt\\\/wp-content\\\/uploads\\\/2024\\\/10\\\/enviteka-high-resolution-logo-transparent-e1742852093377.png\",\"width\":424,\"height\":150,\"caption\":\"ENVITEKA\"},\"image\":{\"@id\":\"https:\\\/\\\/enviteka.lt\\\/#\\\/schema\\\/logo\\\/image\\\/\"}}]}<\/script>\n<!-- \/ Yoast SEO plugin. -->","yoast_head_json":{"title":"Gumin\u0117 terasos plytel\u0117 25 mm - ENVITEKA","description":"Gumin\u0117 terasos plytel\u0117, 25 mm gumin\u0117s plytel\u0117s, SBR gumos danga, SCP Select, terasos danga, neslid\u017eios plytel\u0117s, kiemo grindinys","robots":{"index":"index","follow":"follow","max-snippet":"max-snippet:-1","max-image-preview":"max-image-preview:large","max-video-preview":"max-video-preview:-1"},"canonical":"https:\/\/enviteka.lt\/en\/product\/gumine-terasos-plytele-25-mm\/","og_locale":"en_US","og_type":"article","og_title":"Gumin\u0117 terasos plytel\u0117 25 mm - ENVITEKA","og_description":"Gumin\u0117 terasos plytel\u0117, 25 mm gumin\u0117s plytel\u0117s, SBR gumos danga, SCP Select, terasos danga, neslid\u017eios plytel\u0117s, kiemo grindinys","og_url":"https:\/\/enviteka.lt\/en\/product\/gumine-terasos-plytele-25-mm\/","og_site_name":"ENVITEKA","article_modified_time":"2026-05-01T16:40:37+00:00","og_image":[{"width":840,"height":666,"url":"https:\/\/enviteka.lt\/wp-content\/uploads\/2026\/05\/gumine-trinkele-enviteka.png","type":"image\/png"}],"twitter_card":"summary_large_image","twitter_misc":{"Est. reading time":"1 minute"},"schema":{"@context":"https:\/\/schema.org","@graph":[{"@type":"WebPage","@id":"https:\/\/enviteka.lt\/produktas\/gumine-terasos-plytele-25-mm\/","url":"https:\/\/enviteka.lt\/produktas\/gumine-terasos-plytele-25-mm\/","name":"Gumin\u0117 terasos plytel\u0117 25 mm - ENVITEKA","isPartOf":{"@id":"https:\/\/enviteka.lt\/#website"},"primaryImageOfPage":{"@id":"https:\/\/enviteka.lt\/produktas\/gumine-terasos-plytele-25-mm\/#primaryimage"},"image":{"@id":"https:\/\/enviteka.lt\/produktas\/gumine-terasos-plytele-25-mm\/#primaryimage"},"thumbnailUrl":"https:\/\/enviteka.lt\/wp-content\/uploads\/2026\/05\/gumine-trinkele-enviteka.png","datePublished":"2026-05-01T15:34:28+00:00","dateModified":"2026-05-01T16:40:37+00:00","description":"Gumin\u0117 terasos plytel\u0117, 25 mm gumin\u0117s plytel\u0117s, SBR gumos danga, SCP Select, terasos danga, neslid\u017eios plytel\u0117s, kiemo grindinys","breadcrumb":{"@id":"https:\/\/enviteka.lt\/produktas\/gumine-terasos-plytele-25-mm\/#breadcrumb"},"inLanguage":"en-US","potentialAction":[{"@type":"ReadAction","target":["https:\/\/enviteka.lt\/produktas\/gumine-terasos-plytele-25-mm\/"]}]},{"@type":"ImageObject","inLanguage":"en-US","@id":"https:\/\/enviteka.lt\/produktas\/gumine-terasos-plytele-25-mm\/#primaryimage","url":"https:\/\/enviteka.lt\/wp-content\/uploads\/2026\/05\/gumine-trinkele-enviteka.png","contentUrl":"https:\/\/enviteka.lt\/wp-content\/uploads\/2026\/05\/gumine-trinkele-enviteka.png","width":840,"height":666},{"@type":"BreadcrumbList","@id":"https:\/\/enviteka.lt\/produktas\/gumine-terasos-plytele-25-mm\/#breadcrumb","itemListElement":[{"@type":"ListItem","position":1,"name":"Home","item":"https:\/\/enviteka.lt\/"},{"@type":"ListItem","position":2,"name":"Produktai","item":"https:\/\/enviteka.lt\/produktai\/"},{"@type":"ListItem","position":3,"name":"Gumin\u0117 terasos plytel\u0117 25 mm"}]},{"@type":"WebSite","@id":"https:\/\/enviteka.lt\/#website","url":"https:\/\/enviteka.lt\/","name":"ENVITEKA","description":"pramonin\u0117s \u012frangos tiek\u0117jas","publisher":{"@id":"https:\/\/enviteka.lt\/#organization"},"potentialAction":[{"@type":"SearchAction","target":{"@type":"EntryPoint","urlTemplate":"https:\/\/enviteka.lt\/?s={search_term_string}"},"query-input":{"@type":"PropertyValueSpecification","valueRequired":true,"valueName":"search_term_string"}}],"inLanguage":"en-US"},{"@type":"Organization","@id":"https:\/\/enviteka.lt\/#organization","name":"ENVITEKA","url":"https:\/\/enviteka.lt\/","logo":{"@type":"ImageObject","inLanguage":"en-US","@id":"https:\/\/enviteka.lt\/#\/schema\/logo\/image\/","url":"https:\/\/enviteka.lt\/wp-content\/uploads\/2024\/10\/enviteka-high-resolution-logo-transparent-e1742852093377.png","contentUrl":"https:\/\/enviteka.lt\/wp-content\/uploads\/2024\/10\/enviteka-high-resolution-logo-transparent-e1742852093377.png","width":424,"height":150,"caption":"ENVITEKA"},"image":{"@id":"https:\/\/enviteka.lt\/#\/schema\/logo\/image\/"}}]}},"_links":{"self":[{"href":"https:\/\/enviteka.lt\/en\/wp-json\/wp\/v2\/product\/2748","targetHints":{"allow":["GET"]}}],"collection":[{"href":"https:\/\/enviteka.lt\/en\/wp-json\/wp\/v2\/product"}],"about":[{"href":"https:\/\/enviteka.lt\/en\/wp-json\/wp\/v2\/types\/product"}],"wp:featuredmedia":[{"embeddable":true,"href":"https:\/\/enviteka.lt\/en\/wp-json\/wp\/v2\/media\/2754"}],"wp:attachment":[{"href":"https:\/\/enviteka.lt\/en\/wp-json\/wp\/v2\/media?parent=2748"}],"wp:term":[{"taxonomy":"product_brand","embeddable":true,"href":"https:\/\/enviteka.lt\/en\/wp-json\/wp\/v2\/product_brand?post=2748"},{"taxonomy":"product_cat","embeddable":true,"href":"https:\/\/enviteka.lt\/en\/wp-json\/wp\/v2\/product_cat?post=2748"},{"taxonomy":"product_tag","embeddable":true,"href":"https:\/\/enviteka.lt\/en\/wp-json\/wp\/v2\/product_tag?post=2748"}],"curies":[{"name":"wp","href":"https:\/\/api.w.org\/{rel}","templated":true}]}}