{"id":2735,"date":"2026-05-01T15:14:34","date_gmt":"2026-05-01T15:14:34","guid":{"rendered":"https:\/\/enviteka.lt\/?post_type=product&#038;p=2735"},"modified":"2026-05-01T15:14:54","modified_gmt":"2026-05-01T15:14:54","slug":"sbr-gumos-granuliu-danga-12mm-1x10m","status":"publish","type":"product","link":"https:\/\/enviteka.lt\/en\/product\/sbr-gumos-granuliu-danga-12mm-1x10m\/","title":{"rendered":"SBR gumos granuli\u0173 danga 12mm 1x10m"},"content":{"rendered":"<p data-start=\"144\" data-end=\"431\">Tai lanksti rulonin\u0117 SBR gumos granuli\u0173 danga, pagaminta naudojant poliuretano ri\u0161ikl\u012f ir tolygiai paskirstytus spalvotus intarpus. D\u0117l smulkiai sumalt\u0173 gumos daleli\u0173 ir apie 750 kg\/m\u00b3 tankio, danga yra lengva, elastinga ir atspari intensyviam naudojimui.<\/p>\n<p data-start=\"433\" data-end=\"691\">\u0160i konstrukcija u\u017etikrina ger\u0105 sm\u016bgi\u0173 sug\u0117rim\u0105, efektyv\u0173 vibracijos bei triuk\u0161mo slopinim\u0105 ir patog\u0173 naudojim\u0105 \u012fvairiose technin\u0117se aplinkose. Rulonin\u0117 forma leid\u017eia greitai ir efektyviai padengti didelius plotus bei lengvai pritaikyti dang\u0105 pagal poreikius.<\/p>\n<p data-start=\"693\" data-end=\"945\">Puikiai tinka sand\u0117liams, dirbtuv\u0117ms, logistikos zonoms, pramonin\u0117ms patalpoms ir kaip apsauginis pagrindas po \u012franga ar grindimis. D\u0117l granuliuotos strukt\u016bros pavir\u0161ius yra neslidus ir padeda maskuoti smulkius nusid\u0117v\u0117jimo po\u017eymius.<\/p>\n<p data-section-id=\"bt7w0a\" data-start=\"1664\" data-end=\"1690\"><strong>Technin\u0117 specifikacija<\/strong><\/p>\n<section class=\"text-token-text-primary w-full focus:outline-none [--shadow-height:45px] has-data-writing-block:pointer-events-none has-data-writing-block:-mt-(--shadow-height) has-data-writing-block:pt-(--shadow-height) [&amp;:has([data-writing-block])&gt;*]:pointer-events-auto R6Vx5W_threadScrollVars scroll-mb-[calc(var(--scroll-root-safe-area-inset-bottom,0px)+var(--thread-response-height))] scroll-mt-(--header-height)\" dir=\"auto\" data-turn-id=\"ad4cc29a-0bf9-4f81-a7fb-ebc6b5d5ba2d\" data-testid=\"conversation-turn-31\" data-scroll-anchor=\"false\" data-turn=\"user\"><\/section>\n<section class=\"text-token-text-primary w-full focus:outline-none [--shadow-height:45px] has-data-writing-block:pointer-events-none has-data-writing-block:-mt-(--shadow-height) has-data-writing-block:pt-(--shadow-height) [&amp;:has([data-writing-block])&gt;*]:pointer-events-auto [content-visibility:auto] supports-[content-visibility:auto]:[contain-intrinsic-size:auto_100lvh] R6Vx5W_threadScrollVars scroll-mb-[calc(var(--scroll-root-safe-area-inset-bottom,0px)+var(--thread-response-height))] scroll-mt-[calc(var(--header-height)+min(200px,max(70px,20svh)))]\" dir=\"auto\" data-turn-id=\"request-WEB:857002ce-b864-45fc-8479-49a2c5af58f9-15\" data-testid=\"conversation-turn-32\" data-scroll-anchor=\"false\" data-turn=\"assistant\">\n<div class=\"text-base my-auto mx-auto pb-10 [--thread-content-margin:var(--thread-content-margin-xs,calc(var(--spacing)*4))] @w-sm\/main:[--thread-content-margin:var(--thread-content-margin-sm,calc(var(--spacing)*6))] @w-lg\/main:[--thread-content-margin:var(--thread-content-margin-lg,calc(var(--spacing)*16))] px-(--thread-content-margin)\">\n<div class=\"[--thread-content-max-width:40rem] @w-lg\/main:[--thread-content-max-width:48rem] mx-auto max-w-(--thread-content-max-width) flex-1 group\/turn-messages focus-visible:outline-hidden relative flex w-full min-w-0 flex-col agent-turn\">\n<div class=\"flex max-w-full flex-col gap-4 grow\">\n<div class=\"min-h-8 text-message relative flex w-full flex-col items-end gap-2 text-start break-words whitespace-normal outline-none keyboard-focused:focus-ring [.text-message+&amp;]:mt-1\" dir=\"auto\" tabindex=\"0\" data-message-author-role=\"assistant\" data-message-id=\"f50dc4e0-a259-468a-83b8-cf0c09340efa\" data-message-model-slug=\"gpt-5-3-mini\" data-turn-start-message=\"true\">\n<div class=\"flex w-full flex-col gap-1 empty:hidden\">\n<div class=\"markdown prose dark:prose-invert w-full wrap-break-word dark markdown-new-styling\">\n<p data-start=\"0\" data-end=\"118\" data-is-last-node=\"\" data-is-only-node=\"\"><strong>Med\u017eiaga(gumostipas)<\/strong>: SBR gumos granuli\u0173danga<br data-start=\"42\" data-end=\"45\" \/><strong>Pagrindas:<\/strong> Gumos granuliatas<br data-start=\"71\" data-end=\"74\" \/><strong>Tankis:<\/strong> 750kg\/m\u00b3<br data-start=\"90\" data-end=\"93\" \/><strong>Storis<\/strong>: 12mm<br data-start=\"103\" data-end=\"106\" \/><strong>Plotis:<\/strong> 1,m<\/p>\n<\/div>\n<\/div>\n<\/div>\n<\/div>\n<\/div>\n<\/div>\n<\/section>\n<p><strong>Susisiekite su mumis<\/strong> \u2013 info@enviteka.lt ir pad\u0117sime pasirinkti pagal j\u016bs\u0173 poreikius!<\/p>","protected":false},"excerpt":{"rendered":"<p>Tai lanksti rulonin\u0117 SBR gumos granuli\u0173 danga, pagaminta naudojant poliuretano ri\u0161ikl\u012f ir tolygiai paskirstytus spalvotus intarpus. D\u0117l smulkiai sumalt\u0173 gumos [&hellip;]<\/p>","protected":false},"featured_media":2733,"template":"","meta":{"site-sidebar-layout":"default","site-content-layout":"","ast-site-content-layout":"default","site-content-style":"default","site-sidebar-style":"default","ast-global-header-display":"","ast-banner-title-visibility":"","ast-main-header-display":"","ast-hfb-above-header-display":"","ast-hfb-below-header-display":"","ast-hfb-mobile-header-display":"","site-post-title":"","ast-breadcrumbs-content":"","ast-featured-img":"","footer-sml-layout":"","ast-disable-related-posts":"","theme-transparent-header-meta":"default","adv-header-id-meta":"","stick-header-meta":"","header-above-stick-meta":"","header-main-stick-meta":"","header-below-stick-meta":"","astra-migrate-meta-layouts":"set","ast-page-background-enabled":"default","ast-page-background-meta":{"desktop":{"background-color":"var(--ast-global-color-4)","background-image":"","background-repeat":"repeat","background-position":"center center","background-size":"auto","background-attachment":"scroll","background-type":"","background-media":"","overlay-type":"","overlay-color":"","overlay-opacity":"","overlay-gradient":""},"tablet":{"background-color":"","background-image":"","background-repeat":"repeat","background-position":"center center","background-size":"auto","background-attachment":"scroll","background-type":"","background-media":"","overlay-type":"","overlay-color":"","overlay-opacity":"","overlay-gradient":""},"mobile":{"background-color":"","background-image":"","background-repeat":"repeat","background-position":"center center","background-size":"auto","background-attachment":"scroll","background-type":"","background-media":"","overlay-type":"","overlay-color":"","overlay-opacity":"","overlay-gradient":""}},"ast-content-background-meta":{"desktop":{"background-color":"var(--ast-global-color-5)","background-image":"","background-repeat":"repeat","background-position":"center center","background-size":"auto","background-attachment":"scroll","background-type":"","background-media":"","overlay-type":"","overlay-color":"","overlay-opacity":"","overlay-gradient":""},"tablet":{"background-color":"var(--ast-global-color-5)","background-image":"","background-repeat":"repeat","background-position":"center center","background-size":"auto","background-attachment":"scroll","background-type":"","background-media":"","overlay-type":"","overlay-color":"","overlay-opacity":"","overlay-gradient":""},"mobile":{"background-color":"var(--ast-global-color-5)","background-image":"","background-repeat":"repeat","background-position":"center center","background-size":"auto","background-attachment":"scroll","background-type":"","background-media":"","overlay-type":"","overlay-color":"","overlay-opacity":"","overlay-gradient":""}}},"product_brand":[],"product_cat":[154,32],"product_tag":[],"class_list":{"0":"post-2735","1":"product","2":"type-product","3":"status-publish","4":"has-post-thumbnail","6":"product_cat-gumos-granuliu-danga","7":"product_cat-pramonine-guma","8":"desktop-align-left","9":"tablet-align-left","10":"mobile-align-left","12":"first","13":"instock","14":"shipping-taxable","15":"purchasable","16":"product-type-simple"},"yoast_head":"<!-- This site is optimized with the Yoast SEO plugin v27.5 - https:\/\/yoast.com\/product\/yoast-seo-wordpress\/ -->\n<title>SBR gumos granuli\u0173 danga 12mm 1x10m - ENVITEKA<\/title>\n<meta name=\"description\" content=\"Gumos granuli\u0173 danga lengva, elastinga ir neslidi danga vibracijos slopinimui ir apsaugai.\" \/>\n<meta name=\"robots\" content=\"index, follow, max-snippet:-1, max-image-preview:large, max-video-preview:-1\" \/>\n<link rel=\"canonical\" href=\"https:\/\/enviteka.lt\/en\/product\/sbr-gumos-granuliu-danga-12mm-1x10m\/\" \/>\n<meta property=\"og:locale\" content=\"en_US\" \/>\n<meta property=\"og:type\" content=\"article\" \/>\n<meta property=\"og:title\" content=\"SBR gumos granuli\u0173 danga 12mm 1x10m - ENVITEKA\" \/>\n<meta property=\"og:description\" content=\"Gumos granuli\u0173 danga lengva, elastinga ir neslidi danga vibracijos slopinimui ir apsaugai.\" \/>\n<meta property=\"og:url\" content=\"https:\/\/enviteka.lt\/en\/product\/sbr-gumos-granuliu-danga-12mm-1x10m\/\" \/>\n<meta property=\"og:site_name\" content=\"ENVITEKA\" \/>\n<meta property=\"article:modified_time\" content=\"2026-05-01T15:14:54+00:00\" \/>\n<meta property=\"og:image\" content=\"https:\/\/enviteka.lt\/wp-content\/uploads\/2026\/05\/granuliuot-danga-enviteka.png\" \/>\n\t<meta property=\"og:image:width\" content=\"513\" \/>\n\t<meta property=\"og:image:height\" content=\"702\" \/>\n\t<meta property=\"og:image:type\" content=\"image\/png\" \/>\n<meta name=\"twitter:card\" content=\"summary_large_image\" \/>\n<meta name=\"twitter:label1\" content=\"Est. reading time\" \/>\n\t<meta name=\"twitter:data1\" content=\"1 minute\" \/>\n<script type=\"application\/ld+json\" class=\"yoast-schema-graph\">{\"@context\":\"https:\\\/\\\/schema.org\",\"@graph\":[{\"@type\":\"WebPage\",\"@id\":\"https:\\\/\\\/enviteka.lt\\\/produktas\\\/sbr-gumos-granuliu-danga-12mm-1x10m\\\/\",\"url\":\"https:\\\/\\\/enviteka.lt\\\/produktas\\\/sbr-gumos-granuliu-danga-12mm-1x10m\\\/\",\"name\":\"SBR gumos granuli\u0173 danga 12mm 1x10m - ENVITEKA\",\"isPartOf\":{\"@id\":\"https:\\\/\\\/enviteka.lt\\\/#website\"},\"primaryImageOfPage\":{\"@id\":\"https:\\\/\\\/enviteka.lt\\\/produktas\\\/sbr-gumos-granuliu-danga-12mm-1x10m\\\/#primaryimage\"},\"image\":{\"@id\":\"https:\\\/\\\/enviteka.lt\\\/produktas\\\/sbr-gumos-granuliu-danga-12mm-1x10m\\\/#primaryimage\"},\"thumbnailUrl\":\"https:\\\/\\\/enviteka.lt\\\/wp-content\\\/uploads\\\/2026\\\/05\\\/granuliuot-danga-enviteka.png\",\"datePublished\":\"2026-05-01T15:14:34+00:00\",\"dateModified\":\"2026-05-01T15:14:54+00:00\",\"description\":\"Gumos granuli\u0173 danga lengva, elastinga ir neslidi danga vibracijos slopinimui ir apsaugai.\",\"breadcrumb\":{\"@id\":\"https:\\\/\\\/enviteka.lt\\\/produktas\\\/sbr-gumos-granuliu-danga-12mm-1x10m\\\/#breadcrumb\"},\"inLanguage\":\"en-US\",\"potentialAction\":[{\"@type\":\"ReadAction\",\"target\":[\"https:\\\/\\\/enviteka.lt\\\/produktas\\\/sbr-gumos-granuliu-danga-12mm-1x10m\\\/\"]}]},{\"@type\":\"ImageObject\",\"inLanguage\":\"en-US\",\"@id\":\"https:\\\/\\\/enviteka.lt\\\/produktas\\\/sbr-gumos-granuliu-danga-12mm-1x10m\\\/#primaryimage\",\"url\":\"https:\\\/\\\/enviteka.lt\\\/wp-content\\\/uploads\\\/2026\\\/05\\\/granuliuot-danga-enviteka.png\",\"contentUrl\":\"https:\\\/\\\/enviteka.lt\\\/wp-content\\\/uploads\\\/2026\\\/05\\\/granuliuot-danga-enviteka.png\",\"width\":513,\"height\":702},{\"@type\":\"BreadcrumbList\",\"@id\":\"https:\\\/\\\/enviteka.lt\\\/produktas\\\/sbr-gumos-granuliu-danga-12mm-1x10m\\\/#breadcrumb\",\"itemListElement\":[{\"@type\":\"ListItem\",\"position\":1,\"name\":\"Home\",\"item\":\"https:\\\/\\\/enviteka.lt\\\/\"},{\"@type\":\"ListItem\",\"position\":2,\"name\":\"Produktai\",\"item\":\"https:\\\/\\\/enviteka.lt\\\/produktai\\\/\"},{\"@type\":\"ListItem\",\"position\":3,\"name\":\"SBR gumos granuli\u0173 danga 12mm 1x10m\"}]},{\"@type\":\"WebSite\",\"@id\":\"https:\\\/\\\/enviteka.lt\\\/#website\",\"url\":\"https:\\\/\\\/enviteka.lt\\\/\",\"name\":\"ENVITEKA\",\"description\":\"pramonin\u0117s \u012frangos tiek\u0117jas\",\"publisher\":{\"@id\":\"https:\\\/\\\/enviteka.lt\\\/#organization\"},\"potentialAction\":[{\"@type\":\"SearchAction\",\"target\":{\"@type\":\"EntryPoint\",\"urlTemplate\":\"https:\\\/\\\/enviteka.lt\\\/?s={search_term_string}\"},\"query-input\":{\"@type\":\"PropertyValueSpecification\",\"valueRequired\":true,\"valueName\":\"search_term_string\"}}],\"inLanguage\":\"en-US\"},{\"@type\":\"Organization\",\"@id\":\"https:\\\/\\\/enviteka.lt\\\/#organization\",\"name\":\"ENVITEKA\",\"url\":\"https:\\\/\\\/enviteka.lt\\\/\",\"logo\":{\"@type\":\"ImageObject\",\"inLanguage\":\"en-US\",\"@id\":\"https:\\\/\\\/enviteka.lt\\\/#\\\/schema\\\/logo\\\/image\\\/\",\"url\":\"https:\\\/\\\/enviteka.lt\\\/wp-content\\\/uploads\\\/2024\\\/10\\\/enviteka-high-resolution-logo-transparent-e1742852093377.png\",\"contentUrl\":\"https:\\\/\\\/enviteka.lt\\\/wp-content\\\/uploads\\\/2024\\\/10\\\/enviteka-high-resolution-logo-transparent-e1742852093377.png\",\"width\":424,\"height\":150,\"caption\":\"ENVITEKA\"},\"image\":{\"@id\":\"https:\\\/\\\/enviteka.lt\\\/#\\\/schema\\\/logo\\\/image\\\/\"}}]}<\/script>\n<!-- \/ Yoast SEO plugin. -->","yoast_head_json":{"title":"SBR gumos granuli\u0173 danga 12mm 1x10m - ENVITEKA","description":"Gumos granuli\u0173 danga lengva, elastinga ir neslidi danga vibracijos slopinimui ir apsaugai.","robots":{"index":"index","follow":"follow","max-snippet":"max-snippet:-1","max-image-preview":"max-image-preview:large","max-video-preview":"max-video-preview:-1"},"canonical":"https:\/\/enviteka.lt\/en\/product\/sbr-gumos-granuliu-danga-12mm-1x10m\/","og_locale":"en_US","og_type":"article","og_title":"SBR gumos granuli\u0173 danga 12mm 1x10m - ENVITEKA","og_description":"Gumos granuli\u0173 danga lengva, elastinga ir neslidi danga vibracijos slopinimui ir apsaugai.","og_url":"https:\/\/enviteka.lt\/en\/product\/sbr-gumos-granuliu-danga-12mm-1x10m\/","og_site_name":"ENVITEKA","article_modified_time":"2026-05-01T15:14:54+00:00","og_image":[{"width":513,"height":702,"url":"https:\/\/enviteka.lt\/wp-content\/uploads\/2026\/05\/granuliuot-danga-enviteka.png","type":"image\/png"}],"twitter_card":"summary_large_image","twitter_misc":{"Est. reading time":"1 minute"},"schema":{"@context":"https:\/\/schema.org","@graph":[{"@type":"WebPage","@id":"https:\/\/enviteka.lt\/produktas\/sbr-gumos-granuliu-danga-12mm-1x10m\/","url":"https:\/\/enviteka.lt\/produktas\/sbr-gumos-granuliu-danga-12mm-1x10m\/","name":"SBR gumos granuli\u0173 danga 12mm 1x10m - ENVITEKA","isPartOf":{"@id":"https:\/\/enviteka.lt\/#website"},"primaryImageOfPage":{"@id":"https:\/\/enviteka.lt\/produktas\/sbr-gumos-granuliu-danga-12mm-1x10m\/#primaryimage"},"image":{"@id":"https:\/\/enviteka.lt\/produktas\/sbr-gumos-granuliu-danga-12mm-1x10m\/#primaryimage"},"thumbnailUrl":"https:\/\/enviteka.lt\/wp-content\/uploads\/2026\/05\/granuliuot-danga-enviteka.png","datePublished":"2026-05-01T15:14:34+00:00","dateModified":"2026-05-01T15:14:54+00:00","description":"Gumos granuli\u0173 danga lengva, elastinga ir neslidi danga vibracijos slopinimui ir apsaugai.","breadcrumb":{"@id":"https:\/\/enviteka.lt\/produktas\/sbr-gumos-granuliu-danga-12mm-1x10m\/#breadcrumb"},"inLanguage":"en-US","potentialAction":[{"@type":"ReadAction","target":["https:\/\/enviteka.lt\/produktas\/sbr-gumos-granuliu-danga-12mm-1x10m\/"]}]},{"@type":"ImageObject","inLanguage":"en-US","@id":"https:\/\/enviteka.lt\/produktas\/sbr-gumos-granuliu-danga-12mm-1x10m\/#primaryimage","url":"https:\/\/enviteka.lt\/wp-content\/uploads\/2026\/05\/granuliuot-danga-enviteka.png","contentUrl":"https:\/\/enviteka.lt\/wp-content\/uploads\/2026\/05\/granuliuot-danga-enviteka.png","width":513,"height":702},{"@type":"BreadcrumbList","@id":"https:\/\/enviteka.lt\/produktas\/sbr-gumos-granuliu-danga-12mm-1x10m\/#breadcrumb","itemListElement":[{"@type":"ListItem","position":1,"name":"Home","item":"https:\/\/enviteka.lt\/"},{"@type":"ListItem","position":2,"name":"Produktai","item":"https:\/\/enviteka.lt\/produktai\/"},{"@type":"ListItem","position":3,"name":"SBR gumos granuli\u0173 danga 12mm 1x10m"}]},{"@type":"WebSite","@id":"https:\/\/enviteka.lt\/#website","url":"https:\/\/enviteka.lt\/","name":"ENVITEKA","description":"pramonin\u0117s \u012frangos tiek\u0117jas","publisher":{"@id":"https:\/\/enviteka.lt\/#organization"},"potentialAction":[{"@type":"SearchAction","target":{"@type":"EntryPoint","urlTemplate":"https:\/\/enviteka.lt\/?s={search_term_string}"},"query-input":{"@type":"PropertyValueSpecification","valueRequired":true,"valueName":"search_term_string"}}],"inLanguage":"en-US"},{"@type":"Organization","@id":"https:\/\/enviteka.lt\/#organization","name":"ENVITEKA","url":"https:\/\/enviteka.lt\/","logo":{"@type":"ImageObject","inLanguage":"en-US","@id":"https:\/\/enviteka.lt\/#\/schema\/logo\/image\/","url":"https:\/\/enviteka.lt\/wp-content\/uploads\/2024\/10\/enviteka-high-resolution-logo-transparent-e1742852093377.png","contentUrl":"https:\/\/enviteka.lt\/wp-content\/uploads\/2024\/10\/enviteka-high-resolution-logo-transparent-e1742852093377.png","width":424,"height":150,"caption":"ENVITEKA"},"image":{"@id":"https:\/\/enviteka.lt\/#\/schema\/logo\/image\/"}}]}},"_links":{"self":[{"href":"https:\/\/enviteka.lt\/en\/wp-json\/wp\/v2\/product\/2735","targetHints":{"allow":["GET"]}}],"collection":[{"href":"https:\/\/enviteka.lt\/en\/wp-json\/wp\/v2\/product"}],"about":[{"href":"https:\/\/enviteka.lt\/en\/wp-json\/wp\/v2\/types\/product"}],"wp:featuredmedia":[{"embeddable":true,"href":"https:\/\/enviteka.lt\/en\/wp-json\/wp\/v2\/media\/2733"}],"wp:attachment":[{"href":"https:\/\/enviteka.lt\/en\/wp-json\/wp\/v2\/media?parent=2735"}],"wp:term":[{"taxonomy":"product_brand","embeddable":true,"href":"https:\/\/enviteka.lt\/en\/wp-json\/wp\/v2\/product_brand?post=2735"},{"taxonomy":"product_cat","embeddable":true,"href":"https:\/\/enviteka.lt\/en\/wp-json\/wp\/v2\/product_cat?post=2735"},{"taxonomy":"product_tag","embeddable":true,"href":"https:\/\/enviteka.lt\/en\/wp-json\/wp\/v2\/product_tag?post=2735"}],"curies":[{"name":"wp","href":"https:\/\/api.w.org\/{rel}","templated":true}]}}