{"id":2685,"date":"2026-03-21T13:15:12","date_gmt":"2026-03-21T13:15:12","guid":{"rendered":"https:\/\/enviteka.lt\/?post_type=product&#038;p=2685"},"modified":"2026-03-21T13:17:56","modified_gmt":"2026-03-21T13:17:56","slug":"plastikiniai-paleciu-borteliai","status":"publish","type":"product","link":"https:\/\/enviteka.lt\/en\/product\/plastikiniai-paleciu-borteliai\/","title":{"rendered":"Plastikiniai pale\u010di\u0173 borteliai"},"content":{"rendered":"<h6 data-section-id=\"1bqf8nf\" data-start=\"630\" data-end=\"661\"><span role=\"text\"><strong data-start=\"637\" data-end=\"661\">Techniniai duomenys:<\/strong><\/span><\/h6>\n<ul data-start=\"493\" data-end=\"563\">\n<li data-section-id=\"5m4lqo\" data-start=\"493\" data-end=\"543\">I\u0161matavimai: 800 \u00d7 1200 mm arba 1000 \u00d7 1200 mm<\/li>\n<li data-section-id=\"16g05ru\" data-start=\"544\" data-end=\"563\">Med\u017eiaga: PE-HD<\/li>\n<\/ul>\n<p data-start=\"565\" data-end=\"701\">Plastikin\u0117 apmal\u0117 puikiai tinka \u012fvairi\u0173 dyd\u017ei\u0173 palet\u0117ms ir leid\u017eia efektyviai stabilizuoti krovinius sand\u0117liuojant ar transportuojant.<\/p>\n<p><strong>Turite klausim\u0173 ar norite gauti pasi\u016blym\u0105? <\/strong>Susisiekite su mumis ir mes greitai atsakysime \u012f j\u016bs\u0173 u\u017eklaus\u0105 <a href=\"mailto:info@enviteka.lt\">info@enviteka.lt<\/a><\/p>\n<p>&nbsp;<\/p>","protected":false},"excerpt":{"rendered":"<p>Techniniai duomenys: I\u0161matavimai: 800 \u00d7 1200 mm arba 1000 \u00d7 1200 mm Med\u017eiaga: PE-HD Plastikin\u0117 apmal\u0117 puikiai tinka \u012fvairi\u0173 dyd\u017ei\u0173 [&hellip;]<\/p>","protected":false},"featured_media":2686,"template":"","meta":{"site-sidebar-layout":"default","site-content-layout":"","ast-site-content-layout":"default","site-content-style":"default","site-sidebar-style":"default","ast-global-header-display":"","ast-banner-title-visibility":"","ast-main-header-display":"","ast-hfb-above-header-display":"","ast-hfb-below-header-display":"","ast-hfb-mobile-header-display":"","site-post-title":"","ast-breadcrumbs-content":"","ast-featured-img":"","footer-sml-layout":"","ast-disable-related-posts":"","theme-transparent-header-meta":"default","adv-header-id-meta":"","stick-header-meta":"","header-above-stick-meta":"","header-main-stick-meta":"","header-below-stick-meta":"","astra-migrate-meta-layouts":"set","ast-page-background-enabled":"default","ast-page-background-meta":{"desktop":{"background-color":"var(--ast-global-color-4)","background-image":"","background-repeat":"repeat","background-position":"center center","background-size":"auto","background-attachment":"scroll","background-type":"","background-media":"","overlay-type":"","overlay-color":"","overlay-opacity":"","overlay-gradient":""},"tablet":{"background-color":"","background-image":"","background-repeat":"repeat","background-position":"center center","background-size":"auto","background-attachment":"scroll","background-type":"","background-media":"","overlay-type":"","overlay-color":"","overlay-opacity":"","overlay-gradient":""},"mobile":{"background-color":"","background-image":"","background-repeat":"repeat","background-position":"center center","background-size":"auto","background-attachment":"scroll","background-type":"","background-media":"","overlay-type":"","overlay-color":"","overlay-opacity":"","overlay-gradient":""}},"ast-content-background-meta":{"desktop":{"background-color":"var(--ast-global-color-5)","background-image":"","background-repeat":"repeat","background-position":"center center","background-size":"auto","background-attachment":"scroll","background-type":"","background-media":"","overlay-type":"","overlay-color":"","overlay-opacity":"","overlay-gradient":""},"tablet":{"background-color":"var(--ast-global-color-5)","background-image":"","background-repeat":"repeat","background-position":"center center","background-size":"auto","background-attachment":"scroll","background-type":"","background-media":"","overlay-type":"","overlay-color":"","overlay-opacity":"","overlay-gradient":""},"mobile":{"background-color":"var(--ast-global-color-5)","background-image":"","background-repeat":"repeat","background-position":"center center","background-size":"auto","background-attachment":"scroll","background-type":"","background-media":"","overlay-type":"","overlay-color":"","overlay-opacity":"","overlay-gradient":""}}},"product_brand":[],"product_cat":[153],"product_tag":[],"class_list":{"0":"post-2685","1":"product","2":"type-product","3":"status-publish","4":"has-post-thumbnail","6":"product_cat-plastikines-paletes","7":"desktop-align-left","8":"tablet-align-left","9":"mobile-align-left","11":"first","12":"instock","13":"shipping-taxable","14":"purchasable","15":"product-type-simple"},"yoast_head":"<!-- This site is optimized with the Yoast SEO plugin v27.3 - https:\/\/yoast.com\/product\/yoast-seo-wordpress\/ -->\n<title>Plastikiniai pale\u010di\u0173 borteliai - ENVITEKA<\/title>\n<meta name=\"description\" content=\"Plastikinei pale\u010di\u0173 borteliai 800\u00d71200 ir 1000\u00d71200 mm, pagaminta i\u0161 PE-HD. Patvar\u016bs, lengvi ir skirti krovini\u0173 stabilizavimui ant palet\u0117s.\" \/>\n<meta name=\"robots\" content=\"index, follow, max-snippet:-1, max-image-preview:large, max-video-preview:-1\" \/>\n<link rel=\"canonical\" href=\"https:\/\/enviteka.lt\/en\/product\/plastikiniai-paleciu-borteliai\/\" \/>\n<meta property=\"og:locale\" content=\"en_US\" \/>\n<meta property=\"og:type\" content=\"article\" \/>\n<meta property=\"og:title\" content=\"Plastikiniai pale\u010di\u0173 borteliai - ENVITEKA\" \/>\n<meta property=\"og:description\" content=\"Plastikinei pale\u010di\u0173 borteliai 800\u00d71200 ir 1000\u00d71200 mm, pagaminta i\u0161 PE-HD. Patvar\u016bs, lengvi ir skirti krovini\u0173 stabilizavimui ant palet\u0117s.\" \/>\n<meta property=\"og:url\" content=\"https:\/\/enviteka.lt\/en\/product\/plastikiniai-paleciu-borteliai\/\" \/>\n<meta property=\"og:site_name\" content=\"ENVITEKA\" \/>\n<meta property=\"article:modified_time\" content=\"2026-03-21T13:17:56+00:00\" \/>\n<meta property=\"og:image\" content=\"https:\/\/enviteka.lt\/wp-content\/uploads\/2026\/03\/paleciu_borteliai_enviteka.jpg\" \/>\n\t<meta property=\"og:image:width\" content=\"408\" \/>\n\t<meta property=\"og:image:height\" content=\"250\" \/>\n\t<meta property=\"og:image:type\" content=\"image\/jpeg\" \/>\n<meta name=\"twitter:card\" content=\"summary_large_image\" \/>\n<meta name=\"twitter:label1\" content=\"Est. reading time\" \/>\n\t<meta name=\"twitter:data1\" content=\"1 minute\" \/>\n<script type=\"application\/ld+json\" class=\"yoast-schema-graph\">{\"@context\":\"https:\\\/\\\/schema.org\",\"@graph\":[{\"@type\":\"WebPage\",\"@id\":\"https:\\\/\\\/enviteka.lt\\\/produktas\\\/plastikiniai-paleciu-borteliai\\\/\",\"url\":\"https:\\\/\\\/enviteka.lt\\\/produktas\\\/plastikiniai-paleciu-borteliai\\\/\",\"name\":\"Plastikiniai pale\u010di\u0173 borteliai - ENVITEKA\",\"isPartOf\":{\"@id\":\"https:\\\/\\\/enviteka.lt\\\/#website\"},\"primaryImageOfPage\":{\"@id\":\"https:\\\/\\\/enviteka.lt\\\/produktas\\\/plastikiniai-paleciu-borteliai\\\/#primaryimage\"},\"image\":{\"@id\":\"https:\\\/\\\/enviteka.lt\\\/produktas\\\/plastikiniai-paleciu-borteliai\\\/#primaryimage\"},\"thumbnailUrl\":\"https:\\\/\\\/enviteka.lt\\\/wp-content\\\/uploads\\\/2026\\\/03\\\/paleciu_borteliai_enviteka.jpg\",\"datePublished\":\"2026-03-21T13:15:12+00:00\",\"dateModified\":\"2026-03-21T13:17:56+00:00\",\"description\":\"Plastikinei pale\u010di\u0173 borteliai 800\u00d71200 ir 1000\u00d71200 mm, pagaminta i\u0161 PE-HD. Patvar\u016bs, lengvi ir skirti krovini\u0173 stabilizavimui ant palet\u0117s.\",\"breadcrumb\":{\"@id\":\"https:\\\/\\\/enviteka.lt\\\/produktas\\\/plastikiniai-paleciu-borteliai\\\/#breadcrumb\"},\"inLanguage\":\"en-US\",\"potentialAction\":[{\"@type\":\"ReadAction\",\"target\":[\"https:\\\/\\\/enviteka.lt\\\/produktas\\\/plastikiniai-paleciu-borteliai\\\/\"]}]},{\"@type\":\"ImageObject\",\"inLanguage\":\"en-US\",\"@id\":\"https:\\\/\\\/enviteka.lt\\\/produktas\\\/plastikiniai-paleciu-borteliai\\\/#primaryimage\",\"url\":\"https:\\\/\\\/enviteka.lt\\\/wp-content\\\/uploads\\\/2026\\\/03\\\/paleciu_borteliai_enviteka.jpg\",\"contentUrl\":\"https:\\\/\\\/enviteka.lt\\\/wp-content\\\/uploads\\\/2026\\\/03\\\/paleciu_borteliai_enviteka.jpg\",\"width\":408,\"height\":250},{\"@type\":\"BreadcrumbList\",\"@id\":\"https:\\\/\\\/enviteka.lt\\\/produktas\\\/plastikiniai-paleciu-borteliai\\\/#breadcrumb\",\"itemListElement\":[{\"@type\":\"ListItem\",\"position\":1,\"name\":\"Home\",\"item\":\"https:\\\/\\\/enviteka.lt\\\/\"},{\"@type\":\"ListItem\",\"position\":2,\"name\":\"Produktai\",\"item\":\"https:\\\/\\\/enviteka.lt\\\/produktai\\\/\"},{\"@type\":\"ListItem\",\"position\":3,\"name\":\"Plastikiniai pale\u010di\u0173 borteliai\"}]},{\"@type\":\"WebSite\",\"@id\":\"https:\\\/\\\/enviteka.lt\\\/#website\",\"url\":\"https:\\\/\\\/enviteka.lt\\\/\",\"name\":\"ENVITEKA\",\"description\":\"pramonin\u0117s \u012frangos tiek\u0117jas\",\"publisher\":{\"@id\":\"https:\\\/\\\/enviteka.lt\\\/#organization\"},\"potentialAction\":[{\"@type\":\"SearchAction\",\"target\":{\"@type\":\"EntryPoint\",\"urlTemplate\":\"https:\\\/\\\/enviteka.lt\\\/?s={search_term_string}\"},\"query-input\":{\"@type\":\"PropertyValueSpecification\",\"valueRequired\":true,\"valueName\":\"search_term_string\"}}],\"inLanguage\":\"en-US\"},{\"@type\":\"Organization\",\"@id\":\"https:\\\/\\\/enviteka.lt\\\/#organization\",\"name\":\"ENVITEKA\",\"url\":\"https:\\\/\\\/enviteka.lt\\\/\",\"logo\":{\"@type\":\"ImageObject\",\"inLanguage\":\"en-US\",\"@id\":\"https:\\\/\\\/enviteka.lt\\\/#\\\/schema\\\/logo\\\/image\\\/\",\"url\":\"https:\\\/\\\/enviteka.lt\\\/wp-content\\\/uploads\\\/2024\\\/10\\\/enviteka-high-resolution-logo-transparent-e1742852093377.png\",\"contentUrl\":\"https:\\\/\\\/enviteka.lt\\\/wp-content\\\/uploads\\\/2024\\\/10\\\/enviteka-high-resolution-logo-transparent-e1742852093377.png\",\"width\":424,\"height\":150,\"caption\":\"ENVITEKA\"},\"image\":{\"@id\":\"https:\\\/\\\/enviteka.lt\\\/#\\\/schema\\\/logo\\\/image\\\/\"}}]}<\/script>\n<!-- \/ Yoast SEO plugin. -->","yoast_head_json":{"title":"Plastikiniai pale\u010di\u0173 borteliai - ENVITEKA","description":"Plastikinei pale\u010di\u0173 borteliai 800\u00d71200 ir 1000\u00d71200 mm, pagaminta i\u0161 PE-HD. Patvar\u016bs, lengvi ir skirti krovini\u0173 stabilizavimui ant palet\u0117s.","robots":{"index":"index","follow":"follow","max-snippet":"max-snippet:-1","max-image-preview":"max-image-preview:large","max-video-preview":"max-video-preview:-1"},"canonical":"https:\/\/enviteka.lt\/en\/product\/plastikiniai-paleciu-borteliai\/","og_locale":"en_US","og_type":"article","og_title":"Plastikiniai pale\u010di\u0173 borteliai - ENVITEKA","og_description":"Plastikinei pale\u010di\u0173 borteliai 800\u00d71200 ir 1000\u00d71200 mm, pagaminta i\u0161 PE-HD. Patvar\u016bs, lengvi ir skirti krovini\u0173 stabilizavimui ant palet\u0117s.","og_url":"https:\/\/enviteka.lt\/en\/product\/plastikiniai-paleciu-borteliai\/","og_site_name":"ENVITEKA","article_modified_time":"2026-03-21T13:17:56+00:00","og_image":[{"width":408,"height":250,"url":"https:\/\/enviteka.lt\/wp-content\/uploads\/2026\/03\/paleciu_borteliai_enviteka.jpg","type":"image\/jpeg"}],"twitter_card":"summary_large_image","twitter_misc":{"Est. reading time":"1 minute"},"schema":{"@context":"https:\/\/schema.org","@graph":[{"@type":"WebPage","@id":"https:\/\/enviteka.lt\/produktas\/plastikiniai-paleciu-borteliai\/","url":"https:\/\/enviteka.lt\/produktas\/plastikiniai-paleciu-borteliai\/","name":"Plastikiniai pale\u010di\u0173 borteliai - ENVITEKA","isPartOf":{"@id":"https:\/\/enviteka.lt\/#website"},"primaryImageOfPage":{"@id":"https:\/\/enviteka.lt\/produktas\/plastikiniai-paleciu-borteliai\/#primaryimage"},"image":{"@id":"https:\/\/enviteka.lt\/produktas\/plastikiniai-paleciu-borteliai\/#primaryimage"},"thumbnailUrl":"https:\/\/enviteka.lt\/wp-content\/uploads\/2026\/03\/paleciu_borteliai_enviteka.jpg","datePublished":"2026-03-21T13:15:12+00:00","dateModified":"2026-03-21T13:17:56+00:00","description":"Plastikinei pale\u010di\u0173 borteliai 800\u00d71200 ir 1000\u00d71200 mm, pagaminta i\u0161 PE-HD. Patvar\u016bs, lengvi ir skirti krovini\u0173 stabilizavimui ant palet\u0117s.","breadcrumb":{"@id":"https:\/\/enviteka.lt\/produktas\/plastikiniai-paleciu-borteliai\/#breadcrumb"},"inLanguage":"en-US","potentialAction":[{"@type":"ReadAction","target":["https:\/\/enviteka.lt\/produktas\/plastikiniai-paleciu-borteliai\/"]}]},{"@type":"ImageObject","inLanguage":"en-US","@id":"https:\/\/enviteka.lt\/produktas\/plastikiniai-paleciu-borteliai\/#primaryimage","url":"https:\/\/enviteka.lt\/wp-content\/uploads\/2026\/03\/paleciu_borteliai_enviteka.jpg","contentUrl":"https:\/\/enviteka.lt\/wp-content\/uploads\/2026\/03\/paleciu_borteliai_enviteka.jpg","width":408,"height":250},{"@type":"BreadcrumbList","@id":"https:\/\/enviteka.lt\/produktas\/plastikiniai-paleciu-borteliai\/#breadcrumb","itemListElement":[{"@type":"ListItem","position":1,"name":"Home","item":"https:\/\/enviteka.lt\/"},{"@type":"ListItem","position":2,"name":"Produktai","item":"https:\/\/enviteka.lt\/produktai\/"},{"@type":"ListItem","position":3,"name":"Plastikiniai pale\u010di\u0173 borteliai"}]},{"@type":"WebSite","@id":"https:\/\/enviteka.lt\/#website","url":"https:\/\/enviteka.lt\/","name":"ENVITEKA","description":"pramonin\u0117s \u012frangos tiek\u0117jas","publisher":{"@id":"https:\/\/enviteka.lt\/#organization"},"potentialAction":[{"@type":"SearchAction","target":{"@type":"EntryPoint","urlTemplate":"https:\/\/enviteka.lt\/?s={search_term_string}"},"query-input":{"@type":"PropertyValueSpecification","valueRequired":true,"valueName":"search_term_string"}}],"inLanguage":"en-US"},{"@type":"Organization","@id":"https:\/\/enviteka.lt\/#organization","name":"ENVITEKA","url":"https:\/\/enviteka.lt\/","logo":{"@type":"ImageObject","inLanguage":"en-US","@id":"https:\/\/enviteka.lt\/#\/schema\/logo\/image\/","url":"https:\/\/enviteka.lt\/wp-content\/uploads\/2024\/10\/enviteka-high-resolution-logo-transparent-e1742852093377.png","contentUrl":"https:\/\/enviteka.lt\/wp-content\/uploads\/2024\/10\/enviteka-high-resolution-logo-transparent-e1742852093377.png","width":424,"height":150,"caption":"ENVITEKA"},"image":{"@id":"https:\/\/enviteka.lt\/#\/schema\/logo\/image\/"}}]}},"_links":{"self":[{"href":"https:\/\/enviteka.lt\/en\/wp-json\/wp\/v2\/product\/2685","targetHints":{"allow":["GET"]}}],"collection":[{"href":"https:\/\/enviteka.lt\/en\/wp-json\/wp\/v2\/product"}],"about":[{"href":"https:\/\/enviteka.lt\/en\/wp-json\/wp\/v2\/types\/product"}],"wp:featuredmedia":[{"embeddable":true,"href":"https:\/\/enviteka.lt\/en\/wp-json\/wp\/v2\/media\/2686"}],"wp:attachment":[{"href":"https:\/\/enviteka.lt\/en\/wp-json\/wp\/v2\/media?parent=2685"}],"wp:term":[{"taxonomy":"product_brand","embeddable":true,"href":"https:\/\/enviteka.lt\/en\/wp-json\/wp\/v2\/product_brand?post=2685"},{"taxonomy":"product_cat","embeddable":true,"href":"https:\/\/enviteka.lt\/en\/wp-json\/wp\/v2\/product_cat?post=2685"},{"taxonomy":"product_tag","embeddable":true,"href":"https:\/\/enviteka.lt\/en\/wp-json\/wp\/v2\/product_tag?post=2685"}],"curies":[{"name":"wp","href":"https:\/\/api.w.org\/{rel}","templated":true}]}}