{"id":2670,"date":"2026-03-21T12:58:41","date_gmt":"2026-03-21T12:58:41","guid":{"rendered":"https:\/\/enviteka.lt\/?post_type=product&#038;p=2670"},"modified":"2026-03-21T13:03:09","modified_gmt":"2026-03-21T13:03:09","slug":"plastikine-higienine-palete-1200x800-mm","status":"publish","type":"product","link":"https:\/\/enviteka.lt\/en\/product\/plastikine-higienine-palete-1200x800-mm\/","title":{"rendered":"Plastikin\u0117 higienin\u0117 palet\u0117 800&#215;600 mm"},"content":{"rendered":"<p>Tvirta, patvari ir sertifikuota palet\u0117, skirta maisto produkt\u0173 sand\u0117liavimui ir transportavimui. Pagaminta i\u0161 neapdoroto PE-HD plastiko, u\u017etikrina higien\u0105 ir atitinka maisto sertifikavimo reikalavimus. Palet\u0117 galima pilkos arba m\u0117lynos spalvos.<\/p>\n<h5 data-section-id=\"1bqf8nf\" data-start=\"630\" data-end=\"661\"><span role=\"text\"><strong data-start=\"637\" data-end=\"661\">Techniniai duomenys:<\/strong><\/span><\/h5>\n<ul data-start=\"482\" data-end=\"630\">\n<li data-section-id=\"tqvy1s\" data-start=\"451\" data-end=\"480\">I\u0161matavimai: 800 \u00d7 600 mm<\/li>\n<li data-section-id=\"1r6v9uu\" data-start=\"481\" data-end=\"509\">Dinamin\u0117 apkrova: 800\u202fkg<\/li>\n<li data-section-id=\"xdk2nb\" data-start=\"510\" data-end=\"538\">Statin\u0117 apkrova: 1500\u202fkg<\/li>\n<li data-section-id=\"zo2wvd\" data-start=\"539\" data-end=\"603\">Med\u017eiaga: neapdorotas PE-HD, higieni\u0161ka, maisto sertifikuota<\/li>\n<\/ul>\n<p data-start=\"632\" data-end=\"771\">Palet\u0117 idealiai tinka pramon\u0117s, logistikos ir sand\u0117liavimo poreikiams, u\u017etikrinant saug\u0173 ir patikim\u0105 krovini\u0173 laikym\u0105 bei transportavim\u0105.<\/p>\n<p><strong>Turite klausim\u0173 ar norite gauti pasi\u016blym\u0105? <\/strong>Susisiekite su mumis ir mes greitai atsakysime \u012f j\u016bs\u0173 u\u017eklaus\u0105 <a href=\"mailto:info@enviteka.lt\">info@enviteka.lt<\/a><\/p>\n<p>&nbsp;<\/p>","protected":false},"excerpt":{"rendered":"<p>Tvirta, patvari ir sertifikuota palet\u0117, skirta maisto produkt\u0173 sand\u0117liavimui ir transportavimui. Pagaminta i\u0161 neapdoroto PE-HD plastiko, u\u017etikrina higien\u0105 ir atitinka [&hellip;]<\/p>","protected":false},"featured_media":2673,"template":"","meta":{"site-sidebar-layout":"default","site-content-layout":"","ast-site-content-layout":"default","site-content-style":"default","site-sidebar-style":"default","ast-global-header-display":"","ast-banner-title-visibility":"","ast-main-header-display":"","ast-hfb-above-header-display":"","ast-hfb-below-header-display":"","ast-hfb-mobile-header-display":"","site-post-title":"","ast-breadcrumbs-content":"","ast-featured-img":"","footer-sml-layout":"","ast-disable-related-posts":"","theme-transparent-header-meta":"default","adv-header-id-meta":"","stick-header-meta":"","header-above-stick-meta":"","header-main-stick-meta":"","header-below-stick-meta":"","astra-migrate-meta-layouts":"set","ast-page-background-enabled":"default","ast-page-background-meta":{"desktop":{"background-color":"var(--ast-global-color-4)","background-image":"","background-repeat":"repeat","background-position":"center center","background-size":"auto","background-attachment":"scroll","background-type":"","background-media":"","overlay-type":"","overlay-color":"","overlay-opacity":"","overlay-gradient":""},"tablet":{"background-color":"","background-image":"","background-repeat":"repeat","background-position":"center center","background-size":"auto","background-attachment":"scroll","background-type":"","background-media":"","overlay-type":"","overlay-color":"","overlay-opacity":"","overlay-gradient":""},"mobile":{"background-color":"","background-image":"","background-repeat":"repeat","background-position":"center center","background-size":"auto","background-attachment":"scroll","background-type":"","background-media":"","overlay-type":"","overlay-color":"","overlay-opacity":"","overlay-gradient":""}},"ast-content-background-meta":{"desktop":{"background-color":"var(--ast-global-color-5)","background-image":"","background-repeat":"repeat","background-position":"center center","background-size":"auto","background-attachment":"scroll","background-type":"","background-media":"","overlay-type":"","overlay-color":"","overlay-opacity":"","overlay-gradient":""},"tablet":{"background-color":"var(--ast-global-color-5)","background-image":"","background-repeat":"repeat","background-position":"center center","background-size":"auto","background-attachment":"scroll","background-type":"","background-media":"","overlay-type":"","overlay-color":"","overlay-opacity":"","overlay-gradient":""},"mobile":{"background-color":"var(--ast-global-color-5)","background-image":"","background-repeat":"repeat","background-position":"center center","background-size":"auto","background-attachment":"scroll","background-type":"","background-media":"","overlay-type":"","overlay-color":"","overlay-opacity":"","overlay-gradient":""}}},"product_brand":[],"product_cat":[153],"product_tag":[],"class_list":{"0":"post-2670","1":"product","2":"type-product","3":"status-publish","4":"has-post-thumbnail","6":"product_cat-plastikines-paletes","7":"desktop-align-left","8":"tablet-align-left","9":"mobile-align-left","11":"first","12":"instock","13":"shipping-taxable","14":"purchasable","15":"product-type-simple"},"yoast_head":"<!-- This site is optimized with the Yoast SEO plugin v27.3 - https:\/\/yoast.com\/product\/yoast-seo-wordpress\/ -->\n<title>Plastikin\u0117 higienin\u0117 palet\u0117 800x600 mm - ENVITEKA<\/title>\n<meta name=\"description\" content=\"Tvirta, patvari ir patogi sand\u0117liavimui higieni\u0161ka palet\u0117. Pagaminta i\u0161 kokybi\u0161ko plastiko, atspari dr\u0117gmei ir apkrovoms.\" \/>\n<meta name=\"robots\" content=\"index, follow, max-snippet:-1, max-image-preview:large, max-video-preview:-1\" \/>\n<link rel=\"canonical\" href=\"https:\/\/enviteka.lt\/en\/product\/plastikine-higienine-palete-1200x800-mm\/\" \/>\n<meta property=\"og:locale\" content=\"en_US\" \/>\n<meta property=\"og:type\" content=\"article\" \/>\n<meta property=\"og:title\" content=\"Plastikin\u0117 higienin\u0117 palet\u0117 800x600 mm - ENVITEKA\" \/>\n<meta property=\"og:description\" content=\"Tvirta, patvari ir patogi sand\u0117liavimui higieni\u0161ka palet\u0117. Pagaminta i\u0161 kokybi\u0161ko plastiko, atspari dr\u0117gmei ir apkrovoms.\" \/>\n<meta property=\"og:url\" content=\"https:\/\/enviteka.lt\/en\/product\/plastikine-higienine-palete-1200x800-mm\/\" \/>\n<meta property=\"og:site_name\" content=\"ENVITEKA\" \/>\n<meta property=\"article:modified_time\" content=\"2026-03-21T13:03:09+00:00\" \/>\n<meta property=\"og:image\" content=\"https:\/\/enviteka.lt\/wp-content\/uploads\/2026\/03\/higieniska_palete_enviteka_1200.jpg\" \/>\n\t<meta property=\"og:image:width\" content=\"406\" \/>\n\t<meta property=\"og:image:height\" content=\"259\" \/>\n\t<meta property=\"og:image:type\" content=\"image\/jpeg\" \/>\n<meta name=\"twitter:card\" content=\"summary_large_image\" \/>\n<meta name=\"twitter:label1\" content=\"Est. reading time\" \/>\n\t<meta name=\"twitter:data1\" content=\"1 minute\" \/>\n<script type=\"application\/ld+json\" class=\"yoast-schema-graph\">{\"@context\":\"https:\\\/\\\/schema.org\",\"@graph\":[{\"@type\":\"WebPage\",\"@id\":\"https:\\\/\\\/enviteka.lt\\\/produktas\\\/plastikine-higienine-palete-1200x800-mm\\\/\",\"url\":\"https:\\\/\\\/enviteka.lt\\\/produktas\\\/plastikine-higienine-palete-1200x800-mm\\\/\",\"name\":\"Plastikin\u0117 higienin\u0117 palet\u0117 800x600 mm - ENVITEKA\",\"isPartOf\":{\"@id\":\"https:\\\/\\\/enviteka.lt\\\/#website\"},\"primaryImageOfPage\":{\"@id\":\"https:\\\/\\\/enviteka.lt\\\/produktas\\\/plastikine-higienine-palete-1200x800-mm\\\/#primaryimage\"},\"image\":{\"@id\":\"https:\\\/\\\/enviteka.lt\\\/produktas\\\/plastikine-higienine-palete-1200x800-mm\\\/#primaryimage\"},\"thumbnailUrl\":\"https:\\\/\\\/enviteka.lt\\\/wp-content\\\/uploads\\\/2026\\\/03\\\/higieniska_palete_enviteka_1200.jpg\",\"datePublished\":\"2026-03-21T12:58:41+00:00\",\"dateModified\":\"2026-03-21T13:03:09+00:00\",\"description\":\"Tvirta, patvari ir patogi sand\u0117liavimui higieni\u0161ka palet\u0117. Pagaminta i\u0161 kokybi\u0161ko plastiko, atspari dr\u0117gmei ir apkrovoms.\",\"breadcrumb\":{\"@id\":\"https:\\\/\\\/enviteka.lt\\\/produktas\\\/plastikine-higienine-palete-1200x800-mm\\\/#breadcrumb\"},\"inLanguage\":\"en-US\",\"potentialAction\":[{\"@type\":\"ReadAction\",\"target\":[\"https:\\\/\\\/enviteka.lt\\\/produktas\\\/plastikine-higienine-palete-1200x800-mm\\\/\"]}]},{\"@type\":\"ImageObject\",\"inLanguage\":\"en-US\",\"@id\":\"https:\\\/\\\/enviteka.lt\\\/produktas\\\/plastikine-higienine-palete-1200x800-mm\\\/#primaryimage\",\"url\":\"https:\\\/\\\/enviteka.lt\\\/wp-content\\\/uploads\\\/2026\\\/03\\\/higieniska_palete_enviteka_1200.jpg\",\"contentUrl\":\"https:\\\/\\\/enviteka.lt\\\/wp-content\\\/uploads\\\/2026\\\/03\\\/higieniska_palete_enviteka_1200.jpg\",\"width\":406,\"height\":259},{\"@type\":\"BreadcrumbList\",\"@id\":\"https:\\\/\\\/enviteka.lt\\\/produktas\\\/plastikine-higienine-palete-1200x800-mm\\\/#breadcrumb\",\"itemListElement\":[{\"@type\":\"ListItem\",\"position\":1,\"name\":\"Home\",\"item\":\"https:\\\/\\\/enviteka.lt\\\/\"},{\"@type\":\"ListItem\",\"position\":2,\"name\":\"Produktai\",\"item\":\"https:\\\/\\\/enviteka.lt\\\/produktai\\\/\"},{\"@type\":\"ListItem\",\"position\":3,\"name\":\"Plastikin\u0117 higienin\u0117 palet\u0117 800&#215;600 mm\"}]},{\"@type\":\"WebSite\",\"@id\":\"https:\\\/\\\/enviteka.lt\\\/#website\",\"url\":\"https:\\\/\\\/enviteka.lt\\\/\",\"name\":\"ENVITEKA\",\"description\":\"pramonin\u0117s \u012frangos tiek\u0117jas\",\"publisher\":{\"@id\":\"https:\\\/\\\/enviteka.lt\\\/#organization\"},\"potentialAction\":[{\"@type\":\"SearchAction\",\"target\":{\"@type\":\"EntryPoint\",\"urlTemplate\":\"https:\\\/\\\/enviteka.lt\\\/?s={search_term_string}\"},\"query-input\":{\"@type\":\"PropertyValueSpecification\",\"valueRequired\":true,\"valueName\":\"search_term_string\"}}],\"inLanguage\":\"en-US\"},{\"@type\":\"Organization\",\"@id\":\"https:\\\/\\\/enviteka.lt\\\/#organization\",\"name\":\"ENVITEKA\",\"url\":\"https:\\\/\\\/enviteka.lt\\\/\",\"logo\":{\"@type\":\"ImageObject\",\"inLanguage\":\"en-US\",\"@id\":\"https:\\\/\\\/enviteka.lt\\\/#\\\/schema\\\/logo\\\/image\\\/\",\"url\":\"https:\\\/\\\/enviteka.lt\\\/wp-content\\\/uploads\\\/2024\\\/10\\\/enviteka-high-resolution-logo-transparent-e1742852093377.png\",\"contentUrl\":\"https:\\\/\\\/enviteka.lt\\\/wp-content\\\/uploads\\\/2024\\\/10\\\/enviteka-high-resolution-logo-transparent-e1742852093377.png\",\"width\":424,\"height\":150,\"caption\":\"ENVITEKA\"},\"image\":{\"@id\":\"https:\\\/\\\/enviteka.lt\\\/#\\\/schema\\\/logo\\\/image\\\/\"}}]}<\/script>\n<!-- \/ Yoast SEO plugin. -->","yoast_head_json":{"title":"Plastikin\u0117 higienin\u0117 palet\u0117 800x600 mm - ENVITEKA","description":"Tvirta, patvari ir patogi sand\u0117liavimui higieni\u0161ka palet\u0117. Pagaminta i\u0161 kokybi\u0161ko plastiko, atspari dr\u0117gmei ir apkrovoms.","robots":{"index":"index","follow":"follow","max-snippet":"max-snippet:-1","max-image-preview":"max-image-preview:large","max-video-preview":"max-video-preview:-1"},"canonical":"https:\/\/enviteka.lt\/en\/product\/plastikine-higienine-palete-1200x800-mm\/","og_locale":"en_US","og_type":"article","og_title":"Plastikin\u0117 higienin\u0117 palet\u0117 800x600 mm - ENVITEKA","og_description":"Tvirta, patvari ir patogi sand\u0117liavimui higieni\u0161ka palet\u0117. Pagaminta i\u0161 kokybi\u0161ko plastiko, atspari dr\u0117gmei ir apkrovoms.","og_url":"https:\/\/enviteka.lt\/en\/product\/plastikine-higienine-palete-1200x800-mm\/","og_site_name":"ENVITEKA","article_modified_time":"2026-03-21T13:03:09+00:00","og_image":[{"width":406,"height":259,"url":"https:\/\/enviteka.lt\/wp-content\/uploads\/2026\/03\/higieniska_palete_enviteka_1200.jpg","type":"image\/jpeg"}],"twitter_card":"summary_large_image","twitter_misc":{"Est. reading time":"1 minute"},"schema":{"@context":"https:\/\/schema.org","@graph":[{"@type":"WebPage","@id":"https:\/\/enviteka.lt\/produktas\/plastikine-higienine-palete-1200x800-mm\/","url":"https:\/\/enviteka.lt\/produktas\/plastikine-higienine-palete-1200x800-mm\/","name":"Plastikin\u0117 higienin\u0117 palet\u0117 800x600 mm - ENVITEKA","isPartOf":{"@id":"https:\/\/enviteka.lt\/#website"},"primaryImageOfPage":{"@id":"https:\/\/enviteka.lt\/produktas\/plastikine-higienine-palete-1200x800-mm\/#primaryimage"},"image":{"@id":"https:\/\/enviteka.lt\/produktas\/plastikine-higienine-palete-1200x800-mm\/#primaryimage"},"thumbnailUrl":"https:\/\/enviteka.lt\/wp-content\/uploads\/2026\/03\/higieniska_palete_enviteka_1200.jpg","datePublished":"2026-03-21T12:58:41+00:00","dateModified":"2026-03-21T13:03:09+00:00","description":"Tvirta, patvari ir patogi sand\u0117liavimui higieni\u0161ka palet\u0117. Pagaminta i\u0161 kokybi\u0161ko plastiko, atspari dr\u0117gmei ir apkrovoms.","breadcrumb":{"@id":"https:\/\/enviteka.lt\/produktas\/plastikine-higienine-palete-1200x800-mm\/#breadcrumb"},"inLanguage":"en-US","potentialAction":[{"@type":"ReadAction","target":["https:\/\/enviteka.lt\/produktas\/plastikine-higienine-palete-1200x800-mm\/"]}]},{"@type":"ImageObject","inLanguage":"en-US","@id":"https:\/\/enviteka.lt\/produktas\/plastikine-higienine-palete-1200x800-mm\/#primaryimage","url":"https:\/\/enviteka.lt\/wp-content\/uploads\/2026\/03\/higieniska_palete_enviteka_1200.jpg","contentUrl":"https:\/\/enviteka.lt\/wp-content\/uploads\/2026\/03\/higieniska_palete_enviteka_1200.jpg","width":406,"height":259},{"@type":"BreadcrumbList","@id":"https:\/\/enviteka.lt\/produktas\/plastikine-higienine-palete-1200x800-mm\/#breadcrumb","itemListElement":[{"@type":"ListItem","position":1,"name":"Home","item":"https:\/\/enviteka.lt\/"},{"@type":"ListItem","position":2,"name":"Produktai","item":"https:\/\/enviteka.lt\/produktai\/"},{"@type":"ListItem","position":3,"name":"Plastikin\u0117 higienin\u0117 palet\u0117 800&#215;600 mm"}]},{"@type":"WebSite","@id":"https:\/\/enviteka.lt\/#website","url":"https:\/\/enviteka.lt\/","name":"ENVITEKA","description":"pramonin\u0117s \u012frangos tiek\u0117jas","publisher":{"@id":"https:\/\/enviteka.lt\/#organization"},"potentialAction":[{"@type":"SearchAction","target":{"@type":"EntryPoint","urlTemplate":"https:\/\/enviteka.lt\/?s={search_term_string}"},"query-input":{"@type":"PropertyValueSpecification","valueRequired":true,"valueName":"search_term_string"}}],"inLanguage":"en-US"},{"@type":"Organization","@id":"https:\/\/enviteka.lt\/#organization","name":"ENVITEKA","url":"https:\/\/enviteka.lt\/","logo":{"@type":"ImageObject","inLanguage":"en-US","@id":"https:\/\/enviteka.lt\/#\/schema\/logo\/image\/","url":"https:\/\/enviteka.lt\/wp-content\/uploads\/2024\/10\/enviteka-high-resolution-logo-transparent-e1742852093377.png","contentUrl":"https:\/\/enviteka.lt\/wp-content\/uploads\/2024\/10\/enviteka-high-resolution-logo-transparent-e1742852093377.png","width":424,"height":150,"caption":"ENVITEKA"},"image":{"@id":"https:\/\/enviteka.lt\/#\/schema\/logo\/image\/"}}]}},"_links":{"self":[{"href":"https:\/\/enviteka.lt\/en\/wp-json\/wp\/v2\/product\/2670","targetHints":{"allow":["GET"]}}],"collection":[{"href":"https:\/\/enviteka.lt\/en\/wp-json\/wp\/v2\/product"}],"about":[{"href":"https:\/\/enviteka.lt\/en\/wp-json\/wp\/v2\/types\/product"}],"wp:featuredmedia":[{"embeddable":true,"href":"https:\/\/enviteka.lt\/en\/wp-json\/wp\/v2\/media\/2673"}],"wp:attachment":[{"href":"https:\/\/enviteka.lt\/en\/wp-json\/wp\/v2\/media?parent=2670"}],"wp:term":[{"taxonomy":"product_brand","embeddable":true,"href":"https:\/\/enviteka.lt\/en\/wp-json\/wp\/v2\/product_brand?post=2670"},{"taxonomy":"product_cat","embeddable":true,"href":"https:\/\/enviteka.lt\/en\/wp-json\/wp\/v2\/product_cat?post=2670"},{"taxonomy":"product_tag","embeddable":true,"href":"https:\/\/enviteka.lt\/en\/wp-json\/wp\/v2\/product_tag?post=2670"}],"curies":[{"name":"wp","href":"https:\/\/api.w.org\/{rel}","templated":true}]}}