{"id":2654,"date":"2026-03-21T12:30:38","date_gmt":"2026-03-21T12:30:38","guid":{"rendered":"https:\/\/enviteka.lt\/?post_type=product&#038;p=2654"},"modified":"2026-03-21T12:33:33","modified_gmt":"2026-03-21T12:33:33","slug":"sildymo-ir-temperaturos-palaikymo-sistema-statinems","status":"publish","type":"product","link":"https:\/\/enviteka.lt\/en\/product\/sildymo-ir-temperaturos-palaikymo-sistema-statinems\/","title":{"rendered":"\u0160ildymo ir temperat\u016bros palaikymo sistema statin\u0117ms"},"content":{"rendered":"<p>\u0160ildymo ir temperat\u016bros palaikymo sistema \u2013 ideali chemikal\u0173 ir kit\u0173 skys\u010di\u0173 laikymui bei temperat\u016bros kontrolei<\/p>\n<h5 data-section-id=\"1bqf8nf\" data-start=\"630\" data-end=\"661\"><span role=\"text\"><strong data-start=\"637\" data-end=\"661\">Techniniai duomenys:<\/strong><\/span><\/h5>\n<ul>\n<li style=\"list-style-type: none;\">\n<ul data-start=\"96\" data-end=\"229\">\n<li data-section-id=\"1uelono\" data-start=\"249\" data-end=\"272\"><strong data-start=\"251\" data-end=\"263\">Auk\u0161tis:<\/strong> 900\u202fmm<\/li>\n<li data-section-id=\"9ldxze\" data-start=\"273\" data-end=\"297\"><strong data-start=\"275\" data-end=\"288\">Skersmuo:<\/strong> 590\u202fmm<\/li>\n<li data-section-id=\"14hmpwr\" data-start=\"298\" data-end=\"455\"><strong data-start=\"300\" data-end=\"316\">Pritaikymas:<\/strong> Galime parinkti i\u0161 daugiau nei 30 \u0161ildymo \/ temperat\u016bros palaikymo sistem\u0173 variant\u0173, pagal j\u016bs\u0173 poreikius IBC konteineriams ir statin\u0117ms<\/li>\n<\/ul>\n<\/li>\n<\/ul>\n<p><strong>Turite klausim\u0173 ar norite gauti pasi\u016blym\u0105? <\/strong>Susisiekite su mumis ir mes greitai atsakysime \u012f j\u016bs\u0173 u\u017eklaus\u0105 <a href=\"mailto:info@enviteka.lt\">info@enviteka.lt<\/a><\/p>\n<p>&nbsp;<\/p>","protected":false},"excerpt":{"rendered":"<p>\u0160ildymo ir temperat\u016bros palaikymo sistema \u2013 ideali chemikal\u0173 ir kit\u0173 skys\u010di\u0173 laikymui bei temperat\u016bros kontrolei Techniniai duomenys: Auk\u0161tis: 900\u202fmm Skersmuo: [&hellip;]<\/p>","protected":false},"featured_media":2655,"template":"","meta":{"site-sidebar-layout":"default","site-content-layout":"","ast-site-content-layout":"default","site-content-style":"default","site-sidebar-style":"default","ast-global-header-display":"","ast-banner-title-visibility":"","ast-main-header-display":"","ast-hfb-above-header-display":"","ast-hfb-below-header-display":"","ast-hfb-mobile-header-display":"","site-post-title":"","ast-breadcrumbs-content":"","ast-featured-img":"","footer-sml-layout":"","ast-disable-related-posts":"","theme-transparent-header-meta":"default","adv-header-id-meta":"","stick-header-meta":"","header-above-stick-meta":"","header-main-stick-meta":"","header-below-stick-meta":"","astra-migrate-meta-layouts":"set","ast-page-background-enabled":"default","ast-page-background-meta":{"desktop":{"background-color":"var(--ast-global-color-4)","background-image":"","background-repeat":"repeat","background-position":"center center","background-size":"auto","background-attachment":"scroll","background-type":"","background-media":"","overlay-type":"","overlay-color":"","overlay-opacity":"","overlay-gradient":""},"tablet":{"background-color":"","background-image":"","background-repeat":"repeat","background-position":"center center","background-size":"auto","background-attachment":"scroll","background-type":"","background-media":"","overlay-type":"","overlay-color":"","overlay-opacity":"","overlay-gradient":""},"mobile":{"background-color":"","background-image":"","background-repeat":"repeat","background-position":"center center","background-size":"auto","background-attachment":"scroll","background-type":"","background-media":"","overlay-type":"","overlay-color":"","overlay-opacity":"","overlay-gradient":""}},"ast-content-background-meta":{"desktop":{"background-color":"var(--ast-global-color-5)","background-image":"","background-repeat":"repeat","background-position":"center center","background-size":"auto","background-attachment":"scroll","background-type":"","background-media":"","overlay-type":"","overlay-color":"","overlay-opacity":"","overlay-gradient":""},"tablet":{"background-color":"var(--ast-global-color-5)","background-image":"","background-repeat":"repeat","background-position":"center center","background-size":"auto","background-attachment":"scroll","background-type":"","background-media":"","overlay-type":"","overlay-color":"","overlay-opacity":"","overlay-gradient":""},"mobile":{"background-color":"var(--ast-global-color-5)","background-image":"","background-repeat":"repeat","background-position":"center center","background-size":"auto","background-attachment":"scroll","background-type":"","background-media":"","overlay-type":"","overlay-color":"","overlay-opacity":"","overlay-gradient":""}}},"product_brand":[],"product_cat":[152,150],"product_tag":[],"class_list":{"0":"post-2654","1":"product","2":"type-product","3":"status-publish","4":"has-post-thumbnail","6":"product_cat-metalines-taros","7":"product_cat-taros","8":"desktop-align-left","9":"tablet-align-left","10":"mobile-align-left","12":"first","13":"instock","14":"shipping-taxable","15":"purchasable","16":"product-type-simple"},"yoast_head":"<!-- This site is optimized with the Yoast SEO plugin v27.3 - https:\/\/yoast.com\/product\/yoast-seo-wordpress\/ -->\n<title>\u0160ildymo ir temperat\u016bros palaikymo sistema statin\u0117ms - ENVITEKA<\/title>\n<meta name=\"description\" content=\"\u0160ildymo sistema, pritaikyta IBC konteineriams ir statin\u0117ms. Daugiau nei 30 pasirinkim\u0173 pagal j\u016bs\u0173 poreikius.\" \/>\n<meta name=\"robots\" content=\"index, follow, max-snippet:-1, max-image-preview:large, max-video-preview:-1\" \/>\n<link rel=\"canonical\" href=\"https:\/\/enviteka.lt\/en\/product\/sildymo-ir-temperaturos-palaikymo-sistema-statinems\/\" \/>\n<meta property=\"og:locale\" content=\"en_US\" \/>\n<meta property=\"og:type\" content=\"article\" \/>\n<meta property=\"og:title\" content=\"\u0160ildymo ir temperat\u016bros palaikymo sistema statin\u0117ms - ENVITEKA\" \/>\n<meta property=\"og:description\" content=\"\u0160ildymo sistema, pritaikyta IBC konteineriams ir statin\u0117ms. Daugiau nei 30 pasirinkim\u0173 pagal j\u016bs\u0173 poreikius.\" \/>\n<meta property=\"og:url\" content=\"https:\/\/enviteka.lt\/en\/product\/sildymo-ir-temperaturos-palaikymo-sistema-statinems\/\" \/>\n<meta property=\"og:site_name\" content=\"ENVITEKA\" \/>\n<meta property=\"article:modified_time\" content=\"2026-03-21T12:33:33+00:00\" \/>\n<meta property=\"og:image\" content=\"https:\/\/enviteka.lt\/wp-content\/uploads\/2026\/03\/sildymo-ir-palaikymo-sistema.jpg\" \/>\n\t<meta property=\"og:image:width\" content=\"413\" \/>\n\t<meta property=\"og:image:height\" content=\"349\" \/>\n\t<meta property=\"og:image:type\" content=\"image\/jpeg\" \/>\n<meta name=\"twitter:card\" content=\"summary_large_image\" \/>\n<meta name=\"twitter:label1\" content=\"Est. reading time\" \/>\n\t<meta name=\"twitter:data1\" content=\"1 minute\" \/>\n<script type=\"application\/ld+json\" class=\"yoast-schema-graph\">{\"@context\":\"https:\\\/\\\/schema.org\",\"@graph\":[{\"@type\":\"WebPage\",\"@id\":\"https:\\\/\\\/enviteka.lt\\\/produktas\\\/sildymo-ir-temperaturos-palaikymo-sistema-statinems\\\/\",\"url\":\"https:\\\/\\\/enviteka.lt\\\/produktas\\\/sildymo-ir-temperaturos-palaikymo-sistema-statinems\\\/\",\"name\":\"\u0160ildymo ir temperat\u016bros palaikymo sistema statin\u0117ms - ENVITEKA\",\"isPartOf\":{\"@id\":\"https:\\\/\\\/enviteka.lt\\\/#website\"},\"primaryImageOfPage\":{\"@id\":\"https:\\\/\\\/enviteka.lt\\\/produktas\\\/sildymo-ir-temperaturos-palaikymo-sistema-statinems\\\/#primaryimage\"},\"image\":{\"@id\":\"https:\\\/\\\/enviteka.lt\\\/produktas\\\/sildymo-ir-temperaturos-palaikymo-sistema-statinems\\\/#primaryimage\"},\"thumbnailUrl\":\"https:\\\/\\\/enviteka.lt\\\/wp-content\\\/uploads\\\/2026\\\/03\\\/sildymo-ir-palaikymo-sistema.jpg\",\"datePublished\":\"2026-03-21T12:30:38+00:00\",\"dateModified\":\"2026-03-21T12:33:33+00:00\",\"description\":\"\u0160ildymo sistema, pritaikyta IBC konteineriams ir statin\u0117ms. Daugiau nei 30 pasirinkim\u0173 pagal j\u016bs\u0173 poreikius.\",\"breadcrumb\":{\"@id\":\"https:\\\/\\\/enviteka.lt\\\/produktas\\\/sildymo-ir-temperaturos-palaikymo-sistema-statinems\\\/#breadcrumb\"},\"inLanguage\":\"en-US\",\"potentialAction\":[{\"@type\":\"ReadAction\",\"target\":[\"https:\\\/\\\/enviteka.lt\\\/produktas\\\/sildymo-ir-temperaturos-palaikymo-sistema-statinems\\\/\"]}]},{\"@type\":\"ImageObject\",\"inLanguage\":\"en-US\",\"@id\":\"https:\\\/\\\/enviteka.lt\\\/produktas\\\/sildymo-ir-temperaturos-palaikymo-sistema-statinems\\\/#primaryimage\",\"url\":\"https:\\\/\\\/enviteka.lt\\\/wp-content\\\/uploads\\\/2026\\\/03\\\/sildymo-ir-palaikymo-sistema.jpg\",\"contentUrl\":\"https:\\\/\\\/enviteka.lt\\\/wp-content\\\/uploads\\\/2026\\\/03\\\/sildymo-ir-palaikymo-sistema.jpg\",\"width\":413,\"height\":349},{\"@type\":\"BreadcrumbList\",\"@id\":\"https:\\\/\\\/enviteka.lt\\\/produktas\\\/sildymo-ir-temperaturos-palaikymo-sistema-statinems\\\/#breadcrumb\",\"itemListElement\":[{\"@type\":\"ListItem\",\"position\":1,\"name\":\"Home\",\"item\":\"https:\\\/\\\/enviteka.lt\\\/\"},{\"@type\":\"ListItem\",\"position\":2,\"name\":\"Produktai\",\"item\":\"https:\\\/\\\/enviteka.lt\\\/produktai\\\/\"},{\"@type\":\"ListItem\",\"position\":3,\"name\":\"\u0160ildymo ir temperat\u016bros palaikymo sistema statin\u0117ms\"}]},{\"@type\":\"WebSite\",\"@id\":\"https:\\\/\\\/enviteka.lt\\\/#website\",\"url\":\"https:\\\/\\\/enviteka.lt\\\/\",\"name\":\"ENVITEKA\",\"description\":\"pramonin\u0117s \u012frangos tiek\u0117jas\",\"publisher\":{\"@id\":\"https:\\\/\\\/enviteka.lt\\\/#organization\"},\"potentialAction\":[{\"@type\":\"SearchAction\",\"target\":{\"@type\":\"EntryPoint\",\"urlTemplate\":\"https:\\\/\\\/enviteka.lt\\\/?s={search_term_string}\"},\"query-input\":{\"@type\":\"PropertyValueSpecification\",\"valueRequired\":true,\"valueName\":\"search_term_string\"}}],\"inLanguage\":\"en-US\"},{\"@type\":\"Organization\",\"@id\":\"https:\\\/\\\/enviteka.lt\\\/#organization\",\"name\":\"ENVITEKA\",\"url\":\"https:\\\/\\\/enviteka.lt\\\/\",\"logo\":{\"@type\":\"ImageObject\",\"inLanguage\":\"en-US\",\"@id\":\"https:\\\/\\\/enviteka.lt\\\/#\\\/schema\\\/logo\\\/image\\\/\",\"url\":\"https:\\\/\\\/enviteka.lt\\\/wp-content\\\/uploads\\\/2024\\\/10\\\/enviteka-high-resolution-logo-transparent-e1742852093377.png\",\"contentUrl\":\"https:\\\/\\\/enviteka.lt\\\/wp-content\\\/uploads\\\/2024\\\/10\\\/enviteka-high-resolution-logo-transparent-e1742852093377.png\",\"width\":424,\"height\":150,\"caption\":\"ENVITEKA\"},\"image\":{\"@id\":\"https:\\\/\\\/enviteka.lt\\\/#\\\/schema\\\/logo\\\/image\\\/\"}}]}<\/script>\n<!-- \/ Yoast SEO plugin. -->","yoast_head_json":{"title":"\u0160ildymo ir temperat\u016bros palaikymo sistema statin\u0117ms - ENVITEKA","description":"\u0160ildymo sistema, pritaikyta IBC konteineriams ir statin\u0117ms. Daugiau nei 30 pasirinkim\u0173 pagal j\u016bs\u0173 poreikius.","robots":{"index":"index","follow":"follow","max-snippet":"max-snippet:-1","max-image-preview":"max-image-preview:large","max-video-preview":"max-video-preview:-1"},"canonical":"https:\/\/enviteka.lt\/en\/product\/sildymo-ir-temperaturos-palaikymo-sistema-statinems\/","og_locale":"en_US","og_type":"article","og_title":"\u0160ildymo ir temperat\u016bros palaikymo sistema statin\u0117ms - ENVITEKA","og_description":"\u0160ildymo sistema, pritaikyta IBC konteineriams ir statin\u0117ms. Daugiau nei 30 pasirinkim\u0173 pagal j\u016bs\u0173 poreikius.","og_url":"https:\/\/enviteka.lt\/en\/product\/sildymo-ir-temperaturos-palaikymo-sistema-statinems\/","og_site_name":"ENVITEKA","article_modified_time":"2026-03-21T12:33:33+00:00","og_image":[{"width":413,"height":349,"url":"https:\/\/enviteka.lt\/wp-content\/uploads\/2026\/03\/sildymo-ir-palaikymo-sistema.jpg","type":"image\/jpeg"}],"twitter_card":"summary_large_image","twitter_misc":{"Est. reading time":"1 minute"},"schema":{"@context":"https:\/\/schema.org","@graph":[{"@type":"WebPage","@id":"https:\/\/enviteka.lt\/produktas\/sildymo-ir-temperaturos-palaikymo-sistema-statinems\/","url":"https:\/\/enviteka.lt\/produktas\/sildymo-ir-temperaturos-palaikymo-sistema-statinems\/","name":"\u0160ildymo ir temperat\u016bros palaikymo sistema statin\u0117ms - ENVITEKA","isPartOf":{"@id":"https:\/\/enviteka.lt\/#website"},"primaryImageOfPage":{"@id":"https:\/\/enviteka.lt\/produktas\/sildymo-ir-temperaturos-palaikymo-sistema-statinems\/#primaryimage"},"image":{"@id":"https:\/\/enviteka.lt\/produktas\/sildymo-ir-temperaturos-palaikymo-sistema-statinems\/#primaryimage"},"thumbnailUrl":"https:\/\/enviteka.lt\/wp-content\/uploads\/2026\/03\/sildymo-ir-palaikymo-sistema.jpg","datePublished":"2026-03-21T12:30:38+00:00","dateModified":"2026-03-21T12:33:33+00:00","description":"\u0160ildymo sistema, pritaikyta IBC konteineriams ir statin\u0117ms. Daugiau nei 30 pasirinkim\u0173 pagal j\u016bs\u0173 poreikius.","breadcrumb":{"@id":"https:\/\/enviteka.lt\/produktas\/sildymo-ir-temperaturos-palaikymo-sistema-statinems\/#breadcrumb"},"inLanguage":"en-US","potentialAction":[{"@type":"ReadAction","target":["https:\/\/enviteka.lt\/produktas\/sildymo-ir-temperaturos-palaikymo-sistema-statinems\/"]}]},{"@type":"ImageObject","inLanguage":"en-US","@id":"https:\/\/enviteka.lt\/produktas\/sildymo-ir-temperaturos-palaikymo-sistema-statinems\/#primaryimage","url":"https:\/\/enviteka.lt\/wp-content\/uploads\/2026\/03\/sildymo-ir-palaikymo-sistema.jpg","contentUrl":"https:\/\/enviteka.lt\/wp-content\/uploads\/2026\/03\/sildymo-ir-palaikymo-sistema.jpg","width":413,"height":349},{"@type":"BreadcrumbList","@id":"https:\/\/enviteka.lt\/produktas\/sildymo-ir-temperaturos-palaikymo-sistema-statinems\/#breadcrumb","itemListElement":[{"@type":"ListItem","position":1,"name":"Home","item":"https:\/\/enviteka.lt\/"},{"@type":"ListItem","position":2,"name":"Produktai","item":"https:\/\/enviteka.lt\/produktai\/"},{"@type":"ListItem","position":3,"name":"\u0160ildymo ir temperat\u016bros palaikymo sistema statin\u0117ms"}]},{"@type":"WebSite","@id":"https:\/\/enviteka.lt\/#website","url":"https:\/\/enviteka.lt\/","name":"ENVITEKA","description":"pramonin\u0117s \u012frangos tiek\u0117jas","publisher":{"@id":"https:\/\/enviteka.lt\/#organization"},"potentialAction":[{"@type":"SearchAction","target":{"@type":"EntryPoint","urlTemplate":"https:\/\/enviteka.lt\/?s={search_term_string}"},"query-input":{"@type":"PropertyValueSpecification","valueRequired":true,"valueName":"search_term_string"}}],"inLanguage":"en-US"},{"@type":"Organization","@id":"https:\/\/enviteka.lt\/#organization","name":"ENVITEKA","url":"https:\/\/enviteka.lt\/","logo":{"@type":"ImageObject","inLanguage":"en-US","@id":"https:\/\/enviteka.lt\/#\/schema\/logo\/image\/","url":"https:\/\/enviteka.lt\/wp-content\/uploads\/2024\/10\/enviteka-high-resolution-logo-transparent-e1742852093377.png","contentUrl":"https:\/\/enviteka.lt\/wp-content\/uploads\/2024\/10\/enviteka-high-resolution-logo-transparent-e1742852093377.png","width":424,"height":150,"caption":"ENVITEKA"},"image":{"@id":"https:\/\/enviteka.lt\/#\/schema\/logo\/image\/"}}]}},"_links":{"self":[{"href":"https:\/\/enviteka.lt\/en\/wp-json\/wp\/v2\/product\/2654","targetHints":{"allow":["GET"]}}],"collection":[{"href":"https:\/\/enviteka.lt\/en\/wp-json\/wp\/v2\/product"}],"about":[{"href":"https:\/\/enviteka.lt\/en\/wp-json\/wp\/v2\/types\/product"}],"wp:featuredmedia":[{"embeddable":true,"href":"https:\/\/enviteka.lt\/en\/wp-json\/wp\/v2\/media\/2655"}],"wp:attachment":[{"href":"https:\/\/enviteka.lt\/en\/wp-json\/wp\/v2\/media?parent=2654"}],"wp:term":[{"taxonomy":"product_brand","embeddable":true,"href":"https:\/\/enviteka.lt\/en\/wp-json\/wp\/v2\/product_brand?post=2654"},{"taxonomy":"product_cat","embeddable":true,"href":"https:\/\/enviteka.lt\/en\/wp-json\/wp\/v2\/product_cat?post=2654"},{"taxonomy":"product_tag","embeddable":true,"href":"https:\/\/enviteka.lt\/en\/wp-json\/wp\/v2\/product_tag?post=2654"}],"curies":[{"name":"wp","href":"https:\/\/api.w.org\/{rel}","templated":true}]}}