{"id":2650,"date":"2026-03-21T12:25:25","date_gmt":"2026-03-21T12:25:25","guid":{"rendered":"https:\/\/enviteka.lt\/?post_type=product&#038;p=2650"},"modified":"2026-03-21T12:27:13","modified_gmt":"2026-03-21T12:27:13","slug":"200-l-metaline-statine-su-dangciu-ir-uzpildymo-anga","status":"publish","type":"product","link":"https:\/\/enviteka.lt\/en\/product\/200-l-metaline-statine-su-dangciu-ir-uzpildymo-anga\/","title":{"rendered":"200\u202fL metalin\u0117 statin\u0117 su dang\u010diu ir u\u017epildymo anga"},"content":{"rendered":"<p data-start=\"374\" data-end=\"677\">Metalin\u0117 statin\u0117 su dang\u010diu \u2013 tvirtas ir patikimas sprendimas skys\u010di\u0173 bei pavojing\u0173 med\u017eiag\u0173 laikymui ir transportavimui. Storos 8\u202fmm sienel\u0117s u\u017etikrina ilgaam\u017ei\u0161kum\u0105 ir mechanin\u012f atsparum\u0105. Statin\u0117 atitinka saugos standartus, tod\u0117l puikiai tinka pramon\u0117s, logistikos ir sand\u0117liavimo poreikiams.<\/p>\n<p data-start=\"679\" data-end=\"816\">Metalini\u0173 statini\u0173 konstrukcija leid\u017eia saugiai laikyti agresyvius skys\u010dius, naftos produktus, chemikalus ar kitus pavojingus skys\u010dius.<\/p>\n<h5 data-section-id=\"1bqf8nf\" data-start=\"630\" data-end=\"661\"><span role=\"text\"><strong data-start=\"637\" data-end=\"661\">Techniniai duomenys:<\/strong><\/span><\/h5>\n<ul>\n<li style=\"list-style-type: none;\">\n<ul data-start=\"96\" data-end=\"229\">\n<li data-section-id=\"159yfzf\" data-start=\"165\" data-end=\"185\"><strong data-start=\"167\" data-end=\"177\">Talpa:<\/strong> 200\u202fL<\/li>\n<li data-section-id=\"1usvhs6\" data-start=\"186\" data-end=\"246\"><strong data-start=\"188\" data-end=\"198\">Tipas:<\/strong> Metalin\u0117 statin\u0117 su dang\u010diu ir u\u017epildymo anga<\/li>\n<li data-section-id=\"1uelono\" data-start=\"247\" data-end=\"270\"><strong data-start=\"249\" data-end=\"261\">Auk\u0161tis:<\/strong> 900\u202fmm<\/li>\n<li data-section-id=\"9ldxze\" data-start=\"271\" data-end=\"295\"><strong data-start=\"273\" data-end=\"286\">Skersmuo:<\/strong> 590\u202fmm<\/li>\n<li data-section-id=\"2v1asx\" data-start=\"296\" data-end=\"317\"><strong data-start=\"298\" data-end=\"309\">Svoris:<\/strong> 20\u202fkg<\/li>\n<li data-section-id=\"1lzlicn\" data-start=\"318\" data-end=\"347\"><strong data-start=\"320\" data-end=\"340\">Sieneli\u0173 storis:<\/strong> 8\u202fmm<\/li>\n<li data-section-id=\"2s4jzh\" data-start=\"348\" data-end=\"401\"><strong data-start=\"350\" data-end=\"367\">Sertifikatas:<\/strong> Pavojing\u0173 med\u017eiag\u0173 sertifikatas<\/li>\n<\/ul>\n<\/li>\n<\/ul>\n<p><strong>Turite klausim\u0173 ar norite gauti pasi\u016blym\u0105? <\/strong>Susisiekite su mumis ir mes greitai atsakysime \u012f j\u016bs\u0173 u\u017eklaus\u0105 <a href=\"mailto:info@enviteka.lt\">info@enviteka.lt<\/a><\/p>\n<p>&nbsp;<\/p>","protected":false},"excerpt":{"rendered":"<p>Metalin\u0117 statin\u0117 su dang\u010diu \u2013 tvirtas ir patikimas sprendimas skys\u010di\u0173 bei pavojing\u0173 med\u017eiag\u0173 laikymui ir transportavimui. Storos 8\u202fmm sienel\u0117s u\u017etikrina [&hellip;]<\/p>","protected":false},"featured_media":2651,"template":"","meta":{"site-sidebar-layout":"default","site-content-layout":"","ast-site-content-layout":"default","site-content-style":"default","site-sidebar-style":"default","ast-global-header-display":"","ast-banner-title-visibility":"","ast-main-header-display":"","ast-hfb-above-header-display":"","ast-hfb-below-header-display":"","ast-hfb-mobile-header-display":"","site-post-title":"","ast-breadcrumbs-content":"","ast-featured-img":"","footer-sml-layout":"","ast-disable-related-posts":"","theme-transparent-header-meta":"default","adv-header-id-meta":"","stick-header-meta":"","header-above-stick-meta":"","header-main-stick-meta":"","header-below-stick-meta":"","astra-migrate-meta-layouts":"set","ast-page-background-enabled":"default","ast-page-background-meta":{"desktop":{"background-color":"var(--ast-global-color-4)","background-image":"","background-repeat":"repeat","background-position":"center center","background-size":"auto","background-attachment":"scroll","background-type":"","background-media":"","overlay-type":"","overlay-color":"","overlay-opacity":"","overlay-gradient":""},"tablet":{"background-color":"","background-image":"","background-repeat":"repeat","background-position":"center center","background-size":"auto","background-attachment":"scroll","background-type":"","background-media":"","overlay-type":"","overlay-color":"","overlay-opacity":"","overlay-gradient":""},"mobile":{"background-color":"","background-image":"","background-repeat":"repeat","background-position":"center center","background-size":"auto","background-attachment":"scroll","background-type":"","background-media":"","overlay-type":"","overlay-color":"","overlay-opacity":"","overlay-gradient":""}},"ast-content-background-meta":{"desktop":{"background-color":"var(--ast-global-color-5)","background-image":"","background-repeat":"repeat","background-position":"center center","background-size":"auto","background-attachment":"scroll","background-type":"","background-media":"","overlay-type":"","overlay-color":"","overlay-opacity":"","overlay-gradient":""},"tablet":{"background-color":"var(--ast-global-color-5)","background-image":"","background-repeat":"repeat","background-position":"center center","background-size":"auto","background-attachment":"scroll","background-type":"","background-media":"","overlay-type":"","overlay-color":"","overlay-opacity":"","overlay-gradient":""},"mobile":{"background-color":"var(--ast-global-color-5)","background-image":"","background-repeat":"repeat","background-position":"center center","background-size":"auto","background-attachment":"scroll","background-type":"","background-media":"","overlay-type":"","overlay-color":"","overlay-opacity":"","overlay-gradient":""}}},"product_brand":[],"product_cat":[152,150],"product_tag":[],"class_list":{"0":"post-2650","1":"product","2":"type-product","3":"status-publish","4":"has-post-thumbnail","6":"product_cat-metalines-taros","7":"product_cat-taros","8":"desktop-align-left","9":"tablet-align-left","10":"mobile-align-left","12":"first","13":"instock","14":"shipping-taxable","15":"purchasable","16":"product-type-simple"},"yoast_head":"<!-- This site is optimized with the Yoast SEO plugin v27.3 - https:\/\/yoast.com\/product\/yoast-seo-wordpress\/ -->\n<title>200\u202fL metalin\u0117 statin\u0117 su dang\u010diu ir u\u017epildymo anga - ENVITEKA<\/title>\n<meta name=\"description\" content=\"Metalin\u0117 statin\u0117 su dang\u010diu \u2013 tvirtas ir patikimas sprendimas skys\u010di\u0173 bei pavojing\u0173 med\u017eiag\u0173 laikymui ir transportavimui.\" \/>\n<meta name=\"robots\" content=\"index, follow, max-snippet:-1, max-image-preview:large, max-video-preview:-1\" \/>\n<link rel=\"canonical\" href=\"https:\/\/enviteka.lt\/en\/product\/200-l-metaline-statine-su-dangciu-ir-uzpildymo-anga\/\" \/>\n<meta property=\"og:locale\" content=\"en_US\" \/>\n<meta property=\"og:type\" content=\"article\" \/>\n<meta property=\"og:title\" content=\"200\u202fL metalin\u0117 statin\u0117 su dang\u010diu ir u\u017epildymo anga - ENVITEKA\" \/>\n<meta property=\"og:description\" content=\"Metalin\u0117 statin\u0117 su dang\u010diu \u2013 tvirtas ir patikimas sprendimas skys\u010di\u0173 bei pavojing\u0173 med\u017eiag\u0173 laikymui ir transportavimui.\" \/>\n<meta property=\"og:url\" content=\"https:\/\/enviteka.lt\/en\/product\/200-l-metaline-statine-su-dangciu-ir-uzpildymo-anga\/\" \/>\n<meta property=\"og:site_name\" content=\"ENVITEKA\" \/>\n<meta property=\"article:modified_time\" content=\"2026-03-21T12:27:13+00:00\" \/>\n<meta property=\"og:image\" content=\"https:\/\/enviteka.lt\/wp-content\/uploads\/2026\/03\/metaline_tara_enviteka.jpg\" \/>\n\t<meta property=\"og:image:width\" content=\"390\" \/>\n\t<meta property=\"og:image:height\" content=\"356\" \/>\n\t<meta property=\"og:image:type\" content=\"image\/jpeg\" \/>\n<meta name=\"twitter:card\" content=\"summary_large_image\" \/>\n<meta name=\"twitter:label1\" content=\"Est. reading time\" \/>\n\t<meta name=\"twitter:data1\" content=\"1 minute\" \/>\n<script type=\"application\/ld+json\" class=\"yoast-schema-graph\">{\"@context\":\"https:\\\/\\\/schema.org\",\"@graph\":[{\"@type\":\"WebPage\",\"@id\":\"https:\\\/\\\/enviteka.lt\\\/produktas\\\/200-l-metaline-statine-su-dangciu-ir-uzpildymo-anga\\\/\",\"url\":\"https:\\\/\\\/enviteka.lt\\\/produktas\\\/200-l-metaline-statine-su-dangciu-ir-uzpildymo-anga\\\/\",\"name\":\"200\u202fL metalin\u0117 statin\u0117 su dang\u010diu ir u\u017epildymo anga - ENVITEKA\",\"isPartOf\":{\"@id\":\"https:\\\/\\\/enviteka.lt\\\/#website\"},\"primaryImageOfPage\":{\"@id\":\"https:\\\/\\\/enviteka.lt\\\/produktas\\\/200-l-metaline-statine-su-dangciu-ir-uzpildymo-anga\\\/#primaryimage\"},\"image\":{\"@id\":\"https:\\\/\\\/enviteka.lt\\\/produktas\\\/200-l-metaline-statine-su-dangciu-ir-uzpildymo-anga\\\/#primaryimage\"},\"thumbnailUrl\":\"https:\\\/\\\/enviteka.lt\\\/wp-content\\\/uploads\\\/2026\\\/03\\\/metaline_tara_enviteka.jpg\",\"datePublished\":\"2026-03-21T12:25:25+00:00\",\"dateModified\":\"2026-03-21T12:27:13+00:00\",\"description\":\"Metalin\u0117 statin\u0117 su dang\u010diu \u2013 tvirtas ir patikimas sprendimas skys\u010di\u0173 bei pavojing\u0173 med\u017eiag\u0173 laikymui ir transportavimui.\",\"breadcrumb\":{\"@id\":\"https:\\\/\\\/enviteka.lt\\\/produktas\\\/200-l-metaline-statine-su-dangciu-ir-uzpildymo-anga\\\/#breadcrumb\"},\"inLanguage\":\"en-US\",\"potentialAction\":[{\"@type\":\"ReadAction\",\"target\":[\"https:\\\/\\\/enviteka.lt\\\/produktas\\\/200-l-metaline-statine-su-dangciu-ir-uzpildymo-anga\\\/\"]}]},{\"@type\":\"ImageObject\",\"inLanguage\":\"en-US\",\"@id\":\"https:\\\/\\\/enviteka.lt\\\/produktas\\\/200-l-metaline-statine-su-dangciu-ir-uzpildymo-anga\\\/#primaryimage\",\"url\":\"https:\\\/\\\/enviteka.lt\\\/wp-content\\\/uploads\\\/2026\\\/03\\\/metaline_tara_enviteka.jpg\",\"contentUrl\":\"https:\\\/\\\/enviteka.lt\\\/wp-content\\\/uploads\\\/2026\\\/03\\\/metaline_tara_enviteka.jpg\",\"width\":390,\"height\":356},{\"@type\":\"BreadcrumbList\",\"@id\":\"https:\\\/\\\/enviteka.lt\\\/produktas\\\/200-l-metaline-statine-su-dangciu-ir-uzpildymo-anga\\\/#breadcrumb\",\"itemListElement\":[{\"@type\":\"ListItem\",\"position\":1,\"name\":\"Home\",\"item\":\"https:\\\/\\\/enviteka.lt\\\/\"},{\"@type\":\"ListItem\",\"position\":2,\"name\":\"Produktai\",\"item\":\"https:\\\/\\\/enviteka.lt\\\/produktai\\\/\"},{\"@type\":\"ListItem\",\"position\":3,\"name\":\"200\u202fL metalin\u0117 statin\u0117 su dang\u010diu ir u\u017epildymo anga\"}]},{\"@type\":\"WebSite\",\"@id\":\"https:\\\/\\\/enviteka.lt\\\/#website\",\"url\":\"https:\\\/\\\/enviteka.lt\\\/\",\"name\":\"ENVITEKA\",\"description\":\"pramonin\u0117s \u012frangos tiek\u0117jas\",\"publisher\":{\"@id\":\"https:\\\/\\\/enviteka.lt\\\/#organization\"},\"potentialAction\":[{\"@type\":\"SearchAction\",\"target\":{\"@type\":\"EntryPoint\",\"urlTemplate\":\"https:\\\/\\\/enviteka.lt\\\/?s={search_term_string}\"},\"query-input\":{\"@type\":\"PropertyValueSpecification\",\"valueRequired\":true,\"valueName\":\"search_term_string\"}}],\"inLanguage\":\"en-US\"},{\"@type\":\"Organization\",\"@id\":\"https:\\\/\\\/enviteka.lt\\\/#organization\",\"name\":\"ENVITEKA\",\"url\":\"https:\\\/\\\/enviteka.lt\\\/\",\"logo\":{\"@type\":\"ImageObject\",\"inLanguage\":\"en-US\",\"@id\":\"https:\\\/\\\/enviteka.lt\\\/#\\\/schema\\\/logo\\\/image\\\/\",\"url\":\"https:\\\/\\\/enviteka.lt\\\/wp-content\\\/uploads\\\/2024\\\/10\\\/enviteka-high-resolution-logo-transparent-e1742852093377.png\",\"contentUrl\":\"https:\\\/\\\/enviteka.lt\\\/wp-content\\\/uploads\\\/2024\\\/10\\\/enviteka-high-resolution-logo-transparent-e1742852093377.png\",\"width\":424,\"height\":150,\"caption\":\"ENVITEKA\"},\"image\":{\"@id\":\"https:\\\/\\\/enviteka.lt\\\/#\\\/schema\\\/logo\\\/image\\\/\"}}]}<\/script>\n<!-- \/ Yoast SEO plugin. -->","yoast_head_json":{"title":"200\u202fL metalin\u0117 statin\u0117 su dang\u010diu ir u\u017epildymo anga - ENVITEKA","description":"Metalin\u0117 statin\u0117 su dang\u010diu \u2013 tvirtas ir patikimas sprendimas skys\u010di\u0173 bei pavojing\u0173 med\u017eiag\u0173 laikymui ir transportavimui.","robots":{"index":"index","follow":"follow","max-snippet":"max-snippet:-1","max-image-preview":"max-image-preview:large","max-video-preview":"max-video-preview:-1"},"canonical":"https:\/\/enviteka.lt\/en\/product\/200-l-metaline-statine-su-dangciu-ir-uzpildymo-anga\/","og_locale":"en_US","og_type":"article","og_title":"200\u202fL metalin\u0117 statin\u0117 su dang\u010diu ir u\u017epildymo anga - ENVITEKA","og_description":"Metalin\u0117 statin\u0117 su dang\u010diu \u2013 tvirtas ir patikimas sprendimas skys\u010di\u0173 bei pavojing\u0173 med\u017eiag\u0173 laikymui ir transportavimui.","og_url":"https:\/\/enviteka.lt\/en\/product\/200-l-metaline-statine-su-dangciu-ir-uzpildymo-anga\/","og_site_name":"ENVITEKA","article_modified_time":"2026-03-21T12:27:13+00:00","og_image":[{"width":390,"height":356,"url":"https:\/\/enviteka.lt\/wp-content\/uploads\/2026\/03\/metaline_tara_enviteka.jpg","type":"image\/jpeg"}],"twitter_card":"summary_large_image","twitter_misc":{"Est. reading time":"1 minute"},"schema":{"@context":"https:\/\/schema.org","@graph":[{"@type":"WebPage","@id":"https:\/\/enviteka.lt\/produktas\/200-l-metaline-statine-su-dangciu-ir-uzpildymo-anga\/","url":"https:\/\/enviteka.lt\/produktas\/200-l-metaline-statine-su-dangciu-ir-uzpildymo-anga\/","name":"200\u202fL metalin\u0117 statin\u0117 su dang\u010diu ir u\u017epildymo anga - ENVITEKA","isPartOf":{"@id":"https:\/\/enviteka.lt\/#website"},"primaryImageOfPage":{"@id":"https:\/\/enviteka.lt\/produktas\/200-l-metaline-statine-su-dangciu-ir-uzpildymo-anga\/#primaryimage"},"image":{"@id":"https:\/\/enviteka.lt\/produktas\/200-l-metaline-statine-su-dangciu-ir-uzpildymo-anga\/#primaryimage"},"thumbnailUrl":"https:\/\/enviteka.lt\/wp-content\/uploads\/2026\/03\/metaline_tara_enviteka.jpg","datePublished":"2026-03-21T12:25:25+00:00","dateModified":"2026-03-21T12:27:13+00:00","description":"Metalin\u0117 statin\u0117 su dang\u010diu \u2013 tvirtas ir patikimas sprendimas skys\u010di\u0173 bei pavojing\u0173 med\u017eiag\u0173 laikymui ir transportavimui.","breadcrumb":{"@id":"https:\/\/enviteka.lt\/produktas\/200-l-metaline-statine-su-dangciu-ir-uzpildymo-anga\/#breadcrumb"},"inLanguage":"en-US","potentialAction":[{"@type":"ReadAction","target":["https:\/\/enviteka.lt\/produktas\/200-l-metaline-statine-su-dangciu-ir-uzpildymo-anga\/"]}]},{"@type":"ImageObject","inLanguage":"en-US","@id":"https:\/\/enviteka.lt\/produktas\/200-l-metaline-statine-su-dangciu-ir-uzpildymo-anga\/#primaryimage","url":"https:\/\/enviteka.lt\/wp-content\/uploads\/2026\/03\/metaline_tara_enviteka.jpg","contentUrl":"https:\/\/enviteka.lt\/wp-content\/uploads\/2026\/03\/metaline_tara_enviteka.jpg","width":390,"height":356},{"@type":"BreadcrumbList","@id":"https:\/\/enviteka.lt\/produktas\/200-l-metaline-statine-su-dangciu-ir-uzpildymo-anga\/#breadcrumb","itemListElement":[{"@type":"ListItem","position":1,"name":"Home","item":"https:\/\/enviteka.lt\/"},{"@type":"ListItem","position":2,"name":"Produktai","item":"https:\/\/enviteka.lt\/produktai\/"},{"@type":"ListItem","position":3,"name":"200\u202fL metalin\u0117 statin\u0117 su dang\u010diu ir u\u017epildymo anga"}]},{"@type":"WebSite","@id":"https:\/\/enviteka.lt\/#website","url":"https:\/\/enviteka.lt\/","name":"ENVITEKA","description":"pramonin\u0117s \u012frangos tiek\u0117jas","publisher":{"@id":"https:\/\/enviteka.lt\/#organization"},"potentialAction":[{"@type":"SearchAction","target":{"@type":"EntryPoint","urlTemplate":"https:\/\/enviteka.lt\/?s={search_term_string}"},"query-input":{"@type":"PropertyValueSpecification","valueRequired":true,"valueName":"search_term_string"}}],"inLanguage":"en-US"},{"@type":"Organization","@id":"https:\/\/enviteka.lt\/#organization","name":"ENVITEKA","url":"https:\/\/enviteka.lt\/","logo":{"@type":"ImageObject","inLanguage":"en-US","@id":"https:\/\/enviteka.lt\/#\/schema\/logo\/image\/","url":"https:\/\/enviteka.lt\/wp-content\/uploads\/2024\/10\/enviteka-high-resolution-logo-transparent-e1742852093377.png","contentUrl":"https:\/\/enviteka.lt\/wp-content\/uploads\/2024\/10\/enviteka-high-resolution-logo-transparent-e1742852093377.png","width":424,"height":150,"caption":"ENVITEKA"},"image":{"@id":"https:\/\/enviteka.lt\/#\/schema\/logo\/image\/"}}]}},"_links":{"self":[{"href":"https:\/\/enviteka.lt\/en\/wp-json\/wp\/v2\/product\/2650","targetHints":{"allow":["GET"]}}],"collection":[{"href":"https:\/\/enviteka.lt\/en\/wp-json\/wp\/v2\/product"}],"about":[{"href":"https:\/\/enviteka.lt\/en\/wp-json\/wp\/v2\/types\/product"}],"wp:featuredmedia":[{"embeddable":true,"href":"https:\/\/enviteka.lt\/en\/wp-json\/wp\/v2\/media\/2651"}],"wp:attachment":[{"href":"https:\/\/enviteka.lt\/en\/wp-json\/wp\/v2\/media?parent=2650"}],"wp:term":[{"taxonomy":"product_brand","embeddable":true,"href":"https:\/\/enviteka.lt\/en\/wp-json\/wp\/v2\/product_brand?post=2650"},{"taxonomy":"product_cat","embeddable":true,"href":"https:\/\/enviteka.lt\/en\/wp-json\/wp\/v2\/product_cat?post=2650"},{"taxonomy":"product_tag","embeddable":true,"href":"https:\/\/enviteka.lt\/en\/wp-json\/wp\/v2\/product_tag?post=2650"}],"curies":[{"name":"wp","href":"https:\/\/api.w.org\/{rel}","templated":true}]}}