{"id":2646,"date":"2026-03-21T12:10:23","date_gmt":"2026-03-21T12:10:23","guid":{"rendered":"https:\/\/enviteka.lt\/?post_type=product&#038;p=2646"},"modified":"2026-03-21T12:20:33","modified_gmt":"2026-03-21T12:20:33","slug":"200-l-metaline-statine-su-dangciu","status":"publish","type":"product","link":"https:\/\/enviteka.lt\/en\/product\/200-l-metaline-statine-su-dangciu\/","title":{"rendered":"200\u202fL metalin\u0117 statin\u0117 su dang\u010diu"},"content":{"rendered":"<p data-start=\"374\" data-end=\"677\">Metalin\u0117 statin\u0117 su dang\u010diu \u2013 tvirtas ir patikimas sprendimas skys\u010di\u0173 bei pavojing\u0173 med\u017eiag\u0173 laikymui ir transportavimui. Storos 8\u202fmm sienel\u0117s u\u017etikrina ilgaam\u017ei\u0161kum\u0105 ir mechanin\u012f atsparum\u0105. Statin\u0117 atitinka saugos standartus, tod\u0117l puikiai tinka pramon\u0117s, logistikos ir sand\u0117liavimo poreikiams.<\/p>\n<p data-start=\"679\" data-end=\"816\">Metalini\u0173 statini\u0173 konstrukcija leid\u017eia saugiai laikyti agresyvius skys\u010dius, naftos produktus, chemikalus ar kitus pavojingus skys\u010dius.<\/p>\n<h5 data-section-id=\"1bqf8nf\" data-start=\"630\" data-end=\"661\"><span role=\"text\"><strong data-start=\"637\" data-end=\"661\">Techniniai duomenys:<\/strong><\/span><\/h5>\n<ul>\n<li style=\"list-style-type: none;\">\n<ul data-start=\"96\" data-end=\"229\">\n<li data-section-id=\"159yfzf\" data-start=\"44\" data-end=\"64\"><strong data-start=\"46\" data-end=\"56\">Talpa:<\/strong> 200\u202fL<\/li>\n<li data-section-id=\"1uelono\" data-start=\"65\" data-end=\"88\"><strong data-start=\"67\" data-end=\"79\">Auk\u0161tis:<\/strong> 900\u202fmm<\/li>\n<li data-section-id=\"9ldxze\" data-start=\"89\" data-end=\"113\"><strong data-start=\"91\" data-end=\"104\">Skersmuo:<\/strong> 590\u202fmm<\/li>\n<li data-section-id=\"2v1asx\" data-start=\"114\" data-end=\"135\"><strong data-start=\"116\" data-end=\"127\">Svoris:<\/strong> 20\u202fkg<\/li>\n<li data-section-id=\"1lzlicn\" data-start=\"136\" data-end=\"165\"><strong data-start=\"138\" data-end=\"158\">Sieneli\u0173 storis:<\/strong> 8\u202fmm<\/li>\n<li data-section-id=\"ja3wo5\" data-start=\"166\" data-end=\"189\"><strong data-start=\"168\" data-end=\"179\">\u012eranga:<\/strong> Dangtis<\/li>\n<li data-section-id=\"l3f1vo\" data-start=\"190\" data-end=\"306\"><strong data-start=\"192\" data-end=\"213\">Papildoma savyb\u0117:<\/strong> Sertifikatas pavojingoms med\u017eiagoms (tinka chemikal\u0173 ar kit\u0173 pavojing\u0173 skys\u010di\u0173 saugojimui)<\/li>\n<\/ul>\n<\/li>\n<\/ul>\n<p><strong>Turite klausim\u0173 ar norite gauti pasi\u016blym\u0105? <\/strong>Susisiekite su mumis ir mes greitai atsakysime \u012f j\u016bs\u0173 u\u017eklaus\u0105 <a href=\"mailto:info@enviteka.lt\">info@enviteka.lt<\/a><\/p>\n<p>&nbsp;<\/p>","protected":false},"excerpt":{"rendered":"<p>Metalin\u0117 statin\u0117 su dang\u010diu \u2013 tvirtas ir patikimas sprendimas skys\u010di\u0173 bei pavojing\u0173 med\u017eiag\u0173 laikymui ir transportavimui. Storos 8\u202fmm sienel\u0117s u\u017etikrina [&hellip;]<\/p>","protected":false},"featured_media":2647,"template":"","meta":{"site-sidebar-layout":"default","site-content-layout":"","ast-site-content-layout":"default","site-content-style":"default","site-sidebar-style":"default","ast-global-header-display":"","ast-banner-title-visibility":"","ast-main-header-display":"","ast-hfb-above-header-display":"","ast-hfb-below-header-display":"","ast-hfb-mobile-header-display":"","site-post-title":"","ast-breadcrumbs-content":"","ast-featured-img":"","footer-sml-layout":"","ast-disable-related-posts":"","theme-transparent-header-meta":"default","adv-header-id-meta":"","stick-header-meta":"","header-above-stick-meta":"","header-main-stick-meta":"","header-below-stick-meta":"","astra-migrate-meta-layouts":"set","ast-page-background-enabled":"default","ast-page-background-meta":{"desktop":{"background-color":"var(--ast-global-color-4)","background-image":"","background-repeat":"repeat","background-position":"center center","background-size":"auto","background-attachment":"scroll","background-type":"","background-media":"","overlay-type":"","overlay-color":"","overlay-opacity":"","overlay-gradient":""},"tablet":{"background-color":"","background-image":"","background-repeat":"repeat","background-position":"center center","background-size":"auto","background-attachment":"scroll","background-type":"","background-media":"","overlay-type":"","overlay-color":"","overlay-opacity":"","overlay-gradient":""},"mobile":{"background-color":"","background-image":"","background-repeat":"repeat","background-position":"center center","background-size":"auto","background-attachment":"scroll","background-type":"","background-media":"","overlay-type":"","overlay-color":"","overlay-opacity":"","overlay-gradient":""}},"ast-content-background-meta":{"desktop":{"background-color":"var(--ast-global-color-5)","background-image":"","background-repeat":"repeat","background-position":"center center","background-size":"auto","background-attachment":"scroll","background-type":"","background-media":"","overlay-type":"","overlay-color":"","overlay-opacity":"","overlay-gradient":""},"tablet":{"background-color":"var(--ast-global-color-5)","background-image":"","background-repeat":"repeat","background-position":"center center","background-size":"auto","background-attachment":"scroll","background-type":"","background-media":"","overlay-type":"","overlay-color":"","overlay-opacity":"","overlay-gradient":""},"mobile":{"background-color":"var(--ast-global-color-5)","background-image":"","background-repeat":"repeat","background-position":"center center","background-size":"auto","background-attachment":"scroll","background-type":"","background-media":"","overlay-type":"","overlay-color":"","overlay-opacity":"","overlay-gradient":""}}},"product_brand":[],"product_cat":[152,150],"product_tag":[],"class_list":{"0":"post-2646","1":"product","2":"type-product","3":"status-publish","4":"has-post-thumbnail","6":"product_cat-metalines-taros","7":"product_cat-taros","8":"desktop-align-left","9":"tablet-align-left","10":"mobile-align-left","12":"first","13":"instock","14":"shipping-taxable","15":"purchasable","16":"product-type-simple"},"yoast_head":"<!-- This site is optimized with the Yoast SEO plugin v27.3 - https:\/\/yoast.com\/product\/yoast-seo-wordpress\/ -->\n<title>200\u202fL metalin\u0117 statin\u0117 su dang\u010diu - ENVITEKA<\/title>\n<meta name=\"description\" content=\"Metalin\u0117 statin\u0117 su dang\u010diu \u2013 tvirtas ir patikimas sprendimas skys\u010di\u0173 bei pavojing\u0173 med\u017eiag\u0173 laikymui ir transportavimui.\" \/>\n<meta name=\"robots\" content=\"index, follow, max-snippet:-1, max-image-preview:large, max-video-preview:-1\" \/>\n<link rel=\"canonical\" href=\"https:\/\/enviteka.lt\/en\/product\/200-l-metaline-statine-su-dangciu\/\" \/>\n<meta property=\"og:locale\" content=\"en_US\" \/>\n<meta property=\"og:type\" content=\"article\" \/>\n<meta property=\"og:title\" content=\"200\u202fL metalin\u0117 statin\u0117 su dang\u010diu - ENVITEKA\" \/>\n<meta property=\"og:description\" content=\"Metalin\u0117 statin\u0117 su dang\u010diu \u2013 tvirtas ir patikimas sprendimas skys\u010di\u0173 bei pavojing\u0173 med\u017eiag\u0173 laikymui ir transportavimui.\" \/>\n<meta property=\"og:url\" content=\"https:\/\/enviteka.lt\/en\/product\/200-l-metaline-statine-su-dangciu\/\" \/>\n<meta property=\"og:site_name\" content=\"ENVITEKA\" \/>\n<meta property=\"article:modified_time\" content=\"2026-03-21T12:20:33+00:00\" \/>\n<meta property=\"og:image\" content=\"https:\/\/enviteka.lt\/wp-content\/uploads\/2026\/03\/200l_metaline_tara_enviteka.jpg\" \/>\n\t<meta property=\"og:image:width\" content=\"377\" \/>\n\t<meta property=\"og:image:height\" content=\"354\" \/>\n\t<meta property=\"og:image:type\" content=\"image\/jpeg\" \/>\n<meta name=\"twitter:card\" content=\"summary_large_image\" \/>\n<meta name=\"twitter:label1\" content=\"Est. reading time\" \/>\n\t<meta name=\"twitter:data1\" content=\"1 minute\" \/>\n<script type=\"application\/ld+json\" class=\"yoast-schema-graph\">{\"@context\":\"https:\\\/\\\/schema.org\",\"@graph\":[{\"@type\":\"WebPage\",\"@id\":\"https:\\\/\\\/enviteka.lt\\\/produktas\\\/200-l-metaline-statine-su-dangciu\\\/\",\"url\":\"https:\\\/\\\/enviteka.lt\\\/produktas\\\/200-l-metaline-statine-su-dangciu\\\/\",\"name\":\"200\u202fL metalin\u0117 statin\u0117 su dang\u010diu - ENVITEKA\",\"isPartOf\":{\"@id\":\"https:\\\/\\\/enviteka.lt\\\/#website\"},\"primaryImageOfPage\":{\"@id\":\"https:\\\/\\\/enviteka.lt\\\/produktas\\\/200-l-metaline-statine-su-dangciu\\\/#primaryimage\"},\"image\":{\"@id\":\"https:\\\/\\\/enviteka.lt\\\/produktas\\\/200-l-metaline-statine-su-dangciu\\\/#primaryimage\"},\"thumbnailUrl\":\"https:\\\/\\\/enviteka.lt\\\/wp-content\\\/uploads\\\/2026\\\/03\\\/200l_metaline_tara_enviteka.jpg\",\"datePublished\":\"2026-03-21T12:10:23+00:00\",\"dateModified\":\"2026-03-21T12:20:33+00:00\",\"description\":\"Metalin\u0117 statin\u0117 su dang\u010diu \u2013 tvirtas ir patikimas sprendimas skys\u010di\u0173 bei pavojing\u0173 med\u017eiag\u0173 laikymui ir transportavimui.\",\"breadcrumb\":{\"@id\":\"https:\\\/\\\/enviteka.lt\\\/produktas\\\/200-l-metaline-statine-su-dangciu\\\/#breadcrumb\"},\"inLanguage\":\"en-US\",\"potentialAction\":[{\"@type\":\"ReadAction\",\"target\":[\"https:\\\/\\\/enviteka.lt\\\/produktas\\\/200-l-metaline-statine-su-dangciu\\\/\"]}]},{\"@type\":\"ImageObject\",\"inLanguage\":\"en-US\",\"@id\":\"https:\\\/\\\/enviteka.lt\\\/produktas\\\/200-l-metaline-statine-su-dangciu\\\/#primaryimage\",\"url\":\"https:\\\/\\\/enviteka.lt\\\/wp-content\\\/uploads\\\/2026\\\/03\\\/200l_metaline_tara_enviteka.jpg\",\"contentUrl\":\"https:\\\/\\\/enviteka.lt\\\/wp-content\\\/uploads\\\/2026\\\/03\\\/200l_metaline_tara_enviteka.jpg\",\"width\":377,\"height\":354},{\"@type\":\"BreadcrumbList\",\"@id\":\"https:\\\/\\\/enviteka.lt\\\/produktas\\\/200-l-metaline-statine-su-dangciu\\\/#breadcrumb\",\"itemListElement\":[{\"@type\":\"ListItem\",\"position\":1,\"name\":\"Home\",\"item\":\"https:\\\/\\\/enviteka.lt\\\/\"},{\"@type\":\"ListItem\",\"position\":2,\"name\":\"Produktai\",\"item\":\"https:\\\/\\\/enviteka.lt\\\/produktai\\\/\"},{\"@type\":\"ListItem\",\"position\":3,\"name\":\"200\u202fL metalin\u0117 statin\u0117 su dang\u010diu\"}]},{\"@type\":\"WebSite\",\"@id\":\"https:\\\/\\\/enviteka.lt\\\/#website\",\"url\":\"https:\\\/\\\/enviteka.lt\\\/\",\"name\":\"ENVITEKA\",\"description\":\"pramonin\u0117s \u012frangos tiek\u0117jas\",\"publisher\":{\"@id\":\"https:\\\/\\\/enviteka.lt\\\/#organization\"},\"potentialAction\":[{\"@type\":\"SearchAction\",\"target\":{\"@type\":\"EntryPoint\",\"urlTemplate\":\"https:\\\/\\\/enviteka.lt\\\/?s={search_term_string}\"},\"query-input\":{\"@type\":\"PropertyValueSpecification\",\"valueRequired\":true,\"valueName\":\"search_term_string\"}}],\"inLanguage\":\"en-US\"},{\"@type\":\"Organization\",\"@id\":\"https:\\\/\\\/enviteka.lt\\\/#organization\",\"name\":\"ENVITEKA\",\"url\":\"https:\\\/\\\/enviteka.lt\\\/\",\"logo\":{\"@type\":\"ImageObject\",\"inLanguage\":\"en-US\",\"@id\":\"https:\\\/\\\/enviteka.lt\\\/#\\\/schema\\\/logo\\\/image\\\/\",\"url\":\"https:\\\/\\\/enviteka.lt\\\/wp-content\\\/uploads\\\/2024\\\/10\\\/enviteka-high-resolution-logo-transparent-e1742852093377.png\",\"contentUrl\":\"https:\\\/\\\/enviteka.lt\\\/wp-content\\\/uploads\\\/2024\\\/10\\\/enviteka-high-resolution-logo-transparent-e1742852093377.png\",\"width\":424,\"height\":150,\"caption\":\"ENVITEKA\"},\"image\":{\"@id\":\"https:\\\/\\\/enviteka.lt\\\/#\\\/schema\\\/logo\\\/image\\\/\"}}]}<\/script>\n<!-- \/ Yoast SEO plugin. -->","yoast_head_json":{"title":"200\u202fL metalin\u0117 statin\u0117 su dang\u010diu - ENVITEKA","description":"Metalin\u0117 statin\u0117 su dang\u010diu \u2013 tvirtas ir patikimas sprendimas skys\u010di\u0173 bei pavojing\u0173 med\u017eiag\u0173 laikymui ir transportavimui.","robots":{"index":"index","follow":"follow","max-snippet":"max-snippet:-1","max-image-preview":"max-image-preview:large","max-video-preview":"max-video-preview:-1"},"canonical":"https:\/\/enviteka.lt\/en\/product\/200-l-metaline-statine-su-dangciu\/","og_locale":"en_US","og_type":"article","og_title":"200\u202fL metalin\u0117 statin\u0117 su dang\u010diu - ENVITEKA","og_description":"Metalin\u0117 statin\u0117 su dang\u010diu \u2013 tvirtas ir patikimas sprendimas skys\u010di\u0173 bei pavojing\u0173 med\u017eiag\u0173 laikymui ir transportavimui.","og_url":"https:\/\/enviteka.lt\/en\/product\/200-l-metaline-statine-su-dangciu\/","og_site_name":"ENVITEKA","article_modified_time":"2026-03-21T12:20:33+00:00","og_image":[{"width":377,"height":354,"url":"https:\/\/enviteka.lt\/wp-content\/uploads\/2026\/03\/200l_metaline_tara_enviteka.jpg","type":"image\/jpeg"}],"twitter_card":"summary_large_image","twitter_misc":{"Est. reading time":"1 minute"},"schema":{"@context":"https:\/\/schema.org","@graph":[{"@type":"WebPage","@id":"https:\/\/enviteka.lt\/produktas\/200-l-metaline-statine-su-dangciu\/","url":"https:\/\/enviteka.lt\/produktas\/200-l-metaline-statine-su-dangciu\/","name":"200\u202fL metalin\u0117 statin\u0117 su dang\u010diu - ENVITEKA","isPartOf":{"@id":"https:\/\/enviteka.lt\/#website"},"primaryImageOfPage":{"@id":"https:\/\/enviteka.lt\/produktas\/200-l-metaline-statine-su-dangciu\/#primaryimage"},"image":{"@id":"https:\/\/enviteka.lt\/produktas\/200-l-metaline-statine-su-dangciu\/#primaryimage"},"thumbnailUrl":"https:\/\/enviteka.lt\/wp-content\/uploads\/2026\/03\/200l_metaline_tara_enviteka.jpg","datePublished":"2026-03-21T12:10:23+00:00","dateModified":"2026-03-21T12:20:33+00:00","description":"Metalin\u0117 statin\u0117 su dang\u010diu \u2013 tvirtas ir patikimas sprendimas skys\u010di\u0173 bei pavojing\u0173 med\u017eiag\u0173 laikymui ir transportavimui.","breadcrumb":{"@id":"https:\/\/enviteka.lt\/produktas\/200-l-metaline-statine-su-dangciu\/#breadcrumb"},"inLanguage":"en-US","potentialAction":[{"@type":"ReadAction","target":["https:\/\/enviteka.lt\/produktas\/200-l-metaline-statine-su-dangciu\/"]}]},{"@type":"ImageObject","inLanguage":"en-US","@id":"https:\/\/enviteka.lt\/produktas\/200-l-metaline-statine-su-dangciu\/#primaryimage","url":"https:\/\/enviteka.lt\/wp-content\/uploads\/2026\/03\/200l_metaline_tara_enviteka.jpg","contentUrl":"https:\/\/enviteka.lt\/wp-content\/uploads\/2026\/03\/200l_metaline_tara_enviteka.jpg","width":377,"height":354},{"@type":"BreadcrumbList","@id":"https:\/\/enviteka.lt\/produktas\/200-l-metaline-statine-su-dangciu\/#breadcrumb","itemListElement":[{"@type":"ListItem","position":1,"name":"Home","item":"https:\/\/enviteka.lt\/"},{"@type":"ListItem","position":2,"name":"Produktai","item":"https:\/\/enviteka.lt\/produktai\/"},{"@type":"ListItem","position":3,"name":"200\u202fL metalin\u0117 statin\u0117 su dang\u010diu"}]},{"@type":"WebSite","@id":"https:\/\/enviteka.lt\/#website","url":"https:\/\/enviteka.lt\/","name":"ENVITEKA","description":"pramonin\u0117s \u012frangos tiek\u0117jas","publisher":{"@id":"https:\/\/enviteka.lt\/#organization"},"potentialAction":[{"@type":"SearchAction","target":{"@type":"EntryPoint","urlTemplate":"https:\/\/enviteka.lt\/?s={search_term_string}"},"query-input":{"@type":"PropertyValueSpecification","valueRequired":true,"valueName":"search_term_string"}}],"inLanguage":"en-US"},{"@type":"Organization","@id":"https:\/\/enviteka.lt\/#organization","name":"ENVITEKA","url":"https:\/\/enviteka.lt\/","logo":{"@type":"ImageObject","inLanguage":"en-US","@id":"https:\/\/enviteka.lt\/#\/schema\/logo\/image\/","url":"https:\/\/enviteka.lt\/wp-content\/uploads\/2024\/10\/enviteka-high-resolution-logo-transparent-e1742852093377.png","contentUrl":"https:\/\/enviteka.lt\/wp-content\/uploads\/2024\/10\/enviteka-high-resolution-logo-transparent-e1742852093377.png","width":424,"height":150,"caption":"ENVITEKA"},"image":{"@id":"https:\/\/enviteka.lt\/#\/schema\/logo\/image\/"}}]}},"_links":{"self":[{"href":"https:\/\/enviteka.lt\/en\/wp-json\/wp\/v2\/product\/2646","targetHints":{"allow":["GET"]}}],"collection":[{"href":"https:\/\/enviteka.lt\/en\/wp-json\/wp\/v2\/product"}],"about":[{"href":"https:\/\/enviteka.lt\/en\/wp-json\/wp\/v2\/types\/product"}],"wp:featuredmedia":[{"embeddable":true,"href":"https:\/\/enviteka.lt\/en\/wp-json\/wp\/v2\/media\/2647"}],"wp:attachment":[{"href":"https:\/\/enviteka.lt\/en\/wp-json\/wp\/v2\/media?parent=2646"}],"wp:term":[{"taxonomy":"product_brand","embeddable":true,"href":"https:\/\/enviteka.lt\/en\/wp-json\/wp\/v2\/product_brand?post=2646"},{"taxonomy":"product_cat","embeddable":true,"href":"https:\/\/enviteka.lt\/en\/wp-json\/wp\/v2\/product_cat?post=2646"},{"taxonomy":"product_tag","embeddable":true,"href":"https:\/\/enviteka.lt\/en\/wp-json\/wp\/v2\/product_tag?post=2646"}],"curies":[{"name":"wp","href":"https:\/\/api.w.org\/{rel}","templated":true}]}}