{"id":2642,"date":"2026-03-21T12:03:25","date_gmt":"2026-03-21T12:03:25","guid":{"rendered":"https:\/\/enviteka.lt\/?post_type=product&#038;p=2642"},"modified":"2026-03-21T12:08:04","modified_gmt":"2026-03-21T12:08:04","slug":"136-l-plastikine-statine-su-uzpildymo-anga","status":"publish","type":"product","link":"https:\/\/enviteka.lt\/en\/product\/136-l-plastikine-statine-su-uzpildymo-anga\/","title":{"rendered":"136\u202fL plastikin\u0117 statin\u0117 su u\u017epildymo anga"},"content":{"rendered":"<p>Plastikin\u0117 statin\u0117 su u\u017epildymo anga \u2013 patikimas sprendimas skys\u010di\u0173 laikymui ir transportavimui. Galima lengvai pilti ir i\u0161pilti turin\u012f, u\u017etikrinant patogum\u0105 ir saugum\u0105 naudojant pramon\u0117je, logistikos ir sand\u0117liavimo procesuose.<\/p>\n<p>Tvirta ir sandari konstrukcija suteikia ilgaam\u017ei\u0161kum\u0105 ir patikimum\u0105, atitinka grie\u017etus Europos standartus.<\/p>\n<h5 data-section-id=\"1bqf8nf\" data-start=\"630\" data-end=\"661\"><span role=\"text\"><strong data-start=\"637\" data-end=\"661\">Techniniai duomenys:<\/strong><\/span><\/h5>\n<ul>\n<li style=\"list-style-type: none;\">\n<ul data-start=\"96\" data-end=\"229\">\n<li data-section-id=\"2kch4l\" data-start=\"128\" data-end=\"147\">Auk\u0161tis: 610 mm<\/li>\n<li data-section-id=\"qpfyhx\" data-start=\"148\" data-end=\"168\">Skersmuo: 581 mm<\/li>\n<li data-section-id=\"o8n4tz\" data-start=\"169\" data-end=\"187\">Svoris: 6,1 kg<\/li>\n<li data-section-id=\"ll6tj1\" data-start=\"188\" data-end=\"264\">Sertifikatas: UN 1H1\/Y1.9\/200 (tinka pavojing\u0173 med\u017eiag\u0173 transportavimui)<\/li>\n<\/ul>\n<\/li>\n<\/ul>\n<p><strong>Turite klausim\u0173 ar norite gauti pasi\u016blym\u0105? <\/strong>Susisiekite su mumis ir mes greitai atsakysime \u012f j\u016bs\u0173 u\u017eklaus\u0105 <a href=\"mailto:info@enviteka.lt\">info@enviteka.lt<\/a><\/p>\n<p>&nbsp;<\/p>","protected":false},"excerpt":{"rendered":"<p>Plastikin\u0117 statin\u0117 su u\u017epildymo anga \u2013 patikimas sprendimas skys\u010di\u0173 laikymui ir transportavimui. Galima lengvai pilti ir i\u0161pilti turin\u012f, u\u017etikrinant patogum\u0105 [&hellip;]<\/p>","protected":false},"featured_media":2643,"template":"","meta":{"site-sidebar-layout":"default","site-content-layout":"","ast-site-content-layout":"default","site-content-style":"default","site-sidebar-style":"default","ast-global-header-display":"","ast-banner-title-visibility":"","ast-main-header-display":"","ast-hfb-above-header-display":"","ast-hfb-below-header-display":"","ast-hfb-mobile-header-display":"","site-post-title":"","ast-breadcrumbs-content":"","ast-featured-img":"","footer-sml-layout":"","ast-disable-related-posts":"","theme-transparent-header-meta":"default","adv-header-id-meta":"","stick-header-meta":"","header-above-stick-meta":"","header-main-stick-meta":"","header-below-stick-meta":"","astra-migrate-meta-layouts":"set","ast-page-background-enabled":"default","ast-page-background-meta":{"desktop":{"background-color":"var(--ast-global-color-4)","background-image":"","background-repeat":"repeat","background-position":"center center","background-size":"auto","background-attachment":"scroll","background-type":"","background-media":"","overlay-type":"","overlay-color":"","overlay-opacity":"","overlay-gradient":""},"tablet":{"background-color":"","background-image":"","background-repeat":"repeat","background-position":"center center","background-size":"auto","background-attachment":"scroll","background-type":"","background-media":"","overlay-type":"","overlay-color":"","overlay-opacity":"","overlay-gradient":""},"mobile":{"background-color":"","background-image":"","background-repeat":"repeat","background-position":"center center","background-size":"auto","background-attachment":"scroll","background-type":"","background-media":"","overlay-type":"","overlay-color":"","overlay-opacity":"","overlay-gradient":""}},"ast-content-background-meta":{"desktop":{"background-color":"var(--ast-global-color-5)","background-image":"","background-repeat":"repeat","background-position":"center center","background-size":"auto","background-attachment":"scroll","background-type":"","background-media":"","overlay-type":"","overlay-color":"","overlay-opacity":"","overlay-gradient":""},"tablet":{"background-color":"var(--ast-global-color-5)","background-image":"","background-repeat":"repeat","background-position":"center center","background-size":"auto","background-attachment":"scroll","background-type":"","background-media":"","overlay-type":"","overlay-color":"","overlay-opacity":"","overlay-gradient":""},"mobile":{"background-color":"var(--ast-global-color-5)","background-image":"","background-repeat":"repeat","background-position":"center center","background-size":"auto","background-attachment":"scroll","background-type":"","background-media":"","overlay-type":"","overlay-color":"","overlay-opacity":"","overlay-gradient":""}}},"product_brand":[],"product_cat":[151,150],"product_tag":[],"class_list":{"0":"post-2642","1":"product","2":"type-product","3":"status-publish","4":"has-post-thumbnail","6":"product_cat-plastikines-statines","7":"product_cat-taros","8":"desktop-align-left","9":"tablet-align-left","10":"mobile-align-left","12":"first","13":"instock","14":"shipping-taxable","15":"purchasable","16":"product-type-simple"},"yoast_head":"<!-- This site is optimized with the Yoast SEO plugin v27.3 - https:\/\/yoast.com\/product\/yoast-seo-wordpress\/ -->\n<title>136\u202fL plastikin\u0117 statin\u0117 su u\u017epildymo anga - ENVITEKA<\/title>\n<meta name=\"description\" content=\"Patikima plastikin\u0117 statin\u0117 su u\u017epildymo anga. Idealiai tinka pramonei, logistikai ir pavojing\u0173 med\u017eiag\u0173 transportavimui.\" \/>\n<meta name=\"robots\" content=\"index, follow, max-snippet:-1, max-image-preview:large, max-video-preview:-1\" \/>\n<link rel=\"canonical\" href=\"https:\/\/enviteka.lt\/en\/product\/136-l-plastikine-statine-su-uzpildymo-anga\/\" \/>\n<meta property=\"og:locale\" content=\"en_US\" \/>\n<meta property=\"og:type\" content=\"article\" \/>\n<meta property=\"og:title\" content=\"136\u202fL plastikin\u0117 statin\u0117 su u\u017epildymo anga - ENVITEKA\" \/>\n<meta property=\"og:description\" content=\"Patikima plastikin\u0117 statin\u0117 su u\u017epildymo anga. Idealiai tinka pramonei, logistikai ir pavojing\u0173 med\u017eiag\u0173 transportavimui.\" \/>\n<meta property=\"og:url\" content=\"https:\/\/enviteka.lt\/en\/product\/136-l-plastikine-statine-su-uzpildymo-anga\/\" \/>\n<meta property=\"og:site_name\" content=\"ENVITEKA\" \/>\n<meta property=\"article:modified_time\" content=\"2026-03-21T12:08:04+00:00\" \/>\n<meta property=\"og:image\" content=\"https:\/\/enviteka.lt\/wp-content\/uploads\/2026\/03\/136l_plastikine_tara_enviteka.jpg\" \/>\n\t<meta property=\"og:image:width\" content=\"361\" \/>\n\t<meta property=\"og:image:height\" content=\"291\" \/>\n\t<meta property=\"og:image:type\" content=\"image\/jpeg\" \/>\n<meta name=\"twitter:card\" content=\"summary_large_image\" \/>\n<meta name=\"twitter:label1\" content=\"Est. reading time\" \/>\n\t<meta name=\"twitter:data1\" content=\"1 minute\" \/>\n<script type=\"application\/ld+json\" class=\"yoast-schema-graph\">{\"@context\":\"https:\\\/\\\/schema.org\",\"@graph\":[{\"@type\":\"WebPage\",\"@id\":\"https:\\\/\\\/enviteka.lt\\\/produktas\\\/136-l-plastikine-statine-su-uzpildymo-anga\\\/\",\"url\":\"https:\\\/\\\/enviteka.lt\\\/produktas\\\/136-l-plastikine-statine-su-uzpildymo-anga\\\/\",\"name\":\"136\u202fL plastikin\u0117 statin\u0117 su u\u017epildymo anga - ENVITEKA\",\"isPartOf\":{\"@id\":\"https:\\\/\\\/enviteka.lt\\\/#website\"},\"primaryImageOfPage\":{\"@id\":\"https:\\\/\\\/enviteka.lt\\\/produktas\\\/136-l-plastikine-statine-su-uzpildymo-anga\\\/#primaryimage\"},\"image\":{\"@id\":\"https:\\\/\\\/enviteka.lt\\\/produktas\\\/136-l-plastikine-statine-su-uzpildymo-anga\\\/#primaryimage\"},\"thumbnailUrl\":\"https:\\\/\\\/enviteka.lt\\\/wp-content\\\/uploads\\\/2026\\\/03\\\/136l_plastikine_tara_enviteka.jpg\",\"datePublished\":\"2026-03-21T12:03:25+00:00\",\"dateModified\":\"2026-03-21T12:08:04+00:00\",\"description\":\"Patikima plastikin\u0117 statin\u0117 su u\u017epildymo anga. Idealiai tinka pramonei, logistikai ir pavojing\u0173 med\u017eiag\u0173 transportavimui.\",\"breadcrumb\":{\"@id\":\"https:\\\/\\\/enviteka.lt\\\/produktas\\\/136-l-plastikine-statine-su-uzpildymo-anga\\\/#breadcrumb\"},\"inLanguage\":\"en-US\",\"potentialAction\":[{\"@type\":\"ReadAction\",\"target\":[\"https:\\\/\\\/enviteka.lt\\\/produktas\\\/136-l-plastikine-statine-su-uzpildymo-anga\\\/\"]}]},{\"@type\":\"ImageObject\",\"inLanguage\":\"en-US\",\"@id\":\"https:\\\/\\\/enviteka.lt\\\/produktas\\\/136-l-plastikine-statine-su-uzpildymo-anga\\\/#primaryimage\",\"url\":\"https:\\\/\\\/enviteka.lt\\\/wp-content\\\/uploads\\\/2026\\\/03\\\/136l_plastikine_tara_enviteka.jpg\",\"contentUrl\":\"https:\\\/\\\/enviteka.lt\\\/wp-content\\\/uploads\\\/2026\\\/03\\\/136l_plastikine_tara_enviteka.jpg\",\"width\":361,\"height\":291},{\"@type\":\"BreadcrumbList\",\"@id\":\"https:\\\/\\\/enviteka.lt\\\/produktas\\\/136-l-plastikine-statine-su-uzpildymo-anga\\\/#breadcrumb\",\"itemListElement\":[{\"@type\":\"ListItem\",\"position\":1,\"name\":\"Home\",\"item\":\"https:\\\/\\\/enviteka.lt\\\/\"},{\"@type\":\"ListItem\",\"position\":2,\"name\":\"Produktai\",\"item\":\"https:\\\/\\\/enviteka.lt\\\/produktai\\\/\"},{\"@type\":\"ListItem\",\"position\":3,\"name\":\"136\u202fL plastikin\u0117 statin\u0117 su u\u017epildymo anga\"}]},{\"@type\":\"WebSite\",\"@id\":\"https:\\\/\\\/enviteka.lt\\\/#website\",\"url\":\"https:\\\/\\\/enviteka.lt\\\/\",\"name\":\"ENVITEKA\",\"description\":\"pramonin\u0117s \u012frangos tiek\u0117jas\",\"publisher\":{\"@id\":\"https:\\\/\\\/enviteka.lt\\\/#organization\"},\"potentialAction\":[{\"@type\":\"SearchAction\",\"target\":{\"@type\":\"EntryPoint\",\"urlTemplate\":\"https:\\\/\\\/enviteka.lt\\\/?s={search_term_string}\"},\"query-input\":{\"@type\":\"PropertyValueSpecification\",\"valueRequired\":true,\"valueName\":\"search_term_string\"}}],\"inLanguage\":\"en-US\"},{\"@type\":\"Organization\",\"@id\":\"https:\\\/\\\/enviteka.lt\\\/#organization\",\"name\":\"ENVITEKA\",\"url\":\"https:\\\/\\\/enviteka.lt\\\/\",\"logo\":{\"@type\":\"ImageObject\",\"inLanguage\":\"en-US\",\"@id\":\"https:\\\/\\\/enviteka.lt\\\/#\\\/schema\\\/logo\\\/image\\\/\",\"url\":\"https:\\\/\\\/enviteka.lt\\\/wp-content\\\/uploads\\\/2024\\\/10\\\/enviteka-high-resolution-logo-transparent-e1742852093377.png\",\"contentUrl\":\"https:\\\/\\\/enviteka.lt\\\/wp-content\\\/uploads\\\/2024\\\/10\\\/enviteka-high-resolution-logo-transparent-e1742852093377.png\",\"width\":424,\"height\":150,\"caption\":\"ENVITEKA\"},\"image\":{\"@id\":\"https:\\\/\\\/enviteka.lt\\\/#\\\/schema\\\/logo\\\/image\\\/\"}}]}<\/script>\n<!-- \/ Yoast SEO plugin. -->","yoast_head_json":{"title":"136\u202fL plastikin\u0117 statin\u0117 su u\u017epildymo anga - ENVITEKA","description":"Patikima plastikin\u0117 statin\u0117 su u\u017epildymo anga. Idealiai tinka pramonei, logistikai ir pavojing\u0173 med\u017eiag\u0173 transportavimui.","robots":{"index":"index","follow":"follow","max-snippet":"max-snippet:-1","max-image-preview":"max-image-preview:large","max-video-preview":"max-video-preview:-1"},"canonical":"https:\/\/enviteka.lt\/en\/product\/136-l-plastikine-statine-su-uzpildymo-anga\/","og_locale":"en_US","og_type":"article","og_title":"136\u202fL plastikin\u0117 statin\u0117 su u\u017epildymo anga - ENVITEKA","og_description":"Patikima plastikin\u0117 statin\u0117 su u\u017epildymo anga. Idealiai tinka pramonei, logistikai ir pavojing\u0173 med\u017eiag\u0173 transportavimui.","og_url":"https:\/\/enviteka.lt\/en\/product\/136-l-plastikine-statine-su-uzpildymo-anga\/","og_site_name":"ENVITEKA","article_modified_time":"2026-03-21T12:08:04+00:00","og_image":[{"width":361,"height":291,"url":"https:\/\/enviteka.lt\/wp-content\/uploads\/2026\/03\/136l_plastikine_tara_enviteka.jpg","type":"image\/jpeg"}],"twitter_card":"summary_large_image","twitter_misc":{"Est. reading time":"1 minute"},"schema":{"@context":"https:\/\/schema.org","@graph":[{"@type":"WebPage","@id":"https:\/\/enviteka.lt\/produktas\/136-l-plastikine-statine-su-uzpildymo-anga\/","url":"https:\/\/enviteka.lt\/produktas\/136-l-plastikine-statine-su-uzpildymo-anga\/","name":"136\u202fL plastikin\u0117 statin\u0117 su u\u017epildymo anga - ENVITEKA","isPartOf":{"@id":"https:\/\/enviteka.lt\/#website"},"primaryImageOfPage":{"@id":"https:\/\/enviteka.lt\/produktas\/136-l-plastikine-statine-su-uzpildymo-anga\/#primaryimage"},"image":{"@id":"https:\/\/enviteka.lt\/produktas\/136-l-plastikine-statine-su-uzpildymo-anga\/#primaryimage"},"thumbnailUrl":"https:\/\/enviteka.lt\/wp-content\/uploads\/2026\/03\/136l_plastikine_tara_enviteka.jpg","datePublished":"2026-03-21T12:03:25+00:00","dateModified":"2026-03-21T12:08:04+00:00","description":"Patikima plastikin\u0117 statin\u0117 su u\u017epildymo anga. Idealiai tinka pramonei, logistikai ir pavojing\u0173 med\u017eiag\u0173 transportavimui.","breadcrumb":{"@id":"https:\/\/enviteka.lt\/produktas\/136-l-plastikine-statine-su-uzpildymo-anga\/#breadcrumb"},"inLanguage":"en-US","potentialAction":[{"@type":"ReadAction","target":["https:\/\/enviteka.lt\/produktas\/136-l-plastikine-statine-su-uzpildymo-anga\/"]}]},{"@type":"ImageObject","inLanguage":"en-US","@id":"https:\/\/enviteka.lt\/produktas\/136-l-plastikine-statine-su-uzpildymo-anga\/#primaryimage","url":"https:\/\/enviteka.lt\/wp-content\/uploads\/2026\/03\/136l_plastikine_tara_enviteka.jpg","contentUrl":"https:\/\/enviteka.lt\/wp-content\/uploads\/2026\/03\/136l_plastikine_tara_enviteka.jpg","width":361,"height":291},{"@type":"BreadcrumbList","@id":"https:\/\/enviteka.lt\/produktas\/136-l-plastikine-statine-su-uzpildymo-anga\/#breadcrumb","itemListElement":[{"@type":"ListItem","position":1,"name":"Home","item":"https:\/\/enviteka.lt\/"},{"@type":"ListItem","position":2,"name":"Produktai","item":"https:\/\/enviteka.lt\/produktai\/"},{"@type":"ListItem","position":3,"name":"136\u202fL plastikin\u0117 statin\u0117 su u\u017epildymo anga"}]},{"@type":"WebSite","@id":"https:\/\/enviteka.lt\/#website","url":"https:\/\/enviteka.lt\/","name":"ENVITEKA","description":"pramonin\u0117s \u012frangos tiek\u0117jas","publisher":{"@id":"https:\/\/enviteka.lt\/#organization"},"potentialAction":[{"@type":"SearchAction","target":{"@type":"EntryPoint","urlTemplate":"https:\/\/enviteka.lt\/?s={search_term_string}"},"query-input":{"@type":"PropertyValueSpecification","valueRequired":true,"valueName":"search_term_string"}}],"inLanguage":"en-US"},{"@type":"Organization","@id":"https:\/\/enviteka.lt\/#organization","name":"ENVITEKA","url":"https:\/\/enviteka.lt\/","logo":{"@type":"ImageObject","inLanguage":"en-US","@id":"https:\/\/enviteka.lt\/#\/schema\/logo\/image\/","url":"https:\/\/enviteka.lt\/wp-content\/uploads\/2024\/10\/enviteka-high-resolution-logo-transparent-e1742852093377.png","contentUrl":"https:\/\/enviteka.lt\/wp-content\/uploads\/2024\/10\/enviteka-high-resolution-logo-transparent-e1742852093377.png","width":424,"height":150,"caption":"ENVITEKA"},"image":{"@id":"https:\/\/enviteka.lt\/#\/schema\/logo\/image\/"}}]}},"_links":{"self":[{"href":"https:\/\/enviteka.lt\/en\/wp-json\/wp\/v2\/product\/2642","targetHints":{"allow":["GET"]}}],"collection":[{"href":"https:\/\/enviteka.lt\/en\/wp-json\/wp\/v2\/product"}],"about":[{"href":"https:\/\/enviteka.lt\/en\/wp-json\/wp\/v2\/types\/product"}],"wp:featuredmedia":[{"embeddable":true,"href":"https:\/\/enviteka.lt\/en\/wp-json\/wp\/v2\/media\/2643"}],"wp:attachment":[{"href":"https:\/\/enviteka.lt\/en\/wp-json\/wp\/v2\/media?parent=2642"}],"wp:term":[{"taxonomy":"product_brand","embeddable":true,"href":"https:\/\/enviteka.lt\/en\/wp-json\/wp\/v2\/product_brand?post=2642"},{"taxonomy":"product_cat","embeddable":true,"href":"https:\/\/enviteka.lt\/en\/wp-json\/wp\/v2\/product_cat?post=2642"},{"taxonomy":"product_tag","embeddable":true,"href":"https:\/\/enviteka.lt\/en\/wp-json\/wp\/v2\/product_tag?post=2642"}],"curies":[{"name":"wp","href":"https:\/\/api.w.org\/{rel}","templated":true}]}}