{"id":2634,"date":"2026-03-21T11:53:35","date_gmt":"2026-03-21T11:53:35","guid":{"rendered":"https:\/\/enviteka.lt\/?post_type=product&#038;p=2634"},"modified":"2026-03-21T11:54:48","modified_gmt":"2026-03-21T11:54:48","slug":"60l-plastikine-statine-su-dangciu","status":"publish","type":"product","link":"https:\/\/enviteka.lt\/en\/product\/60l-plastikine-statine-su-dangciu\/","title":{"rendered":"60L plastikin\u0117 statin\u0117 su dang\u010diu"},"content":{"rendered":"<p data-start=\"222\" data-end=\"467\">Auk\u0161tos kokyb\u0117s plastikin\u0117 statin\u0117 su dang\u010diu, skirta saugiam skys\u010di\u0173, chemini\u0173 med\u017eiag\u0173 ir kit\u0173 produkt\u0173 laikymui bei transportavimui. Tvirta konstrukcija ir patikimas u\u017edarymas u\u017etikrina sandarum\u0105 ir apsaug\u0105 visoje tiekimo grandin\u0117je.<\/p>\n<p data-start=\"469\" data-end=\"623\">Statin\u0117 atitinka pavojing\u0173 med\u017eiag\u0173 transportavimo reikalavimus ir turi UN sertifikat\u0105, tod\u0117l yra tinkama naudoti pramon\u0117je, logistikoje bei sand\u0117liavime.<\/p>\n<h4 data-section-id=\"1bqf8nf\" data-start=\"630\" data-end=\"661\"><span role=\"text\"><strong data-start=\"637\" data-end=\"661\">Techniniai duomenys:<\/strong><\/span><\/h4>\n<ul>\n<li style=\"list-style-type: none;\">\n<ul data-start=\"96\" data-end=\"229\">\n<li data-section-id=\"1tb7x86\" data-start=\"96\" data-end=\"115\">Auk\u0161tis: 620 mm<\/li>\n<li data-section-id=\"w0qulp\" data-start=\"116\" data-end=\"136\">Skersmuo: 400 mm<\/li>\n<li data-section-id=\"1dhsck6\" data-start=\"137\" data-end=\"155\">Svoris: 3,5 kg<\/li>\n<li data-section-id=\"rb4woz\" data-start=\"156\" data-end=\"229\">Sertifikatas: UN 1H2\/X105\/S\/ (tinka pavojing\u0173 med\u017eiag\u0173 transportavimui)<\/li>\n<\/ul>\n<\/li>\n<\/ul>\n<p><strong>Turite klausim\u0173 ar norite gauti pasi\u016blym\u0105? <\/strong>Susisiekite su mumis ir mes greitai atsakysime \u012f j\u016bs\u0173 u\u017eklaus\u0105 <a href=\"mailto:info@enviteka.lt\">info@enviteka.lt<\/a><\/p>\n<p>&nbsp;<\/p>","protected":false},"excerpt":{"rendered":"<p>Auk\u0161tos kokyb\u0117s plastikin\u0117 statin\u0117 su dang\u010diu, skirta saugiam skys\u010di\u0173, chemini\u0173 med\u017eiag\u0173 ir kit\u0173 produkt\u0173 laikymui bei transportavimui. Tvirta konstrukcija ir [&hellip;]<\/p>","protected":false},"featured_media":2635,"template":"","meta":{"site-sidebar-layout":"default","site-content-layout":"","ast-site-content-layout":"default","site-content-style":"default","site-sidebar-style":"default","ast-global-header-display":"","ast-banner-title-visibility":"","ast-main-header-display":"","ast-hfb-above-header-display":"","ast-hfb-below-header-display":"","ast-hfb-mobile-header-display":"","site-post-title":"","ast-breadcrumbs-content":"","ast-featured-img":"","footer-sml-layout":"","ast-disable-related-posts":"","theme-transparent-header-meta":"default","adv-header-id-meta":"","stick-header-meta":"","header-above-stick-meta":"","header-main-stick-meta":"","header-below-stick-meta":"","astra-migrate-meta-layouts":"set","ast-page-background-enabled":"default","ast-page-background-meta":{"desktop":{"background-color":"var(--ast-global-color-4)","background-image":"","background-repeat":"repeat","background-position":"center center","background-size":"auto","background-attachment":"scroll","background-type":"","background-media":"","overlay-type":"","overlay-color":"","overlay-opacity":"","overlay-gradient":""},"tablet":{"background-color":"","background-image":"","background-repeat":"repeat","background-position":"center center","background-size":"auto","background-attachment":"scroll","background-type":"","background-media":"","overlay-type":"","overlay-color":"","overlay-opacity":"","overlay-gradient":""},"mobile":{"background-color":"","background-image":"","background-repeat":"repeat","background-position":"center center","background-size":"auto","background-attachment":"scroll","background-type":"","background-media":"","overlay-type":"","overlay-color":"","overlay-opacity":"","overlay-gradient":""}},"ast-content-background-meta":{"desktop":{"background-color":"var(--ast-global-color-5)","background-image":"","background-repeat":"repeat","background-position":"center center","background-size":"auto","background-attachment":"scroll","background-type":"","background-media":"","overlay-type":"","overlay-color":"","overlay-opacity":"","overlay-gradient":""},"tablet":{"background-color":"var(--ast-global-color-5)","background-image":"","background-repeat":"repeat","background-position":"center center","background-size":"auto","background-attachment":"scroll","background-type":"","background-media":"","overlay-type":"","overlay-color":"","overlay-opacity":"","overlay-gradient":""},"mobile":{"background-color":"var(--ast-global-color-5)","background-image":"","background-repeat":"repeat","background-position":"center center","background-size":"auto","background-attachment":"scroll","background-type":"","background-media":"","overlay-type":"","overlay-color":"","overlay-opacity":"","overlay-gradient":""}}},"product_brand":[],"product_cat":[151,150],"product_tag":[],"class_list":{"0":"post-2634","1":"product","2":"type-product","3":"status-publish","4":"has-post-thumbnail","6":"product_cat-plastikines-statines","7":"product_cat-taros","8":"desktop-align-left","9":"tablet-align-left","10":"mobile-align-left","12":"first","13":"instock","14":"shipping-taxable","15":"purchasable","16":"product-type-simple"},"yoast_head":"<!-- This site is optimized with the Yoast SEO plugin v27.3 - https:\/\/yoast.com\/product\/yoast-seo-wordpress\/ -->\n<title>60L plastikin\u0117 statin\u0117 su dang\u010diu - ENVITEKA<\/title>\n<meta name=\"description\" content=\"Plastikin\u0117s statin\u0117s skys\u010diams \u2013 \u012fvair\u016bs dyd\u017eiai, saugus laikymas ir transportavimas. Voki\u0161ka kokyb\u0117, individual\u016bs sprendimai.\" \/>\n<meta name=\"robots\" content=\"index, follow, max-snippet:-1, max-image-preview:large, max-video-preview:-1\" \/>\n<link rel=\"canonical\" href=\"https:\/\/enviteka.lt\/en\/product\/60l-plastikine-statine-su-dangciu\/\" \/>\n<meta property=\"og:locale\" content=\"en_US\" \/>\n<meta property=\"og:type\" content=\"article\" \/>\n<meta property=\"og:title\" content=\"60L plastikin\u0117 statin\u0117 su dang\u010diu - ENVITEKA\" \/>\n<meta property=\"og:description\" content=\"Plastikin\u0117s statin\u0117s skys\u010diams \u2013 \u012fvair\u016bs dyd\u017eiai, saugus laikymas ir transportavimas. Voki\u0161ka kokyb\u0117, individual\u016bs sprendimai.\" \/>\n<meta property=\"og:url\" content=\"https:\/\/enviteka.lt\/en\/product\/60l-plastikine-statine-su-dangciu\/\" \/>\n<meta property=\"og:site_name\" content=\"ENVITEKA\" \/>\n<meta property=\"article:modified_time\" content=\"2026-03-21T11:54:48+00:00\" \/>\n<meta property=\"og:image\" content=\"https:\/\/enviteka.lt\/wp-content\/uploads\/2026\/03\/plastikine_tara_60l.jpg\" \/>\n\t<meta property=\"og:image:width\" content=\"418\" \/>\n\t<meta property=\"og:image:height\" content=\"274\" \/>\n\t<meta property=\"og:image:type\" content=\"image\/jpeg\" \/>\n<meta name=\"twitter:card\" content=\"summary_large_image\" \/>\n<meta name=\"twitter:label1\" content=\"Est. reading time\" \/>\n\t<meta name=\"twitter:data1\" content=\"1 minute\" \/>\n<script type=\"application\/ld+json\" class=\"yoast-schema-graph\">{\"@context\":\"https:\\\/\\\/schema.org\",\"@graph\":[{\"@type\":\"WebPage\",\"@id\":\"https:\\\/\\\/enviteka.lt\\\/produktas\\\/60l-plastikine-statine-su-dangciu\\\/\",\"url\":\"https:\\\/\\\/enviteka.lt\\\/produktas\\\/60l-plastikine-statine-su-dangciu\\\/\",\"name\":\"60L plastikin\u0117 statin\u0117 su dang\u010diu - ENVITEKA\",\"isPartOf\":{\"@id\":\"https:\\\/\\\/enviteka.lt\\\/#website\"},\"primaryImageOfPage\":{\"@id\":\"https:\\\/\\\/enviteka.lt\\\/produktas\\\/60l-plastikine-statine-su-dangciu\\\/#primaryimage\"},\"image\":{\"@id\":\"https:\\\/\\\/enviteka.lt\\\/produktas\\\/60l-plastikine-statine-su-dangciu\\\/#primaryimage\"},\"thumbnailUrl\":\"https:\\\/\\\/enviteka.lt\\\/wp-content\\\/uploads\\\/2026\\\/03\\\/plastikine_tara_60l.jpg\",\"datePublished\":\"2026-03-21T11:53:35+00:00\",\"dateModified\":\"2026-03-21T11:54:48+00:00\",\"description\":\"Plastikin\u0117s statin\u0117s skys\u010diams \u2013 \u012fvair\u016bs dyd\u017eiai, saugus laikymas ir transportavimas. Voki\u0161ka kokyb\u0117, individual\u016bs sprendimai.\",\"breadcrumb\":{\"@id\":\"https:\\\/\\\/enviteka.lt\\\/produktas\\\/60l-plastikine-statine-su-dangciu\\\/#breadcrumb\"},\"inLanguage\":\"en-US\",\"potentialAction\":[{\"@type\":\"ReadAction\",\"target\":[\"https:\\\/\\\/enviteka.lt\\\/produktas\\\/60l-plastikine-statine-su-dangciu\\\/\"]}]},{\"@type\":\"ImageObject\",\"inLanguage\":\"en-US\",\"@id\":\"https:\\\/\\\/enviteka.lt\\\/produktas\\\/60l-plastikine-statine-su-dangciu\\\/#primaryimage\",\"url\":\"https:\\\/\\\/enviteka.lt\\\/wp-content\\\/uploads\\\/2026\\\/03\\\/plastikine_tara_60l.jpg\",\"contentUrl\":\"https:\\\/\\\/enviteka.lt\\\/wp-content\\\/uploads\\\/2026\\\/03\\\/plastikine_tara_60l.jpg\",\"width\":418,\"height\":274},{\"@type\":\"BreadcrumbList\",\"@id\":\"https:\\\/\\\/enviteka.lt\\\/produktas\\\/60l-plastikine-statine-su-dangciu\\\/#breadcrumb\",\"itemListElement\":[{\"@type\":\"ListItem\",\"position\":1,\"name\":\"Home\",\"item\":\"https:\\\/\\\/enviteka.lt\\\/\"},{\"@type\":\"ListItem\",\"position\":2,\"name\":\"Produktai\",\"item\":\"https:\\\/\\\/enviteka.lt\\\/produktai\\\/\"},{\"@type\":\"ListItem\",\"position\":3,\"name\":\"60L plastikin\u0117 statin\u0117 su dang\u010diu\"}]},{\"@type\":\"WebSite\",\"@id\":\"https:\\\/\\\/enviteka.lt\\\/#website\",\"url\":\"https:\\\/\\\/enviteka.lt\\\/\",\"name\":\"ENVITEKA\",\"description\":\"pramonin\u0117s \u012frangos tiek\u0117jas\",\"publisher\":{\"@id\":\"https:\\\/\\\/enviteka.lt\\\/#organization\"},\"potentialAction\":[{\"@type\":\"SearchAction\",\"target\":{\"@type\":\"EntryPoint\",\"urlTemplate\":\"https:\\\/\\\/enviteka.lt\\\/?s={search_term_string}\"},\"query-input\":{\"@type\":\"PropertyValueSpecification\",\"valueRequired\":true,\"valueName\":\"search_term_string\"}}],\"inLanguage\":\"en-US\"},{\"@type\":\"Organization\",\"@id\":\"https:\\\/\\\/enviteka.lt\\\/#organization\",\"name\":\"ENVITEKA\",\"url\":\"https:\\\/\\\/enviteka.lt\\\/\",\"logo\":{\"@type\":\"ImageObject\",\"inLanguage\":\"en-US\",\"@id\":\"https:\\\/\\\/enviteka.lt\\\/#\\\/schema\\\/logo\\\/image\\\/\",\"url\":\"https:\\\/\\\/enviteka.lt\\\/wp-content\\\/uploads\\\/2024\\\/10\\\/enviteka-high-resolution-logo-transparent-e1742852093377.png\",\"contentUrl\":\"https:\\\/\\\/enviteka.lt\\\/wp-content\\\/uploads\\\/2024\\\/10\\\/enviteka-high-resolution-logo-transparent-e1742852093377.png\",\"width\":424,\"height\":150,\"caption\":\"ENVITEKA\"},\"image\":{\"@id\":\"https:\\\/\\\/enviteka.lt\\\/#\\\/schema\\\/logo\\\/image\\\/\"}}]}<\/script>\n<!-- \/ Yoast SEO plugin. -->","yoast_head_json":{"title":"60L plastikin\u0117 statin\u0117 su dang\u010diu - ENVITEKA","description":"Plastikin\u0117s statin\u0117s skys\u010diams \u2013 \u012fvair\u016bs dyd\u017eiai, saugus laikymas ir transportavimas. Voki\u0161ka kokyb\u0117, individual\u016bs sprendimai.","robots":{"index":"index","follow":"follow","max-snippet":"max-snippet:-1","max-image-preview":"max-image-preview:large","max-video-preview":"max-video-preview:-1"},"canonical":"https:\/\/enviteka.lt\/en\/product\/60l-plastikine-statine-su-dangciu\/","og_locale":"en_US","og_type":"article","og_title":"60L plastikin\u0117 statin\u0117 su dang\u010diu - ENVITEKA","og_description":"Plastikin\u0117s statin\u0117s skys\u010diams \u2013 \u012fvair\u016bs dyd\u017eiai, saugus laikymas ir transportavimas. Voki\u0161ka kokyb\u0117, individual\u016bs sprendimai.","og_url":"https:\/\/enviteka.lt\/en\/product\/60l-plastikine-statine-su-dangciu\/","og_site_name":"ENVITEKA","article_modified_time":"2026-03-21T11:54:48+00:00","og_image":[{"width":418,"height":274,"url":"https:\/\/enviteka.lt\/wp-content\/uploads\/2026\/03\/plastikine_tara_60l.jpg","type":"image\/jpeg"}],"twitter_card":"summary_large_image","twitter_misc":{"Est. reading time":"1 minute"},"schema":{"@context":"https:\/\/schema.org","@graph":[{"@type":"WebPage","@id":"https:\/\/enviteka.lt\/produktas\/60l-plastikine-statine-su-dangciu\/","url":"https:\/\/enviteka.lt\/produktas\/60l-plastikine-statine-su-dangciu\/","name":"60L plastikin\u0117 statin\u0117 su dang\u010diu - ENVITEKA","isPartOf":{"@id":"https:\/\/enviteka.lt\/#website"},"primaryImageOfPage":{"@id":"https:\/\/enviteka.lt\/produktas\/60l-plastikine-statine-su-dangciu\/#primaryimage"},"image":{"@id":"https:\/\/enviteka.lt\/produktas\/60l-plastikine-statine-su-dangciu\/#primaryimage"},"thumbnailUrl":"https:\/\/enviteka.lt\/wp-content\/uploads\/2026\/03\/plastikine_tara_60l.jpg","datePublished":"2026-03-21T11:53:35+00:00","dateModified":"2026-03-21T11:54:48+00:00","description":"Plastikin\u0117s statin\u0117s skys\u010diams \u2013 \u012fvair\u016bs dyd\u017eiai, saugus laikymas ir transportavimas. Voki\u0161ka kokyb\u0117, individual\u016bs sprendimai.","breadcrumb":{"@id":"https:\/\/enviteka.lt\/produktas\/60l-plastikine-statine-su-dangciu\/#breadcrumb"},"inLanguage":"en-US","potentialAction":[{"@type":"ReadAction","target":["https:\/\/enviteka.lt\/produktas\/60l-plastikine-statine-su-dangciu\/"]}]},{"@type":"ImageObject","inLanguage":"en-US","@id":"https:\/\/enviteka.lt\/produktas\/60l-plastikine-statine-su-dangciu\/#primaryimage","url":"https:\/\/enviteka.lt\/wp-content\/uploads\/2026\/03\/plastikine_tara_60l.jpg","contentUrl":"https:\/\/enviteka.lt\/wp-content\/uploads\/2026\/03\/plastikine_tara_60l.jpg","width":418,"height":274},{"@type":"BreadcrumbList","@id":"https:\/\/enviteka.lt\/produktas\/60l-plastikine-statine-su-dangciu\/#breadcrumb","itemListElement":[{"@type":"ListItem","position":1,"name":"Home","item":"https:\/\/enviteka.lt\/"},{"@type":"ListItem","position":2,"name":"Produktai","item":"https:\/\/enviteka.lt\/produktai\/"},{"@type":"ListItem","position":3,"name":"60L plastikin\u0117 statin\u0117 su dang\u010diu"}]},{"@type":"WebSite","@id":"https:\/\/enviteka.lt\/#website","url":"https:\/\/enviteka.lt\/","name":"ENVITEKA","description":"pramonin\u0117s \u012frangos tiek\u0117jas","publisher":{"@id":"https:\/\/enviteka.lt\/#organization"},"potentialAction":[{"@type":"SearchAction","target":{"@type":"EntryPoint","urlTemplate":"https:\/\/enviteka.lt\/?s={search_term_string}"},"query-input":{"@type":"PropertyValueSpecification","valueRequired":true,"valueName":"search_term_string"}}],"inLanguage":"en-US"},{"@type":"Organization","@id":"https:\/\/enviteka.lt\/#organization","name":"ENVITEKA","url":"https:\/\/enviteka.lt\/","logo":{"@type":"ImageObject","inLanguage":"en-US","@id":"https:\/\/enviteka.lt\/#\/schema\/logo\/image\/","url":"https:\/\/enviteka.lt\/wp-content\/uploads\/2024\/10\/enviteka-high-resolution-logo-transparent-e1742852093377.png","contentUrl":"https:\/\/enviteka.lt\/wp-content\/uploads\/2024\/10\/enviteka-high-resolution-logo-transparent-e1742852093377.png","width":424,"height":150,"caption":"ENVITEKA"},"image":{"@id":"https:\/\/enviteka.lt\/#\/schema\/logo\/image\/"}}]}},"_links":{"self":[{"href":"https:\/\/enviteka.lt\/en\/wp-json\/wp\/v2\/product\/2634","targetHints":{"allow":["GET"]}}],"collection":[{"href":"https:\/\/enviteka.lt\/en\/wp-json\/wp\/v2\/product"}],"about":[{"href":"https:\/\/enviteka.lt\/en\/wp-json\/wp\/v2\/types\/product"}],"wp:featuredmedia":[{"embeddable":true,"href":"https:\/\/enviteka.lt\/en\/wp-json\/wp\/v2\/media\/2635"}],"wp:attachment":[{"href":"https:\/\/enviteka.lt\/en\/wp-json\/wp\/v2\/media?parent=2634"}],"wp:term":[{"taxonomy":"product_brand","embeddable":true,"href":"https:\/\/enviteka.lt\/en\/wp-json\/wp\/v2\/product_brand?post=2634"},{"taxonomy":"product_cat","embeddable":true,"href":"https:\/\/enviteka.lt\/en\/wp-json\/wp\/v2\/product_cat?post=2634"},{"taxonomy":"product_tag","embeddable":true,"href":"https:\/\/enviteka.lt\/en\/wp-json\/wp\/v2\/product_tag?post=2634"}],"curies":[{"name":"wp","href":"https:\/\/api.w.org\/{rel}","templated":true}]}}