{"id":2552,"date":"2026-03-14T07:23:15","date_gmt":"2026-03-14T07:23:15","guid":{"rendered":"https:\/\/enviteka.lt\/?post_type=product&#038;p=2552"},"modified":"2026-03-14T07:23:52","modified_gmt":"2026-03-14T07:23:52","slug":"sbr-guma-6mm-12x10m-juoda","status":"publish","type":"product","link":"https:\/\/enviteka.lt\/en\/product\/sbr-guma-6mm-12x10m-juoda\/","title":{"rendered":"SBR guma 6mm 1,2x10m juoda"},"content":{"rendered":"<p>SBR guma, skirta gumini\u0173 detali\u0173 gamybai, nejudam\u0173 sujungim\u0173 sandarinimui ir trinties tarp metalini\u0173 pavir\u0161i\u0173 ma\u017einimui. Stireno-butadieno (SBR) gumos lak\u0161tai pasi\u017eymi puikiu atsparumu dilimui ir gali atlaikyti dideles tempimo j\u0117gas.<\/p>\n<p data-start=\"25\" data-end=\"373\">SBR guma pramon\u0117je laikoma universalia (bendros paskirties) sintetine guma. Tai klasikin\u0117, lygaus pavir\u0161iaus guma, kuri yra vienas pagrindini\u0173 \u0161iuolaikin\u0117s gumos apdirbimo pramon\u0117s med\u017eiag\u0173. \u201eBendros paskirties gumos\u201c terminas puikiai apib\u016bdina jos universalum\u0105 ir plat\u0173 pritaikym\u0105 \u012fvairiose pramon\u0117s srityse bei kasdien\u0117se technin\u0117se aplikacijose.<\/p>\n<p data-start=\"25\" data-end=\"373\">M\u016bs\u0173 prekiaujami gumos lak\u0161tai\u00a0gaminami i\u0161 auk\u0161tos kokyb\u0117s stireno\u2013butadieno gumos. Asortimente jie tiekiami rulonais, kuri\u0173 storis svyruoja nuo 1 iki 10 mm, o standartinis plotis yra 1,2 m arba 1,4 m.<\/p>\n<p data-start=\"1050\" data-end=\"1522\">SBR gumos lak\u0161tai skirti naudoti neutralioje chemin\u0117je aplinkoje ir pla\u010diai taikomi beveik visose pramon\u0117s \u0161akose. Jie yra ekonomi\u0161ka alternatyva med\u017eiagoms, pasi\u017eymin\u010dioms didesniu atsparumu dilimui. Kadangi \u0161i guma yra neabsorbuojanti ir nehigroskopi\u0161ka, ji puikiai tinka statiniams sprendimams \u2013 tarpin\u0117ms, amortizatoriams, tarpin\u0117ms plok\u0161t\u0117ms, valytuvams, grandikliams, pl\u016bg\u0173 peiliams, taip pat apsauginiams elementams ir prijuost\u0117ms kasybos pramon\u0117je.<\/p>\n<table>\n<thead>\n<tr>\n<th>Parametras<\/th>\n<th>Reik\u0161m\u0117<\/th>\n<\/tr>\n<\/thead>\n<tbody>\n<tr>\n<td><strong>Simbolis<\/strong><\/td>\n<td>P-SX50150 5 1,4&#215;10<\/td>\n<\/tr>\n<tr>\n<td><strong>Gumos tipas<\/strong><\/td>\n<td>SBR<\/td>\n<\/tr>\n<tr>\n<td><strong>Storis<\/strong><\/td>\n<td>6 mm<\/td>\n<\/tr>\n<tr>\n<td><strong>Plotis<\/strong><\/td>\n<td>1,2 m<\/td>\n<\/tr>\n<tr>\n<td><strong>\u012ed\u0117klas<\/strong><\/td>\n<td>Be \u012fd\u0117klo<\/td>\n<\/tr>\n<tr>\n<td><strong>Kietumas<\/strong><\/td>\n<td>50 \u00b15 ShA<\/td>\n<\/tr>\n<tr>\n<td><strong>Atsparumas temperat\u016brai<\/strong><\/td>\n<td>nuo -30 \u00b0C iki +70 \u00b0C<\/td>\n<\/tr>\n<tr>\n<td><strong>Spalva<\/strong><\/td>\n<td>Juoda<\/td>\n<\/tr>\n<tr>\n<td><strong>Pavir\u0161iaus ra\u0161tas<\/strong><\/td>\n<td>Lygus<\/td>\n<\/tr>\n<\/tbody>\n<\/table>\n<p><strong>Susisiekite su mumis<\/strong> \u2013 pad\u0117sime i\u0161sirinkti tinkamiausi\u0105 variant\u0105 pagal j\u016bs\u0173 poreikius!<\/p>","protected":false},"excerpt":{"rendered":"<p>SBR guma, skirta gumini\u0173 detali\u0173 gamybai, nejudam\u0173 sujungim\u0173 sandarinimui ir trinties tarp metalini\u0173 pavir\u0161i\u0173 ma\u017einimui. Stireno-butadieno (SBR) gumos lak\u0161tai pasi\u017eymi [&hellip;]<\/p>","protected":false},"featured_media":2537,"template":"","meta":{"site-sidebar-layout":"default","site-content-layout":"","ast-site-content-layout":"default","site-content-style":"default","site-sidebar-style":"default","ast-global-header-display":"","ast-banner-title-visibility":"","ast-main-header-display":"","ast-hfb-above-header-display":"","ast-hfb-below-header-display":"","ast-hfb-mobile-header-display":"","site-post-title":"","ast-breadcrumbs-content":"","ast-featured-img":"","footer-sml-layout":"","ast-disable-related-posts":"","theme-transparent-header-meta":"default","adv-header-id-meta":"","stick-header-meta":"","header-above-stick-meta":"","header-main-stick-meta":"","header-below-stick-meta":"","astra-migrate-meta-layouts":"set","ast-page-background-enabled":"default","ast-page-background-meta":{"desktop":{"background-color":"var(--ast-global-color-4)","background-image":"","background-repeat":"repeat","background-position":"center center","background-size":"auto","background-attachment":"scroll","background-type":"","background-media":"","overlay-type":"","overlay-color":"","overlay-opacity":"","overlay-gradient":""},"tablet":{"background-color":"","background-image":"","background-repeat":"repeat","background-position":"center center","background-size":"auto","background-attachment":"scroll","background-type":"","background-media":"","overlay-type":"","overlay-color":"","overlay-opacity":"","overlay-gradient":""},"mobile":{"background-color":"","background-image":"","background-repeat":"repeat","background-position":"center center","background-size":"auto","background-attachment":"scroll","background-type":"","background-media":"","overlay-type":"","overlay-color":"","overlay-opacity":"","overlay-gradient":""}},"ast-content-background-meta":{"desktop":{"background-color":"var(--ast-global-color-5)","background-image":"","background-repeat":"repeat","background-position":"center center","background-size":"auto","background-attachment":"scroll","background-type":"","background-media":"","overlay-type":"","overlay-color":"","overlay-opacity":"","overlay-gradient":""},"tablet":{"background-color":"var(--ast-global-color-5)","background-image":"","background-repeat":"repeat","background-position":"center center","background-size":"auto","background-attachment":"scroll","background-type":"","background-media":"","overlay-type":"","overlay-color":"","overlay-opacity":"","overlay-gradient":""},"mobile":{"background-color":"var(--ast-global-color-5)","background-image":"","background-repeat":"repeat","background-position":"center center","background-size":"auto","background-attachment":"scroll","background-type":"","background-media":"","overlay-type":"","overlay-color":"","overlay-opacity":"","overlay-gradient":""}}},"product_brand":[],"product_cat":[32,75],"product_tag":[],"class_list":{"0":"post-2552","1":"product","2":"type-product","3":"status-publish","4":"has-post-thumbnail","6":"product_cat-pramonine-guma","7":"product_cat-sbr-guma","8":"desktop-align-left","9":"tablet-align-left","10":"mobile-align-left","12":"first","13":"instock","14":"shipping-taxable","15":"purchasable","16":"product-type-simple"},"yoast_head":"<!-- This site is optimized with the Yoast SEO plugin v27.5 - https:\/\/yoast.com\/product\/yoast-seo-wordpress\/ -->\n<title>SBR guma 6mm 1,2x10m juoda - ENVITEKA<\/title>\n<meta name=\"description\" content=\"SBR gumos lak\u0161tai \u2013 universali sintetin\u0117 guma pramonei. Tinka sandarinimui, apsaugai nuo dilimo, antivibracin\u0117ms ir neslid\u017eioms dangoms \u012fvairiose srityse.\" \/>\n<meta name=\"robots\" content=\"index, follow, max-snippet:-1, max-image-preview:large, max-video-preview:-1\" \/>\n<link rel=\"canonical\" href=\"https:\/\/enviteka.lt\/en\/product\/sbr-guma-6mm-12x10m-juoda\/\" \/>\n<meta property=\"og:locale\" content=\"en_US\" \/>\n<meta property=\"og:type\" content=\"article\" \/>\n<meta property=\"og:title\" content=\"SBR guma 6mm 1,2x10m juoda - ENVITEKA\" \/>\n<meta property=\"og:description\" content=\"SBR gumos lak\u0161tai \u2013 universali sintetin\u0117 guma pramonei. Tinka sandarinimui, apsaugai nuo dilimo, antivibracin\u0117ms ir neslid\u017eioms dangoms \u012fvairiose srityse.\" \/>\n<meta property=\"og:url\" content=\"https:\/\/enviteka.lt\/en\/product\/sbr-guma-6mm-12x10m-juoda\/\" \/>\n<meta property=\"og:site_name\" content=\"ENVITEKA\" \/>\n<meta property=\"article:modified_time\" content=\"2026-03-14T07:23:52+00:00\" \/>\n<meta property=\"og:image\" content=\"https:\/\/enviteka.lt\/wp-content\/uploads\/2026\/03\/SBR_GUMA_ENVITEKA.jpg\" \/>\n\t<meta property=\"og:image:width\" content=\"849\" \/>\n\t<meta property=\"og:image:height\" content=\"576\" \/>\n\t<meta property=\"og:image:type\" content=\"image\/jpeg\" \/>\n<meta name=\"twitter:card\" content=\"summary_large_image\" \/>\n<meta name=\"twitter:label1\" content=\"Est. reading time\" \/>\n\t<meta name=\"twitter:data1\" content=\"2 minutes\" \/>\n<script type=\"application\/ld+json\" class=\"yoast-schema-graph\">{\"@context\":\"https:\\\/\\\/schema.org\",\"@graph\":[{\"@type\":\"WebPage\",\"@id\":\"https:\\\/\\\/enviteka.lt\\\/produktas\\\/sbr-guma-6mm-12x10m-juoda\\\/\",\"url\":\"https:\\\/\\\/enviteka.lt\\\/produktas\\\/sbr-guma-6mm-12x10m-juoda\\\/\",\"name\":\"SBR guma 6mm 1,2x10m juoda - ENVITEKA\",\"isPartOf\":{\"@id\":\"https:\\\/\\\/enviteka.lt\\\/#website\"},\"primaryImageOfPage\":{\"@id\":\"https:\\\/\\\/enviteka.lt\\\/produktas\\\/sbr-guma-6mm-12x10m-juoda\\\/#primaryimage\"},\"image\":{\"@id\":\"https:\\\/\\\/enviteka.lt\\\/produktas\\\/sbr-guma-6mm-12x10m-juoda\\\/#primaryimage\"},\"thumbnailUrl\":\"https:\\\/\\\/enviteka.lt\\\/wp-content\\\/uploads\\\/2026\\\/03\\\/SBR_GUMA_ENVITEKA.jpg\",\"datePublished\":\"2026-03-14T07:23:15+00:00\",\"dateModified\":\"2026-03-14T07:23:52+00:00\",\"description\":\"SBR gumos lak\u0161tai \u2013 universali sintetin\u0117 guma pramonei. Tinka sandarinimui, apsaugai nuo dilimo, antivibracin\u0117ms ir neslid\u017eioms dangoms \u012fvairiose srityse.\",\"breadcrumb\":{\"@id\":\"https:\\\/\\\/enviteka.lt\\\/produktas\\\/sbr-guma-6mm-12x10m-juoda\\\/#breadcrumb\"},\"inLanguage\":\"en-US\",\"potentialAction\":[{\"@type\":\"ReadAction\",\"target\":[\"https:\\\/\\\/enviteka.lt\\\/produktas\\\/sbr-guma-6mm-12x10m-juoda\\\/\"]}]},{\"@type\":\"ImageObject\",\"inLanguage\":\"en-US\",\"@id\":\"https:\\\/\\\/enviteka.lt\\\/produktas\\\/sbr-guma-6mm-12x10m-juoda\\\/#primaryimage\",\"url\":\"https:\\\/\\\/enviteka.lt\\\/wp-content\\\/uploads\\\/2026\\\/03\\\/SBR_GUMA_ENVITEKA.jpg\",\"contentUrl\":\"https:\\\/\\\/enviteka.lt\\\/wp-content\\\/uploads\\\/2026\\\/03\\\/SBR_GUMA_ENVITEKA.jpg\",\"width\":849,\"height\":576},{\"@type\":\"BreadcrumbList\",\"@id\":\"https:\\\/\\\/enviteka.lt\\\/produktas\\\/sbr-guma-6mm-12x10m-juoda\\\/#breadcrumb\",\"itemListElement\":[{\"@type\":\"ListItem\",\"position\":1,\"name\":\"Home\",\"item\":\"https:\\\/\\\/enviteka.lt\\\/\"},{\"@type\":\"ListItem\",\"position\":2,\"name\":\"Produktai\",\"item\":\"https:\\\/\\\/enviteka.lt\\\/produktai\\\/\"},{\"@type\":\"ListItem\",\"position\":3,\"name\":\"SBR guma 6mm 1,2x10m juoda\"}]},{\"@type\":\"WebSite\",\"@id\":\"https:\\\/\\\/enviteka.lt\\\/#website\",\"url\":\"https:\\\/\\\/enviteka.lt\\\/\",\"name\":\"ENVITEKA\",\"description\":\"pramonin\u0117s \u012frangos tiek\u0117jas\",\"publisher\":{\"@id\":\"https:\\\/\\\/enviteka.lt\\\/#organization\"},\"potentialAction\":[{\"@type\":\"SearchAction\",\"target\":{\"@type\":\"EntryPoint\",\"urlTemplate\":\"https:\\\/\\\/enviteka.lt\\\/?s={search_term_string}\"},\"query-input\":{\"@type\":\"PropertyValueSpecification\",\"valueRequired\":true,\"valueName\":\"search_term_string\"}}],\"inLanguage\":\"en-US\"},{\"@type\":\"Organization\",\"@id\":\"https:\\\/\\\/enviteka.lt\\\/#organization\",\"name\":\"ENVITEKA\",\"url\":\"https:\\\/\\\/enviteka.lt\\\/\",\"logo\":{\"@type\":\"ImageObject\",\"inLanguage\":\"en-US\",\"@id\":\"https:\\\/\\\/enviteka.lt\\\/#\\\/schema\\\/logo\\\/image\\\/\",\"url\":\"https:\\\/\\\/enviteka.lt\\\/wp-content\\\/uploads\\\/2024\\\/10\\\/enviteka-high-resolution-logo-transparent-e1742852093377.png\",\"contentUrl\":\"https:\\\/\\\/enviteka.lt\\\/wp-content\\\/uploads\\\/2024\\\/10\\\/enviteka-high-resolution-logo-transparent-e1742852093377.png\",\"width\":424,\"height\":150,\"caption\":\"ENVITEKA\"},\"image\":{\"@id\":\"https:\\\/\\\/enviteka.lt\\\/#\\\/schema\\\/logo\\\/image\\\/\"}}]}<\/script>\n<!-- \/ Yoast SEO plugin. -->","yoast_head_json":{"title":"SBR guma 6mm 1,2x10m juoda - ENVITEKA","description":"SBR gumos lak\u0161tai \u2013 universali sintetin\u0117 guma pramonei. Tinka sandarinimui, apsaugai nuo dilimo, antivibracin\u0117ms ir neslid\u017eioms dangoms \u012fvairiose srityse.","robots":{"index":"index","follow":"follow","max-snippet":"max-snippet:-1","max-image-preview":"max-image-preview:large","max-video-preview":"max-video-preview:-1"},"canonical":"https:\/\/enviteka.lt\/en\/product\/sbr-guma-6mm-12x10m-juoda\/","og_locale":"en_US","og_type":"article","og_title":"SBR guma 6mm 1,2x10m juoda - ENVITEKA","og_description":"SBR gumos lak\u0161tai \u2013 universali sintetin\u0117 guma pramonei. Tinka sandarinimui, apsaugai nuo dilimo, antivibracin\u0117ms ir neslid\u017eioms dangoms \u012fvairiose srityse.","og_url":"https:\/\/enviteka.lt\/en\/product\/sbr-guma-6mm-12x10m-juoda\/","og_site_name":"ENVITEKA","article_modified_time":"2026-03-14T07:23:52+00:00","og_image":[{"width":849,"height":576,"url":"https:\/\/enviteka.lt\/wp-content\/uploads\/2026\/03\/SBR_GUMA_ENVITEKA.jpg","type":"image\/jpeg"}],"twitter_card":"summary_large_image","twitter_misc":{"Est. reading time":"2 minutes"},"schema":{"@context":"https:\/\/schema.org","@graph":[{"@type":"WebPage","@id":"https:\/\/enviteka.lt\/produktas\/sbr-guma-6mm-12x10m-juoda\/","url":"https:\/\/enviteka.lt\/produktas\/sbr-guma-6mm-12x10m-juoda\/","name":"SBR guma 6mm 1,2x10m juoda - ENVITEKA","isPartOf":{"@id":"https:\/\/enviteka.lt\/#website"},"primaryImageOfPage":{"@id":"https:\/\/enviteka.lt\/produktas\/sbr-guma-6mm-12x10m-juoda\/#primaryimage"},"image":{"@id":"https:\/\/enviteka.lt\/produktas\/sbr-guma-6mm-12x10m-juoda\/#primaryimage"},"thumbnailUrl":"https:\/\/enviteka.lt\/wp-content\/uploads\/2026\/03\/SBR_GUMA_ENVITEKA.jpg","datePublished":"2026-03-14T07:23:15+00:00","dateModified":"2026-03-14T07:23:52+00:00","description":"SBR gumos lak\u0161tai \u2013 universali sintetin\u0117 guma pramonei. Tinka sandarinimui, apsaugai nuo dilimo, antivibracin\u0117ms ir neslid\u017eioms dangoms \u012fvairiose srityse.","breadcrumb":{"@id":"https:\/\/enviteka.lt\/produktas\/sbr-guma-6mm-12x10m-juoda\/#breadcrumb"},"inLanguage":"en-US","potentialAction":[{"@type":"ReadAction","target":["https:\/\/enviteka.lt\/produktas\/sbr-guma-6mm-12x10m-juoda\/"]}]},{"@type":"ImageObject","inLanguage":"en-US","@id":"https:\/\/enviteka.lt\/produktas\/sbr-guma-6mm-12x10m-juoda\/#primaryimage","url":"https:\/\/enviteka.lt\/wp-content\/uploads\/2026\/03\/SBR_GUMA_ENVITEKA.jpg","contentUrl":"https:\/\/enviteka.lt\/wp-content\/uploads\/2026\/03\/SBR_GUMA_ENVITEKA.jpg","width":849,"height":576},{"@type":"BreadcrumbList","@id":"https:\/\/enviteka.lt\/produktas\/sbr-guma-6mm-12x10m-juoda\/#breadcrumb","itemListElement":[{"@type":"ListItem","position":1,"name":"Home","item":"https:\/\/enviteka.lt\/"},{"@type":"ListItem","position":2,"name":"Produktai","item":"https:\/\/enviteka.lt\/produktai\/"},{"@type":"ListItem","position":3,"name":"SBR guma 6mm 1,2x10m juoda"}]},{"@type":"WebSite","@id":"https:\/\/enviteka.lt\/#website","url":"https:\/\/enviteka.lt\/","name":"ENVITEKA","description":"pramonin\u0117s \u012frangos tiek\u0117jas","publisher":{"@id":"https:\/\/enviteka.lt\/#organization"},"potentialAction":[{"@type":"SearchAction","target":{"@type":"EntryPoint","urlTemplate":"https:\/\/enviteka.lt\/?s={search_term_string}"},"query-input":{"@type":"PropertyValueSpecification","valueRequired":true,"valueName":"search_term_string"}}],"inLanguage":"en-US"},{"@type":"Organization","@id":"https:\/\/enviteka.lt\/#organization","name":"ENVITEKA","url":"https:\/\/enviteka.lt\/","logo":{"@type":"ImageObject","inLanguage":"en-US","@id":"https:\/\/enviteka.lt\/#\/schema\/logo\/image\/","url":"https:\/\/enviteka.lt\/wp-content\/uploads\/2024\/10\/enviteka-high-resolution-logo-transparent-e1742852093377.png","contentUrl":"https:\/\/enviteka.lt\/wp-content\/uploads\/2024\/10\/enviteka-high-resolution-logo-transparent-e1742852093377.png","width":424,"height":150,"caption":"ENVITEKA"},"image":{"@id":"https:\/\/enviteka.lt\/#\/schema\/logo\/image\/"}}]}},"_links":{"self":[{"href":"https:\/\/enviteka.lt\/en\/wp-json\/wp\/v2\/product\/2552","targetHints":{"allow":["GET"]}}],"collection":[{"href":"https:\/\/enviteka.lt\/en\/wp-json\/wp\/v2\/product"}],"about":[{"href":"https:\/\/enviteka.lt\/en\/wp-json\/wp\/v2\/types\/product"}],"wp:featuredmedia":[{"embeddable":true,"href":"https:\/\/enviteka.lt\/en\/wp-json\/wp\/v2\/media\/2537"}],"wp:attachment":[{"href":"https:\/\/enviteka.lt\/en\/wp-json\/wp\/v2\/media?parent=2552"}],"wp:term":[{"taxonomy":"product_brand","embeddable":true,"href":"https:\/\/enviteka.lt\/en\/wp-json\/wp\/v2\/product_brand?post=2552"},{"taxonomy":"product_cat","embeddable":true,"href":"https:\/\/enviteka.lt\/en\/wp-json\/wp\/v2\/product_cat?post=2552"},{"taxonomy":"product_tag","embeddable":true,"href":"https:\/\/enviteka.lt\/en\/wp-json\/wp\/v2\/product_tag?post=2552"}],"curies":[{"name":"wp","href":"https:\/\/api.w.org\/{rel}","templated":true}]}}