{"id":2480,"date":"2026-02-23T18:11:06","date_gmt":"2026-02-23T18:11:06","guid":{"rendered":"https:\/\/enviteka.lt\/?post_type=product&#038;p=2480"},"modified":"2026-02-23T18:16:24","modified_gmt":"2026-02-23T18:16:24","slug":"melt-blown-vandens-filtrai","status":"publish","type":"product","link":"https:\/\/enviteka.lt\/en\/product\/melt-blown-vandens-filtrai\/","title":{"rendered":"Melt Blown vandens filtrai"},"content":{"rendered":"<p data-start=\"169\" data-end=\"411\">\u0160ie filtrai, pagaminti terminiu b\u016bdu, d\u0117l homogeni\u0161kos strukt\u016bros pasi\u017eymi ma\u017eais sl\u0117gio nuostoliais ir dideliu efektyvumu. Jie saugiai naudojami daugelyje pramon\u0117s sri\u010di\u0173, \u012fskaitant chemijos, maisto, farmacijos ir vandens valymo sektorius.<\/p>\n<p data-start=\"413\" data-end=\"592\">Melt Blown filtrai gaminami skirting\u0173 mikron\u0173 diapazonuose, tod\u0117l lengvai pritaikomi pagal proceso poreikius. Patvar\u016bs ir ilgaam\u017eiai, jie padeda suma\u017einti eksploatacijos ka\u0161tus.<\/p>\n<p><strong data-start=\"296\" data-end=\"330\">PP Mikropluo\u0161to Filtro Kaset\u0117s:<\/strong><\/p>\n<p><strong data-start=\"336\" data-end=\"360\">Filtravimo med\u017eiaga:<\/strong> PP mikropluo\u0161tas<\/p>\n<p><strong data-start=\"382\" data-end=\"402\">Mikrono dyd\u017eiai:<\/strong> 1, 5, 10, 15, 20, 40, 70, 100 \u03bcm<\/p>\n<p><strong data-start=\"440\" data-end=\"453\">Matmenys:<\/strong><\/p>\n<p>I\u0161orinis skersmuo: 152 mm<\/p>\n<p>Vidinis skersmuo: 89 mm<\/p>\n<p>Ilgis: 20&#8221;, 40&#8221;, 60&#8221;<\/p>\n<p>Dangtelio skersmuo: 165 mm<\/p>\n<p><strong data-start=\"583\" data-end=\"617\">Maksimali darbin\u0117 temperat\u016bra:<\/strong><\/p>\n<p>Stiklo pluo\u0161to membrana: 121 \u00b0C<\/p>\n<p>PP membrana: 82 \u00b0C<\/p>\n<p><strong data-start=\"685\" data-end=\"716\">Maksimalus darbinis sl\u0117gis:<\/strong> 0,34 MPa<\/p>\n<p><strong data-start=\"730\" data-end=\"752\">Pavir\u0161iaus plotas:<\/strong><\/p>\n<p>20\u2019\u2019 filtras: 2,2 m\u00b2<\/p>\n<p>40\u2019\u2019 filtras: 4,6 m\u00b2<\/p>\n<p>60\u2019\u2019 filtras: 6,8 m\u00b2<\/p>\n<p><strong data-start=\"838\" data-end=\"861\">Maksimalus srautas:<\/strong><\/p>\n<p>20\u2019\u2019 elementas: iki 20 m\u00b3\/h<\/p>\n<p>40\u2019\u2019 elementas: iki 40 m\u00b3\/h<\/p>\n<p>60\u2019\u2019 elementas: iki 60 m\u00b3\/h<\/p>\n<p><strong data-start=\"976\" data-end=\"1004\">High Flow Filtro Kaset\u0117s:<\/strong><\/p>\n<p data-start=\"1010\" data-end=\"1036\"><strong data-start=\"1010\" data-end=\"1034\">Filtravimo med\u017eiaga:<\/strong><\/p>\n<p data-start=\"1041\" data-end=\"1057\">Polipropilenas<\/p>\n<p data-start=\"1062\" data-end=\"1089\">Hidrofobin\u0117 PTFE membrana<\/p>\n<p data-start=\"1094\" data-end=\"1111\">Stiklo pluo\u0161tas<\/p>\n<p data-start=\"1116\" data-end=\"1151\">Polivinilideno difluoridas (PVDF)<\/p>\n<p data-start=\"1156\" data-end=\"1186\">Hidrofobin\u0117 nailono membrana<\/p>\n<p data-start=\"1189\" data-end=\"1254\"><strong data-start=\"1189\" data-end=\"1209\">Mikrono dyd\u017eiai:<\/strong> 0,11; 0,22; 0,45; 0,65; 1; 3; 5; 10; 20 \u03bcm<\/p>\n<p data-start=\"1257\" data-end=\"1272\"><strong data-start=\"1257\" data-end=\"1270\">Matmenys:<\/strong><\/p>\n<p data-start=\"1277\" data-end=\"1303\">I\u0161orinis skersmuo: 69 mm<\/p>\n<p data-start=\"1308\" data-end=\"1333\">Vidinis skersmuo: 32 mm<\/p>\n<p data-start=\"1338\" data-end=\"1368\">Ilgis: 5&#8221;, 10&#8221;, 20&#8221;, 40&#8221;<\/p>\n<p data-start=\"1371\" data-end=\"1407\"><strong data-start=\"1371\" data-end=\"1405\">Maksimali darbin\u0117 temperat\u016bra:<\/strong><\/p>\n<p data-start=\"1412\" data-end=\"1435\">Polipropilenas: 80 \u00b0C<\/p>\n<p data-start=\"1440\" data-end=\"1474\">Hidrofobin\u0117 PTFE membrana: 90 \u00b0C<\/p>\n<p data-start=\"1479\" data-end=\"1503\">Stiklo pluo\u0161tas: 85 \u00b0C<\/p>\n<p data-start=\"1508\" data-end=\"1521\">PVDF: 80 \u00b0C<\/p>\n<p data-start=\"1526\" data-end=\"1563\">Hidrofobin\u0117 nailono membrana: 80 \u00b0C<\/p>\n<p data-start=\"1566\" data-end=\"1618\"><strong data-start=\"1566\" data-end=\"1588\">Pavir\u0161iaus plotas:<\/strong> 0,65 m\u00b2 vienam 10\u2019\u2019 filtrui<\/p>\n<p><strong data-start=\"752\" data-end=\"776\">Susisiekite su mumis<\/strong> ir mes pad\u0117sime rasti geriausi\u0105 sprendim\u0105 j\u016bs\u0173 poreikiams!<\/p>","protected":false},"excerpt":{"rendered":"<p>\u0160ie filtrai, pagaminti terminiu b\u016bdu, d\u0117l homogeni\u0161kos strukt\u016bros pasi\u017eymi ma\u017eais sl\u0117gio nuostoliais ir dideliu efektyvumu. Jie saugiai naudojami daugelyje pramon\u0117s [&hellip;]<\/p>","protected":false},"featured_media":2482,"template":"","meta":{"site-sidebar-layout":"default","site-content-layout":"","ast-site-content-layout":"default","site-content-style":"default","site-sidebar-style":"default","ast-global-header-display":"","ast-banner-title-visibility":"","ast-main-header-display":"","ast-hfb-above-header-display":"","ast-hfb-below-header-display":"","ast-hfb-mobile-header-display":"","site-post-title":"","ast-breadcrumbs-content":"","ast-featured-img":"","footer-sml-layout":"","ast-disable-related-posts":"","theme-transparent-header-meta":"default","adv-header-id-meta":"","stick-header-meta":"","header-above-stick-meta":"","header-main-stick-meta":"","header-below-stick-meta":"","astra-migrate-meta-layouts":"set","ast-page-background-enabled":"default","ast-page-background-meta":{"desktop":{"background-color":"var(--ast-global-color-4)","background-image":"","background-repeat":"repeat","background-position":"center center","background-size":"auto","background-attachment":"scroll","background-type":"","background-media":"","overlay-type":"","overlay-color":"","overlay-opacity":"","overlay-gradient":""},"tablet":{"background-color":"","background-image":"","background-repeat":"repeat","background-position":"center center","background-size":"auto","background-attachment":"scroll","background-type":"","background-media":"","overlay-type":"","overlay-color":"","overlay-opacity":"","overlay-gradient":""},"mobile":{"background-color":"","background-image":"","background-repeat":"repeat","background-position":"center center","background-size":"auto","background-attachment":"scroll","background-type":"","background-media":"","overlay-type":"","overlay-color":"","overlay-opacity":"","overlay-gradient":""}},"ast-content-background-meta":{"desktop":{"background-color":"var(--ast-global-color-5)","background-image":"","background-repeat":"repeat","background-position":"center center","background-size":"auto","background-attachment":"scroll","background-type":"","background-media":"","overlay-type":"","overlay-color":"","overlay-opacity":"","overlay-gradient":""},"tablet":{"background-color":"var(--ast-global-color-5)","background-image":"","background-repeat":"repeat","background-position":"center center","background-size":"auto","background-attachment":"scroll","background-type":"","background-media":"","overlay-type":"","overlay-color":"","overlay-opacity":"","overlay-gradient":""},"mobile":{"background-color":"var(--ast-global-color-5)","background-image":"","background-repeat":"repeat","background-position":"center center","background-size":"auto","background-attachment":"scroll","background-type":"","background-media":"","overlay-type":"","overlay-color":"","overlay-opacity":"","overlay-gradient":""}}},"product_brand":[],"product_cat":[33,148],"product_tag":[],"class_list":{"0":"post-2480","1":"product","2":"type-product","3":"status-publish","4":"has-post-thumbnail","6":"product_cat-filtrai","7":"product_cat-pramoniniai-vandens-filtrai","8":"desktop-align-left","9":"tablet-align-left","10":"mobile-align-left","12":"first","13":"instock","14":"shipping-taxable","15":"product-type-simple"},"yoast_head":"<!-- This site is optimized with the Yoast SEO plugin v27.5 - https:\/\/yoast.com\/product\/yoast-seo-wordpress\/ -->\n<title>Melt Blown vandens filtrai - ENVITEKA<\/title>\n<meta name=\"description\" content=\"Atraskite auk\u0161tos kokyb\u0117s filtrus, kurie u\u017etikrina efektyv\u0173 dulki\u0173 sulaikym\u0105 pramonin\u0117se sistemose. Pasirinkite patikimum\u0105 \u0161iandien!\" \/>\n<meta name=\"robots\" content=\"index, follow, max-snippet:-1, max-image-preview:large, max-video-preview:-1\" \/>\n<link rel=\"canonical\" href=\"https:\/\/enviteka.lt\/en\/product\/melt-blown-vandens-filtrai\/\" \/>\n<meta property=\"og:locale\" content=\"en_US\" \/>\n<meta property=\"og:type\" content=\"article\" \/>\n<meta property=\"og:title\" content=\"Melt Blown vandens filtrai - ENVITEKA\" \/>\n<meta property=\"og:description\" content=\"Atraskite auk\u0161tos kokyb\u0117s filtrus, kurie u\u017etikrina efektyv\u0173 dulki\u0173 sulaikym\u0105 pramonin\u0117se sistemose. Pasirinkite patikimum\u0105 \u0161iandien!\" \/>\n<meta property=\"og:url\" content=\"https:\/\/enviteka.lt\/en\/product\/melt-blown-vandens-filtrai\/\" \/>\n<meta property=\"og:site_name\" content=\"ENVITEKA\" \/>\n<meta property=\"article:modified_time\" content=\"2026-02-23T18:16:24+00:00\" \/>\n<meta property=\"og:image\" content=\"https:\/\/enviteka.lt\/wp-content\/uploads\/2026\/02\/vandens_filtrai.jpg\" \/>\n\t<meta property=\"og:image:width\" content=\"482\" \/>\n\t<meta property=\"og:image:height\" content=\"581\" \/>\n\t<meta property=\"og:image:type\" content=\"image\/jpeg\" \/>\n<meta name=\"twitter:card\" content=\"summary_large_image\" \/>\n<meta name=\"twitter:label1\" content=\"Est. reading time\" \/>\n\t<meta name=\"twitter:data1\" content=\"2 minutes\" \/>\n<script type=\"application\/ld+json\" class=\"yoast-schema-graph\">{\"@context\":\"https:\\\/\\\/schema.org\",\"@graph\":[{\"@type\":\"WebPage\",\"@id\":\"https:\\\/\\\/enviteka.lt\\\/produktas\\\/melt-blown-vandens-filtrai\\\/\",\"url\":\"https:\\\/\\\/enviteka.lt\\\/produktas\\\/melt-blown-vandens-filtrai\\\/\",\"name\":\"Melt Blown vandens filtrai - ENVITEKA\",\"isPartOf\":{\"@id\":\"https:\\\/\\\/enviteka.lt\\\/#website\"},\"primaryImageOfPage\":{\"@id\":\"https:\\\/\\\/enviteka.lt\\\/produktas\\\/melt-blown-vandens-filtrai\\\/#primaryimage\"},\"image\":{\"@id\":\"https:\\\/\\\/enviteka.lt\\\/produktas\\\/melt-blown-vandens-filtrai\\\/#primaryimage\"},\"thumbnailUrl\":\"https:\\\/\\\/enviteka.lt\\\/wp-content\\\/uploads\\\/2026\\\/02\\\/vandens_filtrai.jpg\",\"datePublished\":\"2026-02-23T18:11:06+00:00\",\"dateModified\":\"2026-02-23T18:16:24+00:00\",\"description\":\"Atraskite auk\u0161tos kokyb\u0117s filtrus, kurie u\u017etikrina efektyv\u0173 dulki\u0173 sulaikym\u0105 pramonin\u0117se sistemose. Pasirinkite patikimum\u0105 \u0161iandien!\",\"breadcrumb\":{\"@id\":\"https:\\\/\\\/enviteka.lt\\\/produktas\\\/melt-blown-vandens-filtrai\\\/#breadcrumb\"},\"inLanguage\":\"en-US\",\"potentialAction\":[{\"@type\":\"ReadAction\",\"target\":[\"https:\\\/\\\/enviteka.lt\\\/produktas\\\/melt-blown-vandens-filtrai\\\/\"]}]},{\"@type\":\"ImageObject\",\"inLanguage\":\"en-US\",\"@id\":\"https:\\\/\\\/enviteka.lt\\\/produktas\\\/melt-blown-vandens-filtrai\\\/#primaryimage\",\"url\":\"https:\\\/\\\/enviteka.lt\\\/wp-content\\\/uploads\\\/2026\\\/02\\\/vandens_filtrai.jpg\",\"contentUrl\":\"https:\\\/\\\/enviteka.lt\\\/wp-content\\\/uploads\\\/2026\\\/02\\\/vandens_filtrai.jpg\",\"width\":482,\"height\":581},{\"@type\":\"BreadcrumbList\",\"@id\":\"https:\\\/\\\/enviteka.lt\\\/produktas\\\/melt-blown-vandens-filtrai\\\/#breadcrumb\",\"itemListElement\":[{\"@type\":\"ListItem\",\"position\":1,\"name\":\"Home\",\"item\":\"https:\\\/\\\/enviteka.lt\\\/\"},{\"@type\":\"ListItem\",\"position\":2,\"name\":\"Produktai\",\"item\":\"https:\\\/\\\/enviteka.lt\\\/produktai\\\/\"},{\"@type\":\"ListItem\",\"position\":3,\"name\":\"Melt Blown vandens filtrai\"}]},{\"@type\":\"WebSite\",\"@id\":\"https:\\\/\\\/enviteka.lt\\\/#website\",\"url\":\"https:\\\/\\\/enviteka.lt\\\/\",\"name\":\"ENVITEKA\",\"description\":\"pramonin\u0117s \u012frangos tiek\u0117jas\",\"publisher\":{\"@id\":\"https:\\\/\\\/enviteka.lt\\\/#organization\"},\"potentialAction\":[{\"@type\":\"SearchAction\",\"target\":{\"@type\":\"EntryPoint\",\"urlTemplate\":\"https:\\\/\\\/enviteka.lt\\\/?s={search_term_string}\"},\"query-input\":{\"@type\":\"PropertyValueSpecification\",\"valueRequired\":true,\"valueName\":\"search_term_string\"}}],\"inLanguage\":\"en-US\"},{\"@type\":\"Organization\",\"@id\":\"https:\\\/\\\/enviteka.lt\\\/#organization\",\"name\":\"ENVITEKA\",\"url\":\"https:\\\/\\\/enviteka.lt\\\/\",\"logo\":{\"@type\":\"ImageObject\",\"inLanguage\":\"en-US\",\"@id\":\"https:\\\/\\\/enviteka.lt\\\/#\\\/schema\\\/logo\\\/image\\\/\",\"url\":\"https:\\\/\\\/enviteka.lt\\\/wp-content\\\/uploads\\\/2024\\\/10\\\/enviteka-high-resolution-logo-transparent-e1742852093377.png\",\"contentUrl\":\"https:\\\/\\\/enviteka.lt\\\/wp-content\\\/uploads\\\/2024\\\/10\\\/enviteka-high-resolution-logo-transparent-e1742852093377.png\",\"width\":424,\"height\":150,\"caption\":\"ENVITEKA\"},\"image\":{\"@id\":\"https:\\\/\\\/enviteka.lt\\\/#\\\/schema\\\/logo\\\/image\\\/\"}}]}<\/script>\n<!-- \/ Yoast SEO plugin. -->","yoast_head_json":{"title":"Melt Blown vandens filtrai - ENVITEKA","description":"Atraskite auk\u0161tos kokyb\u0117s filtrus, kurie u\u017etikrina efektyv\u0173 dulki\u0173 sulaikym\u0105 pramonin\u0117se sistemose. Pasirinkite patikimum\u0105 \u0161iandien!","robots":{"index":"index","follow":"follow","max-snippet":"max-snippet:-1","max-image-preview":"max-image-preview:large","max-video-preview":"max-video-preview:-1"},"canonical":"https:\/\/enviteka.lt\/en\/product\/melt-blown-vandens-filtrai\/","og_locale":"en_US","og_type":"article","og_title":"Melt Blown vandens filtrai - ENVITEKA","og_description":"Atraskite auk\u0161tos kokyb\u0117s filtrus, kurie u\u017etikrina efektyv\u0173 dulki\u0173 sulaikym\u0105 pramonin\u0117se sistemose. Pasirinkite patikimum\u0105 \u0161iandien!","og_url":"https:\/\/enviteka.lt\/en\/product\/melt-blown-vandens-filtrai\/","og_site_name":"ENVITEKA","article_modified_time":"2026-02-23T18:16:24+00:00","og_image":[{"width":482,"height":581,"url":"https:\/\/enviteka.lt\/wp-content\/uploads\/2026\/02\/vandens_filtrai.jpg","type":"image\/jpeg"}],"twitter_card":"summary_large_image","twitter_misc":{"Est. reading time":"2 minutes"},"schema":{"@context":"https:\/\/schema.org","@graph":[{"@type":"WebPage","@id":"https:\/\/enviteka.lt\/produktas\/melt-blown-vandens-filtrai\/","url":"https:\/\/enviteka.lt\/produktas\/melt-blown-vandens-filtrai\/","name":"Melt Blown vandens filtrai - ENVITEKA","isPartOf":{"@id":"https:\/\/enviteka.lt\/#website"},"primaryImageOfPage":{"@id":"https:\/\/enviteka.lt\/produktas\/melt-blown-vandens-filtrai\/#primaryimage"},"image":{"@id":"https:\/\/enviteka.lt\/produktas\/melt-blown-vandens-filtrai\/#primaryimage"},"thumbnailUrl":"https:\/\/enviteka.lt\/wp-content\/uploads\/2026\/02\/vandens_filtrai.jpg","datePublished":"2026-02-23T18:11:06+00:00","dateModified":"2026-02-23T18:16:24+00:00","description":"Atraskite auk\u0161tos kokyb\u0117s filtrus, kurie u\u017etikrina efektyv\u0173 dulki\u0173 sulaikym\u0105 pramonin\u0117se sistemose. Pasirinkite patikimum\u0105 \u0161iandien!","breadcrumb":{"@id":"https:\/\/enviteka.lt\/produktas\/melt-blown-vandens-filtrai\/#breadcrumb"},"inLanguage":"en-US","potentialAction":[{"@type":"ReadAction","target":["https:\/\/enviteka.lt\/produktas\/melt-blown-vandens-filtrai\/"]}]},{"@type":"ImageObject","inLanguage":"en-US","@id":"https:\/\/enviteka.lt\/produktas\/melt-blown-vandens-filtrai\/#primaryimage","url":"https:\/\/enviteka.lt\/wp-content\/uploads\/2026\/02\/vandens_filtrai.jpg","contentUrl":"https:\/\/enviteka.lt\/wp-content\/uploads\/2026\/02\/vandens_filtrai.jpg","width":482,"height":581},{"@type":"BreadcrumbList","@id":"https:\/\/enviteka.lt\/produktas\/melt-blown-vandens-filtrai\/#breadcrumb","itemListElement":[{"@type":"ListItem","position":1,"name":"Home","item":"https:\/\/enviteka.lt\/"},{"@type":"ListItem","position":2,"name":"Produktai","item":"https:\/\/enviteka.lt\/produktai\/"},{"@type":"ListItem","position":3,"name":"Melt Blown vandens filtrai"}]},{"@type":"WebSite","@id":"https:\/\/enviteka.lt\/#website","url":"https:\/\/enviteka.lt\/","name":"ENVITEKA","description":"pramonin\u0117s \u012frangos tiek\u0117jas","publisher":{"@id":"https:\/\/enviteka.lt\/#organization"},"potentialAction":[{"@type":"SearchAction","target":{"@type":"EntryPoint","urlTemplate":"https:\/\/enviteka.lt\/?s={search_term_string}"},"query-input":{"@type":"PropertyValueSpecification","valueRequired":true,"valueName":"search_term_string"}}],"inLanguage":"en-US"},{"@type":"Organization","@id":"https:\/\/enviteka.lt\/#organization","name":"ENVITEKA","url":"https:\/\/enviteka.lt\/","logo":{"@type":"ImageObject","inLanguage":"en-US","@id":"https:\/\/enviteka.lt\/#\/schema\/logo\/image\/","url":"https:\/\/enviteka.lt\/wp-content\/uploads\/2024\/10\/enviteka-high-resolution-logo-transparent-e1742852093377.png","contentUrl":"https:\/\/enviteka.lt\/wp-content\/uploads\/2024\/10\/enviteka-high-resolution-logo-transparent-e1742852093377.png","width":424,"height":150,"caption":"ENVITEKA"},"image":{"@id":"https:\/\/enviteka.lt\/#\/schema\/logo\/image\/"}}]}},"_links":{"self":[{"href":"https:\/\/enviteka.lt\/en\/wp-json\/wp\/v2\/product\/2480","targetHints":{"allow":["GET"]}}],"collection":[{"href":"https:\/\/enviteka.lt\/en\/wp-json\/wp\/v2\/product"}],"about":[{"href":"https:\/\/enviteka.lt\/en\/wp-json\/wp\/v2\/types\/product"}],"wp:featuredmedia":[{"embeddable":true,"href":"https:\/\/enviteka.lt\/en\/wp-json\/wp\/v2\/media\/2482"}],"wp:attachment":[{"href":"https:\/\/enviteka.lt\/en\/wp-json\/wp\/v2\/media?parent=2480"}],"wp:term":[{"taxonomy":"product_brand","embeddable":true,"href":"https:\/\/enviteka.lt\/en\/wp-json\/wp\/v2\/product_brand?post=2480"},{"taxonomy":"product_cat","embeddable":true,"href":"https:\/\/enviteka.lt\/en\/wp-json\/wp\/v2\/product_cat?post=2480"},{"taxonomy":"product_tag","embeddable":true,"href":"https:\/\/enviteka.lt\/en\/wp-json\/wp\/v2\/product_tag?post=2480"}],"curies":[{"name":"wp","href":"https:\/\/api.w.org\/{rel}","templated":true}]}}