{"id":2469,"date":"2026-02-23T17:26:13","date_gmt":"2026-02-23T17:26:13","guid":{"rendered":"https:\/\/enviteka.lt\/?post_type=product&#038;p=2469"},"modified":"2026-02-24T18:14:43","modified_gmt":"2026-02-24T18:14:43","slug":"polipropileno-pp-skysciu-filtrai-2","status":"publish","type":"product","link":"https:\/\/enviteka.lt\/en\/product\/polipropileno-pp-skysciu-filtrai-2\/","title":{"rendered":"Polipropileno (PP) skys\u010di\u0173 filtrai"},"content":{"rendered":"<p>Polipropileno (PP) skys\u010di\u0173 filtrai u\u017etikrina patikim\u0105 filtravim\u0105 net agresyviose chemin\u0117se procesuose d\u0117l didelio atsparumo chemin\u0117ms med\u017eiagoms. Jie pasi\u017eymi auk\u0161ta daleli\u0173 sulaikymo tikslumu, u\u017etikrinan\u010diu efektyv\u0173 ir tiksl\u0173 filtravim\u0105.<\/p>\n<p><strong>Pagrindin\u0117s savyb\u0117s:<\/strong><\/p>\n<p data-start=\"182\" data-end=\"220\">Puikus atsparumas stiprioms r\u016bg\u0161tims<\/p>\n<p data-start=\"223\" data-end=\"259\">Geras atsparumas silpnoms r\u016bg\u0161tims<\/p>\n<p data-start=\"262\" data-end=\"314\">Puikus atsparumas agresyvioms chemin\u0117ms med\u017eiagoms<\/p>\n<p data-start=\"317\" data-end=\"351\">Gera atsparumas silpnoms \u0161armoms<\/p>\n<p data-start=\"354\" data-end=\"397\">Tinkamas kar\u0161toms temperat\u016broms iki 90 \u00b0C<\/p>\n<table>\n<thead>\n<tr>\n<th>Parametras<\/th>\n<th>Reik\u0161m\u0117<\/th>\n<\/tr>\n<\/thead>\n<tbody>\n<tr>\n<td><strong>Vir\u0161aus tipas<\/strong><\/td>\n<td>Kar\u0161tai suvirintas arba siuvamas<\/td>\n<\/tr>\n<tr>\n<td><strong>Temperat\u016bra<\/strong><\/td>\n<td>90 \u00b0C<\/td>\n<\/tr>\n<tr>\n<td><strong>Mikrono dyd\u017ei\u0173 pasirinkimas<\/strong><\/td>\n<td>1, 5, 10, 25, 50, 100, 200 \u03bcm<\/td>\n<\/tr>\n<tr>\n<td><strong>Filtravimo med\u017eiaga<\/strong><\/td>\n<td>Adatinis filcas, polipropilenas (PP)<\/td>\n<\/tr>\n<tr>\n<td><strong>Proces\u0173 atsparumas<\/strong><\/td>\n<td>Stipri r\u016bg\u0161tis \u2013 puikus<\/p>\n<p>Silpna r\u016bg\u0161tis \u2013 gera<\/p>\n<p>Stiprus \u0161armas \u2013 puikus<\/p>\n<p>Silpnas \u0161armas \u2013 gera<\/p>\n<p>Organiniai tirpikliai \u2013 vidutinis<\/td>\n<\/tr>\n<tr>\n<td><strong>\u017diedo ir dugno jungtis<\/strong><\/td>\n<td>Polipropileno plastikinis \u017eiedas, ner\u016bdijantis plienas, cinkuotas plienas, virv\u0117, filco flan\u0161as arba be jungties<\/td>\n<\/tr>\n<tr>\n<td><strong>Ultragarsinis suvirinimas<\/strong><\/td>\n<td>D arba V tipai; gali b\u016bti siuvamas arba abu metodai<\/td>\n<\/tr>\n<\/tbody>\n<\/table>\n<p data-start=\"762\" data-end=\"780\"><strong>Darbin\u0117s charakteristikos:<\/strong><\/p>\n<p data-start=\"1121\" data-end=\"1139\">Chemijos pramon\u0117<\/p>\n<p data-start=\"1142\" data-end=\"1170\">Vandens ir nuotek\u0173 valymas<\/p>\n<p data-start=\"1173\" data-end=\"1203\">Naftos ir alyvos filtravimas<\/p>\n<p data-start=\"1206\" data-end=\"1232\">Maisto ir g\u0117rim\u0173 pramon\u0117<\/p>\n<p data-start=\"1235\" data-end=\"1272\">Kit\u0173 pramonini\u0173 skys\u010di\u0173 filtravimas<\/p>\n<p data-start=\"196\" data-end=\"386\"><strong data-start=\"752\" data-end=\"776\">Susisiekite su mumis<\/strong> ir mes pad\u0117sime rasti geriausi\u0105 sprendim\u0105 j\u016bs\u0173 poreikiams!<\/p>","protected":false},"excerpt":{"rendered":"<p>Polipropileno (PP) skys\u010di\u0173 filtrai u\u017etikrina patikim\u0105 filtravim\u0105 net agresyviose chemin\u0117se procesuose d\u0117l didelio atsparumo chemin\u0117ms med\u017eiagoms. Jie pasi\u017eymi auk\u0161ta daleli\u0173 [&hellip;]<\/p>","protected":false},"featured_media":2505,"template":"","meta":{"site-sidebar-layout":"default","site-content-layout":"","ast-site-content-layout":"default","site-content-style":"default","site-sidebar-style":"default","ast-global-header-display":"","ast-banner-title-visibility":"","ast-main-header-display":"","ast-hfb-above-header-display":"","ast-hfb-below-header-display":"","ast-hfb-mobile-header-display":"","site-post-title":"","ast-breadcrumbs-content":"","ast-featured-img":"","footer-sml-layout":"","ast-disable-related-posts":"","theme-transparent-header-meta":"default","adv-header-id-meta":"","stick-header-meta":"","header-above-stick-meta":"","header-main-stick-meta":"","header-below-stick-meta":"","astra-migrate-meta-layouts":"set","ast-page-background-enabled":"default","ast-page-background-meta":{"desktop":{"background-color":"var(--ast-global-color-4)","background-image":"","background-repeat":"repeat","background-position":"center center","background-size":"auto","background-attachment":"scroll","background-type":"","background-media":"","overlay-type":"","overlay-color":"","overlay-opacity":"","overlay-gradient":""},"tablet":{"background-color":"","background-image":"","background-repeat":"repeat","background-position":"center center","background-size":"auto","background-attachment":"scroll","background-type":"","background-media":"","overlay-type":"","overlay-color":"","overlay-opacity":"","overlay-gradient":""},"mobile":{"background-color":"","background-image":"","background-repeat":"repeat","background-position":"center center","background-size":"auto","background-attachment":"scroll","background-type":"","background-media":"","overlay-type":"","overlay-color":"","overlay-opacity":"","overlay-gradient":""}},"ast-content-background-meta":{"desktop":{"background-color":"var(--ast-global-color-5)","background-image":"","background-repeat":"repeat","background-position":"center center","background-size":"auto","background-attachment":"scroll","background-type":"","background-media":"","overlay-type":"","overlay-color":"","overlay-opacity":"","overlay-gradient":""},"tablet":{"background-color":"var(--ast-global-color-5)","background-image":"","background-repeat":"repeat","background-position":"center center","background-size":"auto","background-attachment":"scroll","background-type":"","background-media":"","overlay-type":"","overlay-color":"","overlay-opacity":"","overlay-gradient":""},"mobile":{"background-color":"var(--ast-global-color-5)","background-image":"","background-repeat":"repeat","background-position":"center center","background-size":"auto","background-attachment":"scroll","background-type":"","background-media":"","overlay-type":"","overlay-color":"","overlay-opacity":"","overlay-gradient":""}}},"product_brand":[],"product_cat":[33,147],"product_tag":[],"class_list":{"0":"post-2469","1":"product","2":"type-product","3":"status-publish","4":"has-post-thumbnail","6":"product_cat-filtrai","7":"product_cat-skysciu-filtrai","8":"desktop-align-left","9":"tablet-align-left","10":"mobile-align-left","12":"first","13":"instock","14":"shipping-taxable","15":"product-type-simple"},"yoast_head":"<!-- This site is optimized with the Yoast SEO plugin v27.5 - https:\/\/yoast.com\/product\/yoast-seo-wordpress\/ -->\n<title>Polipropileno (PP) skys\u010di\u0173 filtrai - ENVITEKA<\/title>\n<meta name=\"description\" content=\"Atraskite auk\u0161tos kokyb\u0117s filtrus, kurie u\u017etikrina efektyv\u0173 dulki\u0173 sulaikym\u0105 pramonin\u0117se sistemose. Pasirinkite patikimum\u0105 \u0161iandien!\" \/>\n<meta name=\"robots\" content=\"index, follow, max-snippet:-1, max-image-preview:large, max-video-preview:-1\" \/>\n<link rel=\"canonical\" href=\"https:\/\/enviteka.lt\/en\/product\/polipropileno-pp-skysciu-filtrai-2\/\" \/>\n<meta property=\"og:locale\" content=\"en_US\" \/>\n<meta property=\"og:type\" content=\"article\" \/>\n<meta property=\"og:title\" content=\"Polipropileno (PP) skys\u010di\u0173 filtrai - ENVITEKA\" \/>\n<meta property=\"og:description\" content=\"Atraskite auk\u0161tos kokyb\u0117s filtrus, kurie u\u017etikrina efektyv\u0173 dulki\u0173 sulaikym\u0105 pramonin\u0117se sistemose. Pasirinkite patikimum\u0105 \u0161iandien!\" \/>\n<meta property=\"og:url\" content=\"https:\/\/enviteka.lt\/en\/product\/polipropileno-pp-skysciu-filtrai-2\/\" \/>\n<meta property=\"og:site_name\" content=\"ENVITEKA\" \/>\n<meta property=\"article:modified_time\" content=\"2026-02-24T18:14:43+00:00\" \/>\n<meta property=\"og:image\" content=\"https:\/\/enviteka.lt\/wp-content\/uploads\/2026\/02\/skyscio_filtras2.png\" \/>\n\t<meta property=\"og:image:width\" content=\"480\" \/>\n\t<meta property=\"og:image:height\" content=\"217\" \/>\n\t<meta property=\"og:image:type\" content=\"image\/png\" \/>\n<meta name=\"twitter:card\" content=\"summary_large_image\" \/>\n<meta name=\"twitter:label1\" content=\"Est. reading time\" \/>\n\t<meta name=\"twitter:data1\" content=\"1 minute\" \/>\n<script type=\"application\/ld+json\" class=\"yoast-schema-graph\">{\"@context\":\"https:\\\/\\\/schema.org\",\"@graph\":[{\"@type\":\"WebPage\",\"@id\":\"https:\\\/\\\/enviteka.lt\\\/produktas\\\/polipropileno-pp-skysciu-filtrai-2\\\/\",\"url\":\"https:\\\/\\\/enviteka.lt\\\/produktas\\\/polipropileno-pp-skysciu-filtrai-2\\\/\",\"name\":\"Polipropileno (PP) skys\u010di\u0173 filtrai - ENVITEKA\",\"isPartOf\":{\"@id\":\"https:\\\/\\\/enviteka.lt\\\/#website\"},\"primaryImageOfPage\":{\"@id\":\"https:\\\/\\\/enviteka.lt\\\/produktas\\\/polipropileno-pp-skysciu-filtrai-2\\\/#primaryimage\"},\"image\":{\"@id\":\"https:\\\/\\\/enviteka.lt\\\/produktas\\\/polipropileno-pp-skysciu-filtrai-2\\\/#primaryimage\"},\"thumbnailUrl\":\"https:\\\/\\\/enviteka.lt\\\/wp-content\\\/uploads\\\/2026\\\/02\\\/skyscio_filtras2.png\",\"datePublished\":\"2026-02-23T17:26:13+00:00\",\"dateModified\":\"2026-02-24T18:14:43+00:00\",\"description\":\"Atraskite auk\u0161tos kokyb\u0117s filtrus, kurie u\u017etikrina efektyv\u0173 dulki\u0173 sulaikym\u0105 pramonin\u0117se sistemose. Pasirinkite patikimum\u0105 \u0161iandien!\",\"breadcrumb\":{\"@id\":\"https:\\\/\\\/enviteka.lt\\\/produktas\\\/polipropileno-pp-skysciu-filtrai-2\\\/#breadcrumb\"},\"inLanguage\":\"en-US\",\"potentialAction\":[{\"@type\":\"ReadAction\",\"target\":[\"https:\\\/\\\/enviteka.lt\\\/produktas\\\/polipropileno-pp-skysciu-filtrai-2\\\/\"]}]},{\"@type\":\"ImageObject\",\"inLanguage\":\"en-US\",\"@id\":\"https:\\\/\\\/enviteka.lt\\\/produktas\\\/polipropileno-pp-skysciu-filtrai-2\\\/#primaryimage\",\"url\":\"https:\\\/\\\/enviteka.lt\\\/wp-content\\\/uploads\\\/2026\\\/02\\\/skyscio_filtras2.png\",\"contentUrl\":\"https:\\\/\\\/enviteka.lt\\\/wp-content\\\/uploads\\\/2026\\\/02\\\/skyscio_filtras2.png\",\"width\":480,\"height\":217},{\"@type\":\"BreadcrumbList\",\"@id\":\"https:\\\/\\\/enviteka.lt\\\/produktas\\\/polipropileno-pp-skysciu-filtrai-2\\\/#breadcrumb\",\"itemListElement\":[{\"@type\":\"ListItem\",\"position\":1,\"name\":\"Home\",\"item\":\"https:\\\/\\\/enviteka.lt\\\/\"},{\"@type\":\"ListItem\",\"position\":2,\"name\":\"Produktai\",\"item\":\"https:\\\/\\\/enviteka.lt\\\/produktai\\\/\"},{\"@type\":\"ListItem\",\"position\":3,\"name\":\"Polipropileno (PP) skys\u010di\u0173 filtrai\"}]},{\"@type\":\"WebSite\",\"@id\":\"https:\\\/\\\/enviteka.lt\\\/#website\",\"url\":\"https:\\\/\\\/enviteka.lt\\\/\",\"name\":\"ENVITEKA\",\"description\":\"pramonin\u0117s \u012frangos tiek\u0117jas\",\"publisher\":{\"@id\":\"https:\\\/\\\/enviteka.lt\\\/#organization\"},\"potentialAction\":[{\"@type\":\"SearchAction\",\"target\":{\"@type\":\"EntryPoint\",\"urlTemplate\":\"https:\\\/\\\/enviteka.lt\\\/?s={search_term_string}\"},\"query-input\":{\"@type\":\"PropertyValueSpecification\",\"valueRequired\":true,\"valueName\":\"search_term_string\"}}],\"inLanguage\":\"en-US\"},{\"@type\":\"Organization\",\"@id\":\"https:\\\/\\\/enviteka.lt\\\/#organization\",\"name\":\"ENVITEKA\",\"url\":\"https:\\\/\\\/enviteka.lt\\\/\",\"logo\":{\"@type\":\"ImageObject\",\"inLanguage\":\"en-US\",\"@id\":\"https:\\\/\\\/enviteka.lt\\\/#\\\/schema\\\/logo\\\/image\\\/\",\"url\":\"https:\\\/\\\/enviteka.lt\\\/wp-content\\\/uploads\\\/2024\\\/10\\\/enviteka-high-resolution-logo-transparent-e1742852093377.png\",\"contentUrl\":\"https:\\\/\\\/enviteka.lt\\\/wp-content\\\/uploads\\\/2024\\\/10\\\/enviteka-high-resolution-logo-transparent-e1742852093377.png\",\"width\":424,\"height\":150,\"caption\":\"ENVITEKA\"},\"image\":{\"@id\":\"https:\\\/\\\/enviteka.lt\\\/#\\\/schema\\\/logo\\\/image\\\/\"}}]}<\/script>\n<!-- \/ Yoast SEO plugin. -->","yoast_head_json":{"title":"Polipropileno (PP) skys\u010di\u0173 filtrai - ENVITEKA","description":"Atraskite auk\u0161tos kokyb\u0117s filtrus, kurie u\u017etikrina efektyv\u0173 dulki\u0173 sulaikym\u0105 pramonin\u0117se sistemose. Pasirinkite patikimum\u0105 \u0161iandien!","robots":{"index":"index","follow":"follow","max-snippet":"max-snippet:-1","max-image-preview":"max-image-preview:large","max-video-preview":"max-video-preview:-1"},"canonical":"https:\/\/enviteka.lt\/en\/product\/polipropileno-pp-skysciu-filtrai-2\/","og_locale":"en_US","og_type":"article","og_title":"Polipropileno (PP) skys\u010di\u0173 filtrai - ENVITEKA","og_description":"Atraskite auk\u0161tos kokyb\u0117s filtrus, kurie u\u017etikrina efektyv\u0173 dulki\u0173 sulaikym\u0105 pramonin\u0117se sistemose. Pasirinkite patikimum\u0105 \u0161iandien!","og_url":"https:\/\/enviteka.lt\/en\/product\/polipropileno-pp-skysciu-filtrai-2\/","og_site_name":"ENVITEKA","article_modified_time":"2026-02-24T18:14:43+00:00","og_image":[{"width":480,"height":217,"url":"https:\/\/enviteka.lt\/wp-content\/uploads\/2026\/02\/skyscio_filtras2.png","type":"image\/png"}],"twitter_card":"summary_large_image","twitter_misc":{"Est. reading time":"1 minute"},"schema":{"@context":"https:\/\/schema.org","@graph":[{"@type":"WebPage","@id":"https:\/\/enviteka.lt\/produktas\/polipropileno-pp-skysciu-filtrai-2\/","url":"https:\/\/enviteka.lt\/produktas\/polipropileno-pp-skysciu-filtrai-2\/","name":"Polipropileno (PP) skys\u010di\u0173 filtrai - ENVITEKA","isPartOf":{"@id":"https:\/\/enviteka.lt\/#website"},"primaryImageOfPage":{"@id":"https:\/\/enviteka.lt\/produktas\/polipropileno-pp-skysciu-filtrai-2\/#primaryimage"},"image":{"@id":"https:\/\/enviteka.lt\/produktas\/polipropileno-pp-skysciu-filtrai-2\/#primaryimage"},"thumbnailUrl":"https:\/\/enviteka.lt\/wp-content\/uploads\/2026\/02\/skyscio_filtras2.png","datePublished":"2026-02-23T17:26:13+00:00","dateModified":"2026-02-24T18:14:43+00:00","description":"Atraskite auk\u0161tos kokyb\u0117s filtrus, kurie u\u017etikrina efektyv\u0173 dulki\u0173 sulaikym\u0105 pramonin\u0117se sistemose. Pasirinkite patikimum\u0105 \u0161iandien!","breadcrumb":{"@id":"https:\/\/enviteka.lt\/produktas\/polipropileno-pp-skysciu-filtrai-2\/#breadcrumb"},"inLanguage":"en-US","potentialAction":[{"@type":"ReadAction","target":["https:\/\/enviteka.lt\/produktas\/polipropileno-pp-skysciu-filtrai-2\/"]}]},{"@type":"ImageObject","inLanguage":"en-US","@id":"https:\/\/enviteka.lt\/produktas\/polipropileno-pp-skysciu-filtrai-2\/#primaryimage","url":"https:\/\/enviteka.lt\/wp-content\/uploads\/2026\/02\/skyscio_filtras2.png","contentUrl":"https:\/\/enviteka.lt\/wp-content\/uploads\/2026\/02\/skyscio_filtras2.png","width":480,"height":217},{"@type":"BreadcrumbList","@id":"https:\/\/enviteka.lt\/produktas\/polipropileno-pp-skysciu-filtrai-2\/#breadcrumb","itemListElement":[{"@type":"ListItem","position":1,"name":"Home","item":"https:\/\/enviteka.lt\/"},{"@type":"ListItem","position":2,"name":"Produktai","item":"https:\/\/enviteka.lt\/produktai\/"},{"@type":"ListItem","position":3,"name":"Polipropileno (PP) skys\u010di\u0173 filtrai"}]},{"@type":"WebSite","@id":"https:\/\/enviteka.lt\/#website","url":"https:\/\/enviteka.lt\/","name":"ENVITEKA","description":"pramonin\u0117s \u012frangos tiek\u0117jas","publisher":{"@id":"https:\/\/enviteka.lt\/#organization"},"potentialAction":[{"@type":"SearchAction","target":{"@type":"EntryPoint","urlTemplate":"https:\/\/enviteka.lt\/?s={search_term_string}"},"query-input":{"@type":"PropertyValueSpecification","valueRequired":true,"valueName":"search_term_string"}}],"inLanguage":"en-US"},{"@type":"Organization","@id":"https:\/\/enviteka.lt\/#organization","name":"ENVITEKA","url":"https:\/\/enviteka.lt\/","logo":{"@type":"ImageObject","inLanguage":"en-US","@id":"https:\/\/enviteka.lt\/#\/schema\/logo\/image\/","url":"https:\/\/enviteka.lt\/wp-content\/uploads\/2024\/10\/enviteka-high-resolution-logo-transparent-e1742852093377.png","contentUrl":"https:\/\/enviteka.lt\/wp-content\/uploads\/2024\/10\/enviteka-high-resolution-logo-transparent-e1742852093377.png","width":424,"height":150,"caption":"ENVITEKA"},"image":{"@id":"https:\/\/enviteka.lt\/#\/schema\/logo\/image\/"}}]}},"_links":{"self":[{"href":"https:\/\/enviteka.lt\/en\/wp-json\/wp\/v2\/product\/2469","targetHints":{"allow":["GET"]}}],"collection":[{"href":"https:\/\/enviteka.lt\/en\/wp-json\/wp\/v2\/product"}],"about":[{"href":"https:\/\/enviteka.lt\/en\/wp-json\/wp\/v2\/types\/product"}],"wp:featuredmedia":[{"embeddable":true,"href":"https:\/\/enviteka.lt\/en\/wp-json\/wp\/v2\/media\/2505"}],"wp:attachment":[{"href":"https:\/\/enviteka.lt\/en\/wp-json\/wp\/v2\/media?parent=2469"}],"wp:term":[{"taxonomy":"product_brand","embeddable":true,"href":"https:\/\/enviteka.lt\/en\/wp-json\/wp\/v2\/product_brand?post=2469"},{"taxonomy":"product_cat","embeddable":true,"href":"https:\/\/enviteka.lt\/en\/wp-json\/wp\/v2\/product_cat?post=2469"},{"taxonomy":"product_tag","embeddable":true,"href":"https:\/\/enviteka.lt\/en\/wp-json\/wp\/v2\/product_tag?post=2469"}],"curies":[{"name":"wp","href":"https:\/\/api.w.org\/{rel}","templated":true}]}}