{"id":2464,"date":"2026-02-22T19:04:56","date_gmt":"2026-02-22T19:04:56","guid":{"rendered":"https:\/\/enviteka.lt\/?post_type=product&#038;p=2464"},"modified":"2026-02-24T18:53:30","modified_gmt":"2026-02-24T18:53:30","slug":"stiklo-pluosto-audinio-filtrai","status":"publish","type":"product","link":"https:\/\/enviteka.lt\/en\/product\/stiklo-pluosto-audinio-filtrai\/","title":{"rendered":"Stiklo pluo\u0161to audinio filtrai"},"content":{"rendered":"<p>Stiklo pluo\u0161to (Fiberglass) adatiniu b\u016bdu pagamintas audinio \/ veltinio filtro mai\u0161as yra skirtas procesams, kuriuose reikalingas auk\u0161tas temperat\u016bros atsparumas. D\u0117l stiklo pluo\u0161to strukt\u016bros jis u\u017etikrina termoplastin\u012f stabilum\u0105 ir ilgaam\u017ei\u0161kum\u0105, tod\u0117l patikimai veikia sud\u0117tingose pramonin\u0117se s\u0105lygose.<\/p>\n<p><strong>Pagrindin\u0117s savyb\u0117s:<\/strong><\/p>\n<p data-start=\"420\" data-end=\"453\">Auk\u0161tas atsparumas temperat\u016brai<\/p>\n<p data-start=\"456\" data-end=\"483\">Termoplastinis stabilumas<\/p>\n<p data-start=\"486\" data-end=\"509\">Ilgaam\u017eis ir patvarus<\/p>\n<p data-start=\"512\" data-end=\"541\">Efektyvus dulki\u0173 sulaikymas<\/p>\n<p data-start=\"544\" data-end=\"598\">Tinkamas auk\u0161tos temperat\u016bros pramoniniams procesams<\/p>\n<table>\n<thead>\n<tr>\n<th>Parametras<\/th>\n<th>Vert\u0117<\/th>\n<\/tr>\n<\/thead>\n<tbody>\n<tr>\n<td><strong>Pluo\u0161tas<\/strong><\/td>\n<td>Stiklo pluo\u0161tas<\/td>\n<\/tr>\n<tr>\n<td><strong>Pagrindas\u00a0<\/strong><\/td>\n<td>Ribotas<\/td>\n<\/tr>\n<tr>\n<td><strong>Audinio svoris<\/strong><\/td>\n<td>Ribotas<\/td>\n<\/tr>\n<tr>\n<td><strong>Storis<\/strong><\/td>\n<td>Geras<\/td>\n<\/tr>\n<tr>\n<td><strong>Oro pralaidumas @200 Pa<\/strong><\/td>\n<td>Puikus<\/td>\n<\/tr>\n<tr>\n<td><strong>Darbin\u0117 temperat\u016bra<\/strong><\/td>\n<td>Auk\u0161ta<\/td>\n<\/tr>\n<tr>\n<td><strong>Apdailos apdorojimas<\/strong><\/td>\n<td>\u2013<\/td>\n<\/tr>\n<tr>\n<td><strong>Atsparumas \u0161armams<\/strong><\/td>\n<td>Ribotas<\/td>\n<\/tr>\n<tr>\n<td><strong>Atsparumas r\u016bg\u0161tims<\/strong><\/td>\n<td>Ribotas<\/td>\n<\/tr>\n<tr>\n<td><strong>Hidrolizei jautrus<\/strong>*<\/td>\n<td>Taip<\/td>\n<\/tr>\n<tr>\n<td><strong>Cheminis atsparumas<\/strong><\/td>\n<td>Ribotas<\/td>\n<\/tr>\n<\/tbody>\n<\/table>\n<p><strong>Darbin\u0117s charakteristikos:<\/strong><\/p>\n<p data-start=\"669\" data-end=\"687\">Cemento gamyklos<\/p>\n<p data-start=\"690\" data-end=\"727\">Metalo lydymo ir liejyklos procesai<\/p>\n<p data-start=\"730\" data-end=\"759\">Atliek\u0173 deginimo \u012frenginiai<\/p>\n<p data-start=\"762\" data-end=\"780\">Chemijos pramon\u0117<\/p>\n<p data-start=\"196\" data-end=\"386\"><strong data-start=\"752\" data-end=\"776\">Susisiekite su mumis<\/strong> ir mes pad\u0117sime rasti geriausi\u0105 sprendim\u0105 j\u016bs\u0173 poreikiams!<\/p>","protected":false},"excerpt":{"rendered":"<p>Stiklo pluo\u0161to (Fiberglass) adatiniu b\u016bdu pagamintas audinio \/ veltinio filtro mai\u0161as yra skirtas procesams, kuriuose reikalingas auk\u0161tas temperat\u016bros atsparumas. D\u0117l [&hellip;]<\/p>","protected":false},"featured_media":2466,"template":"","meta":{"site-sidebar-layout":"default","site-content-layout":"","ast-site-content-layout":"default","site-content-style":"default","site-sidebar-style":"default","ast-global-header-display":"","ast-banner-title-visibility":"","ast-main-header-display":"","ast-hfb-above-header-display":"","ast-hfb-below-header-display":"","ast-hfb-mobile-header-display":"","site-post-title":"","ast-breadcrumbs-content":"","ast-featured-img":"","footer-sml-layout":"","ast-disable-related-posts":"","theme-transparent-header-meta":"default","adv-header-id-meta":"","stick-header-meta":"","header-above-stick-meta":"","header-main-stick-meta":"","header-below-stick-meta":"","astra-migrate-meta-layouts":"set","ast-page-background-enabled":"default","ast-page-background-meta":{"desktop":{"background-color":"var(--ast-global-color-4)","background-image":"","background-repeat":"repeat","background-position":"center center","background-size":"auto","background-attachment":"scroll","background-type":"","background-media":"","overlay-type":"","overlay-color":"","overlay-opacity":"","overlay-gradient":""},"tablet":{"background-color":"","background-image":"","background-repeat":"repeat","background-position":"center center","background-size":"auto","background-attachment":"scroll","background-type":"","background-media":"","overlay-type":"","overlay-color":"","overlay-opacity":"","overlay-gradient":""},"mobile":{"background-color":"","background-image":"","background-repeat":"repeat","background-position":"center center","background-size":"auto","background-attachment":"scroll","background-type":"","background-media":"","overlay-type":"","overlay-color":"","overlay-opacity":"","overlay-gradient":""}},"ast-content-background-meta":{"desktop":{"background-color":"var(--ast-global-color-5)","background-image":"","background-repeat":"repeat","background-position":"center center","background-size":"auto","background-attachment":"scroll","background-type":"","background-media":"","overlay-type":"","overlay-color":"","overlay-opacity":"","overlay-gradient":""},"tablet":{"background-color":"var(--ast-global-color-5)","background-image":"","background-repeat":"repeat","background-position":"center center","background-size":"auto","background-attachment":"scroll","background-type":"","background-media":"","overlay-type":"","overlay-color":"","overlay-opacity":"","overlay-gradient":""},"mobile":{"background-color":"var(--ast-global-color-5)","background-image":"","background-repeat":"repeat","background-position":"center center","background-size":"auto","background-attachment":"scroll","background-type":"","background-media":"","overlay-type":"","overlay-color":"","overlay-opacity":"","overlay-gradient":""}}},"product_brand":[],"product_cat":[33,145],"product_tag":[],"class_list":{"0":"post-2464","1":"product","2":"type-product","3":"status-publish","4":"has-post-thumbnail","6":"product_cat-filtrai","7":"product_cat-medziaginio-audinio-filtrai","8":"desktop-align-left","9":"tablet-align-left","10":"mobile-align-left","12":"first","13":"instock","14":"shipping-taxable","15":"product-type-simple"},"yoast_head":"<!-- This site is optimized with the Yoast SEO plugin v27.5 - https:\/\/yoast.com\/product\/yoast-seo-wordpress\/ -->\n<title>Stiklo pluo\u0161to audinio filtrai - ENVITEKA<\/title>\n<meta name=\"description\" content=\"Atraskite auk\u0161tos kokyb\u0117s filtrus, kurie u\u017etikrina efektyv\u0173 dulki\u0173 sulaikym\u0105 pramonin\u0117se sistemose. Pasirinkite patikimum\u0105 \u0161iandien!\" \/>\n<meta name=\"robots\" content=\"index, follow, max-snippet:-1, max-image-preview:large, max-video-preview:-1\" \/>\n<link rel=\"canonical\" href=\"https:\/\/enviteka.lt\/en\/product\/stiklo-pluosto-audinio-filtrai\/\" \/>\n<meta property=\"og:locale\" content=\"en_US\" \/>\n<meta property=\"og:type\" content=\"article\" \/>\n<meta property=\"og:title\" content=\"Stiklo pluo\u0161to audinio filtrai - ENVITEKA\" \/>\n<meta property=\"og:description\" content=\"Atraskite auk\u0161tos kokyb\u0117s filtrus, kurie u\u017etikrina efektyv\u0173 dulki\u0173 sulaikym\u0105 pramonin\u0117se sistemose. Pasirinkite patikimum\u0105 \u0161iandien!\" \/>\n<meta property=\"og:url\" content=\"https:\/\/enviteka.lt\/en\/product\/stiklo-pluosto-audinio-filtrai\/\" \/>\n<meta property=\"og:site_name\" content=\"ENVITEKA\" \/>\n<meta property=\"article:modified_time\" content=\"2026-02-24T18:53:30+00:00\" \/>\n<meta property=\"og:image\" content=\"https:\/\/enviteka.lt\/wp-content\/uploads\/2026\/02\/stiklo_pluosto_filtrai.jpg\" \/>\n\t<meta property=\"og:image:width\" content=\"467\" \/>\n\t<meta property=\"og:image:height\" content=\"575\" \/>\n\t<meta property=\"og:image:type\" content=\"image\/jpeg\" \/>\n<meta name=\"twitter:card\" content=\"summary_large_image\" \/>\n<meta name=\"twitter:label1\" content=\"Est. reading time\" \/>\n\t<meta name=\"twitter:data1\" content=\"1 minute\" \/>\n<script type=\"application\/ld+json\" class=\"yoast-schema-graph\">{\"@context\":\"https:\\\/\\\/schema.org\",\"@graph\":[{\"@type\":\"WebPage\",\"@id\":\"https:\\\/\\\/enviteka.lt\\\/produktas\\\/stiklo-pluosto-audinio-filtrai\\\/\",\"url\":\"https:\\\/\\\/enviteka.lt\\\/produktas\\\/stiklo-pluosto-audinio-filtrai\\\/\",\"name\":\"Stiklo pluo\u0161to audinio filtrai - ENVITEKA\",\"isPartOf\":{\"@id\":\"https:\\\/\\\/enviteka.lt\\\/#website\"},\"primaryImageOfPage\":{\"@id\":\"https:\\\/\\\/enviteka.lt\\\/produktas\\\/stiklo-pluosto-audinio-filtrai\\\/#primaryimage\"},\"image\":{\"@id\":\"https:\\\/\\\/enviteka.lt\\\/produktas\\\/stiklo-pluosto-audinio-filtrai\\\/#primaryimage\"},\"thumbnailUrl\":\"https:\\\/\\\/enviteka.lt\\\/wp-content\\\/uploads\\\/2026\\\/02\\\/stiklo_pluosto_filtrai.jpg\",\"datePublished\":\"2026-02-22T19:04:56+00:00\",\"dateModified\":\"2026-02-24T18:53:30+00:00\",\"description\":\"Atraskite auk\u0161tos kokyb\u0117s filtrus, kurie u\u017etikrina efektyv\u0173 dulki\u0173 sulaikym\u0105 pramonin\u0117se sistemose. Pasirinkite patikimum\u0105 \u0161iandien!\",\"breadcrumb\":{\"@id\":\"https:\\\/\\\/enviteka.lt\\\/produktas\\\/stiklo-pluosto-audinio-filtrai\\\/#breadcrumb\"},\"inLanguage\":\"en-US\",\"potentialAction\":[{\"@type\":\"ReadAction\",\"target\":[\"https:\\\/\\\/enviteka.lt\\\/produktas\\\/stiklo-pluosto-audinio-filtrai\\\/\"]}]},{\"@type\":\"ImageObject\",\"inLanguage\":\"en-US\",\"@id\":\"https:\\\/\\\/enviteka.lt\\\/produktas\\\/stiklo-pluosto-audinio-filtrai\\\/#primaryimage\",\"url\":\"https:\\\/\\\/enviteka.lt\\\/wp-content\\\/uploads\\\/2026\\\/02\\\/stiklo_pluosto_filtrai.jpg\",\"contentUrl\":\"https:\\\/\\\/enviteka.lt\\\/wp-content\\\/uploads\\\/2026\\\/02\\\/stiklo_pluosto_filtrai.jpg\",\"width\":467,\"height\":575},{\"@type\":\"BreadcrumbList\",\"@id\":\"https:\\\/\\\/enviteka.lt\\\/produktas\\\/stiklo-pluosto-audinio-filtrai\\\/#breadcrumb\",\"itemListElement\":[{\"@type\":\"ListItem\",\"position\":1,\"name\":\"Home\",\"item\":\"https:\\\/\\\/enviteka.lt\\\/\"},{\"@type\":\"ListItem\",\"position\":2,\"name\":\"Produktai\",\"item\":\"https:\\\/\\\/enviteka.lt\\\/produktai\\\/\"},{\"@type\":\"ListItem\",\"position\":3,\"name\":\"Stiklo pluo\u0161to audinio filtrai\"}]},{\"@type\":\"WebSite\",\"@id\":\"https:\\\/\\\/enviteka.lt\\\/#website\",\"url\":\"https:\\\/\\\/enviteka.lt\\\/\",\"name\":\"ENVITEKA\",\"description\":\"pramonin\u0117s \u012frangos tiek\u0117jas\",\"publisher\":{\"@id\":\"https:\\\/\\\/enviteka.lt\\\/#organization\"},\"potentialAction\":[{\"@type\":\"SearchAction\",\"target\":{\"@type\":\"EntryPoint\",\"urlTemplate\":\"https:\\\/\\\/enviteka.lt\\\/?s={search_term_string}\"},\"query-input\":{\"@type\":\"PropertyValueSpecification\",\"valueRequired\":true,\"valueName\":\"search_term_string\"}}],\"inLanguage\":\"en-US\"},{\"@type\":\"Organization\",\"@id\":\"https:\\\/\\\/enviteka.lt\\\/#organization\",\"name\":\"ENVITEKA\",\"url\":\"https:\\\/\\\/enviteka.lt\\\/\",\"logo\":{\"@type\":\"ImageObject\",\"inLanguage\":\"en-US\",\"@id\":\"https:\\\/\\\/enviteka.lt\\\/#\\\/schema\\\/logo\\\/image\\\/\",\"url\":\"https:\\\/\\\/enviteka.lt\\\/wp-content\\\/uploads\\\/2024\\\/10\\\/enviteka-high-resolution-logo-transparent-e1742852093377.png\",\"contentUrl\":\"https:\\\/\\\/enviteka.lt\\\/wp-content\\\/uploads\\\/2024\\\/10\\\/enviteka-high-resolution-logo-transparent-e1742852093377.png\",\"width\":424,\"height\":150,\"caption\":\"ENVITEKA\"},\"image\":{\"@id\":\"https:\\\/\\\/enviteka.lt\\\/#\\\/schema\\\/logo\\\/image\\\/\"}}]}<\/script>\n<!-- \/ Yoast SEO plugin. -->","yoast_head_json":{"title":"Stiklo pluo\u0161to audinio filtrai - ENVITEKA","description":"Atraskite auk\u0161tos kokyb\u0117s filtrus, kurie u\u017etikrina efektyv\u0173 dulki\u0173 sulaikym\u0105 pramonin\u0117se sistemose. Pasirinkite patikimum\u0105 \u0161iandien!","robots":{"index":"index","follow":"follow","max-snippet":"max-snippet:-1","max-image-preview":"max-image-preview:large","max-video-preview":"max-video-preview:-1"},"canonical":"https:\/\/enviteka.lt\/en\/product\/stiklo-pluosto-audinio-filtrai\/","og_locale":"en_US","og_type":"article","og_title":"Stiklo pluo\u0161to audinio filtrai - ENVITEKA","og_description":"Atraskite auk\u0161tos kokyb\u0117s filtrus, kurie u\u017etikrina efektyv\u0173 dulki\u0173 sulaikym\u0105 pramonin\u0117se sistemose. Pasirinkite patikimum\u0105 \u0161iandien!","og_url":"https:\/\/enviteka.lt\/en\/product\/stiklo-pluosto-audinio-filtrai\/","og_site_name":"ENVITEKA","article_modified_time":"2026-02-24T18:53:30+00:00","og_image":[{"width":467,"height":575,"url":"https:\/\/enviteka.lt\/wp-content\/uploads\/2026\/02\/stiklo_pluosto_filtrai.jpg","type":"image\/jpeg"}],"twitter_card":"summary_large_image","twitter_misc":{"Est. reading time":"1 minute"},"schema":{"@context":"https:\/\/schema.org","@graph":[{"@type":"WebPage","@id":"https:\/\/enviteka.lt\/produktas\/stiklo-pluosto-audinio-filtrai\/","url":"https:\/\/enviteka.lt\/produktas\/stiklo-pluosto-audinio-filtrai\/","name":"Stiklo pluo\u0161to audinio filtrai - ENVITEKA","isPartOf":{"@id":"https:\/\/enviteka.lt\/#website"},"primaryImageOfPage":{"@id":"https:\/\/enviteka.lt\/produktas\/stiklo-pluosto-audinio-filtrai\/#primaryimage"},"image":{"@id":"https:\/\/enviteka.lt\/produktas\/stiklo-pluosto-audinio-filtrai\/#primaryimage"},"thumbnailUrl":"https:\/\/enviteka.lt\/wp-content\/uploads\/2026\/02\/stiklo_pluosto_filtrai.jpg","datePublished":"2026-02-22T19:04:56+00:00","dateModified":"2026-02-24T18:53:30+00:00","description":"Atraskite auk\u0161tos kokyb\u0117s filtrus, kurie u\u017etikrina efektyv\u0173 dulki\u0173 sulaikym\u0105 pramonin\u0117se sistemose. Pasirinkite patikimum\u0105 \u0161iandien!","breadcrumb":{"@id":"https:\/\/enviteka.lt\/produktas\/stiklo-pluosto-audinio-filtrai\/#breadcrumb"},"inLanguage":"en-US","potentialAction":[{"@type":"ReadAction","target":["https:\/\/enviteka.lt\/produktas\/stiklo-pluosto-audinio-filtrai\/"]}]},{"@type":"ImageObject","inLanguage":"en-US","@id":"https:\/\/enviteka.lt\/produktas\/stiklo-pluosto-audinio-filtrai\/#primaryimage","url":"https:\/\/enviteka.lt\/wp-content\/uploads\/2026\/02\/stiklo_pluosto_filtrai.jpg","contentUrl":"https:\/\/enviteka.lt\/wp-content\/uploads\/2026\/02\/stiklo_pluosto_filtrai.jpg","width":467,"height":575},{"@type":"BreadcrumbList","@id":"https:\/\/enviteka.lt\/produktas\/stiklo-pluosto-audinio-filtrai\/#breadcrumb","itemListElement":[{"@type":"ListItem","position":1,"name":"Home","item":"https:\/\/enviteka.lt\/"},{"@type":"ListItem","position":2,"name":"Produktai","item":"https:\/\/enviteka.lt\/produktai\/"},{"@type":"ListItem","position":3,"name":"Stiklo pluo\u0161to audinio filtrai"}]},{"@type":"WebSite","@id":"https:\/\/enviteka.lt\/#website","url":"https:\/\/enviteka.lt\/","name":"ENVITEKA","description":"pramonin\u0117s \u012frangos tiek\u0117jas","publisher":{"@id":"https:\/\/enviteka.lt\/#organization"},"potentialAction":[{"@type":"SearchAction","target":{"@type":"EntryPoint","urlTemplate":"https:\/\/enviteka.lt\/?s={search_term_string}"},"query-input":{"@type":"PropertyValueSpecification","valueRequired":true,"valueName":"search_term_string"}}],"inLanguage":"en-US"},{"@type":"Organization","@id":"https:\/\/enviteka.lt\/#organization","name":"ENVITEKA","url":"https:\/\/enviteka.lt\/","logo":{"@type":"ImageObject","inLanguage":"en-US","@id":"https:\/\/enviteka.lt\/#\/schema\/logo\/image\/","url":"https:\/\/enviteka.lt\/wp-content\/uploads\/2024\/10\/enviteka-high-resolution-logo-transparent-e1742852093377.png","contentUrl":"https:\/\/enviteka.lt\/wp-content\/uploads\/2024\/10\/enviteka-high-resolution-logo-transparent-e1742852093377.png","width":424,"height":150,"caption":"ENVITEKA"},"image":{"@id":"https:\/\/enviteka.lt\/#\/schema\/logo\/image\/"}}]}},"_links":{"self":[{"href":"https:\/\/enviteka.lt\/en\/wp-json\/wp\/v2\/product\/2464","targetHints":{"allow":["GET"]}}],"collection":[{"href":"https:\/\/enviteka.lt\/en\/wp-json\/wp\/v2\/product"}],"about":[{"href":"https:\/\/enviteka.lt\/en\/wp-json\/wp\/v2\/types\/product"}],"wp:featuredmedia":[{"embeddable":true,"href":"https:\/\/enviteka.lt\/en\/wp-json\/wp\/v2\/media\/2466"}],"wp:attachment":[{"href":"https:\/\/enviteka.lt\/en\/wp-json\/wp\/v2\/media?parent=2464"}],"wp:term":[{"taxonomy":"product_brand","embeddable":true,"href":"https:\/\/enviteka.lt\/en\/wp-json\/wp\/v2\/product_brand?post=2464"},{"taxonomy":"product_cat","embeddable":true,"href":"https:\/\/enviteka.lt\/en\/wp-json\/wp\/v2\/product_cat?post=2464"},{"taxonomy":"product_tag","embeddable":true,"href":"https:\/\/enviteka.lt\/en\/wp-json\/wp\/v2\/product_tag?post=2464"}],"curies":[{"name":"wp","href":"https:\/\/api.w.org\/{rel}","templated":true}]}}