{"id":2455,"date":"2026-02-22T18:45:04","date_gmt":"2026-02-22T18:45:04","guid":{"rendered":"https:\/\/enviteka.lt\/?post_type=product&#038;p=2455"},"modified":"2026-02-24T18:45:09","modified_gmt":"2026-02-24T18:45:09","slug":"veltinio-audinio-filtrai","status":"publish","type":"product","link":"https:\/\/enviteka.lt\/en\/product\/veltinio-audinio-filtrai\/","title":{"rendered":"Veltinio audinio filtrai"},"content":{"rendered":"<p>Meta-aramido (Nomex) adatiniu b\u016bdu pagamintas audinio \/ veltinio filtro mai\u0161as yra skirtas auk\u0161tos temperat\u016bros filtravimo procesams. Jis pasi\u017eymi puikiu terminiu atsparumu, mechaniniu stiprumu ir atsparumu trin\u010diai, tod\u0117l yra patikimas sprendimas sud\u0117tingoms pramonin\u0117ms s\u0105lygoms.<\/p>\n<p><strong>Pritaikymo sritys:<\/strong><\/p>\n<p data-start=\"617\" data-end=\"633\">Asfalto gamyba<\/p>\n<p data-start=\"636\" data-end=\"653\">Cemento pramon\u0117<\/p>\n<p data-start=\"656\" data-end=\"680\">Kalki\u0173 ir gipso gamyba<\/p>\n<p data-start=\"683\" data-end=\"709\">Liejyklos ir metalurgija<\/p>\n<p data-start=\"712\" data-end=\"730\">Chemijos pramon\u0117<\/p>\n<p><strong data-start=\"752\" data-end=\"776\">Susisiekite su mumis<\/strong> ir mes pad\u0117sime rasti geriausi\u0105 sprendim\u0105 j\u016bs\u0173 poreikiams!<\/p>","protected":false},"excerpt":{"rendered":"<p>Meta-aramido (Nomex) adatiniu b\u016bdu pagamintas audinio \/ veltinio filtro mai\u0161as yra skirtas auk\u0161tos temperat\u016bros filtravimo procesams. Jis pasi\u017eymi puikiu terminiu [&hellip;]<\/p>","protected":false},"featured_media":2457,"template":"","meta":{"site-sidebar-layout":"default","site-content-layout":"","ast-site-content-layout":"default","site-content-style":"default","site-sidebar-style":"default","ast-global-header-display":"","ast-banner-title-visibility":"","ast-main-header-display":"","ast-hfb-above-header-display":"","ast-hfb-below-header-display":"","ast-hfb-mobile-header-display":"","site-post-title":"","ast-breadcrumbs-content":"","ast-featured-img":"","footer-sml-layout":"","ast-disable-related-posts":"","theme-transparent-header-meta":"default","adv-header-id-meta":"","stick-header-meta":"","header-above-stick-meta":"","header-main-stick-meta":"","header-below-stick-meta":"","astra-migrate-meta-layouts":"set","ast-page-background-enabled":"default","ast-page-background-meta":{"desktop":{"background-color":"var(--ast-global-color-4)","background-image":"","background-repeat":"repeat","background-position":"center center","background-size":"auto","background-attachment":"scroll","background-type":"","background-media":"","overlay-type":"","overlay-color":"","overlay-opacity":"","overlay-gradient":""},"tablet":{"background-color":"","background-image":"","background-repeat":"repeat","background-position":"center center","background-size":"auto","background-attachment":"scroll","background-type":"","background-media":"","overlay-type":"","overlay-color":"","overlay-opacity":"","overlay-gradient":""},"mobile":{"background-color":"","background-image":"","background-repeat":"repeat","background-position":"center center","background-size":"auto","background-attachment":"scroll","background-type":"","background-media":"","overlay-type":"","overlay-color":"","overlay-opacity":"","overlay-gradient":""}},"ast-content-background-meta":{"desktop":{"background-color":"var(--ast-global-color-5)","background-image":"","background-repeat":"repeat","background-position":"center center","background-size":"auto","background-attachment":"scroll","background-type":"","background-media":"","overlay-type":"","overlay-color":"","overlay-opacity":"","overlay-gradient":""},"tablet":{"background-color":"var(--ast-global-color-5)","background-image":"","background-repeat":"repeat","background-position":"center center","background-size":"auto","background-attachment":"scroll","background-type":"","background-media":"","overlay-type":"","overlay-color":"","overlay-opacity":"","overlay-gradient":""},"mobile":{"background-color":"var(--ast-global-color-5)","background-image":"","background-repeat":"repeat","background-position":"center center","background-size":"auto","background-attachment":"scroll","background-type":"","background-media":"","overlay-type":"","overlay-color":"","overlay-opacity":"","overlay-gradient":""}}},"product_brand":[],"product_cat":[33,145],"product_tag":[],"class_list":{"0":"post-2455","1":"product","2":"type-product","3":"status-publish","4":"has-post-thumbnail","6":"product_cat-filtrai","7":"product_cat-medziaginio-audinio-filtrai","8":"desktop-align-left","9":"tablet-align-left","10":"mobile-align-left","12":"first","13":"instock","14":"shipping-taxable","15":"product-type-simple"},"yoast_head":"<!-- This site is optimized with the Yoast SEO plugin v27.5 - https:\/\/yoast.com\/product\/yoast-seo-wordpress\/ -->\n<title>Veltinio audinio filtrai - ENVITEKA<\/title>\n<meta name=\"description\" content=\"Atraskite auk\u0161tos kokyb\u0117s filtrus, kurie u\u017etikrina efektyv\u0173 dulki\u0173 sulaikym\u0105 pramonin\u0117se sistemose. Pasirinkite patikimum\u0105 \u0161iandien!\" \/>\n<meta name=\"robots\" content=\"index, follow, max-snippet:-1, max-image-preview:large, max-video-preview:-1\" \/>\n<link rel=\"canonical\" href=\"https:\/\/enviteka.lt\/en\/product\/veltinio-audinio-filtrai\/\" \/>\n<meta property=\"og:locale\" content=\"en_US\" \/>\n<meta property=\"og:type\" content=\"article\" \/>\n<meta property=\"og:title\" content=\"Veltinio audinio filtrai - ENVITEKA\" \/>\n<meta property=\"og:description\" content=\"Atraskite auk\u0161tos kokyb\u0117s filtrus, kurie u\u017etikrina efektyv\u0173 dulki\u0173 sulaikym\u0105 pramonin\u0117se sistemose. Pasirinkite patikimum\u0105 \u0161iandien!\" \/>\n<meta property=\"og:url\" content=\"https:\/\/enviteka.lt\/en\/product\/veltinio-audinio-filtrai\/\" \/>\n<meta property=\"og:site_name\" content=\"ENVITEKA\" \/>\n<meta property=\"article:modified_time\" content=\"2026-02-24T18:45:09+00:00\" \/>\n<meta property=\"og:image\" content=\"https:\/\/enviteka.lt\/wp-content\/uploads\/2026\/02\/veltinio_filtras_enviteka.jpg\" \/>\n\t<meta property=\"og:image:width\" content=\"489\" \/>\n\t<meta property=\"og:image:height\" content=\"566\" \/>\n\t<meta property=\"og:image:type\" content=\"image\/jpeg\" \/>\n<meta name=\"twitter:card\" content=\"summary_large_image\" \/>\n<meta name=\"twitter:label1\" content=\"Est. reading time\" \/>\n\t<meta name=\"twitter:data1\" content=\"1 minute\" \/>\n<script type=\"application\/ld+json\" class=\"yoast-schema-graph\">{\"@context\":\"https:\\\/\\\/schema.org\",\"@graph\":[{\"@type\":\"WebPage\",\"@id\":\"https:\\\/\\\/enviteka.lt\\\/produktas\\\/veltinio-audinio-filtrai\\\/\",\"url\":\"https:\\\/\\\/enviteka.lt\\\/produktas\\\/veltinio-audinio-filtrai\\\/\",\"name\":\"Veltinio audinio filtrai - ENVITEKA\",\"isPartOf\":{\"@id\":\"https:\\\/\\\/enviteka.lt\\\/#website\"},\"primaryImageOfPage\":{\"@id\":\"https:\\\/\\\/enviteka.lt\\\/produktas\\\/veltinio-audinio-filtrai\\\/#primaryimage\"},\"image\":{\"@id\":\"https:\\\/\\\/enviteka.lt\\\/produktas\\\/veltinio-audinio-filtrai\\\/#primaryimage\"},\"thumbnailUrl\":\"https:\\\/\\\/enviteka.lt\\\/wp-content\\\/uploads\\\/2026\\\/02\\\/veltinio_filtras_enviteka.jpg\",\"datePublished\":\"2026-02-22T18:45:04+00:00\",\"dateModified\":\"2026-02-24T18:45:09+00:00\",\"description\":\"Atraskite auk\u0161tos kokyb\u0117s filtrus, kurie u\u017etikrina efektyv\u0173 dulki\u0173 sulaikym\u0105 pramonin\u0117se sistemose. Pasirinkite patikimum\u0105 \u0161iandien!\",\"breadcrumb\":{\"@id\":\"https:\\\/\\\/enviteka.lt\\\/produktas\\\/veltinio-audinio-filtrai\\\/#breadcrumb\"},\"inLanguage\":\"en-US\",\"potentialAction\":[{\"@type\":\"ReadAction\",\"target\":[\"https:\\\/\\\/enviteka.lt\\\/produktas\\\/veltinio-audinio-filtrai\\\/\"]}]},{\"@type\":\"ImageObject\",\"inLanguage\":\"en-US\",\"@id\":\"https:\\\/\\\/enviteka.lt\\\/produktas\\\/veltinio-audinio-filtrai\\\/#primaryimage\",\"url\":\"https:\\\/\\\/enviteka.lt\\\/wp-content\\\/uploads\\\/2026\\\/02\\\/veltinio_filtras_enviteka.jpg\",\"contentUrl\":\"https:\\\/\\\/enviteka.lt\\\/wp-content\\\/uploads\\\/2026\\\/02\\\/veltinio_filtras_enviteka.jpg\",\"width\":489,\"height\":566},{\"@type\":\"BreadcrumbList\",\"@id\":\"https:\\\/\\\/enviteka.lt\\\/produktas\\\/veltinio-audinio-filtrai\\\/#breadcrumb\",\"itemListElement\":[{\"@type\":\"ListItem\",\"position\":1,\"name\":\"Home\",\"item\":\"https:\\\/\\\/enviteka.lt\\\/\"},{\"@type\":\"ListItem\",\"position\":2,\"name\":\"Produktai\",\"item\":\"https:\\\/\\\/enviteka.lt\\\/produktai\\\/\"},{\"@type\":\"ListItem\",\"position\":3,\"name\":\"Veltinio audinio filtrai\"}]},{\"@type\":\"WebSite\",\"@id\":\"https:\\\/\\\/enviteka.lt\\\/#website\",\"url\":\"https:\\\/\\\/enviteka.lt\\\/\",\"name\":\"ENVITEKA\",\"description\":\"pramonin\u0117s \u012frangos tiek\u0117jas\",\"publisher\":{\"@id\":\"https:\\\/\\\/enviteka.lt\\\/#organization\"},\"potentialAction\":[{\"@type\":\"SearchAction\",\"target\":{\"@type\":\"EntryPoint\",\"urlTemplate\":\"https:\\\/\\\/enviteka.lt\\\/?s={search_term_string}\"},\"query-input\":{\"@type\":\"PropertyValueSpecification\",\"valueRequired\":true,\"valueName\":\"search_term_string\"}}],\"inLanguage\":\"en-US\"},{\"@type\":\"Organization\",\"@id\":\"https:\\\/\\\/enviteka.lt\\\/#organization\",\"name\":\"ENVITEKA\",\"url\":\"https:\\\/\\\/enviteka.lt\\\/\",\"logo\":{\"@type\":\"ImageObject\",\"inLanguage\":\"en-US\",\"@id\":\"https:\\\/\\\/enviteka.lt\\\/#\\\/schema\\\/logo\\\/image\\\/\",\"url\":\"https:\\\/\\\/enviteka.lt\\\/wp-content\\\/uploads\\\/2024\\\/10\\\/enviteka-high-resolution-logo-transparent-e1742852093377.png\",\"contentUrl\":\"https:\\\/\\\/enviteka.lt\\\/wp-content\\\/uploads\\\/2024\\\/10\\\/enviteka-high-resolution-logo-transparent-e1742852093377.png\",\"width\":424,\"height\":150,\"caption\":\"ENVITEKA\"},\"image\":{\"@id\":\"https:\\\/\\\/enviteka.lt\\\/#\\\/schema\\\/logo\\\/image\\\/\"}}]}<\/script>\n<!-- \/ Yoast SEO plugin. -->","yoast_head_json":{"title":"Veltinio audinio filtrai - ENVITEKA","description":"Atraskite auk\u0161tos kokyb\u0117s filtrus, kurie u\u017etikrina efektyv\u0173 dulki\u0173 sulaikym\u0105 pramonin\u0117se sistemose. Pasirinkite patikimum\u0105 \u0161iandien!","robots":{"index":"index","follow":"follow","max-snippet":"max-snippet:-1","max-image-preview":"max-image-preview:large","max-video-preview":"max-video-preview:-1"},"canonical":"https:\/\/enviteka.lt\/en\/product\/veltinio-audinio-filtrai\/","og_locale":"en_US","og_type":"article","og_title":"Veltinio audinio filtrai - ENVITEKA","og_description":"Atraskite auk\u0161tos kokyb\u0117s filtrus, kurie u\u017etikrina efektyv\u0173 dulki\u0173 sulaikym\u0105 pramonin\u0117se sistemose. Pasirinkite patikimum\u0105 \u0161iandien!","og_url":"https:\/\/enviteka.lt\/en\/product\/veltinio-audinio-filtrai\/","og_site_name":"ENVITEKA","article_modified_time":"2026-02-24T18:45:09+00:00","og_image":[{"width":489,"height":566,"url":"https:\/\/enviteka.lt\/wp-content\/uploads\/2026\/02\/veltinio_filtras_enviteka.jpg","type":"image\/jpeg"}],"twitter_card":"summary_large_image","twitter_misc":{"Est. reading time":"1 minute"},"schema":{"@context":"https:\/\/schema.org","@graph":[{"@type":"WebPage","@id":"https:\/\/enviteka.lt\/produktas\/veltinio-audinio-filtrai\/","url":"https:\/\/enviteka.lt\/produktas\/veltinio-audinio-filtrai\/","name":"Veltinio audinio filtrai - ENVITEKA","isPartOf":{"@id":"https:\/\/enviteka.lt\/#website"},"primaryImageOfPage":{"@id":"https:\/\/enviteka.lt\/produktas\/veltinio-audinio-filtrai\/#primaryimage"},"image":{"@id":"https:\/\/enviteka.lt\/produktas\/veltinio-audinio-filtrai\/#primaryimage"},"thumbnailUrl":"https:\/\/enviteka.lt\/wp-content\/uploads\/2026\/02\/veltinio_filtras_enviteka.jpg","datePublished":"2026-02-22T18:45:04+00:00","dateModified":"2026-02-24T18:45:09+00:00","description":"Atraskite auk\u0161tos kokyb\u0117s filtrus, kurie u\u017etikrina efektyv\u0173 dulki\u0173 sulaikym\u0105 pramonin\u0117se sistemose. Pasirinkite patikimum\u0105 \u0161iandien!","breadcrumb":{"@id":"https:\/\/enviteka.lt\/produktas\/veltinio-audinio-filtrai\/#breadcrumb"},"inLanguage":"en-US","potentialAction":[{"@type":"ReadAction","target":["https:\/\/enviteka.lt\/produktas\/veltinio-audinio-filtrai\/"]}]},{"@type":"ImageObject","inLanguage":"en-US","@id":"https:\/\/enviteka.lt\/produktas\/veltinio-audinio-filtrai\/#primaryimage","url":"https:\/\/enviteka.lt\/wp-content\/uploads\/2026\/02\/veltinio_filtras_enviteka.jpg","contentUrl":"https:\/\/enviteka.lt\/wp-content\/uploads\/2026\/02\/veltinio_filtras_enviteka.jpg","width":489,"height":566},{"@type":"BreadcrumbList","@id":"https:\/\/enviteka.lt\/produktas\/veltinio-audinio-filtrai\/#breadcrumb","itemListElement":[{"@type":"ListItem","position":1,"name":"Home","item":"https:\/\/enviteka.lt\/"},{"@type":"ListItem","position":2,"name":"Produktai","item":"https:\/\/enviteka.lt\/produktai\/"},{"@type":"ListItem","position":3,"name":"Veltinio audinio filtrai"}]},{"@type":"WebSite","@id":"https:\/\/enviteka.lt\/#website","url":"https:\/\/enviteka.lt\/","name":"ENVITEKA","description":"pramonin\u0117s \u012frangos tiek\u0117jas","publisher":{"@id":"https:\/\/enviteka.lt\/#organization"},"potentialAction":[{"@type":"SearchAction","target":{"@type":"EntryPoint","urlTemplate":"https:\/\/enviteka.lt\/?s={search_term_string}"},"query-input":{"@type":"PropertyValueSpecification","valueRequired":true,"valueName":"search_term_string"}}],"inLanguage":"en-US"},{"@type":"Organization","@id":"https:\/\/enviteka.lt\/#organization","name":"ENVITEKA","url":"https:\/\/enviteka.lt\/","logo":{"@type":"ImageObject","inLanguage":"en-US","@id":"https:\/\/enviteka.lt\/#\/schema\/logo\/image\/","url":"https:\/\/enviteka.lt\/wp-content\/uploads\/2024\/10\/enviteka-high-resolution-logo-transparent-e1742852093377.png","contentUrl":"https:\/\/enviteka.lt\/wp-content\/uploads\/2024\/10\/enviteka-high-resolution-logo-transparent-e1742852093377.png","width":424,"height":150,"caption":"ENVITEKA"},"image":{"@id":"https:\/\/enviteka.lt\/#\/schema\/logo\/image\/"}}]}},"_links":{"self":[{"href":"https:\/\/enviteka.lt\/en\/wp-json\/wp\/v2\/product\/2455","targetHints":{"allow":["GET"]}}],"collection":[{"href":"https:\/\/enviteka.lt\/en\/wp-json\/wp\/v2\/product"}],"about":[{"href":"https:\/\/enviteka.lt\/en\/wp-json\/wp\/v2\/types\/product"}],"wp:featuredmedia":[{"embeddable":true,"href":"https:\/\/enviteka.lt\/en\/wp-json\/wp\/v2\/media\/2457"}],"wp:attachment":[{"href":"https:\/\/enviteka.lt\/en\/wp-json\/wp\/v2\/media?parent=2455"}],"wp:term":[{"taxonomy":"product_brand","embeddable":true,"href":"https:\/\/enviteka.lt\/en\/wp-json\/wp\/v2\/product_brand?post=2455"},{"taxonomy":"product_cat","embeddable":true,"href":"https:\/\/enviteka.lt\/en\/wp-json\/wp\/v2\/product_cat?post=2455"},{"taxonomy":"product_tag","embeddable":true,"href":"https:\/\/enviteka.lt\/en\/wp-json\/wp\/v2\/product_tag?post=2455"}],"curies":[{"name":"wp","href":"https:\/\/api.w.org\/{rel}","templated":true}]}}