{"id":2452,"date":"2026-02-22T18:40:49","date_gmt":"2026-02-22T18:40:49","guid":{"rendered":"https:\/\/enviteka.lt\/?post_type=product&#038;p=2452"},"modified":"2026-02-24T18:45:17","modified_gmt":"2026-02-24T18:45:17","slug":"pps-audinio-filtrai","status":"publish","type":"product","link":"https:\/\/enviteka.lt\/en\/product\/pps-audinio-filtrai\/","title":{"rendered":"PPS audinio filtrai"},"content":{"rendered":"<p>PPS (Ryton) adatiniu b\u016bdu pagamintas audinio \/ veltinio filtro mai\u0161as yra \u017einomas d\u0117l savo auk\u0161to terminio atsparumo ir mechaninio stiprumo. Jis u\u017etikrina patikim\u0105 filtravim\u0105 auk\u0161tos temperat\u016bros procesuose ir pasi\u017eymi liepsn\u0105 slopinan\u010diomis savyb\u0117mis.<\/p>\n<p><strong>Pagrindin\u0117s savyb\u0117s:<\/strong><\/p>\n<p>Labai geras atsparumas auk\u0161tai temperat\u016brai<\/p>\n<p data-start=\"395\" data-end=\"425\">Didelis mechaninis stiprumas<\/p>\n<p data-start=\"428\" data-end=\"468\">Atsparumas daugeliui chemini\u0173 med\u017eiag\u0173<\/p>\n<p data-start=\"471\" data-end=\"501\">Liepsn\u0105 slopinanti strukt\u016bra<\/p>\n<p data-start=\"504\" data-end=\"559\">Ilgaam\u017eis sprendimas sud\u0117tingoms pramonin\u0117ms s\u0105lygoms<\/p>\n<p><strong>Darbin\u0117s charakteristikos:<\/strong><\/p>\n<p><strong data-start=\"401\" data-end=\"437\">Maksimali nuolatin\u0117 temperat\u016bra:<\/strong> 204\u00b0C (400\u00b0F)<\/p>\n<p data-start=\"456\" data-end=\"510\"><strong data-start=\"456\" data-end=\"494\">Maksimali trumpalaik\u0117 temperat\u016bra:<\/strong> 218\u00b0C (425\u00b0F)<\/p>\n<p data-start=\"513\" data-end=\"545\"><strong data-start=\"513\" data-end=\"537\">Atsparumas trin\u010diai:<\/strong> Geras<\/p>\n<p data-start=\"548\" data-end=\"579\"><strong data-start=\"548\" data-end=\"571\">Atsparumas \u0161armams:<\/strong> Geras<\/p>\n<p data-start=\"582\" data-end=\"613\"><em data-start=\"582\" data-end=\"605\">Jautrus hidrolizei:<\/em>* Taip<\/p>\n<p data-start=\"616\" data-end=\"654\"><strong data-start=\"616\" data-end=\"639\">Cheminis atsparumas<\/strong>:** Vidutinis<\/p>\n<p><strong>Pritaikymo sritys:<\/strong><\/p>\n<p>Asfalto gamyba<\/p>\n<p data-start=\"1327\" data-end=\"1337\">Karjerai<\/p>\n<p data-start=\"1340\" data-end=\"1356\">Kalki\u0173 pramon\u0117<\/p>\n<p data-start=\"1359\" data-end=\"1370\">Liejyklos<\/p>\n<p data-start=\"1373\" data-end=\"1391\">Cemento gamyklos<\/p>\n<p data-start=\"1394\" data-end=\"1410\">Metal\u0173 lydymas<\/p>\n<p data-start=\"1413\" data-end=\"1428\">Gipso pramon\u0117<\/p>\n<p data-start=\"1431\" data-end=\"1449\">Chemijos pramon\u0117<\/p>\n<p><strong data-start=\"752\" data-end=\"776\">Susisiekite su mumis<\/strong> ir mes pad\u0117sime rasti geriausi\u0105 sprendim\u0105 j\u016bs\u0173 poreikiams!<\/p>","protected":false},"excerpt":{"rendered":"<p>PPS (Ryton) adatiniu b\u016bdu pagamintas audinio \/ veltinio filtro mai\u0161as yra \u017einomas d\u0117l savo auk\u0161to terminio atsparumo ir mechaninio stiprumo. [&hellip;]<\/p>","protected":false},"featured_media":2454,"template":"","meta":{"site-sidebar-layout":"default","site-content-layout":"","ast-site-content-layout":"default","site-content-style":"default","site-sidebar-style":"default","ast-global-header-display":"","ast-banner-title-visibility":"","ast-main-header-display":"","ast-hfb-above-header-display":"","ast-hfb-below-header-display":"","ast-hfb-mobile-header-display":"","site-post-title":"","ast-breadcrumbs-content":"","ast-featured-img":"","footer-sml-layout":"","ast-disable-related-posts":"","theme-transparent-header-meta":"default","adv-header-id-meta":"","stick-header-meta":"","header-above-stick-meta":"","header-main-stick-meta":"","header-below-stick-meta":"","astra-migrate-meta-layouts":"set","ast-page-background-enabled":"default","ast-page-background-meta":{"desktop":{"background-color":"var(--ast-global-color-4)","background-image":"","background-repeat":"repeat","background-position":"center center","background-size":"auto","background-attachment":"scroll","background-type":"","background-media":"","overlay-type":"","overlay-color":"","overlay-opacity":"","overlay-gradient":""},"tablet":{"background-color":"","background-image":"","background-repeat":"repeat","background-position":"center center","background-size":"auto","background-attachment":"scroll","background-type":"","background-media":"","overlay-type":"","overlay-color":"","overlay-opacity":"","overlay-gradient":""},"mobile":{"background-color":"","background-image":"","background-repeat":"repeat","background-position":"center center","background-size":"auto","background-attachment":"scroll","background-type":"","background-media":"","overlay-type":"","overlay-color":"","overlay-opacity":"","overlay-gradient":""}},"ast-content-background-meta":{"desktop":{"background-color":"var(--ast-global-color-5)","background-image":"","background-repeat":"repeat","background-position":"center center","background-size":"auto","background-attachment":"scroll","background-type":"","background-media":"","overlay-type":"","overlay-color":"","overlay-opacity":"","overlay-gradient":""},"tablet":{"background-color":"var(--ast-global-color-5)","background-image":"","background-repeat":"repeat","background-position":"center center","background-size":"auto","background-attachment":"scroll","background-type":"","background-media":"","overlay-type":"","overlay-color":"","overlay-opacity":"","overlay-gradient":""},"mobile":{"background-color":"var(--ast-global-color-5)","background-image":"","background-repeat":"repeat","background-position":"center center","background-size":"auto","background-attachment":"scroll","background-type":"","background-media":"","overlay-type":"","overlay-color":"","overlay-opacity":"","overlay-gradient":""}}},"product_brand":[],"product_cat":[33,145],"product_tag":[],"class_list":{"0":"post-2452","1":"product","2":"type-product","3":"status-publish","4":"has-post-thumbnail","6":"product_cat-filtrai","7":"product_cat-medziaginio-audinio-filtrai","8":"desktop-align-left","9":"tablet-align-left","10":"mobile-align-left","12":"first","13":"instock","14":"shipping-taxable","15":"product-type-simple"},"yoast_head":"<!-- This site is optimized with the Yoast SEO plugin v27.5 - https:\/\/yoast.com\/product\/yoast-seo-wordpress\/ -->\n<title>PPS audinio filtrai - ENVITEKA<\/title>\n<meta name=\"description\" content=\"Atraskite auk\u0161tos kokyb\u0117s filtrus, kurie u\u017etikrina efektyv\u0173 dulki\u0173 sulaikym\u0105 pramonin\u0117se sistemose. Pasirinkite patikimum\u0105 \u0161iandien!\" \/>\n<meta name=\"robots\" content=\"index, follow, max-snippet:-1, max-image-preview:large, max-video-preview:-1\" \/>\n<link rel=\"canonical\" href=\"https:\/\/enviteka.lt\/en\/product\/pps-audinio-filtrai\/\" \/>\n<meta property=\"og:locale\" content=\"en_US\" \/>\n<meta property=\"og:type\" content=\"article\" \/>\n<meta property=\"og:title\" content=\"PPS audinio filtrai - ENVITEKA\" \/>\n<meta property=\"og:description\" content=\"Atraskite auk\u0161tos kokyb\u0117s filtrus, kurie u\u017etikrina efektyv\u0173 dulki\u0173 sulaikym\u0105 pramonin\u0117se sistemose. Pasirinkite patikimum\u0105 \u0161iandien!\" \/>\n<meta property=\"og:url\" content=\"https:\/\/enviteka.lt\/en\/product\/pps-audinio-filtrai\/\" \/>\n<meta property=\"og:site_name\" content=\"ENVITEKA\" \/>\n<meta property=\"article:modified_time\" content=\"2026-02-24T18:45:17+00:00\" \/>\n<meta property=\"og:image\" content=\"https:\/\/enviteka.lt\/wp-content\/uploads\/2026\/02\/pps_maisinis_filtras.jpg\" \/>\n\t<meta property=\"og:image:width\" content=\"495\" \/>\n\t<meta property=\"og:image:height\" content=\"573\" \/>\n\t<meta property=\"og:image:type\" content=\"image\/jpeg\" \/>\n<meta name=\"twitter:card\" content=\"summary_large_image\" \/>\n<meta name=\"twitter:label1\" content=\"Est. reading time\" \/>\n\t<meta name=\"twitter:data1\" content=\"1 minute\" \/>\n<script type=\"application\/ld+json\" class=\"yoast-schema-graph\">{\"@context\":\"https:\\\/\\\/schema.org\",\"@graph\":[{\"@type\":\"WebPage\",\"@id\":\"https:\\\/\\\/enviteka.lt\\\/produktas\\\/pps-audinio-filtrai\\\/\",\"url\":\"https:\\\/\\\/enviteka.lt\\\/produktas\\\/pps-audinio-filtrai\\\/\",\"name\":\"PPS audinio filtrai - ENVITEKA\",\"isPartOf\":{\"@id\":\"https:\\\/\\\/enviteka.lt\\\/#website\"},\"primaryImageOfPage\":{\"@id\":\"https:\\\/\\\/enviteka.lt\\\/produktas\\\/pps-audinio-filtrai\\\/#primaryimage\"},\"image\":{\"@id\":\"https:\\\/\\\/enviteka.lt\\\/produktas\\\/pps-audinio-filtrai\\\/#primaryimage\"},\"thumbnailUrl\":\"https:\\\/\\\/enviteka.lt\\\/wp-content\\\/uploads\\\/2026\\\/02\\\/pps_maisinis_filtras.jpg\",\"datePublished\":\"2026-02-22T18:40:49+00:00\",\"dateModified\":\"2026-02-24T18:45:17+00:00\",\"description\":\"Atraskite auk\u0161tos kokyb\u0117s filtrus, kurie u\u017etikrina efektyv\u0173 dulki\u0173 sulaikym\u0105 pramonin\u0117se sistemose. Pasirinkite patikimum\u0105 \u0161iandien!\",\"breadcrumb\":{\"@id\":\"https:\\\/\\\/enviteka.lt\\\/produktas\\\/pps-audinio-filtrai\\\/#breadcrumb\"},\"inLanguage\":\"en-US\",\"potentialAction\":[{\"@type\":\"ReadAction\",\"target\":[\"https:\\\/\\\/enviteka.lt\\\/produktas\\\/pps-audinio-filtrai\\\/\"]}]},{\"@type\":\"ImageObject\",\"inLanguage\":\"en-US\",\"@id\":\"https:\\\/\\\/enviteka.lt\\\/produktas\\\/pps-audinio-filtrai\\\/#primaryimage\",\"url\":\"https:\\\/\\\/enviteka.lt\\\/wp-content\\\/uploads\\\/2026\\\/02\\\/pps_maisinis_filtras.jpg\",\"contentUrl\":\"https:\\\/\\\/enviteka.lt\\\/wp-content\\\/uploads\\\/2026\\\/02\\\/pps_maisinis_filtras.jpg\",\"width\":495,\"height\":573},{\"@type\":\"BreadcrumbList\",\"@id\":\"https:\\\/\\\/enviteka.lt\\\/produktas\\\/pps-audinio-filtrai\\\/#breadcrumb\",\"itemListElement\":[{\"@type\":\"ListItem\",\"position\":1,\"name\":\"Home\",\"item\":\"https:\\\/\\\/enviteka.lt\\\/\"},{\"@type\":\"ListItem\",\"position\":2,\"name\":\"Produktai\",\"item\":\"https:\\\/\\\/enviteka.lt\\\/produktai\\\/\"},{\"@type\":\"ListItem\",\"position\":3,\"name\":\"PPS audinio filtrai\"}]},{\"@type\":\"WebSite\",\"@id\":\"https:\\\/\\\/enviteka.lt\\\/#website\",\"url\":\"https:\\\/\\\/enviteka.lt\\\/\",\"name\":\"ENVITEKA\",\"description\":\"pramonin\u0117s \u012frangos tiek\u0117jas\",\"publisher\":{\"@id\":\"https:\\\/\\\/enviteka.lt\\\/#organization\"},\"potentialAction\":[{\"@type\":\"SearchAction\",\"target\":{\"@type\":\"EntryPoint\",\"urlTemplate\":\"https:\\\/\\\/enviteka.lt\\\/?s={search_term_string}\"},\"query-input\":{\"@type\":\"PropertyValueSpecification\",\"valueRequired\":true,\"valueName\":\"search_term_string\"}}],\"inLanguage\":\"en-US\"},{\"@type\":\"Organization\",\"@id\":\"https:\\\/\\\/enviteka.lt\\\/#organization\",\"name\":\"ENVITEKA\",\"url\":\"https:\\\/\\\/enviteka.lt\\\/\",\"logo\":{\"@type\":\"ImageObject\",\"inLanguage\":\"en-US\",\"@id\":\"https:\\\/\\\/enviteka.lt\\\/#\\\/schema\\\/logo\\\/image\\\/\",\"url\":\"https:\\\/\\\/enviteka.lt\\\/wp-content\\\/uploads\\\/2024\\\/10\\\/enviteka-high-resolution-logo-transparent-e1742852093377.png\",\"contentUrl\":\"https:\\\/\\\/enviteka.lt\\\/wp-content\\\/uploads\\\/2024\\\/10\\\/enviteka-high-resolution-logo-transparent-e1742852093377.png\",\"width\":424,\"height\":150,\"caption\":\"ENVITEKA\"},\"image\":{\"@id\":\"https:\\\/\\\/enviteka.lt\\\/#\\\/schema\\\/logo\\\/image\\\/\"}}]}<\/script>\n<!-- \/ Yoast SEO plugin. -->","yoast_head_json":{"title":"PPS audinio filtrai - ENVITEKA","description":"Atraskite auk\u0161tos kokyb\u0117s filtrus, kurie u\u017etikrina efektyv\u0173 dulki\u0173 sulaikym\u0105 pramonin\u0117se sistemose. Pasirinkite patikimum\u0105 \u0161iandien!","robots":{"index":"index","follow":"follow","max-snippet":"max-snippet:-1","max-image-preview":"max-image-preview:large","max-video-preview":"max-video-preview:-1"},"canonical":"https:\/\/enviteka.lt\/en\/product\/pps-audinio-filtrai\/","og_locale":"en_US","og_type":"article","og_title":"PPS audinio filtrai - ENVITEKA","og_description":"Atraskite auk\u0161tos kokyb\u0117s filtrus, kurie u\u017etikrina efektyv\u0173 dulki\u0173 sulaikym\u0105 pramonin\u0117se sistemose. Pasirinkite patikimum\u0105 \u0161iandien!","og_url":"https:\/\/enviteka.lt\/en\/product\/pps-audinio-filtrai\/","og_site_name":"ENVITEKA","article_modified_time":"2026-02-24T18:45:17+00:00","og_image":[{"width":495,"height":573,"url":"https:\/\/enviteka.lt\/wp-content\/uploads\/2026\/02\/pps_maisinis_filtras.jpg","type":"image\/jpeg"}],"twitter_card":"summary_large_image","twitter_misc":{"Est. reading time":"1 minute"},"schema":{"@context":"https:\/\/schema.org","@graph":[{"@type":"WebPage","@id":"https:\/\/enviteka.lt\/produktas\/pps-audinio-filtrai\/","url":"https:\/\/enviteka.lt\/produktas\/pps-audinio-filtrai\/","name":"PPS audinio filtrai - ENVITEKA","isPartOf":{"@id":"https:\/\/enviteka.lt\/#website"},"primaryImageOfPage":{"@id":"https:\/\/enviteka.lt\/produktas\/pps-audinio-filtrai\/#primaryimage"},"image":{"@id":"https:\/\/enviteka.lt\/produktas\/pps-audinio-filtrai\/#primaryimage"},"thumbnailUrl":"https:\/\/enviteka.lt\/wp-content\/uploads\/2026\/02\/pps_maisinis_filtras.jpg","datePublished":"2026-02-22T18:40:49+00:00","dateModified":"2026-02-24T18:45:17+00:00","description":"Atraskite auk\u0161tos kokyb\u0117s filtrus, kurie u\u017etikrina efektyv\u0173 dulki\u0173 sulaikym\u0105 pramonin\u0117se sistemose. Pasirinkite patikimum\u0105 \u0161iandien!","breadcrumb":{"@id":"https:\/\/enviteka.lt\/produktas\/pps-audinio-filtrai\/#breadcrumb"},"inLanguage":"en-US","potentialAction":[{"@type":"ReadAction","target":["https:\/\/enviteka.lt\/produktas\/pps-audinio-filtrai\/"]}]},{"@type":"ImageObject","inLanguage":"en-US","@id":"https:\/\/enviteka.lt\/produktas\/pps-audinio-filtrai\/#primaryimage","url":"https:\/\/enviteka.lt\/wp-content\/uploads\/2026\/02\/pps_maisinis_filtras.jpg","contentUrl":"https:\/\/enviteka.lt\/wp-content\/uploads\/2026\/02\/pps_maisinis_filtras.jpg","width":495,"height":573},{"@type":"BreadcrumbList","@id":"https:\/\/enviteka.lt\/produktas\/pps-audinio-filtrai\/#breadcrumb","itemListElement":[{"@type":"ListItem","position":1,"name":"Home","item":"https:\/\/enviteka.lt\/"},{"@type":"ListItem","position":2,"name":"Produktai","item":"https:\/\/enviteka.lt\/produktai\/"},{"@type":"ListItem","position":3,"name":"PPS audinio filtrai"}]},{"@type":"WebSite","@id":"https:\/\/enviteka.lt\/#website","url":"https:\/\/enviteka.lt\/","name":"ENVITEKA","description":"pramonin\u0117s \u012frangos tiek\u0117jas","publisher":{"@id":"https:\/\/enviteka.lt\/#organization"},"potentialAction":[{"@type":"SearchAction","target":{"@type":"EntryPoint","urlTemplate":"https:\/\/enviteka.lt\/?s={search_term_string}"},"query-input":{"@type":"PropertyValueSpecification","valueRequired":true,"valueName":"search_term_string"}}],"inLanguage":"en-US"},{"@type":"Organization","@id":"https:\/\/enviteka.lt\/#organization","name":"ENVITEKA","url":"https:\/\/enviteka.lt\/","logo":{"@type":"ImageObject","inLanguage":"en-US","@id":"https:\/\/enviteka.lt\/#\/schema\/logo\/image\/","url":"https:\/\/enviteka.lt\/wp-content\/uploads\/2024\/10\/enviteka-high-resolution-logo-transparent-e1742852093377.png","contentUrl":"https:\/\/enviteka.lt\/wp-content\/uploads\/2024\/10\/enviteka-high-resolution-logo-transparent-e1742852093377.png","width":424,"height":150,"caption":"ENVITEKA"},"image":{"@id":"https:\/\/enviteka.lt\/#\/schema\/logo\/image\/"}}]}},"_links":{"self":[{"href":"https:\/\/enviteka.lt\/en\/wp-json\/wp\/v2\/product\/2452","targetHints":{"allow":["GET"]}}],"collection":[{"href":"https:\/\/enviteka.lt\/en\/wp-json\/wp\/v2\/product"}],"about":[{"href":"https:\/\/enviteka.lt\/en\/wp-json\/wp\/v2\/types\/product"}],"wp:featuredmedia":[{"embeddable":true,"href":"https:\/\/enviteka.lt\/en\/wp-json\/wp\/v2\/media\/2454"}],"wp:attachment":[{"href":"https:\/\/enviteka.lt\/en\/wp-json\/wp\/v2\/media?parent=2452"}],"wp:term":[{"taxonomy":"product_brand","embeddable":true,"href":"https:\/\/enviteka.lt\/en\/wp-json\/wp\/v2\/product_brand?post=2452"},{"taxonomy":"product_cat","embeddable":true,"href":"https:\/\/enviteka.lt\/en\/wp-json\/wp\/v2\/product_cat?post=2452"},{"taxonomy":"product_tag","embeddable":true,"href":"https:\/\/enviteka.lt\/en\/wp-json\/wp\/v2\/product_tag?post=2452"}],"curies":[{"name":"wp","href":"https:\/\/api.w.org\/{rel}","templated":true}]}}