{"id":2426,"date":"2026-02-21T19:30:51","date_gmt":"2026-02-21T19:30:51","guid":{"rendered":"https:\/\/enviteka.lt\/?post_type=product&#038;p=2426"},"modified":"2026-02-21T19:33:59","modified_gmt":"2026-02-21T19:33:59","slug":"lenktu-fiksatoriu-kasetiniai-filtrai","status":"publish","type":"product","link":"https:\/\/enviteka.lt\/en\/product\/lenktu-fiksatoriu-kasetiniai-filtrai\/","title":{"rendered":"Lenkt\u0173 fiksatori\u0173 kasetiniai filtrai"},"content":{"rendered":"<p>Lenkt\u0173 fiksatori\u0173 kasetinis filtras skirtas pramonin\u0117ms dulki\u0173 surinkimo sistemoms, kur reikalingas greitas montavimas ir patikimas u\u017efiksavimas. Speciali lenkt\u0173 laikikli\u0173 konstrukcija u\u017etikrina stabil\u0173 ir sandar\u0173 sujungim\u0105 bei auk\u0161t\u0105 filtracijos efektyvum\u0105 net intensyviomis darbo s\u0105lygomis.<\/p>\n<p><strong>Pagrindin\u0117s savyb\u0117s:<\/strong><\/p>\n<p>Greitas ir saugus montavimas d\u0117l lenkt\u0173 laikikli\u0173 sistemos<\/p>\n<p>Stabilus ir sandarus sujungimas<\/p>\n<p>Auk\u0161tas dulki\u0173 sulaikymo efektyvumas<\/p>\n<p>Patvari konstrukcija, tinkama sud\u0117tingoms pramonin\u0117ms s\u0105lygoms<\/p>\n<table>\n<thead>\n<tr>\n<th>Med\u017eiaga<\/th>\n<th>Prek\u0117s \u017eenklas<\/th>\n<th>Oro pralaidumas (200 Pa)<\/th>\n<th>Por\u0173 dydis (\u03bcm)<\/th>\n<\/tr>\n<\/thead>\n<tbody>\n<tr>\n<td>Poliesteris<\/td>\n<td>General Tekstil (TR)<\/td>\n<td>85 l\/m\u00b2<\/td>\n<td>5<\/td>\n<\/tr>\n<tr>\n<td>PTFE dengtas poliesteris<\/td>\n<td>JP Air (DK)<\/td>\n<td>370 l\/m\u00b2<\/td>\n<td>1,2<\/td>\n<\/tr>\n<tr>\n<td>Aliuminio dengtas poliesteris<\/td>\n<td>JP Air (DK)<\/td>\n<td>470 l\/m\u00b2<\/td>\n<td>1,2<\/td>\n<\/tr>\n<tr>\n<td>Oleo \/ hidrofobinis poliesteris<\/td>\n<td>JP Air (DK)<\/td>\n<td>470 l\/m\u00b2<\/td>\n<td>1<\/td>\n<\/tr>\n<tr>\n<td>Ugniai atspari\u00a0 med\u017eiaga<\/td>\n<td>Hifyber (TR)<\/td>\n<td>170 l\/m\u00b2<\/td>\n<td>0,4<\/td>\n<\/tr>\n<\/tbody>\n<\/table>\n<p><strong>Matmenys:<\/strong><\/p>\n<p><strong>I\u0161orinis skersmuo:<\/strong> 328 mm<\/p>\n<p><strong>Vidinis skersmuo:<\/strong> 216 mm<\/p>\n<p><strong>Auk\u0161tis:<\/strong> pagal poreik\u012f (kintamas)<\/p>\n<p><strong>Plisuot\u0117s auk\u0161tis:<\/strong> 48 mm<\/p>\n<p><strong>Konstrukcija ir komponentai:<\/strong><\/p>\n<p><strong>Vir\u0161utin\u0117 \/ apatin\u0117 dalis:<\/strong> cinkuotas arba AISI 304 ner\u016bdijantis plienas<\/p>\n<p><strong>Vidinis tinklelis:<\/strong> perforuotas cinkuotas lak\u0161tas<\/p>\n<p><strong>Tarpin\u0117:<\/strong> EPDM arba silikonas<\/p>\n<p data-start=\"196\" data-end=\"386\"><strong data-start=\"752\" data-end=\"776\">Susisiekite su mumis<\/strong> ir mes pad\u0117sime rasti geriausi\u0105 sprendim\u0105 j\u016bs\u0173 poreikiams!<\/p>","protected":false},"excerpt":{"rendered":"<p>Lenkt\u0173 fiksatori\u0173 kasetinis filtras skirtas pramonin\u0117ms dulki\u0173 surinkimo sistemoms, kur reikalingas greitas montavimas ir patikimas u\u017efiksavimas. Speciali lenkt\u0173 laikikli\u0173 konstrukcija [&hellip;]<\/p>","protected":false},"featured_media":2428,"template":"","meta":{"site-sidebar-layout":"default","site-content-layout":"","ast-site-content-layout":"default","site-content-style":"default","site-sidebar-style":"default","ast-global-header-display":"","ast-banner-title-visibility":"","ast-main-header-display":"","ast-hfb-above-header-display":"","ast-hfb-below-header-display":"","ast-hfb-mobile-header-display":"","site-post-title":"","ast-breadcrumbs-content":"","ast-featured-img":"","footer-sml-layout":"","ast-disable-related-posts":"","theme-transparent-header-meta":"default","adv-header-id-meta":"","stick-header-meta":"","header-above-stick-meta":"","header-main-stick-meta":"","header-below-stick-meta":"","astra-migrate-meta-layouts":"set","ast-page-background-enabled":"default","ast-page-background-meta":{"desktop":{"background-color":"var(--ast-global-color-4)","background-image":"","background-repeat":"repeat","background-position":"center center","background-size":"auto","background-attachment":"scroll","background-type":"","background-media":"","overlay-type":"","overlay-color":"","overlay-opacity":"","overlay-gradient":""},"tablet":{"background-color":"","background-image":"","background-repeat":"repeat","background-position":"center center","background-size":"auto","background-attachment":"scroll","background-type":"","background-media":"","overlay-type":"","overlay-color":"","overlay-opacity":"","overlay-gradient":""},"mobile":{"background-color":"","background-image":"","background-repeat":"repeat","background-position":"center center","background-size":"auto","background-attachment":"scroll","background-type":"","background-media":"","overlay-type":"","overlay-color":"","overlay-opacity":"","overlay-gradient":""}},"ast-content-background-meta":{"desktop":{"background-color":"var(--ast-global-color-5)","background-image":"","background-repeat":"repeat","background-position":"center center","background-size":"auto","background-attachment":"scroll","background-type":"","background-media":"","overlay-type":"","overlay-color":"","overlay-opacity":"","overlay-gradient":""},"tablet":{"background-color":"var(--ast-global-color-5)","background-image":"","background-repeat":"repeat","background-position":"center center","background-size":"auto","background-attachment":"scroll","background-type":"","background-media":"","overlay-type":"","overlay-color":"","overlay-opacity":"","overlay-gradient":""},"mobile":{"background-color":"var(--ast-global-color-5)","background-image":"","background-repeat":"repeat","background-position":"center center","background-size":"auto","background-attachment":"scroll","background-type":"","background-media":"","overlay-type":"","overlay-color":"","overlay-opacity":"","overlay-gradient":""}}},"product_brand":[],"product_cat":[33,61],"product_tag":[],"class_list":{"0":"post-2426","1":"product","2":"type-product","3":"status-publish","4":"has-post-thumbnail","6":"product_cat-filtrai","7":"product_cat-kasetiniai-filtrai-pramonei","8":"desktop-align-left","9":"tablet-align-left","10":"mobile-align-left","12":"first","13":"instock","14":"shipping-taxable","15":"product-type-simple"},"yoast_head":"<!-- This site is optimized with the Yoast SEO plugin v27.5 - https:\/\/yoast.com\/product\/yoast-seo-wordpress\/ -->\n<title>Lenkt\u0173 fiksatori\u0173 kasetiniai filtrai - ENVITEKA<\/title>\n<meta name=\"description\" content=\"Atraskite auk\u0161tos kokyb\u0117s filtrus, kurie u\u017etikrina efektyv\u0173 dulki\u0173 sulaikym\u0105 pramonin\u0117se sistemose. Pasirinkite patikimum\u0105 \u0161iandien!\" \/>\n<meta name=\"robots\" content=\"index, follow, max-snippet:-1, max-image-preview:large, max-video-preview:-1\" \/>\n<link rel=\"canonical\" href=\"https:\/\/enviteka.lt\/en\/product\/lenktu-fiksatoriu-kasetiniai-filtrai\/\" \/>\n<meta property=\"og:locale\" content=\"en_US\" \/>\n<meta property=\"og:type\" content=\"article\" \/>\n<meta property=\"og:title\" content=\"Lenkt\u0173 fiksatori\u0173 kasetiniai filtrai - ENVITEKA\" \/>\n<meta property=\"og:description\" content=\"Atraskite auk\u0161tos kokyb\u0117s filtrus, kurie u\u017etikrina efektyv\u0173 dulki\u0173 sulaikym\u0105 pramonin\u0117se sistemose. Pasirinkite patikimum\u0105 \u0161iandien!\" \/>\n<meta property=\"og:url\" content=\"https:\/\/enviteka.lt\/en\/product\/lenktu-fiksatoriu-kasetiniai-filtrai\/\" \/>\n<meta property=\"og:site_name\" content=\"ENVITEKA\" \/>\n<meta property=\"article:modified_time\" content=\"2026-02-21T19:33:59+00:00\" \/>\n<meta property=\"og:image\" content=\"https:\/\/enviteka.lt\/wp-content\/uploads\/2026\/02\/kasetinis_filtas_enviteka_pirkti.jpg\" \/>\n\t<meta property=\"og:image:width\" content=\"470\" \/>\n\t<meta property=\"og:image:height\" content=\"568\" \/>\n\t<meta property=\"og:image:type\" content=\"image\/jpeg\" \/>\n<meta name=\"twitter:card\" content=\"summary_large_image\" \/>\n<meta name=\"twitter:label1\" content=\"Est. reading time\" \/>\n\t<meta name=\"twitter:data1\" content=\"2 minutes\" \/>\n<script type=\"application\/ld+json\" class=\"yoast-schema-graph\">{\"@context\":\"https:\\\/\\\/schema.org\",\"@graph\":[{\"@type\":\"WebPage\",\"@id\":\"https:\\\/\\\/enviteka.lt\\\/produktas\\\/lenktu-fiksatoriu-kasetiniai-filtrai\\\/\",\"url\":\"https:\\\/\\\/enviteka.lt\\\/produktas\\\/lenktu-fiksatoriu-kasetiniai-filtrai\\\/\",\"name\":\"Lenkt\u0173 fiksatori\u0173 kasetiniai filtrai - ENVITEKA\",\"isPartOf\":{\"@id\":\"https:\\\/\\\/enviteka.lt\\\/#website\"},\"primaryImageOfPage\":{\"@id\":\"https:\\\/\\\/enviteka.lt\\\/produktas\\\/lenktu-fiksatoriu-kasetiniai-filtrai\\\/#primaryimage\"},\"image\":{\"@id\":\"https:\\\/\\\/enviteka.lt\\\/produktas\\\/lenktu-fiksatoriu-kasetiniai-filtrai\\\/#primaryimage\"},\"thumbnailUrl\":\"https:\\\/\\\/enviteka.lt\\\/wp-content\\\/uploads\\\/2026\\\/02\\\/kasetinis_filtas_enviteka_pirkti.jpg\",\"datePublished\":\"2026-02-21T19:30:51+00:00\",\"dateModified\":\"2026-02-21T19:33:59+00:00\",\"description\":\"Atraskite auk\u0161tos kokyb\u0117s filtrus, kurie u\u017etikrina efektyv\u0173 dulki\u0173 sulaikym\u0105 pramonin\u0117se sistemose. Pasirinkite patikimum\u0105 \u0161iandien!\",\"breadcrumb\":{\"@id\":\"https:\\\/\\\/enviteka.lt\\\/produktas\\\/lenktu-fiksatoriu-kasetiniai-filtrai\\\/#breadcrumb\"},\"inLanguage\":\"en-US\",\"potentialAction\":[{\"@type\":\"ReadAction\",\"target\":[\"https:\\\/\\\/enviteka.lt\\\/produktas\\\/lenktu-fiksatoriu-kasetiniai-filtrai\\\/\"]}]},{\"@type\":\"ImageObject\",\"inLanguage\":\"en-US\",\"@id\":\"https:\\\/\\\/enviteka.lt\\\/produktas\\\/lenktu-fiksatoriu-kasetiniai-filtrai\\\/#primaryimage\",\"url\":\"https:\\\/\\\/enviteka.lt\\\/wp-content\\\/uploads\\\/2026\\\/02\\\/kasetinis_filtas_enviteka_pirkti.jpg\",\"contentUrl\":\"https:\\\/\\\/enviteka.lt\\\/wp-content\\\/uploads\\\/2026\\\/02\\\/kasetinis_filtas_enviteka_pirkti.jpg\",\"width\":470,\"height\":568},{\"@type\":\"BreadcrumbList\",\"@id\":\"https:\\\/\\\/enviteka.lt\\\/produktas\\\/lenktu-fiksatoriu-kasetiniai-filtrai\\\/#breadcrumb\",\"itemListElement\":[{\"@type\":\"ListItem\",\"position\":1,\"name\":\"Home\",\"item\":\"https:\\\/\\\/enviteka.lt\\\/\"},{\"@type\":\"ListItem\",\"position\":2,\"name\":\"Produktai\",\"item\":\"https:\\\/\\\/enviteka.lt\\\/produktai\\\/\"},{\"@type\":\"ListItem\",\"position\":3,\"name\":\"Lenkt\u0173 fiksatori\u0173 kasetiniai filtrai\"}]},{\"@type\":\"WebSite\",\"@id\":\"https:\\\/\\\/enviteka.lt\\\/#website\",\"url\":\"https:\\\/\\\/enviteka.lt\\\/\",\"name\":\"ENVITEKA\",\"description\":\"pramonin\u0117s \u012frangos tiek\u0117jas\",\"publisher\":{\"@id\":\"https:\\\/\\\/enviteka.lt\\\/#organization\"},\"potentialAction\":[{\"@type\":\"SearchAction\",\"target\":{\"@type\":\"EntryPoint\",\"urlTemplate\":\"https:\\\/\\\/enviteka.lt\\\/?s={search_term_string}\"},\"query-input\":{\"@type\":\"PropertyValueSpecification\",\"valueRequired\":true,\"valueName\":\"search_term_string\"}}],\"inLanguage\":\"en-US\"},{\"@type\":\"Organization\",\"@id\":\"https:\\\/\\\/enviteka.lt\\\/#organization\",\"name\":\"ENVITEKA\",\"url\":\"https:\\\/\\\/enviteka.lt\\\/\",\"logo\":{\"@type\":\"ImageObject\",\"inLanguage\":\"en-US\",\"@id\":\"https:\\\/\\\/enviteka.lt\\\/#\\\/schema\\\/logo\\\/image\\\/\",\"url\":\"https:\\\/\\\/enviteka.lt\\\/wp-content\\\/uploads\\\/2024\\\/10\\\/enviteka-high-resolution-logo-transparent-e1742852093377.png\",\"contentUrl\":\"https:\\\/\\\/enviteka.lt\\\/wp-content\\\/uploads\\\/2024\\\/10\\\/enviteka-high-resolution-logo-transparent-e1742852093377.png\",\"width\":424,\"height\":150,\"caption\":\"ENVITEKA\"},\"image\":{\"@id\":\"https:\\\/\\\/enviteka.lt\\\/#\\\/schema\\\/logo\\\/image\\\/\"}}]}<\/script>\n<!-- \/ Yoast SEO plugin. -->","yoast_head_json":{"title":"Lenkt\u0173 fiksatori\u0173 kasetiniai filtrai - ENVITEKA","description":"Atraskite auk\u0161tos kokyb\u0117s filtrus, kurie u\u017etikrina efektyv\u0173 dulki\u0173 sulaikym\u0105 pramonin\u0117se sistemose. Pasirinkite patikimum\u0105 \u0161iandien!","robots":{"index":"index","follow":"follow","max-snippet":"max-snippet:-1","max-image-preview":"max-image-preview:large","max-video-preview":"max-video-preview:-1"},"canonical":"https:\/\/enviteka.lt\/en\/product\/lenktu-fiksatoriu-kasetiniai-filtrai\/","og_locale":"en_US","og_type":"article","og_title":"Lenkt\u0173 fiksatori\u0173 kasetiniai filtrai - ENVITEKA","og_description":"Atraskite auk\u0161tos kokyb\u0117s filtrus, kurie u\u017etikrina efektyv\u0173 dulki\u0173 sulaikym\u0105 pramonin\u0117se sistemose. Pasirinkite patikimum\u0105 \u0161iandien!","og_url":"https:\/\/enviteka.lt\/en\/product\/lenktu-fiksatoriu-kasetiniai-filtrai\/","og_site_name":"ENVITEKA","article_modified_time":"2026-02-21T19:33:59+00:00","og_image":[{"width":470,"height":568,"url":"https:\/\/enviteka.lt\/wp-content\/uploads\/2026\/02\/kasetinis_filtas_enviteka_pirkti.jpg","type":"image\/jpeg"}],"twitter_card":"summary_large_image","twitter_misc":{"Est. reading time":"2 minutes"},"schema":{"@context":"https:\/\/schema.org","@graph":[{"@type":"WebPage","@id":"https:\/\/enviteka.lt\/produktas\/lenktu-fiksatoriu-kasetiniai-filtrai\/","url":"https:\/\/enviteka.lt\/produktas\/lenktu-fiksatoriu-kasetiniai-filtrai\/","name":"Lenkt\u0173 fiksatori\u0173 kasetiniai filtrai - ENVITEKA","isPartOf":{"@id":"https:\/\/enviteka.lt\/#website"},"primaryImageOfPage":{"@id":"https:\/\/enviteka.lt\/produktas\/lenktu-fiksatoriu-kasetiniai-filtrai\/#primaryimage"},"image":{"@id":"https:\/\/enviteka.lt\/produktas\/lenktu-fiksatoriu-kasetiniai-filtrai\/#primaryimage"},"thumbnailUrl":"https:\/\/enviteka.lt\/wp-content\/uploads\/2026\/02\/kasetinis_filtas_enviteka_pirkti.jpg","datePublished":"2026-02-21T19:30:51+00:00","dateModified":"2026-02-21T19:33:59+00:00","description":"Atraskite auk\u0161tos kokyb\u0117s filtrus, kurie u\u017etikrina efektyv\u0173 dulki\u0173 sulaikym\u0105 pramonin\u0117se sistemose. Pasirinkite patikimum\u0105 \u0161iandien!","breadcrumb":{"@id":"https:\/\/enviteka.lt\/produktas\/lenktu-fiksatoriu-kasetiniai-filtrai\/#breadcrumb"},"inLanguage":"en-US","potentialAction":[{"@type":"ReadAction","target":["https:\/\/enviteka.lt\/produktas\/lenktu-fiksatoriu-kasetiniai-filtrai\/"]}]},{"@type":"ImageObject","inLanguage":"en-US","@id":"https:\/\/enviteka.lt\/produktas\/lenktu-fiksatoriu-kasetiniai-filtrai\/#primaryimage","url":"https:\/\/enviteka.lt\/wp-content\/uploads\/2026\/02\/kasetinis_filtas_enviteka_pirkti.jpg","contentUrl":"https:\/\/enviteka.lt\/wp-content\/uploads\/2026\/02\/kasetinis_filtas_enviteka_pirkti.jpg","width":470,"height":568},{"@type":"BreadcrumbList","@id":"https:\/\/enviteka.lt\/produktas\/lenktu-fiksatoriu-kasetiniai-filtrai\/#breadcrumb","itemListElement":[{"@type":"ListItem","position":1,"name":"Home","item":"https:\/\/enviteka.lt\/"},{"@type":"ListItem","position":2,"name":"Produktai","item":"https:\/\/enviteka.lt\/produktai\/"},{"@type":"ListItem","position":3,"name":"Lenkt\u0173 fiksatori\u0173 kasetiniai filtrai"}]},{"@type":"WebSite","@id":"https:\/\/enviteka.lt\/#website","url":"https:\/\/enviteka.lt\/","name":"ENVITEKA","description":"pramonin\u0117s \u012frangos tiek\u0117jas","publisher":{"@id":"https:\/\/enviteka.lt\/#organization"},"potentialAction":[{"@type":"SearchAction","target":{"@type":"EntryPoint","urlTemplate":"https:\/\/enviteka.lt\/?s={search_term_string}"},"query-input":{"@type":"PropertyValueSpecification","valueRequired":true,"valueName":"search_term_string"}}],"inLanguage":"en-US"},{"@type":"Organization","@id":"https:\/\/enviteka.lt\/#organization","name":"ENVITEKA","url":"https:\/\/enviteka.lt\/","logo":{"@type":"ImageObject","inLanguage":"en-US","@id":"https:\/\/enviteka.lt\/#\/schema\/logo\/image\/","url":"https:\/\/enviteka.lt\/wp-content\/uploads\/2024\/10\/enviteka-high-resolution-logo-transparent-e1742852093377.png","contentUrl":"https:\/\/enviteka.lt\/wp-content\/uploads\/2024\/10\/enviteka-high-resolution-logo-transparent-e1742852093377.png","width":424,"height":150,"caption":"ENVITEKA"},"image":{"@id":"https:\/\/enviteka.lt\/#\/schema\/logo\/image\/"}}]}},"_links":{"self":[{"href":"https:\/\/enviteka.lt\/en\/wp-json\/wp\/v2\/product\/2426","targetHints":{"allow":["GET"]}}],"collection":[{"href":"https:\/\/enviteka.lt\/en\/wp-json\/wp\/v2\/product"}],"about":[{"href":"https:\/\/enviteka.lt\/en\/wp-json\/wp\/v2\/types\/product"}],"wp:featuredmedia":[{"embeddable":true,"href":"https:\/\/enviteka.lt\/en\/wp-json\/wp\/v2\/media\/2428"}],"wp:attachment":[{"href":"https:\/\/enviteka.lt\/en\/wp-json\/wp\/v2\/media?parent=2426"}],"wp:term":[{"taxonomy":"product_brand","embeddable":true,"href":"https:\/\/enviteka.lt\/en\/wp-json\/wp\/v2\/product_brand?post=2426"},{"taxonomy":"product_cat","embeddable":true,"href":"https:\/\/enviteka.lt\/en\/wp-json\/wp\/v2\/product_cat?post=2426"},{"taxonomy":"product_tag","embeddable":true,"href":"https:\/\/enviteka.lt\/en\/wp-json\/wp\/v2\/product_tag?post=2426"}],"curies":[{"name":"wp","href":"https:\/\/api.w.org\/{rel}","templated":true}]}}