{"id":2423,"date":"2026-02-21T19:22:27","date_gmt":"2026-02-21T19:22:27","guid":{"rendered":"https:\/\/enviteka.lt\/?post_type=product&#038;p=2423"},"modified":"2026-02-21T19:28:07","modified_gmt":"2026-02-21T19:28:07","slug":"kvadratinio-flanso-kasetiniai-filtrai","status":"publish","type":"product","link":"https:\/\/enviteka.lt\/en\/product\/kvadratinio-flanso-kasetiniai-filtrai\/","title":{"rendered":"Kvadratinio flan\u0161o kasetiniai filtrai"},"content":{"rendered":"<p data-start=\"100\" data-end=\"408\">Kvadratinio flan\u0161o kasetinis filtras sukurtas pramonin\u0117ms filtravimo sistemoms, kur reikalingas stabilus ir sandarus montavimas su kvadratine jungtimi. Kvadratin\u0117 flan\u0161o konstrukcija leid\u017eia lengvai pritaikyti filtr\u0105 prie \u012fvairi\u0173 sistem\u0173 ir u\u017etikrina patikim\u0105 veikim\u0105 net intensyviomis darbo s\u0105lygomis.<\/p>\n<p data-start=\"410\" data-end=\"547\">D\u0117l didelio filtravimo pavir\u0161iaus ploto filtras pasi\u017eymi auk\u0161ta dulki\u0173 sulaikymo talpa bei padeda pagerinti bendr\u0105 sistemos efektyvum\u0105.<\/p>\n<p data-start=\"410\" data-end=\"547\"><strong>Pagrindin\u0117s savyb\u0117s:<\/strong><\/p>\n<p data-start=\"564\" data-end=\"629\"><strong data-start=\"564\" data-end=\"596\">Kvadratin\u0117 flan\u0161in\u0117 jungtis:<\/strong> stabilus ir saugus montavimas.<\/p>\n<p data-start=\"564\" data-end=\"629\"><strong data-start=\"632\" data-end=\"662\">Didelis filtravimo plotas:<\/strong> auk\u0161ta dulki\u0173 sulaikymo talpa.<\/p>\n<p data-start=\"698\" data-end=\"762\"><strong data-start=\"698\" data-end=\"722\">Efektyvi filtracija:<\/strong> patikimas smulki\u0173 daleli\u0173 sulaikymas.<\/p>\n<p data-start=\"765\" data-end=\"827\"><strong data-start=\"765\" data-end=\"794\">Ilgaam\u017ei\u0161ka konstrukcija:<\/strong> atspari pramonin\u0117ms apkrovoms.<\/p>\n<table>\n<thead>\n<tr>\n<th>Med\u017eiaga<\/th>\n<th>Prek\u0117s \u017eenklas<\/th>\n<th>Oro pralaidumas (200 Pa)<\/th>\n<th>Por\u0173 dydis (\u03bcm)<\/th>\n<\/tr>\n<\/thead>\n<tbody>\n<tr>\n<td>Celiulioz\u0117<\/td>\n<td>Neenah Filtration (DE)<\/td>\n<td>280 l\/m\u00b2<\/td>\n<td>45<\/td>\n<\/tr>\n<tr>\n<td>Poliesteris<\/td>\n<td>General Tekstil (TR)<\/td>\n<td>85 l\/m\u00b2<\/td>\n<td>5<\/td>\n<\/tr>\n<tr>\n<td>PTFE dengtas poliesteris<\/td>\n<td>JP Air (DK)<\/td>\n<td>370 l\/m\u00b2<\/td>\n<td>1,2<\/td>\n<\/tr>\n<tr>\n<td>Aliuminio dengtas poliesteris<\/td>\n<td>JP Air (DK)<\/td>\n<td>470 l\/m\u00b2<\/td>\n<td>1,2<\/td>\n<\/tr>\n<tr>\n<td>Oleo \/ hidrofobinis poliesteris<\/td>\n<td>JP Air (DK)<\/td>\n<td>470 l\/m\u00b2<\/td>\n<td>1<\/td>\n<\/tr>\n<tr>\n<td>Ugniai atspari med\u017eiaga<\/td>\n<td>Hifyber (TR)<\/td>\n<td>170 l\/m\u00b2<\/td>\n<td>0,4<\/td>\n<\/tr>\n<\/tbody>\n<\/table>\n<p><strong>Konstrukcija ir komponentai:<\/strong><\/p>\n<p><strong>Vir\u0161utin\u0117 dalis:<\/strong> cinkuotas arba AISI 304 ner\u016bdijantis plienas<\/p>\n<p><strong>U\u017edaryta apatin\u0117 dalis:<\/strong> cinkuotas plienas<\/p>\n<p><strong>Vidinis \/ i\u0161orinis tinklelis:<\/strong> cinkuotas plienas<\/p>\n<p><strong>Tarpin\u0117:<\/strong> EPDM arba silikonas<\/p>\n<p><strong>Naudojimo sritys:<\/strong><\/p>\n<p>Tekstil\u0117s pramon\u0117<\/p>\n<p>Chemijos pramon\u0117<\/p>\n<p>Suvirinimo ir liejimo procesai<\/p>\n<p>Lazerinis pjovimas<\/p>\n<p>Sm\u0117liavimas<\/p>\n<p data-start=\"196\" data-end=\"386\"><strong data-start=\"752\" data-end=\"776\">Susisiekite su mumis<\/strong> ir mes pad\u0117sime rasti geriausi\u0105 sprendim\u0105 j\u016bs\u0173 poreikiams!<\/p>","protected":false},"excerpt":{"rendered":"<p>Kvadratinio flan\u0161o kasetinis filtras sukurtas pramonin\u0117ms filtravimo sistemoms, kur reikalingas stabilus ir sandarus montavimas su kvadratine jungtimi. Kvadratin\u0117 flan\u0161o konstrukcija [&hellip;]<\/p>","protected":false},"featured_media":2425,"template":"","meta":{"site-sidebar-layout":"default","site-content-layout":"","ast-site-content-layout":"default","site-content-style":"default","site-sidebar-style":"default","ast-global-header-display":"","ast-banner-title-visibility":"","ast-main-header-display":"","ast-hfb-above-header-display":"","ast-hfb-below-header-display":"","ast-hfb-mobile-header-display":"","site-post-title":"","ast-breadcrumbs-content":"","ast-featured-img":"","footer-sml-layout":"","ast-disable-related-posts":"","theme-transparent-header-meta":"default","adv-header-id-meta":"","stick-header-meta":"","header-above-stick-meta":"","header-main-stick-meta":"","header-below-stick-meta":"","astra-migrate-meta-layouts":"set","ast-page-background-enabled":"default","ast-page-background-meta":{"desktop":{"background-color":"var(--ast-global-color-4)","background-image":"","background-repeat":"repeat","background-position":"center center","background-size":"auto","background-attachment":"scroll","background-type":"","background-media":"","overlay-type":"","overlay-color":"","overlay-opacity":"","overlay-gradient":""},"tablet":{"background-color":"","background-image":"","background-repeat":"repeat","background-position":"center center","background-size":"auto","background-attachment":"scroll","background-type":"","background-media":"","overlay-type":"","overlay-color":"","overlay-opacity":"","overlay-gradient":""},"mobile":{"background-color":"","background-image":"","background-repeat":"repeat","background-position":"center center","background-size":"auto","background-attachment":"scroll","background-type":"","background-media":"","overlay-type":"","overlay-color":"","overlay-opacity":"","overlay-gradient":""}},"ast-content-background-meta":{"desktop":{"background-color":"var(--ast-global-color-5)","background-image":"","background-repeat":"repeat","background-position":"center center","background-size":"auto","background-attachment":"scroll","background-type":"","background-media":"","overlay-type":"","overlay-color":"","overlay-opacity":"","overlay-gradient":""},"tablet":{"background-color":"var(--ast-global-color-5)","background-image":"","background-repeat":"repeat","background-position":"center center","background-size":"auto","background-attachment":"scroll","background-type":"","background-media":"","overlay-type":"","overlay-color":"","overlay-opacity":"","overlay-gradient":""},"mobile":{"background-color":"var(--ast-global-color-5)","background-image":"","background-repeat":"repeat","background-position":"center center","background-size":"auto","background-attachment":"scroll","background-type":"","background-media":"","overlay-type":"","overlay-color":"","overlay-opacity":"","overlay-gradient":""}}},"product_brand":[],"product_cat":[33,61],"product_tag":[],"class_list":{"0":"post-2423","1":"product","2":"type-product","3":"status-publish","4":"has-post-thumbnail","6":"product_cat-filtrai","7":"product_cat-kasetiniai-filtrai-pramonei","8":"desktop-align-left","9":"tablet-align-left","10":"mobile-align-left","12":"first","13":"instock","14":"shipping-taxable","15":"product-type-simple"},"yoast_head":"<!-- This site is optimized with the Yoast SEO plugin v27.5 - https:\/\/yoast.com\/product\/yoast-seo-wordpress\/ -->\n<title>Kvadratinio flan\u0161o kasetiniai filtrai - ENVITEKA<\/title>\n<meta name=\"description\" content=\"Atraskite auk\u0161tos kokyb\u0117s filtrus, kurie u\u017etikrina efektyv\u0173 dulki\u0173 sulaikym\u0105 pramonin\u0117se sistemose. Pasirinkite patikimum\u0105 \u0161iandien!\" \/>\n<meta name=\"robots\" content=\"index, follow, max-snippet:-1, max-image-preview:large, max-video-preview:-1\" \/>\n<link rel=\"canonical\" href=\"https:\/\/enviteka.lt\/en\/product\/kvadratinio-flanso-kasetiniai-filtrai\/\" \/>\n<meta property=\"og:locale\" content=\"en_US\" \/>\n<meta property=\"og:type\" content=\"article\" \/>\n<meta property=\"og:title\" content=\"Kvadratinio flan\u0161o kasetiniai filtrai - ENVITEKA\" \/>\n<meta property=\"og:description\" content=\"Atraskite auk\u0161tos kokyb\u0117s filtrus, kurie u\u017etikrina efektyv\u0173 dulki\u0173 sulaikym\u0105 pramonin\u0117se sistemose. Pasirinkite patikimum\u0105 \u0161iandien!\" \/>\n<meta property=\"og:url\" content=\"https:\/\/enviteka.lt\/en\/product\/kvadratinio-flanso-kasetiniai-filtrai\/\" \/>\n<meta property=\"og:site_name\" content=\"ENVITEKA\" \/>\n<meta property=\"article:modified_time\" content=\"2026-02-21T19:28:07+00:00\" \/>\n<meta property=\"og:image\" content=\"https:\/\/enviteka.lt\/wp-content\/uploads\/2026\/02\/kvadriniai_filtrai_enviteka.jpg\" \/>\n\t<meta property=\"og:image:width\" content=\"483\" \/>\n\t<meta property=\"og:image:height\" content=\"547\" \/>\n\t<meta property=\"og:image:type\" content=\"image\/jpeg\" \/>\n<meta name=\"twitter:card\" content=\"summary_large_image\" \/>\n<meta name=\"twitter:label1\" content=\"Est. reading time\" \/>\n\t<meta name=\"twitter:data1\" content=\"2 minutes\" \/>\n<script type=\"application\/ld+json\" class=\"yoast-schema-graph\">{\"@context\":\"https:\\\/\\\/schema.org\",\"@graph\":[{\"@type\":\"WebPage\",\"@id\":\"https:\\\/\\\/enviteka.lt\\\/produktas\\\/kvadratinio-flanso-kasetiniai-filtrai\\\/\",\"url\":\"https:\\\/\\\/enviteka.lt\\\/produktas\\\/kvadratinio-flanso-kasetiniai-filtrai\\\/\",\"name\":\"Kvadratinio flan\u0161o kasetiniai filtrai - ENVITEKA\",\"isPartOf\":{\"@id\":\"https:\\\/\\\/enviteka.lt\\\/#website\"},\"primaryImageOfPage\":{\"@id\":\"https:\\\/\\\/enviteka.lt\\\/produktas\\\/kvadratinio-flanso-kasetiniai-filtrai\\\/#primaryimage\"},\"image\":{\"@id\":\"https:\\\/\\\/enviteka.lt\\\/produktas\\\/kvadratinio-flanso-kasetiniai-filtrai\\\/#primaryimage\"},\"thumbnailUrl\":\"https:\\\/\\\/enviteka.lt\\\/wp-content\\\/uploads\\\/2026\\\/02\\\/kvadriniai_filtrai_enviteka.jpg\",\"datePublished\":\"2026-02-21T19:22:27+00:00\",\"dateModified\":\"2026-02-21T19:28:07+00:00\",\"description\":\"Atraskite auk\u0161tos kokyb\u0117s filtrus, kurie u\u017etikrina efektyv\u0173 dulki\u0173 sulaikym\u0105 pramonin\u0117se sistemose. Pasirinkite patikimum\u0105 \u0161iandien!\",\"breadcrumb\":{\"@id\":\"https:\\\/\\\/enviteka.lt\\\/produktas\\\/kvadratinio-flanso-kasetiniai-filtrai\\\/#breadcrumb\"},\"inLanguage\":\"en-US\",\"potentialAction\":[{\"@type\":\"ReadAction\",\"target\":[\"https:\\\/\\\/enviteka.lt\\\/produktas\\\/kvadratinio-flanso-kasetiniai-filtrai\\\/\"]}]},{\"@type\":\"ImageObject\",\"inLanguage\":\"en-US\",\"@id\":\"https:\\\/\\\/enviteka.lt\\\/produktas\\\/kvadratinio-flanso-kasetiniai-filtrai\\\/#primaryimage\",\"url\":\"https:\\\/\\\/enviteka.lt\\\/wp-content\\\/uploads\\\/2026\\\/02\\\/kvadriniai_filtrai_enviteka.jpg\",\"contentUrl\":\"https:\\\/\\\/enviteka.lt\\\/wp-content\\\/uploads\\\/2026\\\/02\\\/kvadriniai_filtrai_enviteka.jpg\",\"width\":483,\"height\":547},{\"@type\":\"BreadcrumbList\",\"@id\":\"https:\\\/\\\/enviteka.lt\\\/produktas\\\/kvadratinio-flanso-kasetiniai-filtrai\\\/#breadcrumb\",\"itemListElement\":[{\"@type\":\"ListItem\",\"position\":1,\"name\":\"Home\",\"item\":\"https:\\\/\\\/enviteka.lt\\\/\"},{\"@type\":\"ListItem\",\"position\":2,\"name\":\"Produktai\",\"item\":\"https:\\\/\\\/enviteka.lt\\\/produktai\\\/\"},{\"@type\":\"ListItem\",\"position\":3,\"name\":\"Kvadratinio flan\u0161o kasetiniai filtrai\"}]},{\"@type\":\"WebSite\",\"@id\":\"https:\\\/\\\/enviteka.lt\\\/#website\",\"url\":\"https:\\\/\\\/enviteka.lt\\\/\",\"name\":\"ENVITEKA\",\"description\":\"pramonin\u0117s \u012frangos tiek\u0117jas\",\"publisher\":{\"@id\":\"https:\\\/\\\/enviteka.lt\\\/#organization\"},\"potentialAction\":[{\"@type\":\"SearchAction\",\"target\":{\"@type\":\"EntryPoint\",\"urlTemplate\":\"https:\\\/\\\/enviteka.lt\\\/?s={search_term_string}\"},\"query-input\":{\"@type\":\"PropertyValueSpecification\",\"valueRequired\":true,\"valueName\":\"search_term_string\"}}],\"inLanguage\":\"en-US\"},{\"@type\":\"Organization\",\"@id\":\"https:\\\/\\\/enviteka.lt\\\/#organization\",\"name\":\"ENVITEKA\",\"url\":\"https:\\\/\\\/enviteka.lt\\\/\",\"logo\":{\"@type\":\"ImageObject\",\"inLanguage\":\"en-US\",\"@id\":\"https:\\\/\\\/enviteka.lt\\\/#\\\/schema\\\/logo\\\/image\\\/\",\"url\":\"https:\\\/\\\/enviteka.lt\\\/wp-content\\\/uploads\\\/2024\\\/10\\\/enviteka-high-resolution-logo-transparent-e1742852093377.png\",\"contentUrl\":\"https:\\\/\\\/enviteka.lt\\\/wp-content\\\/uploads\\\/2024\\\/10\\\/enviteka-high-resolution-logo-transparent-e1742852093377.png\",\"width\":424,\"height\":150,\"caption\":\"ENVITEKA\"},\"image\":{\"@id\":\"https:\\\/\\\/enviteka.lt\\\/#\\\/schema\\\/logo\\\/image\\\/\"}}]}<\/script>\n<!-- \/ Yoast SEO plugin. -->","yoast_head_json":{"title":"Kvadratinio flan\u0161o kasetiniai filtrai - ENVITEKA","description":"Atraskite auk\u0161tos kokyb\u0117s filtrus, kurie u\u017etikrina efektyv\u0173 dulki\u0173 sulaikym\u0105 pramonin\u0117se sistemose. Pasirinkite patikimum\u0105 \u0161iandien!","robots":{"index":"index","follow":"follow","max-snippet":"max-snippet:-1","max-image-preview":"max-image-preview:large","max-video-preview":"max-video-preview:-1"},"canonical":"https:\/\/enviteka.lt\/en\/product\/kvadratinio-flanso-kasetiniai-filtrai\/","og_locale":"en_US","og_type":"article","og_title":"Kvadratinio flan\u0161o kasetiniai filtrai - ENVITEKA","og_description":"Atraskite auk\u0161tos kokyb\u0117s filtrus, kurie u\u017etikrina efektyv\u0173 dulki\u0173 sulaikym\u0105 pramonin\u0117se sistemose. Pasirinkite patikimum\u0105 \u0161iandien!","og_url":"https:\/\/enviteka.lt\/en\/product\/kvadratinio-flanso-kasetiniai-filtrai\/","og_site_name":"ENVITEKA","article_modified_time":"2026-02-21T19:28:07+00:00","og_image":[{"width":483,"height":547,"url":"https:\/\/enviteka.lt\/wp-content\/uploads\/2026\/02\/kvadriniai_filtrai_enviteka.jpg","type":"image\/jpeg"}],"twitter_card":"summary_large_image","twitter_misc":{"Est. reading time":"2 minutes"},"schema":{"@context":"https:\/\/schema.org","@graph":[{"@type":"WebPage","@id":"https:\/\/enviteka.lt\/produktas\/kvadratinio-flanso-kasetiniai-filtrai\/","url":"https:\/\/enviteka.lt\/produktas\/kvadratinio-flanso-kasetiniai-filtrai\/","name":"Kvadratinio flan\u0161o kasetiniai filtrai - ENVITEKA","isPartOf":{"@id":"https:\/\/enviteka.lt\/#website"},"primaryImageOfPage":{"@id":"https:\/\/enviteka.lt\/produktas\/kvadratinio-flanso-kasetiniai-filtrai\/#primaryimage"},"image":{"@id":"https:\/\/enviteka.lt\/produktas\/kvadratinio-flanso-kasetiniai-filtrai\/#primaryimage"},"thumbnailUrl":"https:\/\/enviteka.lt\/wp-content\/uploads\/2026\/02\/kvadriniai_filtrai_enviteka.jpg","datePublished":"2026-02-21T19:22:27+00:00","dateModified":"2026-02-21T19:28:07+00:00","description":"Atraskite auk\u0161tos kokyb\u0117s filtrus, kurie u\u017etikrina efektyv\u0173 dulki\u0173 sulaikym\u0105 pramonin\u0117se sistemose. Pasirinkite patikimum\u0105 \u0161iandien!","breadcrumb":{"@id":"https:\/\/enviteka.lt\/produktas\/kvadratinio-flanso-kasetiniai-filtrai\/#breadcrumb"},"inLanguage":"en-US","potentialAction":[{"@type":"ReadAction","target":["https:\/\/enviteka.lt\/produktas\/kvadratinio-flanso-kasetiniai-filtrai\/"]}]},{"@type":"ImageObject","inLanguage":"en-US","@id":"https:\/\/enviteka.lt\/produktas\/kvadratinio-flanso-kasetiniai-filtrai\/#primaryimage","url":"https:\/\/enviteka.lt\/wp-content\/uploads\/2026\/02\/kvadriniai_filtrai_enviteka.jpg","contentUrl":"https:\/\/enviteka.lt\/wp-content\/uploads\/2026\/02\/kvadriniai_filtrai_enviteka.jpg","width":483,"height":547},{"@type":"BreadcrumbList","@id":"https:\/\/enviteka.lt\/produktas\/kvadratinio-flanso-kasetiniai-filtrai\/#breadcrumb","itemListElement":[{"@type":"ListItem","position":1,"name":"Home","item":"https:\/\/enviteka.lt\/"},{"@type":"ListItem","position":2,"name":"Produktai","item":"https:\/\/enviteka.lt\/produktai\/"},{"@type":"ListItem","position":3,"name":"Kvadratinio flan\u0161o kasetiniai filtrai"}]},{"@type":"WebSite","@id":"https:\/\/enviteka.lt\/#website","url":"https:\/\/enviteka.lt\/","name":"ENVITEKA","description":"pramonin\u0117s \u012frangos tiek\u0117jas","publisher":{"@id":"https:\/\/enviteka.lt\/#organization"},"potentialAction":[{"@type":"SearchAction","target":{"@type":"EntryPoint","urlTemplate":"https:\/\/enviteka.lt\/?s={search_term_string}"},"query-input":{"@type":"PropertyValueSpecification","valueRequired":true,"valueName":"search_term_string"}}],"inLanguage":"en-US"},{"@type":"Organization","@id":"https:\/\/enviteka.lt\/#organization","name":"ENVITEKA","url":"https:\/\/enviteka.lt\/","logo":{"@type":"ImageObject","inLanguage":"en-US","@id":"https:\/\/enviteka.lt\/#\/schema\/logo\/image\/","url":"https:\/\/enviteka.lt\/wp-content\/uploads\/2024\/10\/enviteka-high-resolution-logo-transparent-e1742852093377.png","contentUrl":"https:\/\/enviteka.lt\/wp-content\/uploads\/2024\/10\/enviteka-high-resolution-logo-transparent-e1742852093377.png","width":424,"height":150,"caption":"ENVITEKA"},"image":{"@id":"https:\/\/enviteka.lt\/#\/schema\/logo\/image\/"}}]}},"_links":{"self":[{"href":"https:\/\/enviteka.lt\/en\/wp-json\/wp\/v2\/product\/2423","targetHints":{"allow":["GET"]}}],"collection":[{"href":"https:\/\/enviteka.lt\/en\/wp-json\/wp\/v2\/product"}],"about":[{"href":"https:\/\/enviteka.lt\/en\/wp-json\/wp\/v2\/types\/product"}],"wp:featuredmedia":[{"embeddable":true,"href":"https:\/\/enviteka.lt\/en\/wp-json\/wp\/v2\/media\/2425"}],"wp:attachment":[{"href":"https:\/\/enviteka.lt\/en\/wp-json\/wp\/v2\/media?parent=2423"}],"wp:term":[{"taxonomy":"product_brand","embeddable":true,"href":"https:\/\/enviteka.lt\/en\/wp-json\/wp\/v2\/product_brand?post=2423"},{"taxonomy":"product_cat","embeddable":true,"href":"https:\/\/enviteka.lt\/en\/wp-json\/wp\/v2\/product_cat?post=2423"},{"taxonomy":"product_tag","embeddable":true,"href":"https:\/\/enviteka.lt\/en\/wp-json\/wp\/v2\/product_tag?post=2423"}],"curies":[{"name":"wp","href":"https:\/\/api.w.org\/{rel}","templated":true}]}}