{"id":2420,"date":"2026-02-21T19:15:57","date_gmt":"2026-02-21T19:15:57","guid":{"rendered":"https:\/\/enviteka.lt\/?post_type=product&#038;p=2420"},"modified":"2026-02-24T18:47:16","modified_gmt":"2026-02-24T18:47:16","slug":"flansiniai-kasetiniai-filtrai","status":"publish","type":"product","link":"https:\/\/enviteka.lt\/en\/product\/flansiniai-kasetiniai-filtrai\/","title":{"rendered":"Flan\u0161iniai kasetiniai filtrai"},"content":{"rendered":"<p data-start=\"91\" data-end=\"332\">Flan\u0161inis kasetinis filtras \u2013 auk\u0161tos kokyb\u0117s filtras, skirtas pramonin\u0117ms dulki\u0173 surinkimo sistemoms. Flan\u0161in\u0117 jungtis u\u017etikrina saug\u0173, stabil\u0173 ir sandar\u0173 montavim\u0105, tod\u0117l sistema veikia patikimai net esant sud\u0117tingoms darbo s\u0105lygoms.<\/p>\n<p data-start=\"334\" data-end=\"478\">D\u0117l tvirtos ir patvarios konstrukcijos filtras pasi\u017eymi ilga eksploatacijos trukme bei padeda padidinti bendr\u0105 filtravimo sistemos efektyvum\u0105.<\/p>\n<p><strong>Pagrindin\u0117s savyb\u0117s:<\/strong><\/p>\n<p data-start=\"495\" data-end=\"565\"><strong data-start=\"495\" data-end=\"524\">Sandari flan\u0161in\u0117 jungtis:<\/strong> u\u017etikrina saug\u0173 ir stabil\u0173 prijungim\u0105.<\/p>\n<p data-start=\"495\" data-end=\"565\"><strong data-start=\"568\" data-end=\"604\">Auk\u0161tas filtracijos efektyvumas:<\/strong> efektyviai sulaiko dulkes ir smulkias daleles.<\/p>\n<p data-start=\"656\" data-end=\"730\"><strong data-start=\"656\" data-end=\"675\">Ilgaam\u017ei\u0161kumas:<\/strong> atsparios med\u017eiagos garantuoja ilg\u0105 naudojimo laik\u0105.<\/p>\n<p data-start=\"733\" data-end=\"826\"><strong data-start=\"733\" data-end=\"762\">Didelis sistemos na\u0161umas:<\/strong> padeda optimizuoti oro sraut\u0105 ir suma\u017einti sl\u0117gio nuostolius.<\/p>\n<p><strong>Technin\u0117s specifikacijos:<\/strong><\/p>\n<p><strong>Kodas \/ Tipas:<\/strong> FC \u2013 Flanged Cylindrical<\/p>\n<p><strong>Ilgis:<\/strong> 600, 660, 1000, 1500 mm<\/p>\n<p><strong>Plisuot\u0117s auk\u0161tis:<\/strong> 40, 45 mm<\/p>\n<p><strong>Vidinis skersmuo:<\/strong> 150, 190, 200, 215, 240 mm<\/p>\n<p><strong>Apatinis i\u0161orinis skersmuo:<\/strong> 250, 300, 325, 350 mm<\/p>\n<p><strong>Vir\u0161utin\u0117 \/ apatin\u0117 dalis:<\/strong> cinkuotas plienas<\/p>\n<p><strong>Vidinis \/ i\u0161orinis tinklelis:<\/strong> perforuotas cinkuotas lak\u0161tas<\/p>\n<p><strong>Tarpin\u0117: <\/strong>EVA, EPDM, silikonas arba PU<\/p>\n<p><strong>Naudojimo sritys:<\/strong><\/p>\n<p>Cemento ir statybini\u0173 med\u017eiag\u0173 pramon\u0117<\/p>\n<p>Metalo apdirbimas<\/p>\n<p>Medienos pramon\u0117<\/p>\n<p>Chemijos ir kiti dulki\u0173 generuojantys gamybos procesai<\/p>\n<p data-start=\"196\" data-end=\"386\"><strong data-start=\"752\" data-end=\"776\">Susisiekite su mumis<\/strong> ir mes pad\u0117sime rasti geriausi\u0105 sprendim\u0105 j\u016bs\u0173 poreikiams!<\/p>","protected":false},"excerpt":{"rendered":"<p>Flan\u0161inis kasetinis filtras \u2013 auk\u0161tos kokyb\u0117s filtras, skirtas pramonin\u0117ms dulki\u0173 surinkimo sistemoms. Flan\u0161in\u0117 jungtis u\u017etikrina saug\u0173, stabil\u0173 ir sandar\u0173 montavim\u0105, [&hellip;]<\/p>","protected":false},"featured_media":2422,"template":"","meta":{"site-sidebar-layout":"default","site-content-layout":"","ast-site-content-layout":"default","site-content-style":"default","site-sidebar-style":"default","ast-global-header-display":"","ast-banner-title-visibility":"","ast-main-header-display":"","ast-hfb-above-header-display":"","ast-hfb-below-header-display":"","ast-hfb-mobile-header-display":"","site-post-title":"","ast-breadcrumbs-content":"","ast-featured-img":"","footer-sml-layout":"","ast-disable-related-posts":"","theme-transparent-header-meta":"default","adv-header-id-meta":"","stick-header-meta":"","header-above-stick-meta":"","header-main-stick-meta":"","header-below-stick-meta":"","astra-migrate-meta-layouts":"set","ast-page-background-enabled":"default","ast-page-background-meta":{"desktop":{"background-color":"var(--ast-global-color-4)","background-image":"","background-repeat":"repeat","background-position":"center center","background-size":"auto","background-attachment":"scroll","background-type":"","background-media":"","overlay-type":"","overlay-color":"","overlay-opacity":"","overlay-gradient":""},"tablet":{"background-color":"","background-image":"","background-repeat":"repeat","background-position":"center center","background-size":"auto","background-attachment":"scroll","background-type":"","background-media":"","overlay-type":"","overlay-color":"","overlay-opacity":"","overlay-gradient":""},"mobile":{"background-color":"","background-image":"","background-repeat":"repeat","background-position":"center center","background-size":"auto","background-attachment":"scroll","background-type":"","background-media":"","overlay-type":"","overlay-color":"","overlay-opacity":"","overlay-gradient":""}},"ast-content-background-meta":{"desktop":{"background-color":"var(--ast-global-color-5)","background-image":"","background-repeat":"repeat","background-position":"center center","background-size":"auto","background-attachment":"scroll","background-type":"","background-media":"","overlay-type":"","overlay-color":"","overlay-opacity":"","overlay-gradient":""},"tablet":{"background-color":"var(--ast-global-color-5)","background-image":"","background-repeat":"repeat","background-position":"center center","background-size":"auto","background-attachment":"scroll","background-type":"","background-media":"","overlay-type":"","overlay-color":"","overlay-opacity":"","overlay-gradient":""},"mobile":{"background-color":"var(--ast-global-color-5)","background-image":"","background-repeat":"repeat","background-position":"center center","background-size":"auto","background-attachment":"scroll","background-type":"","background-media":"","overlay-type":"","overlay-color":"","overlay-opacity":"","overlay-gradient":""}}},"product_brand":[],"product_cat":[33,61],"product_tag":[],"class_list":{"0":"post-2420","1":"product","2":"type-product","3":"status-publish","4":"has-post-thumbnail","6":"product_cat-filtrai","7":"product_cat-kasetiniai-filtrai-pramonei","8":"desktop-align-left","9":"tablet-align-left","10":"mobile-align-left","12":"first","13":"instock","14":"shipping-taxable","15":"product-type-simple"},"yoast_head":"<!-- This site is optimized with the Yoast SEO plugin v27.5 - https:\/\/yoast.com\/product\/yoast-seo-wordpress\/ -->\n<title>Flan\u0161iniai kasetiniai filtrai - ENVITEKA<\/title>\n<meta name=\"description\" content=\"Atraskite auk\u0161tos kokyb\u0117s filtrus, kurie u\u017etikrina efektyv\u0173 dulki\u0173 sulaikym\u0105 pramonin\u0117se sistemose. Pasirinkite patikimum\u0105 \u0161iandien!\" \/>\n<meta name=\"robots\" content=\"index, follow, max-snippet:-1, max-image-preview:large, max-video-preview:-1\" \/>\n<link rel=\"canonical\" href=\"https:\/\/enviteka.lt\/en\/product\/flansiniai-kasetiniai-filtrai\/\" \/>\n<meta property=\"og:locale\" content=\"en_US\" \/>\n<meta property=\"og:type\" content=\"article\" \/>\n<meta property=\"og:title\" content=\"Flan\u0161iniai kasetiniai filtrai - ENVITEKA\" \/>\n<meta property=\"og:description\" content=\"Atraskite auk\u0161tos kokyb\u0117s filtrus, kurie u\u017etikrina efektyv\u0173 dulki\u0173 sulaikym\u0105 pramonin\u0117se sistemose. Pasirinkite patikimum\u0105 \u0161iandien!\" \/>\n<meta property=\"og:url\" content=\"https:\/\/enviteka.lt\/en\/product\/flansiniai-kasetiniai-filtrai\/\" \/>\n<meta property=\"og:site_name\" content=\"ENVITEKA\" \/>\n<meta property=\"article:modified_time\" content=\"2026-02-24T18:47:16+00:00\" \/>\n<meta property=\"og:image\" content=\"https:\/\/enviteka.lt\/wp-content\/uploads\/2026\/02\/flansinis_kasetinis_filtras.jpg\" \/>\n\t<meta property=\"og:image:width\" content=\"493\" \/>\n\t<meta property=\"og:image:height\" content=\"552\" \/>\n\t<meta property=\"og:image:type\" content=\"image\/jpeg\" \/>\n<meta name=\"twitter:card\" content=\"summary_large_image\" \/>\n<meta name=\"twitter:label1\" content=\"Est. reading time\" \/>\n\t<meta name=\"twitter:data1\" content=\"2 minutes\" \/>\n<script type=\"application\/ld+json\" class=\"yoast-schema-graph\">{\"@context\":\"https:\\\/\\\/schema.org\",\"@graph\":[{\"@type\":\"WebPage\",\"@id\":\"https:\\\/\\\/enviteka.lt\\\/produktas\\\/flansiniai-kasetiniai-filtrai\\\/\",\"url\":\"https:\\\/\\\/enviteka.lt\\\/produktas\\\/flansiniai-kasetiniai-filtrai\\\/\",\"name\":\"Flan\u0161iniai kasetiniai filtrai - ENVITEKA\",\"isPartOf\":{\"@id\":\"https:\\\/\\\/enviteka.lt\\\/#website\"},\"primaryImageOfPage\":{\"@id\":\"https:\\\/\\\/enviteka.lt\\\/produktas\\\/flansiniai-kasetiniai-filtrai\\\/#primaryimage\"},\"image\":{\"@id\":\"https:\\\/\\\/enviteka.lt\\\/produktas\\\/flansiniai-kasetiniai-filtrai\\\/#primaryimage\"},\"thumbnailUrl\":\"https:\\\/\\\/enviteka.lt\\\/wp-content\\\/uploads\\\/2026\\\/02\\\/flansinis_kasetinis_filtras.jpg\",\"datePublished\":\"2026-02-21T19:15:57+00:00\",\"dateModified\":\"2026-02-24T18:47:16+00:00\",\"description\":\"Atraskite auk\u0161tos kokyb\u0117s filtrus, kurie u\u017etikrina efektyv\u0173 dulki\u0173 sulaikym\u0105 pramonin\u0117se sistemose. Pasirinkite patikimum\u0105 \u0161iandien!\",\"breadcrumb\":{\"@id\":\"https:\\\/\\\/enviteka.lt\\\/produktas\\\/flansiniai-kasetiniai-filtrai\\\/#breadcrumb\"},\"inLanguage\":\"en-US\",\"potentialAction\":[{\"@type\":\"ReadAction\",\"target\":[\"https:\\\/\\\/enviteka.lt\\\/produktas\\\/flansiniai-kasetiniai-filtrai\\\/\"]}]},{\"@type\":\"ImageObject\",\"inLanguage\":\"en-US\",\"@id\":\"https:\\\/\\\/enviteka.lt\\\/produktas\\\/flansiniai-kasetiniai-filtrai\\\/#primaryimage\",\"url\":\"https:\\\/\\\/enviteka.lt\\\/wp-content\\\/uploads\\\/2026\\\/02\\\/flansinis_kasetinis_filtras.jpg\",\"contentUrl\":\"https:\\\/\\\/enviteka.lt\\\/wp-content\\\/uploads\\\/2026\\\/02\\\/flansinis_kasetinis_filtras.jpg\",\"width\":493,\"height\":552},{\"@type\":\"BreadcrumbList\",\"@id\":\"https:\\\/\\\/enviteka.lt\\\/produktas\\\/flansiniai-kasetiniai-filtrai\\\/#breadcrumb\",\"itemListElement\":[{\"@type\":\"ListItem\",\"position\":1,\"name\":\"Home\",\"item\":\"https:\\\/\\\/enviteka.lt\\\/\"},{\"@type\":\"ListItem\",\"position\":2,\"name\":\"Produktai\",\"item\":\"https:\\\/\\\/enviteka.lt\\\/produktai\\\/\"},{\"@type\":\"ListItem\",\"position\":3,\"name\":\"Flan\u0161iniai kasetiniai filtrai\"}]},{\"@type\":\"WebSite\",\"@id\":\"https:\\\/\\\/enviteka.lt\\\/#website\",\"url\":\"https:\\\/\\\/enviteka.lt\\\/\",\"name\":\"ENVITEKA\",\"description\":\"pramonin\u0117s \u012frangos tiek\u0117jas\",\"publisher\":{\"@id\":\"https:\\\/\\\/enviteka.lt\\\/#organization\"},\"potentialAction\":[{\"@type\":\"SearchAction\",\"target\":{\"@type\":\"EntryPoint\",\"urlTemplate\":\"https:\\\/\\\/enviteka.lt\\\/?s={search_term_string}\"},\"query-input\":{\"@type\":\"PropertyValueSpecification\",\"valueRequired\":true,\"valueName\":\"search_term_string\"}}],\"inLanguage\":\"en-US\"},{\"@type\":\"Organization\",\"@id\":\"https:\\\/\\\/enviteka.lt\\\/#organization\",\"name\":\"ENVITEKA\",\"url\":\"https:\\\/\\\/enviteka.lt\\\/\",\"logo\":{\"@type\":\"ImageObject\",\"inLanguage\":\"en-US\",\"@id\":\"https:\\\/\\\/enviteka.lt\\\/#\\\/schema\\\/logo\\\/image\\\/\",\"url\":\"https:\\\/\\\/enviteka.lt\\\/wp-content\\\/uploads\\\/2024\\\/10\\\/enviteka-high-resolution-logo-transparent-e1742852093377.png\",\"contentUrl\":\"https:\\\/\\\/enviteka.lt\\\/wp-content\\\/uploads\\\/2024\\\/10\\\/enviteka-high-resolution-logo-transparent-e1742852093377.png\",\"width\":424,\"height\":150,\"caption\":\"ENVITEKA\"},\"image\":{\"@id\":\"https:\\\/\\\/enviteka.lt\\\/#\\\/schema\\\/logo\\\/image\\\/\"}}]}<\/script>\n<!-- \/ Yoast SEO plugin. -->","yoast_head_json":{"title":"Flan\u0161iniai kasetiniai filtrai - ENVITEKA","description":"Atraskite auk\u0161tos kokyb\u0117s filtrus, kurie u\u017etikrina efektyv\u0173 dulki\u0173 sulaikym\u0105 pramonin\u0117se sistemose. Pasirinkite patikimum\u0105 \u0161iandien!","robots":{"index":"index","follow":"follow","max-snippet":"max-snippet:-1","max-image-preview":"max-image-preview:large","max-video-preview":"max-video-preview:-1"},"canonical":"https:\/\/enviteka.lt\/en\/product\/flansiniai-kasetiniai-filtrai\/","og_locale":"en_US","og_type":"article","og_title":"Flan\u0161iniai kasetiniai filtrai - ENVITEKA","og_description":"Atraskite auk\u0161tos kokyb\u0117s filtrus, kurie u\u017etikrina efektyv\u0173 dulki\u0173 sulaikym\u0105 pramonin\u0117se sistemose. Pasirinkite patikimum\u0105 \u0161iandien!","og_url":"https:\/\/enviteka.lt\/en\/product\/flansiniai-kasetiniai-filtrai\/","og_site_name":"ENVITEKA","article_modified_time":"2026-02-24T18:47:16+00:00","og_image":[{"width":493,"height":552,"url":"https:\/\/enviteka.lt\/wp-content\/uploads\/2026\/02\/flansinis_kasetinis_filtras.jpg","type":"image\/jpeg"}],"twitter_card":"summary_large_image","twitter_misc":{"Est. reading time":"2 minutes"},"schema":{"@context":"https:\/\/schema.org","@graph":[{"@type":"WebPage","@id":"https:\/\/enviteka.lt\/produktas\/flansiniai-kasetiniai-filtrai\/","url":"https:\/\/enviteka.lt\/produktas\/flansiniai-kasetiniai-filtrai\/","name":"Flan\u0161iniai kasetiniai filtrai - ENVITEKA","isPartOf":{"@id":"https:\/\/enviteka.lt\/#website"},"primaryImageOfPage":{"@id":"https:\/\/enviteka.lt\/produktas\/flansiniai-kasetiniai-filtrai\/#primaryimage"},"image":{"@id":"https:\/\/enviteka.lt\/produktas\/flansiniai-kasetiniai-filtrai\/#primaryimage"},"thumbnailUrl":"https:\/\/enviteka.lt\/wp-content\/uploads\/2026\/02\/flansinis_kasetinis_filtras.jpg","datePublished":"2026-02-21T19:15:57+00:00","dateModified":"2026-02-24T18:47:16+00:00","description":"Atraskite auk\u0161tos kokyb\u0117s filtrus, kurie u\u017etikrina efektyv\u0173 dulki\u0173 sulaikym\u0105 pramonin\u0117se sistemose. Pasirinkite patikimum\u0105 \u0161iandien!","breadcrumb":{"@id":"https:\/\/enviteka.lt\/produktas\/flansiniai-kasetiniai-filtrai\/#breadcrumb"},"inLanguage":"en-US","potentialAction":[{"@type":"ReadAction","target":["https:\/\/enviteka.lt\/produktas\/flansiniai-kasetiniai-filtrai\/"]}]},{"@type":"ImageObject","inLanguage":"en-US","@id":"https:\/\/enviteka.lt\/produktas\/flansiniai-kasetiniai-filtrai\/#primaryimage","url":"https:\/\/enviteka.lt\/wp-content\/uploads\/2026\/02\/flansinis_kasetinis_filtras.jpg","contentUrl":"https:\/\/enviteka.lt\/wp-content\/uploads\/2026\/02\/flansinis_kasetinis_filtras.jpg","width":493,"height":552},{"@type":"BreadcrumbList","@id":"https:\/\/enviteka.lt\/produktas\/flansiniai-kasetiniai-filtrai\/#breadcrumb","itemListElement":[{"@type":"ListItem","position":1,"name":"Home","item":"https:\/\/enviteka.lt\/"},{"@type":"ListItem","position":2,"name":"Produktai","item":"https:\/\/enviteka.lt\/produktai\/"},{"@type":"ListItem","position":3,"name":"Flan\u0161iniai kasetiniai filtrai"}]},{"@type":"WebSite","@id":"https:\/\/enviteka.lt\/#website","url":"https:\/\/enviteka.lt\/","name":"ENVITEKA","description":"pramonin\u0117s \u012frangos tiek\u0117jas","publisher":{"@id":"https:\/\/enviteka.lt\/#organization"},"potentialAction":[{"@type":"SearchAction","target":{"@type":"EntryPoint","urlTemplate":"https:\/\/enviteka.lt\/?s={search_term_string}"},"query-input":{"@type":"PropertyValueSpecification","valueRequired":true,"valueName":"search_term_string"}}],"inLanguage":"en-US"},{"@type":"Organization","@id":"https:\/\/enviteka.lt\/#organization","name":"ENVITEKA","url":"https:\/\/enviteka.lt\/","logo":{"@type":"ImageObject","inLanguage":"en-US","@id":"https:\/\/enviteka.lt\/#\/schema\/logo\/image\/","url":"https:\/\/enviteka.lt\/wp-content\/uploads\/2024\/10\/enviteka-high-resolution-logo-transparent-e1742852093377.png","contentUrl":"https:\/\/enviteka.lt\/wp-content\/uploads\/2024\/10\/enviteka-high-resolution-logo-transparent-e1742852093377.png","width":424,"height":150,"caption":"ENVITEKA"},"image":{"@id":"https:\/\/enviteka.lt\/#\/schema\/logo\/image\/"}}]}},"_links":{"self":[{"href":"https:\/\/enviteka.lt\/en\/wp-json\/wp\/v2\/product\/2420","targetHints":{"allow":["GET"]}}],"collection":[{"href":"https:\/\/enviteka.lt\/en\/wp-json\/wp\/v2\/product"}],"about":[{"href":"https:\/\/enviteka.lt\/en\/wp-json\/wp\/v2\/types\/product"}],"wp:featuredmedia":[{"embeddable":true,"href":"https:\/\/enviteka.lt\/en\/wp-json\/wp\/v2\/media\/2422"}],"wp:attachment":[{"href":"https:\/\/enviteka.lt\/en\/wp-json\/wp\/v2\/media?parent=2420"}],"wp:term":[{"taxonomy":"product_brand","embeddable":true,"href":"https:\/\/enviteka.lt\/en\/wp-json\/wp\/v2\/product_brand?post=2420"},{"taxonomy":"product_cat","embeddable":true,"href":"https:\/\/enviteka.lt\/en\/wp-json\/wp\/v2\/product_cat?post=2420"},{"taxonomy":"product_tag","embeddable":true,"href":"https:\/\/enviteka.lt\/en\/wp-json\/wp\/v2\/product_tag?post=2420"}],"curies":[{"name":"wp","href":"https:\/\/api.w.org\/{rel}","templated":true}]}}