{"id":2398,"date":"2026-02-21T14:33:06","date_gmt":"2026-02-21T14:33:06","guid":{"rendered":"https:\/\/enviteka.lt\/?post_type=product&#038;p=2398"},"modified":"2026-02-21T19:11:44","modified_gmt":"2026-02-21T19:11:44","slug":"ovalus-kasetiniai-filtrai","status":"publish","type":"product","link":"https:\/\/enviteka.lt\/en\/product\/ovalus-kasetiniai-filtrai\/","title":{"rendered":"Oval\u016bs kasetiniai filtrai"},"content":{"rendered":"<p style=\"margin: 0cm; margin-bottom: .0001pt;\">Ovalus kasetinis filtras d\u0117l plataus filtravimo pavir\u0161iaus ir kompakti\u0161ko dizaino u\u017etikrina auk\u0161to efektyvumo filtracij\u0105 net ribotoje erdv\u0117je. Efektyviai sulaiko dulkes ir smulkias daleles, gerindamas sistemos na\u0161um\u0105 ir ilgaam\u017ei\u0161kum\u0105.<\/p>\n<p style=\"margin: 0cm; margin-bottom: .0001pt;\" data-start=\"399\" data-end=\"425\"><strong data-start=\"399\" data-end=\"423\">Pagrindin\u0117s savyb\u0117s:<\/strong><\/p>\n<p style=\"margin: 0cm; margin-bottom: .0001pt;\" data-start=\"428\" data-end=\"549\"><strong>Efektyvus filtravimas<\/strong> \u2013 didelis pavir\u0161iaus plotas leid\u017eia sulaikyti didelius dulki\u0173 kiekius ir smulkias daleles<\/p>\n<p style=\"margin: 0cm; margin-bottom: .0001pt;\" data-start=\"552\" data-end=\"623\"><strong>Kompakti\u0161kas dizainas<\/strong> \u2013 puikiai tinka naudoti siaurose vietose<\/p>\n<p style=\"margin: 0cm; margin-bottom: .0001pt;\" data-start=\"626\" data-end=\"689\"><strong>Igaam\u017ei\u0161kas<\/strong> \u2013 patvari konstrukcija ir stabilus darbas<\/p>\n<p style=\"margin: 0cm; margin-bottom: .0001pt;\" data-start=\"692\" data-end=\"761\"><strong>Lengvas montavimas<\/strong> \u2013 paprasta integruoti \u012f \u012fvairias sistemas<\/p>\n<div class=\"TyagGW_tableContainer\">\n<div class=\"group TyagGW_tableWrapper flex flex-col-reverse w-fit\" tabindex=\"-1\">\n<table class=\"w-fit min-w-(--thread-content-width)\" data-start=\"174\" data-end=\"771\">\n<thead data-start=\"174\" data-end=\"249\">\n<tr data-start=\"174\" data-end=\"249\">\n<th class=\"\" data-start=\"174\" data-end=\"198\" data-col-size=\"md\">Med\u017eiaga \/ Gamintojas<\/th>\n<th class=\"\" data-start=\"198\" data-end=\"230\" data-col-size=\"sm\">Oro pralaidumas (prie 200 Pa)<\/th>\n<th class=\"\" data-start=\"230\" data-end=\"249\" data-col-size=\"sm\">Por\u0173 dydis (\u00b5m)<\/th>\n<\/tr>\n<\/thead>\n<tbody data-start=\"327\" data-end=\"771\">\n<tr data-start=\"327\" data-end=\"394\">\n<td data-start=\"327\" data-end=\"374\" data-col-size=\"md\">Celiulioz\u0117 \u2013 \u201eNeenah Filtration\u201c (Vokietija)<\/td>\n<td data-col-size=\"sm\" data-start=\"374\" data-end=\"385\">280 l\/m\u00b2<\/td>\n<td data-col-size=\"sm\" data-start=\"385\" data-end=\"394\">45 \u00b5m<\/td>\n<\/tr>\n<tr data-start=\"395\" data-end=\"457\">\n<td data-start=\"395\" data-end=\"439\" data-col-size=\"md\">Poliesteris \u2013 \u201eGeneral Tekstil\u201c (Turkija)<\/td>\n<td data-col-size=\"sm\" data-start=\"439\" data-end=\"449\">85 l\/m\u00b2<\/td>\n<td data-col-size=\"sm\" data-start=\"449\" data-end=\"457\">5 \u00b5m<\/td>\n<\/tr>\n<tr data-start=\"458\" data-end=\"532\">\n<td data-start=\"458\" data-end=\"511\" data-col-size=\"md\">PTFE danga dengtas poliesteris \u2013 \u201eJP Air\u201c (Danija)<\/td>\n<td data-col-size=\"sm\" data-start=\"511\" data-end=\"522\">370 l\/m\u00b2<\/td>\n<td data-col-size=\"sm\" data-start=\"522\" data-end=\"532\">1,2 \u00b5m<\/td>\n<\/tr>\n<tr data-start=\"533\" data-end=\"612\">\n<td data-start=\"533\" data-end=\"591\" data-col-size=\"md\">Aliuminio danga dengtas poliesteris \u2013 \u201eJP Air\u201c (Danija)<\/td>\n<td data-col-size=\"sm\" data-start=\"591\" data-end=\"602\">470 l\/m\u00b2<\/td>\n<td data-col-size=\"sm\" data-start=\"602\" data-end=\"612\">1,2 \u00b5m<\/td>\n<\/tr>\n<tr data-start=\"613\" data-end=\"693\">\n<td data-start=\"613\" data-end=\"674\" data-col-size=\"md\">Oleofobinis \/ hidrofobinis poliesteris \u2013 \u201eJP Air\u201c (Danija)<\/td>\n<td data-col-size=\"sm\" data-start=\"674\" data-end=\"685\">470 l\/m\u00b2<\/td>\n<td data-col-size=\"sm\" data-start=\"685\" data-end=\"693\">1 \u00b5m<\/td>\n<\/tr>\n<tr data-start=\"694\" data-end=\"771\">\n<td data-start=\"694\" data-end=\"750\" data-col-size=\"md\">Ugniai atsparus pluo\u0161to mi\u0161inys \u2013 \u201eHifyber\u201c (Turkija)<\/td>\n<td data-col-size=\"sm\" data-start=\"750\" data-end=\"761\">170 l\/m\u00b2<\/td>\n<td data-col-size=\"sm\" data-start=\"761\" data-end=\"771\">0,4 \u00b5m<\/td>\n<\/tr>\n<\/tbody>\n<\/table>\n<\/div>\n<\/div>\n<div class=\"TyagGW_tableContainer\">\n<div class=\"group TyagGW_tableWrapper flex flex-col-reverse w-fit\" tabindex=\"-1\">\n<table class=\"w-fit min-w-(--thread-content-width)\" data-start=\"791\" data-end=\"992\">\n<thead data-start=\"791\" data-end=\"816\">\n<tr data-start=\"791\" data-end=\"816\">\n<th class=\"\" data-start=\"791\" data-end=\"804\" data-col-size=\"sm\">Parametras<\/th>\n<th class=\"\" data-start=\"804\" data-end=\"816\" data-col-size=\"sm\">Reik\u0161m\u0117s<\/th>\n<\/tr>\n<\/thead>\n<tbody data-start=\"843\" data-end=\"992\">\n<tr data-start=\"843\" data-end=\"882\">\n<td data-start=\"843\" data-end=\"869\" data-col-size=\"sm\">I\u0161oriniai matmenys (mm)<\/td>\n<td data-col-size=\"sm\" data-start=\"869\" data-end=\"882\">279 \u2013 365<\/td>\n<\/tr>\n<tr data-start=\"883\" data-end=\"921\">\n<td data-start=\"883\" data-end=\"908\" data-col-size=\"sm\">Vidiniai matmenys (mm)<\/td>\n<td data-col-size=\"sm\" data-start=\"908\" data-end=\"921\">202 \u2013 274<\/td>\n<\/tr>\n<tr data-start=\"922\" data-end=\"957\">\n<td data-start=\"922\" data-end=\"937\" data-col-size=\"sm\">Auk\u0161tis (mm)<\/td>\n<td data-col-size=\"sm\" data-start=\"937\" data-end=\"957\">600 \/ 660 \/ 1000<\/td>\n<\/tr>\n<tr data-start=\"958\" data-end=\"992\">\n<td data-start=\"958\" data-end=\"981\" data-col-size=\"sm\">Klost\u0117s auk\u0161tis (mm)<\/td>\n<td data-col-size=\"sm\" data-start=\"981\" data-end=\"992\">30 \u2013 55<\/td>\n<\/tr>\n<\/tbody>\n<\/table>\n<\/div>\n<\/div>\n<p><strong>Papildoma informacija<\/strong><br \/>\nGalimyb\u0117 pritaikyti filtr\u0105 pagal individualius matmenis<br \/>\nSkirtingos filtravimo med\u017eiagos \u012fvairioms pramonin\u0117ms s\u0105lygoms<br \/>\nAuk\u0161tas dulki\u0173 ir smulki\u0173 daleli\u0173 sulaikymo efektyvumas<br \/>\nIlga tarnavimo trukm\u0117 ir stabilus darb\u0105<\/p>\n<p data-start=\"196\" data-end=\"386\"><strong data-start=\"752\" data-end=\"776\">Susisiekite su mumis<\/strong> ir mes pad\u0117sime rasti geriausi\u0105 sprendim\u0105 j\u016bs\u0173 poreikiams!<\/p>","protected":false},"excerpt":{"rendered":"<p>Ovalus kasetinis filtras d\u0117l plataus filtravimo pavir\u0161iaus ir kompakti\u0161ko dizaino u\u017etikrina auk\u0161to efektyvumo filtracij\u0105 net ribotoje erdv\u0117je. Efektyviai sulaiko dulkes [&hellip;]<\/p>","protected":false},"featured_media":2399,"template":"","meta":{"site-sidebar-layout":"default","site-content-layout":"","ast-site-content-layout":"default","site-content-style":"default","site-sidebar-style":"default","ast-global-header-display":"","ast-banner-title-visibility":"","ast-main-header-display":"","ast-hfb-above-header-display":"","ast-hfb-below-header-display":"","ast-hfb-mobile-header-display":"","site-post-title":"","ast-breadcrumbs-content":"","ast-featured-img":"","footer-sml-layout":"","ast-disable-related-posts":"","theme-transparent-header-meta":"default","adv-header-id-meta":"","stick-header-meta":"","header-above-stick-meta":"","header-main-stick-meta":"","header-below-stick-meta":"","astra-migrate-meta-layouts":"set","ast-page-background-enabled":"default","ast-page-background-meta":{"desktop":{"background-color":"var(--ast-global-color-4)","background-image":"","background-repeat":"repeat","background-position":"center center","background-size":"auto","background-attachment":"scroll","background-type":"","background-media":"","overlay-type":"","overlay-color":"","overlay-opacity":"","overlay-gradient":""},"tablet":{"background-color":"","background-image":"","background-repeat":"repeat","background-position":"center center","background-size":"auto","background-attachment":"scroll","background-type":"","background-media":"","overlay-type":"","overlay-color":"","overlay-opacity":"","overlay-gradient":""},"mobile":{"background-color":"","background-image":"","background-repeat":"repeat","background-position":"center center","background-size":"auto","background-attachment":"scroll","background-type":"","background-media":"","overlay-type":"","overlay-color":"","overlay-opacity":"","overlay-gradient":""}},"ast-content-background-meta":{"desktop":{"background-color":"var(--ast-global-color-5)","background-image":"","background-repeat":"repeat","background-position":"center center","background-size":"auto","background-attachment":"scroll","background-type":"","background-media":"","overlay-type":"","overlay-color":"","overlay-opacity":"","overlay-gradient":""},"tablet":{"background-color":"var(--ast-global-color-5)","background-image":"","background-repeat":"repeat","background-position":"center center","background-size":"auto","background-attachment":"scroll","background-type":"","background-media":"","overlay-type":"","overlay-color":"","overlay-opacity":"","overlay-gradient":""},"mobile":{"background-color":"var(--ast-global-color-5)","background-image":"","background-repeat":"repeat","background-position":"center center","background-size":"auto","background-attachment":"scroll","background-type":"","background-media":"","overlay-type":"","overlay-color":"","overlay-opacity":"","overlay-gradient":""}}},"product_brand":[],"product_cat":[33,61],"product_tag":[],"class_list":{"0":"post-2398","1":"product","2":"type-product","3":"status-publish","4":"has-post-thumbnail","6":"product_cat-filtrai","7":"product_cat-kasetiniai-filtrai-pramonei","8":"desktop-align-left","9":"tablet-align-left","10":"mobile-align-left","12":"first","13":"instock","14":"shipping-taxable","15":"purchasable","16":"product-type-simple"},"yoast_head":"<!-- This site is optimized with the Yoast SEO plugin v27.5 - https:\/\/yoast.com\/product\/yoast-seo-wordpress\/ -->\n<title>Oval\u016bs kasetiniai filtrai - ENVITEKA<\/title>\n<meta name=\"description\" content=\"Atraskite auk\u0161tos kokyb\u0117s cilindrinius filtrus, kurie u\u017etikrina efektyv\u0173 dulki\u0173 sulaikym\u0105 pramonin\u0117se sistemose. Pasirinkite patikimum\u0105 \u0161iandien!\" \/>\n<meta name=\"robots\" content=\"index, follow, max-snippet:-1, max-image-preview:large, max-video-preview:-1\" \/>\n<link rel=\"canonical\" href=\"https:\/\/enviteka.lt\/en\/product\/ovalus-kasetiniai-filtrai\/\" \/>\n<meta property=\"og:locale\" content=\"en_US\" \/>\n<meta property=\"og:type\" content=\"article\" \/>\n<meta property=\"og:title\" content=\"Oval\u016bs kasetiniai filtrai - ENVITEKA\" \/>\n<meta property=\"og:description\" content=\"Atraskite auk\u0161tos kokyb\u0117s cilindrinius filtrus, kurie u\u017etikrina efektyv\u0173 dulki\u0173 sulaikym\u0105 pramonin\u0117se sistemose. Pasirinkite patikimum\u0105 \u0161iandien!\" \/>\n<meta property=\"og:url\" content=\"https:\/\/enviteka.lt\/en\/product\/ovalus-kasetiniai-filtrai\/\" \/>\n<meta property=\"og:site_name\" content=\"ENVITEKA\" \/>\n<meta property=\"article:modified_time\" content=\"2026-02-21T19:11:44+00:00\" \/>\n<meta property=\"og:image\" content=\"https:\/\/enviteka.lt\/wp-content\/uploads\/2026\/02\/ovalus_filtras_enviteka_2.jpg\" \/>\n\t<meta property=\"og:image:width\" content=\"490\" \/>\n\t<meta property=\"og:image:height\" content=\"567\" \/>\n\t<meta property=\"og:image:type\" content=\"image\/jpeg\" \/>\n<meta name=\"twitter:card\" content=\"summary_large_image\" \/>\n<meta name=\"twitter:label1\" content=\"Est. reading time\" \/>\n\t<meta name=\"twitter:data1\" content=\"2 minutes\" \/>\n<script type=\"application\/ld+json\" class=\"yoast-schema-graph\">{\"@context\":\"https:\\\/\\\/schema.org\",\"@graph\":[{\"@type\":\"WebPage\",\"@id\":\"https:\\\/\\\/enviteka.lt\\\/produktas\\\/ovalus-kasetiniai-filtrai\\\/\",\"url\":\"https:\\\/\\\/enviteka.lt\\\/produktas\\\/ovalus-kasetiniai-filtrai\\\/\",\"name\":\"Oval\u016bs kasetiniai filtrai - ENVITEKA\",\"isPartOf\":{\"@id\":\"https:\\\/\\\/enviteka.lt\\\/#website\"},\"primaryImageOfPage\":{\"@id\":\"https:\\\/\\\/enviteka.lt\\\/produktas\\\/ovalus-kasetiniai-filtrai\\\/#primaryimage\"},\"image\":{\"@id\":\"https:\\\/\\\/enviteka.lt\\\/produktas\\\/ovalus-kasetiniai-filtrai\\\/#primaryimage\"},\"thumbnailUrl\":\"https:\\\/\\\/enviteka.lt\\\/wp-content\\\/uploads\\\/2026\\\/02\\\/ovalus_filtras_enviteka_2.jpg\",\"datePublished\":\"2026-02-21T14:33:06+00:00\",\"dateModified\":\"2026-02-21T19:11:44+00:00\",\"description\":\"Atraskite auk\u0161tos kokyb\u0117s cilindrinius filtrus, kurie u\u017etikrina efektyv\u0173 dulki\u0173 sulaikym\u0105 pramonin\u0117se sistemose. Pasirinkite patikimum\u0105 \u0161iandien!\",\"breadcrumb\":{\"@id\":\"https:\\\/\\\/enviteka.lt\\\/produktas\\\/ovalus-kasetiniai-filtrai\\\/#breadcrumb\"},\"inLanguage\":\"en-US\",\"potentialAction\":[{\"@type\":\"ReadAction\",\"target\":[\"https:\\\/\\\/enviteka.lt\\\/produktas\\\/ovalus-kasetiniai-filtrai\\\/\"]}]},{\"@type\":\"ImageObject\",\"inLanguage\":\"en-US\",\"@id\":\"https:\\\/\\\/enviteka.lt\\\/produktas\\\/ovalus-kasetiniai-filtrai\\\/#primaryimage\",\"url\":\"https:\\\/\\\/enviteka.lt\\\/wp-content\\\/uploads\\\/2026\\\/02\\\/ovalus_filtras_enviteka_2.jpg\",\"contentUrl\":\"https:\\\/\\\/enviteka.lt\\\/wp-content\\\/uploads\\\/2026\\\/02\\\/ovalus_filtras_enviteka_2.jpg\",\"width\":490,\"height\":567},{\"@type\":\"BreadcrumbList\",\"@id\":\"https:\\\/\\\/enviteka.lt\\\/produktas\\\/ovalus-kasetiniai-filtrai\\\/#breadcrumb\",\"itemListElement\":[{\"@type\":\"ListItem\",\"position\":1,\"name\":\"Home\",\"item\":\"https:\\\/\\\/enviteka.lt\\\/\"},{\"@type\":\"ListItem\",\"position\":2,\"name\":\"Produktai\",\"item\":\"https:\\\/\\\/enviteka.lt\\\/produktai\\\/\"},{\"@type\":\"ListItem\",\"position\":3,\"name\":\"Oval\u016bs kasetiniai filtrai\"}]},{\"@type\":\"WebSite\",\"@id\":\"https:\\\/\\\/enviteka.lt\\\/#website\",\"url\":\"https:\\\/\\\/enviteka.lt\\\/\",\"name\":\"ENVITEKA\",\"description\":\"pramonin\u0117s \u012frangos tiek\u0117jas\",\"publisher\":{\"@id\":\"https:\\\/\\\/enviteka.lt\\\/#organization\"},\"potentialAction\":[{\"@type\":\"SearchAction\",\"target\":{\"@type\":\"EntryPoint\",\"urlTemplate\":\"https:\\\/\\\/enviteka.lt\\\/?s={search_term_string}\"},\"query-input\":{\"@type\":\"PropertyValueSpecification\",\"valueRequired\":true,\"valueName\":\"search_term_string\"}}],\"inLanguage\":\"en-US\"},{\"@type\":\"Organization\",\"@id\":\"https:\\\/\\\/enviteka.lt\\\/#organization\",\"name\":\"ENVITEKA\",\"url\":\"https:\\\/\\\/enviteka.lt\\\/\",\"logo\":{\"@type\":\"ImageObject\",\"inLanguage\":\"en-US\",\"@id\":\"https:\\\/\\\/enviteka.lt\\\/#\\\/schema\\\/logo\\\/image\\\/\",\"url\":\"https:\\\/\\\/enviteka.lt\\\/wp-content\\\/uploads\\\/2024\\\/10\\\/enviteka-high-resolution-logo-transparent-e1742852093377.png\",\"contentUrl\":\"https:\\\/\\\/enviteka.lt\\\/wp-content\\\/uploads\\\/2024\\\/10\\\/enviteka-high-resolution-logo-transparent-e1742852093377.png\",\"width\":424,\"height\":150,\"caption\":\"ENVITEKA\"},\"image\":{\"@id\":\"https:\\\/\\\/enviteka.lt\\\/#\\\/schema\\\/logo\\\/image\\\/\"}}]}<\/script>\n<!-- \/ Yoast SEO plugin. -->","yoast_head_json":{"title":"Oval\u016bs kasetiniai filtrai - ENVITEKA","description":"Atraskite auk\u0161tos kokyb\u0117s cilindrinius filtrus, kurie u\u017etikrina efektyv\u0173 dulki\u0173 sulaikym\u0105 pramonin\u0117se sistemose. Pasirinkite patikimum\u0105 \u0161iandien!","robots":{"index":"index","follow":"follow","max-snippet":"max-snippet:-1","max-image-preview":"max-image-preview:large","max-video-preview":"max-video-preview:-1"},"canonical":"https:\/\/enviteka.lt\/en\/product\/ovalus-kasetiniai-filtrai\/","og_locale":"en_US","og_type":"article","og_title":"Oval\u016bs kasetiniai filtrai - ENVITEKA","og_description":"Atraskite auk\u0161tos kokyb\u0117s cilindrinius filtrus, kurie u\u017etikrina efektyv\u0173 dulki\u0173 sulaikym\u0105 pramonin\u0117se sistemose. Pasirinkite patikimum\u0105 \u0161iandien!","og_url":"https:\/\/enviteka.lt\/en\/product\/ovalus-kasetiniai-filtrai\/","og_site_name":"ENVITEKA","article_modified_time":"2026-02-21T19:11:44+00:00","og_image":[{"width":490,"height":567,"url":"https:\/\/enviteka.lt\/wp-content\/uploads\/2026\/02\/ovalus_filtras_enviteka_2.jpg","type":"image\/jpeg"}],"twitter_card":"summary_large_image","twitter_misc":{"Est. reading time":"2 minutes"},"schema":{"@context":"https:\/\/schema.org","@graph":[{"@type":"WebPage","@id":"https:\/\/enviteka.lt\/produktas\/ovalus-kasetiniai-filtrai\/","url":"https:\/\/enviteka.lt\/produktas\/ovalus-kasetiniai-filtrai\/","name":"Oval\u016bs kasetiniai filtrai - ENVITEKA","isPartOf":{"@id":"https:\/\/enviteka.lt\/#website"},"primaryImageOfPage":{"@id":"https:\/\/enviteka.lt\/produktas\/ovalus-kasetiniai-filtrai\/#primaryimage"},"image":{"@id":"https:\/\/enviteka.lt\/produktas\/ovalus-kasetiniai-filtrai\/#primaryimage"},"thumbnailUrl":"https:\/\/enviteka.lt\/wp-content\/uploads\/2026\/02\/ovalus_filtras_enviteka_2.jpg","datePublished":"2026-02-21T14:33:06+00:00","dateModified":"2026-02-21T19:11:44+00:00","description":"Atraskite auk\u0161tos kokyb\u0117s cilindrinius filtrus, kurie u\u017etikrina efektyv\u0173 dulki\u0173 sulaikym\u0105 pramonin\u0117se sistemose. Pasirinkite patikimum\u0105 \u0161iandien!","breadcrumb":{"@id":"https:\/\/enviteka.lt\/produktas\/ovalus-kasetiniai-filtrai\/#breadcrumb"},"inLanguage":"en-US","potentialAction":[{"@type":"ReadAction","target":["https:\/\/enviteka.lt\/produktas\/ovalus-kasetiniai-filtrai\/"]}]},{"@type":"ImageObject","inLanguage":"en-US","@id":"https:\/\/enviteka.lt\/produktas\/ovalus-kasetiniai-filtrai\/#primaryimage","url":"https:\/\/enviteka.lt\/wp-content\/uploads\/2026\/02\/ovalus_filtras_enviteka_2.jpg","contentUrl":"https:\/\/enviteka.lt\/wp-content\/uploads\/2026\/02\/ovalus_filtras_enviteka_2.jpg","width":490,"height":567},{"@type":"BreadcrumbList","@id":"https:\/\/enviteka.lt\/produktas\/ovalus-kasetiniai-filtrai\/#breadcrumb","itemListElement":[{"@type":"ListItem","position":1,"name":"Home","item":"https:\/\/enviteka.lt\/"},{"@type":"ListItem","position":2,"name":"Produktai","item":"https:\/\/enviteka.lt\/produktai\/"},{"@type":"ListItem","position":3,"name":"Oval\u016bs kasetiniai filtrai"}]},{"@type":"WebSite","@id":"https:\/\/enviteka.lt\/#website","url":"https:\/\/enviteka.lt\/","name":"ENVITEKA","description":"pramonin\u0117s \u012frangos tiek\u0117jas","publisher":{"@id":"https:\/\/enviteka.lt\/#organization"},"potentialAction":[{"@type":"SearchAction","target":{"@type":"EntryPoint","urlTemplate":"https:\/\/enviteka.lt\/?s={search_term_string}"},"query-input":{"@type":"PropertyValueSpecification","valueRequired":true,"valueName":"search_term_string"}}],"inLanguage":"en-US"},{"@type":"Organization","@id":"https:\/\/enviteka.lt\/#organization","name":"ENVITEKA","url":"https:\/\/enviteka.lt\/","logo":{"@type":"ImageObject","inLanguage":"en-US","@id":"https:\/\/enviteka.lt\/#\/schema\/logo\/image\/","url":"https:\/\/enviteka.lt\/wp-content\/uploads\/2024\/10\/enviteka-high-resolution-logo-transparent-e1742852093377.png","contentUrl":"https:\/\/enviteka.lt\/wp-content\/uploads\/2024\/10\/enviteka-high-resolution-logo-transparent-e1742852093377.png","width":424,"height":150,"caption":"ENVITEKA"},"image":{"@id":"https:\/\/enviteka.lt\/#\/schema\/logo\/image\/"}}]}},"_links":{"self":[{"href":"https:\/\/enviteka.lt\/en\/wp-json\/wp\/v2\/product\/2398","targetHints":{"allow":["GET"]}}],"collection":[{"href":"https:\/\/enviteka.lt\/en\/wp-json\/wp\/v2\/product"}],"about":[{"href":"https:\/\/enviteka.lt\/en\/wp-json\/wp\/v2\/types\/product"}],"wp:featuredmedia":[{"embeddable":true,"href":"https:\/\/enviteka.lt\/en\/wp-json\/wp\/v2\/media\/2399"}],"wp:attachment":[{"href":"https:\/\/enviteka.lt\/en\/wp-json\/wp\/v2\/media?parent=2398"}],"wp:term":[{"taxonomy":"product_brand","embeddable":true,"href":"https:\/\/enviteka.lt\/en\/wp-json\/wp\/v2\/product_brand?post=2398"},{"taxonomy":"product_cat","embeddable":true,"href":"https:\/\/enviteka.lt\/en\/wp-json\/wp\/v2\/product_cat?post=2398"},{"taxonomy":"product_tag","embeddable":true,"href":"https:\/\/enviteka.lt\/en\/wp-json\/wp\/v2\/product_tag?post=2398"}],"curies":[{"name":"wp","href":"https:\/\/api.w.org\/{rel}","templated":true}]}}