{"id":2394,"date":"2026-02-21T13:21:28","date_gmt":"2026-02-21T13:21:28","guid":{"rendered":"https:\/\/enviteka.lt\/?post_type=product&#038;p=2394"},"modified":"2026-02-21T19:13:20","modified_gmt":"2026-02-21T19:13:20","slug":"cilindriniai-kasetiniai-filtrai","status":"publish","type":"product","link":"https:\/\/enviteka.lt\/en\/product\/cilindriniai-kasetiniai-filtrai\/","title":{"rendered":"Cilindriniai kasetiniai filtrai"},"content":{"rendered":"<p>Cilindrinis kasetinis filtras \u2013 tai auk\u0161tos kokyb\u0117s filtravimo sprendimas, u\u017etikrinantis efektyv\u0173 dulki\u0173 ir smulki\u0173 daleli\u0173 sulaikym\u0105 pramonin\u0117se sistemose. D\u0117l didel\u0117s filtravimo pavir\u0161iaus srities \u0161is filtras pasi\u017eymi puikiu na\u0161umu ir ilga tarnavimo trukme.<\/p>\n<p><strong>Pagrindin\u0117s savyb\u0117s:<\/strong><\/p>\n<p><strong>Efektyvus filtravimas<\/strong> \u2013 didelis pavir\u0161iaus plotas leid\u017eia sulaikyti didelius dulki\u0173 kiekius ir smulkias daleles<\/p>\n<p><strong>Tvirta konstrukcija<\/strong> \u2013 pagamintas i\u0161 kokybi\u0161k\u0173 med\u017eiag\u0173, u\u017etikrinan\u010di\u0173 patikim\u0105 ir stabil\u0173 darb\u0105<\/p>\n<p><strong>Ilgaam\u017ei\u0161kas<\/strong> \u2013 ilgas eksploatavimo laikas net intensyviai naudojant<\/p>\n<p><strong>Lengvas montavimas ir keitimas<\/strong> \u2013 paprasta naudoti \u012fvairiose sistemose<\/p>\n<table style=\"height: 353px;\" width=\"275\">\n<thead>\n<tr>\n<td><strong>Parametras<\/strong><\/td>\n<td><strong>Galimi variantai<\/strong><\/td>\n<\/tr>\n<\/thead>\n<tbody>\n<tr>\n<td><strong>Kodo tipas<\/strong><\/td>\n<td>C \u2013 cilindrinis su u\u017edara apa\u010dia<\/p>\n<p>CH \u2013 cilindrinis su skylute apa\u010dioje<\/p>\n<p>CO \u2013 cilindrinis atviras abiejose pus\u0117se<\/td>\n<\/tr>\n<tr>\n<td><strong>Ilgis (mm)<\/strong><\/td>\n<td>10 \u2013 65<\/p>\n<p>65 \u2013 390<\/p>\n<p>120 \u2013 550<\/p>\n<p>300 \u2013 1200<\/td>\n<\/tr>\n<tr>\n<td><strong>Vir\u0161us \/ Apa\u010dia<\/strong><\/td>\n<td>Cinkuotas plienas<\/p>\n<p>Ner\u016bdijantis plienas<\/p>\n<p>Poliuretanas<\/p>\n<p>EVA<\/p>\n<p>EPDM<\/p>\n<p>Silikonas<\/p>\n<p>PU<\/td>\n<\/tr>\n<tr>\n<td><strong>Lak\u0161to auk\u0161tis (mm)<\/strong><\/td>\n<td>120 \u2013 550<\/td>\n<\/tr>\n<tr>\n<td><strong>Vidinis \/ I\u0161orinis tinklas<\/strong><\/td>\n<td>Perforuotas cinkuotas lak\u0161tas<\/p>\n<p>Ner\u016bdijan\u010dio plieno lak\u0161tas<\/td>\n<\/tr>\n<tr>\n<td><strong>Vidinis diametras (mm)<\/strong><\/td>\n<td>10 \u2013 65<\/td>\n<\/tr>\n<tr>\n<td><strong>I\u0161orinis diametras (mm)<\/strong><\/td>\n<td>65 \u2013 390<\/td>\n<\/tr>\n<\/tbody>\n<\/table>\n<p>Puikus pasirinkimas pramonin\u0117ms ventiliacijos, oro valymo ir d\u016bm\u0173 filtravimo sistemoms.<\/p>\n<p data-start=\"196\" data-end=\"386\"><strong data-start=\"752\" data-end=\"776\">Susisiekite su mumis<\/strong> ir mes pad\u0117sime rasti geriausi\u0105 sprendim\u0105 j\u016bs\u0173 poreikiams!<\/p>","protected":false},"excerpt":{"rendered":"<p>Cilindrinis kasetinis filtras \u2013 tai auk\u0161tos kokyb\u0117s filtravimo sprendimas, u\u017etikrinantis efektyv\u0173 dulki\u0173 ir smulki\u0173 daleli\u0173 sulaikym\u0105 pramonin\u0117se sistemose. D\u0117l didel\u0117s [&hellip;]<\/p>","protected":false},"featured_media":2396,"template":"","meta":{"site-sidebar-layout":"default","site-content-layout":"","ast-site-content-layout":"default","site-content-style":"default","site-sidebar-style":"default","ast-global-header-display":"","ast-banner-title-visibility":"","ast-main-header-display":"","ast-hfb-above-header-display":"","ast-hfb-below-header-display":"","ast-hfb-mobile-header-display":"","site-post-title":"","ast-breadcrumbs-content":"","ast-featured-img":"","footer-sml-layout":"","ast-disable-related-posts":"","theme-transparent-header-meta":"default","adv-header-id-meta":"","stick-header-meta":"","header-above-stick-meta":"","header-main-stick-meta":"","header-below-stick-meta":"","astra-migrate-meta-layouts":"set","ast-page-background-enabled":"default","ast-page-background-meta":{"desktop":{"background-color":"var(--ast-global-color-4)","background-image":"","background-repeat":"repeat","background-position":"center center","background-size":"auto","background-attachment":"scroll","background-type":"","background-media":"","overlay-type":"","overlay-color":"","overlay-opacity":"","overlay-gradient":""},"tablet":{"background-color":"","background-image":"","background-repeat":"repeat","background-position":"center center","background-size":"auto","background-attachment":"scroll","background-type":"","background-media":"","overlay-type":"","overlay-color":"","overlay-opacity":"","overlay-gradient":""},"mobile":{"background-color":"","background-image":"","background-repeat":"repeat","background-position":"center center","background-size":"auto","background-attachment":"scroll","background-type":"","background-media":"","overlay-type":"","overlay-color":"","overlay-opacity":"","overlay-gradient":""}},"ast-content-background-meta":{"desktop":{"background-color":"var(--ast-global-color-5)","background-image":"","background-repeat":"repeat","background-position":"center center","background-size":"auto","background-attachment":"scroll","background-type":"","background-media":"","overlay-type":"","overlay-color":"","overlay-opacity":"","overlay-gradient":""},"tablet":{"background-color":"var(--ast-global-color-5)","background-image":"","background-repeat":"repeat","background-position":"center center","background-size":"auto","background-attachment":"scroll","background-type":"","background-media":"","overlay-type":"","overlay-color":"","overlay-opacity":"","overlay-gradient":""},"mobile":{"background-color":"var(--ast-global-color-5)","background-image":"","background-repeat":"repeat","background-position":"center center","background-size":"auto","background-attachment":"scroll","background-type":"","background-media":"","overlay-type":"","overlay-color":"","overlay-opacity":"","overlay-gradient":""}}},"product_brand":[],"product_cat":[33,61],"product_tag":[],"class_list":{"0":"post-2394","1":"product","2":"type-product","3":"status-publish","4":"has-post-thumbnail","6":"product_cat-filtrai","7":"product_cat-kasetiniai-filtrai-pramonei","8":"desktop-align-left","9":"tablet-align-left","10":"mobile-align-left","12":"first","13":"instock","14":"shipping-taxable","15":"product-type-simple"},"yoast_head":"<!-- This site is optimized with the Yoast SEO plugin v27.5 - https:\/\/yoast.com\/product\/yoast-seo-wordpress\/ -->\n<title>Cilindriniai kasetiniai filtrai - ENVITEKA<\/title>\n<meta name=\"description\" content=\"Atraskite auk\u0161tos kokyb\u0117s cilindrinius filtrus, kurie u\u017etikrina efektyv\u0173 dulki\u0173 sulaikym\u0105 pramonin\u0117se sistemose. Pasirinkite patikimum\u0105 \u0161iandien!\" \/>\n<meta name=\"robots\" content=\"index, follow, max-snippet:-1, max-image-preview:large, max-video-preview:-1\" \/>\n<link rel=\"canonical\" href=\"https:\/\/enviteka.lt\/en\/product\/cilindriniai-kasetiniai-filtrai\/\" \/>\n<meta property=\"og:locale\" content=\"en_US\" \/>\n<meta property=\"og:type\" content=\"article\" \/>\n<meta property=\"og:title\" content=\"Cilindriniai kasetiniai filtrai - ENVITEKA\" \/>\n<meta property=\"og:description\" content=\"Atraskite auk\u0161tos kokyb\u0117s cilindrinius filtrus, kurie u\u017etikrina efektyv\u0173 dulki\u0173 sulaikym\u0105 pramonin\u0117se sistemose. Pasirinkite patikimum\u0105 \u0161iandien!\" \/>\n<meta property=\"og:url\" content=\"https:\/\/enviteka.lt\/en\/product\/cilindriniai-kasetiniai-filtrai\/\" \/>\n<meta property=\"og:site_name\" content=\"ENVITEKA\" \/>\n<meta property=\"article:modified_time\" content=\"2026-02-21T19:13:20+00:00\" \/>\n<meta property=\"og:image\" content=\"https:\/\/enviteka.lt\/wp-content\/uploads\/2026\/02\/CILINDRINIS_FILTRAS_ENVITEKA.jpg\" \/>\n\t<meta property=\"og:image:width\" content=\"463\" \/>\n\t<meta property=\"og:image:height\" content=\"550\" \/>\n\t<meta property=\"og:image:type\" content=\"image\/jpeg\" \/>\n<meta name=\"twitter:card\" content=\"summary_large_image\" \/>\n<meta name=\"twitter:label1\" content=\"Est. reading time\" \/>\n\t<meta name=\"twitter:data1\" content=\"2 minutes\" \/>\n<script type=\"application\/ld+json\" class=\"yoast-schema-graph\">{\"@context\":\"https:\\\/\\\/schema.org\",\"@graph\":[{\"@type\":\"WebPage\",\"@id\":\"https:\\\/\\\/enviteka.lt\\\/produktas\\\/cilindriniai-kasetiniai-filtrai\\\/\",\"url\":\"https:\\\/\\\/enviteka.lt\\\/produktas\\\/cilindriniai-kasetiniai-filtrai\\\/\",\"name\":\"Cilindriniai kasetiniai filtrai - ENVITEKA\",\"isPartOf\":{\"@id\":\"https:\\\/\\\/enviteka.lt\\\/#website\"},\"primaryImageOfPage\":{\"@id\":\"https:\\\/\\\/enviteka.lt\\\/produktas\\\/cilindriniai-kasetiniai-filtrai\\\/#primaryimage\"},\"image\":{\"@id\":\"https:\\\/\\\/enviteka.lt\\\/produktas\\\/cilindriniai-kasetiniai-filtrai\\\/#primaryimage\"},\"thumbnailUrl\":\"https:\\\/\\\/enviteka.lt\\\/wp-content\\\/uploads\\\/2026\\\/02\\\/CILINDRINIS_FILTRAS_ENVITEKA.jpg\",\"datePublished\":\"2026-02-21T13:21:28+00:00\",\"dateModified\":\"2026-02-21T19:13:20+00:00\",\"description\":\"Atraskite auk\u0161tos kokyb\u0117s cilindrinius filtrus, kurie u\u017etikrina efektyv\u0173 dulki\u0173 sulaikym\u0105 pramonin\u0117se sistemose. Pasirinkite patikimum\u0105 \u0161iandien!\",\"breadcrumb\":{\"@id\":\"https:\\\/\\\/enviteka.lt\\\/produktas\\\/cilindriniai-kasetiniai-filtrai\\\/#breadcrumb\"},\"inLanguage\":\"en-US\",\"potentialAction\":[{\"@type\":\"ReadAction\",\"target\":[\"https:\\\/\\\/enviteka.lt\\\/produktas\\\/cilindriniai-kasetiniai-filtrai\\\/\"]}]},{\"@type\":\"ImageObject\",\"inLanguage\":\"en-US\",\"@id\":\"https:\\\/\\\/enviteka.lt\\\/produktas\\\/cilindriniai-kasetiniai-filtrai\\\/#primaryimage\",\"url\":\"https:\\\/\\\/enviteka.lt\\\/wp-content\\\/uploads\\\/2026\\\/02\\\/CILINDRINIS_FILTRAS_ENVITEKA.jpg\",\"contentUrl\":\"https:\\\/\\\/enviteka.lt\\\/wp-content\\\/uploads\\\/2026\\\/02\\\/CILINDRINIS_FILTRAS_ENVITEKA.jpg\",\"width\":463,\"height\":550},{\"@type\":\"BreadcrumbList\",\"@id\":\"https:\\\/\\\/enviteka.lt\\\/produktas\\\/cilindriniai-kasetiniai-filtrai\\\/#breadcrumb\",\"itemListElement\":[{\"@type\":\"ListItem\",\"position\":1,\"name\":\"Home\",\"item\":\"https:\\\/\\\/enviteka.lt\\\/\"},{\"@type\":\"ListItem\",\"position\":2,\"name\":\"Produktai\",\"item\":\"https:\\\/\\\/enviteka.lt\\\/produktai\\\/\"},{\"@type\":\"ListItem\",\"position\":3,\"name\":\"Cilindriniai kasetiniai filtrai\"}]},{\"@type\":\"WebSite\",\"@id\":\"https:\\\/\\\/enviteka.lt\\\/#website\",\"url\":\"https:\\\/\\\/enviteka.lt\\\/\",\"name\":\"ENVITEKA\",\"description\":\"pramonin\u0117s \u012frangos tiek\u0117jas\",\"publisher\":{\"@id\":\"https:\\\/\\\/enviteka.lt\\\/#organization\"},\"potentialAction\":[{\"@type\":\"SearchAction\",\"target\":{\"@type\":\"EntryPoint\",\"urlTemplate\":\"https:\\\/\\\/enviteka.lt\\\/?s={search_term_string}\"},\"query-input\":{\"@type\":\"PropertyValueSpecification\",\"valueRequired\":true,\"valueName\":\"search_term_string\"}}],\"inLanguage\":\"en-US\"},{\"@type\":\"Organization\",\"@id\":\"https:\\\/\\\/enviteka.lt\\\/#organization\",\"name\":\"ENVITEKA\",\"url\":\"https:\\\/\\\/enviteka.lt\\\/\",\"logo\":{\"@type\":\"ImageObject\",\"inLanguage\":\"en-US\",\"@id\":\"https:\\\/\\\/enviteka.lt\\\/#\\\/schema\\\/logo\\\/image\\\/\",\"url\":\"https:\\\/\\\/enviteka.lt\\\/wp-content\\\/uploads\\\/2024\\\/10\\\/enviteka-high-resolution-logo-transparent-e1742852093377.png\",\"contentUrl\":\"https:\\\/\\\/enviteka.lt\\\/wp-content\\\/uploads\\\/2024\\\/10\\\/enviteka-high-resolution-logo-transparent-e1742852093377.png\",\"width\":424,\"height\":150,\"caption\":\"ENVITEKA\"},\"image\":{\"@id\":\"https:\\\/\\\/enviteka.lt\\\/#\\\/schema\\\/logo\\\/image\\\/\"}}]}<\/script>\n<!-- \/ Yoast SEO plugin. -->","yoast_head_json":{"title":"Cilindriniai kasetiniai filtrai - ENVITEKA","description":"Atraskite auk\u0161tos kokyb\u0117s cilindrinius filtrus, kurie u\u017etikrina efektyv\u0173 dulki\u0173 sulaikym\u0105 pramonin\u0117se sistemose. Pasirinkite patikimum\u0105 \u0161iandien!","robots":{"index":"index","follow":"follow","max-snippet":"max-snippet:-1","max-image-preview":"max-image-preview:large","max-video-preview":"max-video-preview:-1"},"canonical":"https:\/\/enviteka.lt\/en\/product\/cilindriniai-kasetiniai-filtrai\/","og_locale":"en_US","og_type":"article","og_title":"Cilindriniai kasetiniai filtrai - ENVITEKA","og_description":"Atraskite auk\u0161tos kokyb\u0117s cilindrinius filtrus, kurie u\u017etikrina efektyv\u0173 dulki\u0173 sulaikym\u0105 pramonin\u0117se sistemose. Pasirinkite patikimum\u0105 \u0161iandien!","og_url":"https:\/\/enviteka.lt\/en\/product\/cilindriniai-kasetiniai-filtrai\/","og_site_name":"ENVITEKA","article_modified_time":"2026-02-21T19:13:20+00:00","og_image":[{"width":463,"height":550,"url":"https:\/\/enviteka.lt\/wp-content\/uploads\/2026\/02\/CILINDRINIS_FILTRAS_ENVITEKA.jpg","type":"image\/jpeg"}],"twitter_card":"summary_large_image","twitter_misc":{"Est. reading time":"2 minutes"},"schema":{"@context":"https:\/\/schema.org","@graph":[{"@type":"WebPage","@id":"https:\/\/enviteka.lt\/produktas\/cilindriniai-kasetiniai-filtrai\/","url":"https:\/\/enviteka.lt\/produktas\/cilindriniai-kasetiniai-filtrai\/","name":"Cilindriniai kasetiniai filtrai - ENVITEKA","isPartOf":{"@id":"https:\/\/enviteka.lt\/#website"},"primaryImageOfPage":{"@id":"https:\/\/enviteka.lt\/produktas\/cilindriniai-kasetiniai-filtrai\/#primaryimage"},"image":{"@id":"https:\/\/enviteka.lt\/produktas\/cilindriniai-kasetiniai-filtrai\/#primaryimage"},"thumbnailUrl":"https:\/\/enviteka.lt\/wp-content\/uploads\/2026\/02\/CILINDRINIS_FILTRAS_ENVITEKA.jpg","datePublished":"2026-02-21T13:21:28+00:00","dateModified":"2026-02-21T19:13:20+00:00","description":"Atraskite auk\u0161tos kokyb\u0117s cilindrinius filtrus, kurie u\u017etikrina efektyv\u0173 dulki\u0173 sulaikym\u0105 pramonin\u0117se sistemose. Pasirinkite patikimum\u0105 \u0161iandien!","breadcrumb":{"@id":"https:\/\/enviteka.lt\/produktas\/cilindriniai-kasetiniai-filtrai\/#breadcrumb"},"inLanguage":"en-US","potentialAction":[{"@type":"ReadAction","target":["https:\/\/enviteka.lt\/produktas\/cilindriniai-kasetiniai-filtrai\/"]}]},{"@type":"ImageObject","inLanguage":"en-US","@id":"https:\/\/enviteka.lt\/produktas\/cilindriniai-kasetiniai-filtrai\/#primaryimage","url":"https:\/\/enviteka.lt\/wp-content\/uploads\/2026\/02\/CILINDRINIS_FILTRAS_ENVITEKA.jpg","contentUrl":"https:\/\/enviteka.lt\/wp-content\/uploads\/2026\/02\/CILINDRINIS_FILTRAS_ENVITEKA.jpg","width":463,"height":550},{"@type":"BreadcrumbList","@id":"https:\/\/enviteka.lt\/produktas\/cilindriniai-kasetiniai-filtrai\/#breadcrumb","itemListElement":[{"@type":"ListItem","position":1,"name":"Home","item":"https:\/\/enviteka.lt\/"},{"@type":"ListItem","position":2,"name":"Produktai","item":"https:\/\/enviteka.lt\/produktai\/"},{"@type":"ListItem","position":3,"name":"Cilindriniai kasetiniai filtrai"}]},{"@type":"WebSite","@id":"https:\/\/enviteka.lt\/#website","url":"https:\/\/enviteka.lt\/","name":"ENVITEKA","description":"pramonin\u0117s \u012frangos tiek\u0117jas","publisher":{"@id":"https:\/\/enviteka.lt\/#organization"},"potentialAction":[{"@type":"SearchAction","target":{"@type":"EntryPoint","urlTemplate":"https:\/\/enviteka.lt\/?s={search_term_string}"},"query-input":{"@type":"PropertyValueSpecification","valueRequired":true,"valueName":"search_term_string"}}],"inLanguage":"en-US"},{"@type":"Organization","@id":"https:\/\/enviteka.lt\/#organization","name":"ENVITEKA","url":"https:\/\/enviteka.lt\/","logo":{"@type":"ImageObject","inLanguage":"en-US","@id":"https:\/\/enviteka.lt\/#\/schema\/logo\/image\/","url":"https:\/\/enviteka.lt\/wp-content\/uploads\/2024\/10\/enviteka-high-resolution-logo-transparent-e1742852093377.png","contentUrl":"https:\/\/enviteka.lt\/wp-content\/uploads\/2024\/10\/enviteka-high-resolution-logo-transparent-e1742852093377.png","width":424,"height":150,"caption":"ENVITEKA"},"image":{"@id":"https:\/\/enviteka.lt\/#\/schema\/logo\/image\/"}}]}},"_links":{"self":[{"href":"https:\/\/enviteka.lt\/en\/wp-json\/wp\/v2\/product\/2394","targetHints":{"allow":["GET"]}}],"collection":[{"href":"https:\/\/enviteka.lt\/en\/wp-json\/wp\/v2\/product"}],"about":[{"href":"https:\/\/enviteka.lt\/en\/wp-json\/wp\/v2\/types\/product"}],"wp:featuredmedia":[{"embeddable":true,"href":"https:\/\/enviteka.lt\/en\/wp-json\/wp\/v2\/media\/2396"}],"wp:attachment":[{"href":"https:\/\/enviteka.lt\/en\/wp-json\/wp\/v2\/media?parent=2394"}],"wp:term":[{"taxonomy":"product_brand","embeddable":true,"href":"https:\/\/enviteka.lt\/en\/wp-json\/wp\/v2\/product_brand?post=2394"},{"taxonomy":"product_cat","embeddable":true,"href":"https:\/\/enviteka.lt\/en\/wp-json\/wp\/v2\/product_cat?post=2394"},{"taxonomy":"product_tag","embeddable":true,"href":"https:\/\/enviteka.lt\/en\/wp-json\/wp\/v2\/product_tag?post=2394"}],"curies":[{"name":"wp","href":"https:\/\/api.w.org\/{rel}","templated":true}]}}